{"id":1280,"date":"2020-05-17T06:28:08","date_gmt":"2020-05-17T04:28:08","guid":{"rendered":"https:\/\/akademia-zdrowia.pl\/bydgoszcz\/?page_id=1280"},"modified":"2021-11-22T23:42:05","modified_gmt":"2021-11-22T22:42:05","slug":"podstawy-ksiegowosci","status":"publish","type":"page","link":"https:\/\/akademia-zdrowia.pl\/bydgoszcz\/podstawy-ksiegowosci\/","title":{"rendered":"Podstawy ksi\u0119gowo\u015bci"},"content":{"rendered":"\t\t<div data-elementor-type=\"wp-page\" data-elementor-id=\"1280\" class=\"elementor elementor-1280\" data-elementor-post-type=\"page\">\n\t\t\t\t\t\t<section class=\"elementor-section elementor-top-section elementor-element elementor-element-16b9b63 elementor-section-boxed elementor-section-height-default elementor-section-height-default\" data-id=\"16b9b63\" data-element_type=\"section\" data-e-type=\"section\">\n\t\t\t\t\t\t<div class=\"elementor-container elementor-column-gap-default\">\n\t\t\t\t\t<div class=\"elementor-column elementor-col-66 elementor-top-column elementor-element elementor-element-870122f\" data-id=\"870122f\" data-element_type=\"column\" data-e-type=\"column\">\n\t\t\t<div class=\"elementor-widget-wrap elementor-element-populated\">\n\t\t\t\t\t\t<div class=\"elementor-element elementor-element-4375cad6 elementor-widget elementor-widget-text-editor\" data-id=\"4375cad6\" data-element_type=\"widget\" data-e-type=\"widget\" data-widget_type=\"text-editor.default\">\n\t\t\t\t<div class=\"elementor-widget-container\">\n\t\t\t\t\t\t\t\t\t<h1><span style=\"font-size: 33px; color: #000000;\"><strong>Podstawy ksi\u0119gowo\u015bci&nbsp;<\/strong><\/span><\/h1>\n<p>PODSTAWY KSI\u0118GOWO\u015aCI &#8211; 30 h (tryb zaoczny &#8211; 2 weekendy lub popo\u0142udniowy &#8211; 8 spotka\u0144 w godz. 15:30-18:30):<\/p>\n<p><span style=\"font-size: 28px;\"><strong><span style=\"color: #000000;\">Program kursu:<\/span><\/strong><\/span><\/p>\n<ul>\n<li>Poj\u0119cia wst\u0119pne z zakresu ksi\u0119gowo\u015bci, definicje<\/li>\n<li>System podatkowy w Polsce<\/li>\n<li>Ordynacja podatkowa<\/li>\n<li>Vat ? og\u00f3lne zasady podatku<\/li>\n<li>Podatek dochodowy<\/li>\n<li>Charakterystyka pasyw\u00f3w i aktyw\u00f3w \/ BILANS<\/li>\n<li>Przychody i koszty<\/li>\n<li>Operacje gospodarcze<\/li>\n<li>Charakterystyka rachunkowo\u015bci i prawa bilansowego<\/li>\n<li>Rodzaje i przyk\u0142ady ksi\u0119gowa\u0144<\/li>\n<li>Analiza finansowa w firmie<\/li>\n<\/ul>\n<p>Po zako\u0144czeniu szkolenia Uczestnicy kursu otrzymaj\u0105 od nas:<\/p>\n<ul>\n<li>Certyfikat uko\u0144czenia kursu (w j. polskim oraz w j. angielskim )<\/li>\n<li>Za\u015bwiadczenie na druku MEN<\/li>\n<\/ul>\n<p><span style=\"color: #ff0000; font-size: 28px;\"><strong><a href=\"https:\/\/akademia2.grafpro.us\/lodz\/zapisz-sie-na-kurs\/\">ZAPISZ SI\u0118 NA KURS!<\/a><\/strong><\/span><\/p>\n<p><img fetchpriority=\"high\" decoding=\"async\" class=\"aligncenter size-full wp-image-1281\" src=\"https:\/\/akademia-zdrowia.pl\/bydgoszcz\/wp-content\/uploads\/2020\/05\/Projekt-bez-tytulu-8.png\" alt=\"\" width=\"800\" height=\"800\" srcset=\"https:\/\/akademia-zdrowia.pl\/bydgoszcz\/wp-content\/uploads\/2020\/05\/Projekt-bez-tytulu-8.png 800w, https:\/\/akademia-zdrowia.pl\/bydgoszcz\/wp-content\/uploads\/2020\/05\/Projekt-bez-tytulu-8-300x300.png 300w, https:\/\/akademia-zdrowia.pl\/bydgoszcz\/wp-content\/uploads\/2020\/05\/Projekt-bez-tytulu-8-150x150.png 150w, https:\/\/akademia-zdrowia.pl\/bydgoszcz\/wp-content\/uploads\/2020\/05\/Projekt-bez-tytulu-8-768x768.png 768w, https:\/\/akademia-zdrowia.pl\/bydgoszcz\/wp-content\/uploads\/2020\/05\/Projekt-bez-tytulu-8-500x500.png 500w, https:\/\/akademia-zdrowia.pl\/bydgoszcz\/wp-content\/uploads\/2020\/05\/Projekt-bez-tytulu-8-120x120.png 120w, https:\/\/akademia-zdrowia.pl\/bydgoszcz\/wp-content\/uploads\/2020\/05\/Projekt-bez-tytulu-8-220x220.png 220w, https:\/\/akademia-zdrowia.pl\/bydgoszcz\/wp-content\/uploads\/2020\/05\/Projekt-bez-tytulu-8-390x390.png 390w\" sizes=\"(max-width: 800px) 100vw, 800px\" \/><\/p>\t\t\t\t\t\t\t\t<\/div>\n\t\t\t\t<\/div>\n\t\t\t\t\t<\/div>\n\t\t<\/div>\n\t\t\t\t<div class=\"elementor-column elementor-col-33 elementor-top-column elementor-element elementor-element-6e193aa\" data-id=\"6e193aa\" data-element_type=\"column\" data-e-type=\"column\">\n\t\t\t<div class=\"elementor-widget-wrap elementor-element-populated\">\n\t\t\t\t\t\t<div class=\"elementor-element elementor-element-76afb14 elementor-widget elementor-widget-rs-image\" data-id=\"76afb14\" data-element_type=\"widget\" data-e-type=\"widget\" data-widget_type=\"rs-image.default\">\n\t\t\t\t<div class=\"elementor-widget-container\">\n\t\t\t\t\t\n        <div class=\"rs-image \">\n                            <img decoding=\"async\" class=\"rs-multi-image \" src=\"https:\/\/akademia-zdrowia.pl\/bydgoszcz\/wp-content\/uploads\/2021\/10\/bydgoszcz.png\" alt=\"image\"\/>\n                    <\/div>\n\n              \n    \t\t\t\t<\/div>\n\t\t\t\t<\/div>\n\t\t\t\t<div class=\"elementor-element elementor-element-ebec7fe elementor-widget elementor-widget-text-editor\" data-id=\"ebec7fe\" data-element_type=\"widget\" data-e-type=\"widget\" data-widget_type=\"text-editor.default\">\n\t\t\t\t<div class=\"elementor-widget-container\">\n\t\t\t\t\t\t\t\t\t<div><p style=\"text-align: center;\">ul. Powsta\u0144c\u00f3w Wielkopolskich 26 <br \/>(II pi\u0119tro)<br \/>85-090 Bydgoszcz<\/p><p><img decoding=\"async\" style=\"color: var( --e-global-color-text ); font-family: var( --e-global-typography-text-font-family ), Sans-serif; font-weight: var( --e-global-typography-text-font-weight );\" src=\"https:\/\/www.akademia-zdrowia.pl\/lodz\/wp-content\/themes\/akademia-podstrona\/img\/phone-ico_red.png\" alt=\"marker\" \/><span style=\"color: var( --e-global-color-text ); font-family: var( --e-global-typography-text-font-family ), Sans-serif; font-weight: var( --e-global-typography-text-font-weight );\">\u00a0\u00a0<\/span><span style=\"color: var( --e-global-color-text ); font-family: var( --e-global-typography-text-font-family ), Sans-serif; font-weight: var( --e-global-typography-text-font-weight );\">tel.\u00a0<\/span><a style=\"font-family: var( --e-global-typography-text-font-family ), Sans-serif; font-weight: var( --e-global-typography-text-font-weight ); background-color: #ffffff;\" href=\"tel:730 570 700\">730 570 700<\/a><br \/><span style=\"color: var( --e-global-color-text ); font-family: var( --e-global-typography-text-font-family ), Sans-serif; font-weight: var( --e-global-typography-text-font-weight );\">tel.\u00a0<\/span><a style=\"font-family: var( --e-global-typography-text-font-family ), Sans-serif; font-weight: var( --e-global-typography-text-font-weight ); background-color: #ffffff;\" href=\"tel:698 592 791\">698 592 791<\/a><br \/><span style=\"color: var( --e-global-color-text ); font-family: var( --e-global-typography-text-font-family ), Sans-serif; font-weight: var( --e-global-typography-text-font-weight );\">tel.\u00a0<\/span><a style=\"font-family: var( --e-global-typography-text-font-family ), Sans-serif; font-weight: var( --e-global-typography-text-font-weight ); background-color: #ffffff;\" href=\"tel:662 518 606\">662 518 606<\/a><\/p><\/div><div><p style=\"text-align: center;\">Sekretariat czynny od poniedzia\u0142ku do pi\u0105tku w godzinach 9.00-17.00<\/p><p style=\"text-align: center;\"><span style=\"color: #000080; font-family: var( --e-global-typography-text-font-family ), Sans-serif;\"><b>Zarezerwuj miejsce ju\u017c dzi\u015b!<\/b><\/span><\/p><\/div>\t\t\t\t\t\t\t\t<\/div>\n\t\t\t\t<\/div>\n\t\t\t\t<div class=\"elementor-element elementor-element-933e841 elementor-align-center elementor-widget elementor-widget-bdt-advanced-button\" data-id=\"933e841\" data-element_type=\"widget\" data-e-type=\"widget\" data-widget_type=\"bdt-advanced-button.default\">\n\t\t\t\t<div class=\"elementor-widget-container\">\n\t\t\t\t\t\t\t<div class=\"bdt-ep-button-wrapper\">\r\n\t\t\t<a href=\"\/bydgoszcz\/zapisz-sie\/\" class=\"bdt-ep-button bdt-ep-button-effect-a bdt-ep-button-size-sm\">\r\n\t\t\t\t\t\t<div class=\"bdt-ep-button-content-wrapper bdt-flex bdt-flex-middle bdt-flex-center  \" data-text=\"ZAPISZ SI\u0118\">\r\n\t\t\t\r\n\t\t\t<div class=\"bdt-ep-button-text\">\r\n\r\n                <span class=\"avdbtn-text\">ZAPISZ SI\u0118<\/span>\r\n\r\n\t\t\t\t            <\/div>\r\n\r\n\t\t\t\r\n\t\t<\/div>\r\n\t\t\t\t\t<\/a>\r\n\t\t<\/div>\r\n\t\t\t\t\t\t<\/div>\n\t\t\t\t<\/div>\n\t\t\t\t<div class=\"elementor-element elementor-element-1283f12 bdt-navbar-style-1 elementor-widget elementor-widget-bdt-scrollnav\" data-id=\"1283f12\" data-element_type=\"widget\" data-e-type=\"widget\" data-widget_type=\"bdt-scrollnav.default\">\n\t\t\t\t<div class=\"elementor-widget-container\">\n\t\t\t\t\t\t\t<div class=\"bdt-scrollnav bdt-navbar-container bdt-navbar-transparent bdt-navbar \" data-bdt-navbar=\"\">\r\n\t\t\t<div class=\"bdt-navbar-center\">\r\n\t\t\t\t<ul class=\"bdt-nav bdt-nav-default\" data-bdt-scrollspy-nav=\"closest: li; scroll: true; offset: 0;\">\r\n\t\t\t\t\t\t\t\t<li>\r\n\t\t\t\t<a data-tippy-content=\"\" href=\"\/bydgoszcz\/podstawy-ksiegowosci\/\">\r\n\t\t\t\t\tPodstawy ksi\u0119gowo\u015bci\t\t\t\t\t\t\t\t\t<\/a>\r\n\t\t\t<\/li>\r\n\t\t\t\t\t\t<li>\r\n\t\t\t\t<a data-tippy-content=\"\" href=\"\/bydgoszcz\/rejestratorka-medyczna\/\">\r\n\t\t\t\t\tRejestratorka medyczna\t\t\t\t\t\t\t\t\t<\/a>\r\n\t\t\t<\/li>\r\n\t\t\t\t\t\t<li>\r\n\t\t\t\t<a data-tippy-content=\"\" href=\"\/bydgoszcz\/podstawy-kadr-i-plac\/\">\r\n\t\t\t\t\tPodstawy kadr i p\u0142ac\t\t\t\t\t\t\t\t\t<\/a>\r\n\t\t\t<\/li>\r\n\t\t\t\t\t\t\t<\/ul>\r\n\t\t\t<\/div>\r\n\t\t<\/div>\r\n\t    \t\t\t\t<\/div>\n\t\t\t\t<\/div>\n\t\t\t\t\t<\/div>\n\t\t<\/div>\n\t\t\t\t\t<\/div>\n\t\t<\/section>\n\t\t\t\t<\/div>\n\t\t","protected":false},"excerpt":{"rendered":"<p>Podstawy ksi\u0119gowo\u015bci&nbsp; PODSTAWY KSI\u0118GOWO\u015aCI &#8211; 30 h (tryb zaoczny &#8211; 2 weekendy lub popo\u0142udniowy &#8211; 8 spotka\u0144 w godz. 15:30-18:30): Program kursu: Poj\u0119cia wst\u0119pne z zakresu ksi\u0119gowo\u015bci, definicje System podatkowy w Polsce Ordynacja podatkowa Vat ? og\u00f3lne zasady podatku Podatek dochodowy Charakterystyka pasyw\u00f3w i aktyw\u00f3w \/ BILANS Przychody i koszty Operacje gospodarcze Charakterystyka rachunkowo\u015bci i&#8230;<\/p>\n","protected":false},"author":1,"featured_media":0,"parent":0,"menu_order":0,"comment_status":"closed","ping_status":"closed","template":"","meta":{"footnotes":""},"class_list":["post-1280","page","type-page","status-publish","hentry"],"yoast_head":"<!-- This site is optimized with the Yoast SEO plugin v26.9 - https:\/\/yoast.com\/product\/yoast-seo-wordpress\/ -->\n<title>Podstawy ksi\u0119gowo\u015bci - Akademia Zdrowia Bydgoszcz<\/title>\n<meta name=\"robots\" content=\"index, follow, max-snippet:-1, max-image-preview:large, max-video-preview:-1\" \/>\n<link rel=\"canonical\" href=\"https:\/\/akademia-zdrowia.pl\/bydgoszcz\/podstawy-ksiegowosci\/\" \/>\n<meta property=\"og:locale\" content=\"pl_PL\" \/>\n<meta property=\"og:type\" content=\"article\" \/>\n<meta property=\"og:title\" content=\"Podstawy ksi\u0119gowo\u015bci - Akademia Zdrowia Bydgoszcz\" \/>\n<meta property=\"og:description\" content=\"Podstawy ksi\u0119gowo\u015bci&nbsp; PODSTAWY KSI\u0118GOWO\u015aCI &#8211; 30 h (tryb zaoczny &#8211; 2 weekendy lub popo\u0142udniowy &#8211; 8 spotka\u0144 w godz. 15:30-18:30): Program kursu: Poj\u0119cia wst\u0119pne z zakresu ksi\u0119gowo\u015bci, definicje System podatkowy w Polsce Ordynacja podatkowa Vat ? og\u00f3lne zasady podatku Podatek dochodowy Charakterystyka pasyw\u00f3w i aktyw\u00f3w \/ BILANS Przychody i koszty Operacje gospodarcze Charakterystyka rachunkowo\u015bci i...\" \/>\n<meta property=\"og:url\" content=\"https:\/\/akademia-zdrowia.pl\/bydgoszcz\/podstawy-ksiegowosci\/\" \/>\n<meta property=\"og:site_name\" content=\"Akademia Zdrowia Bydgoszcz\" \/>\n<meta property=\"article:modified_time\" content=\"2021-11-22T22:42:05+00:00\" \/>\n<meta property=\"og:image\" content=\"https:\/\/akademia-zdrowia.pl\/bydgoszcz\/wp-content\/uploads\/2020\/05\/Projekt-bez-tytulu-8.png\" \/>\n<meta name=\"twitter:card\" content=\"summary_large_image\" \/>\n<meta name=\"twitter:label1\" content=\"Szacowany czas czytania\" \/>\n\t<meta name=\"twitter:data1\" content=\"1 minuta\" \/>\n<script type=\"application\/ld+json\" class=\"yoast-schema-graph\">{\"@context\":\"https:\/\/schema.org\",\"@graph\":[{\"@type\":\"WebPage\",\"@id\":\"https:\/\/akademia-zdrowia.pl\/bydgoszcz\/podstawy-ksiegowosci\/\",\"url\":\"https:\/\/akademia-zdrowia.pl\/bydgoszcz\/podstawy-ksiegowosci\/\",\"name\":\"Podstawy ksi\u0119gowo\u015bci - Akademia Zdrowia Bydgoszcz\",\"isPartOf\":{\"@id\":\"https:\/\/akademia-zdrowia.pl\/bydgoszcz\/#website\"},\"primaryImageOfPage\":{\"@id\":\"https:\/\/akademia-zdrowia.pl\/bydgoszcz\/podstawy-ksiegowosci\/#primaryimage\"},\"image\":{\"@id\":\"https:\/\/akademia-zdrowia.pl\/bydgoszcz\/podstawy-ksiegowosci\/#primaryimage\"},\"thumbnailUrl\":\"https:\/\/akademia-zdrowia.pl\/bydgoszcz\/wp-content\/uploads\/2020\/05\/Projekt-bez-tytulu-8.png\",\"datePublished\":\"2020-05-17T04:28:08+00:00\",\"dateModified\":\"2021-11-22T22:42:05+00:00\",\"breadcrumb\":{\"@id\":\"https:\/\/akademia-zdrowia.pl\/bydgoszcz\/podstawy-ksiegowosci\/#breadcrumb\"},\"inLanguage\":\"pl-PL\",\"potentialAction\":[{\"@type\":\"ReadAction\",\"target\":[\"https:\/\/akademia-zdrowia.pl\/bydgoszcz\/podstawy-ksiegowosci\/\"]}]},{\"@type\":\"ImageObject\",\"inLanguage\":\"pl-PL\",\"@id\":\"https:\/\/akademia-zdrowia.pl\/bydgoszcz\/podstawy-ksiegowosci\/#primaryimage\",\"url\":\"https:\/\/akademia-zdrowia.pl\/bydgoszcz\/wp-content\/uploads\/2020\/05\/Projekt-bez-tytulu-8.png\",\"contentUrl\":\"https:\/\/akademia-zdrowia.pl\/bydgoszcz\/wp-content\/uploads\/2020\/05\/Projekt-bez-tytulu-8.png\",\"width\":800,\"height\":800},{\"@type\":\"BreadcrumbList\",\"@id\":\"https:\/\/akademia-zdrowia.pl\/bydgoszcz\/podstawy-ksiegowosci\/#breadcrumb\",\"itemListElement\":[{\"@type\":\"ListItem\",\"position\":1,\"name\":\"Strona g\u0142\u00f3wna\",\"item\":\"https:\/\/akademia-zdrowia.pl\/bydgoszcz\/\"},{\"@type\":\"ListItem\",\"position\":2,\"name\":\"Podstawy ksi\u0119gowo\u015bci\"}]},{\"@type\":\"WebSite\",\"@id\":\"https:\/\/akademia-zdrowia.pl\/bydgoszcz\/#website\",\"url\":\"https:\/\/akademia-zdrowia.pl\/bydgoszcz\/\",\"name\":\"Akademia Zdrowia Bydgoszcz\",\"description\":\"Kolejna witryna oparta na WordPressie\",\"potentialAction\":[{\"@type\":\"SearchAction\",\"target\":{\"@type\":\"EntryPoint\",\"urlTemplate\":\"https:\/\/akademia-zdrowia.pl\/bydgoszcz\/?s={search_term_string}\"},\"query-input\":{\"@type\":\"PropertyValueSpecification\",\"valueRequired\":true,\"valueName\":\"search_term_string\"}}],\"inLanguage\":\"pl-PL\"}]}<\/script>\n<!-- \/ Yoast SEO plugin. -->","yoast_head_json":{"title":"Podstawy ksi\u0119gowo\u015bci - Akademia Zdrowia Bydgoszcz","robots":{"index":"index","follow":"follow","max-snippet":"max-snippet:-1","max-image-preview":"max-image-preview:large","max-video-preview":"max-video-preview:-1"},"canonical":"https:\/\/akademia-zdrowia.pl\/bydgoszcz\/podstawy-ksiegowosci\/","og_locale":"pl_PL","og_type":"article","og_title":"Podstawy ksi\u0119gowo\u015bci - Akademia Zdrowia Bydgoszcz","og_description":"Podstawy ksi\u0119gowo\u015bci&nbsp; PODSTAWY KSI\u0118GOWO\u015aCI &#8211; 30 h (tryb zaoczny &#8211; 2 weekendy lub popo\u0142udniowy &#8211; 8 spotka\u0144 w godz. 15:30-18:30): Program kursu: Poj\u0119cia wst\u0119pne z zakresu ksi\u0119gowo\u015bci, definicje System podatkowy w Polsce Ordynacja podatkowa Vat ? og\u00f3lne zasady podatku Podatek dochodowy Charakterystyka pasyw\u00f3w i aktyw\u00f3w \/ BILANS Przychody i koszty Operacje gospodarcze Charakterystyka rachunkowo\u015bci i...","og_url":"https:\/\/akademia-zdrowia.pl\/bydgoszcz\/podstawy-ksiegowosci\/","og_site_name":"Akademia Zdrowia Bydgoszcz","article_modified_time":"2021-11-22T22:42:05+00:00","og_image":[{"url":"https:\/\/akademia-zdrowia.pl\/bydgoszcz\/wp-content\/uploads\/2020\/05\/Projekt-bez-tytulu-8.png","type":"","width":"","height":""}],"twitter_card":"summary_large_image","twitter_misc":{"Szacowany czas czytania":"1 minuta"},"schema":{"@context":"https:\/\/schema.org","@graph":[{"@type":"WebPage","@id":"https:\/\/akademia-zdrowia.pl\/bydgoszcz\/podstawy-ksiegowosci\/","url":"https:\/\/akademia-zdrowia.pl\/bydgoszcz\/podstawy-ksiegowosci\/","name":"Podstawy ksi\u0119gowo\u015bci - Akademia Zdrowia Bydgoszcz","isPartOf":{"@id":"https:\/\/akademia-zdrowia.pl\/bydgoszcz\/#website"},"primaryImageOfPage":{"@id":"https:\/\/akademia-zdrowia.pl\/bydgoszcz\/podstawy-ksiegowosci\/#primaryimage"},"image":{"@id":"https:\/\/akademia-zdrowia.pl\/bydgoszcz\/podstawy-ksiegowosci\/#primaryimage"},"thumbnailUrl":"https:\/\/akademia-zdrowia.pl\/bydgoszcz\/wp-content\/uploads\/2020\/05\/Projekt-bez-tytulu-8.png","datePublished":"2020-05-17T04:28:08+00:00","dateModified":"2021-11-22T22:42:05+00:00","breadcrumb":{"@id":"https:\/\/akademia-zdrowia.pl\/bydgoszcz\/podstawy-ksiegowosci\/#breadcrumb"},"inLanguage":"pl-PL","potentialAction":[{"@type":"ReadAction","target":["https:\/\/akademia-zdrowia.pl\/bydgoszcz\/podstawy-ksiegowosci\/"]}]},{"@type":"ImageObject","inLanguage":"pl-PL","@id":"https:\/\/akademia-zdrowia.pl\/bydgoszcz\/podstawy-ksiegowosci\/#primaryimage","url":"https:\/\/akademia-zdrowia.pl\/bydgoszcz\/wp-content\/uploads\/2020\/05\/Projekt-bez-tytulu-8.png","contentUrl":"https:\/\/akademia-zdrowia.pl\/bydgoszcz\/wp-content\/uploads\/2020\/05\/Projekt-bez-tytulu-8.png","width":800,"height":800},{"@type":"BreadcrumbList","@id":"https:\/\/akademia-zdrowia.pl\/bydgoszcz\/podstawy-ksiegowosci\/#breadcrumb","itemListElement":[{"@type":"ListItem","position":1,"name":"Strona g\u0142\u00f3wna","item":"https:\/\/akademia-zdrowia.pl\/bydgoszcz\/"},{"@type":"ListItem","position":2,"name":"Podstawy ksi\u0119gowo\u015bci"}]},{"@type":"WebSite","@id":"https:\/\/akademia-zdrowia.pl\/bydgoszcz\/#website","url":"https:\/\/akademia-zdrowia.pl\/bydgoszcz\/","name":"Akademia Zdrowia Bydgoszcz","description":"Kolejna witryna oparta na WordPressie","potentialAction":[{"@type":"SearchAction","target":{"@type":"EntryPoint","urlTemplate":"https:\/\/akademia-zdrowia.pl\/bydgoszcz\/?s={search_term_string}"},"query-input":{"@type":"PropertyValueSpecification","valueRequired":true,"valueName":"search_term_string"}}],"inLanguage":"pl-PL"}]}},"_links":{"self":[{"href":"https:\/\/akademia-zdrowia.pl\/bydgoszcz\/wp-json\/wp\/v2\/pages\/1280","targetHints":{"allow":["GET"]}}],"collection":[{"href":"https:\/\/akademia-zdrowia.pl\/bydgoszcz\/wp-json\/wp\/v2\/pages"}],"about":[{"href":"https:\/\/akademia-zdrowia.pl\/bydgoszcz\/wp-json\/wp\/v2\/types\/page"}],"author":[{"embeddable":true,"href":"https:\/\/akademia-zdrowia.pl\/bydgoszcz\/wp-json\/wp\/v2\/users\/1"}],"replies":[{"embeddable":true,"href":"https:\/\/akademia-zdrowia.pl\/bydgoszcz\/wp-json\/wp\/v2\/comments?post=1280"}],"version-history":[{"count":12,"href":"https:\/\/akademia-zdrowia.pl\/bydgoszcz\/wp-json\/wp\/v2\/pages\/1280\/revisions"}],"predecessor-version":[{"id":1809,"href":"https:\/\/akademia-zdrowia.pl\/bydgoszcz\/wp-json\/wp\/v2\/pages\/1280\/revisions\/1809"}],"wp:attachment":[{"href":"https:\/\/akademia-zdrowia.pl\/bydgoszcz\/wp-json\/wp\/v2\/media?parent=1280"}],"curies":[{"name":"wp","href":"https:\/\/api.w.org\/{rel}","templated":true}]}}