{"id":2502,"date":"2022-06-20T15:00:57","date_gmt":"2022-06-20T13:00:57","guid":{"rendered":"https:\/\/akademia-zdrowia.pl\/bydgoszcz\/?page_id=2502"},"modified":"2022-06-20T15:02:20","modified_gmt":"2022-06-20T13:02:20","slug":"masaz-kobido","status":"publish","type":"page","link":"https:\/\/akademia-zdrowia.pl\/bydgoszcz\/oferta-szkoleniowa\/kursy-i-szkolenia\/kursy-masazu\/masaz-kobido\/","title":{"rendered":"Masa\u017c Kobido"},"content":{"rendered":"\t\t<div data-elementor-type=\"wp-page\" data-elementor-id=\"2502\" class=\"elementor elementor-2502\" data-elementor-post-type=\"page\">\n\t\t\t\t\t\t<section class=\"elementor-section elementor-top-section elementor-element elementor-element-dc35317 elementor-section-boxed elementor-section-height-default elementor-section-height-default\" data-id=\"dc35317\" data-element_type=\"section\" data-e-type=\"section\">\n\t\t\t\t\t\t<div class=\"elementor-container elementor-column-gap-default\">\n\t\t\t\t\t<div class=\"elementor-column elementor-col-100 elementor-top-column elementor-element elementor-element-37434c2\" data-id=\"37434c2\" data-element_type=\"column\" data-e-type=\"column\">\n\t\t\t<div class=\"elementor-widget-wrap elementor-element-populated\">\n\t\t\t\t\t\t<div class=\"elementor-element elementor-element-baf7f59 elementor-widget elementor-widget-heading\" data-id=\"baf7f59\" data-element_type=\"widget\" data-e-type=\"widget\" data-widget_type=\"heading.default\">\n\t\t\t\t<div class=\"elementor-widget-container\">\n\t\t\t\t\t<h2 class=\"elementor-heading-title elementor-size-default\">MASA\u017b KOBIDO<\/h2>\t\t\t\t<\/div>\n\t\t\t\t<\/div>\n\t\t\t\t<div class=\"elementor-element elementor-element-9585e2f elementor-widget elementor-widget-text-editor\" data-id=\"9585e2f\" data-element_type=\"widget\" data-e-type=\"widget\" data-widget_type=\"text-editor.default\">\n\t\t\t\t<div class=\"elementor-widget-container\">\n\t\t\t\t\t\t\t\t\t<p>\u00a0<\/p><p class=\"v1MsoNormal\">Kurs obejmuje 16 godzin.<br \/>Po kr\u00f3tkim wst\u0119pie teoretycznym przechodzimy od razu do praktyki !!!<\/p><p class=\"v1MsoNormal\"><strong>ZAKRES SZKOLENIA:<\/strong><\/p><p class=\"v1MsoNormal\">\u201eKO-BI-DO\u201d w t\u0142umaczeniu oznacza \u201eDroga do Naturalnego Pi\u0119kna. Ta procedura zabiegowa bazuje na tradycji medycyny chi\u0144skiej, znanej jako \u201eamma\u201d (dos\u0142. \u201enaciskanie\/pocieranie), a jej korzenie si\u0119gaj\u0105 pi\u0119tnastego stulecia<\/p><p class=\"v1MsoNormal\">Okre\u015blenie \u201eniechirurgiczny lifting twarzy\u201d nie jest przypadkowe. \u00d3w zabieg z racji swojej z\u0142o\u017cono\u015bci i intensywno\u015bci dzia\u0142a zar\u00f3wno powierzchniowo jak i w g\u0142\u0119bokich warstwach sk\u00f3ry twarzy, mi\u0119\u015bni i powi\u0119zi.<\/p><p class=\"v1MsoNormal\">Dzi\u0119ki tak stymuluj\u0105cym technikom \u2013 sk\u00f3ra staje si\u0119 mocniejsza. Dzia\u0142amy na niej do\u015b\u0107 g\u0142\u0119boko, dzi\u0119ki czemu oczyszcza si\u0119 z toksyn przez popraw\u0119 pracy uk\u0142adu limfatycznego i krwiono\u015bnego \u2013 staje si\u0119 lepiej dotleniona. W trakcie masa\u017cu pobudza si\u0119 r\u00f3wnie\u017c prac\u0119 nerw\u00f3w i napi\u0119cie mi\u0119\u015bni. Efektem zatem \u2013 jest naturalny lifting<\/p><p class=\"v1MsoNormal\">Ta zaawansowana metoda masa\u017cu obejmuje z\u0142o\u017cone techniki manualne \u2013 to wszak kombinacja wielu tradycyjnych metod i technik chwyt\u00f3w masa\u017cu, a ich wsp\u00f3lnymi cechami s\u0105 precyzja, si\u0142a i szybko\u015b\u0107. Zabieg nie jest bolesny, ale wywo\u0142uje odczucia na granicy bolesno\u015bci i dopiero w\u00f3wczas mo\u017cemy m\u00f3wi\u0107 o prawid\u0142owym jego wykonaniu<\/p><p class=\"v1MsoNormal\">Celem tego zabiegu jest lifting, poprawa kondycji przede wszystkim struktur podsk\u00f3rnych, sk\u00f3ry oraz praca na punktach akupresurowych. W za\u0142o\u017ceniu ma to doprowadzi\u0107 do r\u00f3wnowagi w sk\u00f3rze oraz mi\u0119\u015bniach twarzy.<\/p><p class=\"v1MsoNormal\">To wieloetapowy zabieg \u2013 rozpoczyna si\u0119 od demakija\u017cu, za\u015b kolejne kroki to relaksuj\u0105cy, g\u0142\u0119boki masa\u017c; drena\u017c limfatyczny; faza liftinguj\u0105ca oraz modeluj\u0105ca po kt\u00f3rej przechodzimy do masa\u017cu kulami solnymi i akupresury. Fina\u0142em za\u015b jest oklejenie twarzy pacjenta ta\u015bmami do plastrowania dynamicznego.<\/p><p class=\"v1MsoNormal\"><strong>Korzy\u015bci z Kobido<\/strong><\/p><p class=\"v1MsoNormal\">Regularne wykonywanie tego zabiegu mo\u017ce prowadzi\u0107 do:<\/p><ul><li class=\"v1MsoNormal\">zniwelowania napi\u0119\u0107 mi\u0119\u015bniowych, kt\u00f3re w du\u017cej mierze odpowiada za tworzenie si\u0119 zmarszczek mimicznych<\/li><li class=\"v1MsoNormal\">zmniejszenia oznak starzenia si\u0119 sk\u00f3ry<\/li><li class=\"v1MsoNormal\">uzyskania \u201ezrelaksowanego\u201d wygl\u0105du dzi\u0119ki pracy na strukturach g\u0142\u0119bokich.<\/li><li class=\"v1MsoNormal\">pobudzenia metabolizmu kom\u00f3rkowego<\/li><li class=\"v1MsoNormal\">oczyszczenia sk\u00f3ry z toksyn<\/li><li class=\"v1MsoNormal\">pobudzenia sk\u00f3ry do produkcji min. kolagenu i elastyny<\/li><li class=\"v1MsoNormal\">uzyskania efektu liftingu twarzy<\/li><li class=\"v1MsoNormal\">poprawienia si\u0119 kontur\u00f3w twarzy<\/li><\/ul><p class=\"v1MsoNormal\"><strong>Wskazania do zabiegu:<\/strong><\/p><p class=\"v1MsoNormal\">Procedura kierowana jest do os\u00f3b chc\u0105cych zachowa\u0107 m\u0142ody wygl\u0105d, jednocze\u015bnie nie b\u0119d\u0105cych przekonanymi do innych, bardziej inwazyjnych metod z zakresu medycyny estetycznej (toksyna botulinowa, wype\u0142niacze, nici liftinguj\u0105ce np. PDO).<\/p><p class=\"v1MsoNormal\"><strong>Bezpo\u015brednimi wskazaniami do wykonania serii zabieg\u00f3w Kobido s\u0105 min.:<\/strong><\/p><ul><li class=\"v1MsoNormal\">wiotka, pomarszczona sk\u00f3ra w obr\u0119bie twarzy, dekoltu, szyi i ramion<\/li><li class=\"v1MsoNormal\">napi\u0119cia mi\u0119\u015bniowe w obr\u0119bie g\u0142owy, ramion, karku, dekoltu<\/li><li class=\"v1MsoNormal\">bruksizm i szcz\u0119ko\u015bcisk<\/li><\/ul>\t\t\t\t\t\t\t\t<\/div>\n\t\t\t\t<\/div>\n\t\t\t\t\t<\/div>\n\t\t<\/div>\n\t\t\t\t\t<\/div>\n\t\t<\/section>\n\t\t\t\t<\/div>\n\t\t","protected":false},"excerpt":{"rendered":"<p>MASA\u017b KOBIDO \u00a0 Kurs obejmuje 16 godzin.Po kr\u00f3tkim wst\u0119pie teoretycznym przechodzimy od razu do praktyki !!! ZAKRES SZKOLENIA: \u201eKO-BI-DO\u201d w t\u0142umaczeniu oznacza \u201eDroga do Naturalnego Pi\u0119kna. Ta procedura zabiegowa bazuje na tradycji medycyny chi\u0144skiej, znanej jako \u201eamma\u201d (dos\u0142. \u201enaciskanie\/pocieranie), a jej korzenie si\u0119gaj\u0105 pi\u0119tnastego stulecia Okre\u015blenie \u201eniechirurgiczny lifting twarzy\u201d nie jest przypadkowe. \u00d3w zabieg z&#8230;<\/p>\n","protected":false},"author":4,"featured_media":0,"parent":330,"menu_order":0,"comment_status":"closed","ping_status":"closed","template":"","meta":{"footnotes":""},"class_list":["post-2502","page","type-page","status-publish","hentry"],"yoast_head":"<!-- This site is optimized with the Yoast SEO plugin v26.9 - https:\/\/yoast.com\/product\/yoast-seo-wordpress\/ -->\n<title>Masa\u017c Kobido - Akademia Zdrowia Bydgoszcz<\/title>\n<meta name=\"robots\" content=\"index, follow, max-snippet:-1, max-image-preview:large, max-video-preview:-1\" \/>\n<link rel=\"canonical\" href=\"https:\/\/akademia-zdrowia.pl\/bydgoszcz\/oferta-szkoleniowa\/kursy-i-szkolenia\/kursy-masazu\/masaz-kobido\/\" \/>\n<meta property=\"og:locale\" content=\"pl_PL\" \/>\n<meta property=\"og:type\" content=\"article\" \/>\n<meta property=\"og:title\" content=\"Masa\u017c Kobido - Akademia Zdrowia Bydgoszcz\" \/>\n<meta property=\"og:description\" content=\"MASA\u017b KOBIDO \u00a0 Kurs obejmuje 16 godzin.Po kr\u00f3tkim wst\u0119pie teoretycznym przechodzimy od razu do praktyki !!! ZAKRES SZKOLENIA: \u201eKO-BI-DO\u201d w t\u0142umaczeniu oznacza \u201eDroga do Naturalnego Pi\u0119kna. Ta procedura zabiegowa bazuje na tradycji medycyny chi\u0144skiej, znanej jako \u201eamma\u201d (dos\u0142. \u201enaciskanie\/pocieranie), a jej korzenie si\u0119gaj\u0105 pi\u0119tnastego stulecia Okre\u015blenie \u201eniechirurgiczny lifting twarzy\u201d nie jest przypadkowe. \u00d3w zabieg z...\" \/>\n<meta property=\"og:url\" content=\"https:\/\/akademia-zdrowia.pl\/bydgoszcz\/oferta-szkoleniowa\/kursy-i-szkolenia\/kursy-masazu\/masaz-kobido\/\" \/>\n<meta property=\"og:site_name\" content=\"Akademia Zdrowia Bydgoszcz\" \/>\n<meta property=\"article:modified_time\" content=\"2022-06-20T13:02:20+00:00\" \/>\n<meta name=\"twitter:card\" content=\"summary_large_image\" \/>\n<meta name=\"twitter:label1\" content=\"Szacowany czas czytania\" \/>\n\t<meta name=\"twitter:data1\" content=\"2 minuty\" \/>\n<script type=\"application\/ld+json\" class=\"yoast-schema-graph\">{\"@context\":\"https:\/\/schema.org\",\"@graph\":[{\"@type\":\"WebPage\",\"@id\":\"https:\/\/akademia-zdrowia.pl\/bydgoszcz\/oferta-szkoleniowa\/kursy-i-szkolenia\/kursy-masazu\/masaz-kobido\/\",\"url\":\"https:\/\/akademia-zdrowia.pl\/bydgoszcz\/oferta-szkoleniowa\/kursy-i-szkolenia\/kursy-masazu\/masaz-kobido\/\",\"name\":\"Masa\u017c Kobido - Akademia Zdrowia Bydgoszcz\",\"isPartOf\":{\"@id\":\"https:\/\/akademia-zdrowia.pl\/bydgoszcz\/#website\"},\"datePublished\":\"2022-06-20T13:00:57+00:00\",\"dateModified\":\"2022-06-20T13:02:20+00:00\",\"breadcrumb\":{\"@id\":\"https:\/\/akademia-zdrowia.pl\/bydgoszcz\/oferta-szkoleniowa\/kursy-i-szkolenia\/kursy-masazu\/masaz-kobido\/#breadcrumb\"},\"inLanguage\":\"pl-PL\",\"potentialAction\":[{\"@type\":\"ReadAction\",\"target\":[\"https:\/\/akademia-zdrowia.pl\/bydgoszcz\/oferta-szkoleniowa\/kursy-i-szkolenia\/kursy-masazu\/masaz-kobido\/\"]}]},{\"@type\":\"BreadcrumbList\",\"@id\":\"https:\/\/akademia-zdrowia.pl\/bydgoszcz\/oferta-szkoleniowa\/kursy-i-szkolenia\/kursy-masazu\/masaz-kobido\/#breadcrumb\",\"itemListElement\":[{\"@type\":\"ListItem\",\"position\":1,\"name\":\"Strona g\u0142\u00f3wna\",\"item\":\"https:\/\/akademia-zdrowia.pl\/bydgoszcz\/\"},{\"@type\":\"ListItem\",\"position\":2,\"name\":\"Oferta szkoleniowa\",\"item\":\"https:\/\/akademia-zdrowia.pl\/bydgoszcz\/oferta-szkoleniowa\/\"},{\"@type\":\"ListItem\",\"position\":3,\"name\":\"Kursy i szkolenia\",\"item\":\"https:\/\/akademia-zdrowia.pl\/bydgoszcz\/oferta-szkoleniowa\/kursy-i-szkolenia\/\"},{\"@type\":\"ListItem\",\"position\":4,\"name\":\"Kursy masa\u017cu\",\"item\":\"https:\/\/akademia-zdrowia.pl\/bydgoszcz\/oferta-szkoleniowa\/kursy-i-szkolenia\/kursy-masazu\/\"},{\"@type\":\"ListItem\",\"position\":5,\"name\":\"Masa\u017c Kobido\"}]},{\"@type\":\"WebSite\",\"@id\":\"https:\/\/akademia-zdrowia.pl\/bydgoszcz\/#website\",\"url\":\"https:\/\/akademia-zdrowia.pl\/bydgoszcz\/\",\"name\":\"Akademia Zdrowia Bydgoszcz\",\"description\":\"Kolejna witryna oparta na WordPressie\",\"potentialAction\":[{\"@type\":\"SearchAction\",\"target\":{\"@type\":\"EntryPoint\",\"urlTemplate\":\"https:\/\/akademia-zdrowia.pl\/bydgoszcz\/?s={search_term_string}\"},\"query-input\":{\"@type\":\"PropertyValueSpecification\",\"valueRequired\":true,\"valueName\":\"search_term_string\"}}],\"inLanguage\":\"pl-PL\"}]}<\/script>\n<!-- \/ Yoast SEO plugin. -->","yoast_head_json":{"title":"Masa\u017c Kobido - Akademia Zdrowia Bydgoszcz","robots":{"index":"index","follow":"follow","max-snippet":"max-snippet:-1","max-image-preview":"max-image-preview:large","max-video-preview":"max-video-preview:-1"},"canonical":"https:\/\/akademia-zdrowia.pl\/bydgoszcz\/oferta-szkoleniowa\/kursy-i-szkolenia\/kursy-masazu\/masaz-kobido\/","og_locale":"pl_PL","og_type":"article","og_title":"Masa\u017c Kobido - Akademia Zdrowia Bydgoszcz","og_description":"MASA\u017b KOBIDO \u00a0 Kurs obejmuje 16 godzin.Po kr\u00f3tkim wst\u0119pie teoretycznym przechodzimy od razu do praktyki !!! ZAKRES SZKOLENIA: \u201eKO-BI-DO\u201d w t\u0142umaczeniu oznacza \u201eDroga do Naturalnego Pi\u0119kna. Ta procedura zabiegowa bazuje na tradycji medycyny chi\u0144skiej, znanej jako \u201eamma\u201d (dos\u0142. \u201enaciskanie\/pocieranie), a jej korzenie si\u0119gaj\u0105 pi\u0119tnastego stulecia Okre\u015blenie \u201eniechirurgiczny lifting twarzy\u201d nie jest przypadkowe. \u00d3w zabieg z...","og_url":"https:\/\/akademia-zdrowia.pl\/bydgoszcz\/oferta-szkoleniowa\/kursy-i-szkolenia\/kursy-masazu\/masaz-kobido\/","og_site_name":"Akademia Zdrowia Bydgoszcz","article_modified_time":"2022-06-20T13:02:20+00:00","twitter_card":"summary_large_image","twitter_misc":{"Szacowany czas czytania":"2 minuty"},"schema":{"@context":"https:\/\/schema.org","@graph":[{"@type":"WebPage","@id":"https:\/\/akademia-zdrowia.pl\/bydgoszcz\/oferta-szkoleniowa\/kursy-i-szkolenia\/kursy-masazu\/masaz-kobido\/","url":"https:\/\/akademia-zdrowia.pl\/bydgoszcz\/oferta-szkoleniowa\/kursy-i-szkolenia\/kursy-masazu\/masaz-kobido\/","name":"Masa\u017c Kobido - Akademia Zdrowia Bydgoszcz","isPartOf":{"@id":"https:\/\/akademia-zdrowia.pl\/bydgoszcz\/#website"},"datePublished":"2022-06-20T13:00:57+00:00","dateModified":"2022-06-20T13:02:20+00:00","breadcrumb":{"@id":"https:\/\/akademia-zdrowia.pl\/bydgoszcz\/oferta-szkoleniowa\/kursy-i-szkolenia\/kursy-masazu\/masaz-kobido\/#breadcrumb"},"inLanguage":"pl-PL","potentialAction":[{"@type":"ReadAction","target":["https:\/\/akademia-zdrowia.pl\/bydgoszcz\/oferta-szkoleniowa\/kursy-i-szkolenia\/kursy-masazu\/masaz-kobido\/"]}]},{"@type":"BreadcrumbList","@id":"https:\/\/akademia-zdrowia.pl\/bydgoszcz\/oferta-szkoleniowa\/kursy-i-szkolenia\/kursy-masazu\/masaz-kobido\/#breadcrumb","itemListElement":[{"@type":"ListItem","position":1,"name":"Strona g\u0142\u00f3wna","item":"https:\/\/akademia-zdrowia.pl\/bydgoszcz\/"},{"@type":"ListItem","position":2,"name":"Oferta szkoleniowa","item":"https:\/\/akademia-zdrowia.pl\/bydgoszcz\/oferta-szkoleniowa\/"},{"@type":"ListItem","position":3,"name":"Kursy i szkolenia","item":"https:\/\/akademia-zdrowia.pl\/bydgoszcz\/oferta-szkoleniowa\/kursy-i-szkolenia\/"},{"@type":"ListItem","position":4,"name":"Kursy masa\u017cu","item":"https:\/\/akademia-zdrowia.pl\/bydgoszcz\/oferta-szkoleniowa\/kursy-i-szkolenia\/kursy-masazu\/"},{"@type":"ListItem","position":5,"name":"Masa\u017c Kobido"}]},{"@type":"WebSite","@id":"https:\/\/akademia-zdrowia.pl\/bydgoszcz\/#website","url":"https:\/\/akademia-zdrowia.pl\/bydgoszcz\/","name":"Akademia Zdrowia Bydgoszcz","description":"Kolejna witryna oparta na WordPressie","potentialAction":[{"@type":"SearchAction","target":{"@type":"EntryPoint","urlTemplate":"https:\/\/akademia-zdrowia.pl\/bydgoszcz\/?s={search_term_string}"},"query-input":{"@type":"PropertyValueSpecification","valueRequired":true,"valueName":"search_term_string"}}],"inLanguage":"pl-PL"}]}},"_links":{"self":[{"href":"https:\/\/akademia-zdrowia.pl\/bydgoszcz\/wp-json\/wp\/v2\/pages\/2502","targetHints":{"allow":["GET"]}}],"collection":[{"href":"https:\/\/akademia-zdrowia.pl\/bydgoszcz\/wp-json\/wp\/v2\/pages"}],"about":[{"href":"https:\/\/akademia-zdrowia.pl\/bydgoszcz\/wp-json\/wp\/v2\/types\/page"}],"author":[{"embeddable":true,"href":"https:\/\/akademia-zdrowia.pl\/bydgoszcz\/wp-json\/wp\/v2\/users\/4"}],"replies":[{"embeddable":true,"href":"https:\/\/akademia-zdrowia.pl\/bydgoszcz\/wp-json\/wp\/v2\/comments?post=2502"}],"version-history":[{"count":4,"href":"https:\/\/akademia-zdrowia.pl\/bydgoszcz\/wp-json\/wp\/v2\/pages\/2502\/revisions"}],"predecessor-version":[{"id":2506,"href":"https:\/\/akademia-zdrowia.pl\/bydgoszcz\/wp-json\/wp\/v2\/pages\/2502\/revisions\/2506"}],"up":[{"embeddable":true,"href":"https:\/\/akademia-zdrowia.pl\/bydgoszcz\/wp-json\/wp\/v2\/pages\/330"}],"wp:attachment":[{"href":"https:\/\/akademia-zdrowia.pl\/bydgoszcz\/wp-json\/wp\/v2\/media?parent=2502"}],"curies":[{"name":"wp","href":"https:\/\/api.w.org\/{rel}","templated":true}]}}