{"id":29,"date":"2018-01-02T13:08:46","date_gmt":"2018-01-02T12:08:46","guid":{"rendered":"http:\/\/www.akademia-zdrowia.pl\/lodz\/?page_id=29"},"modified":"2024-09-10T23:02:17","modified_gmt":"2024-09-10T21:02:17","slug":"oferta-szkoleniowa","status":"publish","type":"page","link":"https:\/\/akademia-zdrowia.pl\/bydgoszcz\/oferta-szkoleniowa\/","title":{"rendered":"Oferta szkoleniowa"},"content":{"rendered":"\t\t<div data-elementor-type=\"wp-page\" data-elementor-id=\"29\" class=\"elementor elementor-29\" data-elementor-post-type=\"page\">\n\t\t\t\t\t\t<section class=\"elementor-section elementor-top-section elementor-element elementor-element-f45c514 elementor-section-stretched elementor-section-boxed elementor-section-height-default elementor-section-height-default\" data-id=\"f45c514\" data-element_type=\"section\" data-e-type=\"section\" data-settings=\"{&quot;stretch_section&quot;:&quot;section-stretched&quot;,&quot;background_background&quot;:&quot;classic&quot;}\">\n\t\t\t\t\t\t\t<div class=\"elementor-background-overlay\"><\/div>\n\t\t\t\t\t\t\t<div class=\"elementor-container elementor-column-gap-default\">\n\t\t\t\t\t<div class=\"elementor-column elementor-col-100 elementor-top-column elementor-element elementor-element-e58cb0f\" data-id=\"e58cb0f\" data-element_type=\"column\" data-e-type=\"column\">\n\t\t\t<div class=\"elementor-widget-wrap elementor-element-populated\">\n\t\t\t\t\t\t<section class=\"elementor-section elementor-inner-section elementor-element elementor-element-2554126 elementor-section-boxed elementor-section-height-default elementor-section-height-default\" data-id=\"2554126\" data-element_type=\"section\" data-e-type=\"section\">\n\t\t\t\t\t\t<div class=\"elementor-container elementor-column-gap-default\">\n\t\t\t\t\t<div class=\"elementor-column elementor-col-33 elementor-inner-column elementor-element elementor-element-440fc10\" data-id=\"440fc10\" data-element_type=\"column\" data-e-type=\"column\">\n\t\t\t<div class=\"elementor-widget-wrap elementor-element-populated\">\n\t\t\t\t\t\t<div class=\"elementor-element elementor-element-6f1c141 elementor-widget elementor-widget-rs-service-grid\" data-id=\"6f1c141\" data-element_type=\"widget\" data-e-type=\"widget\" data-widget_type=\"rs-service-grid.default\">\n\t\t\t\t<div class=\"elementor-widget-container\">\n\t\t\t\t\t\t\t\r\n\t\t<div class=\"rs-addon-services services-style2\">\r\n\t\t    <div class=\"services-part image_top\">\r\n\t\t    \t\t\t    \t\t<div class=\"services-icons\">\r\n\t\t\t    \t\t\r\n\t\t\t    \t\t\t\t\t    \t\t<div class=\"services-icon\">\t\r\n\t\t\t    \t\t\t<img decoding=\"async\" src=\"https:\/\/akademia-zdrowia.pl\/bydgoszcz\/wp-content\/uploads\/2024\/08\/klasa24.png\" alt=\"image\"\/>\r\n\t    \t\t\t    \t\t    \t\t\t\t    \t<div class=\"services-title services-title4\">\t\t\t\t    \t\t\r\n\t    \t\t\t\t    \t\t\t    \t\t\t\t    \t\t\t<h2 class=\"title\"> Szko\u0142a m\u0142odzie\u017cowa online (edukacja domowa)<\/h2>\r\n\t    \t\t\t\t    \t\t\t\t\t\t    \t\t\r\n\t    \t\t\t\t    \t<\/div>\r\n\t    \t\t\t    \t\t\t\t    \t\t<\/div>\r\n\t\t\t    \t\t\r\n\t\t    \t\t    \t\t\t    \t\t\t    \t<div class=\"services-title services-title4\">\t\t\t\t    \t\t\r\n\t\t    \t\t\t    \t\t\t\t    \t\t\t    \t\t\t<h2 class=\"title\"> Szko\u0142a m\u0142odzie\u017cowa online (edukacja domowa)<\/h2>\r\n\t\t    \t\t\t    \t\t\t\t\t\t    \t\t\r\n\t\t    \t\t\t    \t<\/div>\r\n\t\t    \t\t    \t\t\r\n\t\t    \t\t<\/div>\t\r\n\r\n\t\t    \t\t\t    \t\t       \r\n\t\t\t    <div class=\"services-text\">\r\n\t\t\t    \t\t\t\t\t    \t<div class=\"services-title\">\t\t\t\t    \t\t\r\n\t\t\t\t    \t\t\t\t\t\t    \t\t\t<h2 class=\"title\"> Szko\u0142a m\u0142odzie\u017cowa online (edukacja domowa)<\/h2>\r\n\t\t\t\t    \t\t\t\t\t\t    \t\t\r\n\t\t\t\t    \t<\/div>\r\n\t\t\t    \t\t\r\n\r\n\t\t\t    \t\t\r\n\r\n\t    \t    \t\r\n\t\t\t    <\/div>\r\n\t\t\t<\/div>\r\n\t\t<\/div>\t\r\n\t\t\r\n\t\t\t\t\t<\/div>\n\t\t\t\t<\/div>\n\t\t\t\t<div class=\"elementor-element elementor-element-d72957f elementor-icon-list--layout-traditional elementor-list-item-link-full_width elementor-widget elementor-widget-icon-list\" data-id=\"d72957f\" data-element_type=\"widget\" data-e-type=\"widget\" data-widget_type=\"icon-list.default\">\n\t\t\t\t<div class=\"elementor-widget-container\">\n\t\t\t\t\t\t\t<ul class=\"elementor-icon-list-items\">\n\t\t\t\t\t\t\t<li class=\"elementor-icon-list-item\">\n\t\t\t\t\t\t\t\t\t\t\t<a href=\"http:\/\/www.klasa24.pl\">\n\n\t\t\t\t\t\t\t\t\t\t\t\t<span class=\"elementor-icon-list-icon\">\n\t\t\t\t\t\t\t<i aria-hidden=\"true\" class=\"fas fa-chevron-right\"><\/i>\t\t\t\t\t\t<\/span>\n\t\t\t\t\t\t\t\t\t\t<span class=\"elementor-icon-list-text\"><div style=\"font-weight: regular\">  Liceum og\u00f3lnokszta\u0142c\u0105ce Klasa24 | <span style=\"color: #FF5421\">TRWA REKRUTACJA!<\/span> <\/div><\/span>\n\t\t\t\t\t\t\t\t\t\t\t<\/a>\n\t\t\t\t\t\t\t\t\t<\/li>\n\t\t\t\t\t\t<\/ul>\n\t\t\t\t\t\t<\/div>\n\t\t\t\t<\/div>\n\t\t\t\t\t<\/div>\n\t\t<\/div>\n\t\t\t\t<div class=\"elementor-column elementor-col-33 elementor-inner-column elementor-element elementor-element-0a57276\" data-id=\"0a57276\" data-element_type=\"column\" data-e-type=\"column\">\n\t\t\t<div class=\"elementor-widget-wrap elementor-element-populated\">\n\t\t\t\t\t\t<div class=\"elementor-element elementor-element-76d31d5 elementor-widget elementor-widget-rs-service-grid\" data-id=\"76d31d5\" data-element_type=\"widget\" data-e-type=\"widget\" data-widget_type=\"rs-service-grid.default\">\n\t\t\t\t<div class=\"elementor-widget-container\">\n\t\t\t\t\t\t\t\r\n\t\t<div class=\"rs-addon-services services-style2\">\r\n\t\t    <div class=\"services-part image_top\">\r\n\t\t    \t\t\t    \t\t<div class=\"services-icons\">\r\n\t\t\t    \t\t\r\n\t\t\t    \t\t\t\t\t    \t\t<div class=\"services-icon\">\t\r\n\t\t\t    \t\t\t<img decoding=\"async\" src=\"https:\/\/akademia-zdrowia.pl\/bydgoszcz\/wp-content\/uploads\/2024\/08\/szkolwenia.jpg\" alt=\"image\"\/>\r\n\t    \t\t\t    \t\t    \t\t\t\t    \t<div class=\"services-title services-title4\">\t\t\t\t    \t\t\r\n\t    \t\t\t\t    \t\t\t    \t\t\t\t    \t\t\t<h2 class=\"title\"> Kursy i szkolenia<\/h2>\r\n\t    \t\t\t\t    \t\t\t\t\t\t    \t\t\r\n\t    \t\t\t\t    \t<\/div>\r\n\t    \t\t\t    \t\t\t\t    \t\t<\/div>\r\n\t\t\t    \t\t\r\n\t\t    \t\t    \t\t\t    \t\t\t    \t<div class=\"services-title services-title4\">\t\t\t\t    \t\t\r\n\t\t    \t\t\t    \t\t\t\t    \t\t\t    \t\t\t<h2 class=\"title\"> Kursy i szkolenia<\/h2>\r\n\t\t    \t\t\t    \t\t\t\t\t\t    \t\t\r\n\t\t    \t\t\t    \t<\/div>\r\n\t\t    \t\t    \t\t\r\n\t\t    \t\t<\/div>\t\r\n\r\n\t\t    \t\t\t    \t\t       \r\n\t\t\t    <div class=\"services-text\">\r\n\t\t\t    \t\t\t\t\t    \t<div class=\"services-title\">\t\t\t\t    \t\t\r\n\t\t\t\t    \t\t\t\t\t\t    \t\t\t<h2 class=\"title\"> Kursy i szkolenia<\/h2>\r\n\t\t\t\t    \t\t\t\t\t\t    \t\t\r\n\t\t\t\t    \t<\/div>\r\n\t\t\t    \t\t\r\n\r\n\t\t\t    \t\t\r\n\r\n\t    \t    \t\r\n\t\t\t    <\/div>\r\n\t\t\t<\/div>\r\n\t\t<\/div>\t\r\n\t\t\r\n\t\t\t\t\t<\/div>\n\t\t\t\t<\/div>\n\t\t\t\t<div class=\"elementor-element elementor-element-f670471 elementor-icon-list--layout-traditional elementor-list-item-link-full_width elementor-widget elementor-widget-icon-list\" data-id=\"f670471\" data-element_type=\"widget\" data-e-type=\"widget\" data-widget_type=\"icon-list.default\">\n\t\t\t\t<div class=\"elementor-widget-container\">\n\t\t\t\t\t\t\t<ul class=\"elementor-icon-list-items\">\n\t\t\t\t\t\t\t<li class=\"elementor-icon-list-item\">\n\t\t\t\t\t\t\t\t\t\t\t<a href=\"http:\/\/www.akademia-zdrowia.pl\/bydgoszcz\/oferta-szkoleniowa\/kursy-i-szkolenia\/kursy-masazu\/\">\n\n\t\t\t\t\t\t\t\t\t\t\t\t<span class=\"elementor-icon-list-icon\">\n\t\t\t\t\t\t\t<i aria-hidden=\"true\" class=\"fas fa-chevron-right\"><\/i>\t\t\t\t\t\t<\/span>\n\t\t\t\t\t\t\t\t\t\t<span class=\"elementor-icon-list-text\">Kursy masa\u017cu<\/span>\n\t\t\t\t\t\t\t\t\t\t\t<\/a>\n\t\t\t\t\t\t\t\t\t<\/li>\n\t\t\t\t\t\t\t\t<li class=\"elementor-icon-list-item\">\n\t\t\t\t\t\t\t\t\t\t\t<a href=\"http:\/\/www.akademia-zdrowia.pl\/bydgoszcz\/oferta-szkoleniowa\/kursy-i-szkolenia\/nowosci\">\n\n\t\t\t\t\t\t\t\t\t\t\t\t<span class=\"elementor-icon-list-icon\">\n\t\t\t\t\t\t\t<i aria-hidden=\"true\" class=\"fas fa-chevron-right\"><\/i>\t\t\t\t\t\t<\/span>\n\t\t\t\t\t\t\t\t\t\t<span class=\"elementor-icon-list-text\">Nowo\u015bci<\/span>\n\t\t\t\t\t\t\t\t\t\t\t<\/a>\n\t\t\t\t\t\t\t\t\t<\/li>\n\t\t\t\t\t\t<\/ul>\n\t\t\t\t\t\t<\/div>\n\t\t\t\t<\/div>\n\t\t\t\t\t<\/div>\n\t\t<\/div>\n\t\t\t\t<div class=\"elementor-column elementor-col-33 elementor-inner-column elementor-element elementor-element-3504596\" data-id=\"3504596\" data-element_type=\"column\" data-e-type=\"column\">\n\t\t\t<div class=\"elementor-widget-wrap elementor-element-populated\">\n\t\t\t\t\t\t<div class=\"elementor-element elementor-element-942406a elementor-widget elementor-widget-rs-service-grid\" data-id=\"942406a\" data-element_type=\"widget\" data-e-type=\"widget\" data-widget_type=\"rs-service-grid.default\">\n\t\t\t\t<div class=\"elementor-widget-container\">\n\t\t\t\t\t\t\t\r\n\t\t<div class=\"rs-addon-services services-style2\">\r\n\t\t    <div class=\"services-part image_top\">\r\n\t\t    \t\t\t    \t\t<div class=\"services-icons\">\r\n\t\t\t    \t\t\r\n\t\t\t    \t\t\t\t\t    \t\t<div class=\"services-icon\">\t\r\n\t\t\t    \t\t\t<img decoding=\"async\" src=\"https:\/\/akademia-zdrowia.pl\/bydgoszcz\/wp-content\/uploads\/2024\/08\/kursy_weterynaryjne.png\" alt=\"image\"\/>\r\n\t    \t\t\t    \t\t    \t\t\t\t    \t<div class=\"services-title services-title4\">\t\t\t\t    \t\t\r\n\t    \t\t\t\t    \t\t\t    \t\t\t\t    \t\t\t<h2 class=\"title\"> Kursy weterynaryjne<\/h2>\r\n\t    \t\t\t\t    \t\t\t\t\t\t    \t\t\r\n\t    \t\t\t\t    \t<\/div>\r\n\t    \t\t\t    \t\t\t\t    \t\t<\/div>\r\n\t\t\t    \t\t\r\n\t\t    \t\t    \t\t\t    \t\t\t    \t<div class=\"services-title services-title4\">\t\t\t\t    \t\t\r\n\t\t    \t\t\t    \t\t\t\t    \t\t\t    \t\t\t<h2 class=\"title\"> Kursy weterynaryjne<\/h2>\r\n\t\t    \t\t\t    \t\t\t\t\t\t    \t\t\r\n\t\t    \t\t\t    \t<\/div>\r\n\t\t    \t\t    \t\t\r\n\t\t    \t\t<\/div>\t\r\n\r\n\t\t    \t\t\t    \t\t       \r\n\t\t\t    <div class=\"services-text\">\r\n\t\t\t    \t\t\t\t\t    \t<div class=\"services-title\">\t\t\t\t    \t\t\r\n\t\t\t\t    \t\t\t\t\t\t    \t\t\t<h2 class=\"title\"> Kursy weterynaryjne<\/h2>\r\n\t\t\t\t    \t\t\t\t\t\t    \t\t\r\n\t\t\t\t    \t<\/div>\r\n\t\t\t    \t\t\r\n\r\n\t\t\t    \t\t\r\n\r\n\t    \t    \t\r\n\t\t\t    <\/div>\r\n\t\t\t<\/div>\r\n\t\t<\/div>\t\r\n\t\t\r\n\t\t\t\t\t<\/div>\n\t\t\t\t<\/div>\n\t\t\t\t<div class=\"elementor-element elementor-element-7ee969b elementor-align-start elementor-icon-list--layout-traditional elementor-list-item-link-full_width elementor-widget elementor-widget-icon-list\" data-id=\"7ee969b\" data-element_type=\"widget\" data-e-type=\"widget\" data-widget_type=\"icon-list.default\">\n\t\t\t\t<div class=\"elementor-widget-container\">\n\t\t\t\t\t\t\t<ul class=\"elementor-icon-list-items\">\n\t\t\t\t\t\t\t<li class=\"elementor-icon-list-item\">\n\t\t\t\t\t\t\t\t\t\t\t<a href=\"http:\/\/www.akademia-zdrowia.pl\/bydgoszcz\/oferta-szkoleniowa\/kursy-i-szkolenia\/kursy-weterynaryjne\/dietetyka-weterynaryjna\">\n\n\t\t\t\t\t\t\t\t\t\t\t\t<span class=\"elementor-icon-list-icon\">\n\t\t\t\t\t\t\t<i aria-hidden=\"true\" class=\"fas fa-chevron-right\"><\/i>\t\t\t\t\t\t<\/span>\n\t\t\t\t\t\t\t\t\t\t<span class=\"elementor-icon-list-text\">Dietetyka weterynaryjna<\/span>\n\t\t\t\t\t\t\t\t\t\t\t<\/a>\n\t\t\t\t\t\t\t\t\t<\/li>\n\t\t\t\t\t\t\t\t<li class=\"elementor-icon-list-item\">\n\t\t\t\t\t\t\t\t\t\t\t<a href=\"https:\/\/akademia-zdrowia.pl\/bydgoszcz\/oferta-szkoleniowa\/kursy-i-szkolenia\/kursy-weterynaryjne\/grooming\/\">\n\n\t\t\t\t\t\t\t\t\t\t\t\t<span class=\"elementor-icon-list-icon\">\n\t\t\t\t\t\t\t<i aria-hidden=\"true\" class=\"fas fa-chevron-right\"><\/i>\t\t\t\t\t\t<\/span>\n\t\t\t\t\t\t\t\t\t\t<span class=\"elementor-icon-list-text\">Grooming<\/span>\n\t\t\t\t\t\t\t\t\t\t\t<\/a>\n\t\t\t\t\t\t\t\t\t<\/li>\n\t\t\t\t\t\t\t\t<li class=\"elementor-icon-list-item\">\n\t\t\t\t\t\t\t\t\t\t\t<a href=\"http:\/\/www.akademia-zdrowia.pl\/bydgoszcz\/oferta-szkoleniowa\/kursy-i-szkolenia\/kursy-weterynaryjne\/behawioryzm\">\n\n\t\t\t\t\t\t\t\t\t\t\t\t<span class=\"elementor-icon-list-icon\">\n\t\t\t\t\t\t\t<i aria-hidden=\"true\" class=\"fas fa-chevron-right\"><\/i>\t\t\t\t\t\t<\/span>\n\t\t\t\t\t\t\t\t\t\t<span class=\"elementor-icon-list-text\">Behawioryzm<\/span>\n\t\t\t\t\t\t\t\t\t\t\t<\/a>\n\t\t\t\t\t\t\t\t\t<\/li>\n\t\t\t\t\t\t<\/ul>\n\t\t\t\t\t\t<\/div>\n\t\t\t\t<\/div>\n\t\t\t\t\t<\/div>\n\t\t<\/div>\n\t\t\t\t\t<\/div>\n\t\t<\/section>\n\t\t\t\t<section class=\"elementor-section elementor-inner-section elementor-element elementor-element-9199b2f elementor-section-boxed elementor-section-height-default elementor-section-height-default\" data-id=\"9199b2f\" data-element_type=\"section\" data-e-type=\"section\">\n\t\t\t\t\t\t<div class=\"elementor-container elementor-column-gap-default\">\n\t\t\t\t\t<div class=\"elementor-column elementor-col-33 elementor-inner-column elementor-element elementor-element-2303a19\" data-id=\"2303a19\" data-element_type=\"column\" data-e-type=\"column\">\n\t\t\t<div class=\"elementor-widget-wrap elementor-element-populated\">\n\t\t\t\t\t\t<div class=\"elementor-element elementor-element-2237512 elementor-widget elementor-widget-rs-service-grid\" data-id=\"2237512\" data-element_type=\"widget\" data-e-type=\"widget\" data-widget_type=\"rs-service-grid.default\">\n\t\t\t\t<div class=\"elementor-widget-container\">\n\t\t\t\t\t\t\t\r\n\t\t<div class=\"rs-addon-services services-style2\">\r\n\t\t    <div class=\"services-part image_top\">\r\n\t\t    \t\t\t    \t\t<div class=\"services-icons\">\r\n\t\t\t    \t\t\r\n\t\t\t    \t\t\t\t\t    \t\t<div class=\"services-icon\">\t\r\n\t\t\t    \t\t\t<img decoding=\"async\" src=\"https:\/\/akademia-zdrowia.pl\/bydgoszcz\/wp-content\/uploads\/2024\/09\/bezplatne-szkolenia-1.png\" alt=\"image\"\/>\r\n\t    \t\t\t    \t\t    \t\t\t\t    \t<div class=\"services-title services-title4\">\t\t\t\t    \t\t\r\n\t    \t\t\t\t    \t\t\t    \t\t\t\t    \t\t\t<h2 class=\"title\"> Dofinansowania  Bezp\u0142atne szkolenia<\/h2>\r\n\t    \t\t\t\t    \t\t\t\t\t\t    \t\t\r\n\t    \t\t\t\t    \t<\/div>\r\n\t    \t\t\t    \t\t\t\t    \t\t<\/div>\r\n\t\t\t    \t\t\r\n\t\t    \t\t    \t\t\t    \t\t\t    \t<div class=\"services-title services-title4\">\t\t\t\t    \t\t\r\n\t\t    \t\t\t    \t\t\t\t    \t\t\t    \t\t\t<h2 class=\"title\"> Dofinansowania  Bezp\u0142atne szkolenia<\/h2>\r\n\t\t    \t\t\t    \t\t\t\t\t\t    \t\t\r\n\t\t    \t\t\t    \t<\/div>\r\n\t\t    \t\t    \t\t\r\n\t\t    \t\t<\/div>\t\r\n\r\n\t\t    \t\t\t    \t\t       \r\n\t\t\t    <div class=\"services-text\">\r\n\t\t\t    \t\t\t\t\t    \t<div class=\"services-title\">\t\t\t\t    \t\t\r\n\t\t\t\t    \t\t\t\t\t\t    \t\t\t<h2 class=\"title\"> Dofinansowania  Bezp\u0142atne szkolenia<\/h2>\r\n\t\t\t\t    \t\t\t\t\t\t    \t\t\r\n\t\t\t\t    \t<\/div>\r\n\t\t\t    \t\t\r\n\r\n\t\t\t    \t\t\r\n\r\n\t    \t    \t\r\n\t\t\t    <\/div>\r\n\t\t\t<\/div>\r\n\t\t<\/div>\t\r\n\t\t\r\n\t\t\t\t\t<\/div>\n\t\t\t\t<\/div>\n\t\t\t\t<div class=\"elementor-element elementor-element-4c36869 elementor-icon-list--layout-traditional elementor-list-item-link-full_width elementor-widget elementor-widget-icon-list\" data-id=\"4c36869\" data-element_type=\"widget\" data-e-type=\"widget\" data-widget_type=\"icon-list.default\">\n\t\t\t\t<div class=\"elementor-widget-container\">\n\t\t\t\t\t\t\t<ul class=\"elementor-icon-list-items\">\n\t\t\t\t\t\t\t<li class=\"elementor-icon-list-item\">\n\t\t\t\t\t\t\t\t\t\t\t<a href=\"https:\/\/akademia-zdrowia.pl\/kfs\">\n\n\t\t\t\t\t\t\t\t\t\t\t\t<span class=\"elementor-icon-list-icon\">\n\t\t\t\t\t\t\t<i aria-hidden=\"true\" class=\"fas fa-chevron-right\"><\/i>\t\t\t\t\t\t<\/span>\n\t\t\t\t\t\t\t\t\t\t<span class=\"elementor-icon-list-text\">Krajowy Fundusz Szkoleniowy<\/span>\n\t\t\t\t\t\t\t\t\t\t\t<\/a>\n\t\t\t\t\t\t\t\t\t<\/li>\n\t\t\t\t\t\t\t\t<li class=\"elementor-icon-list-item\">\n\t\t\t\t\t\t\t\t\t\t\t<a href=\"https:\/\/akademia-zdrowia.pl\/baza-uslug-rozwojowych\">\n\n\t\t\t\t\t\t\t\t\t\t\t\t<span class=\"elementor-icon-list-icon\">\n\t\t\t\t\t\t\t<i aria-hidden=\"true\" class=\"fas fa-chevron-right\"><\/i>\t\t\t\t\t\t<\/span>\n\t\t\t\t\t\t\t\t\t\t<span class=\"elementor-icon-list-text\">Baza us\u0142ug rozwojowych<\/span>\n\t\t\t\t\t\t\t\t\t\t\t<\/a>\n\t\t\t\t\t\t\t\t\t<\/li>\n\t\t\t\t\t\t\t\t<li class=\"elementor-icon-list-item\">\n\t\t\t\t\t\t\t\t\t\t\t<a href=\"https:\/\/akademia-zdrowia.pl\/wsparcie-osob-bezrobotnych\/\">\n\n\t\t\t\t\t\t\t\t\t\t\t\t<span class=\"elementor-icon-list-icon\">\n\t\t\t\t\t\t\t<i aria-hidden=\"true\" class=\"fas fa-chevron-right\"><\/i>\t\t\t\t\t\t<\/span>\n\t\t\t\t\t\t\t\t\t\t<span class=\"elementor-icon-list-text\">Wsparcie os\u00f3b bezrobotnych<\/span>\n\t\t\t\t\t\t\t\t\t\t\t<\/a>\n\t\t\t\t\t\t\t\t\t<\/li>\n\t\t\t\t\t\t<\/ul>\n\t\t\t\t\t\t<\/div>\n\t\t\t\t<\/div>\n\t\t\t\t\t<\/div>\n\t\t<\/div>\n\t\t\t\t<div class=\"elementor-column elementor-col-33 elementor-inner-column elementor-element elementor-element-9a4b37e elementor-hidden-tablet\" data-id=\"9a4b37e\" data-element_type=\"column\" data-e-type=\"column\">\n\t\t\t<div class=\"elementor-widget-wrap\">\n\t\t\t\t\t\t\t<\/div>\n\t\t<\/div>\n\t\t\t\t<div class=\"elementor-column elementor-col-33 elementor-inner-column elementor-element elementor-element-38e947d\" data-id=\"38e947d\" data-element_type=\"column\" data-e-type=\"column\">\n\t\t\t<div class=\"elementor-widget-wrap\">\n\t\t\t\t\t\t\t<\/div>\n\t\t<\/div>\n\t\t\t\t\t<\/div>\n\t\t<\/section>\n\t\t\t\t\t<\/div>\n\t\t<\/div>\n\t\t\t\t\t<\/div>\n\t\t<\/section>\n\t\t\t\t<\/div>\n\t\t","protected":false},"excerpt":{"rendered":"<p>Szko\u0142a m\u0142odzie\u017cowa online (edukacja domowa) Szko\u0142a m\u0142odzie\u017cowa online (edukacja domowa) Szko\u0142a m\u0142odzie\u017cowa online (edukacja domowa) Liceum og\u00f3lnokszta\u0142c\u0105ce Klasa24 | TRWA REKRUTACJA! Kursy i szkolenia Kursy i szkolenia Kursy i szkolenia Kursy masa\u017cu Nowo\u015bci Kursy weterynaryjne Kursy weterynaryjne Kursy weterynaryjne Dietetyka weterynaryjna Grooming Behawioryzm Dofinansowania Bezp\u0142atne szkolenia Dofinansowania Bezp\u0142atne szkolenia Dofinansowania Bezp\u0142atne szkolenia Krajowy Fundusz Szkoleniowy&#8230;<\/p>\n","protected":false},"author":1,"featured_media":0,"parent":0,"menu_order":0,"comment_status":"closed","ping_status":"closed","template":"","meta":{"footnotes":""},"class_list":["post-29","page","type-page","status-publish","hentry"],"yoast_head":"<!-- This site is optimized with the Yoast SEO plugin v26.9 - https:\/\/yoast.com\/product\/yoast-seo-wordpress\/ -->\n<title>Oferta szkoleniowa - Akademia Zdrowia Bydgoszcz<\/title>\n<meta name=\"robots\" content=\"index, follow, max-snippet:-1, max-image-preview:large, max-video-preview:-1\" \/>\n<link rel=\"canonical\" href=\"https:\/\/akademia-zdrowia.pl\/bydgoszcz\/oferta-szkoleniowa\/\" \/>\n<meta property=\"og:locale\" content=\"pl_PL\" \/>\n<meta property=\"og:type\" content=\"article\" \/>\n<meta property=\"og:title\" content=\"Oferta szkoleniowa - Akademia Zdrowia Bydgoszcz\" \/>\n<meta property=\"og:description\" content=\"Szko\u0142a m\u0142odzie\u017cowa online (edukacja domowa) Szko\u0142a m\u0142odzie\u017cowa online (edukacja domowa) Szko\u0142a m\u0142odzie\u017cowa online (edukacja domowa) Liceum og\u00f3lnokszta\u0142c\u0105ce Klasa24 | TRWA REKRUTACJA! Kursy i szkolenia Kursy i szkolenia Kursy i szkolenia Kursy masa\u017cu Nowo\u015bci Kursy weterynaryjne Kursy weterynaryjne Kursy weterynaryjne Dietetyka weterynaryjna Grooming Behawioryzm Dofinansowania Bezp\u0142atne szkolenia Dofinansowania Bezp\u0142atne szkolenia Dofinansowania Bezp\u0142atne szkolenia Krajowy Fundusz Szkoleniowy...\" \/>\n<meta property=\"og:url\" content=\"https:\/\/akademia-zdrowia.pl\/bydgoszcz\/oferta-szkoleniowa\/\" \/>\n<meta property=\"og:site_name\" content=\"Akademia Zdrowia Bydgoszcz\" \/>\n<meta property=\"article:modified_time\" content=\"2024-09-10T21:02:17+00:00\" \/>\n<meta property=\"og:image\" content=\"https:\/\/akademia-zdrowia.pl\/bydgoszcz\/wp-content\/uploads\/2024\/08\/klasa24.png\" \/>\n<meta name=\"twitter:card\" content=\"summary_large_image\" \/>\n<meta name=\"twitter:label1\" content=\"Szacowany czas czytania\" \/>\n\t<meta name=\"twitter:data1\" content=\"2 minuty\" \/>\n<script type=\"application\/ld+json\" class=\"yoast-schema-graph\">{\"@context\":\"https:\/\/schema.org\",\"@graph\":[{\"@type\":\"WebPage\",\"@id\":\"https:\/\/akademia-zdrowia.pl\/bydgoszcz\/oferta-szkoleniowa\/\",\"url\":\"https:\/\/akademia-zdrowia.pl\/bydgoszcz\/oferta-szkoleniowa\/\",\"name\":\"Oferta szkoleniowa - Akademia Zdrowia Bydgoszcz\",\"isPartOf\":{\"@id\":\"https:\/\/akademia-zdrowia.pl\/bydgoszcz\/#website\"},\"primaryImageOfPage\":{\"@id\":\"https:\/\/akademia-zdrowia.pl\/bydgoszcz\/oferta-szkoleniowa\/#primaryimage\"},\"image\":{\"@id\":\"https:\/\/akademia-zdrowia.pl\/bydgoszcz\/oferta-szkoleniowa\/#primaryimage\"},\"thumbnailUrl\":\"https:\/\/akademia-zdrowia.pl\/bydgoszcz\/wp-content\/uploads\/2024\/08\/klasa24.png\",\"datePublished\":\"2018-01-02T12:08:46+00:00\",\"dateModified\":\"2024-09-10T21:02:17+00:00\",\"breadcrumb\":{\"@id\":\"https:\/\/akademia-zdrowia.pl\/bydgoszcz\/oferta-szkoleniowa\/#breadcrumb\"},\"inLanguage\":\"pl-PL\",\"potentialAction\":[{\"@type\":\"ReadAction\",\"target\":[\"https:\/\/akademia-zdrowia.pl\/bydgoszcz\/oferta-szkoleniowa\/\"]}]},{\"@type\":\"ImageObject\",\"inLanguage\":\"pl-PL\",\"@id\":\"https:\/\/akademia-zdrowia.pl\/bydgoszcz\/oferta-szkoleniowa\/#primaryimage\",\"url\":\"https:\/\/akademia-zdrowia.pl\/bydgoszcz\/wp-content\/uploads\/2024\/08\/klasa24.png\",\"contentUrl\":\"https:\/\/akademia-zdrowia.pl\/bydgoszcz\/wp-content\/uploads\/2024\/08\/klasa24.png\",\"width\":940,\"height\":788},{\"@type\":\"BreadcrumbList\",\"@id\":\"https:\/\/akademia-zdrowia.pl\/bydgoszcz\/oferta-szkoleniowa\/#breadcrumb\",\"itemListElement\":[{\"@type\":\"ListItem\",\"position\":1,\"name\":\"Strona g\u0142\u00f3wna\",\"item\":\"https:\/\/akademia-zdrowia.pl\/bydgoszcz\/\"},{\"@type\":\"ListItem\",\"position\":2,\"name\":\"Oferta szkoleniowa\"}]},{\"@type\":\"WebSite\",\"@id\":\"https:\/\/akademia-zdrowia.pl\/bydgoszcz\/#website\",\"url\":\"https:\/\/akademia-zdrowia.pl\/bydgoszcz\/\",\"name\":\"Akademia Zdrowia Bydgoszcz\",\"description\":\"Kolejna witryna oparta na WordPressie\",\"potentialAction\":[{\"@type\":\"SearchAction\",\"target\":{\"@type\":\"EntryPoint\",\"urlTemplate\":\"https:\/\/akademia-zdrowia.pl\/bydgoszcz\/?s={search_term_string}\"},\"query-input\":{\"@type\":\"PropertyValueSpecification\",\"valueRequired\":true,\"valueName\":\"search_term_string\"}}],\"inLanguage\":\"pl-PL\"}]}<\/script>\n<!-- \/ Yoast SEO plugin. -->","yoast_head_json":{"title":"Oferta szkoleniowa - Akademia Zdrowia Bydgoszcz","robots":{"index":"index","follow":"follow","max-snippet":"max-snippet:-1","max-image-preview":"max-image-preview:large","max-video-preview":"max-video-preview:-1"},"canonical":"https:\/\/akademia-zdrowia.pl\/bydgoszcz\/oferta-szkoleniowa\/","og_locale":"pl_PL","og_type":"article","og_title":"Oferta szkoleniowa - Akademia Zdrowia Bydgoszcz","og_description":"Szko\u0142a m\u0142odzie\u017cowa online (edukacja domowa) Szko\u0142a m\u0142odzie\u017cowa online (edukacja domowa) Szko\u0142a m\u0142odzie\u017cowa online (edukacja domowa) Liceum og\u00f3lnokszta\u0142c\u0105ce Klasa24 | TRWA REKRUTACJA! Kursy i szkolenia Kursy i szkolenia Kursy i szkolenia Kursy masa\u017cu Nowo\u015bci Kursy weterynaryjne Kursy weterynaryjne Kursy weterynaryjne Dietetyka weterynaryjna Grooming Behawioryzm Dofinansowania Bezp\u0142atne szkolenia Dofinansowania Bezp\u0142atne szkolenia Dofinansowania Bezp\u0142atne szkolenia Krajowy Fundusz Szkoleniowy...","og_url":"https:\/\/akademia-zdrowia.pl\/bydgoszcz\/oferta-szkoleniowa\/","og_site_name":"Akademia Zdrowia Bydgoszcz","article_modified_time":"2024-09-10T21:02:17+00:00","og_image":[{"url":"https:\/\/akademia-zdrowia.pl\/bydgoszcz\/wp-content\/uploads\/2024\/08\/klasa24.png","type":"","width":"","height":""}],"twitter_card":"summary_large_image","twitter_misc":{"Szacowany czas czytania":"2 minuty"},"schema":{"@context":"https:\/\/schema.org","@graph":[{"@type":"WebPage","@id":"https:\/\/akademia-zdrowia.pl\/bydgoszcz\/oferta-szkoleniowa\/","url":"https:\/\/akademia-zdrowia.pl\/bydgoszcz\/oferta-szkoleniowa\/","name":"Oferta szkoleniowa - Akademia Zdrowia Bydgoszcz","isPartOf":{"@id":"https:\/\/akademia-zdrowia.pl\/bydgoszcz\/#website"},"primaryImageOfPage":{"@id":"https:\/\/akademia-zdrowia.pl\/bydgoszcz\/oferta-szkoleniowa\/#primaryimage"},"image":{"@id":"https:\/\/akademia-zdrowia.pl\/bydgoszcz\/oferta-szkoleniowa\/#primaryimage"},"thumbnailUrl":"https:\/\/akademia-zdrowia.pl\/bydgoszcz\/wp-content\/uploads\/2024\/08\/klasa24.png","datePublished":"2018-01-02T12:08:46+00:00","dateModified":"2024-09-10T21:02:17+00:00","breadcrumb":{"@id":"https:\/\/akademia-zdrowia.pl\/bydgoszcz\/oferta-szkoleniowa\/#breadcrumb"},"inLanguage":"pl-PL","potentialAction":[{"@type":"ReadAction","target":["https:\/\/akademia-zdrowia.pl\/bydgoszcz\/oferta-szkoleniowa\/"]}]},{"@type":"ImageObject","inLanguage":"pl-PL","@id":"https:\/\/akademia-zdrowia.pl\/bydgoszcz\/oferta-szkoleniowa\/#primaryimage","url":"https:\/\/akademia-zdrowia.pl\/bydgoszcz\/wp-content\/uploads\/2024\/08\/klasa24.png","contentUrl":"https:\/\/akademia-zdrowia.pl\/bydgoszcz\/wp-content\/uploads\/2024\/08\/klasa24.png","width":940,"height":788},{"@type":"BreadcrumbList","@id":"https:\/\/akademia-zdrowia.pl\/bydgoszcz\/oferta-szkoleniowa\/#breadcrumb","itemListElement":[{"@type":"ListItem","position":1,"name":"Strona g\u0142\u00f3wna","item":"https:\/\/akademia-zdrowia.pl\/bydgoszcz\/"},{"@type":"ListItem","position":2,"name":"Oferta szkoleniowa"}]},{"@type":"WebSite","@id":"https:\/\/akademia-zdrowia.pl\/bydgoszcz\/#website","url":"https:\/\/akademia-zdrowia.pl\/bydgoszcz\/","name":"Akademia Zdrowia Bydgoszcz","description":"Kolejna witryna oparta na WordPressie","potentialAction":[{"@type":"SearchAction","target":{"@type":"EntryPoint","urlTemplate":"https:\/\/akademia-zdrowia.pl\/bydgoszcz\/?s={search_term_string}"},"query-input":{"@type":"PropertyValueSpecification","valueRequired":true,"valueName":"search_term_string"}}],"inLanguage":"pl-PL"}]}},"_links":{"self":[{"href":"https:\/\/akademia-zdrowia.pl\/bydgoszcz\/wp-json\/wp\/v2\/pages\/29","targetHints":{"allow":["GET"]}}],"collection":[{"href":"https:\/\/akademia-zdrowia.pl\/bydgoszcz\/wp-json\/wp\/v2\/pages"}],"about":[{"href":"https:\/\/akademia-zdrowia.pl\/bydgoszcz\/wp-json\/wp\/v2\/types\/page"}],"author":[{"embeddable":true,"href":"https:\/\/akademia-zdrowia.pl\/bydgoszcz\/wp-json\/wp\/v2\/users\/1"}],"replies":[{"embeddable":true,"href":"https:\/\/akademia-zdrowia.pl\/bydgoszcz\/wp-json\/wp\/v2\/comments?post=29"}],"version-history":[{"count":30,"href":"https:\/\/akademia-zdrowia.pl\/bydgoszcz\/wp-json\/wp\/v2\/pages\/29\/revisions"}],"predecessor-version":[{"id":3390,"href":"https:\/\/akademia-zdrowia.pl\/bydgoszcz\/wp-json\/wp\/v2\/pages\/29\/revisions\/3390"}],"wp:attachment":[{"href":"https:\/\/akademia-zdrowia.pl\/bydgoszcz\/wp-json\/wp\/v2\/media?parent=29"}],"curies":[{"name":"wp","href":"https:\/\/api.w.org\/{rel}","templated":true}]}}