{"id":33,"date":"2018-01-02T13:09:06","date_gmt":"2018-01-02T12:09:06","guid":{"rendered":"http:\/\/www.akademia-zdrowia.pl\/lodz\/?page_id=33"},"modified":"2021-11-22T14:56:47","modified_gmt":"2021-11-22T13:56:47","slug":"rekrutacja","status":"publish","type":"page","link":"https:\/\/akademia-zdrowia.pl\/bydgoszcz\/rekrutacja\/","title":{"rendered":"Rekrutacja"},"content":{"rendered":"\t\t<div data-elementor-type=\"wp-page\" data-elementor-id=\"33\" class=\"elementor elementor-33\" data-elementor-post-type=\"page\">\n\t\t\t\t\t\t<section class=\"elementor-section elementor-top-section elementor-element elementor-element-c3943e8 elementor-section-boxed elementor-section-height-default elementor-section-height-default\" data-id=\"c3943e8\" data-element_type=\"section\" data-e-type=\"section\">\n\t\t\t\t\t\t<div class=\"elementor-container elementor-column-gap-default\">\n\t\t\t\t\t<div class=\"elementor-column elementor-col-66 elementor-top-column elementor-element elementor-element-fa00384\" data-id=\"fa00384\" data-element_type=\"column\" data-e-type=\"column\">\n\t\t\t<div class=\"elementor-widget-wrap elementor-element-populated\">\n\t\t\t\t\t\t<div class=\"elementor-element elementor-element-5af52638 elementor-widget elementor-widget-text-editor\" data-id=\"5af52638\" data-element_type=\"widget\" data-e-type=\"widget\" data-widget_type=\"text-editor.default\">\n\t\t\t\t<div class=\"elementor-widget-container\">\n\t\t\t\t\t\t\t\t\t<p style=\"text-align: center;\"><span style=\"font-size: 20px;\">AKADEMIA ZDROWIA to szko\u0142a inna ni\u017c wszystkie..&nbsp;<\/span><br>\n<span style=\"font-size: 20px;\"> je\u017celi chcesz osi\u0105gn\u0105\u0107 sukces i zdoby\u0107 wymarzony zaw\u00f3d zapisz si\u0119 ju\u017c dzi\u015b!<\/span><\/p>\n<p>Nauka w szko\u0142ach policealnych rozpoczyna si\u0119 w lutym (semestr letni) oraz we wrze\u015bniu (semestr zimowy). Nab\u00f3r do szk\u00f3\u0142 m\u0142odzie\u017cowych prowadzony jest w systemie elektronicznym ( zapraszamy do zak\u0142adki szko\u0142y m\u0142odzie\u017cowe). Nab\u00f3r na Kwalifikacyjne Kursy Zawodowe oraz kr\u00f3tkie formy kszta\u0142cenia trwa przez ca\u0142y rok. Je\u015bli zdecydowa\u0142e\u015b si\u0119 na kierunek kszta\u0142cenia, wype\u0142nij formularz, kt\u00f3ry znajdziesz w zak\u0142adce <strong>zarezerwuj sobie miejsce<\/strong>. Dzi\u0119ki temu masz zarezerwowane miejsce na interesuj\u0105cym Ci\u0119 kierunku. Dokumenty potrzebne przy zapisie podane s\u0105 w zak\u0142adce &#8220;wymagane dokumenty&#8221;.<\/p>\t\t\t\t\t\t\t\t<\/div>\n\t\t\t\t<\/div>\n\t\t\t\t\t<\/div>\n\t\t<\/div>\n\t\t\t\t<div class=\"elementor-column elementor-col-33 elementor-top-column elementor-element elementor-element-4597f75\" data-id=\"4597f75\" data-element_type=\"column\" data-e-type=\"column\">\n\t\t\t<div class=\"elementor-widget-wrap elementor-element-populated\">\n\t\t\t\t\t\t<div class=\"elementor-element elementor-element-ad0f25e elementor-widget elementor-widget-rs-image\" data-id=\"ad0f25e\" data-element_type=\"widget\" data-e-type=\"widget\" data-widget_type=\"rs-image.default\">\n\t\t\t\t<div class=\"elementor-widget-container\">\n\t\t\t\t\t\n        <div class=\"rs-image \">\n                            <img decoding=\"async\" class=\"rs-multi-image \" src=\"https:\/\/akademia-zdrowia.pl\/bydgoszcz\/wp-content\/uploads\/2021\/10\/bydgoszcz.png\" alt=\"image\"\/>\n                    <\/div>\n\n              \n    \t\t\t\t<\/div>\n\t\t\t\t<\/div>\n\t\t\t\t<div class=\"elementor-element elementor-element-3c569da elementor-widget elementor-widget-text-editor\" data-id=\"3c569da\" data-element_type=\"widget\" data-e-type=\"widget\" data-widget_type=\"text-editor.default\">\n\t\t\t\t<div class=\"elementor-widget-container\">\n\t\t\t\t\t\t\t\t\t<div><p style=\"text-align: center;\">ul. Powsta\u0144c\u00f3w Wielkopolskich 26 <br \/>(II pi\u0119tro)<br \/>85-090 Bydgoszcz<\/p><p><img decoding=\"async\" style=\"color: var( --e-global-color-text ); font-family: var( --e-global-typography-text-font-family ), Sans-serif; font-weight: var( --e-global-typography-text-font-weight );\" src=\"https:\/\/www.akademia-zdrowia.pl\/lodz\/wp-content\/themes\/akademia-podstrona\/img\/phone-ico_red.png\" alt=\"marker\" \/><span style=\"color: var( --e-global-color-text ); font-family: var( --e-global-typography-text-font-family ), Sans-serif; font-weight: var( --e-global-typography-text-font-weight );\">\u00a0\u00a0<\/span><span style=\"color: var( --e-global-color-text ); font-family: var( --e-global-typography-text-font-family ), Sans-serif; font-weight: var( --e-global-typography-text-font-weight );\">tel.\u00a0<\/span><a style=\"font-family: var( --e-global-typography-text-font-family ), Sans-serif; font-weight: var( --e-global-typography-text-font-weight ); background-color: #ffffff;\" href=\"tel:730 570 700\">730 570 700<\/a><br \/><span style=\"color: var( --e-global-color-text ); font-family: var( --e-global-typography-text-font-family ), Sans-serif; font-weight: var( --e-global-typography-text-font-weight );\">tel.\u00a0<\/span><a style=\"font-family: var( --e-global-typography-text-font-family ), Sans-serif; font-weight: var( --e-global-typography-text-font-weight ); background-color: #ffffff;\" href=\"tel:698 592 791\">698 592 791<\/a><br \/><span style=\"color: var( --e-global-color-text ); font-family: var( --e-global-typography-text-font-family ), Sans-serif; font-weight: var( --e-global-typography-text-font-weight );\">tel.\u00a0<\/span><a style=\"font-family: var( --e-global-typography-text-font-family ), Sans-serif; font-weight: var( --e-global-typography-text-font-weight ); background-color: #ffffff;\" href=\"tel:662 518 606\">662 518 606<\/a><\/p><\/div><div><p style=\"text-align: center;\">Sekretariat czynny od poniedzia\u0142ku do pi\u0105tku w godzinach 9.00-17.00<\/p><p style=\"text-align: center;\"><span style=\"color: #000080; font-family: var( --e-global-typography-text-font-family ), Sans-serif;\"><b>Zarezerwuj miejsce ju\u017c dzi\u015b!<\/b><\/span><\/p><\/div>\t\t\t\t\t\t\t\t<\/div>\n\t\t\t\t<\/div>\n\t\t\t\t\t<\/div>\n\t\t<\/div>\n\t\t\t\t\t<\/div>\n\t\t<\/section>\n\t\t\t\t<section class=\"elementor-section elementor-top-section elementor-element elementor-element-f5e457b elementor-section-boxed elementor-section-height-default elementor-section-height-default\" data-id=\"f5e457b\" data-element_type=\"section\" data-e-type=\"section\">\n\t\t\t\t\t\t<div class=\"elementor-container elementor-column-gap-default\">\n\t\t\t\t\t<div class=\"elementor-column elementor-col-100 elementor-top-column elementor-element elementor-element-a8dadec\" data-id=\"a8dadec\" data-element_type=\"column\" data-e-type=\"column\">\n\t\t\t<div class=\"elementor-widget-wrap\">\n\t\t\t\t\t\t\t<\/div>\n\t\t<\/div>\n\t\t\t\t\t<\/div>\n\t\t<\/section>\n\t\t\t\t<\/div>\n\t\t","protected":false},"excerpt":{"rendered":"<p>AKADEMIA ZDROWIA to szko\u0142a inna ni\u017c wszystkie..&nbsp; je\u017celi chcesz osi\u0105gn\u0105\u0107 sukces i zdoby\u0107 wymarzony zaw\u00f3d zapisz si\u0119 ju\u017c dzi\u015b! Nauka w szko\u0142ach policealnych rozpoczyna si\u0119 w lutym (semestr letni) oraz we wrze\u015bniu (semestr zimowy). Nab\u00f3r do szk\u00f3\u0142 m\u0142odzie\u017cowych prowadzony jest w systemie elektronicznym ( zapraszamy do zak\u0142adki szko\u0142y m\u0142odzie\u017cowe). Nab\u00f3r na Kwalifikacyjne Kursy Zawodowe oraz&#8230;<\/p>\n","protected":false},"author":1,"featured_media":0,"parent":0,"menu_order":0,"comment_status":"closed","ping_status":"closed","template":"","meta":{"footnotes":""},"class_list":["post-33","page","type-page","status-publish","hentry"],"yoast_head":"<!-- This site is optimized with the Yoast SEO plugin v26.9 - https:\/\/yoast.com\/product\/yoast-seo-wordpress\/ -->\n<title>Rekrutacja - Akademia Zdrowia Bydgoszcz<\/title>\n<meta name=\"robots\" content=\"index, follow, max-snippet:-1, max-image-preview:large, max-video-preview:-1\" \/>\n<link rel=\"canonical\" href=\"https:\/\/akademia-zdrowia.pl\/bydgoszcz\/rekrutacja\/\" \/>\n<meta property=\"og:locale\" content=\"pl_PL\" \/>\n<meta property=\"og:type\" content=\"article\" \/>\n<meta property=\"og:title\" content=\"Rekrutacja - Akademia Zdrowia Bydgoszcz\" \/>\n<meta property=\"og:description\" content=\"AKADEMIA ZDROWIA to szko\u0142a inna ni\u017c wszystkie..&nbsp; je\u017celi chcesz osi\u0105gn\u0105\u0107 sukces i zdoby\u0107 wymarzony zaw\u00f3d zapisz si\u0119 ju\u017c dzi\u015b! Nauka w szko\u0142ach policealnych rozpoczyna si\u0119 w lutym (semestr letni) oraz we wrze\u015bniu (semestr zimowy). Nab\u00f3r do szk\u00f3\u0142 m\u0142odzie\u017cowych prowadzony jest w systemie elektronicznym ( zapraszamy do zak\u0142adki szko\u0142y m\u0142odzie\u017cowe). Nab\u00f3r na Kwalifikacyjne Kursy Zawodowe oraz...\" \/>\n<meta property=\"og:url\" content=\"https:\/\/akademia-zdrowia.pl\/bydgoszcz\/rekrutacja\/\" \/>\n<meta property=\"og:site_name\" content=\"Akademia Zdrowia Bydgoszcz\" \/>\n<meta property=\"article:modified_time\" content=\"2021-11-22T13:56:47+00:00\" \/>\n<meta property=\"og:image\" content=\"https:\/\/akademia-zdrowia.pl\/bydgoszcz\/wp-content\/uploads\/2021\/10\/bydgoszcz.png\" \/>\n<meta name=\"twitter:card\" content=\"summary_large_image\" \/>\n<meta name=\"twitter:label1\" content=\"Szacowany czas czytania\" \/>\n\t<meta name=\"twitter:data1\" content=\"1 minuta\" \/>\n<script type=\"application\/ld+json\" class=\"yoast-schema-graph\">{\"@context\":\"https:\/\/schema.org\",\"@graph\":[{\"@type\":\"WebPage\",\"@id\":\"https:\/\/akademia-zdrowia.pl\/bydgoszcz\/rekrutacja\/\",\"url\":\"https:\/\/akademia-zdrowia.pl\/bydgoszcz\/rekrutacja\/\",\"name\":\"Rekrutacja - Akademia Zdrowia Bydgoszcz\",\"isPartOf\":{\"@id\":\"https:\/\/akademia-zdrowia.pl\/bydgoszcz\/#website\"},\"primaryImageOfPage\":{\"@id\":\"https:\/\/akademia-zdrowia.pl\/bydgoszcz\/rekrutacja\/#primaryimage\"},\"image\":{\"@id\":\"https:\/\/akademia-zdrowia.pl\/bydgoszcz\/rekrutacja\/#primaryimage\"},\"thumbnailUrl\":\"https:\/\/akademia-zdrowia.pl\/bydgoszcz\/wp-content\/uploads\/2021\/10\/bydgoszcz.png\",\"datePublished\":\"2018-01-02T12:09:06+00:00\",\"dateModified\":\"2021-11-22T13:56:47+00:00\",\"breadcrumb\":{\"@id\":\"https:\/\/akademia-zdrowia.pl\/bydgoszcz\/rekrutacja\/#breadcrumb\"},\"inLanguage\":\"pl-PL\",\"potentialAction\":[{\"@type\":\"ReadAction\",\"target\":[\"https:\/\/akademia-zdrowia.pl\/bydgoszcz\/rekrutacja\/\"]}]},{\"@type\":\"ImageObject\",\"inLanguage\":\"pl-PL\",\"@id\":\"https:\/\/akademia-zdrowia.pl\/bydgoszcz\/rekrutacja\/#primaryimage\",\"url\":\"https:\/\/akademia-zdrowia.pl\/bydgoszcz\/wp-content\/uploads\/2021\/10\/bydgoszcz.png\",\"contentUrl\":\"https:\/\/akademia-zdrowia.pl\/bydgoszcz\/wp-content\/uploads\/2021\/10\/bydgoszcz.png\",\"width\":390,\"height\":277},{\"@type\":\"BreadcrumbList\",\"@id\":\"https:\/\/akademia-zdrowia.pl\/bydgoszcz\/rekrutacja\/#breadcrumb\",\"itemListElement\":[{\"@type\":\"ListItem\",\"position\":1,\"name\":\"Strona g\u0142\u00f3wna\",\"item\":\"https:\/\/akademia-zdrowia.pl\/bydgoszcz\/\"},{\"@type\":\"ListItem\",\"position\":2,\"name\":\"Rekrutacja\"}]},{\"@type\":\"WebSite\",\"@id\":\"https:\/\/akademia-zdrowia.pl\/bydgoszcz\/#website\",\"url\":\"https:\/\/akademia-zdrowia.pl\/bydgoszcz\/\",\"name\":\"Akademia Zdrowia Bydgoszcz\",\"description\":\"Kolejna witryna oparta na WordPressie\",\"potentialAction\":[{\"@type\":\"SearchAction\",\"target\":{\"@type\":\"EntryPoint\",\"urlTemplate\":\"https:\/\/akademia-zdrowia.pl\/bydgoszcz\/?s={search_term_string}\"},\"query-input\":{\"@type\":\"PropertyValueSpecification\",\"valueRequired\":true,\"valueName\":\"search_term_string\"}}],\"inLanguage\":\"pl-PL\"}]}<\/script>\n<!-- \/ Yoast SEO plugin. -->","yoast_head_json":{"title":"Rekrutacja - Akademia Zdrowia Bydgoszcz","robots":{"index":"index","follow":"follow","max-snippet":"max-snippet:-1","max-image-preview":"max-image-preview:large","max-video-preview":"max-video-preview:-1"},"canonical":"https:\/\/akademia-zdrowia.pl\/bydgoszcz\/rekrutacja\/","og_locale":"pl_PL","og_type":"article","og_title":"Rekrutacja - Akademia Zdrowia Bydgoszcz","og_description":"AKADEMIA ZDROWIA to szko\u0142a inna ni\u017c wszystkie..&nbsp; je\u017celi chcesz osi\u0105gn\u0105\u0107 sukces i zdoby\u0107 wymarzony zaw\u00f3d zapisz si\u0119 ju\u017c dzi\u015b! Nauka w szko\u0142ach policealnych rozpoczyna si\u0119 w lutym (semestr letni) oraz we wrze\u015bniu (semestr zimowy). Nab\u00f3r do szk\u00f3\u0142 m\u0142odzie\u017cowych prowadzony jest w systemie elektronicznym ( zapraszamy do zak\u0142adki szko\u0142y m\u0142odzie\u017cowe). Nab\u00f3r na Kwalifikacyjne Kursy Zawodowe oraz...","og_url":"https:\/\/akademia-zdrowia.pl\/bydgoszcz\/rekrutacja\/","og_site_name":"Akademia Zdrowia Bydgoszcz","article_modified_time":"2021-11-22T13:56:47+00:00","og_image":[{"url":"https:\/\/akademia-zdrowia.pl\/bydgoszcz\/wp-content\/uploads\/2021\/10\/bydgoszcz.png","type":"","width":"","height":""}],"twitter_card":"summary_large_image","twitter_misc":{"Szacowany czas czytania":"1 minuta"},"schema":{"@context":"https:\/\/schema.org","@graph":[{"@type":"WebPage","@id":"https:\/\/akademia-zdrowia.pl\/bydgoszcz\/rekrutacja\/","url":"https:\/\/akademia-zdrowia.pl\/bydgoszcz\/rekrutacja\/","name":"Rekrutacja - Akademia Zdrowia Bydgoszcz","isPartOf":{"@id":"https:\/\/akademia-zdrowia.pl\/bydgoszcz\/#website"},"primaryImageOfPage":{"@id":"https:\/\/akademia-zdrowia.pl\/bydgoszcz\/rekrutacja\/#primaryimage"},"image":{"@id":"https:\/\/akademia-zdrowia.pl\/bydgoszcz\/rekrutacja\/#primaryimage"},"thumbnailUrl":"https:\/\/akademia-zdrowia.pl\/bydgoszcz\/wp-content\/uploads\/2021\/10\/bydgoszcz.png","datePublished":"2018-01-02T12:09:06+00:00","dateModified":"2021-11-22T13:56:47+00:00","breadcrumb":{"@id":"https:\/\/akademia-zdrowia.pl\/bydgoszcz\/rekrutacja\/#breadcrumb"},"inLanguage":"pl-PL","potentialAction":[{"@type":"ReadAction","target":["https:\/\/akademia-zdrowia.pl\/bydgoszcz\/rekrutacja\/"]}]},{"@type":"ImageObject","inLanguage":"pl-PL","@id":"https:\/\/akademia-zdrowia.pl\/bydgoszcz\/rekrutacja\/#primaryimage","url":"https:\/\/akademia-zdrowia.pl\/bydgoszcz\/wp-content\/uploads\/2021\/10\/bydgoszcz.png","contentUrl":"https:\/\/akademia-zdrowia.pl\/bydgoszcz\/wp-content\/uploads\/2021\/10\/bydgoszcz.png","width":390,"height":277},{"@type":"BreadcrumbList","@id":"https:\/\/akademia-zdrowia.pl\/bydgoszcz\/rekrutacja\/#breadcrumb","itemListElement":[{"@type":"ListItem","position":1,"name":"Strona g\u0142\u00f3wna","item":"https:\/\/akademia-zdrowia.pl\/bydgoszcz\/"},{"@type":"ListItem","position":2,"name":"Rekrutacja"}]},{"@type":"WebSite","@id":"https:\/\/akademia-zdrowia.pl\/bydgoszcz\/#website","url":"https:\/\/akademia-zdrowia.pl\/bydgoszcz\/","name":"Akademia Zdrowia Bydgoszcz","description":"Kolejna witryna oparta na WordPressie","potentialAction":[{"@type":"SearchAction","target":{"@type":"EntryPoint","urlTemplate":"https:\/\/akademia-zdrowia.pl\/bydgoszcz\/?s={search_term_string}"},"query-input":{"@type":"PropertyValueSpecification","valueRequired":true,"valueName":"search_term_string"}}],"inLanguage":"pl-PL"}]}},"_links":{"self":[{"href":"https:\/\/akademia-zdrowia.pl\/bydgoszcz\/wp-json\/wp\/v2\/pages\/33","targetHints":{"allow":["GET"]}}],"collection":[{"href":"https:\/\/akademia-zdrowia.pl\/bydgoszcz\/wp-json\/wp\/v2\/pages"}],"about":[{"href":"https:\/\/akademia-zdrowia.pl\/bydgoszcz\/wp-json\/wp\/v2\/types\/page"}],"author":[{"embeddable":true,"href":"https:\/\/akademia-zdrowia.pl\/bydgoszcz\/wp-json\/wp\/v2\/users\/1"}],"replies":[{"embeddable":true,"href":"https:\/\/akademia-zdrowia.pl\/bydgoszcz\/wp-json\/wp\/v2\/comments?post=33"}],"version-history":[{"count":16,"href":"https:\/\/akademia-zdrowia.pl\/bydgoszcz\/wp-json\/wp\/v2\/pages\/33\/revisions"}],"predecessor-version":[{"id":1724,"href":"https:\/\/akademia-zdrowia.pl\/bydgoszcz\/wp-json\/wp\/v2\/pages\/33\/revisions\/1724"}],"wp:attachment":[{"href":"https:\/\/akademia-zdrowia.pl\/bydgoszcz\/wp-json\/wp\/v2\/media?parent=33"}],"curies":[{"name":"wp","href":"https:\/\/api.w.org\/{rel}","templated":true}]}}