{"id":344,"date":"2018-01-10T09:50:47","date_gmt":"2018-01-10T08:50:47","guid":{"rendered":"http:\/\/www.akademia-zdrowia.pl\/lodz\/?page_id=344"},"modified":"2026-03-23T15:23:05","modified_gmt":"2026-03-23T14:23:05","slug":"dietetyka-weterynaryjna","status":"publish","type":"page","link":"https:\/\/akademia-zdrowia.pl\/bydgoszcz\/oferta-szkoleniowa\/kursy-i-szkolenia\/kursy-weterynaryjne\/dietetyka-weterynaryjna\/","title":{"rendered":"Dietetyka weterynaryjna"},"content":{"rendered":"\t\t<div data-elementor-type=\"wp-page\" data-elementor-id=\"344\" class=\"elementor elementor-344\" data-elementor-post-type=\"page\">\n\t\t\t\t\t\t<section class=\"elementor-section elementor-top-section elementor-element elementor-element-e8670a7 elementor-section-boxed elementor-section-height-default elementor-section-height-default\" data-id=\"e8670a7\" data-element_type=\"section\" data-e-type=\"section\">\n\t\t\t\t\t\t<div class=\"elementor-container elementor-column-gap-default\">\n\t\t\t\t\t<div class=\"elementor-column elementor-col-100 elementor-top-column elementor-element elementor-element-433fa87\" data-id=\"433fa87\" data-element_type=\"column\" data-e-type=\"column\">\n\t\t\t<div class=\"elementor-widget-wrap elementor-element-populated\">\n\t\t\t\t\t\t<div class=\"elementor-element elementor-element-05e8135 elementor-widget elementor-widget-text-editor\" data-id=\"05e8135\" data-element_type=\"widget\" data-e-type=\"widget\" data-widget_type=\"text-editor.default\">\n\t\t\t\t<div class=\"elementor-widget-container\">\n\t\t\t\t\t\t\t\t\t<p align=\"left\" style=\"margin-bottom: 1rem; padding: 0px; border: 0px; font-variant-numeric: inherit; font-variant-east-asian: inherit; font-stretch: inherit; line-height: inherit; font-family: Ubuntu; vertical-align: baseline; color: rgb(33, 37, 41);\">Kurs sk\u0142ada si\u0119 z 30 godzin dydaktycznych (1h \u2013 45 min).<\/p><p align=\"left\" style=\"margin-bottom: 1rem; padding: 0px; border: 0px; font-variant-numeric: inherit; font-variant-east-asian: inherit; font-stretch: inherit; line-height: inherit; font-family: Ubuntu; vertical-align: baseline; color: rgb(33, 37, 41);\">Szkolenie trwa:<\/p><p align=\"left\" style=\"margin-bottom: 1rem; padding: 0px; border: 0px; font-variant-numeric: inherit; font-variant-east-asian: inherit; font-stretch: inherit; line-height: inherit; font-family: Ubuntu; vertical-align: baseline; color: rgb(33, 37, 41);\">w weekendy \u2013 4 dni, w godzinach 9:00 \u2013 15:00<\/p><p align=\"left\" style=\"margin-bottom: 1rem; padding: 0px; border: 0px; font-variant-numeric: inherit; font-variant-east-asian: inherit; font-stretch: inherit; line-height: inherit; font-family: Ubuntu; vertical-align: baseline; color: rgb(33, 37, 41);\">W programie m.in.:<\/p><ul style=\"margin-bottom: 1rem; margin-left: 0px; padding-left: 30px; border: 0px; font-variant-numeric: inherit; font-variant-east-asian: inherit; font-stretch: inherit; line-height: inherit; font-family: Ubuntu; vertical-align: baseline; list-style-type: circle; color: rgb(33, 37, 41);\"><li style=\"margin: 0px; padding: 0px; border: 0px; font: inherit; vertical-align: baseline;\"><p align=\"left\" style=\"margin-bottom: 0px; padding: 0px; border: 0px; font: inherit; vertical-align: baseline;\">Wprowadzenie<\/p><\/li><li style=\"margin: 0px; padding: 0px; border: 0px; font: inherit; vertical-align: baseline;\"><p align=\"left\" style=\"margin-bottom: 0px; padding: 0px; border: 0px; font: inherit; vertical-align: baseline;\">Anatomia i fizjologia przewodu pokarmowego<\/p><\/li><li style=\"margin: 0px; padding: 0px; border: 0px; font: inherit; vertical-align: baseline;\"><p align=\"left\" style=\"margin-bottom: 0px; padding: 0px; border: 0px; font: inherit; vertical-align: baseline;\">Podstawy fizjologii \u017cywienia<\/p><\/li><li style=\"margin: 0px; padding: 0px; border: 0px; font: inherit; vertical-align: baseline;\"><p align=\"left\" style=\"margin-bottom: 0px; padding: 0px; border: 0px; font: inherit; vertical-align: baseline;\">Regulacja \u0142aknienia<\/p><\/li><li style=\"margin: 0px; padding: 0px; border: 0px; font: inherit; vertical-align: baseline;\"><p align=\"left\" style=\"margin-bottom: 0px; padding: 0px; border: 0px; font: inherit; vertical-align: baseline;\">Trawienie<\/p><\/li><li style=\"margin: 0px; padding: 0px; border: 0px; font: inherit; vertical-align: baseline;\"><p align=\"left\" style=\"margin-bottom: 0px; padding: 0px; border: 0px; font: inherit; vertical-align: baseline;\">Strawno\u015b\u0107<\/p><\/li><li style=\"margin: 0px; padding: 0px; border: 0px; font: inherit; vertical-align: baseline;\"><p align=\"left\" style=\"margin-bottom: 0px; padding: 0px; border: 0px; font: inherit; vertical-align: baseline;\">Sk\u0142adniki pokarmowe<\/p><\/li><li style=\"margin: 0px; padding: 0px; border: 0px; font: inherit; vertical-align: baseline;\"><p align=\"left\" style=\"margin-bottom: 0px; padding: 0px; border: 0px; font: inherit; vertical-align: baseline;\">Woda<\/p><\/li><li style=\"margin: 0px; padding: 0px; border: 0px; font: inherit; vertical-align: baseline;\"><p align=\"left\" style=\"margin-bottom: 0px; padding: 0px; border: 0px; font: inherit; vertical-align: baseline;\">Energia<\/p><\/li><li style=\"margin: 0px; padding: 0px; border: 0px; font: inherit; vertical-align: baseline;\"><p align=\"left\" style=\"margin-bottom: 0px; padding: 0px; border: 0px; font: inherit; vertical-align: baseline;\">Przyk\u0142ady wylicze\u0144<\/p><\/li><li style=\"margin: 0px; padding: 0px; border: 0px; font: inherit; vertical-align: baseline;\"><p align=\"left\" style=\"margin-bottom: 0px; padding: 0px; border: 0px; font: inherit; vertical-align: baseline;\">Czynniki wp\u0142ywaj\u0105ce na wielko\u015bci dawek<\/p><\/li><li style=\"margin: 0px; padding: 0px; border: 0px; font: inherit; vertical-align: baseline;\"><p align=\"left\" style=\"margin-bottom: 0px; padding: 0px; border: 0px; font: inherit; vertical-align: baseline;\">Witaminy i zwi\u0105zki mineralne<\/p><\/li><li style=\"margin: 0px; padding: 0px; border: 0px; font: inherit; vertical-align: baseline;\"><p align=\"left\" style=\"margin-bottom: 0px; padding: 0px; border: 0px; font: inherit; vertical-align: baseline;\">\u017bywienie ps\u00f3w<\/p><\/li><li style=\"margin: 0px; padding: 0px; border: 0px; font: inherit; vertical-align: baseline;\"><p align=\"left\" style=\"margin-bottom: 0px; padding: 0px; border: 0px; font: inherit; vertical-align: baseline;\">Szczeni\u0119ta i psy rosn\u0105ce, psy doros\u0142e, suki ci\u0119\u017carne i karmi\u0105ce, psy stare<\/p><\/li><li style=\"margin: 0px; padding: 0px; border: 0px; font: inherit; vertical-align: baseline;\"><p align=\"left\" style=\"margin-bottom: 0px; padding: 0px; border: 0px; font: inherit; vertical-align: baseline;\">\u017bywienie kot\u00f3w:<\/p><\/li><li style=\"margin: 0px; padding: 0px; border: 0px; font: inherit; vertical-align: baseline;\"><p align=\"left\" style=\"margin-bottom: 0px; padding: 0px; border: 0px; font: inherit; vertical-align: baseline;\">Koci\u0119ta, doros\u0142e, stare, ci\u0105\u017ca, laktacja<\/p><\/li><li style=\"margin: 0px; padding: 0px; border: 0px; font: inherit; vertical-align: baseline;\"><p align=\"left\" style=\"margin-bottom: 0px; padding: 0px; border: 0px; font: inherit; vertical-align: baseline;\">Metody karmienia ps\u00f3w i kot\u00f3w<\/p><\/li><li style=\"margin: 0px; padding: 0px; border: 0px; font: inherit; vertical-align: baseline;\"><p align=\"left\" style=\"margin-bottom: 0px; padding: 0px; border: 0px; font: inherit; vertical-align: baseline;\">Pokarmy przygotowywane w domu, zasady uk\u0142adania diet domowych<\/p><\/li><li style=\"margin: 0px; padding: 0px; border: 0px; font: inherit; vertical-align: baseline;\"><p align=\"left\" style=\"margin-bottom: 0px; padding: 0px; border: 0px; font: inherit; vertical-align: baseline;\">Pokarmy surowe : dieta BARF psy i koty.<\/p><\/li><li style=\"margin: 0px; padding: 0px; border: 0px; font: inherit; vertical-align: baseline;\"><p align=\"left\" style=\"margin-bottom: 0px; padding: 0px; border: 0px; font: inherit; vertical-align: baseline;\">Wybrane zagadnienia z profilaktyki \u017cywienia :<\/p><\/li><li style=\"margin: 0px; padding: 0px; border: 0px; font: inherit; vertical-align: baseline;\"><p align=\"left\" style=\"margin-bottom: 0px; padding: 0px; border: 0px; font: inherit; vertical-align: baseline;\">Profilaktyka oty\u0142o\u015bci, ocena kondycji masy cia\u0142a<\/p><\/li><li style=\"margin: 0px; padding: 0px; border: 0px; font: inherit; vertical-align: baseline;\"><p align=\"left\" style=\"margin-bottom: 0px; padding: 0px; border: 0px; font: inherit; vertical-align: baseline;\">Przewlek\u0142a choroba nerek<\/p><\/li><li style=\"margin: 0px; padding: 0px; border: 0px; font: inherit; vertical-align: baseline;\"><p align=\"left\" style=\"margin-bottom: 0px; padding: 0px; border: 0px; font: inherit; vertical-align: baseline;\">Choroby dolnych dr\u00f3g moczowych<\/p><\/li><li style=\"margin: 0px; padding: 0px; border: 0px; font: inherit; vertical-align: baseline;\"><p align=\"left\" style=\"margin-bottom: 0px; padding: 0px; border: 0px; font: inherit; vertical-align: baseline;\">Problemy dermatologiczne<\/p><\/li><li style=\"margin: 0px; padding: 0px; border: 0px; font: inherit; vertical-align: baseline;\"><p align=\"left\" style=\"margin-bottom: 0px; padding: 0px; border: 0px; font: inherit; vertical-align: baseline;\">Choroba nowotworowa<\/p><\/li><li style=\"margin: 0px; padding: 0px; border: 0px; font: inherit; vertical-align: baseline;\"><p align=\"left\" style=\"margin-bottom: 0px; padding: 0px; border: 0px; font: inherit; vertical-align: baseline;\">Pacjent po zabiegach chirurgicznych i urazach, stany krytyczne<\/p><\/li><li style=\"margin: 0px; padding: 0px; border: 0px; font: inherit; vertical-align: baseline;\"><p align=\"left\" style=\"margin-bottom: 0px; padding: 0px; border: 0px; font: inherit; vertical-align: baseline;\">Cukrzyca<\/p><\/li><li style=\"margin: 0px; padding: 0px; border: 0px; font: inherit; vertical-align: baseline;\"><p align=\"left\" style=\"margin-bottom: 0px; padding: 0px; border: 0px; font: inherit; vertical-align: baseline;\">\u017bywienie zwierz\u0105t laboratoryjnych<\/p><\/li><\/ul><p align=\"left\" style=\"margin-bottom: 1rem; padding: 0px; border: 0px; font-variant-numeric: inherit; font-variant-east-asian: inherit; font-stretch: inherit; line-height: inherit; font-family: Ubuntu; vertical-align: baseline; color: rgb(33, 37, 41);\">Po zako\u0144czeniu szkolenia Uczestnicy kursu otrzymaj\u0105 od nas:<\/p><ol style=\"margin-bottom: 1rem; margin-left: 0px; padding-left: 30px; border: 0px; font-variant-numeric: inherit; font-variant-east-asian: inherit; font-stretch: inherit; line-height: inherit; font-family: Ubuntu; vertical-align: baseline; list-style-type: lower-latin; color: rgb(33, 37, 41);\"><li style=\"margin: 0px; padding: 0px; border: 0px; font: inherit; vertical-align: baseline;\">Certyfikat uko\u0144czenia kursu dietetyki weterynaryjnej (w j. polskim oraz w j. angielskim )<\/li><li style=\"margin: 0px; padding: 0px; border: 0px; font: inherit; vertical-align: baseline;\">Za\u015bwiadczenie na druku MEN<\/li><\/ol>\t\t\t\t\t\t\t\t<\/div>\n\t\t\t\t<\/div>\n\t\t\t\t<section class=\"elementor-section elementor-inner-section elementor-element elementor-element-e619e6e elementor-section-boxed elementor-section-height-default elementor-section-height-default\" data-id=\"e619e6e\" data-element_type=\"section\" data-e-type=\"section\">\n\t\t\t\t\t\t<div class=\"elementor-container elementor-column-gap-default\">\n\t\t\t\t\t<div class=\"elementor-column elementor-col-100 elementor-inner-column elementor-element elementor-element-9336a0a\" data-id=\"9336a0a\" data-element_type=\"column\" data-e-type=\"column\">\n\t\t\t<div class=\"elementor-widget-wrap elementor-element-populated\">\n\t\t\t\t\t\t<div class=\"elementor-element elementor-element-e447b37 elementor-widget elementor-widget-rs-button\" data-id=\"e447b37\" data-element_type=\"widget\" data-e-type=\"widget\" data-widget_type=\"rs-button.default\">\n\t\t\t\t<div class=\"elementor-widget-container\">\n\t\t\t\t\t\t\r\n\t\t\r\n\t\t<div class=\"rs-view-btn\">\r\n\t\t\t\t\t\t<a class=\"rs-btn rs-btnblack rs-btn-style1\" href=\"tel:+48698592960\" >\t\t\t\t\r\n\t\t\t\t<span class=\"rs_btn__text\"><span class=\"btn_text\">ZADZWO\u0143 - Monika 698 592 960<\/span><\/span>\r\n\t\t\t<\/a>\r\n\t\t<\/div>    \r\n\t\t\t\t\t<\/div>\n\t\t\t\t<\/div>\n\t\t\t\t<div class=\"elementor-element elementor-element-46590db elementor-widget elementor-widget-rs-button\" data-id=\"46590db\" data-element_type=\"widget\" data-e-type=\"widget\" data-widget_type=\"rs-button.default\">\n\t\t\t\t<div class=\"elementor-widget-container\">\n\t\t\t\t\t\t\r\n\t\t\r\n\t\t<div class=\"rs-view-btn\">\r\n\t\t\t\t\t\t<a class=\"rs-btn rs-btnblack rs-btn-style1\" href=\"tel:+48%20730726780\" >\t\t\t\t\r\n\t\t\t\t<span class=\"rs_btn__text\"><span class=\"btn_text\">ZADZWO\u0143 - Viktoria 730 726 780<\/span><\/span>\r\n\t\t\t<\/a>\r\n\t\t<\/div>    \r\n\t\t\t\t\t<\/div>\n\t\t\t\t<\/div>\n\t\t\t\t\t<\/div>\n\t\t<\/div>\n\t\t\t\t\t<\/div>\n\t\t<\/section>\n\t\t\t\t\t<\/div>\n\t\t<\/div>\n\t\t\t\t\t<\/div>\n\t\t<\/section>\n\t\t\t\t<\/div>\n\t\t","protected":false},"excerpt":{"rendered":"<p>Kurs sk\u0142ada si\u0119 z 30 godzin dydaktycznych (1h \u2013 45 min). Szkolenie trwa: w weekendy \u2013 4 dni, w godzinach 9:00 \u2013 15:00 W programie m.in.: Wprowadzenie Anatomia i fizjologia przewodu pokarmowego Podstawy fizjologii \u017cywienia Regulacja \u0142aknienia Trawienie Strawno\u015b\u0107 Sk\u0142adniki pokarmowe Woda Energia Przyk\u0142ady wylicze\u0144 Czynniki wp\u0142ywaj\u0105ce na wielko\u015bci dawek Witaminy i zwi\u0105zki mineralne \u017bywienie&#8230;<\/p>\n","protected":false},"author":1,"featured_media":0,"parent":332,"menu_order":0,"comment_status":"closed","ping_status":"closed","template":"","meta":{"footnotes":""},"class_list":["post-344","page","type-page","status-publish","hentry"],"yoast_head":"<!-- This site is optimized with the Yoast SEO plugin v26.9 - https:\/\/yoast.com\/product\/yoast-seo-wordpress\/ -->\n<title>Dietetyka weterynaryjna - Akademia Zdrowia Bydgoszcz<\/title>\n<meta name=\"robots\" content=\"index, follow, max-snippet:-1, max-image-preview:large, max-video-preview:-1\" \/>\n<link rel=\"canonical\" href=\"https:\/\/akademia-zdrowia.pl\/bydgoszcz\/oferta-szkoleniowa\/kursy-i-szkolenia\/kursy-weterynaryjne\/dietetyka-weterynaryjna\/\" \/>\n<meta property=\"og:locale\" content=\"pl_PL\" \/>\n<meta property=\"og:type\" content=\"article\" \/>\n<meta property=\"og:title\" content=\"Dietetyka weterynaryjna - Akademia Zdrowia Bydgoszcz\" \/>\n<meta property=\"og:description\" content=\"Kurs sk\u0142ada si\u0119 z 30 godzin dydaktycznych (1h \u2013 45 min). Szkolenie trwa: w weekendy \u2013 4 dni, w godzinach 9:00 \u2013 15:00 W programie m.in.: Wprowadzenie Anatomia i fizjologia przewodu pokarmowego Podstawy fizjologii \u017cywienia Regulacja \u0142aknienia Trawienie Strawno\u015b\u0107 Sk\u0142adniki pokarmowe Woda Energia Przyk\u0142ady wylicze\u0144 Czynniki wp\u0142ywaj\u0105ce na wielko\u015bci dawek Witaminy i zwi\u0105zki mineralne \u017bywienie...\" \/>\n<meta property=\"og:url\" content=\"https:\/\/akademia-zdrowia.pl\/bydgoszcz\/oferta-szkoleniowa\/kursy-i-szkolenia\/kursy-weterynaryjne\/dietetyka-weterynaryjna\/\" \/>\n<meta property=\"og:site_name\" content=\"Akademia Zdrowia Bydgoszcz\" \/>\n<meta property=\"article:modified_time\" content=\"2026-03-23T14:23:05+00:00\" \/>\n<meta name=\"twitter:card\" content=\"summary_large_image\" \/>\n<meta name=\"twitter:label1\" content=\"Szacowany czas czytania\" \/>\n\t<meta name=\"twitter:data1\" content=\"1 minuta\" \/>\n<script type=\"application\/ld+json\" class=\"yoast-schema-graph\">{\"@context\":\"https:\/\/schema.org\",\"@graph\":[{\"@type\":\"WebPage\",\"@id\":\"https:\/\/akademia-zdrowia.pl\/bydgoszcz\/oferta-szkoleniowa\/kursy-i-szkolenia\/kursy-weterynaryjne\/dietetyka-weterynaryjna\/\",\"url\":\"https:\/\/akademia-zdrowia.pl\/bydgoszcz\/oferta-szkoleniowa\/kursy-i-szkolenia\/kursy-weterynaryjne\/dietetyka-weterynaryjna\/\",\"name\":\"Dietetyka weterynaryjna - Akademia Zdrowia Bydgoszcz\",\"isPartOf\":{\"@id\":\"https:\/\/akademia-zdrowia.pl\/bydgoszcz\/#website\"},\"datePublished\":\"2018-01-10T08:50:47+00:00\",\"dateModified\":\"2026-03-23T14:23:05+00:00\",\"breadcrumb\":{\"@id\":\"https:\/\/akademia-zdrowia.pl\/bydgoszcz\/oferta-szkoleniowa\/kursy-i-szkolenia\/kursy-weterynaryjne\/dietetyka-weterynaryjna\/#breadcrumb\"},\"inLanguage\":\"pl-PL\",\"potentialAction\":[{\"@type\":\"ReadAction\",\"target\":[\"https:\/\/akademia-zdrowia.pl\/bydgoszcz\/oferta-szkoleniowa\/kursy-i-szkolenia\/kursy-weterynaryjne\/dietetyka-weterynaryjna\/\"]}]},{\"@type\":\"BreadcrumbList\",\"@id\":\"https:\/\/akademia-zdrowia.pl\/bydgoszcz\/oferta-szkoleniowa\/kursy-i-szkolenia\/kursy-weterynaryjne\/dietetyka-weterynaryjna\/#breadcrumb\",\"itemListElement\":[{\"@type\":\"ListItem\",\"position\":1,\"name\":\"Strona g\u0142\u00f3wna\",\"item\":\"https:\/\/akademia-zdrowia.pl\/bydgoszcz\/\"},{\"@type\":\"ListItem\",\"position\":2,\"name\":\"Oferta szkoleniowa\",\"item\":\"https:\/\/akademia-zdrowia.pl\/bydgoszcz\/oferta-szkoleniowa\/\"},{\"@type\":\"ListItem\",\"position\":3,\"name\":\"Kursy i szkolenia\",\"item\":\"https:\/\/akademia-zdrowia.pl\/bydgoszcz\/oferta-szkoleniowa\/kursy-i-szkolenia\/\"},{\"@type\":\"ListItem\",\"position\":4,\"name\":\"Kursy weterynaryjne\",\"item\":\"https:\/\/akademia-zdrowia.pl\/bydgoszcz\/oferta-szkoleniowa\/kursy-i-szkolenia\/kursy-weterynaryjne\/\"},{\"@type\":\"ListItem\",\"position\":5,\"name\":\"Dietetyka weterynaryjna\"}]},{\"@type\":\"WebSite\",\"@id\":\"https:\/\/akademia-zdrowia.pl\/bydgoszcz\/#website\",\"url\":\"https:\/\/akademia-zdrowia.pl\/bydgoszcz\/\",\"name\":\"Akademia Zdrowia Bydgoszcz\",\"description\":\"Kolejna witryna oparta na WordPressie\",\"potentialAction\":[{\"@type\":\"SearchAction\",\"target\":{\"@type\":\"EntryPoint\",\"urlTemplate\":\"https:\/\/akademia-zdrowia.pl\/bydgoszcz\/?s={search_term_string}\"},\"query-input\":{\"@type\":\"PropertyValueSpecification\",\"valueRequired\":true,\"valueName\":\"search_term_string\"}}],\"inLanguage\":\"pl-PL\"}]}<\/script>\n<!-- \/ Yoast SEO plugin. -->","yoast_head_json":{"title":"Dietetyka weterynaryjna - Akademia Zdrowia Bydgoszcz","robots":{"index":"index","follow":"follow","max-snippet":"max-snippet:-1","max-image-preview":"max-image-preview:large","max-video-preview":"max-video-preview:-1"},"canonical":"https:\/\/akademia-zdrowia.pl\/bydgoszcz\/oferta-szkoleniowa\/kursy-i-szkolenia\/kursy-weterynaryjne\/dietetyka-weterynaryjna\/","og_locale":"pl_PL","og_type":"article","og_title":"Dietetyka weterynaryjna - Akademia Zdrowia Bydgoszcz","og_description":"Kurs sk\u0142ada si\u0119 z 30 godzin dydaktycznych (1h \u2013 45 min). Szkolenie trwa: w weekendy \u2013 4 dni, w godzinach 9:00 \u2013 15:00 W programie m.in.: Wprowadzenie Anatomia i fizjologia przewodu pokarmowego Podstawy fizjologii \u017cywienia Regulacja \u0142aknienia Trawienie Strawno\u015b\u0107 Sk\u0142adniki pokarmowe Woda Energia Przyk\u0142ady wylicze\u0144 Czynniki wp\u0142ywaj\u0105ce na wielko\u015bci dawek Witaminy i zwi\u0105zki mineralne \u017bywienie...","og_url":"https:\/\/akademia-zdrowia.pl\/bydgoszcz\/oferta-szkoleniowa\/kursy-i-szkolenia\/kursy-weterynaryjne\/dietetyka-weterynaryjna\/","og_site_name":"Akademia Zdrowia Bydgoszcz","article_modified_time":"2026-03-23T14:23:05+00:00","twitter_card":"summary_large_image","twitter_misc":{"Szacowany czas czytania":"1 minuta"},"schema":{"@context":"https:\/\/schema.org","@graph":[{"@type":"WebPage","@id":"https:\/\/akademia-zdrowia.pl\/bydgoszcz\/oferta-szkoleniowa\/kursy-i-szkolenia\/kursy-weterynaryjne\/dietetyka-weterynaryjna\/","url":"https:\/\/akademia-zdrowia.pl\/bydgoszcz\/oferta-szkoleniowa\/kursy-i-szkolenia\/kursy-weterynaryjne\/dietetyka-weterynaryjna\/","name":"Dietetyka weterynaryjna - Akademia Zdrowia Bydgoszcz","isPartOf":{"@id":"https:\/\/akademia-zdrowia.pl\/bydgoszcz\/#website"},"datePublished":"2018-01-10T08:50:47+00:00","dateModified":"2026-03-23T14:23:05+00:00","breadcrumb":{"@id":"https:\/\/akademia-zdrowia.pl\/bydgoszcz\/oferta-szkoleniowa\/kursy-i-szkolenia\/kursy-weterynaryjne\/dietetyka-weterynaryjna\/#breadcrumb"},"inLanguage":"pl-PL","potentialAction":[{"@type":"ReadAction","target":["https:\/\/akademia-zdrowia.pl\/bydgoszcz\/oferta-szkoleniowa\/kursy-i-szkolenia\/kursy-weterynaryjne\/dietetyka-weterynaryjna\/"]}]},{"@type":"BreadcrumbList","@id":"https:\/\/akademia-zdrowia.pl\/bydgoszcz\/oferta-szkoleniowa\/kursy-i-szkolenia\/kursy-weterynaryjne\/dietetyka-weterynaryjna\/#breadcrumb","itemListElement":[{"@type":"ListItem","position":1,"name":"Strona g\u0142\u00f3wna","item":"https:\/\/akademia-zdrowia.pl\/bydgoszcz\/"},{"@type":"ListItem","position":2,"name":"Oferta szkoleniowa","item":"https:\/\/akademia-zdrowia.pl\/bydgoszcz\/oferta-szkoleniowa\/"},{"@type":"ListItem","position":3,"name":"Kursy i szkolenia","item":"https:\/\/akademia-zdrowia.pl\/bydgoszcz\/oferta-szkoleniowa\/kursy-i-szkolenia\/"},{"@type":"ListItem","position":4,"name":"Kursy weterynaryjne","item":"https:\/\/akademia-zdrowia.pl\/bydgoszcz\/oferta-szkoleniowa\/kursy-i-szkolenia\/kursy-weterynaryjne\/"},{"@type":"ListItem","position":5,"name":"Dietetyka weterynaryjna"}]},{"@type":"WebSite","@id":"https:\/\/akademia-zdrowia.pl\/bydgoszcz\/#website","url":"https:\/\/akademia-zdrowia.pl\/bydgoszcz\/","name":"Akademia Zdrowia Bydgoszcz","description":"Kolejna witryna oparta na WordPressie","potentialAction":[{"@type":"SearchAction","target":{"@type":"EntryPoint","urlTemplate":"https:\/\/akademia-zdrowia.pl\/bydgoszcz\/?s={search_term_string}"},"query-input":{"@type":"PropertyValueSpecification","valueRequired":true,"valueName":"search_term_string"}}],"inLanguage":"pl-PL"}]}},"_links":{"self":[{"href":"https:\/\/akademia-zdrowia.pl\/bydgoszcz\/wp-json\/wp\/v2\/pages\/344","targetHints":{"allow":["GET"]}}],"collection":[{"href":"https:\/\/akademia-zdrowia.pl\/bydgoszcz\/wp-json\/wp\/v2\/pages"}],"about":[{"href":"https:\/\/akademia-zdrowia.pl\/bydgoszcz\/wp-json\/wp\/v2\/types\/page"}],"author":[{"embeddable":true,"href":"https:\/\/akademia-zdrowia.pl\/bydgoszcz\/wp-json\/wp\/v2\/users\/1"}],"replies":[{"embeddable":true,"href":"https:\/\/akademia-zdrowia.pl\/bydgoszcz\/wp-json\/wp\/v2\/comments?post=344"}],"version-history":[{"count":15,"href":"https:\/\/akademia-zdrowia.pl\/bydgoszcz\/wp-json\/wp\/v2\/pages\/344\/revisions"}],"predecessor-version":[{"id":3593,"href":"https:\/\/akademia-zdrowia.pl\/bydgoszcz\/wp-json\/wp\/v2\/pages\/344\/revisions\/3593"}],"up":[{"embeddable":true,"href":"https:\/\/akademia-zdrowia.pl\/bydgoszcz\/wp-json\/wp\/v2\/pages\/332"}],"wp:attachment":[{"href":"https:\/\/akademia-zdrowia.pl\/bydgoszcz\/wp-json\/wp\/v2\/media?parent=344"}],"curies":[{"name":"wp","href":"https:\/\/api.w.org\/{rel}","templated":true}]}}