{"id":3548,"date":"2026-03-20T11:34:04","date_gmt":"2026-03-20T10:34:04","guid":{"rendered":"https:\/\/akademia-zdrowia.pl\/bydgoszcz\/?page_id=3548"},"modified":"2026-03-20T11:37:05","modified_gmt":"2026-03-20T10:37:05","slug":"szkolenia-dla-oswiaty","status":"publish","type":"page","link":"https:\/\/akademia-zdrowia.pl\/bydgoszcz\/szkolenia-dla-oswiaty\/","title":{"rendered":"Szkolenia dla O\u015bwiaty"},"content":{"rendered":"\t\t<div data-elementor-type=\"wp-page\" data-elementor-id=\"3548\" class=\"elementor elementor-3548\" data-elementor-post-type=\"page\">\n\t\t\t\t\t\t<section class=\"elementor-section elementor-top-section elementor-element elementor-element-60509ac elementor-section-boxed elementor-section-height-default elementor-section-height-default\" data-id=\"60509ac\" data-element_type=\"section\" data-e-type=\"section\">\n\t\t\t\t\t\t<div class=\"elementor-container elementor-column-gap-default\">\n\t\t\t\t\t<div class=\"elementor-column elementor-col-100 elementor-top-column elementor-element elementor-element-ca8b21a\" data-id=\"ca8b21a\" data-element_type=\"column\" data-e-type=\"column\">\n\t\t\t<div class=\"elementor-widget-wrap elementor-element-populated\">\n\t\t\t\t\t\t<div class=\"elementor-element elementor-element-2d37f38 elementor-widget elementor-widget-rs-heading\" data-id=\"2d37f38\" data-element_type=\"widget\" data-e-type=\"widget\" data-widget_type=\"rs-heading.default\">\n\t\t\t\t<div class=\"elementor-widget-container\">\n\t\t\t\t\t        <div class=\"rs-heading default \">\r\n        \t<div class=\"title-inner\">\r\n        \t\t      \t\t\r\n\t            <span class=\"sub-text \">AKADEMIA ZDROWIA DLA O\u015aWIATY<\/span><h1 class=\"title\"><span class=\"watermark\"><\/span>Szkolenia dla O\u015bwiaty<\/h1>\t        <\/div>\r\n\t                <\/div>\r\n        \t\t\t\t<\/div>\n\t\t\t\t<\/div>\n\t\t\t\t\t<\/div>\n\t\t<\/div>\n\t\t\t\t\t<\/div>\n\t\t<\/section>\n\t\t\t\t<section class=\"elementor-section elementor-top-section elementor-element elementor-element-427bae3 elementor-section-stretched elementor-section-boxed elementor-section-height-default elementor-section-height-default\" data-id=\"427bae3\" data-element_type=\"section\" data-e-type=\"section\" data-settings=\"{&quot;background_background&quot;:&quot;classic&quot;,&quot;stretch_section&quot;:&quot;section-stretched&quot;}\">\n\t\t\t\t\t\t<div class=\"elementor-container elementor-column-gap-default\">\n\t\t\t\t\t<div class=\"elementor-column elementor-col-50 elementor-top-column elementor-element elementor-element-22a3bfd\" data-id=\"22a3bfd\" data-element_type=\"column\" data-e-type=\"column\">\n\t\t\t<div class=\"elementor-widget-wrap elementor-element-populated\">\n\t\t\t\t\t\t<div class=\"elementor-element elementor-element-d38d89a elementor-widget elementor-widget-rs-heading\" data-id=\"d38d89a\" data-element_type=\"widget\" data-e-type=\"widget\" data-widget_type=\"rs-heading.default\">\n\t\t\t\t<div class=\"elementor-widget-container\">\n\t\t\t\t\t        <div class=\"rs-heading default \">\r\n        \t<div class=\"title-inner\">\r\n        \t\t      \t\t\r\n\t            <span class=\"sub-text \">JAK WYGL\u0104DA SZKOLENIE<\/span><h2 class=\"title\"><span class=\"watermark\"><\/span>Program szkolenia<\/h2>\t        <\/div>\r\n\t                    \t<div class=\"description\">\r\n            \t\t<p><strong>W Akademii Zdrowia pomagamy firmom, instytucjom oraz osobom fizycznym w uzyskaniu dofinansowania nawet do 100% koszt\u00f3w szkole\u0144 zawodowych i rozwojowych.<\/strong><\/p><p>Od stycznia w ca\u0142ej Polsce ruszy\u0142y nabory na \u015brodki z Krajowego Funduszu Szkoleniowego (KFS) Ministerstwa Rodziny i Polityki Spo\u0142ecznej przeznaczone na szkolenia pracownik\u00f3w i pracodawc\u00f3w.<\/p><p>Kolejna mo\u017cliwo\u015b\u0107 sfinansowania szkole\u0144 to Baza Us\u0142ug Rozwojowych.<\/p><p>Bony szkoleniowe to bezpo\u015brednie wsparcie w ramach realizowanych projekt\u00f3w. Jest to doskona\u0142y i wygodny spos\u00f3b finansowania szkole\u0144, poszerzania wiedzy, nabywania nowych kompetencji, zdobywania potrzebnych kwalifikacji.<\/p><p>\u015arodki pozyskane z KFS i BUR mog\u0105 by\u0107 przeznaczone na organizowane przez Akademi\u0119 Zdrowia szkolenia dla o\u015bwiaty takie jak:<\/p><ul><li>Od zm\u0119czenia do motywacji-skuteczne strategie przeciwdzia\u0142ania wypaleniu zawodowemu.<\/li><li>Jak nie straci\u0107 pasji do nauczania-profilaktyka wypalenia zawodowego nauczycieli.<\/li><li>Rozmowa, kt\u00f3ra nie ko\u0144czy si\u0119 konfliktem-jak wsp\u00f3\u0142pracowa\u0107 z trudnym rodzicem.<\/li><li>Opanowanie i profesjonalizm-jak reagowa\u0107 na presj\u0119 i pretensje rodzic\u00f3w.<\/li><li>Wybrane metody pracy z dzie\u0107mi o specjalnych potrzebach edukacyjnych.<\/li><li>Konflikt w szkole: rodzaje, przyczyny, przeciwdzia\u0142anie.<\/li><li>Uzale\u017cnienia dzieci i m\u0142odzie\u017cy-jak rozpozna\u0107? Jak pom\u00f3c? Jak przeciwdzia\u0142a\u0107?<\/li><li>Inspiruj\u0105ce przestrzenie edukacyjne oraz zabawy rozwojowe.<\/li><li>Pozytywna dyscyplina w przedszkolu\/szkole<\/li><li>Terapia r\u0119ki w praktyce-wspieranie rozwoju motorycznego dziecka.<\/li><li>Wypalenie zawodowe i techniki redukcji stresu\/Mindfulness.<\/li><li>Poprawa zarz\u0105dzania i komunikacji w szkole w oparciu o zasady przeciwdzia\u0142ania dyskryminacji i mobbingowi.<\/li><\/ul><p>Wylorzystaj szanse i podnie\u015b swoje kwalifikacje zawodowe. <strong>Zapraszamy do kontaktu : 698-592-960<\/strong><\/p>            \t\t\r\n            \t<\/div>\r\n        \t        <\/div>\r\n        \t\t\t\t<\/div>\n\t\t\t\t<\/div>\n\t\t\t\t<div class=\"elementor-element elementor-element-93f0bd4 elementor-widget elementor-widget-rs-button\" data-id=\"93f0bd4\" data-element_type=\"widget\" data-e-type=\"widget\" data-widget_type=\"rs-button.default\">\n\t\t\t\t<div class=\"elementor-widget-container\">\n\t\t\t\t\t\t\r\n\t\t\r\n\t\t<div class=\"rs-view-btn\">\r\n\t\t\t\t\t\t<a class=\"rs-btn rs-btnblack rs-btn-style1\" href=\"tel:+48698592960\" >\t\t\t\t\r\n\t\t\t\t<span class=\"rs_btn__text\"><span class=\"btn_text\">MASZ PYTANIA ? ZADZWO\u0143 - 698 592 960<\/span><\/span>\r\n\t\t\t<\/a>\r\n\t\t<\/div>    \r\n\t\t\t\t\t<\/div>\n\t\t\t\t<\/div>\n\t\t\t\t\t<\/div>\n\t\t<\/div>\n\t\t\t\t<div class=\"elementor-column elementor-col-50 elementor-top-column elementor-element elementor-element-fa158dc\" data-id=\"fa158dc\" data-element_type=\"column\" data-e-type=\"column\">\n\t\t\t<div class=\"elementor-widget-wrap elementor-element-populated\">\n\t\t\t\t\t\t<div class=\"elementor-element elementor-element-5b90f5d elementor-widget elementor-widget-image\" data-id=\"5b90f5d\" data-element_type=\"widget\" data-e-type=\"widget\" data-widget_type=\"image.default\">\n\t\t\t\t<div class=\"elementor-widget-container\">\n\t\t\t\t\t\t\t\t\t\t\t\t\t\t\t<img fetchpriority=\"high\" decoding=\"async\" width=\"561\" height=\"841\" src=\"https:\/\/akademia-zdrowia.pl\/bydgoszcz\/wp-content\/uploads\/2026\/03\/szkolenia_dla_oswiaty.png\" class=\"attachment-large size-large wp-image-3556\" alt=\"\" srcset=\"https:\/\/akademia-zdrowia.pl\/bydgoszcz\/wp-content\/uploads\/2026\/03\/szkolenia_dla_oswiaty.png 561w, https:\/\/akademia-zdrowia.pl\/bydgoszcz\/wp-content\/uploads\/2026\/03\/szkolenia_dla_oswiaty-200x300.png 200w, https:\/\/akademia-zdrowia.pl\/bydgoszcz\/wp-content\/uploads\/2026\/03\/szkolenia_dla_oswiaty-500x750.png 500w\" sizes=\"(max-width: 561px) 100vw, 561px\" \/>\t\t\t\t\t\t\t\t\t\t\t\t\t\t\t<\/div>\n\t\t\t\t<\/div>\n\t\t\t\t\t<\/div>\n\t\t<\/div>\n\t\t\t\t\t<\/div>\n\t\t<\/section>\n\t\t\t\t<section class=\"elementor-section elementor-top-section elementor-element elementor-element-a0b9b06 elementor-section-boxed elementor-section-height-default elementor-section-height-default\" data-id=\"a0b9b06\" data-element_type=\"section\" data-e-type=\"section\" data-settings=\"{&quot;background_background&quot;:&quot;classic&quot;}\">\n\t\t\t\t\t\t<div class=\"elementor-container elementor-column-gap-default\">\n\t\t\t\t\t<div class=\"elementor-column elementor-col-50 elementor-top-column elementor-element elementor-element-e82dad4\" data-id=\"e82dad4\" data-element_type=\"column\" data-e-type=\"column\">\n\t\t\t<div class=\"elementor-widget-wrap elementor-element-populated\">\n\t\t\t\t\t\t<div class=\"elementor-element elementor-element-3089b9d elementor-widget-mobile__width-initial elementor-widget elementor-widget-rs-heading\" data-id=\"3089b9d\" data-element_type=\"widget\" data-e-type=\"widget\" data-widget_type=\"rs-heading.default\">\n\t\t\t\t<div class=\"elementor-widget-container\">\n\t\t\t\t\t        <div class=\"rs-heading default \">\r\n        \t<div class=\"title-inner\">\r\n        \t\t      \t\t\r\n\t            <span class=\"sub-text \">SZUKASZ SZKOLENIA?<\/span><h3 class=\"title\"><span class=\"watermark\"><\/span>Zadzwo\u0144 doradzimy, zorganizujemy, pomo\u017cemy zdoby\u0107 dofinansowanie!\n<\/h3>\t        <\/div>\r\n\t                <\/div>\r\n        \t\t\t\t<\/div>\n\t\t\t\t<\/div>\n\t\t\t\t<div class=\"elementor-element elementor-element-dcd7711 elementor-widget elementor-widget-text-editor\" data-id=\"dcd7711\" data-element_type=\"widget\" data-e-type=\"widget\" data-widget_type=\"text-editor.default\">\n\t\t\t\t<div class=\"elementor-widget-container\">\n\t\t\t\t\t\t\t\t\t<p><strong>Od 20 lat specjalizujemy si\u0119 w szkoleniach! <\/strong>Rozszerz swoje kompetencje i zdob\u0105d\u017a nowy zaw\u00f3d. Skontaktuj si\u0119 z nami \u2013 doradzimy, zorganizujemy i pomo\u017cemy w uzyskaniu finansowania!<\/p>\t\t\t\t\t\t\t\t<\/div>\n\t\t\t\t<\/div>\n\t\t\t\t\t<\/div>\n\t\t<\/div>\n\t\t\t\t<div class=\"elementor-column elementor-col-50 elementor-top-column elementor-element elementor-element-c516edb\" data-id=\"c516edb\" data-element_type=\"column\" data-e-type=\"column\">\n\t\t\t<div class=\"elementor-widget-wrap elementor-element-populated\">\n\t\t\t\t\t\t<div class=\"elementor-element elementor-element-fb3b79d elementor-widget elementor-widget-image\" data-id=\"fb3b79d\" data-element_type=\"widget\" data-e-type=\"widget\" data-widget_type=\"image.default\">\n\t\t\t\t<div class=\"elementor-widget-container\">\n\t\t\t\t\t\t\t\t\t\t\t\t\t\t\t<img decoding=\"async\" width=\"640\" height=\"496\" src=\"https:\/\/akademia-zdrowia.pl\/bydgoszcz\/wp-content\/uploads\/2026\/03\/banner-do-o-nas-3-szt_2-1.png\" class=\"attachment-large size-large wp-image-3566\" alt=\"\" srcset=\"https:\/\/akademia-zdrowia.pl\/bydgoszcz\/wp-content\/uploads\/2026\/03\/banner-do-o-nas-3-szt_2-1.png 683w, https:\/\/akademia-zdrowia.pl\/bydgoszcz\/wp-content\/uploads\/2026\/03\/banner-do-o-nas-3-szt_2-1-300x232.png 300w, https:\/\/akademia-zdrowia.pl\/bydgoszcz\/wp-content\/uploads\/2026\/03\/banner-do-o-nas-3-szt_2-1-500x387.png 500w\" sizes=\"(max-width: 640px) 100vw, 640px\" \/>\t\t\t\t\t\t\t\t\t\t\t\t\t\t\t<\/div>\n\t\t\t\t<\/div>\n\t\t\t\t\t<\/div>\n\t\t<\/div>\n\t\t\t\t\t<\/div>\n\t\t<\/section>\n\t\t\t\t<section class=\"elementor-section elementor-top-section elementor-element elementor-element-3093d79 elementor-section-stretched elementor-section-boxed elementor-section-height-default elementor-section-height-default\" data-id=\"3093d79\" data-element_type=\"section\" data-e-type=\"section\" data-settings=\"{&quot;background_background&quot;:&quot;classic&quot;,&quot;stretch_section&quot;:&quot;section-stretched&quot;}\">\n\t\t\t\t\t\t<div class=\"elementor-container elementor-column-gap-default\">\n\t\t\t\t\t<div class=\"elementor-column elementor-col-50 elementor-top-column elementor-element elementor-element-354e5bb\" data-id=\"354e5bb\" data-element_type=\"column\" data-e-type=\"column\" data-settings=\"{&quot;background_background&quot;:&quot;classic&quot;}\">\n\t\t\t<div class=\"elementor-widget-wrap elementor-element-populated\">\n\t\t\t\t\t\t<div class=\"elementor-element elementor-element-d3a35b1 elementor-widget-mobile__width-initial elementor-widget elementor-widget-rs-heading\" data-id=\"d3a35b1\" data-element_type=\"widget\" data-e-type=\"widget\" data-widget_type=\"rs-heading.default\">\n\t\t\t\t<div class=\"elementor-widget-container\">\n\t\t\t\t\t        <div class=\"rs-heading default \">\r\n        \t<div class=\"title-inner\">\r\n        \t\t      \t\t\r\n\t            <span class=\"sub-text \">MASZ PYTANIA<\/span><h2 class=\"title\"><span class=\"watermark\"><\/span>Skontaktuj  si\u0119 z nami!<\/h2>\t        <\/div>\r\n\t                    \t<div class=\"description\">\r\n            \t\t<p>Kliknij aby zadzwoni\u0107 do opiekuna kurs\u00f3w beauty.<\/p>            \t\t\r\n            \t<\/div>\r\n        \t        <\/div>\r\n        \t\t\t\t<\/div>\n\t\t\t\t<\/div>\n\t\t\t\t<div class=\"elementor-element elementor-element-ea7070a elementor-widget elementor-widget-rs-button\" data-id=\"ea7070a\" data-element_type=\"widget\" data-e-type=\"widget\" data-widget_type=\"rs-button.default\">\n\t\t\t\t<div class=\"elementor-widget-container\">\n\t\t\t\t\t\t\r\n\t\t\r\n\t\t<div class=\"rs-view-btn\">\r\n\t\t\t\t\t\t<a class=\"rs-btn rs-btnblack rs-btn-style1\" href=\"tel:+48228622960\" >\t\t\t\t\r\n\t\t\t\t<span class=\"rs_btn__text\"><span class=\"btn_text\">ZADZWO\u0143<\/span><\/span>\r\n\t\t\t<\/a>\r\n\t\t<\/div>    \r\n\t\t\t\t\t<\/div>\n\t\t\t\t<\/div>\n\t\t\t\t\t<\/div>\n\t\t<\/div>\n\t\t\t\t<div class=\"elementor-column elementor-col-50 elementor-top-column elementor-element elementor-element-5d82cd9\" data-id=\"5d82cd9\" data-element_type=\"column\" data-e-type=\"column\">\n\t\t\t<div class=\"elementor-widget-wrap elementor-element-populated\">\n\t\t\t\t\t\t<div class=\"elementor-element elementor-element-50de58d elementor-widget elementor-widget-rs-heading\" data-id=\"50de58d\" data-element_type=\"widget\" data-e-type=\"widget\" data-widget_type=\"rs-heading.default\">\n\t\t\t\t<div class=\"elementor-widget-container\">\n\t\t\t\t\t        <div class=\"rs-heading default \">\r\n        \t<div class=\"title-inner\">\r\n        \t\t      \t\t\r\n\t            <span class=\"sub-text \">ZAUFANY PARTNER<\/span><h2 class=\"title\"><span class=\"watermark\"><\/span>Dlaczego warto wybra\u0107 nas<\/h2>\t        <\/div>\r\n\t                    \t<div class=\"description\">\r\n            \t\t<p>Zaufaj naszemu wieloletniemu do\u015bwiadczeniu i zespo\u0142owi specjalist\u00f3w. Oferujemy profesjonalne szkolenia, kt\u00f3re pomog\u0105 rozwija\u0107 Tw\u00f3j biznes. Wybieraj\u0105c nas, inwestujesz w sprawdzonego partnera, kt\u00f3ry wspiera sukces Twojej firmy. Skontaktuj si\u0119 z nami i zacznij rozwija\u0107 si\u0119 razem z nami!<\/p>            \t\t\r\n            \t<\/div>\r\n        \t        <\/div>\r\n        \t\t\t\t<\/div>\n\t\t\t\t<\/div>\n\t\t\t\t\t<\/div>\n\t\t<\/div>\n\t\t\t\t\t<\/div>\n\t\t<\/section>\n\t\t\t\t<\/div>\n\t\t","protected":false},"excerpt":{"rendered":"<p>AKADEMIA ZDROWIA DLA O\u015aWIATY Szkolenia dla O\u015bwiaty JAK WYGL\u0104DA SZKOLENIE Program szkolenia W Akademii Zdrowia pomagamy firmom, instytucjom oraz osobom fizycznym w uzyskaniu dofinansowania nawet do 100% koszt\u00f3w szkole\u0144 zawodowych i rozwojowych. Od stycznia w ca\u0142ej Polsce ruszy\u0142y nabory na \u015brodki z Krajowego Funduszu Szkoleniowego (KFS) Ministerstwa Rodziny i Polityki Spo\u0142ecznej przeznaczone na szkolenia pracownik\u00f3w&#8230;<\/p>\n","protected":false},"author":4,"featured_media":0,"parent":0,"menu_order":0,"comment_status":"closed","ping_status":"closed","template":"","meta":{"footnotes":""},"class_list":["post-3548","page","type-page","status-publish","hentry"],"yoast_head":"<!-- This site is optimized with the Yoast SEO plugin v26.9 - https:\/\/yoast.com\/product\/yoast-seo-wordpress\/ -->\n<title>Szkolenia dla O\u015bwiaty - Akademia Zdrowia Bydgoszcz<\/title>\n<meta name=\"robots\" content=\"index, follow, max-snippet:-1, max-image-preview:large, max-video-preview:-1\" \/>\n<link rel=\"canonical\" href=\"https:\/\/akademia-zdrowia.pl\/bydgoszcz\/szkolenia-dla-oswiaty\/\" \/>\n<meta property=\"og:locale\" content=\"pl_PL\" \/>\n<meta property=\"og:type\" content=\"article\" \/>\n<meta property=\"og:title\" content=\"Szkolenia dla O\u015bwiaty - Akademia Zdrowia Bydgoszcz\" \/>\n<meta property=\"og:description\" content=\"AKADEMIA ZDROWIA DLA O\u015aWIATY Szkolenia dla O\u015bwiaty JAK WYGL\u0104DA SZKOLENIE Program szkolenia W Akademii Zdrowia pomagamy firmom, instytucjom oraz osobom fizycznym w uzyskaniu dofinansowania nawet do 100% koszt\u00f3w szkole\u0144 zawodowych i rozwojowych. Od stycznia w ca\u0142ej Polsce ruszy\u0142y nabory na \u015brodki z Krajowego Funduszu Szkoleniowego (KFS) Ministerstwa Rodziny i Polityki Spo\u0142ecznej przeznaczone na szkolenia pracownik\u00f3w...\" \/>\n<meta property=\"og:url\" content=\"https:\/\/akademia-zdrowia.pl\/bydgoszcz\/szkolenia-dla-oswiaty\/\" \/>\n<meta property=\"og:site_name\" content=\"Akademia Zdrowia Bydgoszcz\" \/>\n<meta property=\"article:modified_time\" content=\"2026-03-20T10:37:05+00:00\" \/>\n<meta property=\"og:image\" content=\"https:\/\/akademia-zdrowia.pl\/bydgoszcz\/wp-content\/uploads\/2026\/03\/szkolenia_dla_oswiaty.png\" \/>\n\t<meta property=\"og:image:width\" content=\"561\" \/>\n\t<meta property=\"og:image:height\" content=\"841\" \/>\n\t<meta property=\"og:image:type\" content=\"image\/png\" \/>\n<meta name=\"twitter:card\" content=\"summary_large_image\" \/>\n<meta name=\"twitter:label1\" content=\"Szacowany czas czytania\" \/>\n\t<meta name=\"twitter:data1\" content=\"3 minuty\" \/>\n<script type=\"application\/ld+json\" class=\"yoast-schema-graph\">{\"@context\":\"https:\/\/schema.org\",\"@graph\":[{\"@type\":\"WebPage\",\"@id\":\"https:\/\/akademia-zdrowia.pl\/bydgoszcz\/szkolenia-dla-oswiaty\/\",\"url\":\"https:\/\/akademia-zdrowia.pl\/bydgoszcz\/szkolenia-dla-oswiaty\/\",\"name\":\"Szkolenia dla O\u015bwiaty - Akademia Zdrowia Bydgoszcz\",\"isPartOf\":{\"@id\":\"https:\/\/akademia-zdrowia.pl\/bydgoszcz\/#website\"},\"primaryImageOfPage\":{\"@id\":\"https:\/\/akademia-zdrowia.pl\/bydgoszcz\/szkolenia-dla-oswiaty\/#primaryimage\"},\"image\":{\"@id\":\"https:\/\/akademia-zdrowia.pl\/bydgoszcz\/szkolenia-dla-oswiaty\/#primaryimage\"},\"thumbnailUrl\":\"https:\/\/akademia-zdrowia.pl\/bydgoszcz\/wp-content\/uploads\/2026\/03\/szkolenia_dla_oswiaty.png\",\"datePublished\":\"2026-03-20T10:34:04+00:00\",\"dateModified\":\"2026-03-20T10:37:05+00:00\",\"breadcrumb\":{\"@id\":\"https:\/\/akademia-zdrowia.pl\/bydgoszcz\/szkolenia-dla-oswiaty\/#breadcrumb\"},\"inLanguage\":\"pl-PL\",\"potentialAction\":[{\"@type\":\"ReadAction\",\"target\":[\"https:\/\/akademia-zdrowia.pl\/bydgoszcz\/szkolenia-dla-oswiaty\/\"]}]},{\"@type\":\"ImageObject\",\"inLanguage\":\"pl-PL\",\"@id\":\"https:\/\/akademia-zdrowia.pl\/bydgoszcz\/szkolenia-dla-oswiaty\/#primaryimage\",\"url\":\"https:\/\/akademia-zdrowia.pl\/bydgoszcz\/wp-content\/uploads\/2026\/03\/szkolenia_dla_oswiaty.png\",\"contentUrl\":\"https:\/\/akademia-zdrowia.pl\/bydgoszcz\/wp-content\/uploads\/2026\/03\/szkolenia_dla_oswiaty.png\",\"width\":561,\"height\":841},{\"@type\":\"BreadcrumbList\",\"@id\":\"https:\/\/akademia-zdrowia.pl\/bydgoszcz\/szkolenia-dla-oswiaty\/#breadcrumb\",\"itemListElement\":[{\"@type\":\"ListItem\",\"position\":1,\"name\":\"Strona g\u0142\u00f3wna\",\"item\":\"https:\/\/akademia-zdrowia.pl\/bydgoszcz\/\"},{\"@type\":\"ListItem\",\"position\":2,\"name\":\"Szkolenia dla O\u015bwiaty\"}]},{\"@type\":\"WebSite\",\"@id\":\"https:\/\/akademia-zdrowia.pl\/bydgoszcz\/#website\",\"url\":\"https:\/\/akademia-zdrowia.pl\/bydgoszcz\/\",\"name\":\"Akademia Zdrowia Bydgoszcz\",\"description\":\"Kolejna witryna oparta na WordPressie\",\"potentialAction\":[{\"@type\":\"SearchAction\",\"target\":{\"@type\":\"EntryPoint\",\"urlTemplate\":\"https:\/\/akademia-zdrowia.pl\/bydgoszcz\/?s={search_term_string}\"},\"query-input\":{\"@type\":\"PropertyValueSpecification\",\"valueRequired\":true,\"valueName\":\"search_term_string\"}}],\"inLanguage\":\"pl-PL\"}]}<\/script>\n<!-- \/ Yoast SEO plugin. -->","yoast_head_json":{"title":"Szkolenia dla O\u015bwiaty - Akademia Zdrowia Bydgoszcz","robots":{"index":"index","follow":"follow","max-snippet":"max-snippet:-1","max-image-preview":"max-image-preview:large","max-video-preview":"max-video-preview:-1"},"canonical":"https:\/\/akademia-zdrowia.pl\/bydgoszcz\/szkolenia-dla-oswiaty\/","og_locale":"pl_PL","og_type":"article","og_title":"Szkolenia dla O\u015bwiaty - Akademia Zdrowia Bydgoszcz","og_description":"AKADEMIA ZDROWIA DLA O\u015aWIATY Szkolenia dla O\u015bwiaty JAK WYGL\u0104DA SZKOLENIE Program szkolenia W Akademii Zdrowia pomagamy firmom, instytucjom oraz osobom fizycznym w uzyskaniu dofinansowania nawet do 100% koszt\u00f3w szkole\u0144 zawodowych i rozwojowych. Od stycznia w ca\u0142ej Polsce ruszy\u0142y nabory na \u015brodki z Krajowego Funduszu Szkoleniowego (KFS) Ministerstwa Rodziny i Polityki Spo\u0142ecznej przeznaczone na szkolenia pracownik\u00f3w...","og_url":"https:\/\/akademia-zdrowia.pl\/bydgoszcz\/szkolenia-dla-oswiaty\/","og_site_name":"Akademia Zdrowia Bydgoszcz","article_modified_time":"2026-03-20T10:37:05+00:00","og_image":[{"width":561,"height":841,"url":"https:\/\/akademia-zdrowia.pl\/bydgoszcz\/wp-content\/uploads\/2026\/03\/szkolenia_dla_oswiaty.png","type":"image\/png"}],"twitter_card":"summary_large_image","twitter_misc":{"Szacowany czas czytania":"3 minuty"},"schema":{"@context":"https:\/\/schema.org","@graph":[{"@type":"WebPage","@id":"https:\/\/akademia-zdrowia.pl\/bydgoszcz\/szkolenia-dla-oswiaty\/","url":"https:\/\/akademia-zdrowia.pl\/bydgoszcz\/szkolenia-dla-oswiaty\/","name":"Szkolenia dla O\u015bwiaty - Akademia Zdrowia Bydgoszcz","isPartOf":{"@id":"https:\/\/akademia-zdrowia.pl\/bydgoszcz\/#website"},"primaryImageOfPage":{"@id":"https:\/\/akademia-zdrowia.pl\/bydgoszcz\/szkolenia-dla-oswiaty\/#primaryimage"},"image":{"@id":"https:\/\/akademia-zdrowia.pl\/bydgoszcz\/szkolenia-dla-oswiaty\/#primaryimage"},"thumbnailUrl":"https:\/\/akademia-zdrowia.pl\/bydgoszcz\/wp-content\/uploads\/2026\/03\/szkolenia_dla_oswiaty.png","datePublished":"2026-03-20T10:34:04+00:00","dateModified":"2026-03-20T10:37:05+00:00","breadcrumb":{"@id":"https:\/\/akademia-zdrowia.pl\/bydgoszcz\/szkolenia-dla-oswiaty\/#breadcrumb"},"inLanguage":"pl-PL","potentialAction":[{"@type":"ReadAction","target":["https:\/\/akademia-zdrowia.pl\/bydgoszcz\/szkolenia-dla-oswiaty\/"]}]},{"@type":"ImageObject","inLanguage":"pl-PL","@id":"https:\/\/akademia-zdrowia.pl\/bydgoszcz\/szkolenia-dla-oswiaty\/#primaryimage","url":"https:\/\/akademia-zdrowia.pl\/bydgoszcz\/wp-content\/uploads\/2026\/03\/szkolenia_dla_oswiaty.png","contentUrl":"https:\/\/akademia-zdrowia.pl\/bydgoszcz\/wp-content\/uploads\/2026\/03\/szkolenia_dla_oswiaty.png","width":561,"height":841},{"@type":"BreadcrumbList","@id":"https:\/\/akademia-zdrowia.pl\/bydgoszcz\/szkolenia-dla-oswiaty\/#breadcrumb","itemListElement":[{"@type":"ListItem","position":1,"name":"Strona g\u0142\u00f3wna","item":"https:\/\/akademia-zdrowia.pl\/bydgoszcz\/"},{"@type":"ListItem","position":2,"name":"Szkolenia dla O\u015bwiaty"}]},{"@type":"WebSite","@id":"https:\/\/akademia-zdrowia.pl\/bydgoszcz\/#website","url":"https:\/\/akademia-zdrowia.pl\/bydgoszcz\/","name":"Akademia Zdrowia Bydgoszcz","description":"Kolejna witryna oparta na WordPressie","potentialAction":[{"@type":"SearchAction","target":{"@type":"EntryPoint","urlTemplate":"https:\/\/akademia-zdrowia.pl\/bydgoszcz\/?s={search_term_string}"},"query-input":{"@type":"PropertyValueSpecification","valueRequired":true,"valueName":"search_term_string"}}],"inLanguage":"pl-PL"}]}},"_links":{"self":[{"href":"https:\/\/akademia-zdrowia.pl\/bydgoszcz\/wp-json\/wp\/v2\/pages\/3548","targetHints":{"allow":["GET"]}}],"collection":[{"href":"https:\/\/akademia-zdrowia.pl\/bydgoszcz\/wp-json\/wp\/v2\/pages"}],"about":[{"href":"https:\/\/akademia-zdrowia.pl\/bydgoszcz\/wp-json\/wp\/v2\/types\/page"}],"author":[{"embeddable":true,"href":"https:\/\/akademia-zdrowia.pl\/bydgoszcz\/wp-json\/wp\/v2\/users\/4"}],"replies":[{"embeddable":true,"href":"https:\/\/akademia-zdrowia.pl\/bydgoszcz\/wp-json\/wp\/v2\/comments?post=3548"}],"version-history":[{"count":10,"href":"https:\/\/akademia-zdrowia.pl\/bydgoszcz\/wp-json\/wp\/v2\/pages\/3548\/revisions"}],"predecessor-version":[{"id":3581,"href":"https:\/\/akademia-zdrowia.pl\/bydgoszcz\/wp-json\/wp\/v2\/pages\/3548\/revisions\/3581"}],"wp:attachment":[{"href":"https:\/\/akademia-zdrowia.pl\/bydgoszcz\/wp-json\/wp\/v2\/media?parent=3548"}],"curies":[{"name":"wp","href":"https:\/\/api.w.org\/{rel}","templated":true}]}}