{"id":397,"date":"2018-01-10T11:35:48","date_gmt":"2018-01-10T10:35:48","guid":{"rendered":"http:\/\/www.akademia-zdrowia.pl\/lodz\/?page_id=397"},"modified":"2023-05-30T10:26:33","modified_gmt":"2023-05-30T08:26:33","slug":"kursy-specjalistyczne","status":"publish","type":"page","link":"https:\/\/akademia-zdrowia.pl\/bydgoszcz\/oferta-szkoleniowa\/ksztalcenie-pielegniarek-i-poloznych\/kursy-specjalistyczne\/","title":{"rendered":"Kursy specjalistyczne"},"content":{"rendered":"\t\t<div data-elementor-type=\"wp-page\" data-elementor-id=\"397\" class=\"elementor elementor-397\" data-elementor-post-type=\"page\">\n\t\t\t\t\t\t<section class=\"elementor-section elementor-top-section elementor-element elementor-element-e2f2985 elementor-section-boxed elementor-section-height-default elementor-section-height-default\" data-id=\"e2f2985\" data-element_type=\"section\" data-e-type=\"section\">\n\t\t\t\t\t\t<div class=\"elementor-container elementor-column-gap-default\">\n\t\t\t\t\t<div class=\"elementor-column elementor-col-100 elementor-top-column elementor-element elementor-element-24d5943\" data-id=\"24d5943\" data-element_type=\"column\" data-e-type=\"column\">\n\t\t\t<div class=\"elementor-widget-wrap elementor-element-populated\">\n\t\t\t\t\t\t<div class=\"elementor-element elementor-element-09512e6 elementor-widget elementor-widget-text-editor\" data-id=\"09512e6\" data-element_type=\"widget\" data-e-type=\"widget\" data-widget_type=\"text-editor.default\">\n\t\t\t\t<div class=\"elementor-widget-container\">\n\t\t\t\t\t\t\t\t\t<p class=\"elementor-heading-title elementor-size-default\">Akademia Zdrowia zaprasza na KURSY dla piel\u0119gniarek i po\u0142o\u017cnych:<\/p>\t\t\t\t\t\t\t\t<\/div>\n\t\t\t\t<\/div>\n\t\t\t\t\t<\/div>\n\t\t<\/div>\n\t\t\t\t\t<\/div>\n\t\t<\/section>\n\t\t\t\t<section class=\"elementor-section elementor-top-section elementor-element elementor-element-d585a2f elementor-section-boxed elementor-section-height-default elementor-section-height-default\" data-id=\"d585a2f\" data-element_type=\"section\" data-e-type=\"section\">\n\t\t\t\t\t\t<div class=\"elementor-container elementor-column-gap-default\">\n\t\t\t\t\t<div class=\"elementor-column elementor-col-50 elementor-top-column elementor-element elementor-element-74ba141\" data-id=\"74ba141\" data-element_type=\"column\" data-e-type=\"column\">\n\t\t\t<div class=\"elementor-widget-wrap elementor-element-populated\">\n\t\t\t\t\t\t<div class=\"elementor-element elementor-element-35eeab2 elementor-widget elementor-widget-RS-Table\" data-id=\"35eeab2\" data-element_type=\"widget\" data-e-type=\"widget\" data-widget_type=\"RS-Table.default\">\n\t\t\t\t<div class=\"elementor-widget-container\">\n\t\t\t\t\t\t\t<table class=\"rselements-table\" id=\"datatable-777415\">\r\n\t\t\t<thead  class=\"rselements-table-header\">\r\n\t\t\t\t<tr>\r\n\t\t\t\t\t<th class=\"elementor-inline-editing elementor-repeater-headeritem-4481ce0\"   >KURS SPECJALISTYCZNY<\/th><th class=\"elementor-inline-editing elementor-repeater-headeritem-aaaa59b\"   >DATA ROZPOCZ\u0118CIA I CENA<\/th>\t\t\t\t<\/tr>\r\n\t\t\t<\/thead>\r\n\t\t\t<tbody class=\"rselements-table-body\">\r\n\t\t\t\t<tr>\r\n\t\t\t\t\t<td   class=\"elementor-repeater-item-8d2fdec\" >Leczenie Ran<\/td><td   class=\"elementor-repeater-item-b8a2f13\" ><p><br>700 z\u0142<\/p><\/td><\/tr><tr><td   class=\"elementor-repeater-item-3e11958\" >Szczepienia ochronne<\/td><td   class=\"elementor-repeater-item-05d5baf\" ><p>500 z\u0142<\/p><\/td><\/tr><tr><td   class=\"elementor-repeater-item-aacf2b2\" >RKO<\/td><td   class=\"elementor-repeater-item-fb58c2a\" >500z\u0142<\/td><\/tr><tr><td   class=\"elementor-repeater-item-85e85ba\" >Wywiad i badania fizykalne<\/td><td   class=\"elementor-repeater-item-d1006d5\" ><div>25.06.2023r. <\/div>700z\u0142<\/td><\/tr><tr><td   class=\"elementor-repeater-item-d85e2d1\" >EKG     <\/td><td   class=\"elementor-repeater-item-14110c3\" >500z\u0142<\/td><\/tr><tr><td   class=\"elementor-repeater-item-00671f9\" >Spirometria<\/td><td   class=\"elementor-repeater-item-242a4c6\" >800z\u0142<\/td><\/tr><tr><td   class=\"elementor-repeater-item-5198b0e\" >Wykonanie i ocena test\u00f3w sk\u00f3rnych<\/td><td   class=\"elementor-repeater-item-f80ea51\" ><div>25.06.2023r.<\/div>550z\u0142<\/td><\/tr><tr><td   class=\"elementor-repeater-item-f41b86b\" >RKO noworodka<\/td><td   class=\"elementor-repeater-item-2371d45\" >500z\u0142<\/td>\t\t\t\t<\/tr>\r\n\t\t\t<\/tbody>\r\n\t\t<\/table>\r\n\r\n\t\t<script type=\"text\/javascript\">\r\n\t\t\tjQuery(document).ready(function () {\r\n\t\t\t\tjQuery('#datatable-777415').DataTable({\r\n\t\t\t\t\t\"searching\": false,\r\n\t\t\t\t\t\"paging\":   false,\r\n\t\t\t        \"ordering\": false,\r\n\t\t\t        \"info\":     false,\t\t\t      \r\n\t\t\t\t});\r\n\t\t\t\tjQuery('.dataTables_length').addClass('rsdatatable-select');\r\n\r\n\t\t\t});\r\n\r\n\r\n\t\t<\/script>\r\n\t\t\r\n\t\t\t\t\t\t<\/div>\n\t\t\t\t<\/div>\n\t\t\t\t\t<\/div>\n\t\t<\/div>\n\t\t\t\t<div class=\"elementor-column elementor-col-50 elementor-top-column elementor-element elementor-element-8567ebc\" data-id=\"8567ebc\" data-element_type=\"column\" data-e-type=\"column\">\n\t\t\t<div class=\"elementor-widget-wrap elementor-element-populated\">\n\t\t\t\t\t\t<div class=\"elementor-element elementor-element-a0e2d8a elementor-widget elementor-widget-image\" data-id=\"a0e2d8a\" data-element_type=\"widget\" data-e-type=\"widget\" data-widget_type=\"image.default\">\n\t\t\t\t<div class=\"elementor-widget-container\">\n\t\t\t\t\t\t\t\t\t\t\t\t\t\t\t<img fetchpriority=\"high\" decoding=\"async\" width=\"640\" height=\"616\" src=\"https:\/\/akademia-zdrowia.pl\/bydgoszcz\/wp-content\/uploads\/2022\/03\/5a3855d889a208.0996562315136414325638.png\" class=\"attachment-large size-large wp-image-2345\" alt=\"\" srcset=\"https:\/\/akademia-zdrowia.pl\/bydgoszcz\/wp-content\/uploads\/2022\/03\/5a3855d889a208.0996562315136414325638.png 904w, https:\/\/akademia-zdrowia.pl\/bydgoszcz\/wp-content\/uploads\/2022\/03\/5a3855d889a208.0996562315136414325638-300x289.png 300w, https:\/\/akademia-zdrowia.pl\/bydgoszcz\/wp-content\/uploads\/2022\/03\/5a3855d889a208.0996562315136414325638-768x739.png 768w, https:\/\/akademia-zdrowia.pl\/bydgoszcz\/wp-content\/uploads\/2022\/03\/5a3855d889a208.0996562315136414325638-500x481.png 500w\" sizes=\"(max-width: 640px) 100vw, 640px\" \/>\t\t\t\t\t\t\t\t\t\t\t\t\t\t\t<\/div>\n\t\t\t\t<\/div>\n\t\t\t\t<div class=\"elementor-element elementor-element-b9b4d12 elementor-widget elementor-widget-text-editor\" data-id=\"b9b4d12\" data-element_type=\"widget\" data-e-type=\"widget\" data-widget_type=\"text-editor.default\">\n\t\t\t\t<div class=\"elementor-widget-container\">\n\t\t\t\t\t\t\t\t\t<p><strong style=\"color: #980000; font-family: Georgia, sans-serif; font-size: 39px; text-align: center;\"><em>Zapisy TYLKO poprzez\u00a0<a href=\"https:\/\/smk.ezdrowie.gov.pl\/login.jsp\">SMK<\/a>!<\/em><\/strong><\/p>\t\t\t\t\t\t\t\t<\/div>\n\t\t\t\t<\/div>\n\t\t\t\t\t<\/div>\n\t\t<\/div>\n\t\t\t\t\t<\/div>\n\t\t<\/section>\n\t\t\t\t<\/div>\n\t\t","protected":false},"excerpt":{"rendered":"<p>Akademia Zdrowia zaprasza na KURSY dla piel\u0119gniarek i po\u0142o\u017cnych: KURS SPECJALISTYCZNY DATA ROZPOCZ\u0118CIA I CENA Leczenie Ran 700 z\u0142 Szczepienia ochronne 500 z\u0142 RKO 500z\u0142 Wywiad i badania fizykalne 25.06.2023r. 700z\u0142 EKG 500z\u0142 Spirometria 800z\u0142 Wykonanie i ocena test\u00f3w sk\u00f3rnych 25.06.2023r.550z\u0142 RKO noworodka 500z\u0142 Zapisy TYLKO poprzez\u00a0SMK!<\/p>\n","protected":false},"author":1,"featured_media":0,"parent":53,"menu_order":0,"comment_status":"closed","ping_status":"closed","template":"","meta":{"footnotes":""},"class_list":["post-397","page","type-page","status-publish","hentry"],"yoast_head":"<!-- This site is optimized with the Yoast SEO plugin v26.9 - https:\/\/yoast.com\/product\/yoast-seo-wordpress\/ -->\n<title>Kursy specjalistyczne - Akademia Zdrowia Bydgoszcz<\/title>\n<meta name=\"robots\" content=\"index, follow, max-snippet:-1, max-image-preview:large, max-video-preview:-1\" \/>\n<link rel=\"canonical\" href=\"https:\/\/akademia-zdrowia.pl\/bydgoszcz\/oferta-szkoleniowa\/ksztalcenie-pielegniarek-i-poloznych\/kursy-specjalistyczne\/\" \/>\n<meta property=\"og:locale\" content=\"pl_PL\" \/>\n<meta property=\"og:type\" content=\"article\" \/>\n<meta property=\"og:title\" content=\"Kursy specjalistyczne - Akademia Zdrowia Bydgoszcz\" \/>\n<meta property=\"og:description\" content=\"Akademia Zdrowia zaprasza na KURSY dla piel\u0119gniarek i po\u0142o\u017cnych: KURS SPECJALISTYCZNY DATA ROZPOCZ\u0118CIA I CENA Leczenie Ran 700 z\u0142 Szczepienia ochronne 500 z\u0142 RKO 500z\u0142 Wywiad i badania fizykalne 25.06.2023r. 700z\u0142 EKG 500z\u0142 Spirometria 800z\u0142 Wykonanie i ocena test\u00f3w sk\u00f3rnych 25.06.2023r.550z\u0142 RKO noworodka 500z\u0142 Zapisy TYLKO poprzez\u00a0SMK!\" \/>\n<meta property=\"og:url\" content=\"https:\/\/akademia-zdrowia.pl\/bydgoszcz\/oferta-szkoleniowa\/ksztalcenie-pielegniarek-i-poloznych\/kursy-specjalistyczne\/\" \/>\n<meta property=\"og:site_name\" content=\"Akademia Zdrowia Bydgoszcz\" \/>\n<meta property=\"article:modified_time\" content=\"2023-05-30T08:26:33+00:00\" \/>\n<meta property=\"og:image\" content=\"https:\/\/akademia-zdrowia.pl\/bydgoszcz\/wp-content\/uploads\/2022\/03\/5a3855d889a208.0996562315136414325638.png\" \/>\n<meta name=\"twitter:card\" content=\"summary_large_image\" \/>\n<meta name=\"twitter:label1\" content=\"Szacowany czas czytania\" \/>\n\t<meta name=\"twitter:data1\" content=\"1 minuta\" \/>\n<script type=\"application\/ld+json\" class=\"yoast-schema-graph\">{\"@context\":\"https:\/\/schema.org\",\"@graph\":[{\"@type\":\"WebPage\",\"@id\":\"https:\/\/akademia-zdrowia.pl\/bydgoszcz\/oferta-szkoleniowa\/ksztalcenie-pielegniarek-i-poloznych\/kursy-specjalistyczne\/\",\"url\":\"https:\/\/akademia-zdrowia.pl\/bydgoszcz\/oferta-szkoleniowa\/ksztalcenie-pielegniarek-i-poloznych\/kursy-specjalistyczne\/\",\"name\":\"Kursy specjalistyczne - Akademia Zdrowia Bydgoszcz\",\"isPartOf\":{\"@id\":\"https:\/\/akademia-zdrowia.pl\/bydgoszcz\/#website\"},\"primaryImageOfPage\":{\"@id\":\"https:\/\/akademia-zdrowia.pl\/bydgoszcz\/oferta-szkoleniowa\/ksztalcenie-pielegniarek-i-poloznych\/kursy-specjalistyczne\/#primaryimage\"},\"image\":{\"@id\":\"https:\/\/akademia-zdrowia.pl\/bydgoszcz\/oferta-szkoleniowa\/ksztalcenie-pielegniarek-i-poloznych\/kursy-specjalistyczne\/#primaryimage\"},\"thumbnailUrl\":\"https:\/\/akademia-zdrowia.pl\/bydgoszcz\/wp-content\/uploads\/2022\/03\/5a3855d889a208.0996562315136414325638.png\",\"datePublished\":\"2018-01-10T10:35:48+00:00\",\"dateModified\":\"2023-05-30T08:26:33+00:00\",\"breadcrumb\":{\"@id\":\"https:\/\/akademia-zdrowia.pl\/bydgoszcz\/oferta-szkoleniowa\/ksztalcenie-pielegniarek-i-poloznych\/kursy-specjalistyczne\/#breadcrumb\"},\"inLanguage\":\"pl-PL\",\"potentialAction\":[{\"@type\":\"ReadAction\",\"target\":[\"https:\/\/akademia-zdrowia.pl\/bydgoszcz\/oferta-szkoleniowa\/ksztalcenie-pielegniarek-i-poloznych\/kursy-specjalistyczne\/\"]}]},{\"@type\":\"ImageObject\",\"inLanguage\":\"pl-PL\",\"@id\":\"https:\/\/akademia-zdrowia.pl\/bydgoszcz\/oferta-szkoleniowa\/ksztalcenie-pielegniarek-i-poloznych\/kursy-specjalistyczne\/#primaryimage\",\"url\":\"https:\/\/akademia-zdrowia.pl\/bydgoszcz\/wp-content\/uploads\/2022\/03\/5a3855d889a208.0996562315136414325638.png\",\"contentUrl\":\"https:\/\/akademia-zdrowia.pl\/bydgoszcz\/wp-content\/uploads\/2022\/03\/5a3855d889a208.0996562315136414325638.png\",\"width\":904,\"height\":870},{\"@type\":\"BreadcrumbList\",\"@id\":\"https:\/\/akademia-zdrowia.pl\/bydgoszcz\/oferta-szkoleniowa\/ksztalcenie-pielegniarek-i-poloznych\/kursy-specjalistyczne\/#breadcrumb\",\"itemListElement\":[{\"@type\":\"ListItem\",\"position\":1,\"name\":\"Strona g\u0142\u00f3wna\",\"item\":\"https:\/\/akademia-zdrowia.pl\/bydgoszcz\/\"},{\"@type\":\"ListItem\",\"position\":2,\"name\":\"Oferta szkoleniowa\",\"item\":\"https:\/\/akademia-zdrowia.pl\/bydgoszcz\/oferta-szkoleniowa\/\"},{\"@type\":\"ListItem\",\"position\":3,\"name\":\"Kszta\u0142cenie Piel\u0119gniarek i po\u0142o\u017cnych\",\"item\":\"https:\/\/akademia-zdrowia.pl\/bydgoszcz\/oferta-szkoleniowa\/ksztalcenie-pielegniarek-i-poloznych\/\"},{\"@type\":\"ListItem\",\"position\":4,\"name\":\"Kursy specjalistyczne\"}]},{\"@type\":\"WebSite\",\"@id\":\"https:\/\/akademia-zdrowia.pl\/bydgoszcz\/#website\",\"url\":\"https:\/\/akademia-zdrowia.pl\/bydgoszcz\/\",\"name\":\"Akademia Zdrowia Bydgoszcz\",\"description\":\"Kolejna witryna oparta na WordPressie\",\"potentialAction\":[{\"@type\":\"SearchAction\",\"target\":{\"@type\":\"EntryPoint\",\"urlTemplate\":\"https:\/\/akademia-zdrowia.pl\/bydgoszcz\/?s={search_term_string}\"},\"query-input\":{\"@type\":\"PropertyValueSpecification\",\"valueRequired\":true,\"valueName\":\"search_term_string\"}}],\"inLanguage\":\"pl-PL\"}]}<\/script>\n<!-- \/ Yoast SEO plugin. -->","yoast_head_json":{"title":"Kursy specjalistyczne - Akademia Zdrowia Bydgoszcz","robots":{"index":"index","follow":"follow","max-snippet":"max-snippet:-1","max-image-preview":"max-image-preview:large","max-video-preview":"max-video-preview:-1"},"canonical":"https:\/\/akademia-zdrowia.pl\/bydgoszcz\/oferta-szkoleniowa\/ksztalcenie-pielegniarek-i-poloznych\/kursy-specjalistyczne\/","og_locale":"pl_PL","og_type":"article","og_title":"Kursy specjalistyczne - Akademia Zdrowia Bydgoszcz","og_description":"Akademia Zdrowia zaprasza na KURSY dla piel\u0119gniarek i po\u0142o\u017cnych: KURS SPECJALISTYCZNY DATA ROZPOCZ\u0118CIA I CENA Leczenie Ran 700 z\u0142 Szczepienia ochronne 500 z\u0142 RKO 500z\u0142 Wywiad i badania fizykalne 25.06.2023r. 700z\u0142 EKG 500z\u0142 Spirometria 800z\u0142 Wykonanie i ocena test\u00f3w sk\u00f3rnych 25.06.2023r.550z\u0142 RKO noworodka 500z\u0142 Zapisy TYLKO poprzez\u00a0SMK!","og_url":"https:\/\/akademia-zdrowia.pl\/bydgoszcz\/oferta-szkoleniowa\/ksztalcenie-pielegniarek-i-poloznych\/kursy-specjalistyczne\/","og_site_name":"Akademia Zdrowia Bydgoszcz","article_modified_time":"2023-05-30T08:26:33+00:00","og_image":[{"url":"https:\/\/akademia-zdrowia.pl\/bydgoszcz\/wp-content\/uploads\/2022\/03\/5a3855d889a208.0996562315136414325638.png","type":"","width":"","height":""}],"twitter_card":"summary_large_image","twitter_misc":{"Szacowany czas czytania":"1 minuta"},"schema":{"@context":"https:\/\/schema.org","@graph":[{"@type":"WebPage","@id":"https:\/\/akademia-zdrowia.pl\/bydgoszcz\/oferta-szkoleniowa\/ksztalcenie-pielegniarek-i-poloznych\/kursy-specjalistyczne\/","url":"https:\/\/akademia-zdrowia.pl\/bydgoszcz\/oferta-szkoleniowa\/ksztalcenie-pielegniarek-i-poloznych\/kursy-specjalistyczne\/","name":"Kursy specjalistyczne - Akademia Zdrowia Bydgoszcz","isPartOf":{"@id":"https:\/\/akademia-zdrowia.pl\/bydgoszcz\/#website"},"primaryImageOfPage":{"@id":"https:\/\/akademia-zdrowia.pl\/bydgoszcz\/oferta-szkoleniowa\/ksztalcenie-pielegniarek-i-poloznych\/kursy-specjalistyczne\/#primaryimage"},"image":{"@id":"https:\/\/akademia-zdrowia.pl\/bydgoszcz\/oferta-szkoleniowa\/ksztalcenie-pielegniarek-i-poloznych\/kursy-specjalistyczne\/#primaryimage"},"thumbnailUrl":"https:\/\/akademia-zdrowia.pl\/bydgoszcz\/wp-content\/uploads\/2022\/03\/5a3855d889a208.0996562315136414325638.png","datePublished":"2018-01-10T10:35:48+00:00","dateModified":"2023-05-30T08:26:33+00:00","breadcrumb":{"@id":"https:\/\/akademia-zdrowia.pl\/bydgoszcz\/oferta-szkoleniowa\/ksztalcenie-pielegniarek-i-poloznych\/kursy-specjalistyczne\/#breadcrumb"},"inLanguage":"pl-PL","potentialAction":[{"@type":"ReadAction","target":["https:\/\/akademia-zdrowia.pl\/bydgoszcz\/oferta-szkoleniowa\/ksztalcenie-pielegniarek-i-poloznych\/kursy-specjalistyczne\/"]}]},{"@type":"ImageObject","inLanguage":"pl-PL","@id":"https:\/\/akademia-zdrowia.pl\/bydgoszcz\/oferta-szkoleniowa\/ksztalcenie-pielegniarek-i-poloznych\/kursy-specjalistyczne\/#primaryimage","url":"https:\/\/akademia-zdrowia.pl\/bydgoszcz\/wp-content\/uploads\/2022\/03\/5a3855d889a208.0996562315136414325638.png","contentUrl":"https:\/\/akademia-zdrowia.pl\/bydgoszcz\/wp-content\/uploads\/2022\/03\/5a3855d889a208.0996562315136414325638.png","width":904,"height":870},{"@type":"BreadcrumbList","@id":"https:\/\/akademia-zdrowia.pl\/bydgoszcz\/oferta-szkoleniowa\/ksztalcenie-pielegniarek-i-poloznych\/kursy-specjalistyczne\/#breadcrumb","itemListElement":[{"@type":"ListItem","position":1,"name":"Strona g\u0142\u00f3wna","item":"https:\/\/akademia-zdrowia.pl\/bydgoszcz\/"},{"@type":"ListItem","position":2,"name":"Oferta szkoleniowa","item":"https:\/\/akademia-zdrowia.pl\/bydgoszcz\/oferta-szkoleniowa\/"},{"@type":"ListItem","position":3,"name":"Kszta\u0142cenie Piel\u0119gniarek i po\u0142o\u017cnych","item":"https:\/\/akademia-zdrowia.pl\/bydgoszcz\/oferta-szkoleniowa\/ksztalcenie-pielegniarek-i-poloznych\/"},{"@type":"ListItem","position":4,"name":"Kursy specjalistyczne"}]},{"@type":"WebSite","@id":"https:\/\/akademia-zdrowia.pl\/bydgoszcz\/#website","url":"https:\/\/akademia-zdrowia.pl\/bydgoszcz\/","name":"Akademia Zdrowia Bydgoszcz","description":"Kolejna witryna oparta na WordPressie","potentialAction":[{"@type":"SearchAction","target":{"@type":"EntryPoint","urlTemplate":"https:\/\/akademia-zdrowia.pl\/bydgoszcz\/?s={search_term_string}"},"query-input":{"@type":"PropertyValueSpecification","valueRequired":true,"valueName":"search_term_string"}}],"inLanguage":"pl-PL"}]}},"_links":{"self":[{"href":"https:\/\/akademia-zdrowia.pl\/bydgoszcz\/wp-json\/wp\/v2\/pages\/397","targetHints":{"allow":["GET"]}}],"collection":[{"href":"https:\/\/akademia-zdrowia.pl\/bydgoszcz\/wp-json\/wp\/v2\/pages"}],"about":[{"href":"https:\/\/akademia-zdrowia.pl\/bydgoszcz\/wp-json\/wp\/v2\/types\/page"}],"author":[{"embeddable":true,"href":"https:\/\/akademia-zdrowia.pl\/bydgoszcz\/wp-json\/wp\/v2\/users\/1"}],"replies":[{"embeddable":true,"href":"https:\/\/akademia-zdrowia.pl\/bydgoszcz\/wp-json\/wp\/v2\/comments?post=397"}],"version-history":[{"count":54,"href":"https:\/\/akademia-zdrowia.pl\/bydgoszcz\/wp-json\/wp\/v2\/pages\/397\/revisions"}],"predecessor-version":[{"id":2958,"href":"https:\/\/akademia-zdrowia.pl\/bydgoszcz\/wp-json\/wp\/v2\/pages\/397\/revisions\/2958"}],"up":[{"embeddable":true,"href":"https:\/\/akademia-zdrowia.pl\/bydgoszcz\/wp-json\/wp\/v2\/pages\/53"}],"wp:attachment":[{"href":"https:\/\/akademia-zdrowia.pl\/bydgoszcz\/wp-json\/wp\/v2\/media?parent=397"}],"curies":[{"name":"wp","href":"https:\/\/api.w.org\/{rel}","templated":true}]}}