{"id":399,"date":"2018-01-10T11:36:08","date_gmt":"2018-01-10T10:36:08","guid":{"rendered":"http:\/\/www.akademia-zdrowia.pl\/lodz\/?page_id=399"},"modified":"2023-05-30T10:23:41","modified_gmt":"2023-05-30T08:23:41","slug":"kursy-kwalifikacyjne","status":"publish","type":"page","link":"https:\/\/akademia-zdrowia.pl\/bydgoszcz\/oferta-szkoleniowa\/ksztalcenie-pielegniarek-i-poloznych\/kursy-kwalifikacyjne\/","title":{"rendered":"Kursy kwalifikacyjne"},"content":{"rendered":"\t\t<div data-elementor-type=\"wp-page\" data-elementor-id=\"399\" class=\"elementor elementor-399\" data-elementor-post-type=\"page\">\n\t\t\t\t\t\t<section class=\"elementor-section elementor-top-section elementor-element elementor-element-e6cfdbe elementor-section-boxed elementor-section-height-default elementor-section-height-default\" data-id=\"e6cfdbe\" data-element_type=\"section\" data-e-type=\"section\">\n\t\t\t\t\t\t<div class=\"elementor-container elementor-column-gap-default\">\n\t\t\t\t\t<div class=\"elementor-column elementor-col-100 elementor-top-column elementor-element elementor-element-25bb2be\" data-id=\"25bb2be\" data-element_type=\"column\" data-e-type=\"column\">\n\t\t\t<div class=\"elementor-widget-wrap elementor-element-populated\">\n\t\t\t\t\t\t<div class=\"elementor-element elementor-element-64a2bd4 elementor-widget elementor-widget-text-editor\" data-id=\"64a2bd4\" data-element_type=\"widget\" data-e-type=\"widget\" data-widget_type=\"text-editor.default\">\n\t\t\t\t<div class=\"elementor-widget-container\">\n\t\t\t\t\t\t\t\t\t<p><strong>Akademia Zdrowia zaprasza na KURSY KWALIFIKACYJNE dla piel\u0119gniarek i po\u0142o\u017cnych 2023 r.:<\/strong><\/p>\t\t\t\t\t\t\t\t<\/div>\n\t\t\t\t<\/div>\n\t\t\t\t\t<\/div>\n\t\t<\/div>\n\t\t\t\t\t<\/div>\n\t\t<\/section>\n\t\t\t\t<section class=\"elementor-section elementor-top-section elementor-element elementor-element-100f11b elementor-section-boxed elementor-section-height-default elementor-section-height-default\" data-id=\"100f11b\" data-element_type=\"section\" data-e-type=\"section\">\n\t\t\t\t\t\t<div class=\"elementor-container elementor-column-gap-default\">\n\t\t\t\t\t<div class=\"elementor-column elementor-col-100 elementor-top-column elementor-element elementor-element-4a0a2d3\" data-id=\"4a0a2d3\" data-element_type=\"column\" data-e-type=\"column\">\n\t\t\t<div class=\"elementor-widget-wrap elementor-element-populated\">\n\t\t\t\t\t\t<section class=\"elementor-section elementor-inner-section elementor-element elementor-element-b8a3b7c elementor-section-boxed elementor-section-height-default elementor-section-height-default\" data-id=\"b8a3b7c\" data-element_type=\"section\" data-e-type=\"section\">\n\t\t\t\t\t\t<div class=\"elementor-container elementor-column-gap-default\">\n\t\t\t\t\t<div class=\"elementor-column elementor-col-50 elementor-inner-column elementor-element elementor-element-5461e74\" data-id=\"5461e74\" data-element_type=\"column\" data-e-type=\"column\">\n\t\t\t<div class=\"elementor-widget-wrap elementor-element-populated\">\n\t\t\t\t\t\t<div class=\"elementor-element elementor-element-e0dde81 elementor-widget elementor-widget-RS-Table\" data-id=\"e0dde81\" data-element_type=\"widget\" data-e-type=\"widget\" data-widget_type=\"RS-Table.default\">\n\t\t\t\t<div class=\"elementor-widget-container\">\n\t\t\t\t\t\t\t<table class=\"rselements-table\" id=\"datatable-3768227\">\r\n\t\t\t<thead  class=\"rselements-table-header\">\r\n\t\t\t\t<tr>\r\n\t\t\t\t\t<th class=\"elementor-inline-editing elementor-repeater-headeritem-be8ba7c\"   >KURS KWALIFIKACYJNY<\/th><th class=\"elementor-inline-editing elementor-repeater-headeritem-5671341\"   >DATA ROZPOCZ\u0118CIA I CENA<\/th>\t\t\t\t<\/tr>\r\n\t\t\t<\/thead>\r\n\t\t\t<tbody class=\"rselements-table-body\">\r\n\t\t\t\t<tr>\r\n\t\t\t\t\t<td   class=\"elementor-repeater-item-2db0678\" >Kurs kwalifikacyjny piel\u0119gniarstwa rodzinnego<\/td><td   class=\"elementor-repeater-item-65016a3\" ><p><br>1650z\u0142<\/p><\/td><\/tr><tr><td   class=\"elementor-repeater-item-f603fd7\" >Kurs kwalifikacyjny piel\u0119gniarstwa \u015brodowiska nauczania i wychowania<\/td><td   class=\"elementor-repeater-item-d807ce9\" ><p>1650z\u0142<\/p><\/td><\/tr><tr><td   class=\"elementor-repeater-item-378a2e3\" >Kurs kwalifikacyjny piel\u0119gniarstwa anestezjologicznego<\/td><td   class=\"elementor-repeater-item-3f72d3a\" ><p>1650z\u0142<\/p><\/td><\/tr><tr><td   class=\"elementor-repeater-item-fbcd95e\" >Kurs kwalifikacyjny piel\u0119gniarstwa operacyjnego<\/td><td   class=\"elementor-repeater-item-337337e\" ><p>1650z\u0142<\/p><\/td>\t\t\t\t<\/tr>\r\n\t\t\t<\/tbody>\r\n\t\t<\/table>\r\n\r\n\t\t<script type=\"text\/javascript\">\r\n\t\t\tjQuery(document).ready(function () {\r\n\t\t\t\tjQuery('#datatable-3768227').DataTable({\r\n\t\t\t\t\t\"searching\": false,\r\n\t\t\t\t\t\"paging\":   false,\r\n\t\t\t        \"ordering\": false,\r\n\t\t\t        \"info\":     false,\t\t\t      \r\n\t\t\t\t});\r\n\t\t\t\tjQuery('.dataTables_length').addClass('rsdatatable-select');\r\n\r\n\t\t\t});\r\n\r\n\r\n\t\t<\/script>\r\n\t\t\r\n\t\t\t\t\t\t<\/div>\n\t\t\t\t<\/div>\n\t\t\t\t<div class=\"elementor-element elementor-element-c25ded1 elementor-widget elementor-widget-text-editor\" data-id=\"c25ded1\" data-element_type=\"widget\" data-e-type=\"widget\" data-widget_type=\"text-editor.default\">\n\t\t\t\t<div class=\"elementor-widget-container\">\n\t\t\t\t\t\t\t\t\t<p><strong><em>Zapisy TYLKO poprzez\u00a0<a href=\"https:\/\/smk.ezdrowie.gov.pl\/login.jsp\">SMK<\/a>!<\/em><\/strong><\/p>\t\t\t\t\t\t\t\t<\/div>\n\t\t\t\t<\/div>\n\t\t\t\t\t<\/div>\n\t\t<\/div>\n\t\t\t\t<div class=\"elementor-column elementor-col-50 elementor-inner-column elementor-element elementor-element-310387b\" data-id=\"310387b\" data-element_type=\"column\" data-e-type=\"column\">\n\t\t\t<div class=\"elementor-widget-wrap elementor-element-populated\">\n\t\t\t\t\t\t<div class=\"elementor-element elementor-element-cb80bc7 elementor-widget elementor-widget-image\" data-id=\"cb80bc7\" data-element_type=\"widget\" data-e-type=\"widget\" data-widget_type=\"image.default\">\n\t\t\t\t<div class=\"elementor-widget-container\">\n\t\t\t\t\t\t\t\t\t\t\t\t\t\t\t<img fetchpriority=\"high\" decoding=\"async\" width=\"310\" height=\"409\" src=\"https:\/\/akademia-zdrowia.pl\/bydgoszcz\/wp-content\/uploads\/2022\/03\/doctor_PNG16002.png\" class=\"attachment-large size-large wp-image-2360\" alt=\"\" srcset=\"https:\/\/akademia-zdrowia.pl\/bydgoszcz\/wp-content\/uploads\/2022\/03\/doctor_PNG16002.png 310w, https:\/\/akademia-zdrowia.pl\/bydgoszcz\/wp-content\/uploads\/2022\/03\/doctor_PNG16002-227x300.png 227w\" sizes=\"(max-width: 310px) 100vw, 310px\" \/>\t\t\t\t\t\t\t\t\t\t\t\t\t\t\t<\/div>\n\t\t\t\t<\/div>\n\t\t\t\t\t<\/div>\n\t\t<\/div>\n\t\t\t\t\t<\/div>\n\t\t<\/section>\n\t\t\t\t\t<\/div>\n\t\t<\/div>\n\t\t\t\t\t<\/div>\n\t\t<\/section>\n\t\t\t\t<\/div>\n\t\t","protected":false},"excerpt":{"rendered":"<p>Akademia Zdrowia zaprasza na KURSY KWALIFIKACYJNE dla piel\u0119gniarek i po\u0142o\u017cnych 2023 r.: KURS KWALIFIKACYJNY DATA ROZPOCZ\u0118CIA I CENA Kurs kwalifikacyjny piel\u0119gniarstwa rodzinnego 1650z\u0142 Kurs kwalifikacyjny piel\u0119gniarstwa \u015brodowiska nauczania i wychowania 1650z\u0142 Kurs kwalifikacyjny piel\u0119gniarstwa anestezjologicznego 1650z\u0142 Kurs kwalifikacyjny piel\u0119gniarstwa operacyjnego 1650z\u0142 Zapisy TYLKO poprzez\u00a0SMK!<\/p>\n","protected":false},"author":1,"featured_media":0,"parent":53,"menu_order":0,"comment_status":"closed","ping_status":"closed","template":"","meta":{"footnotes":""},"class_list":["post-399","page","type-page","status-publish","hentry"],"yoast_head":"<!-- This site is optimized with the Yoast SEO plugin v26.9 - https:\/\/yoast.com\/product\/yoast-seo-wordpress\/ -->\n<title>Kursy kwalifikacyjne - Akademia Zdrowia Bydgoszcz<\/title>\n<meta name=\"robots\" content=\"index, follow, max-snippet:-1, max-image-preview:large, max-video-preview:-1\" \/>\n<link rel=\"canonical\" href=\"https:\/\/akademia-zdrowia.pl\/bydgoszcz\/oferta-szkoleniowa\/ksztalcenie-pielegniarek-i-poloznych\/kursy-kwalifikacyjne\/\" \/>\n<meta property=\"og:locale\" content=\"pl_PL\" \/>\n<meta property=\"og:type\" content=\"article\" \/>\n<meta property=\"og:title\" content=\"Kursy kwalifikacyjne - Akademia Zdrowia Bydgoszcz\" \/>\n<meta property=\"og:description\" content=\"Akademia Zdrowia zaprasza na KURSY KWALIFIKACYJNE dla piel\u0119gniarek i po\u0142o\u017cnych 2023 r.: KURS KWALIFIKACYJNY DATA ROZPOCZ\u0118CIA I CENA Kurs kwalifikacyjny piel\u0119gniarstwa rodzinnego 1650z\u0142 Kurs kwalifikacyjny piel\u0119gniarstwa \u015brodowiska nauczania i wychowania 1650z\u0142 Kurs kwalifikacyjny piel\u0119gniarstwa anestezjologicznego 1650z\u0142 Kurs kwalifikacyjny piel\u0119gniarstwa operacyjnego 1650z\u0142 Zapisy TYLKO poprzez\u00a0SMK!\" \/>\n<meta property=\"og:url\" content=\"https:\/\/akademia-zdrowia.pl\/bydgoszcz\/oferta-szkoleniowa\/ksztalcenie-pielegniarek-i-poloznych\/kursy-kwalifikacyjne\/\" \/>\n<meta property=\"og:site_name\" content=\"Akademia Zdrowia Bydgoszcz\" \/>\n<meta property=\"article:modified_time\" content=\"2023-05-30T08:23:41+00:00\" \/>\n<meta property=\"og:image\" content=\"https:\/\/akademia-zdrowia.pl\/bydgoszcz\/wp-content\/uploads\/2022\/03\/doctor_PNG16002.png\" \/>\n<meta name=\"twitter:card\" content=\"summary_large_image\" \/>\n<meta name=\"twitter:label1\" content=\"Szacowany czas czytania\" \/>\n\t<meta name=\"twitter:data1\" content=\"1 minuta\" \/>\n<script type=\"application\/ld+json\" class=\"yoast-schema-graph\">{\"@context\":\"https:\/\/schema.org\",\"@graph\":[{\"@type\":\"WebPage\",\"@id\":\"https:\/\/akademia-zdrowia.pl\/bydgoszcz\/oferta-szkoleniowa\/ksztalcenie-pielegniarek-i-poloznych\/kursy-kwalifikacyjne\/\",\"url\":\"https:\/\/akademia-zdrowia.pl\/bydgoszcz\/oferta-szkoleniowa\/ksztalcenie-pielegniarek-i-poloznych\/kursy-kwalifikacyjne\/\",\"name\":\"Kursy kwalifikacyjne - Akademia Zdrowia Bydgoszcz\",\"isPartOf\":{\"@id\":\"https:\/\/akademia-zdrowia.pl\/bydgoszcz\/#website\"},\"primaryImageOfPage\":{\"@id\":\"https:\/\/akademia-zdrowia.pl\/bydgoszcz\/oferta-szkoleniowa\/ksztalcenie-pielegniarek-i-poloznych\/kursy-kwalifikacyjne\/#primaryimage\"},\"image\":{\"@id\":\"https:\/\/akademia-zdrowia.pl\/bydgoszcz\/oferta-szkoleniowa\/ksztalcenie-pielegniarek-i-poloznych\/kursy-kwalifikacyjne\/#primaryimage\"},\"thumbnailUrl\":\"https:\/\/akademia-zdrowia.pl\/bydgoszcz\/wp-content\/uploads\/2022\/03\/doctor_PNG16002.png\",\"datePublished\":\"2018-01-10T10:36:08+00:00\",\"dateModified\":\"2023-05-30T08:23:41+00:00\",\"breadcrumb\":{\"@id\":\"https:\/\/akademia-zdrowia.pl\/bydgoszcz\/oferta-szkoleniowa\/ksztalcenie-pielegniarek-i-poloznych\/kursy-kwalifikacyjne\/#breadcrumb\"},\"inLanguage\":\"pl-PL\",\"potentialAction\":[{\"@type\":\"ReadAction\",\"target\":[\"https:\/\/akademia-zdrowia.pl\/bydgoszcz\/oferta-szkoleniowa\/ksztalcenie-pielegniarek-i-poloznych\/kursy-kwalifikacyjne\/\"]}]},{\"@type\":\"ImageObject\",\"inLanguage\":\"pl-PL\",\"@id\":\"https:\/\/akademia-zdrowia.pl\/bydgoszcz\/oferta-szkoleniowa\/ksztalcenie-pielegniarek-i-poloznych\/kursy-kwalifikacyjne\/#primaryimage\",\"url\":\"https:\/\/akademia-zdrowia.pl\/bydgoszcz\/wp-content\/uploads\/2022\/03\/doctor_PNG16002.png\",\"contentUrl\":\"https:\/\/akademia-zdrowia.pl\/bydgoszcz\/wp-content\/uploads\/2022\/03\/doctor_PNG16002.png\",\"width\":310,\"height\":409},{\"@type\":\"BreadcrumbList\",\"@id\":\"https:\/\/akademia-zdrowia.pl\/bydgoszcz\/oferta-szkoleniowa\/ksztalcenie-pielegniarek-i-poloznych\/kursy-kwalifikacyjne\/#breadcrumb\",\"itemListElement\":[{\"@type\":\"ListItem\",\"position\":1,\"name\":\"Strona g\u0142\u00f3wna\",\"item\":\"https:\/\/akademia-zdrowia.pl\/bydgoszcz\/\"},{\"@type\":\"ListItem\",\"position\":2,\"name\":\"Oferta szkoleniowa\",\"item\":\"https:\/\/akademia-zdrowia.pl\/bydgoszcz\/oferta-szkoleniowa\/\"},{\"@type\":\"ListItem\",\"position\":3,\"name\":\"Kszta\u0142cenie Piel\u0119gniarek i po\u0142o\u017cnych\",\"item\":\"https:\/\/akademia-zdrowia.pl\/bydgoszcz\/oferta-szkoleniowa\/ksztalcenie-pielegniarek-i-poloznych\/\"},{\"@type\":\"ListItem\",\"position\":4,\"name\":\"Kursy kwalifikacyjne\"}]},{\"@type\":\"WebSite\",\"@id\":\"https:\/\/akademia-zdrowia.pl\/bydgoszcz\/#website\",\"url\":\"https:\/\/akademia-zdrowia.pl\/bydgoszcz\/\",\"name\":\"Akademia Zdrowia Bydgoszcz\",\"description\":\"Kolejna witryna oparta na WordPressie\",\"potentialAction\":[{\"@type\":\"SearchAction\",\"target\":{\"@type\":\"EntryPoint\",\"urlTemplate\":\"https:\/\/akademia-zdrowia.pl\/bydgoszcz\/?s={search_term_string}\"},\"query-input\":{\"@type\":\"PropertyValueSpecification\",\"valueRequired\":true,\"valueName\":\"search_term_string\"}}],\"inLanguage\":\"pl-PL\"}]}<\/script>\n<!-- \/ Yoast SEO plugin. -->","yoast_head_json":{"title":"Kursy kwalifikacyjne - Akademia Zdrowia Bydgoszcz","robots":{"index":"index","follow":"follow","max-snippet":"max-snippet:-1","max-image-preview":"max-image-preview:large","max-video-preview":"max-video-preview:-1"},"canonical":"https:\/\/akademia-zdrowia.pl\/bydgoszcz\/oferta-szkoleniowa\/ksztalcenie-pielegniarek-i-poloznych\/kursy-kwalifikacyjne\/","og_locale":"pl_PL","og_type":"article","og_title":"Kursy kwalifikacyjne - Akademia Zdrowia Bydgoszcz","og_description":"Akademia Zdrowia zaprasza na KURSY KWALIFIKACYJNE dla piel\u0119gniarek i po\u0142o\u017cnych 2023 r.: KURS KWALIFIKACYJNY DATA ROZPOCZ\u0118CIA I CENA Kurs kwalifikacyjny piel\u0119gniarstwa rodzinnego 1650z\u0142 Kurs kwalifikacyjny piel\u0119gniarstwa \u015brodowiska nauczania i wychowania 1650z\u0142 Kurs kwalifikacyjny piel\u0119gniarstwa anestezjologicznego 1650z\u0142 Kurs kwalifikacyjny piel\u0119gniarstwa operacyjnego 1650z\u0142 Zapisy TYLKO poprzez\u00a0SMK!","og_url":"https:\/\/akademia-zdrowia.pl\/bydgoszcz\/oferta-szkoleniowa\/ksztalcenie-pielegniarek-i-poloznych\/kursy-kwalifikacyjne\/","og_site_name":"Akademia Zdrowia Bydgoszcz","article_modified_time":"2023-05-30T08:23:41+00:00","og_image":[{"url":"https:\/\/akademia-zdrowia.pl\/bydgoszcz\/wp-content\/uploads\/2022\/03\/doctor_PNG16002.png","type":"","width":"","height":""}],"twitter_card":"summary_large_image","twitter_misc":{"Szacowany czas czytania":"1 minuta"},"schema":{"@context":"https:\/\/schema.org","@graph":[{"@type":"WebPage","@id":"https:\/\/akademia-zdrowia.pl\/bydgoszcz\/oferta-szkoleniowa\/ksztalcenie-pielegniarek-i-poloznych\/kursy-kwalifikacyjne\/","url":"https:\/\/akademia-zdrowia.pl\/bydgoszcz\/oferta-szkoleniowa\/ksztalcenie-pielegniarek-i-poloznych\/kursy-kwalifikacyjne\/","name":"Kursy kwalifikacyjne - Akademia Zdrowia Bydgoszcz","isPartOf":{"@id":"https:\/\/akademia-zdrowia.pl\/bydgoszcz\/#website"},"primaryImageOfPage":{"@id":"https:\/\/akademia-zdrowia.pl\/bydgoszcz\/oferta-szkoleniowa\/ksztalcenie-pielegniarek-i-poloznych\/kursy-kwalifikacyjne\/#primaryimage"},"image":{"@id":"https:\/\/akademia-zdrowia.pl\/bydgoszcz\/oferta-szkoleniowa\/ksztalcenie-pielegniarek-i-poloznych\/kursy-kwalifikacyjne\/#primaryimage"},"thumbnailUrl":"https:\/\/akademia-zdrowia.pl\/bydgoszcz\/wp-content\/uploads\/2022\/03\/doctor_PNG16002.png","datePublished":"2018-01-10T10:36:08+00:00","dateModified":"2023-05-30T08:23:41+00:00","breadcrumb":{"@id":"https:\/\/akademia-zdrowia.pl\/bydgoszcz\/oferta-szkoleniowa\/ksztalcenie-pielegniarek-i-poloznych\/kursy-kwalifikacyjne\/#breadcrumb"},"inLanguage":"pl-PL","potentialAction":[{"@type":"ReadAction","target":["https:\/\/akademia-zdrowia.pl\/bydgoszcz\/oferta-szkoleniowa\/ksztalcenie-pielegniarek-i-poloznych\/kursy-kwalifikacyjne\/"]}]},{"@type":"ImageObject","inLanguage":"pl-PL","@id":"https:\/\/akademia-zdrowia.pl\/bydgoszcz\/oferta-szkoleniowa\/ksztalcenie-pielegniarek-i-poloznych\/kursy-kwalifikacyjne\/#primaryimage","url":"https:\/\/akademia-zdrowia.pl\/bydgoszcz\/wp-content\/uploads\/2022\/03\/doctor_PNG16002.png","contentUrl":"https:\/\/akademia-zdrowia.pl\/bydgoszcz\/wp-content\/uploads\/2022\/03\/doctor_PNG16002.png","width":310,"height":409},{"@type":"BreadcrumbList","@id":"https:\/\/akademia-zdrowia.pl\/bydgoszcz\/oferta-szkoleniowa\/ksztalcenie-pielegniarek-i-poloznych\/kursy-kwalifikacyjne\/#breadcrumb","itemListElement":[{"@type":"ListItem","position":1,"name":"Strona g\u0142\u00f3wna","item":"https:\/\/akademia-zdrowia.pl\/bydgoszcz\/"},{"@type":"ListItem","position":2,"name":"Oferta szkoleniowa","item":"https:\/\/akademia-zdrowia.pl\/bydgoszcz\/oferta-szkoleniowa\/"},{"@type":"ListItem","position":3,"name":"Kszta\u0142cenie Piel\u0119gniarek i po\u0142o\u017cnych","item":"https:\/\/akademia-zdrowia.pl\/bydgoszcz\/oferta-szkoleniowa\/ksztalcenie-pielegniarek-i-poloznych\/"},{"@type":"ListItem","position":4,"name":"Kursy kwalifikacyjne"}]},{"@type":"WebSite","@id":"https:\/\/akademia-zdrowia.pl\/bydgoszcz\/#website","url":"https:\/\/akademia-zdrowia.pl\/bydgoszcz\/","name":"Akademia Zdrowia Bydgoszcz","description":"Kolejna witryna oparta na WordPressie","potentialAction":[{"@type":"SearchAction","target":{"@type":"EntryPoint","urlTemplate":"https:\/\/akademia-zdrowia.pl\/bydgoszcz\/?s={search_term_string}"},"query-input":{"@type":"PropertyValueSpecification","valueRequired":true,"valueName":"search_term_string"}}],"inLanguage":"pl-PL"}]}},"_links":{"self":[{"href":"https:\/\/akademia-zdrowia.pl\/bydgoszcz\/wp-json\/wp\/v2\/pages\/399","targetHints":{"allow":["GET"]}}],"collection":[{"href":"https:\/\/akademia-zdrowia.pl\/bydgoszcz\/wp-json\/wp\/v2\/pages"}],"about":[{"href":"https:\/\/akademia-zdrowia.pl\/bydgoszcz\/wp-json\/wp\/v2\/types\/page"}],"author":[{"embeddable":true,"href":"https:\/\/akademia-zdrowia.pl\/bydgoszcz\/wp-json\/wp\/v2\/users\/1"}],"replies":[{"embeddable":true,"href":"https:\/\/akademia-zdrowia.pl\/bydgoszcz\/wp-json\/wp\/v2\/comments?post=399"}],"version-history":[{"count":45,"href":"https:\/\/akademia-zdrowia.pl\/bydgoszcz\/wp-json\/wp\/v2\/pages\/399\/revisions"}],"predecessor-version":[{"id":2955,"href":"https:\/\/akademia-zdrowia.pl\/bydgoszcz\/wp-json\/wp\/v2\/pages\/399\/revisions\/2955"}],"up":[{"embeddable":true,"href":"https:\/\/akademia-zdrowia.pl\/bydgoszcz\/wp-json\/wp\/v2\/pages\/53"}],"wp:attachment":[{"href":"https:\/\/akademia-zdrowia.pl\/bydgoszcz\/wp-json\/wp\/v2\/media?parent=399"}],"curies":[{"name":"wp","href":"https:\/\/api.w.org\/{rel}","templated":true}]}}