{"id":401,"date":"2018-01-10T11:36:51","date_gmt":"2018-01-10T10:36:51","guid":{"rendered":"http:\/\/www.akademia-zdrowia.pl\/lodz\/?page_id=401"},"modified":"2023-05-30T10:20:53","modified_gmt":"2023-05-30T08:20:53","slug":"specjalizacje","status":"publish","type":"page","link":"https:\/\/akademia-zdrowia.pl\/bydgoszcz\/oferta-szkoleniowa\/ksztalcenie-pielegniarek-i-poloznych\/specjalizacje\/","title":{"rendered":"Specjalizacje"},"content":{"rendered":"\t\t<div data-elementor-type=\"wp-page\" data-elementor-id=\"401\" class=\"elementor elementor-401\" data-elementor-post-type=\"page\">\n\t\t\t\t\t\t<section class=\"elementor-section elementor-top-section elementor-element elementor-element-e817c6d elementor-section-boxed elementor-section-height-default elementor-section-height-default\" data-id=\"e817c6d\" data-element_type=\"section\" data-e-type=\"section\">\n\t\t\t\t\t\t<div class=\"elementor-container elementor-column-gap-default\">\n\t\t\t\t\t<div class=\"elementor-column elementor-col-100 elementor-top-column elementor-element elementor-element-838e4f7\" data-id=\"838e4f7\" data-element_type=\"column\" data-e-type=\"column\">\n\t\t\t<div class=\"elementor-widget-wrap elementor-element-populated\">\n\t\t\t\t\t\t<div class=\"elementor-element elementor-element-a005db9 elementor-widget elementor-widget-text-editor\" data-id=\"a005db9\" data-element_type=\"widget\" data-e-type=\"widget\" data-widget_type=\"text-editor.default\">\n\t\t\t\t<div class=\"elementor-widget-container\">\n\t\t\t\t\t\t\t\t\t<p class=\"elementor-heading-title elementor-size-xxl\">Akademia Zdrowia zaprasza na SPECJALIZACJE dla piel\u0119gniarek i po\u0142o\u017cnych 2023 r.:<\/p>\t\t\t\t\t\t\t\t<\/div>\n\t\t\t\t<\/div>\n\t\t\t\t\t<\/div>\n\t\t<\/div>\n\t\t\t\t\t<\/div>\n\t\t<\/section>\n\t\t\t\t<section class=\"elementor-section elementor-top-section elementor-element elementor-element-b40dc94 elementor-section-boxed elementor-section-height-default elementor-section-height-default\" data-id=\"b40dc94\" data-element_type=\"section\" data-e-type=\"section\">\n\t\t\t\t\t\t<div class=\"elementor-container elementor-column-gap-default\">\n\t\t\t\t\t<div class=\"elementor-column elementor-col-100 elementor-top-column elementor-element elementor-element-4e85b56\" data-id=\"4e85b56\" data-element_type=\"column\" data-e-type=\"column\">\n\t\t\t<div class=\"elementor-widget-wrap elementor-element-populated\">\n\t\t\t\t\t\t<section class=\"elementor-section elementor-inner-section elementor-element elementor-element-8a9c08e elementor-section-boxed elementor-section-height-default elementor-section-height-default\" data-id=\"8a9c08e\" data-element_type=\"section\" data-e-type=\"section\">\n\t\t\t\t\t\t<div class=\"elementor-container elementor-column-gap-default\">\n\t\t\t\t\t<div class=\"elementor-column elementor-col-50 elementor-inner-column elementor-element elementor-element-5a0a6b3\" data-id=\"5a0a6b3\" data-element_type=\"column\" data-e-type=\"column\">\n\t\t\t<div class=\"elementor-widget-wrap elementor-element-populated\">\n\t\t\t\t\t\t<div class=\"elementor-element elementor-element-b4b5a31 elementor-widget elementor-widget-RS-Table\" data-id=\"b4b5a31\" data-element_type=\"widget\" data-e-type=\"widget\" data-widget_type=\"RS-Table.default\">\n\t\t\t\t<div class=\"elementor-widget-container\">\n\t\t\t\t\t\t\t<table class=\"rselements-table\" id=\"datatable-2147474\">\r\n\t\t\t<thead  class=\"rselements-table-header\">\r\n\t\t\t\t<tr>\r\n\t\t\t\t\t<th class=\"elementor-inline-editing elementor-repeater-headeritem-bf906a9\"   >Specjalizacje<\/th><th class=\"elementor-inline-editing elementor-repeater-headeritem-c8127b8\"   >Data Rozpocz\u0119cia oraz Cena<\/th>\t\t\t\t<\/tr>\r\n\t\t\t<\/thead>\r\n\t\t\t<tbody class=\"rselements-table-body\">\r\n\t\t\t\t<tr>\r\n\t\t\t\t\t<td   class=\"elementor-repeater-item-a67ab5a\" >Specjalizacja piel\u0119gniarstwo rodzinne<\/td><td   class=\"elementor-repeater-item-d891896\" ><p>19.06.2023r.<br>3300z\u0142<\/p><\/td><\/tr><tr><td   class=\"elementor-repeater-item-12e3bed\" >Specjalizacja piel\u0119gniarstwo internistyczne<\/td><td   class=\"elementor-repeater-item-ed908a4\" ><p>19.06.2023r.<br>3300z\u0142<\/p><\/td><\/tr><tr><td   class=\"elementor-repeater-item-baa9ba8\" >Specjalizacja piel\u0119gniarstwo chirurgiczne<\/td><td   class=\"elementor-repeater-item-22d2d8e\" ><p>19.06.2023r.<br>3300z\u0142<\/p><\/td><\/tr><tr><td   class=\"elementor-repeater-item-95c9d21\" >Specjalizacja piel\u0119gniarstwo anestezjologiczne<\/td><td   class=\"elementor-repeater-item-de5f82d\" ><p>19.06.2023r.<br>3300z\u0142<\/p><\/td><\/tr><tr><td   class=\"elementor-repeater-item-b65867f\" >Specjalizacja piel\u0119gniarstwo operacyjne<\/td><td   class=\"elementor-repeater-item-db769d6\" ><p>19.06.2023r.<br>3300z\u0142<\/p><\/td><\/tr><tr><td   class=\"elementor-repeater-item-6a288e0\" >Specjalizacja piel\u0119gniarstwo rodzinne dla po\u0142o\u017cnych<\/td><td   class=\"elementor-repeater-item-3e84631\" ><p>19.06.2023r.<br>3300z\u0142<\/p><\/td><\/tr><tr><td   class=\"elementor-repeater-item-70e70b6\" >Szkolenie specjalizacyjne w dziedzinie piel\u0119gniarstwa psychiatrycznego<\/td><td   class=\"elementor-repeater-item-de8feb0\" ><p>19.06.2023r.<br>3300z\u0142<\/p><\/td><\/tr><tr><td   class=\"elementor-repeater-item-3bb4cf2\" >Szkolenie specjalizacyjne w dziedzinie piel\u0119gniarstwa opieki d\u0142ugoterminowej<\/td><td   class=\"elementor-repeater-item-e3aa340\" ><p>19.06.2023r.<br>3300z\u0142<\/p><\/td>\t\t\t\t<\/tr>\r\n\t\t\t<\/tbody>\r\n\t\t<\/table>\r\n\r\n\t\t<script type=\"text\/javascript\">\r\n\t\t\tjQuery(document).ready(function () {\r\n\t\t\t\tjQuery('#datatable-2147474').DataTable({\r\n\t\t\t\t\t\"searching\": false,\r\n\t\t\t\t\t\"paging\":   false,\r\n\t\t\t        \"ordering\": false,\r\n\t\t\t        \"info\":     false,\t\t\t      \r\n\t\t\t\t});\r\n\t\t\t\tjQuery('.dataTables_length').addClass('rsdatatable-select');\r\n\r\n\t\t\t});\r\n\r\n\r\n\t\t<\/script>\r\n\t\t\r\n\t\t\t\t\t\t<\/div>\n\t\t\t\t<\/div>\n\t\t\t\t<div class=\"elementor-element elementor-element-0e47fe9 elementor-widget elementor-widget-text-editor\" data-id=\"0e47fe9\" data-element_type=\"widget\" data-e-type=\"widget\" data-widget_type=\"text-editor.default\">\n\t\t\t\t<div class=\"elementor-widget-container\">\n\t\t\t\t\t\t\t\t\t<p><strong><em>Zapisy TYLKO poprzez\u00a0<a href=\"https:\/\/smk.ezdrowie.gov.pl\/login.jsp\">SMK<\/a>!<\/em><\/strong><\/p>\t\t\t\t\t\t\t\t<\/div>\n\t\t\t\t<\/div>\n\t\t\t\t\t<\/div>\n\t\t<\/div>\n\t\t\t\t<div class=\"elementor-column elementor-col-50 elementor-inner-column elementor-element elementor-element-109b5b8\" data-id=\"109b5b8\" data-element_type=\"column\" data-e-type=\"column\">\n\t\t\t<div class=\"elementor-widget-wrap elementor-element-populated\">\n\t\t\t\t\t\t<div class=\"elementor-element elementor-element-c7afef9 elementor-widget elementor-widget-image\" data-id=\"c7afef9\" data-element_type=\"widget\" data-e-type=\"widget\" data-widget_type=\"image.default\">\n\t\t\t\t<div class=\"elementor-widget-container\">\n\t\t\t\t\t\t\t\t\t\t\t\t\t\t\t<img fetchpriority=\"high\" decoding=\"async\" width=\"640\" height=\"810\" src=\"https:\/\/akademia-zdrowia.pl\/bydgoszcz\/wp-content\/uploads\/2022\/03\/doctor_PNG16003-809x1024.png\" class=\"attachment-large size-large wp-image-2364\" alt=\"\" srcset=\"https:\/\/akademia-zdrowia.pl\/bydgoszcz\/wp-content\/uploads\/2022\/03\/doctor_PNG16003-809x1024.png 809w, https:\/\/akademia-zdrowia.pl\/bydgoszcz\/wp-content\/uploads\/2022\/03\/doctor_PNG16003-237x300.png 237w, https:\/\/akademia-zdrowia.pl\/bydgoszcz\/wp-content\/uploads\/2022\/03\/doctor_PNG16003-768x972.png 768w, https:\/\/akademia-zdrowia.pl\/bydgoszcz\/wp-content\/uploads\/2022\/03\/doctor_PNG16003-500x633.png 500w, https:\/\/akademia-zdrowia.pl\/bydgoszcz\/wp-content\/uploads\/2022\/03\/doctor_PNG16003.png 1009w\" sizes=\"(max-width: 640px) 100vw, 640px\" \/>\t\t\t\t\t\t\t\t\t\t\t\t\t\t\t<\/div>\n\t\t\t\t<\/div>\n\t\t\t\t\t<\/div>\n\t\t<\/div>\n\t\t\t\t\t<\/div>\n\t\t<\/section>\n\t\t\t\t\t<\/div>\n\t\t<\/div>\n\t\t\t\t\t<\/div>\n\t\t<\/section>\n\t\t\t\t<\/div>\n\t\t","protected":false},"excerpt":{"rendered":"<p>Akademia Zdrowia zaprasza na SPECJALIZACJE dla piel\u0119gniarek i po\u0142o\u017cnych 2023 r.: Specjalizacje Data Rozpocz\u0119cia oraz Cena Specjalizacja piel\u0119gniarstwo rodzinne 19.06.2023r.3300z\u0142 Specjalizacja piel\u0119gniarstwo internistyczne 19.06.2023r.3300z\u0142 Specjalizacja piel\u0119gniarstwo chirurgiczne 19.06.2023r.3300z\u0142 Specjalizacja piel\u0119gniarstwo anestezjologiczne 19.06.2023r.3300z\u0142 Specjalizacja piel\u0119gniarstwo operacyjne 19.06.2023r.3300z\u0142 Specjalizacja piel\u0119gniarstwo rodzinne dla po\u0142o\u017cnych 19.06.2023r.3300z\u0142 Szkolenie specjalizacyjne w dziedzinie piel\u0119gniarstwa psychiatrycznego 19.06.2023r.3300z\u0142 Szkolenie specjalizacyjne w dziedzinie piel\u0119gniarstwa opieki&#8230;<\/p>\n","protected":false},"author":1,"featured_media":0,"parent":53,"menu_order":0,"comment_status":"closed","ping_status":"closed","template":"","meta":{"footnotes":""},"class_list":["post-401","page","type-page","status-publish","hentry"],"yoast_head":"<!-- This site is optimized with the Yoast SEO plugin v26.9 - https:\/\/yoast.com\/product\/yoast-seo-wordpress\/ -->\n<title>Specjalizacje - Akademia Zdrowia Bydgoszcz<\/title>\n<meta name=\"robots\" content=\"index, follow, max-snippet:-1, max-image-preview:large, max-video-preview:-1\" \/>\n<link rel=\"canonical\" href=\"https:\/\/akademia-zdrowia.pl\/bydgoszcz\/oferta-szkoleniowa\/ksztalcenie-pielegniarek-i-poloznych\/specjalizacje\/\" \/>\n<meta property=\"og:locale\" content=\"pl_PL\" \/>\n<meta property=\"og:type\" content=\"article\" \/>\n<meta property=\"og:title\" content=\"Specjalizacje - Akademia Zdrowia Bydgoszcz\" \/>\n<meta property=\"og:description\" content=\"Akademia Zdrowia zaprasza na SPECJALIZACJE dla piel\u0119gniarek i po\u0142o\u017cnych 2023 r.: Specjalizacje Data Rozpocz\u0119cia oraz Cena Specjalizacja piel\u0119gniarstwo rodzinne 19.06.2023r.3300z\u0142 Specjalizacja piel\u0119gniarstwo internistyczne 19.06.2023r.3300z\u0142 Specjalizacja piel\u0119gniarstwo chirurgiczne 19.06.2023r.3300z\u0142 Specjalizacja piel\u0119gniarstwo anestezjologiczne 19.06.2023r.3300z\u0142 Specjalizacja piel\u0119gniarstwo operacyjne 19.06.2023r.3300z\u0142 Specjalizacja piel\u0119gniarstwo rodzinne dla po\u0142o\u017cnych 19.06.2023r.3300z\u0142 Szkolenie specjalizacyjne w dziedzinie piel\u0119gniarstwa psychiatrycznego 19.06.2023r.3300z\u0142 Szkolenie specjalizacyjne w dziedzinie piel\u0119gniarstwa opieki...\" \/>\n<meta property=\"og:url\" content=\"https:\/\/akademia-zdrowia.pl\/bydgoszcz\/oferta-szkoleniowa\/ksztalcenie-pielegniarek-i-poloznych\/specjalizacje\/\" \/>\n<meta property=\"og:site_name\" content=\"Akademia Zdrowia Bydgoszcz\" \/>\n<meta property=\"article:modified_time\" content=\"2023-05-30T08:20:53+00:00\" \/>\n<meta property=\"og:image\" content=\"https:\/\/akademia-zdrowia.pl\/bydgoszcz\/wp-content\/uploads\/2022\/03\/doctor_PNG16003-809x1024.png\" \/>\n<meta name=\"twitter:card\" content=\"summary_large_image\" \/>\n<meta name=\"twitter:label1\" content=\"Szacowany czas czytania\" \/>\n\t<meta name=\"twitter:data1\" content=\"1 minuta\" \/>\n<script type=\"application\/ld+json\" class=\"yoast-schema-graph\">{\"@context\":\"https:\/\/schema.org\",\"@graph\":[{\"@type\":\"WebPage\",\"@id\":\"https:\/\/akademia-zdrowia.pl\/bydgoszcz\/oferta-szkoleniowa\/ksztalcenie-pielegniarek-i-poloznych\/specjalizacje\/\",\"url\":\"https:\/\/akademia-zdrowia.pl\/bydgoszcz\/oferta-szkoleniowa\/ksztalcenie-pielegniarek-i-poloznych\/specjalizacje\/\",\"name\":\"Specjalizacje - Akademia Zdrowia Bydgoszcz\",\"isPartOf\":{\"@id\":\"https:\/\/akademia-zdrowia.pl\/bydgoszcz\/#website\"},\"primaryImageOfPage\":{\"@id\":\"https:\/\/akademia-zdrowia.pl\/bydgoszcz\/oferta-szkoleniowa\/ksztalcenie-pielegniarek-i-poloznych\/specjalizacje\/#primaryimage\"},\"image\":{\"@id\":\"https:\/\/akademia-zdrowia.pl\/bydgoszcz\/oferta-szkoleniowa\/ksztalcenie-pielegniarek-i-poloznych\/specjalizacje\/#primaryimage\"},\"thumbnailUrl\":\"https:\/\/akademia-zdrowia.pl\/bydgoszcz\/wp-content\/uploads\/2022\/03\/doctor_PNG16003-809x1024.png\",\"datePublished\":\"2018-01-10T10:36:51+00:00\",\"dateModified\":\"2023-05-30T08:20:53+00:00\",\"breadcrumb\":{\"@id\":\"https:\/\/akademia-zdrowia.pl\/bydgoszcz\/oferta-szkoleniowa\/ksztalcenie-pielegniarek-i-poloznych\/specjalizacje\/#breadcrumb\"},\"inLanguage\":\"pl-PL\",\"potentialAction\":[{\"@type\":\"ReadAction\",\"target\":[\"https:\/\/akademia-zdrowia.pl\/bydgoszcz\/oferta-szkoleniowa\/ksztalcenie-pielegniarek-i-poloznych\/specjalizacje\/\"]}]},{\"@type\":\"ImageObject\",\"inLanguage\":\"pl-PL\",\"@id\":\"https:\/\/akademia-zdrowia.pl\/bydgoszcz\/oferta-szkoleniowa\/ksztalcenie-pielegniarek-i-poloznych\/specjalizacje\/#primaryimage\",\"url\":\"https:\/\/akademia-zdrowia.pl\/bydgoszcz\/wp-content\/uploads\/2022\/03\/doctor_PNG16003.png\",\"contentUrl\":\"https:\/\/akademia-zdrowia.pl\/bydgoszcz\/wp-content\/uploads\/2022\/03\/doctor_PNG16003.png\",\"width\":1009,\"height\":1277},{\"@type\":\"BreadcrumbList\",\"@id\":\"https:\/\/akademia-zdrowia.pl\/bydgoszcz\/oferta-szkoleniowa\/ksztalcenie-pielegniarek-i-poloznych\/specjalizacje\/#breadcrumb\",\"itemListElement\":[{\"@type\":\"ListItem\",\"position\":1,\"name\":\"Strona g\u0142\u00f3wna\",\"item\":\"https:\/\/akademia-zdrowia.pl\/bydgoszcz\/\"},{\"@type\":\"ListItem\",\"position\":2,\"name\":\"Oferta szkoleniowa\",\"item\":\"https:\/\/akademia-zdrowia.pl\/bydgoszcz\/oferta-szkoleniowa\/\"},{\"@type\":\"ListItem\",\"position\":3,\"name\":\"Kszta\u0142cenie Piel\u0119gniarek i po\u0142o\u017cnych\",\"item\":\"https:\/\/akademia-zdrowia.pl\/bydgoszcz\/oferta-szkoleniowa\/ksztalcenie-pielegniarek-i-poloznych\/\"},{\"@type\":\"ListItem\",\"position\":4,\"name\":\"Specjalizacje\"}]},{\"@type\":\"WebSite\",\"@id\":\"https:\/\/akademia-zdrowia.pl\/bydgoszcz\/#website\",\"url\":\"https:\/\/akademia-zdrowia.pl\/bydgoszcz\/\",\"name\":\"Akademia Zdrowia Bydgoszcz\",\"description\":\"Kolejna witryna oparta na WordPressie\",\"potentialAction\":[{\"@type\":\"SearchAction\",\"target\":{\"@type\":\"EntryPoint\",\"urlTemplate\":\"https:\/\/akademia-zdrowia.pl\/bydgoszcz\/?s={search_term_string}\"},\"query-input\":{\"@type\":\"PropertyValueSpecification\",\"valueRequired\":true,\"valueName\":\"search_term_string\"}}],\"inLanguage\":\"pl-PL\"}]}<\/script>\n<!-- \/ Yoast SEO plugin. -->","yoast_head_json":{"title":"Specjalizacje - Akademia Zdrowia Bydgoszcz","robots":{"index":"index","follow":"follow","max-snippet":"max-snippet:-1","max-image-preview":"max-image-preview:large","max-video-preview":"max-video-preview:-1"},"canonical":"https:\/\/akademia-zdrowia.pl\/bydgoszcz\/oferta-szkoleniowa\/ksztalcenie-pielegniarek-i-poloznych\/specjalizacje\/","og_locale":"pl_PL","og_type":"article","og_title":"Specjalizacje - Akademia Zdrowia Bydgoszcz","og_description":"Akademia Zdrowia zaprasza na SPECJALIZACJE dla piel\u0119gniarek i po\u0142o\u017cnych 2023 r.: Specjalizacje Data Rozpocz\u0119cia oraz Cena Specjalizacja piel\u0119gniarstwo rodzinne 19.06.2023r.3300z\u0142 Specjalizacja piel\u0119gniarstwo internistyczne 19.06.2023r.3300z\u0142 Specjalizacja piel\u0119gniarstwo chirurgiczne 19.06.2023r.3300z\u0142 Specjalizacja piel\u0119gniarstwo anestezjologiczne 19.06.2023r.3300z\u0142 Specjalizacja piel\u0119gniarstwo operacyjne 19.06.2023r.3300z\u0142 Specjalizacja piel\u0119gniarstwo rodzinne dla po\u0142o\u017cnych 19.06.2023r.3300z\u0142 Szkolenie specjalizacyjne w dziedzinie piel\u0119gniarstwa psychiatrycznego 19.06.2023r.3300z\u0142 Szkolenie specjalizacyjne w dziedzinie piel\u0119gniarstwa opieki...","og_url":"https:\/\/akademia-zdrowia.pl\/bydgoszcz\/oferta-szkoleniowa\/ksztalcenie-pielegniarek-i-poloznych\/specjalizacje\/","og_site_name":"Akademia Zdrowia Bydgoszcz","article_modified_time":"2023-05-30T08:20:53+00:00","og_image":[{"url":"https:\/\/akademia-zdrowia.pl\/bydgoszcz\/wp-content\/uploads\/2022\/03\/doctor_PNG16003-809x1024.png","type":"","width":"","height":""}],"twitter_card":"summary_large_image","twitter_misc":{"Szacowany czas czytania":"1 minuta"},"schema":{"@context":"https:\/\/schema.org","@graph":[{"@type":"WebPage","@id":"https:\/\/akademia-zdrowia.pl\/bydgoszcz\/oferta-szkoleniowa\/ksztalcenie-pielegniarek-i-poloznych\/specjalizacje\/","url":"https:\/\/akademia-zdrowia.pl\/bydgoszcz\/oferta-szkoleniowa\/ksztalcenie-pielegniarek-i-poloznych\/specjalizacje\/","name":"Specjalizacje - Akademia Zdrowia Bydgoszcz","isPartOf":{"@id":"https:\/\/akademia-zdrowia.pl\/bydgoszcz\/#website"},"primaryImageOfPage":{"@id":"https:\/\/akademia-zdrowia.pl\/bydgoszcz\/oferta-szkoleniowa\/ksztalcenie-pielegniarek-i-poloznych\/specjalizacje\/#primaryimage"},"image":{"@id":"https:\/\/akademia-zdrowia.pl\/bydgoszcz\/oferta-szkoleniowa\/ksztalcenie-pielegniarek-i-poloznych\/specjalizacje\/#primaryimage"},"thumbnailUrl":"https:\/\/akademia-zdrowia.pl\/bydgoszcz\/wp-content\/uploads\/2022\/03\/doctor_PNG16003-809x1024.png","datePublished":"2018-01-10T10:36:51+00:00","dateModified":"2023-05-30T08:20:53+00:00","breadcrumb":{"@id":"https:\/\/akademia-zdrowia.pl\/bydgoszcz\/oferta-szkoleniowa\/ksztalcenie-pielegniarek-i-poloznych\/specjalizacje\/#breadcrumb"},"inLanguage":"pl-PL","potentialAction":[{"@type":"ReadAction","target":["https:\/\/akademia-zdrowia.pl\/bydgoszcz\/oferta-szkoleniowa\/ksztalcenie-pielegniarek-i-poloznych\/specjalizacje\/"]}]},{"@type":"ImageObject","inLanguage":"pl-PL","@id":"https:\/\/akademia-zdrowia.pl\/bydgoszcz\/oferta-szkoleniowa\/ksztalcenie-pielegniarek-i-poloznych\/specjalizacje\/#primaryimage","url":"https:\/\/akademia-zdrowia.pl\/bydgoszcz\/wp-content\/uploads\/2022\/03\/doctor_PNG16003.png","contentUrl":"https:\/\/akademia-zdrowia.pl\/bydgoszcz\/wp-content\/uploads\/2022\/03\/doctor_PNG16003.png","width":1009,"height":1277},{"@type":"BreadcrumbList","@id":"https:\/\/akademia-zdrowia.pl\/bydgoszcz\/oferta-szkoleniowa\/ksztalcenie-pielegniarek-i-poloznych\/specjalizacje\/#breadcrumb","itemListElement":[{"@type":"ListItem","position":1,"name":"Strona g\u0142\u00f3wna","item":"https:\/\/akademia-zdrowia.pl\/bydgoszcz\/"},{"@type":"ListItem","position":2,"name":"Oferta szkoleniowa","item":"https:\/\/akademia-zdrowia.pl\/bydgoszcz\/oferta-szkoleniowa\/"},{"@type":"ListItem","position":3,"name":"Kszta\u0142cenie Piel\u0119gniarek i po\u0142o\u017cnych","item":"https:\/\/akademia-zdrowia.pl\/bydgoszcz\/oferta-szkoleniowa\/ksztalcenie-pielegniarek-i-poloznych\/"},{"@type":"ListItem","position":4,"name":"Specjalizacje"}]},{"@type":"WebSite","@id":"https:\/\/akademia-zdrowia.pl\/bydgoszcz\/#website","url":"https:\/\/akademia-zdrowia.pl\/bydgoszcz\/","name":"Akademia Zdrowia Bydgoszcz","description":"Kolejna witryna oparta na WordPressie","potentialAction":[{"@type":"SearchAction","target":{"@type":"EntryPoint","urlTemplate":"https:\/\/akademia-zdrowia.pl\/bydgoszcz\/?s={search_term_string}"},"query-input":{"@type":"PropertyValueSpecification","valueRequired":true,"valueName":"search_term_string"}}],"inLanguage":"pl-PL"}]}},"_links":{"self":[{"href":"https:\/\/akademia-zdrowia.pl\/bydgoszcz\/wp-json\/wp\/v2\/pages\/401","targetHints":{"allow":["GET"]}}],"collection":[{"href":"https:\/\/akademia-zdrowia.pl\/bydgoszcz\/wp-json\/wp\/v2\/pages"}],"about":[{"href":"https:\/\/akademia-zdrowia.pl\/bydgoszcz\/wp-json\/wp\/v2\/types\/page"}],"author":[{"embeddable":true,"href":"https:\/\/akademia-zdrowia.pl\/bydgoszcz\/wp-json\/wp\/v2\/users\/1"}],"replies":[{"embeddable":true,"href":"https:\/\/akademia-zdrowia.pl\/bydgoszcz\/wp-json\/wp\/v2\/comments?post=401"}],"version-history":[{"count":39,"href":"https:\/\/akademia-zdrowia.pl\/bydgoszcz\/wp-json\/wp\/v2\/pages\/401\/revisions"}],"predecessor-version":[{"id":2952,"href":"https:\/\/akademia-zdrowia.pl\/bydgoszcz\/wp-json\/wp\/v2\/pages\/401\/revisions\/2952"}],"up":[{"embeddable":true,"href":"https:\/\/akademia-zdrowia.pl\/bydgoszcz\/wp-json\/wp\/v2\/pages\/53"}],"wp:attachment":[{"href":"https:\/\/akademia-zdrowia.pl\/bydgoszcz\/wp-json\/wp\/v2\/media?parent=401"}],"curies":[{"name":"wp","href":"https:\/\/api.w.org\/{rel}","templated":true}]}}