{"id":461,"date":"2018-01-10T12:06:16","date_gmt":"2018-01-10T11:06:16","guid":{"rendered":"http:\/\/www.akademia-zdrowia.pl\/lodz\/?page_id=461"},"modified":"2022-02-21T20:31:55","modified_gmt":"2022-02-21T19:31:55","slug":"resuscytacja-krazeniowo-oddechowa","status":"publish","type":"page","link":"https:\/\/akademia-zdrowia.pl\/bydgoszcz\/oferta-szkoleniowa\/ksztalcenie-pielegniarek-i-poloznych\/kursy-specjalistyczne\/resuscytacja-krazeniowo-oddechowa\/","title":{"rendered":"Resuscytacja kr\u0105\u017ceniowo &#8211; oddechowa"},"content":{"rendered":"\t\t<div data-elementor-type=\"wp-page\" data-elementor-id=\"461\" class=\"elementor elementor-461\" data-elementor-post-type=\"page\">\n\t\t\t\t\t\t<section class=\"elementor-section elementor-top-section elementor-element elementor-element-3dbd00f elementor-section-boxed elementor-section-height-default elementor-section-height-default\" data-id=\"3dbd00f\" data-element_type=\"section\" data-e-type=\"section\">\n\t\t\t\t\t\t<div class=\"elementor-container elementor-column-gap-default\">\n\t\t\t\t\t<div class=\"elementor-column elementor-col-100 elementor-top-column elementor-element elementor-element-506ae50\" data-id=\"506ae50\" data-element_type=\"column\" data-e-type=\"column\">\n\t\t\t<div class=\"elementor-widget-wrap elementor-element-populated\">\n\t\t\t\t\t\t<div class=\"elementor-element elementor-element-9289a3a elementor-widget elementor-widget-bdt-advanced-heading\" data-id=\"9289a3a\" data-element_type=\"widget\" data-e-type=\"widget\" data-widget_type=\"bdt-advanced-heading.default\">\n\t\t\t\t<div class=\"elementor-widget-container\">\n\t\t\t\t\t<div id =\"9289a3a\" class=\"bdt-ep-advanced-heading\" data-settings=\"{&quot;titleMultiColor&quot;:&quot;no&quot;}\"><div class=\"bdt-ep-advanced-heading-content bdt-visible@m\"><div class=\"bdt-transform-origin-top-left\">RESUSCYTACJA KR\u0104\u017bENIOWO-ODDECHOWA<\/div><\/div><h2 class=\"bdt-ep-advanced-heading-title\"><span class=\"bdt-ep-advanced-heading-main-title\"><span class=\"bdt-ep-advanced-heading-main-title-inner\">RESUSCYTACJA KR\u0104\u017bENIOWO-ODDECHOWA <\/span><\/span><\/h2><\/div>\t\t\t\t<\/div>\n\t\t\t\t<\/div>\n\t\t\t\t<div class=\"elementor-element elementor-element-4a05ee4 elementor-widget elementor-widget-text-editor\" data-id=\"4a05ee4\" data-element_type=\"widget\" data-e-type=\"widget\" data-widget_type=\"text-editor.default\">\n\t\t\t\t<div class=\"elementor-widget-container\">\n\t\t\t\t\t\t\t\t\t<p><span data-contrast=\"none\"><br><\/span><\/p><p><span data-contrast=\"none\">Uko\u0144czenie kursu specjalistycznego daje wiedz\u0119 i umiej\u0119tno\u015bci niezb\u0119dne do wykonywania czynno\u015bci w zakresie realizowanego szkolenia.<\/span>&nbsp;<br><span data-contrast=\"none\">Po uko\u0144czeniu szkolenia Kursant otrzymuje za\u015bwiadczenie o uko\u0144czeniu kursu zgodne ze wzorem Ministra Zdrowia, dzi\u0119ki kt\u00f3remu uzyskuje kwalifikacje potrzebne do udzielania okre\u015blonych \u015bwiadcze\u0144 zdrowotnych wchodz\u0105cych w zakres danej dziedziny piel\u0119gniarstwa lub dziedziny maj\u0105cej zastosowanie w ochronie zdrowia.<\/span><span data-ccp-props=\"{\">&nbsp;<\/span><\/p>\n<p><span data-contrast=\"none\">Do kursu specjalistycznego mog\u0105 przyst\u0105pi\u0107 piel\u0119gniarki i po\u0142o\u017cne, kt\u00f3re posiadaj\u0105 prawo wykonywania zawodu.&nbsp;<\/span><span data-ccp-props=\"{\">&nbsp;<\/span><\/p>\n<p><span data-contrast=\"none\">\u0141\u0105czna liczba godzin przeznaczonych na realizacj\u0119 programu kursu specjalistycznego wynosi 90 godzin dydaktycznych:<\/span><\/p>\n<ul>\n<li><span data-contrast=\"none\">zaj\u0119cia teoretyczne \u2013 60 godzin,<\/span><\/li>\n<li><span data-contrast=\"none\">zaj\u0119cia praktyczne \u2013 30 godzin.<\/span><span data-ccp-props=\"{\">&nbsp;<\/span><\/li>\n<\/ul>\t\t\t\t\t\t\t\t<\/div>\n\t\t\t\t<\/div>\n\t\t\t\t\t<\/div>\n\t\t<\/div>\n\t\t\t\t\t<\/div>\n\t\t<\/section>\n\t\t\t\t<section class=\"elementor-section elementor-top-section elementor-element elementor-element-032defb elementor-section-boxed elementor-section-height-default elementor-section-height-default\" data-id=\"032defb\" data-element_type=\"section\" data-e-type=\"section\">\n\t\t\t\t\t\t<div class=\"elementor-container elementor-column-gap-default\">\n\t\t\t\t\t<div class=\"elementor-column elementor-col-100 elementor-top-column elementor-element elementor-element-0761542\" data-id=\"0761542\" data-element_type=\"column\" data-e-type=\"column\">\n\t\t\t<div class=\"elementor-widget-wrap elementor-element-populated\">\n\t\t\t\t\t\t<div class=\"elementor-element elementor-element-f2f2a5e elementor-widget elementor-widget-text-editor\" data-id=\"f2f2a5e\" data-element_type=\"widget\" data-e-type=\"widget\" data-widget_type=\"text-editor.default\">\n\t\t\t\t<div class=\"elementor-widget-container\">\n\t\t\t\t\t\t\t\t\t<p><span class=\"NormalTextRun BCX8 SCXW8336177\">Zapisy przez SMK &#8211; <\/span><span class=\"NormalTextRun BCX8 SCXW8336177\">Koszt 5<\/span><span class=\"NormalTextRun BCX8 SCXW8336177\">00z\u0142 \u2013 dogodny system ratalny!<\/span><\/p>\t\t\t\t\t\t\t\t<\/div>\n\t\t\t\t<\/div>\n\t\t\t\t\t<\/div>\n\t\t<\/div>\n\t\t\t\t\t<\/div>\n\t\t<\/section>\n\t\t\t\t<\/div>\n\t\t","protected":false},"excerpt":{"rendered":"<p>RESUSCYTACJA KR\u0104\u017bENIOWO-ODDECHOWA RESUSCYTACJA KR\u0104\u017bENIOWO-ODDECHOWA Uko\u0144czenie kursu specjalistycznego daje wiedz\u0119 i umiej\u0119tno\u015bci niezb\u0119dne do wykonywania czynno\u015bci w zakresie realizowanego szkolenia.&nbsp;Po uko\u0144czeniu szkolenia Kursant otrzymuje za\u015bwiadczenie o uko\u0144czeniu kursu zgodne ze wzorem Ministra Zdrowia, dzi\u0119ki kt\u00f3remu uzyskuje kwalifikacje potrzebne do udzielania okre\u015blonych \u015bwiadcze\u0144 zdrowotnych wchodz\u0105cych w zakres danej dziedziny piel\u0119gniarstwa lub dziedziny maj\u0105cej zastosowanie w ochronie zdrowia.&nbsp;&#8230;<\/p>\n","protected":false},"author":1,"featured_media":0,"parent":397,"menu_order":0,"comment_status":"closed","ping_status":"closed","template":"","meta":{"footnotes":""},"class_list":["post-461","page","type-page","status-publish","hentry"],"yoast_head":"<!-- This site is optimized with the Yoast SEO plugin v26.9 - https:\/\/yoast.com\/product\/yoast-seo-wordpress\/ -->\n<title>Resuscytacja kr\u0105\u017ceniowo - oddechowa - Akademia Zdrowia Bydgoszcz<\/title>\n<meta name=\"robots\" content=\"index, follow, max-snippet:-1, max-image-preview:large, max-video-preview:-1\" \/>\n<link rel=\"canonical\" href=\"https:\/\/akademia-zdrowia.pl\/bydgoszcz\/oferta-szkoleniowa\/ksztalcenie-pielegniarek-i-poloznych\/kursy-specjalistyczne\/resuscytacja-krazeniowo-oddechowa\/\" \/>\n<meta property=\"og:locale\" content=\"pl_PL\" \/>\n<meta property=\"og:type\" content=\"article\" \/>\n<meta property=\"og:title\" content=\"Resuscytacja kr\u0105\u017ceniowo - oddechowa - Akademia Zdrowia Bydgoszcz\" \/>\n<meta property=\"og:description\" content=\"RESUSCYTACJA KR\u0104\u017bENIOWO-ODDECHOWA RESUSCYTACJA KR\u0104\u017bENIOWO-ODDECHOWA Uko\u0144czenie kursu specjalistycznego daje wiedz\u0119 i umiej\u0119tno\u015bci niezb\u0119dne do wykonywania czynno\u015bci w zakresie realizowanego szkolenia.&nbsp;Po uko\u0144czeniu szkolenia Kursant otrzymuje za\u015bwiadczenie o uko\u0144czeniu kursu zgodne ze wzorem Ministra Zdrowia, dzi\u0119ki kt\u00f3remu uzyskuje kwalifikacje potrzebne do udzielania okre\u015blonych \u015bwiadcze\u0144 zdrowotnych wchodz\u0105cych w zakres danej dziedziny piel\u0119gniarstwa lub dziedziny maj\u0105cej zastosowanie w ochronie zdrowia.&nbsp;...\" \/>\n<meta property=\"og:url\" content=\"https:\/\/akademia-zdrowia.pl\/bydgoszcz\/oferta-szkoleniowa\/ksztalcenie-pielegniarek-i-poloznych\/kursy-specjalistyczne\/resuscytacja-krazeniowo-oddechowa\/\" \/>\n<meta property=\"og:site_name\" content=\"Akademia Zdrowia Bydgoszcz\" \/>\n<meta property=\"article:modified_time\" content=\"2022-02-21T19:31:55+00:00\" \/>\n<meta name=\"twitter:card\" content=\"summary_large_image\" \/>\n<meta name=\"twitter:label1\" content=\"Szacowany czas czytania\" \/>\n\t<meta name=\"twitter:data1\" content=\"1 minuta\" \/>\n<script type=\"application\/ld+json\" class=\"yoast-schema-graph\">{\"@context\":\"https:\/\/schema.org\",\"@graph\":[{\"@type\":\"WebPage\",\"@id\":\"https:\/\/akademia-zdrowia.pl\/bydgoszcz\/oferta-szkoleniowa\/ksztalcenie-pielegniarek-i-poloznych\/kursy-specjalistyczne\/resuscytacja-krazeniowo-oddechowa\/\",\"url\":\"https:\/\/akademia-zdrowia.pl\/bydgoszcz\/oferta-szkoleniowa\/ksztalcenie-pielegniarek-i-poloznych\/kursy-specjalistyczne\/resuscytacja-krazeniowo-oddechowa\/\",\"name\":\"Resuscytacja kr\u0105\u017ceniowo - oddechowa - Akademia Zdrowia Bydgoszcz\",\"isPartOf\":{\"@id\":\"https:\/\/akademia-zdrowia.pl\/bydgoszcz\/#website\"},\"datePublished\":\"2018-01-10T11:06:16+00:00\",\"dateModified\":\"2022-02-21T19:31:55+00:00\",\"breadcrumb\":{\"@id\":\"https:\/\/akademia-zdrowia.pl\/bydgoszcz\/oferta-szkoleniowa\/ksztalcenie-pielegniarek-i-poloznych\/kursy-specjalistyczne\/resuscytacja-krazeniowo-oddechowa\/#breadcrumb\"},\"inLanguage\":\"pl-PL\",\"potentialAction\":[{\"@type\":\"ReadAction\",\"target\":[\"https:\/\/akademia-zdrowia.pl\/bydgoszcz\/oferta-szkoleniowa\/ksztalcenie-pielegniarek-i-poloznych\/kursy-specjalistyczne\/resuscytacja-krazeniowo-oddechowa\/\"]}]},{\"@type\":\"BreadcrumbList\",\"@id\":\"https:\/\/akademia-zdrowia.pl\/bydgoszcz\/oferta-szkoleniowa\/ksztalcenie-pielegniarek-i-poloznych\/kursy-specjalistyczne\/resuscytacja-krazeniowo-oddechowa\/#breadcrumb\",\"itemListElement\":[{\"@type\":\"ListItem\",\"position\":1,\"name\":\"Strona g\u0142\u00f3wna\",\"item\":\"https:\/\/akademia-zdrowia.pl\/bydgoszcz\/\"},{\"@type\":\"ListItem\",\"position\":2,\"name\":\"Oferta szkoleniowa\",\"item\":\"https:\/\/akademia-zdrowia.pl\/bydgoszcz\/oferta-szkoleniowa\/\"},{\"@type\":\"ListItem\",\"position\":3,\"name\":\"Kszta\u0142cenie Piel\u0119gniarek i po\u0142o\u017cnych\",\"item\":\"https:\/\/akademia-zdrowia.pl\/bydgoszcz\/oferta-szkoleniowa\/ksztalcenie-pielegniarek-i-poloznych\/\"},{\"@type\":\"ListItem\",\"position\":4,\"name\":\"Kursy specjalistyczne\",\"item\":\"https:\/\/akademia-zdrowia.pl\/bydgoszcz\/oferta-szkoleniowa\/ksztalcenie-pielegniarek-i-poloznych\/kursy-specjalistyczne\/\"},{\"@type\":\"ListItem\",\"position\":5,\"name\":\"Resuscytacja kr\u0105\u017ceniowo &#8211; oddechowa\"}]},{\"@type\":\"WebSite\",\"@id\":\"https:\/\/akademia-zdrowia.pl\/bydgoszcz\/#website\",\"url\":\"https:\/\/akademia-zdrowia.pl\/bydgoszcz\/\",\"name\":\"Akademia Zdrowia Bydgoszcz\",\"description\":\"Kolejna witryna oparta na WordPressie\",\"potentialAction\":[{\"@type\":\"SearchAction\",\"target\":{\"@type\":\"EntryPoint\",\"urlTemplate\":\"https:\/\/akademia-zdrowia.pl\/bydgoszcz\/?s={search_term_string}\"},\"query-input\":{\"@type\":\"PropertyValueSpecification\",\"valueRequired\":true,\"valueName\":\"search_term_string\"}}],\"inLanguage\":\"pl-PL\"}]}<\/script>\n<!-- \/ Yoast SEO plugin. -->","yoast_head_json":{"title":"Resuscytacja kr\u0105\u017ceniowo - oddechowa - Akademia Zdrowia Bydgoszcz","robots":{"index":"index","follow":"follow","max-snippet":"max-snippet:-1","max-image-preview":"max-image-preview:large","max-video-preview":"max-video-preview:-1"},"canonical":"https:\/\/akademia-zdrowia.pl\/bydgoszcz\/oferta-szkoleniowa\/ksztalcenie-pielegniarek-i-poloznych\/kursy-specjalistyczne\/resuscytacja-krazeniowo-oddechowa\/","og_locale":"pl_PL","og_type":"article","og_title":"Resuscytacja kr\u0105\u017ceniowo - oddechowa - Akademia Zdrowia Bydgoszcz","og_description":"RESUSCYTACJA KR\u0104\u017bENIOWO-ODDECHOWA RESUSCYTACJA KR\u0104\u017bENIOWO-ODDECHOWA Uko\u0144czenie kursu specjalistycznego daje wiedz\u0119 i umiej\u0119tno\u015bci niezb\u0119dne do wykonywania czynno\u015bci w zakresie realizowanego szkolenia.&nbsp;Po uko\u0144czeniu szkolenia Kursant otrzymuje za\u015bwiadczenie o uko\u0144czeniu kursu zgodne ze wzorem Ministra Zdrowia, dzi\u0119ki kt\u00f3remu uzyskuje kwalifikacje potrzebne do udzielania okre\u015blonych \u015bwiadcze\u0144 zdrowotnych wchodz\u0105cych w zakres danej dziedziny piel\u0119gniarstwa lub dziedziny maj\u0105cej zastosowanie w ochronie zdrowia.&nbsp;...","og_url":"https:\/\/akademia-zdrowia.pl\/bydgoszcz\/oferta-szkoleniowa\/ksztalcenie-pielegniarek-i-poloznych\/kursy-specjalistyczne\/resuscytacja-krazeniowo-oddechowa\/","og_site_name":"Akademia Zdrowia Bydgoszcz","article_modified_time":"2022-02-21T19:31:55+00:00","twitter_card":"summary_large_image","twitter_misc":{"Szacowany czas czytania":"1 minuta"},"schema":{"@context":"https:\/\/schema.org","@graph":[{"@type":"WebPage","@id":"https:\/\/akademia-zdrowia.pl\/bydgoszcz\/oferta-szkoleniowa\/ksztalcenie-pielegniarek-i-poloznych\/kursy-specjalistyczne\/resuscytacja-krazeniowo-oddechowa\/","url":"https:\/\/akademia-zdrowia.pl\/bydgoszcz\/oferta-szkoleniowa\/ksztalcenie-pielegniarek-i-poloznych\/kursy-specjalistyczne\/resuscytacja-krazeniowo-oddechowa\/","name":"Resuscytacja kr\u0105\u017ceniowo - oddechowa - Akademia Zdrowia Bydgoszcz","isPartOf":{"@id":"https:\/\/akademia-zdrowia.pl\/bydgoszcz\/#website"},"datePublished":"2018-01-10T11:06:16+00:00","dateModified":"2022-02-21T19:31:55+00:00","breadcrumb":{"@id":"https:\/\/akademia-zdrowia.pl\/bydgoszcz\/oferta-szkoleniowa\/ksztalcenie-pielegniarek-i-poloznych\/kursy-specjalistyczne\/resuscytacja-krazeniowo-oddechowa\/#breadcrumb"},"inLanguage":"pl-PL","potentialAction":[{"@type":"ReadAction","target":["https:\/\/akademia-zdrowia.pl\/bydgoszcz\/oferta-szkoleniowa\/ksztalcenie-pielegniarek-i-poloznych\/kursy-specjalistyczne\/resuscytacja-krazeniowo-oddechowa\/"]}]},{"@type":"BreadcrumbList","@id":"https:\/\/akademia-zdrowia.pl\/bydgoszcz\/oferta-szkoleniowa\/ksztalcenie-pielegniarek-i-poloznych\/kursy-specjalistyczne\/resuscytacja-krazeniowo-oddechowa\/#breadcrumb","itemListElement":[{"@type":"ListItem","position":1,"name":"Strona g\u0142\u00f3wna","item":"https:\/\/akademia-zdrowia.pl\/bydgoszcz\/"},{"@type":"ListItem","position":2,"name":"Oferta szkoleniowa","item":"https:\/\/akademia-zdrowia.pl\/bydgoszcz\/oferta-szkoleniowa\/"},{"@type":"ListItem","position":3,"name":"Kszta\u0142cenie Piel\u0119gniarek i po\u0142o\u017cnych","item":"https:\/\/akademia-zdrowia.pl\/bydgoszcz\/oferta-szkoleniowa\/ksztalcenie-pielegniarek-i-poloznych\/"},{"@type":"ListItem","position":4,"name":"Kursy specjalistyczne","item":"https:\/\/akademia-zdrowia.pl\/bydgoszcz\/oferta-szkoleniowa\/ksztalcenie-pielegniarek-i-poloznych\/kursy-specjalistyczne\/"},{"@type":"ListItem","position":5,"name":"Resuscytacja kr\u0105\u017ceniowo &#8211; oddechowa"}]},{"@type":"WebSite","@id":"https:\/\/akademia-zdrowia.pl\/bydgoszcz\/#website","url":"https:\/\/akademia-zdrowia.pl\/bydgoszcz\/","name":"Akademia Zdrowia Bydgoszcz","description":"Kolejna witryna oparta na WordPressie","potentialAction":[{"@type":"SearchAction","target":{"@type":"EntryPoint","urlTemplate":"https:\/\/akademia-zdrowia.pl\/bydgoszcz\/?s={search_term_string}"},"query-input":{"@type":"PropertyValueSpecification","valueRequired":true,"valueName":"search_term_string"}}],"inLanguage":"pl-PL"}]}},"_links":{"self":[{"href":"https:\/\/akademia-zdrowia.pl\/bydgoszcz\/wp-json\/wp\/v2\/pages\/461","targetHints":{"allow":["GET"]}}],"collection":[{"href":"https:\/\/akademia-zdrowia.pl\/bydgoszcz\/wp-json\/wp\/v2\/pages"}],"about":[{"href":"https:\/\/akademia-zdrowia.pl\/bydgoszcz\/wp-json\/wp\/v2\/types\/page"}],"author":[{"embeddable":true,"href":"https:\/\/akademia-zdrowia.pl\/bydgoszcz\/wp-json\/wp\/v2\/users\/1"}],"replies":[{"embeddable":true,"href":"https:\/\/akademia-zdrowia.pl\/bydgoszcz\/wp-json\/wp\/v2\/comments?post=461"}],"version-history":[{"count":3,"href":"https:\/\/akademia-zdrowia.pl\/bydgoszcz\/wp-json\/wp\/v2\/pages\/461\/revisions"}],"predecessor-version":[{"id":2187,"href":"https:\/\/akademia-zdrowia.pl\/bydgoszcz\/wp-json\/wp\/v2\/pages\/461\/revisions\/2187"}],"up":[{"embeddable":true,"href":"https:\/\/akademia-zdrowia.pl\/bydgoszcz\/wp-json\/wp\/v2\/pages\/397"}],"wp:attachment":[{"href":"https:\/\/akademia-zdrowia.pl\/bydgoszcz\/wp-json\/wp\/v2\/media?parent=461"}],"curies":[{"name":"wp","href":"https:\/\/api.w.org\/{rel}","templated":true}]}}