{"id":531,"date":"2018-01-10T13:08:36","date_gmt":"2018-01-10T12:08:36","guid":{"rendered":"http:\/\/www.akademia-zdrowia.pl\/lodz\/?page_id=531"},"modified":"2022-02-21T21:19:51","modified_gmt":"2022-02-21T20:19:51","slug":"pielegniarstwo-chirurgiczne","status":"publish","type":"page","link":"https:\/\/akademia-zdrowia.pl\/bydgoszcz\/oferta-szkoleniowa\/ksztalcenie-pielegniarek-i-poloznych\/specjalizacje\/pielegniarstwo-chirurgiczne\/","title":{"rendered":"Piel\u0119gniarstwo chirurgiczne"},"content":{"rendered":"\t\t<div data-elementor-type=\"wp-page\" data-elementor-id=\"531\" class=\"elementor elementor-531\" data-elementor-post-type=\"page\">\n\t\t\t\t\t\t<section class=\"elementor-section elementor-top-section elementor-element elementor-element-4846044 elementor-section-boxed elementor-section-height-default elementor-section-height-default\" data-id=\"4846044\" data-element_type=\"section\" data-e-type=\"section\">\n\t\t\t\t\t\t<div class=\"elementor-container elementor-column-gap-default\">\n\t\t\t\t\t<div class=\"elementor-column elementor-col-100 elementor-top-column elementor-element elementor-element-ac8ad09\" data-id=\"ac8ad09\" data-element_type=\"column\" data-e-type=\"column\">\n\t\t\t<div class=\"elementor-widget-wrap elementor-element-populated\">\n\t\t\t\t\t\t<div class=\"elementor-element elementor-element-a7e28de elementor-widget elementor-widget-bdt-advanced-heading\" data-id=\"a7e28de\" data-element_type=\"widget\" data-e-type=\"widget\" data-widget_type=\"bdt-advanced-heading.default\">\n\t\t\t\t<div class=\"elementor-widget-container\">\n\t\t\t\t\t<div id =\"a7e28de\" class=\"bdt-ep-advanced-heading\" data-settings=\"{&quot;titleMultiColor&quot;:&quot;no&quot;}\"><div class=\"bdt-ep-advanced-heading-content bdt-visible@m\"><div class=\"bdt-transform-origin-top-left\">SPECJALIZACJA CHIRURGICZNA<\/div><\/div><h2 class=\"bdt-ep-advanced-heading-title\"><span class=\"bdt-ep-advanced-heading-main-title\"><span class=\"bdt-ep-advanced-heading-main-title-inner\">SPECJALIZACJA CHIRURGICZNA<\/span><\/span><\/h2><\/div>\t\t\t\t<\/div>\n\t\t\t\t<\/div>\n\t\t\t\t<div class=\"elementor-element elementor-element-03e932e elementor-widget elementor-widget-text-editor\" data-id=\"03e932e\" data-element_type=\"widget\" data-e-type=\"widget\" data-widget_type=\"text-editor.default\">\n\t\t\t\t<div class=\"elementor-widget-container\">\n\t\t\t\t\t\t\t\t\t<p><span data-contrast=\"none\">\u00a0<\/span><\/p><p><span data-contrast=\"none\">Uko\u0144czenie kursu daje mo\u017cliwo\u015b\u0107 podej\u015bcia do egzaminu pa\u0144stwowego prowadzonego przez Centrum Kszta\u0142cenia Podyplomowego Piel\u0119gniarek i Po\u0142o\u017cnych w celu uzyskania tytu\u0142u piel\u0119gniarki specjalisty.\u00a0<\/span><span data-ccp-props=\"{\">\u00a0<\/span><\/p><p><span data-contrast=\"none\">Do kursu specjalizacyjnego mog\u0105 przyst\u0105pi\u0107 piel\u0119gniarki, kt\u00f3re:<\/span><\/p><ul><li><span data-contrast=\"none\">posiadaj\u0105 prawo wykonywania zawodu,<\/span><\/li><li><span data-contrast=\"none\">posiadaj\u0105 <\/span><span data-contrast=\"none\">co najmniej 2-letni sta\u017c pracy<\/span><span data-contrast=\"none\"> w zawodzie w ci\u0105gu ostatnich 5 lat.<\/span><span data-ccp-props=\"{\">\u00a0<\/span><\/li><\/ul><p><span data-contrast=\"none\">\u0141\u0105czna liczba godzin przeznaczonych na realizacj\u0119 programu kursu wynosi 840 godzin dydaktycznych:<\/span><\/p><ul><li><span data-contrast=\"none\">zaj\u0119cia teoretyczne \u2013 490 godzin,<\/span><\/li><li><span data-contrast=\"none\">zaj\u0119cia praktyczne \u2013 350 godzin.<\/span><span data-ccp-props=\"{\">\u00a0<\/span><\/li><\/ul>\t\t\t\t\t\t\t\t<\/div>\n\t\t\t\t<\/div>\n\t\t\t\t\t<\/div>\n\t\t<\/div>\n\t\t\t\t\t<\/div>\n\t\t<\/section>\n\t\t\t\t<section class=\"elementor-section elementor-top-section elementor-element elementor-element-63d6fec elementor-section-boxed elementor-section-height-default elementor-section-height-default\" data-id=\"63d6fec\" data-element_type=\"section\" data-e-type=\"section\">\n\t\t\t\t\t\t<div class=\"elementor-container elementor-column-gap-default\">\n\t\t\t\t\t<div class=\"elementor-column elementor-col-100 elementor-top-column elementor-element elementor-element-381cadc\" data-id=\"381cadc\" data-element_type=\"column\" data-e-type=\"column\">\n\t\t\t<div class=\"elementor-widget-wrap elementor-element-populated\">\n\t\t\t\t\t\t<div class=\"elementor-element elementor-element-8d9641a elementor-widget elementor-widget-text-editor\" data-id=\"8d9641a\" data-element_type=\"widget\" data-e-type=\"widget\" data-widget_type=\"text-editor.default\">\n\t\t\t\t<div class=\"elementor-widget-container\">\n\t\t\t\t\t\t\t\t\t<p><span class=\"TextRun Highlight SCXW204602223 BCX8\" lang=\"PL-PL\" xml:lang=\"PL-PL\" data-contrast=\"none\"><span class=\"NormalTextRun SCXW204602223 BCX8\">Zapisy przez SMK &#8211; <\/span><span class=\"NormalTextRun SCXW204602223 BCX8\">Koszt 400<\/span><span class=\"NormalTextRun SCXW204602223 BCX8\">0z\u0142 \u2013 dogodny system ratalny!<\/span><\/span><span class=\"EOP SCXW204602223 BCX8\" data-ccp-props=\"{&quot;201341983&quot;:0,&quot;335559739&quot;:200,&quot;335559740&quot;:240}\">\u00a0<\/span><\/p>\t\t\t\t\t\t\t\t<\/div>\n\t\t\t\t<\/div>\n\t\t\t\t\t<\/div>\n\t\t<\/div>\n\t\t\t\t\t<\/div>\n\t\t<\/section>\n\t\t\t\t<section class=\"elementor-section elementor-top-section elementor-element elementor-element-57861e9 elementor-section-boxed elementor-section-height-default elementor-section-height-default\" data-id=\"57861e9\" data-element_type=\"section\" data-e-type=\"section\">\n\t\t\t\t\t\t<div class=\"elementor-container elementor-column-gap-default\">\n\t\t\t\t\t<div class=\"elementor-column elementor-col-100 elementor-top-column elementor-element elementor-element-e0be062\" data-id=\"e0be062\" data-element_type=\"column\" data-e-type=\"column\">\n\t\t\t<div class=\"elementor-widget-wrap elementor-element-populated\">\n\t\t\t\t\t\t<div class=\"elementor-element elementor-element-db1e96d elementor-alert-danger elementor-widget elementor-widget-alert\" data-id=\"db1e96d\" data-element_type=\"widget\" data-e-type=\"widget\" data-widget_type=\"alert.default\">\n\t\t\t\t<div class=\"elementor-widget-container\">\n\t\t\t\t\t\t\t<div class=\"elementor-alert\" role=\"alert\">\n\n\t\t\t\t\t\t<span class=\"elementor-alert-title\">UWAGA!<\/span>\n\t\t\t\n\t\t\t\n\t\t\t\t\t\t<button type=\"button\" class=\"elementor-alert-dismiss\" aria-label=\"Odrzu\u0107 ten alert.\">\n\t\t\t\t\t\t\t\t\t<span aria-hidden=\"true\">&times;<\/span>\n\t\t\t\t\t\t\t<\/button>\n\t\t\t\n\t\t<\/div>\n\t\t\t\t\t\t<\/div>\n\t\t\t\t<\/div>\n\t\t\t\t<div class=\"elementor-element elementor-element-6a738b1 elementor-widget elementor-widget-text-editor\" data-id=\"6a738b1\" data-element_type=\"widget\" data-e-type=\"widget\" data-widget_type=\"text-editor.default\">\n\t\t\t\t<div class=\"elementor-widget-container\">\n\t\t\t\t\t\t\t\t\t<p><span data-contrast=\"none\">Do dnia zako\u0144czenia specjalizacji nale\u017cy zrealizowa\u0107 kursy specjalistyczne:\u202f<\/span><a href=\"https:\/\/akademia-zdrowia.pl\/bydgoszcz\/oferta-szkoleniowa\/ksztalcenie-pielegniarek-i-poloznych\/kursy-specjalistyczne\/resuscytacja-krazeniowo-oddechowa\/\"><span data-contrast=\"auto\">Resuscytacja kr\u0105\u017ceniowo-oddechowa (RKO)<\/span><\/a><span data-contrast=\"none\">,\u202f<\/span><a href=\"https:\/\/akademia-zdrowia.pl\/bydgoszcz\/oferta-szkoleniowa\/ksztalcenie-pielegniarek-i-poloznych\/kursy-specjalistyczne\/wykonywanie-i-interpretacja-zapisu-elektrograficznego\/\"><span data-contrast=\"auto\">EKG<\/span><\/a><span data-contrast=\"none\">\u202foraz\u202f<\/span><a href=\"https:\/\/akademia-zdrowia.pl\/bydgoszcz\/oferta-szkoleniowa\/ksztalcenie-pielegniarek-i-poloznych\/kursy-specjalistyczne\/wywiad-i-badanie-fizykalne\/\"><span data-contrast=\"auto\">Wywiad i badanie fizykalne<\/span><\/a><span data-contrast=\"none\">.<\/span>\u00a0<br \/><span data-contrast=\"none\">Wym\u00f3g posiadania kurs\u00f3w EKG i RKO nie dotyczy piel\u0119gniarek, kt\u00f3re:<\/span>\u00a0<br \/><span data-contrast=\"none\">&#8211; s\u0105 piel\u0119gniarkami systemu w rozumieniu art. 3 pkt. 6 ustawy z dn. 8 wrze\u015bnia 2006 o Pa\u0144stwowym Ratownictwie Medycznym,<\/span>\u00a0<br \/><span data-contrast=\"none\">&#8211; posiadaj\u0105 dyplom ratownika medycznego,<\/span>\u00a0<br \/><span data-contrast=\"none\">&#8211; lub uko\u0144czy\u0142y kurs Advanced Life Support (ALS).<\/span><span data-ccp-props=\"{\">\u00a0<\/span><\/p><p><span data-contrast=\"none\">Wym\u00f3g legitymowania si\u0119 za\u015bwiadczeniem potwierdzaj\u0105cym uko\u0144czenie kursu Wywiad i badanie fizykalne nie dotyczy os\u00f3b posiadaj\u0105cych tytu\u0142 specjalisty uzyskany po 2001 r. lub dyplom licencjata piel\u0119gniarstwa pocz\u0105wszy od naboru 2012\/2013 r., a tak\u017ce os\u00f3b posiadaj\u0105cych za\u015bwiadczenie z zakresu badania fizykalnego Advanced Physical Assessment.<\/span><span data-ccp-props=\"{\">\u00a0<\/span><\/p>\t\t\t\t\t\t\t\t<\/div>\n\t\t\t\t<\/div>\n\t\t\t\t\t<\/div>\n\t\t<\/div>\n\t\t\t\t\t<\/div>\n\t\t<\/section>\n\t\t\t\t<\/div>\n\t\t","protected":false},"excerpt":{"rendered":"<p>SPECJALIZACJA CHIRURGICZNA SPECJALIZACJA CHIRURGICZNA \u00a0 Uko\u0144czenie kursu daje mo\u017cliwo\u015b\u0107 podej\u015bcia do egzaminu pa\u0144stwowego prowadzonego przez Centrum Kszta\u0142cenia Podyplomowego Piel\u0119gniarek i Po\u0142o\u017cnych w celu uzyskania tytu\u0142u piel\u0119gniarki specjalisty.\u00a0\u00a0 Do kursu specjalizacyjnego mog\u0105 przyst\u0105pi\u0107 piel\u0119gniarki, kt\u00f3re: posiadaj\u0105 prawo wykonywania zawodu, posiadaj\u0105 co najmniej 2-letni sta\u017c pracy w zawodzie w ci\u0105gu ostatnich 5 lat.\u00a0 \u0141\u0105czna liczba godzin przeznaczonych&#8230;<\/p>\n","protected":false},"author":1,"featured_media":0,"parent":401,"menu_order":0,"comment_status":"closed","ping_status":"closed","template":"","meta":{"footnotes":""},"class_list":["post-531","page","type-page","status-publish","hentry"],"yoast_head":"<!-- This site is optimized with the Yoast SEO plugin v26.9 - https:\/\/yoast.com\/product\/yoast-seo-wordpress\/ -->\n<title>Piel\u0119gniarstwo chirurgiczne - Akademia Zdrowia Bydgoszcz<\/title>\n<meta name=\"robots\" content=\"index, follow, max-snippet:-1, max-image-preview:large, max-video-preview:-1\" \/>\n<link rel=\"canonical\" href=\"https:\/\/akademia-zdrowia.pl\/bydgoszcz\/oferta-szkoleniowa\/ksztalcenie-pielegniarek-i-poloznych\/specjalizacje\/pielegniarstwo-chirurgiczne\/\" \/>\n<meta property=\"og:locale\" content=\"pl_PL\" \/>\n<meta property=\"og:type\" content=\"article\" \/>\n<meta property=\"og:title\" content=\"Piel\u0119gniarstwo chirurgiczne - Akademia Zdrowia Bydgoszcz\" \/>\n<meta property=\"og:description\" content=\"SPECJALIZACJA CHIRURGICZNA SPECJALIZACJA CHIRURGICZNA \u00a0 Uko\u0144czenie kursu daje mo\u017cliwo\u015b\u0107 podej\u015bcia do egzaminu pa\u0144stwowego prowadzonego przez Centrum Kszta\u0142cenia Podyplomowego Piel\u0119gniarek i Po\u0142o\u017cnych w celu uzyskania tytu\u0142u piel\u0119gniarki specjalisty.\u00a0\u00a0 Do kursu specjalizacyjnego mog\u0105 przyst\u0105pi\u0107 piel\u0119gniarki, kt\u00f3re: posiadaj\u0105 prawo wykonywania zawodu, posiadaj\u0105 co najmniej 2-letni sta\u017c pracy w zawodzie w ci\u0105gu ostatnich 5 lat.\u00a0 \u0141\u0105czna liczba godzin przeznaczonych...\" \/>\n<meta property=\"og:url\" content=\"https:\/\/akademia-zdrowia.pl\/bydgoszcz\/oferta-szkoleniowa\/ksztalcenie-pielegniarek-i-poloznych\/specjalizacje\/pielegniarstwo-chirurgiczne\/\" \/>\n<meta property=\"og:site_name\" content=\"Akademia Zdrowia Bydgoszcz\" \/>\n<meta property=\"article:modified_time\" content=\"2022-02-21T20:19:51+00:00\" \/>\n<meta name=\"twitter:card\" content=\"summary_large_image\" \/>\n<meta name=\"twitter:label1\" content=\"Szacowany czas czytania\" \/>\n\t<meta name=\"twitter:data1\" content=\"1 minuta\" \/>\n<script type=\"application\/ld+json\" class=\"yoast-schema-graph\">{\"@context\":\"https:\/\/schema.org\",\"@graph\":[{\"@type\":\"WebPage\",\"@id\":\"https:\/\/akademia-zdrowia.pl\/bydgoszcz\/oferta-szkoleniowa\/ksztalcenie-pielegniarek-i-poloznych\/specjalizacje\/pielegniarstwo-chirurgiczne\/\",\"url\":\"https:\/\/akademia-zdrowia.pl\/bydgoszcz\/oferta-szkoleniowa\/ksztalcenie-pielegniarek-i-poloznych\/specjalizacje\/pielegniarstwo-chirurgiczne\/\",\"name\":\"Piel\u0119gniarstwo chirurgiczne - Akademia Zdrowia Bydgoszcz\",\"isPartOf\":{\"@id\":\"https:\/\/akademia-zdrowia.pl\/bydgoszcz\/#website\"},\"datePublished\":\"2018-01-10T12:08:36+00:00\",\"dateModified\":\"2022-02-21T20:19:51+00:00\",\"breadcrumb\":{\"@id\":\"https:\/\/akademia-zdrowia.pl\/bydgoszcz\/oferta-szkoleniowa\/ksztalcenie-pielegniarek-i-poloznych\/specjalizacje\/pielegniarstwo-chirurgiczne\/#breadcrumb\"},\"inLanguage\":\"pl-PL\",\"potentialAction\":[{\"@type\":\"ReadAction\",\"target\":[\"https:\/\/akademia-zdrowia.pl\/bydgoszcz\/oferta-szkoleniowa\/ksztalcenie-pielegniarek-i-poloznych\/specjalizacje\/pielegniarstwo-chirurgiczne\/\"]}]},{\"@type\":\"BreadcrumbList\",\"@id\":\"https:\/\/akademia-zdrowia.pl\/bydgoszcz\/oferta-szkoleniowa\/ksztalcenie-pielegniarek-i-poloznych\/specjalizacje\/pielegniarstwo-chirurgiczne\/#breadcrumb\",\"itemListElement\":[{\"@type\":\"ListItem\",\"position\":1,\"name\":\"Strona g\u0142\u00f3wna\",\"item\":\"https:\/\/akademia-zdrowia.pl\/bydgoszcz\/\"},{\"@type\":\"ListItem\",\"position\":2,\"name\":\"Oferta szkoleniowa\",\"item\":\"https:\/\/akademia-zdrowia.pl\/bydgoszcz\/oferta-szkoleniowa\/\"},{\"@type\":\"ListItem\",\"position\":3,\"name\":\"Kszta\u0142cenie Piel\u0119gniarek i po\u0142o\u017cnych\",\"item\":\"https:\/\/akademia-zdrowia.pl\/bydgoszcz\/oferta-szkoleniowa\/ksztalcenie-pielegniarek-i-poloznych\/\"},{\"@type\":\"ListItem\",\"position\":4,\"name\":\"Specjalizacje\",\"item\":\"https:\/\/akademia-zdrowia.pl\/bydgoszcz\/oferta-szkoleniowa\/ksztalcenie-pielegniarek-i-poloznych\/specjalizacje\/\"},{\"@type\":\"ListItem\",\"position\":5,\"name\":\"Piel\u0119gniarstwo chirurgiczne\"}]},{\"@type\":\"WebSite\",\"@id\":\"https:\/\/akademia-zdrowia.pl\/bydgoszcz\/#website\",\"url\":\"https:\/\/akademia-zdrowia.pl\/bydgoszcz\/\",\"name\":\"Akademia Zdrowia Bydgoszcz\",\"description\":\"Kolejna witryna oparta na WordPressie\",\"potentialAction\":[{\"@type\":\"SearchAction\",\"target\":{\"@type\":\"EntryPoint\",\"urlTemplate\":\"https:\/\/akademia-zdrowia.pl\/bydgoszcz\/?s={search_term_string}\"},\"query-input\":{\"@type\":\"PropertyValueSpecification\",\"valueRequired\":true,\"valueName\":\"search_term_string\"}}],\"inLanguage\":\"pl-PL\"}]}<\/script>\n<!-- \/ Yoast SEO plugin. -->","yoast_head_json":{"title":"Piel\u0119gniarstwo chirurgiczne - Akademia Zdrowia Bydgoszcz","robots":{"index":"index","follow":"follow","max-snippet":"max-snippet:-1","max-image-preview":"max-image-preview:large","max-video-preview":"max-video-preview:-1"},"canonical":"https:\/\/akademia-zdrowia.pl\/bydgoszcz\/oferta-szkoleniowa\/ksztalcenie-pielegniarek-i-poloznych\/specjalizacje\/pielegniarstwo-chirurgiczne\/","og_locale":"pl_PL","og_type":"article","og_title":"Piel\u0119gniarstwo chirurgiczne - Akademia Zdrowia Bydgoszcz","og_description":"SPECJALIZACJA CHIRURGICZNA SPECJALIZACJA CHIRURGICZNA \u00a0 Uko\u0144czenie kursu daje mo\u017cliwo\u015b\u0107 podej\u015bcia do egzaminu pa\u0144stwowego prowadzonego przez Centrum Kszta\u0142cenia Podyplomowego Piel\u0119gniarek i Po\u0142o\u017cnych w celu uzyskania tytu\u0142u piel\u0119gniarki specjalisty.\u00a0\u00a0 Do kursu specjalizacyjnego mog\u0105 przyst\u0105pi\u0107 piel\u0119gniarki, kt\u00f3re: posiadaj\u0105 prawo wykonywania zawodu, posiadaj\u0105 co najmniej 2-letni sta\u017c pracy w zawodzie w ci\u0105gu ostatnich 5 lat.\u00a0 \u0141\u0105czna liczba godzin przeznaczonych...","og_url":"https:\/\/akademia-zdrowia.pl\/bydgoszcz\/oferta-szkoleniowa\/ksztalcenie-pielegniarek-i-poloznych\/specjalizacje\/pielegniarstwo-chirurgiczne\/","og_site_name":"Akademia Zdrowia Bydgoszcz","article_modified_time":"2022-02-21T20:19:51+00:00","twitter_card":"summary_large_image","twitter_misc":{"Szacowany czas czytania":"1 minuta"},"schema":{"@context":"https:\/\/schema.org","@graph":[{"@type":"WebPage","@id":"https:\/\/akademia-zdrowia.pl\/bydgoszcz\/oferta-szkoleniowa\/ksztalcenie-pielegniarek-i-poloznych\/specjalizacje\/pielegniarstwo-chirurgiczne\/","url":"https:\/\/akademia-zdrowia.pl\/bydgoszcz\/oferta-szkoleniowa\/ksztalcenie-pielegniarek-i-poloznych\/specjalizacje\/pielegniarstwo-chirurgiczne\/","name":"Piel\u0119gniarstwo chirurgiczne - Akademia Zdrowia Bydgoszcz","isPartOf":{"@id":"https:\/\/akademia-zdrowia.pl\/bydgoszcz\/#website"},"datePublished":"2018-01-10T12:08:36+00:00","dateModified":"2022-02-21T20:19:51+00:00","breadcrumb":{"@id":"https:\/\/akademia-zdrowia.pl\/bydgoszcz\/oferta-szkoleniowa\/ksztalcenie-pielegniarek-i-poloznych\/specjalizacje\/pielegniarstwo-chirurgiczne\/#breadcrumb"},"inLanguage":"pl-PL","potentialAction":[{"@type":"ReadAction","target":["https:\/\/akademia-zdrowia.pl\/bydgoszcz\/oferta-szkoleniowa\/ksztalcenie-pielegniarek-i-poloznych\/specjalizacje\/pielegniarstwo-chirurgiczne\/"]}]},{"@type":"BreadcrumbList","@id":"https:\/\/akademia-zdrowia.pl\/bydgoszcz\/oferta-szkoleniowa\/ksztalcenie-pielegniarek-i-poloznych\/specjalizacje\/pielegniarstwo-chirurgiczne\/#breadcrumb","itemListElement":[{"@type":"ListItem","position":1,"name":"Strona g\u0142\u00f3wna","item":"https:\/\/akademia-zdrowia.pl\/bydgoszcz\/"},{"@type":"ListItem","position":2,"name":"Oferta szkoleniowa","item":"https:\/\/akademia-zdrowia.pl\/bydgoszcz\/oferta-szkoleniowa\/"},{"@type":"ListItem","position":3,"name":"Kszta\u0142cenie Piel\u0119gniarek i po\u0142o\u017cnych","item":"https:\/\/akademia-zdrowia.pl\/bydgoszcz\/oferta-szkoleniowa\/ksztalcenie-pielegniarek-i-poloznych\/"},{"@type":"ListItem","position":4,"name":"Specjalizacje","item":"https:\/\/akademia-zdrowia.pl\/bydgoszcz\/oferta-szkoleniowa\/ksztalcenie-pielegniarek-i-poloznych\/specjalizacje\/"},{"@type":"ListItem","position":5,"name":"Piel\u0119gniarstwo chirurgiczne"}]},{"@type":"WebSite","@id":"https:\/\/akademia-zdrowia.pl\/bydgoszcz\/#website","url":"https:\/\/akademia-zdrowia.pl\/bydgoszcz\/","name":"Akademia Zdrowia Bydgoszcz","description":"Kolejna witryna oparta na WordPressie","potentialAction":[{"@type":"SearchAction","target":{"@type":"EntryPoint","urlTemplate":"https:\/\/akademia-zdrowia.pl\/bydgoszcz\/?s={search_term_string}"},"query-input":{"@type":"PropertyValueSpecification","valueRequired":true,"valueName":"search_term_string"}}],"inLanguage":"pl-PL"}]}},"_links":{"self":[{"href":"https:\/\/akademia-zdrowia.pl\/bydgoszcz\/wp-json\/wp\/v2\/pages\/531","targetHints":{"allow":["GET"]}}],"collection":[{"href":"https:\/\/akademia-zdrowia.pl\/bydgoszcz\/wp-json\/wp\/v2\/pages"}],"about":[{"href":"https:\/\/akademia-zdrowia.pl\/bydgoszcz\/wp-json\/wp\/v2\/types\/page"}],"author":[{"embeddable":true,"href":"https:\/\/akademia-zdrowia.pl\/bydgoszcz\/wp-json\/wp\/v2\/users\/1"}],"replies":[{"embeddable":true,"href":"https:\/\/akademia-zdrowia.pl\/bydgoszcz\/wp-json\/wp\/v2\/comments?post=531"}],"version-history":[{"count":12,"href":"https:\/\/akademia-zdrowia.pl\/bydgoszcz\/wp-json\/wp\/v2\/pages\/531\/revisions"}],"predecessor-version":[{"id":2251,"href":"https:\/\/akademia-zdrowia.pl\/bydgoszcz\/wp-json\/wp\/v2\/pages\/531\/revisions\/2251"}],"up":[{"embeddable":true,"href":"https:\/\/akademia-zdrowia.pl\/bydgoszcz\/wp-json\/wp\/v2\/pages\/401"}],"wp:attachment":[{"href":"https:\/\/akademia-zdrowia.pl\/bydgoszcz\/wp-json\/wp\/v2\/media?parent=531"}],"curies":[{"name":"wp","href":"https:\/\/api.w.org\/{rel}","templated":true}]}}