{"id":555,"date":"2018-01-10T13:12:01","date_gmt":"2018-01-10T12:12:01","guid":{"rendered":"http:\/\/www.akademia-zdrowia.pl\/lodz\/?page_id=555"},"modified":"2021-11-23T00:38:27","modified_gmt":"2021-11-22T23:38:27","slug":"pielegniarstwo-epidemiologiczne","status":"publish","type":"page","link":"https:\/\/akademia-zdrowia.pl\/bydgoszcz\/oferta-szkoleniowa\/ksztalcenie-pielegniarek-i-poloznych\/specjalizacje\/pielegniarstwo-epidemiologiczne\/","title":{"rendered":"Piel\u0119gniarstwo epidemiologiczne"},"content":{"rendered":"\t\t<div data-elementor-type=\"wp-page\" data-elementor-id=\"555\" class=\"elementor elementor-555\" data-elementor-post-type=\"page\">\n\t\t\t\t\t\t<section class=\"elementor-section elementor-top-section elementor-element elementor-element-29f4262 elementor-section-boxed elementor-section-height-default elementor-section-height-default\" data-id=\"29f4262\" data-element_type=\"section\" data-e-type=\"section\">\n\t\t\t\t\t\t<div class=\"elementor-container elementor-column-gap-default\">\n\t\t\t\t\t<div class=\"elementor-column elementor-col-66 elementor-top-column elementor-element elementor-element-a552c66\" data-id=\"a552c66\" data-element_type=\"column\" data-e-type=\"column\">\n\t\t\t<div class=\"elementor-widget-wrap\">\n\t\t\t\t\t\t\t<\/div>\n\t\t<\/div>\n\t\t\t\t<div class=\"elementor-column elementor-col-33 elementor-top-column elementor-element elementor-element-a8a93a4\" data-id=\"a8a93a4\" data-element_type=\"column\" data-e-type=\"column\">\n\t\t\t<div class=\"elementor-widget-wrap elementor-element-populated\">\n\t\t\t\t\t\t<div class=\"elementor-element elementor-element-5dc7a6a elementor-widget elementor-widget-rs-image\" data-id=\"5dc7a6a\" data-element_type=\"widget\" data-e-type=\"widget\" data-widget_type=\"rs-image.default\">\n\t\t\t\t<div class=\"elementor-widget-container\">\n\t\t\t\t\t\n        <div class=\"rs-image \">\n                            <img decoding=\"async\" class=\"rs-multi-image \" src=\"https:\/\/akademia-zdrowia.pl\/bydgoszcz\/wp-content\/uploads\/2021\/10\/bydgoszcz.png\" alt=\"image\"\/>\n                    <\/div>\n\n              \n    \t\t\t\t<\/div>\n\t\t\t\t<\/div>\n\t\t\t\t<div class=\"elementor-element elementor-element-a0d540a elementor-widget elementor-widget-text-editor\" data-id=\"a0d540a\" data-element_type=\"widget\" data-e-type=\"widget\" data-widget_type=\"text-editor.default\">\n\t\t\t\t<div class=\"elementor-widget-container\">\n\t\t\t\t\t\t\t\t\t<div><p style=\"text-align: center;\">ul. Powsta\u0144c\u00f3w Wielkopolskich 26 <br \/>(II pi\u0119tro)<br \/>85-090 Bydgoszcz<\/p><p><img decoding=\"async\" style=\"color: var( --e-global-color-text ); font-family: var( --e-global-typography-text-font-family ), Sans-serif; font-weight: var( --e-global-typography-text-font-weight );\" src=\"https:\/\/www.akademia-zdrowia.pl\/lodz\/wp-content\/themes\/akademia-podstrona\/img\/phone-ico_red.png\" alt=\"marker\" \/><span style=\"color: var( --e-global-color-text ); font-family: var( --e-global-typography-text-font-family ), Sans-serif; font-weight: var( --e-global-typography-text-font-weight );\">\u00a0\u00a0<\/span><span style=\"color: var( --e-global-color-text ); font-family: var( --e-global-typography-text-font-family ), Sans-serif; font-weight: var( --e-global-typography-text-font-weight );\">tel.\u00a0<\/span><a style=\"font-family: var( --e-global-typography-text-font-family ), Sans-serif; font-weight: var( --e-global-typography-text-font-weight ); background-color: #ffffff;\" href=\"tel:730 570 700\">730 570 700<\/a><br \/><span style=\"color: var( --e-global-color-text ); font-family: var( --e-global-typography-text-font-family ), Sans-serif; font-weight: var( --e-global-typography-text-font-weight );\">tel.\u00a0<\/span><a style=\"font-family: var( --e-global-typography-text-font-family ), Sans-serif; font-weight: var( --e-global-typography-text-font-weight ); background-color: #ffffff;\" href=\"tel:698 592 791\">698 592 791<\/a><br \/><span style=\"color: var( --e-global-color-text ); font-family: var( --e-global-typography-text-font-family ), Sans-serif; font-weight: var( --e-global-typography-text-font-weight );\">tel.\u00a0<\/span><a style=\"font-family: var( --e-global-typography-text-font-family ), Sans-serif; font-weight: var( --e-global-typography-text-font-weight ); background-color: #ffffff;\" href=\"tel:662 518 606\">662 518 606<\/a><\/p><\/div><div><p style=\"text-align: center;\">Sekretariat czynny od poniedzia\u0142ku do pi\u0105tku w godzinach 9.00-17.00<\/p><p style=\"text-align: center;\"><span style=\"color: #000080; font-family: var( --e-global-typography-text-font-family ), Sans-serif;\"><b>Zarezerwuj miejsce ju\u017c dzi\u015b!<\/b><\/span><\/p><\/div>\t\t\t\t\t\t\t\t<\/div>\n\t\t\t\t<\/div>\n\t\t\t\t<div class=\"elementor-element elementor-element-b6bae09 elementor-align-center elementor-widget elementor-widget-bdt-advanced-button\" data-id=\"b6bae09\" data-element_type=\"widget\" data-e-type=\"widget\" data-widget_type=\"bdt-advanced-button.default\">\n\t\t\t\t<div class=\"elementor-widget-container\">\n\t\t\t\t\t\t\t<div class=\"bdt-ep-button-wrapper\">\r\n\t\t\t<a href=\"\/bydgoszcz\/zapisz-sie\/\" class=\"bdt-ep-button bdt-ep-button-effect-a bdt-ep-button-size-sm\">\r\n\t\t\t\t\t\t<div class=\"bdt-ep-button-content-wrapper bdt-flex bdt-flex-middle bdt-flex-center  \" data-text=\"ZAPISZ SI\u0118\">\r\n\t\t\t\r\n\t\t\t<div class=\"bdt-ep-button-text\">\r\n\r\n                <span class=\"avdbtn-text\">ZAPISZ SI\u0118<\/span>\r\n\r\n\t\t\t\t            <\/div>\r\n\r\n\t\t\t\r\n\t\t<\/div>\r\n\t\t\t\t\t<\/a>\r\n\t\t<\/div>\r\n\t\t\t\t\t\t<\/div>\n\t\t\t\t<\/div>\n\t\t\t\t\t<\/div>\n\t\t<\/div>\n\t\t\t\t\t<\/div>\n\t\t<\/section>\n\t\t\t\t<\/div>\n\t\t","protected":false},"excerpt":{"rendered":"<p>ul. Powsta\u0144c\u00f3w Wielkopolskich 26 (II pi\u0119tro)85-090 Bydgoszcz \u00a0\u00a0tel.\u00a0730 570 700tel.\u00a0698 592 791tel.\u00a0662 518 606 Sekretariat czynny od poniedzia\u0142ku do pi\u0105tku w godzinach 9.00-17.00 Zarezerwuj miejsce ju\u017c dzi\u015b! ZAPISZ SI\u0118<\/p>\n","protected":false},"author":1,"featured_media":0,"parent":401,"menu_order":0,"comment_status":"closed","ping_status":"closed","template":"","meta":{"footnotes":""},"class_list":["post-555","page","type-page","status-publish","hentry"],"yoast_head":"<!-- This site is optimized with the Yoast SEO plugin v26.9 - https:\/\/yoast.com\/product\/yoast-seo-wordpress\/ -->\n<title>Piel\u0119gniarstwo epidemiologiczne - Akademia Zdrowia Bydgoszcz<\/title>\n<meta name=\"robots\" content=\"index, follow, max-snippet:-1, max-image-preview:large, max-video-preview:-1\" \/>\n<link rel=\"canonical\" href=\"https:\/\/akademia-zdrowia.pl\/bydgoszcz\/oferta-szkoleniowa\/ksztalcenie-pielegniarek-i-poloznych\/specjalizacje\/pielegniarstwo-epidemiologiczne\/\" \/>\n<meta property=\"og:locale\" content=\"pl_PL\" \/>\n<meta property=\"og:type\" content=\"article\" \/>\n<meta property=\"og:title\" content=\"Piel\u0119gniarstwo epidemiologiczne - Akademia Zdrowia Bydgoszcz\" \/>\n<meta property=\"og:description\" content=\"ul. Powsta\u0144c\u00f3w Wielkopolskich 26 (II pi\u0119tro)85-090 Bydgoszcz \u00a0\u00a0tel.\u00a0730 570 700tel.\u00a0698 592 791tel.\u00a0662 518 606 Sekretariat czynny od poniedzia\u0142ku do pi\u0105tku w godzinach 9.00-17.00 Zarezerwuj miejsce ju\u017c dzi\u015b! ZAPISZ SI\u0118\" \/>\n<meta property=\"og:url\" content=\"https:\/\/akademia-zdrowia.pl\/bydgoszcz\/oferta-szkoleniowa\/ksztalcenie-pielegniarek-i-poloznych\/specjalizacje\/pielegniarstwo-epidemiologiczne\/\" \/>\n<meta property=\"og:site_name\" content=\"Akademia Zdrowia Bydgoszcz\" \/>\n<meta property=\"article:modified_time\" content=\"2021-11-22T23:38:27+00:00\" \/>\n<meta property=\"og:image\" content=\"https:\/\/akademia-zdrowia.pl\/bydgoszcz\/wp-content\/uploads\/2021\/10\/bydgoszcz.png\" \/>\n<meta name=\"twitter:card\" content=\"summary_large_image\" \/>\n<script type=\"application\/ld+json\" class=\"yoast-schema-graph\">{\"@context\":\"https:\/\/schema.org\",\"@graph\":[{\"@type\":\"WebPage\",\"@id\":\"https:\/\/akademia-zdrowia.pl\/bydgoszcz\/oferta-szkoleniowa\/ksztalcenie-pielegniarek-i-poloznych\/specjalizacje\/pielegniarstwo-epidemiologiczne\/\",\"url\":\"https:\/\/akademia-zdrowia.pl\/bydgoszcz\/oferta-szkoleniowa\/ksztalcenie-pielegniarek-i-poloznych\/specjalizacje\/pielegniarstwo-epidemiologiczne\/\",\"name\":\"Piel\u0119gniarstwo epidemiologiczne - Akademia Zdrowia Bydgoszcz\",\"isPartOf\":{\"@id\":\"https:\/\/akademia-zdrowia.pl\/bydgoszcz\/#website\"},\"primaryImageOfPage\":{\"@id\":\"https:\/\/akademia-zdrowia.pl\/bydgoszcz\/oferta-szkoleniowa\/ksztalcenie-pielegniarek-i-poloznych\/specjalizacje\/pielegniarstwo-epidemiologiczne\/#primaryimage\"},\"image\":{\"@id\":\"https:\/\/akademia-zdrowia.pl\/bydgoszcz\/oferta-szkoleniowa\/ksztalcenie-pielegniarek-i-poloznych\/specjalizacje\/pielegniarstwo-epidemiologiczne\/#primaryimage\"},\"thumbnailUrl\":\"https:\/\/akademia-zdrowia.pl\/bydgoszcz\/wp-content\/uploads\/2021\/10\/bydgoszcz.png\",\"datePublished\":\"2018-01-10T12:12:01+00:00\",\"dateModified\":\"2021-11-22T23:38:27+00:00\",\"breadcrumb\":{\"@id\":\"https:\/\/akademia-zdrowia.pl\/bydgoszcz\/oferta-szkoleniowa\/ksztalcenie-pielegniarek-i-poloznych\/specjalizacje\/pielegniarstwo-epidemiologiczne\/#breadcrumb\"},\"inLanguage\":\"pl-PL\",\"potentialAction\":[{\"@type\":\"ReadAction\",\"target\":[\"https:\/\/akademia-zdrowia.pl\/bydgoszcz\/oferta-szkoleniowa\/ksztalcenie-pielegniarek-i-poloznych\/specjalizacje\/pielegniarstwo-epidemiologiczne\/\"]}]},{\"@type\":\"ImageObject\",\"inLanguage\":\"pl-PL\",\"@id\":\"https:\/\/akademia-zdrowia.pl\/bydgoszcz\/oferta-szkoleniowa\/ksztalcenie-pielegniarek-i-poloznych\/specjalizacje\/pielegniarstwo-epidemiologiczne\/#primaryimage\",\"url\":\"https:\/\/akademia-zdrowia.pl\/bydgoszcz\/wp-content\/uploads\/2021\/10\/bydgoszcz.png\",\"contentUrl\":\"https:\/\/akademia-zdrowia.pl\/bydgoszcz\/wp-content\/uploads\/2021\/10\/bydgoszcz.png\",\"width\":390,\"height\":277},{\"@type\":\"BreadcrumbList\",\"@id\":\"https:\/\/akademia-zdrowia.pl\/bydgoszcz\/oferta-szkoleniowa\/ksztalcenie-pielegniarek-i-poloznych\/specjalizacje\/pielegniarstwo-epidemiologiczne\/#breadcrumb\",\"itemListElement\":[{\"@type\":\"ListItem\",\"position\":1,\"name\":\"Strona g\u0142\u00f3wna\",\"item\":\"https:\/\/akademia-zdrowia.pl\/bydgoszcz\/\"},{\"@type\":\"ListItem\",\"position\":2,\"name\":\"Oferta szkoleniowa\",\"item\":\"https:\/\/akademia-zdrowia.pl\/bydgoszcz\/oferta-szkoleniowa\/\"},{\"@type\":\"ListItem\",\"position\":3,\"name\":\"Kszta\u0142cenie Piel\u0119gniarek i po\u0142o\u017cnych\",\"item\":\"https:\/\/akademia-zdrowia.pl\/bydgoszcz\/oferta-szkoleniowa\/ksztalcenie-pielegniarek-i-poloznych\/\"},{\"@type\":\"ListItem\",\"position\":4,\"name\":\"Specjalizacje\",\"item\":\"https:\/\/akademia-zdrowia.pl\/bydgoszcz\/oferta-szkoleniowa\/ksztalcenie-pielegniarek-i-poloznych\/specjalizacje\/\"},{\"@type\":\"ListItem\",\"position\":5,\"name\":\"Piel\u0119gniarstwo epidemiologiczne\"}]},{\"@type\":\"WebSite\",\"@id\":\"https:\/\/akademia-zdrowia.pl\/bydgoszcz\/#website\",\"url\":\"https:\/\/akademia-zdrowia.pl\/bydgoszcz\/\",\"name\":\"Akademia Zdrowia Bydgoszcz\",\"description\":\"Kolejna witryna oparta na WordPressie\",\"potentialAction\":[{\"@type\":\"SearchAction\",\"target\":{\"@type\":\"EntryPoint\",\"urlTemplate\":\"https:\/\/akademia-zdrowia.pl\/bydgoszcz\/?s={search_term_string}\"},\"query-input\":{\"@type\":\"PropertyValueSpecification\",\"valueRequired\":true,\"valueName\":\"search_term_string\"}}],\"inLanguage\":\"pl-PL\"}]}<\/script>\n<!-- \/ Yoast SEO plugin. -->","yoast_head_json":{"title":"Piel\u0119gniarstwo epidemiologiczne - Akademia Zdrowia Bydgoszcz","robots":{"index":"index","follow":"follow","max-snippet":"max-snippet:-1","max-image-preview":"max-image-preview:large","max-video-preview":"max-video-preview:-1"},"canonical":"https:\/\/akademia-zdrowia.pl\/bydgoszcz\/oferta-szkoleniowa\/ksztalcenie-pielegniarek-i-poloznych\/specjalizacje\/pielegniarstwo-epidemiologiczne\/","og_locale":"pl_PL","og_type":"article","og_title":"Piel\u0119gniarstwo epidemiologiczne - Akademia Zdrowia Bydgoszcz","og_description":"ul. Powsta\u0144c\u00f3w Wielkopolskich 26 (II pi\u0119tro)85-090 Bydgoszcz \u00a0\u00a0tel.\u00a0730 570 700tel.\u00a0698 592 791tel.\u00a0662 518 606 Sekretariat czynny od poniedzia\u0142ku do pi\u0105tku w godzinach 9.00-17.00 Zarezerwuj miejsce ju\u017c dzi\u015b! ZAPISZ SI\u0118","og_url":"https:\/\/akademia-zdrowia.pl\/bydgoszcz\/oferta-szkoleniowa\/ksztalcenie-pielegniarek-i-poloznych\/specjalizacje\/pielegniarstwo-epidemiologiczne\/","og_site_name":"Akademia Zdrowia Bydgoszcz","article_modified_time":"2021-11-22T23:38:27+00:00","og_image":[{"url":"https:\/\/akademia-zdrowia.pl\/bydgoszcz\/wp-content\/uploads\/2021\/10\/bydgoszcz.png","type":"","width":"","height":""}],"twitter_card":"summary_large_image","schema":{"@context":"https:\/\/schema.org","@graph":[{"@type":"WebPage","@id":"https:\/\/akademia-zdrowia.pl\/bydgoszcz\/oferta-szkoleniowa\/ksztalcenie-pielegniarek-i-poloznych\/specjalizacje\/pielegniarstwo-epidemiologiczne\/","url":"https:\/\/akademia-zdrowia.pl\/bydgoszcz\/oferta-szkoleniowa\/ksztalcenie-pielegniarek-i-poloznych\/specjalizacje\/pielegniarstwo-epidemiologiczne\/","name":"Piel\u0119gniarstwo epidemiologiczne - Akademia Zdrowia Bydgoszcz","isPartOf":{"@id":"https:\/\/akademia-zdrowia.pl\/bydgoszcz\/#website"},"primaryImageOfPage":{"@id":"https:\/\/akademia-zdrowia.pl\/bydgoszcz\/oferta-szkoleniowa\/ksztalcenie-pielegniarek-i-poloznych\/specjalizacje\/pielegniarstwo-epidemiologiczne\/#primaryimage"},"image":{"@id":"https:\/\/akademia-zdrowia.pl\/bydgoszcz\/oferta-szkoleniowa\/ksztalcenie-pielegniarek-i-poloznych\/specjalizacje\/pielegniarstwo-epidemiologiczne\/#primaryimage"},"thumbnailUrl":"https:\/\/akademia-zdrowia.pl\/bydgoszcz\/wp-content\/uploads\/2021\/10\/bydgoszcz.png","datePublished":"2018-01-10T12:12:01+00:00","dateModified":"2021-11-22T23:38:27+00:00","breadcrumb":{"@id":"https:\/\/akademia-zdrowia.pl\/bydgoszcz\/oferta-szkoleniowa\/ksztalcenie-pielegniarek-i-poloznych\/specjalizacje\/pielegniarstwo-epidemiologiczne\/#breadcrumb"},"inLanguage":"pl-PL","potentialAction":[{"@type":"ReadAction","target":["https:\/\/akademia-zdrowia.pl\/bydgoszcz\/oferta-szkoleniowa\/ksztalcenie-pielegniarek-i-poloznych\/specjalizacje\/pielegniarstwo-epidemiologiczne\/"]}]},{"@type":"ImageObject","inLanguage":"pl-PL","@id":"https:\/\/akademia-zdrowia.pl\/bydgoszcz\/oferta-szkoleniowa\/ksztalcenie-pielegniarek-i-poloznych\/specjalizacje\/pielegniarstwo-epidemiologiczne\/#primaryimage","url":"https:\/\/akademia-zdrowia.pl\/bydgoszcz\/wp-content\/uploads\/2021\/10\/bydgoszcz.png","contentUrl":"https:\/\/akademia-zdrowia.pl\/bydgoszcz\/wp-content\/uploads\/2021\/10\/bydgoszcz.png","width":390,"height":277},{"@type":"BreadcrumbList","@id":"https:\/\/akademia-zdrowia.pl\/bydgoszcz\/oferta-szkoleniowa\/ksztalcenie-pielegniarek-i-poloznych\/specjalizacje\/pielegniarstwo-epidemiologiczne\/#breadcrumb","itemListElement":[{"@type":"ListItem","position":1,"name":"Strona g\u0142\u00f3wna","item":"https:\/\/akademia-zdrowia.pl\/bydgoszcz\/"},{"@type":"ListItem","position":2,"name":"Oferta szkoleniowa","item":"https:\/\/akademia-zdrowia.pl\/bydgoszcz\/oferta-szkoleniowa\/"},{"@type":"ListItem","position":3,"name":"Kszta\u0142cenie Piel\u0119gniarek i po\u0142o\u017cnych","item":"https:\/\/akademia-zdrowia.pl\/bydgoszcz\/oferta-szkoleniowa\/ksztalcenie-pielegniarek-i-poloznych\/"},{"@type":"ListItem","position":4,"name":"Specjalizacje","item":"https:\/\/akademia-zdrowia.pl\/bydgoszcz\/oferta-szkoleniowa\/ksztalcenie-pielegniarek-i-poloznych\/specjalizacje\/"},{"@type":"ListItem","position":5,"name":"Piel\u0119gniarstwo epidemiologiczne"}]},{"@type":"WebSite","@id":"https:\/\/akademia-zdrowia.pl\/bydgoszcz\/#website","url":"https:\/\/akademia-zdrowia.pl\/bydgoszcz\/","name":"Akademia Zdrowia Bydgoszcz","description":"Kolejna witryna oparta na WordPressie","potentialAction":[{"@type":"SearchAction","target":{"@type":"EntryPoint","urlTemplate":"https:\/\/akademia-zdrowia.pl\/bydgoszcz\/?s={search_term_string}"},"query-input":{"@type":"PropertyValueSpecification","valueRequired":true,"valueName":"search_term_string"}}],"inLanguage":"pl-PL"}]}},"_links":{"self":[{"href":"https:\/\/akademia-zdrowia.pl\/bydgoszcz\/wp-json\/wp\/v2\/pages\/555","targetHints":{"allow":["GET"]}}],"collection":[{"href":"https:\/\/akademia-zdrowia.pl\/bydgoszcz\/wp-json\/wp\/v2\/pages"}],"about":[{"href":"https:\/\/akademia-zdrowia.pl\/bydgoszcz\/wp-json\/wp\/v2\/types\/page"}],"author":[{"embeddable":true,"href":"https:\/\/akademia-zdrowia.pl\/bydgoszcz\/wp-json\/wp\/v2\/users\/1"}],"replies":[{"embeddable":true,"href":"https:\/\/akademia-zdrowia.pl\/bydgoszcz\/wp-json\/wp\/v2\/comments?post=555"}],"version-history":[{"count":6,"href":"https:\/\/akademia-zdrowia.pl\/bydgoszcz\/wp-json\/wp\/v2\/pages\/555\/revisions"}],"predecessor-version":[{"id":1936,"href":"https:\/\/akademia-zdrowia.pl\/bydgoszcz\/wp-json\/wp\/v2\/pages\/555\/revisions\/1936"}],"up":[{"embeddable":true,"href":"https:\/\/akademia-zdrowia.pl\/bydgoszcz\/wp-json\/wp\/v2\/pages\/401"}],"wp:attachment":[{"href":"https:\/\/akademia-zdrowia.pl\/bydgoszcz\/wp-json\/wp\/v2\/media?parent=555"}],"curies":[{"name":"wp","href":"https:\/\/api.w.org\/{rel}","templated":true}]}}