{"id":1288,"date":"2019-01-20T16:18:49","date_gmt":"2019-01-20T15:18:49","guid":{"rendered":"https:\/\/akademia-zdrowia.pl\/kielce\/toeic\/"},"modified":"2021-11-22T23:31:08","modified_gmt":"2021-11-22T22:31:08","slug":"toeic-2","status":"publish","type":"page","link":"https:\/\/akademia-zdrowia.pl\/kielce\/toeic-2\/","title":{"rendered":"Certyfikat TOEIC"},"content":{"rendered":"\t\t<div data-elementor-type=\"wp-page\" data-elementor-id=\"1288\" class=\"elementor elementor-1288\" data-elementor-post-type=\"page\">\n\t\t\t\t\t\t<section class=\"elementor-section elementor-top-section elementor-element elementor-element-66e7cbd9 elementor-section-boxed elementor-section-height-default elementor-section-height-default\" data-id=\"66e7cbd9\" data-element_type=\"section\" data-e-type=\"section\">\n\t\t\t\t\t\t<div class=\"elementor-container elementor-column-gap-default\">\n\t\t\t\t\t<div class=\"elementor-column elementor-col-100 elementor-top-column elementor-element elementor-element-6e725276\" data-id=\"6e725276\" data-element_type=\"column\" data-e-type=\"column\">\n\t\t\t<div class=\"elementor-widget-wrap elementor-element-populated\">\n\t\t\t\t\t\t<div class=\"elementor-element elementor-element-28fd90d7 elementor-widget elementor-widget-text-editor\" data-id=\"28fd90d7\" data-element_type=\"widget\" data-e-type=\"widget\" data-widget_type=\"text-editor.default\">\n\t\t\t\t<div class=\"elementor-widget-container\">\n\t\t\t\t\t\t\t\t\t<h1><strong><span style=\"font-size: 16px;\">My\u015blisz o certyfikacji j\u0119zykowej? Dowiedz si\u0119 na czym polega test TOEIC<\/span><\/strong><\/h1>\n<span style=\"font-size: 21px; color: #000080;\"><span style=\"font-size: 16px; color: #000000;\"><strong>\u00a0<\/strong><\/span><\/span><span style=\"font-size: 21px; color: #000000;\"><span style=\"font-size: 16px;\"><em>Test of English for International Communication,<\/em> to bardzo popularny na ca\u0142ym \u015bwiecie egzamin, po\u015bwiadczaj\u0105cy znajomo\u015b\u0107 j\u0119zyka w \u015brodowisku pracy. Nie sprawdza on\u00a0 og\u00f3lnej znajomo\u015bci j\u0119zyka angielskiego, ale umiej\u0119tno\u015b\u0107 radzenia sobie\u00a0 <strong>w sytuacjach zawodowych<\/strong>:<\/span><\/span>\n<ul style=\"list-style-type: square;\">\n \t<li>test jest identyfikowany na ca\u0142ym \u015bwiecie, a w USA i we Francji wymaga si\u0119 zdawania go obligatoryjnie &#8211; ministerialnie,<\/li>\n \t<li>obecny jest w 170 krajach na \u015bwiecie,<\/li>\n \t<li>wyj\u0105tkowo\u015b\u0107 testu polega na tym, \u017ce bada on poziom kompetencji j\u0119zykowych w przedziale od A1- C1, a szczeg\u00f3\u0142y opisywane s\u0105 w komentarzu do wyniku,<\/li>\n \t<li>\u00a0nie mo\u017cna go nie zda\u0107 poniewa\u017c ka\u017cdy mie\u015bci si\u0119 w jakim\u015b poziomie,<\/li>\n \t<li>j\u0119zyk podlegaj\u0105cy sprawdzeniu jest j\u0119zykiem u\u017cytkowym nie Queens English czyli literackim z archaiczn\u0105 gramatyk\u0105.\u00a0\u00a0\u00a0\u00a0 \u00a0 \u00a0\u00a0\u00a0\u00a0\u00a0\u00a0\u00a0\u00a0\u00a0\u00a0\u00a0\u00a0\u00a0\u00a0\u00a0\u00a0\u00a0\u00a0\u00a0\u00a0\u00a0\u00a0\u00a0\u00a0\u00a0\u00a0\u00a0\u00a0\u00a0\u00a0\u00a0\u00a0\u00a0\u00a0\u00a0\u00a0\u00a0\u00a0\u00a0\u00a0\u00a0\u00a0\u00a0\u00a0\u00a0\u00a0\u00a0\u00a0\u00a0\u00a0\u00a0\u00a0\u00a0\u00a0\u00a0\u00a0\u00a0\u00a0\u00a0\u00a0\u00a0\u00a0\u00a0\u00a0\u00a0\u00a0\u00a0\u00a0\u00a0\u00a0\u00a0\u00a0\u00a0\u00a0\u00a0\u00a0\u00a0\u00a0\u00a0\u00a0\u00a0\u00a0\u00a0\u00a0\u00a0\u00a0\u00a0\u00a0\u00a0\u00a0\u00a0\u00a0\u00a0\u00a0\u00a0\u00a0\u00a0\u00a0\u00a0\u00a0\u00a0\u00a0\u00a0\u00a0\u00a0\u00a0\u00a0\u00a0\u00a0\u00a0\u00a0\u00a0\u00a0\u00a0\u00a0\u00a0\u00a0\u00a0\u00a0\u00a0\u00a0\u00a0\u00a0\u00a0\u00a0\u00a0\u00a0\u00a0\u00a0\u00a0\u00a0\u00a0\u00a0\u00a0\u00a0\u00a0\u00a0\u00a0\u00a0\u00a0\u00a0\u00a0\u00a0\u00a0\u00a0\u00a0\u00a0\u00a0\u00a0\u00a0\u00a0\u00a0\u00a0\u00a0\u00a0\u00a0\u00a0\u00a0\u00a0\u00a0\u00a0\u00a0\u00a0\u00a0\u00a0\u00a0\u00a0\u00a0\u00a0\u00a0\u00a0\u00a0\u00a0\u00a0\u00a0\u00a0\u00a0\u00a0\u00a0\u00a0\u00a0\u00a0\u00a0\u00a0\u00a0\u00a0\u00a0\u00a0\u00a0\u00a0\u00a0\u00a0\u00a0\u00a0\u00a0\u00a0\u00a0\u00a0\u00a0\u00a0\u00a0\u00a0\u00a0\u00a0\u00a0\u00a0\u00a0\u00a0\u00a0\u00a0\u00a0\u00a0\u00a0\u00a0\u00a0\u00a0\u00a0\u00a0\u00a0\u00a0\u00a0\u00a0\u00a0\u00a0\u00a0\u00a0\u00a0\u00a0\u00a0\u00a0\u00a0\u00a0\u00a0\u00a0\u00a0 \u00a0 \u00a0 \u00a0 \u00a0 \u00a0 \u00a0 \u00a0 \u00a0 \u00a0 \u00a0 \u00a0 \u00a0 \u00a0 \u00a0 \u00a0 \u00a0 \u00a0 \u00a0 \u00a0 \u00a0 \u00a0 \u00a0 \u00a0 \u00a0 \u00a0 \u00a0 \u00a0 \u00a0 \u00a0 \u00a0 \u00a0 \u00a0\u00a0 <strong>Certyfikat TOEIC &#8211;\u00a0 dlaczego musisz go mie\u0107 w\u00a0CV\n<\/strong><\/li>\n<\/ul>\n<ul style=\"list-style-type: square;\">\n \t<li>Jest uznawany przez ponad 10 000 globalnych firm i korporacji.\u00a0\u00a0\u00a0<strong>\u00a0\u00a0\u00a0\u00a0\u00a0\u00a0\u00a0\u00a0\u00a0\u00a0\u00a0\u00a0\u00a0\u00a0\u00a0\u00a0\u00a0\u00a0\u00a0\u00a0\u00a0\u00a0\u00a0\u00a0\u00a0\u00a0\u00a0\u00a0\u00a0\u00a0\u00a0\u00a0\u00a0\u00a0\u00a0\u00a0\u00a0\u00a0\u00a0\u00a0\u00a0\u00a0\u00a0\u00a0\u00a0\u00a0\u00a0\u00a0\u00a0\u00a0<\/strong><\/li>\n \t<li>Jest ekwiwalentem zaliczenia egzaminu\u00a0 z lektoratu\u00a0 na wielu polskich i zagranicznych uczelniach.<\/li>\n \t<li>Jest honorowany przez S\u0142u\u017cb\u0119 Cywiln\u0105 w Polsce ? wymagany wynik to 700 punkt\u00f3w.<\/li>\n \t<li>Egzaminy TOEIC stanowi\u0105 podstaw\u0119 do zwolnienia kandydat\u00f3w z egzaminu doktorskiego w zakresie nowo\u017cytnego j\u0119zyka obcego.<\/li>\n \t<li>UK Border Agency (brytyjska s\u0142u\u017cba graniczna) udzieli\u0142a akredytacji certyfikatom TOEIC oraz TOEFL. Oznacza to, \u017ce osoby chc\u0105ce pracowa\u0107, studiowa\u0107 lub mieszka\u0107 na terenie Wielkiej Brytanii mog\u0105 pos\u0142ugiwa\u0107 si\u0119 tymi certyfikatami w celu uzyskania wizy.<\/li>\n<\/ul>\n<strong>Mi\u0119dzynarodowy Certyfikat znajomo\u015bci j\u0119zyka w\u00a0\u015brodowisku pracy &#8211; nie powinno go zabrakn\u0105\u0107 w\u00a0Twoim CV!<\/strong>\n<ul style=\"list-style-type: square;\">\n \t<li>Tego testu nie mo\u017cna obla\u0107! Nie obawiaj si\u0119! TOEIC zawsze si\u0119 zdaje, otrzymasz wynik na skali punktowej, kt\u00f3ry ma prze\u0142o\u017cenie na skal\u0119 Rady Europy.<\/li>\n \t<li>To najbardziej przyjazny z\u00a0test\u00f3w j\u0119zykowych w\u00a0\u015brodowisku pracy a\u00a0co najwa\u017cniejsze &#8211; najcz\u0119\u015bciej uznawany i\u00a0zdawany na \u015bwiecie, ponad 7 MILION\u00d3W zdaj\u0105cych ROCZNIE!<\/li>\n \t<li>Zawsze otrzymasz Certyfikat, sam zdecydujesz kiedy i\u00a0w\u00a0jakiej sytuacji si\u0119 nim wyr\u00f3\u017cni\u0107!<\/li>\n<\/ul>\n<strong>TOEIC sk\u0142ada si\u0119 z<\/strong> 200 pyta\u0144 testowych, podzielonych na dwie sekcje Listening Comprehension (100 pyta\u0144, 45 min) i Reading Comprehension (100 pyta\u0144, 75 min). Stopie\u0144 trudno\u015bci pyta\u0144 jest zr\u00f3\u017cnicowany, aby precyzyjnie okre\u015bli\u0107 na jakim poziomie znajduje si\u0119 zdaj\u0105cy. Kandydat otrzymuje r\u00f3\u017cn\u0105 liczb\u0119 punkt\u00f3w, w zale\u017cno\u015bci od stopnia trudno\u015bci poszczeg\u00f3lnych pyta\u0144. Wynik testu to liczba punkt\u00f3w na skali 10-990, precyzyjny raport wynik\u00f3w z opisem mocniejszych i s\u0142abszych stron kandydata oraz certyfikat w pi\u0119ciu r\u00f3\u017cnych kolorach, zale\u017cnie od wyniku.\n\n<strong>Posiadaj\u0105c Certyfikat j\u0119zykowy w\u00a0swoim CV:<\/strong>\n<ul style=\"list-style-type: square;\">\n \t<li>szybciej otrzymasz zaproszenie na rozmow\u0119 kwalifikacyjn\u0105,<\/li>\n \t<li>\u0142atwiej znajdziesz prac\u0119 lub zmienisz prac\u0119 na lepsz\u0105,<\/li>\n \t<li>skuteczniej wynegocjujesz podwy\u017ck\u0119 posiadaj\u0105c konkretne potwierdzenie kompetencji.<\/li>\n \t<li>znajdziesz prac\u0119 za granic\u0105 i\u00a0na wy\u017cszym stanowisku.<\/li>\n<\/ul>\n<a href=\"https:\/\/akademia2.grafpro.us\/lodz\/wp-content\/uploads\/2018\/12\/cennik.pdf\">cennik<\/a>\t\t\t\t\t\t\t\t<\/div>\n\t\t\t\t<\/div>\n\t\t\t\t\t<\/div>\n\t\t<\/div>\n\t\t\t\t\t<\/div>\n\t\t<\/section>\n\t\t\t\t<section class=\"elementor-section elementor-top-section elementor-element elementor-element-c62f57a elementor-section-boxed elementor-section-height-default elementor-section-height-default\" data-id=\"c62f57a\" data-element_type=\"section\" data-e-type=\"section\">\n\t\t\t\t\t\t<div class=\"elementor-container elementor-column-gap-default\">\n\t\t\t\t\t<div class=\"elementor-column elementor-col-33 elementor-top-column elementor-element elementor-element-20152d5\" data-id=\"20152d5\" data-element_type=\"column\" data-e-type=\"column\">\n\t\t\t<div class=\"elementor-widget-wrap elementor-element-populated\">\n\t\t\t\t\t\t<div class=\"elementor-element elementor-element-e7da4e0 elementor-position-top elementor-widget elementor-widget-image-box\" data-id=\"e7da4e0\" data-element_type=\"widget\" data-e-type=\"widget\" data-widget_type=\"image-box.default\">\n\t\t\t\t<div class=\"elementor-widget-container\">\n\t\t\t\t\t<div class=\"elementor-image-box-wrapper\"><figure class=\"elementor-image-box-img\"><a href=\"\/kielce\/toeic-bridge\/\" tabindex=\"-1\"><img decoding=\"async\" src=\"https:\/\/akademia2.grafpro.us\/lodz\/wp-content\/uploads\/2018\/12\/Infografika-TOEIC-Bridge.jpg\" title=\"\" alt=\"\" class=\"elementor-animation-grow\" loading=\"lazy\" \/><\/a><\/figure><div class=\"elementor-image-box-content\"><h3 class=\"elementor-image-box-title\"><a href=\"\/kielce\/toeic-bridge\/\">TOEIC Bridge<\/a><\/h3><\/div><\/div>\t\t\t\t<\/div>\n\t\t\t\t<\/div>\n\t\t\t\t\t<\/div>\n\t\t<\/div>\n\t\t\t\t<div class=\"elementor-column elementor-col-33 elementor-top-column elementor-element elementor-element-4824071\" data-id=\"4824071\" data-element_type=\"column\" data-e-type=\"column\">\n\t\t\t<div class=\"elementor-widget-wrap elementor-element-populated\">\n\t\t\t\t\t\t<div class=\"elementor-element elementor-element-bfcca22 elementor-position-top elementor-widget elementor-widget-image-box\" data-id=\"bfcca22\" data-element_type=\"widget\" data-e-type=\"widget\" data-widget_type=\"image-box.default\">\n\t\t\t\t<div class=\"elementor-widget-container\">\n\t\t\t\t\t<div class=\"elementor-image-box-wrapper\"><figure class=\"elementor-image-box-img\"><a href=\"\/kielce\/toeic-listening-and-reading\/\" tabindex=\"-1\"><img decoding=\"async\" src=\"https:\/\/akademia2.grafpro.us\/lodz\/wp-content\/uploads\/2018\/12\/Infografika-TOEIC-LR.jpg\" title=\"\" alt=\"\" class=\"elementor-animation-grow\" loading=\"lazy\" \/><\/a><\/figure><div class=\"elementor-image-box-content\"><h3 class=\"elementor-image-box-title\"><a href=\"\/kielce\/toeic-listening-and-reading\/\">TOEIC Listening and Reading<\/a><\/h3><\/div><\/div>\t\t\t\t<\/div>\n\t\t\t\t<\/div>\n\t\t\t\t\t<\/div>\n\t\t<\/div>\n\t\t\t\t<div class=\"elementor-column elementor-col-33 elementor-top-column elementor-element elementor-element-861d08e\" data-id=\"861d08e\" data-element_type=\"column\" data-e-type=\"column\">\n\t\t\t<div class=\"elementor-widget-wrap elementor-element-populated\">\n\t\t\t\t\t\t<div class=\"elementor-element elementor-element-838cbf7 elementor-position-top elementor-widget elementor-widget-image-box\" data-id=\"838cbf7\" data-element_type=\"widget\" data-e-type=\"widget\" data-widget_type=\"image-box.default\">\n\t\t\t\t<div class=\"elementor-widget-container\">\n\t\t\t\t\t<div class=\"elementor-image-box-wrapper\"><figure class=\"elementor-image-box-img\"><a href=\"\/kielce\/toefl-junior\/\" tabindex=\"-1\"><img decoding=\"async\" src=\"https:\/\/akademia2.grafpro.us\/lodz\/wp-content\/uploads\/2018\/12\/TOEFL-Junior-Standard-Flyer-kopia.jpg\" title=\"\" alt=\"\" class=\"elementor-animation-grow\" loading=\"lazy\" \/><\/a><\/figure><div class=\"elementor-image-box-content\"><h3 class=\"elementor-image-box-title\"><a href=\"\/kielce\/toefl-junior\/\">TOEFL JUNIOR<\/a><\/h3><\/div><\/div>\t\t\t\t<\/div>\n\t\t\t\t<\/div>\n\t\t\t\t\t<\/div>\n\t\t<\/div>\n\t\t\t\t\t<\/div>\n\t\t<\/section>\n\t\t\t\t<\/div>\n\t\t","protected":false},"excerpt":{"rendered":"<p>My\u015blisz o certyfikacji j\u0119zykowej? Dowiedz si\u0119 na czym polega test TOEIC \u00a0Test of English for International Communication, to bardzo popularny na ca\u0142ym \u015bwiecie egzamin, po\u015bwiadczaj\u0105cy znajomo\u015b\u0107 j\u0119zyka w \u015brodowisku pracy. Nie sprawdza on\u00a0 og\u00f3lnej znajomo\u015bci j\u0119zyka angielskiego, ale umiej\u0119tno\u015b\u0107 radzenia sobie\u00a0 w sytuacjach zawodowych: test jest identyfikowany na ca\u0142ym \u015bwiecie, a w USA i we&#8230;<\/p>\n","protected":false},"author":1,"featured_media":0,"parent":0,"menu_order":0,"comment_status":"closed","ping_status":"closed","template":"","meta":{"footnotes":""},"class_list":["post-1288","page","type-page","status-publish","hentry"],"yoast_head":"<!-- This site is optimized with the Yoast SEO plugin v26.9 - https:\/\/yoast.com\/product\/yoast-seo-wordpress\/ -->\n<title>Certyfikat TOEIC - Akademia Zdrowia Kielce<\/title>\n<meta name=\"robots\" content=\"index, follow, max-snippet:-1, max-image-preview:large, max-video-preview:-1\" \/>\n<link rel=\"canonical\" href=\"https:\/\/akademia-zdrowia.pl\/kielce\/toeic-2\/\" \/>\n<meta property=\"og:locale\" content=\"pl_PL\" \/>\n<meta property=\"og:type\" content=\"article\" \/>\n<meta property=\"og:title\" content=\"Certyfikat TOEIC - Akademia Zdrowia Kielce\" \/>\n<meta property=\"og:description\" content=\"My\u015blisz o certyfikacji j\u0119zykowej? Dowiedz si\u0119 na czym polega test TOEIC \u00a0Test of English for International Communication, to bardzo popularny na ca\u0142ym \u015bwiecie egzamin, po\u015bwiadczaj\u0105cy znajomo\u015b\u0107 j\u0119zyka w \u015brodowisku pracy. Nie sprawdza on\u00a0 og\u00f3lnej znajomo\u015bci j\u0119zyka angielskiego, ale umiej\u0119tno\u015b\u0107 radzenia sobie\u00a0 w sytuacjach zawodowych: test jest identyfikowany na ca\u0142ym \u015bwiecie, a w USA i we...\" \/>\n<meta property=\"og:url\" content=\"https:\/\/akademia-zdrowia.pl\/kielce\/toeic-2\/\" \/>\n<meta property=\"og:site_name\" content=\"Akademia Zdrowia Kielce\" \/>\n<meta property=\"article:modified_time\" content=\"2021-11-22T22:31:08+00:00\" \/>\n<meta property=\"og:image\" content=\"https:\/\/akademia2.grafpro.us\/lodz\/wp-content\/uploads\/2018\/12\/Infografika-TOEIC-Bridge.jpg\" \/>\n<meta name=\"twitter:card\" content=\"summary_large_image\" \/>\n<meta name=\"twitter:label1\" content=\"Szacowany czas czytania\" \/>\n\t<meta name=\"twitter:data1\" content=\"2 minuty\" \/>\n<script type=\"application\/ld+json\" class=\"yoast-schema-graph\">{\"@context\":\"https:\/\/schema.org\",\"@graph\":[{\"@type\":\"WebPage\",\"@id\":\"https:\/\/akademia-zdrowia.pl\/kielce\/toeic-2\/\",\"url\":\"https:\/\/akademia-zdrowia.pl\/kielce\/toeic-2\/\",\"name\":\"Certyfikat TOEIC - Akademia Zdrowia Kielce\",\"isPartOf\":{\"@id\":\"https:\/\/akademia-zdrowia.pl\/kielce\/#website\"},\"primaryImageOfPage\":{\"@id\":\"https:\/\/akademia-zdrowia.pl\/kielce\/toeic-2\/#primaryimage\"},\"image\":{\"@id\":\"https:\/\/akademia-zdrowia.pl\/kielce\/toeic-2\/#primaryimage\"},\"thumbnailUrl\":\"https:\/\/akademia2.grafpro.us\/lodz\/wp-content\/uploads\/2018\/12\/Infografika-TOEIC-Bridge.jpg\",\"datePublished\":\"2019-01-20T15:18:49+00:00\",\"dateModified\":\"2021-11-22T22:31:08+00:00\",\"breadcrumb\":{\"@id\":\"https:\/\/akademia-zdrowia.pl\/kielce\/toeic-2\/#breadcrumb\"},\"inLanguage\":\"pl-PL\",\"potentialAction\":[{\"@type\":\"ReadAction\",\"target\":[\"https:\/\/akademia-zdrowia.pl\/kielce\/toeic-2\/\"]}]},{\"@type\":\"ImageObject\",\"inLanguage\":\"pl-PL\",\"@id\":\"https:\/\/akademia-zdrowia.pl\/kielce\/toeic-2\/#primaryimage\",\"url\":\"https:\/\/akademia2.grafpro.us\/lodz\/wp-content\/uploads\/2018\/12\/Infografika-TOEIC-Bridge.jpg\",\"contentUrl\":\"https:\/\/akademia2.grafpro.us\/lodz\/wp-content\/uploads\/2018\/12\/Infografika-TOEIC-Bridge.jpg\"},{\"@type\":\"BreadcrumbList\",\"@id\":\"https:\/\/akademia-zdrowia.pl\/kielce\/toeic-2\/#breadcrumb\",\"itemListElement\":[{\"@type\":\"ListItem\",\"position\":1,\"name\":\"Strona g\u0142\u00f3wna\",\"item\":\"https:\/\/akademia-zdrowia.pl\/kielce\/\"},{\"@type\":\"ListItem\",\"position\":2,\"name\":\"Certyfikat TOEIC\"}]},{\"@type\":\"WebSite\",\"@id\":\"https:\/\/akademia-zdrowia.pl\/kielce\/#website\",\"url\":\"https:\/\/akademia-zdrowia.pl\/kielce\/\",\"name\":\"Akademia Zdrowia Kielce\",\"description\":\"Kolejna witryna oparta na WordPressie\",\"potentialAction\":[{\"@type\":\"SearchAction\",\"target\":{\"@type\":\"EntryPoint\",\"urlTemplate\":\"https:\/\/akademia-zdrowia.pl\/kielce\/?s={search_term_string}\"},\"query-input\":{\"@type\":\"PropertyValueSpecification\",\"valueRequired\":true,\"valueName\":\"search_term_string\"}}],\"inLanguage\":\"pl-PL\"}]}<\/script>\n<!-- \/ Yoast SEO plugin. -->","yoast_head_json":{"title":"Certyfikat TOEIC - Akademia Zdrowia Kielce","robots":{"index":"index","follow":"follow","max-snippet":"max-snippet:-1","max-image-preview":"max-image-preview:large","max-video-preview":"max-video-preview:-1"},"canonical":"https:\/\/akademia-zdrowia.pl\/kielce\/toeic-2\/","og_locale":"pl_PL","og_type":"article","og_title":"Certyfikat TOEIC - Akademia Zdrowia Kielce","og_description":"My\u015blisz o certyfikacji j\u0119zykowej? Dowiedz si\u0119 na czym polega test TOEIC \u00a0Test of English for International Communication, to bardzo popularny na ca\u0142ym \u015bwiecie egzamin, po\u015bwiadczaj\u0105cy znajomo\u015b\u0107 j\u0119zyka w \u015brodowisku pracy. Nie sprawdza on\u00a0 og\u00f3lnej znajomo\u015bci j\u0119zyka angielskiego, ale umiej\u0119tno\u015b\u0107 radzenia sobie\u00a0 w sytuacjach zawodowych: test jest identyfikowany na ca\u0142ym \u015bwiecie, a w USA i we...","og_url":"https:\/\/akademia-zdrowia.pl\/kielce\/toeic-2\/","og_site_name":"Akademia Zdrowia Kielce","article_modified_time":"2021-11-22T22:31:08+00:00","og_image":[{"url":"https:\/\/akademia2.grafpro.us\/lodz\/wp-content\/uploads\/2018\/12\/Infografika-TOEIC-Bridge.jpg","type":"","width":"","height":""}],"twitter_card":"summary_large_image","twitter_misc":{"Szacowany czas czytania":"2 minuty"},"schema":{"@context":"https:\/\/schema.org","@graph":[{"@type":"WebPage","@id":"https:\/\/akademia-zdrowia.pl\/kielce\/toeic-2\/","url":"https:\/\/akademia-zdrowia.pl\/kielce\/toeic-2\/","name":"Certyfikat TOEIC - Akademia Zdrowia Kielce","isPartOf":{"@id":"https:\/\/akademia-zdrowia.pl\/kielce\/#website"},"primaryImageOfPage":{"@id":"https:\/\/akademia-zdrowia.pl\/kielce\/toeic-2\/#primaryimage"},"image":{"@id":"https:\/\/akademia-zdrowia.pl\/kielce\/toeic-2\/#primaryimage"},"thumbnailUrl":"https:\/\/akademia2.grafpro.us\/lodz\/wp-content\/uploads\/2018\/12\/Infografika-TOEIC-Bridge.jpg","datePublished":"2019-01-20T15:18:49+00:00","dateModified":"2021-11-22T22:31:08+00:00","breadcrumb":{"@id":"https:\/\/akademia-zdrowia.pl\/kielce\/toeic-2\/#breadcrumb"},"inLanguage":"pl-PL","potentialAction":[{"@type":"ReadAction","target":["https:\/\/akademia-zdrowia.pl\/kielce\/toeic-2\/"]}]},{"@type":"ImageObject","inLanguage":"pl-PL","@id":"https:\/\/akademia-zdrowia.pl\/kielce\/toeic-2\/#primaryimage","url":"https:\/\/akademia2.grafpro.us\/lodz\/wp-content\/uploads\/2018\/12\/Infografika-TOEIC-Bridge.jpg","contentUrl":"https:\/\/akademia2.grafpro.us\/lodz\/wp-content\/uploads\/2018\/12\/Infografika-TOEIC-Bridge.jpg"},{"@type":"BreadcrumbList","@id":"https:\/\/akademia-zdrowia.pl\/kielce\/toeic-2\/#breadcrumb","itemListElement":[{"@type":"ListItem","position":1,"name":"Strona g\u0142\u00f3wna","item":"https:\/\/akademia-zdrowia.pl\/kielce\/"},{"@type":"ListItem","position":2,"name":"Certyfikat TOEIC"}]},{"@type":"WebSite","@id":"https:\/\/akademia-zdrowia.pl\/kielce\/#website","url":"https:\/\/akademia-zdrowia.pl\/kielce\/","name":"Akademia Zdrowia Kielce","description":"Kolejna witryna oparta na WordPressie","potentialAction":[{"@type":"SearchAction","target":{"@type":"EntryPoint","urlTemplate":"https:\/\/akademia-zdrowia.pl\/kielce\/?s={search_term_string}"},"query-input":{"@type":"PropertyValueSpecification","valueRequired":true,"valueName":"search_term_string"}}],"inLanguage":"pl-PL"}]}},"_links":{"self":[{"href":"https:\/\/akademia-zdrowia.pl\/kielce\/wp-json\/wp\/v2\/pages\/1288","targetHints":{"allow":["GET"]}}],"collection":[{"href":"https:\/\/akademia-zdrowia.pl\/kielce\/wp-json\/wp\/v2\/pages"}],"about":[{"href":"https:\/\/akademia-zdrowia.pl\/kielce\/wp-json\/wp\/v2\/types\/page"}],"author":[{"embeddable":true,"href":"https:\/\/akademia-zdrowia.pl\/kielce\/wp-json\/wp\/v2\/users\/1"}],"replies":[{"embeddable":true,"href":"https:\/\/akademia-zdrowia.pl\/kielce\/wp-json\/wp\/v2\/comments?post=1288"}],"version-history":[{"count":12,"href":"https:\/\/akademia-zdrowia.pl\/kielce\/wp-json\/wp\/v2\/pages\/1288\/revisions"}],"predecessor-version":[{"id":2941,"href":"https:\/\/akademia-zdrowia.pl\/kielce\/wp-json\/wp\/v2\/pages\/1288\/revisions\/2941"}],"wp:attachment":[{"href":"https:\/\/akademia-zdrowia.pl\/kielce\/wp-json\/wp\/v2\/media?parent=1288"}],"curies":[{"name":"wp","href":"https:\/\/api.w.org\/{rel}","templated":true}]}}