{"id":1295,"date":"2019-01-31T17:21:37","date_gmt":"2019-01-31T16:21:37","guid":{"rendered":"https:\/\/akademia-zdrowia.pl\/kielce\/?page_id=1295"},"modified":"2021-11-12T12:53:41","modified_gmt":"2021-11-12T11:53:41","slug":"toeic-listening-and-reading","status":"publish","type":"page","link":"https:\/\/akademia-zdrowia.pl\/kielce\/toeic-listening-and-reading\/","title":{"rendered":"TOEIC Listening and Reading"},"content":{"rendered":"\t\t<div data-elementor-type=\"wp-page\" data-elementor-id=\"1295\" class=\"elementor elementor-1295\" data-elementor-post-type=\"page\">\n\t\t\t\t\t\t<section class=\"elementor-section elementor-top-section elementor-element elementor-element-6619e39b elementor-section-boxed elementor-section-height-default elementor-section-height-default\" data-id=\"6619e39b\" data-element_type=\"section\" data-e-type=\"section\">\n\t\t\t\t\t\t<div class=\"elementor-container elementor-column-gap-default\">\n\t\t\t\t\t<div class=\"elementor-column elementor-col-100 elementor-top-column elementor-element elementor-element-6157039e\" data-id=\"6157039e\" data-element_type=\"column\" data-e-type=\"column\">\n\t\t\t<div class=\"elementor-widget-wrap elementor-element-populated\">\n\t\t\t\t\t\t<div class=\"elementor-element elementor-element-31176b84 elementor-widget elementor-widget-text-editor\" data-id=\"31176b84\" data-element_type=\"widget\" data-e-type=\"widget\" data-widget_type=\"text-editor.default\">\n\t\t\t\t<div class=\"elementor-widget-container\">\n\t\t\t\t\t\t\t\t\t<p>Najcz\u0119\u015bciej zdawany na \u015bwiecie egzamin z j\u0119zyka angielskiego w \u015brodowisku pracy, okre\u015blaj\u0105cy poziom zaawansowania w s\u0142uchaniu i czytaniu, od poziomu pocz\u0105tkuj\u0105cego (A1 wed\u0142ug poziom\u00f3w Rady Europy) do zaawansowanego (C1 wed\u0142ug poziom\u00f3w Rady Europy). Ka\u017cdego roku na \u015bwiecie zdaje go prawie 7 000 000 kandydat\u00f3w.<\/p>\n<p style=\"text-align: center;\"><strong><span style=\"color: #ff0000;\">JU\u017b TERAZ ZAPISZ SI\u0118 NA TEST !<\/span><\/strong><\/p>\n<p>Jest to pisemny test wyboru, w kt\u00f3rym tylko 1 odpowied\u017a jest prawid\u0142owa. Pytania testowe na te\u015bcie TOEIC odzwierciedlaj\u0105 sytuacje \u017cycia codziennego, kt\u00f3re odnosz\u0105 si\u0119 do \u015bwiatowego rynku pracy.<\/p>\n<p>Raporty wynik\u00f3w zapewniaj\u0105 dok\u0142adn\u0105 i czyteln\u0105 informacj\u0119 zwrotn\u0105 na temat mocnych i s\u0142abych stron kandydata, w odniesieniu do poziom\u00f3w Rady Europy CEFR oraz opisem umiej\u0119tno\u015bci j\u0119zykowych dla danego poziomu.<\/p>\n<p>Wszystkie testy z rodziny TOEIC zosta\u0142y prze\u0142o\u017cone w odniesieniu do poziom\u00f3w skali CEFR, by pom\u00f3c kandydatom lepiej zinterpretowa\u0107 sw\u00f3j wynik.<\/p>\n<p><strong>TOEIC Listening and Reading to obecnie najcz\u0119\u015bciej zdawany test z j\u0119zyka angielskiego w \u015brodowisku pracy. To najwa\u017cniejszy certyfikat j\u0119zykowy, kt\u00f3ry:<\/strong><\/p>\n<ul style=\"list-style-type: square;\">\n<li>mo\u017cna zda\u0107 w dowolnym momencie w Kontakcie &#8211; podczas comiesi\u0119cznych sesji otwartych lub sesji zamkni\u0119tej (na \u017c\u0105danie);<\/li>\n<li>pozwala na otrzymanie wynik\u00f3w nawet ju\u017c w 24 godziny od testu, maksymalnie w 10 dni roboczych;<\/li>\n<li>jest uznawany przez ponad 14 000 globalnych firm i korporacji, a tak\u017ce jest narz\u0119dziem audytu j\u0119zykowego stosowanym przez wiod\u0105cych pracodawc\u00f3w;<\/li>\n<li>jest uznawany przez S\u0142u\u017cb\u0119 Cywiln\u0105 w Polsce, wymagany wynik to 700 punkt\u00f3w;<\/li>\n<li>jest ekwiwalentem zaliczenia testu z lektoratu na wielu polskich i zagranicznych uczelniach;<\/li>\n<\/ul>\n<p>Testu si\u0119 nie &#8220;oblewa&#8221; &#8211; kandydat nie deklaruje poziomu znajomo\u015bci j\u0119zyka angielskiego przed przyst\u0105pieniem do testu. To test okre\u015bla poziom zaawansowania zdaj\u0105cego, zale\u017cnie od ilo\u015bci punkt\u00f3w, kt\u00f3r\u0105 otrzyma\u0142. Kandydat otrzymuje wynik w postaci punkt\u00f3w na skali 10-990 oraz szczeg\u00f3\u0142owy Raport Wynik\u00f3w z interpretacj\u0105 wyniku punktowego (poziom A1-C1).<\/p>\n<p><strong><span style=\"color: #000080;\">PAR\u0118 S\u0141\u00d3W O TE\u015aCIE<\/span><\/strong><\/p>\n<p>TOEIC sk\u0142ada si\u0119 z 200 pyta\u0144 testowych, podzielonych na dwie sekcje Listening Comprehension (100 pyta\u0144, 45 min) i Reading Comprehension (100 pyta\u0144, 75 min). Stopie\u0144 trudno\u015bci pyta\u0144 jest zr\u00f3\u017cnicowany, aby precyzyjnie okre\u015bli\u0107 na jakim poziomie znajduje si\u0119 zdaj\u0105cy. Kandydat otrzymuje r\u00f3\u017cn\u0105 liczb\u0119 punkt\u00f3w, w zale\u017cno\u015bci od stopnia trudno\u015bci poszczeg\u00f3lnych pyta\u0144. Wynik testu to liczba punkt\u00f3w na skali 10-990, precyzyjny raport wynik\u00f3w z opisem mocniejszych i s\u0142abszych stron kandydata oraz certyfikat w pi\u0119ciu r\u00f3\u017cnych kolorach, zale\u017cnie od wyniku.<\/p>\n<p>Ca\u0142a sesja egzaminacyjna trwa oko\u0142o 2,5 godziny.<\/p>\n<p><img fetchpriority=\"high\" decoding=\"async\" class=\"aligncenter size-full wp-image-1304\" src=\"\/kielce\/wp-content\/uploads\/2019\/01\/listening.jpg\" alt=\"\" width=\"1203\" height=\"1969\" srcset=\"https:\/\/akademia-zdrowia.pl\/kielce\/wp-content\/uploads\/2019\/01\/listening.jpg 1203w, https:\/\/akademia-zdrowia.pl\/kielce\/wp-content\/uploads\/2019\/01\/listening-183x300.jpg 183w, https:\/\/akademia-zdrowia.pl\/kielce\/wp-content\/uploads\/2019\/01\/listening-626x1024.jpg 626w, https:\/\/akademia-zdrowia.pl\/kielce\/wp-content\/uploads\/2019\/01\/listening-768x1257.jpg 768w, https:\/\/akademia-zdrowia.pl\/kielce\/wp-content\/uploads\/2019\/01\/listening-938x1536.jpg 938w, https:\/\/akademia-zdrowia.pl\/kielce\/wp-content\/uploads\/2019\/01\/listening-500x818.jpg 500w\" sizes=\"(max-width: 1203px) 100vw, 1203px\" \/><\/p>\t\t\t\t\t\t\t\t<\/div>\n\t\t\t\t<\/div>\n\t\t\t\t\t<\/div>\n\t\t<\/div>\n\t\t\t\t\t<\/div>\n\t\t<\/section>\n\t\t\t\t<\/div>\n\t\t","protected":false},"excerpt":{"rendered":"<p>Najcz\u0119\u015bciej zdawany na \u015bwiecie egzamin z j\u0119zyka angielskiego w \u015brodowisku pracy, okre\u015blaj\u0105cy poziom zaawansowania w s\u0142uchaniu i czytaniu, od poziomu pocz\u0105tkuj\u0105cego (A1 wed\u0142ug poziom\u00f3w Rady Europy) do zaawansowanego (C1 wed\u0142ug poziom\u00f3w Rady Europy). Ka\u017cdego roku na \u015bwiecie zdaje go prawie 7 000 000 kandydat\u00f3w. JU\u017b TERAZ ZAPISZ SI\u0118 NA TEST ! Jest to pisemny test&#8230;<\/p>\n","protected":false},"author":1,"featured_media":0,"parent":0,"menu_order":0,"comment_status":"closed","ping_status":"closed","template":"","meta":{"footnotes":""},"class_list":["post-1295","page","type-page","status-publish","hentry"],"yoast_head":"<!-- This site is optimized with the Yoast SEO plugin v26.9 - https:\/\/yoast.com\/product\/yoast-seo-wordpress\/ -->\n<title>TOEIC Listening and Reading - Akademia Zdrowia Kielce<\/title>\n<meta name=\"robots\" content=\"index, follow, max-snippet:-1, max-image-preview:large, max-video-preview:-1\" \/>\n<link rel=\"canonical\" href=\"https:\/\/akademia-zdrowia.pl\/kielce\/toeic-listening-and-reading\/\" \/>\n<meta property=\"og:locale\" content=\"pl_PL\" \/>\n<meta property=\"og:type\" content=\"article\" \/>\n<meta property=\"og:title\" content=\"TOEIC Listening and Reading - Akademia Zdrowia Kielce\" \/>\n<meta property=\"og:description\" content=\"Najcz\u0119\u015bciej zdawany na \u015bwiecie egzamin z j\u0119zyka angielskiego w \u015brodowisku pracy, okre\u015blaj\u0105cy poziom zaawansowania w s\u0142uchaniu i czytaniu, od poziomu pocz\u0105tkuj\u0105cego (A1 wed\u0142ug poziom\u00f3w Rady Europy) do zaawansowanego (C1 wed\u0142ug poziom\u00f3w Rady Europy). Ka\u017cdego roku na \u015bwiecie zdaje go prawie 7 000 000 kandydat\u00f3w. JU\u017b TERAZ ZAPISZ SI\u0118 NA TEST ! Jest to pisemny test...\" \/>\n<meta property=\"og:url\" content=\"https:\/\/akademia-zdrowia.pl\/kielce\/toeic-listening-and-reading\/\" \/>\n<meta property=\"og:site_name\" content=\"Akademia Zdrowia Kielce\" \/>\n<meta property=\"article:modified_time\" content=\"2021-11-12T11:53:41+00:00\" \/>\n<meta name=\"twitter:card\" content=\"summary_large_image\" \/>\n<meta name=\"twitter:label1\" content=\"Szacowany czas czytania\" \/>\n\t<meta name=\"twitter:data1\" content=\"2 minuty\" \/>\n<script type=\"application\/ld+json\" class=\"yoast-schema-graph\">{\"@context\":\"https:\/\/schema.org\",\"@graph\":[{\"@type\":\"WebPage\",\"@id\":\"https:\/\/akademia-zdrowia.pl\/kielce\/toeic-listening-and-reading\/\",\"url\":\"https:\/\/akademia-zdrowia.pl\/kielce\/toeic-listening-and-reading\/\",\"name\":\"TOEIC Listening and Reading - Akademia Zdrowia Kielce\",\"isPartOf\":{\"@id\":\"https:\/\/akademia-zdrowia.pl\/kielce\/#website\"},\"datePublished\":\"2019-01-31T16:21:37+00:00\",\"dateModified\":\"2021-11-12T11:53:41+00:00\",\"breadcrumb\":{\"@id\":\"https:\/\/akademia-zdrowia.pl\/kielce\/toeic-listening-and-reading\/#breadcrumb\"},\"inLanguage\":\"pl-PL\",\"potentialAction\":[{\"@type\":\"ReadAction\",\"target\":[\"https:\/\/akademia-zdrowia.pl\/kielce\/toeic-listening-and-reading\/\"]}]},{\"@type\":\"BreadcrumbList\",\"@id\":\"https:\/\/akademia-zdrowia.pl\/kielce\/toeic-listening-and-reading\/#breadcrumb\",\"itemListElement\":[{\"@type\":\"ListItem\",\"position\":1,\"name\":\"Strona g\u0142\u00f3wna\",\"item\":\"https:\/\/akademia-zdrowia.pl\/kielce\/\"},{\"@type\":\"ListItem\",\"position\":2,\"name\":\"TOEIC Listening and Reading\"}]},{\"@type\":\"WebSite\",\"@id\":\"https:\/\/akademia-zdrowia.pl\/kielce\/#website\",\"url\":\"https:\/\/akademia-zdrowia.pl\/kielce\/\",\"name\":\"Akademia Zdrowia Kielce\",\"description\":\"Kolejna witryna oparta na WordPressie\",\"potentialAction\":[{\"@type\":\"SearchAction\",\"target\":{\"@type\":\"EntryPoint\",\"urlTemplate\":\"https:\/\/akademia-zdrowia.pl\/kielce\/?s={search_term_string}\"},\"query-input\":{\"@type\":\"PropertyValueSpecification\",\"valueRequired\":true,\"valueName\":\"search_term_string\"}}],\"inLanguage\":\"pl-PL\"}]}<\/script>\n<!-- \/ Yoast SEO plugin. -->","yoast_head_json":{"title":"TOEIC Listening and Reading - Akademia Zdrowia Kielce","robots":{"index":"index","follow":"follow","max-snippet":"max-snippet:-1","max-image-preview":"max-image-preview:large","max-video-preview":"max-video-preview:-1"},"canonical":"https:\/\/akademia-zdrowia.pl\/kielce\/toeic-listening-and-reading\/","og_locale":"pl_PL","og_type":"article","og_title":"TOEIC Listening and Reading - Akademia Zdrowia Kielce","og_description":"Najcz\u0119\u015bciej zdawany na \u015bwiecie egzamin z j\u0119zyka angielskiego w \u015brodowisku pracy, okre\u015blaj\u0105cy poziom zaawansowania w s\u0142uchaniu i czytaniu, od poziomu pocz\u0105tkuj\u0105cego (A1 wed\u0142ug poziom\u00f3w Rady Europy) do zaawansowanego (C1 wed\u0142ug poziom\u00f3w Rady Europy). Ka\u017cdego roku na \u015bwiecie zdaje go prawie 7 000 000 kandydat\u00f3w. JU\u017b TERAZ ZAPISZ SI\u0118 NA TEST ! Jest to pisemny test...","og_url":"https:\/\/akademia-zdrowia.pl\/kielce\/toeic-listening-and-reading\/","og_site_name":"Akademia Zdrowia Kielce","article_modified_time":"2021-11-12T11:53:41+00:00","twitter_card":"summary_large_image","twitter_misc":{"Szacowany czas czytania":"2 minuty"},"schema":{"@context":"https:\/\/schema.org","@graph":[{"@type":"WebPage","@id":"https:\/\/akademia-zdrowia.pl\/kielce\/toeic-listening-and-reading\/","url":"https:\/\/akademia-zdrowia.pl\/kielce\/toeic-listening-and-reading\/","name":"TOEIC Listening and Reading - Akademia Zdrowia Kielce","isPartOf":{"@id":"https:\/\/akademia-zdrowia.pl\/kielce\/#website"},"datePublished":"2019-01-31T16:21:37+00:00","dateModified":"2021-11-12T11:53:41+00:00","breadcrumb":{"@id":"https:\/\/akademia-zdrowia.pl\/kielce\/toeic-listening-and-reading\/#breadcrumb"},"inLanguage":"pl-PL","potentialAction":[{"@type":"ReadAction","target":["https:\/\/akademia-zdrowia.pl\/kielce\/toeic-listening-and-reading\/"]}]},{"@type":"BreadcrumbList","@id":"https:\/\/akademia-zdrowia.pl\/kielce\/toeic-listening-and-reading\/#breadcrumb","itemListElement":[{"@type":"ListItem","position":1,"name":"Strona g\u0142\u00f3wna","item":"https:\/\/akademia-zdrowia.pl\/kielce\/"},{"@type":"ListItem","position":2,"name":"TOEIC Listening and Reading"}]},{"@type":"WebSite","@id":"https:\/\/akademia-zdrowia.pl\/kielce\/#website","url":"https:\/\/akademia-zdrowia.pl\/kielce\/","name":"Akademia Zdrowia Kielce","description":"Kolejna witryna oparta na WordPressie","potentialAction":[{"@type":"SearchAction","target":{"@type":"EntryPoint","urlTemplate":"https:\/\/akademia-zdrowia.pl\/kielce\/?s={search_term_string}"},"query-input":{"@type":"PropertyValueSpecification","valueRequired":true,"valueName":"search_term_string"}}],"inLanguage":"pl-PL"}]}},"_links":{"self":[{"href":"https:\/\/akademia-zdrowia.pl\/kielce\/wp-json\/wp\/v2\/pages\/1295","targetHints":{"allow":["GET"]}}],"collection":[{"href":"https:\/\/akademia-zdrowia.pl\/kielce\/wp-json\/wp\/v2\/pages"}],"about":[{"href":"https:\/\/akademia-zdrowia.pl\/kielce\/wp-json\/wp\/v2\/types\/page"}],"author":[{"embeddable":true,"href":"https:\/\/akademia-zdrowia.pl\/kielce\/wp-json\/wp\/v2\/users\/1"}],"replies":[{"embeddable":true,"href":"https:\/\/akademia-zdrowia.pl\/kielce\/wp-json\/wp\/v2\/comments?post=1295"}],"version-history":[{"count":6,"href":"https:\/\/akademia-zdrowia.pl\/kielce\/wp-json\/wp\/v2\/pages\/1295\/revisions"}],"predecessor-version":[{"id":2828,"href":"https:\/\/akademia-zdrowia.pl\/kielce\/wp-json\/wp\/v2\/pages\/1295\/revisions\/2828"}],"wp:attachment":[{"href":"https:\/\/akademia-zdrowia.pl\/kielce\/wp-json\/wp\/v2\/media?parent=1295"}],"curies":[{"name":"wp","href":"https:\/\/api.w.org\/{rel}","templated":true}]}}