{"id":1657,"date":"2020-12-15T10:58:30","date_gmt":"2020-12-15T09:58:30","guid":{"rendered":"https:\/\/akademia-zdrowia.pl\/kielce\/?page_id=1657"},"modified":"2024-09-24T13:03:13","modified_gmt":"2024-09-24T11:03:13","slug":"dofinansowania-bezplatne-szkolenia","status":"publish","type":"page","link":"https:\/\/akademia-zdrowia.pl\/kielce\/dofinansowania-bezplatne-szkolenia\/","title":{"rendered":"Dofinansowania &#8211; bezp\u0142atne szkolenia"},"content":{"rendered":"\t\t<div data-elementor-type=\"wp-page\" data-elementor-id=\"1657\" class=\"elementor elementor-1657\" data-elementor-post-type=\"page\">\n\t\t\t\t\t\t<section class=\"elementor-section elementor-top-section elementor-element elementor-element-f8c6e26 elementor-section-boxed elementor-section-height-default elementor-section-height-default\" data-id=\"f8c6e26\" data-element_type=\"section\" data-e-type=\"section\">\n\t\t\t\t\t\t<div class=\"elementor-container elementor-column-gap-default\">\n\t\t\t\t\t<div class=\"elementor-column elementor-col-100 elementor-top-column elementor-element elementor-element-d9bb2d8\" data-id=\"d9bb2d8\" data-element_type=\"column\" data-e-type=\"column\">\n\t\t\t<div class=\"elementor-widget-wrap elementor-element-populated\">\n\t\t\t\t\t\t<div class=\"elementor-element elementor-element-ec65c59 elementor-widget elementor-widget-rs-heading\" data-id=\"ec65c59\" data-element_type=\"widget\" data-e-type=\"widget\" data-widget_type=\"rs-heading.default\">\n\t\t\t\t<div class=\"elementor-widget-container\">\n\t\t\t\t\t        <div class=\"rs-heading default \">\r\n        \t<div class=\"title-inner\">\r\n        \t\t      \t\t\r\n\t            <span class=\"sub-text \">DOFINANSOWANIA<\/span><h2 class=\"title\"><span class=\"watermark\"><\/span>Bezp\u0142atne szkolenia<\/h2>\t        <\/div>\r\n\t                <\/div>\r\n        \t\t\t\t<\/div>\n\t\t\t\t<\/div>\n\t\t\t\t\t<\/div>\n\t\t<\/div>\n\t\t\t\t\t<\/div>\n\t\t<\/section>\n\t\t\t\t<section class=\"elementor-section elementor-top-section elementor-element elementor-element-17c6d47 elementor-section-boxed elementor-section-height-default elementor-section-height-default\" data-id=\"17c6d47\" data-element_type=\"section\" data-e-type=\"section\">\n\t\t\t\t\t\t<div class=\"elementor-container elementor-column-gap-default\">\n\t\t\t\t\t<div class=\"elementor-column elementor-col-25 elementor-top-column elementor-element elementor-element-f9d31ac\" data-id=\"f9d31ac\" data-element_type=\"column\" data-e-type=\"column\">\n\t\t\t<div class=\"elementor-widget-wrap elementor-element-populated\">\n\t\t\t\t\t\t<div class=\"elementor-element elementor-element-586d716 elementor-widget elementor-widget-rs-image-hover-effect\" data-id=\"586d716\" data-element_type=\"widget\" data-e-type=\"widget\" data-widget_type=\"rs-image-hover-effect.default\">\n\t\t\t\t<div class=\"elementor-widget-container\">\n\t\t\t\t\t\n        <div class=\"rs-image-hover-effect\">\n       \n                   \n\n            <div class=\"animation-effect default\">\n                \n                        \n                <div class=\"image-part\">\n                                            <div class=\"image-overlay\"><\/div>\n                                        <img fetchpriority=\"high\" decoding=\"async\" width=\"640\" height=\"426\" src=\"https:\/\/akademia-zdrowia.pl\/kielce\/wp-content\/uploads\/2024\/09\/ksztalcenie-ustawiczne-1-768x511.png\" class=\"attachment-medium_large size-medium_large\" alt=\"\" srcset=\"https:\/\/akademia-zdrowia.pl\/kielce\/wp-content\/uploads\/2024\/09\/ksztalcenie-ustawiczne-1-768x511.png 768w, https:\/\/akademia-zdrowia.pl\/kielce\/wp-content\/uploads\/2024\/09\/ksztalcenie-ustawiczne-1-300x200.png 300w, https:\/\/akademia-zdrowia.pl\/kielce\/wp-content\/uploads\/2024\/09\/ksztalcenie-ustawiczne-1-500x333.png 500w, https:\/\/akademia-zdrowia.pl\/kielce\/wp-content\/uploads\/2024\/09\/ksztalcenie-ustawiczne-1.png 1000w\" sizes=\"(max-width: 640px) 100vw, 640px\" \/> \n\n                                        <\/div>\n                                    <div class=\"image-content\">\n                         \n                         \n                                                    <div class=\"title-part\">\n                                                            \n                                <div class=\"image-title-part\">\n                                    <h2  class=\"image-title\"> <a href=\"https:\/\/akademia-zdrowia.pl\/kfs\/\" > Krajowy Fundusz Szkoleniowy<\/a><\/h2>\n                                <\/div>\n                            <\/div>\n                            \n                            \n                                                            <div class=\"button-part top\">\n                                                                        <a class=\"btn-text image-btn icon-after\" href=\"https:\/\/akademia-zdrowia.pl\/kfs\/\" >             \n                                        <span class=\"btn-text\"> Zobacz szczeg\u00f3\u0142y<\/span>\n                                                                                    <i class=\"fa fa fa-angle-right\"><\/i>\n                                                                            <\/a>\n                                <\/div>\n                                                <\/div>                   \n                            <\/div>\n        <\/div>        \n    \t\t\t\t<\/div>\n\t\t\t\t<\/div>\n\t\t\t\t\t<\/div>\n\t\t<\/div>\n\t\t\t\t<div class=\"elementor-column elementor-col-25 elementor-top-column elementor-element elementor-element-46a8b1c\" data-id=\"46a8b1c\" data-element_type=\"column\" data-e-type=\"column\">\n\t\t\t<div class=\"elementor-widget-wrap elementor-element-populated\">\n\t\t\t\t\t\t<div class=\"elementor-element elementor-element-ffbb6fc elementor-widget elementor-widget-rs-image-hover-effect\" data-id=\"ffbb6fc\" data-element_type=\"widget\" data-e-type=\"widget\" data-widget_type=\"rs-image-hover-effect.default\">\n\t\t\t\t<div class=\"elementor-widget-container\">\n\t\t\t\t\t\n        <div class=\"rs-image-hover-effect\">\n       \n                   \n\n            <div class=\"animation-effect default\">\n                \n                        \n                <div class=\"image-part\">\n                                            <div class=\"image-overlay\"><\/div>\n                                        <img decoding=\"async\" width=\"640\" height=\"426\" src=\"https:\/\/akademia-zdrowia.pl\/kielce\/wp-content\/uploads\/2024\/09\/pracownik-biurowy-768x511.png\" class=\"attachment-medium_large size-medium_large\" alt=\"\" srcset=\"https:\/\/akademia-zdrowia.pl\/kielce\/wp-content\/uploads\/2024\/09\/pracownik-biurowy-768x511.png 768w, https:\/\/akademia-zdrowia.pl\/kielce\/wp-content\/uploads\/2024\/09\/pracownik-biurowy-300x200.png 300w, https:\/\/akademia-zdrowia.pl\/kielce\/wp-content\/uploads\/2024\/09\/pracownik-biurowy-500x333.png 500w, https:\/\/akademia-zdrowia.pl\/kielce\/wp-content\/uploads\/2024\/09\/pracownik-biurowy.png 1000w\" sizes=\"(max-width: 640px) 100vw, 640px\" \/> \n\n                                        <\/div>\n                                    <div class=\"image-content\">\n                         \n                         \n                                                    <div class=\"title-part\">\n                                                            \n                                <div class=\"image-title-part\">\n                                    <h2  class=\"image-title\"> <a href=\"https:\/\/akademia-zdrowia.pl\/baza-uslug-rozwojowych\/\" > Baza Us\u0142ug Rozwojowych<\/a><\/h2>\n                                <\/div>\n                            <\/div>\n                            \n                            \n                                                            <div class=\"button-part top\">\n                                                                        <a class=\"btn-text image-btn icon-after\" href=\"https:\/\/akademia-zdrowia.pl\/baza-uslug-rozwojowych\/\" >             \n                                        <span class=\"btn-text\"> Zobacz szczeg\u00f3\u0142y<\/span>\n                                                                                    <i class=\"fa fa fa-angle-right\"><\/i>\n                                                                            <\/a>\n                                <\/div>\n                                                <\/div>                   \n                            <\/div>\n        <\/div>        \n    \t\t\t\t<\/div>\n\t\t\t\t<\/div>\n\t\t\t\t\t<\/div>\n\t\t<\/div>\n\t\t\t\t<div class=\"elementor-column elementor-col-25 elementor-top-column elementor-element elementor-element-1812ab4\" data-id=\"1812ab4\" data-element_type=\"column\" data-e-type=\"column\">\n\t\t\t<div class=\"elementor-widget-wrap elementor-element-populated\">\n\t\t\t\t\t\t<div class=\"elementor-element elementor-element-4b537f5 elementor-widget elementor-widget-rs-image-hover-effect\" data-id=\"4b537f5\" data-element_type=\"widget\" data-e-type=\"widget\" data-widget_type=\"rs-image-hover-effect.default\">\n\t\t\t\t<div class=\"elementor-widget-container\">\n\t\t\t\t\t\n        <div class=\"rs-image-hover-effect\">\n       \n                   \n\n            <div class=\"animation-effect default\">\n                \n                        \n                <div class=\"image-part\">\n                                            <div class=\"image-overlay\"><\/div>\n                                        <img decoding=\"async\" width=\"640\" height=\"426\" src=\"https:\/\/akademia-zdrowia.pl\/kielce\/wp-content\/uploads\/2024\/09\/szkolenia-bezplatne-768x511.png\" class=\"attachment-medium_large size-medium_large\" alt=\"\" srcset=\"https:\/\/akademia-zdrowia.pl\/kielce\/wp-content\/uploads\/2024\/09\/szkolenia-bezplatne-768x511.png 768w, https:\/\/akademia-zdrowia.pl\/kielce\/wp-content\/uploads\/2024\/09\/szkolenia-bezplatne-300x200.png 300w, https:\/\/akademia-zdrowia.pl\/kielce\/wp-content\/uploads\/2024\/09\/szkolenia-bezplatne-500x333.png 500w, https:\/\/akademia-zdrowia.pl\/kielce\/wp-content\/uploads\/2024\/09\/szkolenia-bezplatne.png 1000w\" sizes=\"(max-width: 640px) 100vw, 640px\" \/> \n\n                                        <\/div>\n                                    <div class=\"image-content\">\n                         \n                         \n                                                    <div class=\"title-part\">\n                                                            \n                                <div class=\"image-title-part\">\n                                    <h2  class=\"image-title\"> <a href=\"https:\/\/akademia-zdrowia.pl\/wsparcie-osob-bezrobotnych\" > Wsparcie os\u00f3b bezrobotnych<\/a><\/h2>\n                                <\/div>\n                            <\/div>\n                            \n                            \n                                                            <div class=\"button-part top\">\n                                                                        <a class=\"btn-text image-btn icon-after\" href=\"https:\/\/akademia-zdrowia.pl\/wsparcie-osob-bezrobotnych\" >             \n                                        <span class=\"btn-text\"> Zobacz szczeg\u00f3\u0142y<\/span>\n                                                                                    <i class=\"fa fa fa-angle-right\"><\/i>\n                                                                            <\/a>\n                                <\/div>\n                                                <\/div>                   \n                            <\/div>\n        <\/div>        \n    \t\t\t\t<\/div>\n\t\t\t\t<\/div>\n\t\t\t\t\t<\/div>\n\t\t<\/div>\n\t\t\t\t<div class=\"elementor-column elementor-col-25 elementor-top-column elementor-element elementor-element-b01d59c\" data-id=\"b01d59c\" data-element_type=\"column\" data-e-type=\"column\">\n\t\t\t<div class=\"elementor-widget-wrap\">\n\t\t\t\t\t\t\t<\/div>\n\t\t<\/div>\n\t\t\t\t\t<\/div>\n\t\t<\/section>\n\t\t\t\t<section class=\"elementor-section elementor-top-section elementor-element elementor-element-9cbac3f elementor-section-boxed elementor-section-height-default elementor-section-height-default\" data-id=\"9cbac3f\" data-element_type=\"section\" data-e-type=\"section\" data-settings=\"{&quot;background_background&quot;:&quot;classic&quot;}\">\n\t\t\t\t\t\t<div class=\"elementor-container elementor-column-gap-default\">\n\t\t\t\t\t<div class=\"elementor-column elementor-col-50 elementor-top-column elementor-element elementor-element-430c686\" data-id=\"430c686\" data-element_type=\"column\" data-e-type=\"column\" data-settings=\"{&quot;background_background&quot;:&quot;classic&quot;}\">\n\t\t\t<div class=\"elementor-widget-wrap elementor-element-populated\">\n\t\t\t\t\t\t<div class=\"elementor-element elementor-element-d3b3b41 elementor-widget-mobile__width-initial elementor-widget elementor-widget-rs-heading\" data-id=\"d3b3b41\" data-element_type=\"widget\" data-e-type=\"widget\" data-widget_type=\"rs-heading.default\">\n\t\t\t\t<div class=\"elementor-widget-container\">\n\t\t\t\t\t        <div class=\"rs-heading default \">\r\n        \t<div class=\"title-inner\">\r\n        \t\t      \t\t\r\n\t            <span class=\"sub-text \">MASZ PYTANIA<\/span><h2 class=\"title\"><span class=\"watermark\"><\/span>Skontaktuj  si\u0119 z nami!<\/h2>\t        <\/div>\r\n\t                    \t<div class=\"description\">\r\n            \t\t<p>Kliknij aby zadzwoni\u0107 do opiekuna kurs\u00f3w.<\/p>            \t\t\r\n            \t<\/div>\r\n        \t        <\/div>\r\n        \t\t\t\t<\/div>\n\t\t\t\t<\/div>\n\t\t\t\t<div class=\"elementor-element elementor-element-a7867a6 elementor-widget elementor-widget-rs-button\" data-id=\"a7867a6\" data-element_type=\"widget\" data-e-type=\"widget\" data-widget_type=\"rs-button.default\">\n\t\t\t\t<div class=\"elementor-widget-container\">\n\t\t\t\t\t\t\r\n\t\t\r\n\t\t<div class=\"rs-view-btn\">\r\n\t\t\t\t\t\t<a class=\"rs-btn rs-btnblack rs-btn-style1\" href=\"tel:+4841368066\" >\t\t\t\t\r\n\t\t\t\t<span class=\"rs_btn__text\"><span class=\"btn_text\">ZADZWO\u0143<\/span><\/span>\r\n\t\t\t<\/a>\r\n\t\t<\/div>    \r\n\t\t\t\t\t<\/div>\n\t\t\t\t<\/div>\n\t\t\t\t\t<\/div>\n\t\t<\/div>\n\t\t\t\t<div class=\"elementor-column elementor-col-50 elementor-top-column elementor-element elementor-element-409b346\" data-id=\"409b346\" data-element_type=\"column\" data-e-type=\"column\">\n\t\t\t<div class=\"elementor-widget-wrap elementor-element-populated\">\n\t\t\t\t\t\t<div class=\"elementor-element elementor-element-7705932 elementor-widget elementor-widget-rs-heading\" data-id=\"7705932\" data-element_type=\"widget\" data-e-type=\"widget\" data-widget_type=\"rs-heading.default\">\n\t\t\t\t<div class=\"elementor-widget-container\">\n\t\t\t\t\t        <div class=\"rs-heading default \">\r\n        \t<div class=\"title-inner\">\r\n        \t\t      \t\t\r\n\t            <span class=\"sub-text \">ZAUFANY PARTNER<\/span><h2 class=\"title\"><span class=\"watermark\"><\/span>Dlaczego warto wybra\u0107 nas<\/h2>\t        <\/div>\r\n\t                    \t<div class=\"description\">\r\n            \t\t<p>Zaufaj naszemu wieloletniemu do\u015bwiadczeniu i zespo\u0142owi specjalist\u00f3w. Oferujemy profesjonalne szkolenia, kt\u00f3re pomog\u0105 rozwija\u0107 Tw\u00f3j biznes. Wybieraj\u0105c nas, inwestujesz w sprawdzonego partnera, kt\u00f3ry wspiera sukces Twojej firmy. Skontaktuj si\u0119 z nami i zacznij rozwija\u0107 si\u0119 razem z nami!<\/p>            \t\t\r\n            \t<\/div>\r\n        \t        <\/div>\r\n        \t\t\t\t<\/div>\n\t\t\t\t<\/div>\n\t\t\t\t\t<\/div>\n\t\t<\/div>\n\t\t\t\t\t<\/div>\n\t\t<\/section>\n\t\t\t\t<\/div>\n\t\t","protected":false},"excerpt":{"rendered":"<p>DOFINANSOWANIA Bezp\u0142atne szkolenia Krajowy Fundusz Szkoleniowy Zobacz szczeg\u00f3\u0142y Baza Us\u0142ug Rozwojowych Zobacz szczeg\u00f3\u0142y Wsparcie os\u00f3b bezrobotnych Zobacz szczeg\u00f3\u0142y MASZ PYTANIA Skontaktuj si\u0119 z nami! Kliknij aby zadzwoni\u0107 do opiekuna kurs\u00f3w. ZADZWO\u0143 ZAUFANY PARTNER Dlaczego warto wybra\u0107 nas Zaufaj naszemu wieloletniemu do\u015bwiadczeniu i zespo\u0142owi specjalist\u00f3w. Oferujemy profesjonalne szkolenia, kt\u00f3re pomog\u0105 rozwija\u0107 Tw\u00f3j biznes. Wybieraj\u0105c nas, inwestujesz&#8230;<\/p>\n","protected":false},"author":1,"featured_media":0,"parent":0,"menu_order":0,"comment_status":"closed","ping_status":"closed","template":"","meta":{"footnotes":""},"class_list":["post-1657","page","type-page","status-publish","hentry"],"yoast_head":"<!-- This site is optimized with the Yoast SEO plugin v26.9 - https:\/\/yoast.com\/product\/yoast-seo-wordpress\/ -->\n<title>Dofinansowania - bezp\u0142atne szkolenia - Akademia Zdrowia Kielce<\/title>\n<meta name=\"robots\" content=\"index, follow, max-snippet:-1, max-image-preview:large, max-video-preview:-1\" \/>\n<link rel=\"canonical\" href=\"https:\/\/akademia-zdrowia.pl\/kielce\/dofinansowania-bezplatne-szkolenia\/\" \/>\n<meta property=\"og:locale\" content=\"pl_PL\" \/>\n<meta property=\"og:type\" content=\"article\" \/>\n<meta property=\"og:title\" content=\"Dofinansowania - bezp\u0142atne szkolenia - Akademia Zdrowia Kielce\" \/>\n<meta property=\"og:description\" content=\"DOFINANSOWANIA Bezp\u0142atne szkolenia Krajowy Fundusz Szkoleniowy Zobacz szczeg\u00f3\u0142y Baza Us\u0142ug Rozwojowych Zobacz szczeg\u00f3\u0142y Wsparcie os\u00f3b bezrobotnych Zobacz szczeg\u00f3\u0142y MASZ PYTANIA Skontaktuj si\u0119 z nami! Kliknij aby zadzwoni\u0107 do opiekuna kurs\u00f3w. ZADZWO\u0143 ZAUFANY PARTNER Dlaczego warto wybra\u0107 nas Zaufaj naszemu wieloletniemu do\u015bwiadczeniu i zespo\u0142owi specjalist\u00f3w. Oferujemy profesjonalne szkolenia, kt\u00f3re pomog\u0105 rozwija\u0107 Tw\u00f3j biznes. Wybieraj\u0105c nas, inwestujesz...\" \/>\n<meta property=\"og:url\" content=\"https:\/\/akademia-zdrowia.pl\/kielce\/dofinansowania-bezplatne-szkolenia\/\" \/>\n<meta property=\"og:site_name\" content=\"Akademia Zdrowia Kielce\" \/>\n<meta property=\"article:modified_time\" content=\"2024-09-24T11:03:13+00:00\" \/>\n<meta property=\"og:image\" content=\"https:\/\/akademia-zdrowia.pl\/kielce\/wp-content\/uploads\/2024\/09\/ksztalcenie-ustawiczne-1-768x511.png\" \/>\n<meta name=\"twitter:card\" content=\"summary_large_image\" \/>\n<meta name=\"twitter:label1\" content=\"Szacowany czas czytania\" \/>\n\t<meta name=\"twitter:data1\" content=\"2 minuty\" \/>\n<script type=\"application\/ld+json\" class=\"yoast-schema-graph\">{\"@context\":\"https:\/\/schema.org\",\"@graph\":[{\"@type\":\"WebPage\",\"@id\":\"https:\/\/akademia-zdrowia.pl\/kielce\/dofinansowania-bezplatne-szkolenia\/\",\"url\":\"https:\/\/akademia-zdrowia.pl\/kielce\/dofinansowania-bezplatne-szkolenia\/\",\"name\":\"Dofinansowania - bezp\u0142atne szkolenia - Akademia Zdrowia Kielce\",\"isPartOf\":{\"@id\":\"https:\/\/akademia-zdrowia.pl\/kielce\/#website\"},\"primaryImageOfPage\":{\"@id\":\"https:\/\/akademia-zdrowia.pl\/kielce\/dofinansowania-bezplatne-szkolenia\/#primaryimage\"},\"image\":{\"@id\":\"https:\/\/akademia-zdrowia.pl\/kielce\/dofinansowania-bezplatne-szkolenia\/#primaryimage\"},\"thumbnailUrl\":\"https:\/\/akademia-zdrowia.pl\/kielce\/wp-content\/uploads\/2024\/09\/ksztalcenie-ustawiczne-1-768x511.png\",\"datePublished\":\"2020-12-15T09:58:30+00:00\",\"dateModified\":\"2024-09-24T11:03:13+00:00\",\"breadcrumb\":{\"@id\":\"https:\/\/akademia-zdrowia.pl\/kielce\/dofinansowania-bezplatne-szkolenia\/#breadcrumb\"},\"inLanguage\":\"pl-PL\",\"potentialAction\":[{\"@type\":\"ReadAction\",\"target\":[\"https:\/\/akademia-zdrowia.pl\/kielce\/dofinansowania-bezplatne-szkolenia\/\"]}]},{\"@type\":\"ImageObject\",\"inLanguage\":\"pl-PL\",\"@id\":\"https:\/\/akademia-zdrowia.pl\/kielce\/dofinansowania-bezplatne-szkolenia\/#primaryimage\",\"url\":\"https:\/\/akademia-zdrowia.pl\/kielce\/wp-content\/uploads\/2024\/09\/ksztalcenie-ustawiczne-1.png\",\"contentUrl\":\"https:\/\/akademia-zdrowia.pl\/kielce\/wp-content\/uploads\/2024\/09\/ksztalcenie-ustawiczne-1.png\",\"width\":1000,\"height\":666},{\"@type\":\"BreadcrumbList\",\"@id\":\"https:\/\/akademia-zdrowia.pl\/kielce\/dofinansowania-bezplatne-szkolenia\/#breadcrumb\",\"itemListElement\":[{\"@type\":\"ListItem\",\"position\":1,\"name\":\"Strona g\u0142\u00f3wna\",\"item\":\"https:\/\/akademia-zdrowia.pl\/kielce\/\"},{\"@type\":\"ListItem\",\"position\":2,\"name\":\"Dofinansowania &#8211; bezp\u0142atne szkolenia\"}]},{\"@type\":\"WebSite\",\"@id\":\"https:\/\/akademia-zdrowia.pl\/kielce\/#website\",\"url\":\"https:\/\/akademia-zdrowia.pl\/kielce\/\",\"name\":\"Akademia Zdrowia Kielce\",\"description\":\"Kolejna witryna oparta na WordPressie\",\"potentialAction\":[{\"@type\":\"SearchAction\",\"target\":{\"@type\":\"EntryPoint\",\"urlTemplate\":\"https:\/\/akademia-zdrowia.pl\/kielce\/?s={search_term_string}\"},\"query-input\":{\"@type\":\"PropertyValueSpecification\",\"valueRequired\":true,\"valueName\":\"search_term_string\"}}],\"inLanguage\":\"pl-PL\"}]}<\/script>\n<!-- \/ Yoast SEO plugin. -->","yoast_head_json":{"title":"Dofinansowania - bezp\u0142atne szkolenia - Akademia Zdrowia Kielce","robots":{"index":"index","follow":"follow","max-snippet":"max-snippet:-1","max-image-preview":"max-image-preview:large","max-video-preview":"max-video-preview:-1"},"canonical":"https:\/\/akademia-zdrowia.pl\/kielce\/dofinansowania-bezplatne-szkolenia\/","og_locale":"pl_PL","og_type":"article","og_title":"Dofinansowania - bezp\u0142atne szkolenia - Akademia Zdrowia Kielce","og_description":"DOFINANSOWANIA Bezp\u0142atne szkolenia Krajowy Fundusz Szkoleniowy Zobacz szczeg\u00f3\u0142y Baza Us\u0142ug Rozwojowych Zobacz szczeg\u00f3\u0142y Wsparcie os\u00f3b bezrobotnych Zobacz szczeg\u00f3\u0142y MASZ PYTANIA Skontaktuj si\u0119 z nami! Kliknij aby zadzwoni\u0107 do opiekuna kurs\u00f3w. ZADZWO\u0143 ZAUFANY PARTNER Dlaczego warto wybra\u0107 nas Zaufaj naszemu wieloletniemu do\u015bwiadczeniu i zespo\u0142owi specjalist\u00f3w. Oferujemy profesjonalne szkolenia, kt\u00f3re pomog\u0105 rozwija\u0107 Tw\u00f3j biznes. Wybieraj\u0105c nas, inwestujesz...","og_url":"https:\/\/akademia-zdrowia.pl\/kielce\/dofinansowania-bezplatne-szkolenia\/","og_site_name":"Akademia Zdrowia Kielce","article_modified_time":"2024-09-24T11:03:13+00:00","og_image":[{"url":"https:\/\/akademia-zdrowia.pl\/kielce\/wp-content\/uploads\/2024\/09\/ksztalcenie-ustawiczne-1-768x511.png","type":"","width":"","height":""}],"twitter_card":"summary_large_image","twitter_misc":{"Szacowany czas czytania":"2 minuty"},"schema":{"@context":"https:\/\/schema.org","@graph":[{"@type":"WebPage","@id":"https:\/\/akademia-zdrowia.pl\/kielce\/dofinansowania-bezplatne-szkolenia\/","url":"https:\/\/akademia-zdrowia.pl\/kielce\/dofinansowania-bezplatne-szkolenia\/","name":"Dofinansowania - bezp\u0142atne szkolenia - Akademia Zdrowia Kielce","isPartOf":{"@id":"https:\/\/akademia-zdrowia.pl\/kielce\/#website"},"primaryImageOfPage":{"@id":"https:\/\/akademia-zdrowia.pl\/kielce\/dofinansowania-bezplatne-szkolenia\/#primaryimage"},"image":{"@id":"https:\/\/akademia-zdrowia.pl\/kielce\/dofinansowania-bezplatne-szkolenia\/#primaryimage"},"thumbnailUrl":"https:\/\/akademia-zdrowia.pl\/kielce\/wp-content\/uploads\/2024\/09\/ksztalcenie-ustawiczne-1-768x511.png","datePublished":"2020-12-15T09:58:30+00:00","dateModified":"2024-09-24T11:03:13+00:00","breadcrumb":{"@id":"https:\/\/akademia-zdrowia.pl\/kielce\/dofinansowania-bezplatne-szkolenia\/#breadcrumb"},"inLanguage":"pl-PL","potentialAction":[{"@type":"ReadAction","target":["https:\/\/akademia-zdrowia.pl\/kielce\/dofinansowania-bezplatne-szkolenia\/"]}]},{"@type":"ImageObject","inLanguage":"pl-PL","@id":"https:\/\/akademia-zdrowia.pl\/kielce\/dofinansowania-bezplatne-szkolenia\/#primaryimage","url":"https:\/\/akademia-zdrowia.pl\/kielce\/wp-content\/uploads\/2024\/09\/ksztalcenie-ustawiczne-1.png","contentUrl":"https:\/\/akademia-zdrowia.pl\/kielce\/wp-content\/uploads\/2024\/09\/ksztalcenie-ustawiczne-1.png","width":1000,"height":666},{"@type":"BreadcrumbList","@id":"https:\/\/akademia-zdrowia.pl\/kielce\/dofinansowania-bezplatne-szkolenia\/#breadcrumb","itemListElement":[{"@type":"ListItem","position":1,"name":"Strona g\u0142\u00f3wna","item":"https:\/\/akademia-zdrowia.pl\/kielce\/"},{"@type":"ListItem","position":2,"name":"Dofinansowania &#8211; bezp\u0142atne szkolenia"}]},{"@type":"WebSite","@id":"https:\/\/akademia-zdrowia.pl\/kielce\/#website","url":"https:\/\/akademia-zdrowia.pl\/kielce\/","name":"Akademia Zdrowia Kielce","description":"Kolejna witryna oparta na WordPressie","potentialAction":[{"@type":"SearchAction","target":{"@type":"EntryPoint","urlTemplate":"https:\/\/akademia-zdrowia.pl\/kielce\/?s={search_term_string}"},"query-input":{"@type":"PropertyValueSpecification","valueRequired":true,"valueName":"search_term_string"}}],"inLanguage":"pl-PL"}]}},"_links":{"self":[{"href":"https:\/\/akademia-zdrowia.pl\/kielce\/wp-json\/wp\/v2\/pages\/1657","targetHints":{"allow":["GET"]}}],"collection":[{"href":"https:\/\/akademia-zdrowia.pl\/kielce\/wp-json\/wp\/v2\/pages"}],"about":[{"href":"https:\/\/akademia-zdrowia.pl\/kielce\/wp-json\/wp\/v2\/types\/page"}],"author":[{"embeddable":true,"href":"https:\/\/akademia-zdrowia.pl\/kielce\/wp-json\/wp\/v2\/users\/1"}],"replies":[{"embeddable":true,"href":"https:\/\/akademia-zdrowia.pl\/kielce\/wp-json\/wp\/v2\/comments?post=1657"}],"version-history":[{"count":23,"href":"https:\/\/akademia-zdrowia.pl\/kielce\/wp-json\/wp\/v2\/pages\/1657\/revisions"}],"predecessor-version":[{"id":9445,"href":"https:\/\/akademia-zdrowia.pl\/kielce\/wp-json\/wp\/v2\/pages\/1657\/revisions\/9445"}],"wp:attachment":[{"href":"https:\/\/akademia-zdrowia.pl\/kielce\/wp-json\/wp\/v2\/media?parent=1657"}],"curies":[{"name":"wp","href":"https:\/\/api.w.org\/{rel}","templated":true}]}}