{"id":243,"date":"2018-01-09T11:54:09","date_gmt":"2018-01-09T10:54:09","guid":{"rendered":"http:\/\/www.akademia-zdrowia.pl\/lodz\/?page_id=243"},"modified":"2021-11-22T11:15:33","modified_gmt":"2021-11-22T10:15:33","slug":"zapisz-sie-do-szkoly","status":"publish","type":"page","link":"https:\/\/akademia-zdrowia.pl\/kielce\/zapisz-sie\/zapisz-sie-do-szkoly\/","title":{"rendered":"Zapisz si\u0119 do szko\u0142y"},"content":{"rendered":"\t\t<div data-elementor-type=\"wp-page\" data-elementor-id=\"243\" class=\"elementor elementor-243\" data-elementor-post-type=\"page\">\n\t\t\t\t\t\t<section class=\"elementor-section elementor-top-section elementor-element elementor-element-e877bb9 elementor-section-boxed elementor-section-height-default elementor-section-height-default\" data-id=\"e877bb9\" data-element_type=\"section\" data-e-type=\"section\">\n\t\t\t\t\t\t<div class=\"elementor-container elementor-column-gap-default\">\n\t\t\t\t\t<div class=\"elementor-column elementor-col-100 elementor-top-column elementor-element elementor-element-863d26a\" data-id=\"863d26a\" data-element_type=\"column\" data-e-type=\"column\">\n\t\t\t<div class=\"elementor-widget-wrap elementor-element-populated\">\n\t\t\t\t\t\t<div class=\"elementor-element elementor-element-0b69b2c elementor-widget elementor-widget-rs-cf7\" data-id=\"0b69b2c\" data-element_type=\"widget\" data-e-type=\"widget\" data-widget_type=\"rs-cf7.default\">\n\t\t\t\t<div class=\"elementor-widget-container\">\n\t\t\t\t\t<div class=\"form_btn_\">\n<div class=\"wpcf7 no-js\" id=\"wpcf7-f246-o1\" lang=\"pl-PL\" dir=\"ltr\" data-wpcf7-id=\"246\">\n<div class=\"screen-reader-response\"><p role=\"status\" aria-live=\"polite\" aria-atomic=\"true\"><\/p> <ul><\/ul><\/div>\n<form action=\"\/kielce\/wp-json\/wp\/v2\/pages\/243#wpcf7-f246-o1\" method=\"post\" class=\"wpcf7-form init\" aria-label=\"Formularz kontaktowy\" novalidate=\"novalidate\" data-status=\"init\">\n<fieldset class=\"hidden-fields-container\"><input type=\"hidden\" name=\"_wpcf7\" value=\"246\" \/><input type=\"hidden\" name=\"_wpcf7_version\" value=\"6.1.5\" \/><input type=\"hidden\" name=\"_wpcf7_locale\" value=\"pl_PL\" \/><input type=\"hidden\" name=\"_wpcf7_unit_tag\" value=\"wpcf7-f246-o1\" \/><input type=\"hidden\" name=\"_wpcf7_container_post\" value=\"0\" \/><input type=\"hidden\" name=\"_wpcf7_posted_data_hash\" value=\"\" \/>\n<\/fieldset>\n<div class=\"formularz rezerwuj-form\">\n\t<div class=\"content\">\n\t\t<div class=\"row-form\">\n\t\t\t<div class=\"right-form\">\n\t\t\t\t<p><span>Wybierz oddzia\u0142:<\/span><span class=\"star\">*<\/span>\n\t\t\t\t<\/p>\n\t\t\t<\/div>\n\t\t\t<div class=\"left-form\">\n\t\t\t\t<p><span class=\"wpcf7-form-control-wrap\" data-name=\"oddzial\"><select class=\"wpcf7-form-control wpcf7-select\" aria-invalid=\"false\" name=\"oddzial\"><option value=\"Kielce\">Kielce<\/option><option value=\"\u0141\u00f3d\u017a\">\u0141\u00f3d\u017a<\/option><option value=\"Warszawa\">Warszawa<\/option><option value=\"Bydgoszcz\">Bydgoszcz<\/option><option value=\"Rzesz\u00f3w\">Rzesz\u00f3w<\/option><\/select><\/span>\n\t\t\t\t<\/p>\n\t\t\t<\/div>\n\t\t<\/div>\n\t\t<div class=\"row-form\">\n\t\t\t<div class=\"right-form\">\n\t\t\t\t<p><span>Kierunek nauczania:<\/span><span class=\"star\">*<\/span>\n\t\t\t\t<\/p>\n\t\t\t<\/div>\n\t\t\t<div class=\"left-form\">\n\t\t\t\t<p><span class=\"wpcf7-form-control-wrap\" data-name=\"kierunek\"><select class=\"wpcf7-form-control wpcf7-select\" aria-invalid=\"false\" name=\"kierunek\"><option value=\"\">&#8212;Prosz\u0119 wybra\u0107 opcj\u0119&#8212;<\/option><option value=\"Liceum og\u00f3lnokszta\u0142c\u0105ce\">Liceum og\u00f3lnokszta\u0142c\u0105ce<\/option><option value=\"Technik weterynarii (Szko\u0142y M\u0142odzie\u017cowe)\">Technik weterynarii (Szko\u0142y M\u0142odzie\u017cowe)<\/option><option value=\"Technik Us\u0142ug Kosmetycznych\">Technik Us\u0142ug Kosmetycznych<\/option><option value=\"Technik Organizacji Reklamy\">Technik Organizacji Reklamy<\/option><option value=\"Technik Fotografii i Multimedi\u00f3w\">Technik Fotografii i Multimedi\u00f3w<\/option><option value=\"Technik Masa\u017cysta\">Technik Masa\u017cysta<\/option><option value=\"Technik weterynarii (Szko\u0142y policealne)\">Technik weterynarii (Szko\u0142y policealne)<\/option><option value=\"Technik Us\u0142ug Kosmetycznych\">Technik Us\u0142ug Kosmetycznych<\/option><option value=\"Opiekun Medyczny (Szko\u0142y policealne)\">Opiekun Medyczny (Szko\u0142y policealne)<\/option><option value=\"Asystentka stomatologiczna (Rzesz\u00f3w)\">Asystentka stomatologiczna (Rzesz\u00f3w)<\/option><option value=\"Technik farmacji (Rzesz\u00f3w)\">Technik farmacji (Rzesz\u00f3w)<\/option><option value=\"Terapia zaj\u0119ciowa (Rzesz\u00f3w)\">Terapia zaj\u0119ciowa (Rzesz\u00f3w)<\/option><\/select><\/span>\n\t\t\t\t<\/p>\n\t\t\t<\/div>\n\t\t<\/div>\n\t\t<div class=\"row-form\">\n\t\t\t<div class=\"right-form\">\n\t\t\t\t<p><span>Typ szko\u0142y:<\/span><span class=\"star\">*<\/span>\n\t\t\t\t<\/p>\n\t\t\t<\/div>\n\t\t\t<div class=\"left-form\">\n\t\t\t\t<p><span class=\"wpcf7-form-control-wrap\" data-name=\"typszkoly\"><select class=\"wpcf7-form-control wpcf7-select\" aria-invalid=\"false\" name=\"typszkoly\"><option value=\"\">&#8212;Prosz\u0119 wybra\u0107 opcj\u0119&#8212;<\/option><option value=\"Stacjonarne\">Stacjonarne<\/option><option value=\"Niestacjonarne\">Niestacjonarne<\/option><\/select><\/span>\n\t\t\t\t<\/p>\n\t\t\t<\/div>\n\t\t<\/div>\n\t<\/div>\n<\/div>\n<div class=\"formularz dane-personalne\">\n\t<h3>DANE PERSONALNE:\n\t<\/h3>\n\t<div class=\"content\">\n\t\t<div class=\"row-form\">\n\t\t\t<div class=\"right-form\">\n\t\t\t\t<p><span>Imiona:<\/span><span class=\"star\">*<\/span>\n\t\t\t\t<\/p>\n\t\t\t<\/div>\n\t\t\t<div class=\"left-form\">\n\t\t\t\t<div>\n\t\t\t\t\t<p><span class=\"wpcf7-form-control-wrap\" data-name=\"imie\"><input size=\"40\" maxlength=\"400\" class=\"wpcf7-form-control wpcf7-text wpcf7-validates-as-required\" aria-required=\"true\" aria-invalid=\"false\" placeholder=\"pierwsze imi\u0119\" value=\"\" type=\"text\" name=\"imie\" \/><\/span>\n\t\t\t\t\t<\/p>\n\t\t\t\t<\/div>\n\t\t\t\t<div>\n\t\t\t\t\t<p><span class=\"wpcf7-form-control-wrap\" data-name=\"imie2\"><input size=\"40\" maxlength=\"400\" class=\"wpcf7-form-control wpcf7-text\" aria-invalid=\"false\" placeholder=\"drugie imi\u0119\" value=\"\" type=\"text\" name=\"imie2\" \/><\/span>\n\t\t\t\t\t<\/p>\n\t\t\t\t<\/div>\n\t\t\t<\/div>\n\t\t<\/div>\n\t\t<div class=\"row-form\">\n\t\t\t<div class=\"right-form\">\n\t\t\t\t<p><span>Nazwisko:<\/span><span class=\"star\">*<\/span>\n\t\t\t\t<\/p>\n\t\t\t<\/div>\n\t\t\t<div class=\"left-form\">\n\t\t\t\t<p><span class=\"wpcf7-form-control-wrap\" data-name=\"nazwisko\"><input size=\"40\" maxlength=\"400\" class=\"wpcf7-form-control wpcf7-text wpcf7-validates-as-required\" aria-required=\"true\" aria-invalid=\"false\" placeholder=\"wpisz nazwisko\" value=\"\" type=\"text\" name=\"nazwisko\" \/><\/span>\n\t\t\t\t<\/p>\n\t\t\t<\/div>\n\t\t<\/div>\n\t\t<div class=\"row-form\">\n\t\t\t<div class=\"right-form\">\n\t\t\t\t<p><span>Data urodzenia:<\/span><span class=\"star\">*<\/span>\n\t\t\t\t<\/p>\n\t\t\t<\/div>\n\t\t\t<div class=\"left-form\">\n\t\t\t\t<div class=\"data\">\n\t\t\t\t\t<p><span>Rok:<\/span><span class=\"wpcf7-form-control-wrap\" data-name=\"rok\"><input class=\"wpcf7-form-control wpcf7-number wpcf7-validates-as-number\" min=\"1900\" max=\"2018\" aria-invalid=\"false\" placeholder=\"wybierz\" value=\"\" type=\"number\" name=\"rok\" \/><\/span>\n\t\t\t\t\t<\/p>\n\t\t\t\t<\/div>\n\t\t\t\t<div class=\"data miesiac\">\n\t\t\t\t\t<p><span>Miesi\u0105c:<\/span><span class=\"wpcf7-form-control-wrap\" data-name=\"miesic\"><select class=\"wpcf7-form-control wpcf7-select wpcf7-validates-as-required\" aria-required=\"true\" aria-invalid=\"false\" name=\"miesic\"><option value=\"\">&#8212;Prosz\u0119 wybra\u0107 opcj\u0119&#8212;<\/option><option value=\"stycze\u0144\">stycze\u0144<\/option><option value=\"luty\">luty<\/option><option value=\"marzec\">marzec<\/option><option value=\"kwiecie\u0144\">kwiecie\u0144<\/option><option value=\"maj\">maj<\/option><option value=\"czerwiec\">czerwiec<\/option><option value=\"lipiec\">lipiec<\/option><option value=\"sierpie\u0144\">sierpie\u0144<\/option><option value=\"wrzesie\u0144\">wrzesie\u0144<\/option><option value=\"pa\u017adziernik\">pa\u017adziernik<\/option><option value=\"listopad\">listopad<\/option><option value=\"grudzie\u0144\">grudzie\u0144<\/option><\/select><\/span>\n\t\t\t\t\t<\/p>\n\t\t\t\t<\/div>\n\t\t\t\t<div class=\"data dzien\">\n\t\t\t\t\t<p><span>Dzie\u0144:<\/span><span class=\"wpcf7-form-control-wrap\" data-name=\"dzien\"><input class=\"wpcf7-form-control wpcf7-number wpcf7-validates-as-number\" min=\"1\" max=\"31\" aria-invalid=\"false\" placeholder=\"wybierz\" value=\"\" type=\"number\" name=\"dzien\" \/><\/span>\n\t\t\t\t\t<\/p>\n\t\t\t\t<\/div>\n\t\t\t<\/div>\n\t\t<\/div>\n\t\t<div class=\"row-form\">\n\t\t\t<div class=\"right-form\">\n\t\t\t\t<p><span>Miejsce urodzenia:<\/span><span class=\"star\">*<\/span>\n\t\t\t\t<\/p>\n\t\t\t<\/div>\n\t\t\t<div class=\"left-form\">\n\t\t\t\t<p><span class=\"wpcf7-form-control-wrap\" data-name=\"miejsce_urodzenia\"><input size=\"40\" maxlength=\"400\" class=\"wpcf7-form-control wpcf7-text wpcf7-validates-as-required\" aria-required=\"true\" aria-invalid=\"false\" placeholder=\"miejsce wrodzenia\" value=\"\" type=\"text\" name=\"miejsce_urodzenia\" \/><\/span>\n\t\t\t\t<\/p>\n\t\t\t<\/div>\n\t\t<\/div>\n\t<\/div>\n<\/div>\n<div class=\"formularz adres-zamieszkania\">\n\t<h3>ADRES ZAMIESZKANIA:\n\t<\/h3>\n\t<div class=\"content\">\n\t\t<div class=\"row-form\">\n\t\t\t<div class=\"right-form\">\n\t\t\t\t<p><span>Kod pocztowy:<\/span>\n\t\t\t\t<\/p>\n\t\t\t<\/div>\n\t\t\t<div class=\"left-form\">\n\t\t\t\t<p><span class=\"wpcf7-form-control-wrap\" data-name=\"kod_pocztowy_1\"><input size=\"40\" maxlength=\"400\" class=\"wpcf7-form-control wpcf7-text\" aria-invalid=\"false\" placeholder=\"00\" value=\"\" type=\"text\" name=\"kod_pocztowy_1\" \/><\/span><span> - <\/span><span class=\"wpcf7-form-control-wrap\" data-name=\"kod_pocztowy_2\"><input size=\"40\" maxlength=\"400\" class=\"wpcf7-form-control wpcf7-text\" aria-invalid=\"false\" placeholder=\"000\" value=\"\" type=\"text\" name=\"kod_pocztowy_2\" \/><\/span>\n\t\t\t\t<\/p>\n\t\t\t<\/div>\n\t\t<\/div>\n\t\t<div class=\"row-form\">\n\t\t\t<div class=\"right-form\">\n\t\t\t\t<p><span>Poczta:<\/span>\n\t\t\t\t<\/p>\n\t\t\t<\/div>\n\t\t\t<div class=\"left-form\">\n\t\t\t\t<p><span class=\"wpcf7-form-control-wrap\" data-name=\"poczta\"><input size=\"40\" maxlength=\"400\" class=\"wpcf7-form-control wpcf7-text\" aria-invalid=\"false\" placeholder=\"wpisz\" value=\"\" type=\"text\" name=\"poczta\" \/><\/span>\n\t\t\t\t<\/p>\n\t\t\t<\/div>\n\t\t<\/div>\n\t\t<div class=\"row-form\">\n\t\t\t<div class=\"right-form\">\n\t\t\t\t<p><span>Ulica:<\/span>\n\t\t\t\t<\/p>\n\t\t\t<\/div>\n\t\t\t<div class=\"left-form\">\n\t\t\t\t<p><span class=\"wpcf7-form-control-wrap\" data-name=\"ulica\"><input size=\"40\" maxlength=\"400\" class=\"wpcf7-form-control wpcf7-text\" aria-invalid=\"false\" placeholder=\"wpisz\" value=\"\" type=\"text\" name=\"ulica\" \/><\/span>\n\t\t\t\t<\/p>\n\t\t\t<\/div>\n\t\t<\/div>\n\t\t<div class=\"row-form\">\n\t\t\t<div class=\"right-form\">\n\t\t\t\t<p><span>Numer domu:<\/span>\n\t\t\t\t<\/p>\n\t\t\t<\/div>\n\t\t\t<div class=\"left-form\">\n\t\t\t\t<p><span class=\"wpcf7-form-control-wrap\" data-name=\"nr_domu\"><input size=\"40\" maxlength=\"400\" class=\"wpcf7-form-control wpcf7-text\" aria-invalid=\"false\" value=\"\" type=\"text\" name=\"nr_domu\" \/><\/span><span><\/span>\n\t\t\t\t<\/p>\n\t\t\t\t<div class=\"float-right\">\n\t\t\t\t\t<p>Nr mieszkania:<span class=\"wpcf7-form-control-wrap\" data-name=\"nr_mieszkania\"><input size=\"40\" maxlength=\"400\" class=\"wpcf7-form-control wpcf7-text\" aria-invalid=\"false\" value=\"\" type=\"text\" name=\"nr_mieszkania\" \/><\/span>\n\t\t\t\t\t<\/p>\n\t\t\t\t<\/div>\n\t\t\t<\/div>\n\t\t<\/div>\n\t\t<div class=\"row-form\">\n\t\t\t<div class=\"right-form\">\n\t\t\t\t<p><span>Miasto:<\/span>\n\t\t\t\t<\/p>\n\t\t\t<\/div>\n\t\t\t<div class=\"left-form\">\n\t\t\t\t<p><span class=\"wpcf7-form-control-wrap\" data-name=\"miasto\"><input size=\"40\" maxlength=\"400\" class=\"wpcf7-form-control wpcf7-text\" aria-invalid=\"false\" placeholder=\"wpisz\" value=\"\" type=\"text\" name=\"miasto\" \/><\/span>\n\t\t\t\t<\/p>\n\t\t\t<\/div>\n\t\t<\/div>\n\t\t<div class=\"row-form\">\n\t\t\t<div class=\"right-form\">\n\t\t\t\t<p><span>Wojew\u00f3dztwo:<\/span>\n\t\t\t\t<\/p>\n\t\t\t<\/div>\n\t\t\t<div class=\"left-form\">\n\t\t\t\t<p><span class=\"wpcf7-form-control-wrap\" data-name=\"wojewodztwo\"><select class=\"wpcf7-form-control wpcf7-select\" aria-invalid=\"false\" name=\"wojewodztwo\"><option value=\"\">&#8212;Prosz\u0119 wybra\u0107 opcj\u0119&#8212;<\/option><option value=\"zachodniopomorskie\">zachodniopomorskie<\/option><option value=\"pomorskie\">pomorskie<\/option><option value=\"warmi\u0144sko - mazurskie\">warmi\u0144sko - mazurskie<\/option><option value=\"kujawsko - pomorskie\">kujawsko - pomorskie<\/option><option value=\"podlaskie\">podlaskie<\/option><option value=\"lubuskie\">lubuskie<\/option><option value=\"wielkopolskie\">wielkopolskie<\/option><option value=\"\u0142\u00f3dzkie\">\u0142\u00f3dzkie<\/option><option value=\"mazowieckie\">mazowieckie<\/option><option value=\"lubelskie\">lubelskie<\/option><option value=\"dolno\u015bl\u0105skie\">dolno\u015bl\u0105skie<\/option><option value=\"opolskie\">opolskie<\/option><option value=\"\u015bl\u0105skie\">\u015bl\u0105skie<\/option><option value=\"\u015bwi\u0119tokrzyskie\">\u015bwi\u0119tokrzyskie<\/option><option value=\"ma\u0142opolskie\">ma\u0142opolskie<\/option><option value=\"podkarpackie\">podkarpackie<\/option><\/select><\/span>\n\t\t\t\t<\/p>\n\t\t\t<\/div>\n\t\t<\/div>\n\t<\/div>\n<\/div>\n<div class=\"formularz dane-kontaktowe\">\n\t<h3>DANE KONTAKTOWE:\n\t<\/h3>\n\t<div class=\"content\">\n\t\t<div class=\"row-form\">\n\t\t\t<div class=\"right-form\">\n\t\t\t\t<p><span>Adres e-mail:<\/span><span class=\"star\">*<\/span>\n\t\t\t\t<\/p>\n\t\t\t<\/div>\n\t\t\t<div class=\"left-form\">\n\t\t\t\t<p><span class=\"wpcf7-form-control-wrap\" data-name=\"email\"><input size=\"40\" maxlength=\"400\" class=\"wpcf7-form-control wpcf7-email wpcf7-validates-as-required wpcf7-text wpcf7-validates-as-email\" aria-required=\"true\" aria-invalid=\"false\" placeholder=\"wpisz\" value=\"\" type=\"email\" name=\"email\" \/><\/span>\n\t\t\t\t<\/p>\n\t\t\t<\/div>\n\t\t<\/div>\n\t\t<div class=\"row-form\">\n\t\t\t<div class=\"right-form\">\n\t\t\t\t<p><span>Telefon:<\/span><span class=\"star\">*<\/span>\n\t\t\t\t<\/p>\n\t\t\t<\/div>\n\t\t\t<div class=\"left-form\">\n\t\t\t\t<p><span class=\"wpcf7-form-control-wrap\" data-name=\"tel_stacjonarny\"><input size=\"40\" maxlength=\"400\" class=\"wpcf7-form-control wpcf7-tel wpcf7-text wpcf7-validates-as-tel\" aria-invalid=\"false\" placeholder=\"wpisz\" value=\"\" type=\"tel\" name=\"tel_stacjonarny\" \/><\/span>\n\t\t\t\t<\/p>\n\t\t\t<\/div>\n\t\t<\/div>\n\t<\/div>\n<\/div>\n<p style=\"width:100%;\"><br \/>\n<span><span style=\"float: left; margin-right: 10px;\"><span class=\"wpcf7-form-control-wrap\" data-name=\"acceptance-413\"><span class=\"wpcf7-form-control wpcf7-acceptance\"><span class=\"wpcf7-list-item\"><input type=\"checkbox\" name=\"acceptance-413\" value=\"1\" aria-invalid=\"false\" \/><\/span><\/span><\/span><\/span> <span style=\"float: left;line-height: 34px;\">Wyra\u017cam zgod\u0119 na przetwarzanie moich danych osobowych przez Akademi\u0119 Zdrowia Sp. z o.o. Sp.k. w celach marketingowych.<\/span><\/span>\n<\/p>\n<p style=\"width:100%;\"><br \/>\n<span style=\"float: left; margin-right: 10px;\"><span class=\"wpcf7-form-control-wrap\" data-name=\"acceptance-413\"><span class=\"wpcf7-form-control wpcf7-acceptance\"><span class=\"wpcf7-list-item\"><input type=\"checkbox\" name=\"acceptance-413\" value=\"1\" aria-invalid=\"false\" \/><\/span><\/span><\/span><\/span><span class=\"star\">* <\/span>Administratorem Pa\u0144stwa danych osobowych jest\u00a0Akademia Zdrowia Sp. z o.o. Sp. komandytowa, 90-205 \u0141\u00f3d\u017a ul. Kili\u0144skiego 21. Pani\/Pana dane osobowe przetwarzamy w celu przeprowadzenia procesu rekrutacji, przekazania informacji czy udzielenia odpowiedzi na zadane przez formularz kontaktowy pytanie. Wi\u0119cej informacji o przetwarzaniu danych osobowych, w tym i innych celach oraz Pa\u0144stwa prawach znajduje si\u0119 na\u00a0tej stronie <a href=\"https:\/\/akademia-zdrowia.pl\/kielce\/polityka-prywatnosci_szkola\/\">Polityka prywatno\u015bci<\/a>\n<\/p>\n<p><input class=\"wpcf7-form-control wpcf7-submit has-spinner\" type=\"submit\" value=\"Wy\u015blij zg\u0142oszenie\" \/>\n<\/p>\n<p class=\"kruczek\"><br \/>\n<span class=\"star\">*<\/span> - pola wymagane\n<\/p><div class=\"wpcf7-response-output\" aria-hidden=\"true\"><\/div>\n<\/form>\n<\/div>\n<\/div>\t\t\t\t<\/div>\n\t\t\t\t<\/div>\n\t\t\t\t\t<\/div>\n\t\t<\/div>\n\t\t\t\t\t<\/div>\n\t\t<\/section>\n\t\t\t\t<\/div>\n\t\t","protected":false},"excerpt":{"rendered":"<p>Wybierz oddzia\u0142:* Kielce\u0141\u00f3d\u017aWarszawaBydgoszczRzesz\u00f3w Kierunek nauczania:* &#8212;Liceum og\u00f3lnokszta\u0142c\u0105ceTechnik weterynarii (Szko\u0142y M\u0142odzie\u017cowe)Technik Us\u0142ug KosmetycznychTechnik Organizacji ReklamyTechnik Fotografii i Multimedi\u00f3wTechnik Masa\u017cystaTechnik weterynarii (Szko\u0142y policealne)Technik Us\u0142ug KosmetycznychOpiekun Medyczny (Szko\u0142y policealne)Asystentka stomatologiczna (Rzesz\u00f3w)Technik farmacji (Rzesz\u00f3w)Terapia zaj\u0119ciowa (Rzesz\u00f3w) Typ szko\u0142y:* &#8212;StacjonarneNiestacjonarne DANE PERSONALNE: Imiona:* Nazwisko:* Data urodzenia:* Rok: Miesi\u0105c:&#8212;stycze\u0144lutymarzeckwiecie\u0144majczerwieclipiecsierpie\u0144wrzesie\u0144pa\u017adzierniklistopadgrudzie\u0144 Dzie\u0144: Miejsce urodzenia:* ADRES ZAMIESZKANIA: Kod pocztowy: &#8211; Poczta: Ulica: Numer domu:&#8230;<\/p>\n","protected":false},"author":1,"featured_media":0,"parent":39,"menu_order":0,"comment_status":"closed","ping_status":"closed","template":"","meta":{"footnotes":""},"class_list":["post-243","page","type-page","status-publish","hentry"],"yoast_head":"<!-- This site is optimized with the Yoast SEO plugin v26.9 - https:\/\/yoast.com\/product\/yoast-seo-wordpress\/ -->\n<title>Zapisz si\u0119 do szko\u0142y - Akademia Zdrowia Kielce<\/title>\n<meta name=\"robots\" content=\"index, follow, max-snippet:-1, max-image-preview:large, max-video-preview:-1\" \/>\n<link rel=\"canonical\" href=\"https:\/\/akademia-zdrowia.pl\/kielce\/zapisz-sie\/zapisz-sie-do-szkoly\/\" \/>\n<meta property=\"og:locale\" content=\"pl_PL\" \/>\n<meta property=\"og:type\" content=\"article\" \/>\n<meta property=\"og:title\" content=\"Zapisz si\u0119 do szko\u0142y - Akademia Zdrowia Kielce\" \/>\n<meta property=\"og:description\" content=\"Wybierz oddzia\u0142:* Kielce\u0141\u00f3d\u017aWarszawaBydgoszczRzesz\u00f3w Kierunek nauczania:* &#8212;Liceum og\u00f3lnokszta\u0142c\u0105ceTechnik weterynarii (Szko\u0142y M\u0142odzie\u017cowe)Technik Us\u0142ug KosmetycznychTechnik Organizacji ReklamyTechnik Fotografii i Multimedi\u00f3wTechnik Masa\u017cystaTechnik weterynarii (Szko\u0142y policealne)Technik Us\u0142ug KosmetycznychOpiekun Medyczny (Szko\u0142y policealne)Asystentka stomatologiczna (Rzesz\u00f3w)Technik farmacji (Rzesz\u00f3w)Terapia zaj\u0119ciowa (Rzesz\u00f3w) Typ szko\u0142y:* &#8212;StacjonarneNiestacjonarne DANE PERSONALNE: Imiona:* Nazwisko:* Data urodzenia:* Rok: Miesi\u0105c:&#8212;stycze\u0144lutymarzeckwiecie\u0144majczerwieclipiecsierpie\u0144wrzesie\u0144pa\u017adzierniklistopadgrudzie\u0144 Dzie\u0144: Miejsce urodzenia:* ADRES ZAMIESZKANIA: Kod pocztowy: &#8211; Poczta: Ulica: Numer domu:...\" \/>\n<meta property=\"og:url\" content=\"https:\/\/akademia-zdrowia.pl\/kielce\/zapisz-sie\/zapisz-sie-do-szkoly\/\" \/>\n<meta property=\"og:site_name\" content=\"Akademia Zdrowia Kielce\" \/>\n<meta property=\"article:modified_time\" content=\"2021-11-22T10:15:33+00:00\" \/>\n<meta name=\"twitter:card\" content=\"summary_large_image\" \/>\n<meta name=\"twitter:label1\" content=\"Szacowany czas czytania\" \/>\n\t<meta name=\"twitter:data1\" content=\"1 minuta\" \/>\n<script type=\"application\/ld+json\" class=\"yoast-schema-graph\">{\"@context\":\"https:\/\/schema.org\",\"@graph\":[{\"@type\":\"WebPage\",\"@id\":\"https:\/\/akademia-zdrowia.pl\/kielce\/zapisz-sie\/zapisz-sie-do-szkoly\/\",\"url\":\"https:\/\/akademia-zdrowia.pl\/kielce\/zapisz-sie\/zapisz-sie-do-szkoly\/\",\"name\":\"Zapisz si\u0119 do szko\u0142y - Akademia Zdrowia Kielce\",\"isPartOf\":{\"@id\":\"https:\/\/akademia-zdrowia.pl\/kielce\/#website\"},\"datePublished\":\"2018-01-09T10:54:09+00:00\",\"dateModified\":\"2021-11-22T10:15:33+00:00\",\"breadcrumb\":{\"@id\":\"https:\/\/akademia-zdrowia.pl\/kielce\/zapisz-sie\/zapisz-sie-do-szkoly\/#breadcrumb\"},\"inLanguage\":\"pl-PL\",\"potentialAction\":[{\"@type\":\"ReadAction\",\"target\":[\"https:\/\/akademia-zdrowia.pl\/kielce\/zapisz-sie\/zapisz-sie-do-szkoly\/\"]}]},{\"@type\":\"BreadcrumbList\",\"@id\":\"https:\/\/akademia-zdrowia.pl\/kielce\/zapisz-sie\/zapisz-sie-do-szkoly\/#breadcrumb\",\"itemListElement\":[{\"@type\":\"ListItem\",\"position\":1,\"name\":\"Strona g\u0142\u00f3wna\",\"item\":\"https:\/\/akademia-zdrowia.pl\/kielce\/\"},{\"@type\":\"ListItem\",\"position\":2,\"name\":\"Zapisz si\u0119\",\"item\":\"https:\/\/akademia-zdrowia.pl\/kielce\/zapisz-sie\/\"},{\"@type\":\"ListItem\",\"position\":3,\"name\":\"Zapisz si\u0119 do szko\u0142y\"}]},{\"@type\":\"WebSite\",\"@id\":\"https:\/\/akademia-zdrowia.pl\/kielce\/#website\",\"url\":\"https:\/\/akademia-zdrowia.pl\/kielce\/\",\"name\":\"Akademia Zdrowia Kielce\",\"description\":\"Kolejna witryna oparta na WordPressie\",\"potentialAction\":[{\"@type\":\"SearchAction\",\"target\":{\"@type\":\"EntryPoint\",\"urlTemplate\":\"https:\/\/akademia-zdrowia.pl\/kielce\/?s={search_term_string}\"},\"query-input\":{\"@type\":\"PropertyValueSpecification\",\"valueRequired\":true,\"valueName\":\"search_term_string\"}}],\"inLanguage\":\"pl-PL\"}]}<\/script>\n<!-- \/ Yoast SEO plugin. -->","yoast_head_json":{"title":"Zapisz si\u0119 do szko\u0142y - Akademia Zdrowia Kielce","robots":{"index":"index","follow":"follow","max-snippet":"max-snippet:-1","max-image-preview":"max-image-preview:large","max-video-preview":"max-video-preview:-1"},"canonical":"https:\/\/akademia-zdrowia.pl\/kielce\/zapisz-sie\/zapisz-sie-do-szkoly\/","og_locale":"pl_PL","og_type":"article","og_title":"Zapisz si\u0119 do szko\u0142y - Akademia Zdrowia Kielce","og_description":"Wybierz oddzia\u0142:* Kielce\u0141\u00f3d\u017aWarszawaBydgoszczRzesz\u00f3w Kierunek nauczania:* &#8212;Liceum og\u00f3lnokszta\u0142c\u0105ceTechnik weterynarii (Szko\u0142y M\u0142odzie\u017cowe)Technik Us\u0142ug KosmetycznychTechnik Organizacji ReklamyTechnik Fotografii i Multimedi\u00f3wTechnik Masa\u017cystaTechnik weterynarii (Szko\u0142y policealne)Technik Us\u0142ug KosmetycznychOpiekun Medyczny (Szko\u0142y policealne)Asystentka stomatologiczna (Rzesz\u00f3w)Technik farmacji (Rzesz\u00f3w)Terapia zaj\u0119ciowa (Rzesz\u00f3w) Typ szko\u0142y:* &#8212;StacjonarneNiestacjonarne DANE PERSONALNE: Imiona:* Nazwisko:* Data urodzenia:* Rok: Miesi\u0105c:&#8212;stycze\u0144lutymarzeckwiecie\u0144majczerwieclipiecsierpie\u0144wrzesie\u0144pa\u017adzierniklistopadgrudzie\u0144 Dzie\u0144: Miejsce urodzenia:* ADRES ZAMIESZKANIA: Kod pocztowy: &#8211; Poczta: Ulica: Numer domu:...","og_url":"https:\/\/akademia-zdrowia.pl\/kielce\/zapisz-sie\/zapisz-sie-do-szkoly\/","og_site_name":"Akademia Zdrowia Kielce","article_modified_time":"2021-11-22T10:15:33+00:00","twitter_card":"summary_large_image","twitter_misc":{"Szacowany czas czytania":"1 minuta"},"schema":{"@context":"https:\/\/schema.org","@graph":[{"@type":"WebPage","@id":"https:\/\/akademia-zdrowia.pl\/kielce\/zapisz-sie\/zapisz-sie-do-szkoly\/","url":"https:\/\/akademia-zdrowia.pl\/kielce\/zapisz-sie\/zapisz-sie-do-szkoly\/","name":"Zapisz si\u0119 do szko\u0142y - Akademia Zdrowia Kielce","isPartOf":{"@id":"https:\/\/akademia-zdrowia.pl\/kielce\/#website"},"datePublished":"2018-01-09T10:54:09+00:00","dateModified":"2021-11-22T10:15:33+00:00","breadcrumb":{"@id":"https:\/\/akademia-zdrowia.pl\/kielce\/zapisz-sie\/zapisz-sie-do-szkoly\/#breadcrumb"},"inLanguage":"pl-PL","potentialAction":[{"@type":"ReadAction","target":["https:\/\/akademia-zdrowia.pl\/kielce\/zapisz-sie\/zapisz-sie-do-szkoly\/"]}]},{"@type":"BreadcrumbList","@id":"https:\/\/akademia-zdrowia.pl\/kielce\/zapisz-sie\/zapisz-sie-do-szkoly\/#breadcrumb","itemListElement":[{"@type":"ListItem","position":1,"name":"Strona g\u0142\u00f3wna","item":"https:\/\/akademia-zdrowia.pl\/kielce\/"},{"@type":"ListItem","position":2,"name":"Zapisz si\u0119","item":"https:\/\/akademia-zdrowia.pl\/kielce\/zapisz-sie\/"},{"@type":"ListItem","position":3,"name":"Zapisz si\u0119 do szko\u0142y"}]},{"@type":"WebSite","@id":"https:\/\/akademia-zdrowia.pl\/kielce\/#website","url":"https:\/\/akademia-zdrowia.pl\/kielce\/","name":"Akademia Zdrowia Kielce","description":"Kolejna witryna oparta na WordPressie","potentialAction":[{"@type":"SearchAction","target":{"@type":"EntryPoint","urlTemplate":"https:\/\/akademia-zdrowia.pl\/kielce\/?s={search_term_string}"},"query-input":{"@type":"PropertyValueSpecification","valueRequired":true,"valueName":"search_term_string"}}],"inLanguage":"pl-PL"}]}},"_links":{"self":[{"href":"https:\/\/akademia-zdrowia.pl\/kielce\/wp-json\/wp\/v2\/pages\/243","targetHints":{"allow":["GET"]}}],"collection":[{"href":"https:\/\/akademia-zdrowia.pl\/kielce\/wp-json\/wp\/v2\/pages"}],"about":[{"href":"https:\/\/akademia-zdrowia.pl\/kielce\/wp-json\/wp\/v2\/types\/page"}],"author":[{"embeddable":true,"href":"https:\/\/akademia-zdrowia.pl\/kielce\/wp-json\/wp\/v2\/users\/1"}],"replies":[{"embeddable":true,"href":"https:\/\/akademia-zdrowia.pl\/kielce\/wp-json\/wp\/v2\/comments?post=243"}],"version-history":[{"count":3,"href":"https:\/\/akademia-zdrowia.pl\/kielce\/wp-json\/wp\/v2\/pages\/243\/revisions"}],"predecessor-version":[{"id":2928,"href":"https:\/\/akademia-zdrowia.pl\/kielce\/wp-json\/wp\/v2\/pages\/243\/revisions\/2928"}],"up":[{"embeddable":true,"href":"https:\/\/akademia-zdrowia.pl\/kielce\/wp-json\/wp\/v2\/pages\/39"}],"wp:attachment":[{"href":"https:\/\/akademia-zdrowia.pl\/kielce\/wp-json\/wp\/v2\/media?parent=243"}],"curies":[{"name":"wp","href":"https:\/\/api.w.org\/{rel}","templated":true}]}}