{"id":259,"date":"2018-01-10T08:49:40","date_gmt":"2018-01-10T07:49:40","guid":{"rendered":"http:\/\/www.akademia-zdrowia.pl\/lodz\/?page_id=259"},"modified":"2024-09-24T11:32:51","modified_gmt":"2024-09-24T09:32:51","slug":"pracownie","status":"publish","type":"page","link":"https:\/\/akademia-zdrowia.pl\/kielce\/o-nas\/pracownie\/","title":{"rendered":"Pracownie"},"content":{"rendered":"\t\t<div data-elementor-type=\"wp-page\" data-elementor-id=\"259\" class=\"elementor elementor-259\" data-elementor-post-type=\"page\">\n\t\t\t\t\t\t<section class=\"elementor-section elementor-top-section elementor-element elementor-element-69667f7 elementor-section-boxed elementor-section-height-default elementor-section-height-default\" data-id=\"69667f7\" data-element_type=\"section\" data-e-type=\"section\">\n\t\t\t\t\t\t<div class=\"elementor-container elementor-column-gap-default\">\n\t\t\t\t\t<div class=\"elementor-column elementor-col-100 elementor-top-column elementor-element elementor-element-a1da600\" data-id=\"a1da600\" data-element_type=\"column\" data-e-type=\"column\">\n\t\t\t<div class=\"elementor-widget-wrap elementor-element-populated\">\n\t\t\t\t\t\t<div class=\"elementor-element elementor-element-f16d49d elementor-widget elementor-widget-text-editor\" data-id=\"f16d49d\" data-element_type=\"widget\" data-e-type=\"widget\" data-widget_type=\"text-editor.default\">\n\t\t\t\t<div class=\"elementor-widget-container\">\n\t\t\t\t\t\t\t\t\t<div class=\"col-12 opis\"><div class=\"header\"><h3>Dlaczego nauka w Akademii Zdrowia przebiega przyjemniej dla s\u0142uchacza ni\u017c w innych szko\u0142ach?<\/h3><\/div><\/div><div class=\"col-12\"><div class=\"col-12\"><p>Dlaczego absolwenci s\u0105 tak zadowoleni z wyboru szko\u0142y?<\/p><p>W\u0142a\u015bnie dlatego, \u017ce traktujemy naszych s\u0142uchaczy powa\u017cnie. Zapewniamy Wam maksymalny komfort i wygod\u0119.\u00a0Wszystkie zaj\u0119cia odbywaj\u0105 si\u0119 na miejscu w naszych siedzibach, zlokalizowanych zawsze w samym centrum miasta.<\/p><\/div><div class=\"col-12\"><div class=\"header\"><h3 class=\"galerry\">Pracownie zawodowe w \u0141odzi<\/h3><\/div><\/div><\/div>\t\t\t\t\t\t\t\t<\/div>\n\t\t\t\t<\/div>\n\t\t\t\t\t<\/div>\n\t\t<\/div>\n\t\t\t\t\t<\/div>\n\t\t<\/section>\n\t\t\t\t<\/div>\n\t\t","protected":false},"excerpt":{"rendered":"<p>Dlaczego nauka w Akademii Zdrowia przebiega przyjemniej dla s\u0142uchacza ni\u017c w innych szko\u0142ach? Dlaczego absolwenci s\u0105 tak zadowoleni z wyboru szko\u0142y? W\u0142a\u015bnie dlatego, \u017ce traktujemy naszych s\u0142uchaczy powa\u017cnie. Zapewniamy Wam maksymalny komfort i wygod\u0119.\u00a0Wszystkie zaj\u0119cia odbywaj\u0105 si\u0119 na miejscu w naszych siedzibach, zlokalizowanych zawsze w samym centrum miasta. Pracownie zawodowe w \u0141odzi<\/p>\n","protected":false},"author":1,"featured_media":0,"parent":31,"menu_order":0,"comment_status":"closed","ping_status":"closed","template":"","meta":{"footnotes":""},"class_list":["post-259","page","type-page","status-publish","hentry"],"yoast_head":"<!-- This site is optimized with the Yoast SEO plugin v26.9 - https:\/\/yoast.com\/product\/yoast-seo-wordpress\/ -->\n<title>Pracownie - Akademia Zdrowia Kielce<\/title>\n<meta name=\"robots\" content=\"index, follow, max-snippet:-1, max-image-preview:large, max-video-preview:-1\" \/>\n<link rel=\"canonical\" href=\"https:\/\/akademia-zdrowia.pl\/kielce\/o-nas\/pracownie\/\" \/>\n<meta property=\"og:locale\" content=\"pl_PL\" \/>\n<meta property=\"og:type\" content=\"article\" \/>\n<meta property=\"og:title\" content=\"Pracownie - Akademia Zdrowia Kielce\" \/>\n<meta property=\"og:description\" content=\"Dlaczego nauka w Akademii Zdrowia przebiega przyjemniej dla s\u0142uchacza ni\u017c w innych szko\u0142ach? Dlaczego absolwenci s\u0105 tak zadowoleni z wyboru szko\u0142y? W\u0142a\u015bnie dlatego, \u017ce traktujemy naszych s\u0142uchaczy powa\u017cnie. Zapewniamy Wam maksymalny komfort i wygod\u0119.\u00a0Wszystkie zaj\u0119cia odbywaj\u0105 si\u0119 na miejscu w naszych siedzibach, zlokalizowanych zawsze w samym centrum miasta. Pracownie zawodowe w \u0141odzi\" \/>\n<meta property=\"og:url\" content=\"https:\/\/akademia-zdrowia.pl\/kielce\/o-nas\/pracownie\/\" \/>\n<meta property=\"og:site_name\" content=\"Akademia Zdrowia Kielce\" \/>\n<meta property=\"article:modified_time\" content=\"2024-09-24T09:32:51+00:00\" \/>\n<meta property=\"og:image\" content=\"https:\/\/akademia-zdrowia.pl\/kielce\/wp-content\/uploads\/2018\/01\/20120716140514_dsc05648-225x300.jpg\" \/>\n<meta name=\"twitter:card\" content=\"summary_large_image\" \/>\n<meta name=\"twitter:label1\" content=\"Szacowany czas czytania\" \/>\n\t<meta name=\"twitter:data1\" content=\"7 minut\" \/>\n<script type=\"application\/ld+json\" class=\"yoast-schema-graph\">{\"@context\":\"https:\/\/schema.org\",\"@graph\":[{\"@type\":\"WebPage\",\"@id\":\"https:\/\/akademia-zdrowia.pl\/kielce\/o-nas\/pracownie\/\",\"url\":\"https:\/\/akademia-zdrowia.pl\/kielce\/o-nas\/pracownie\/\",\"name\":\"Pracownie - Akademia Zdrowia Kielce\",\"isPartOf\":{\"@id\":\"https:\/\/akademia-zdrowia.pl\/kielce\/#website\"},\"primaryImageOfPage\":{\"@id\":\"https:\/\/akademia-zdrowia.pl\/kielce\/o-nas\/pracownie\/#primaryimage\"},\"image\":{\"@id\":\"https:\/\/akademia-zdrowia.pl\/kielce\/o-nas\/pracownie\/#primaryimage\"},\"thumbnailUrl\":\"https:\/\/akademia-zdrowia.pl\/kielce\/wp-content\/uploads\/2018\/01\/20120716140514_dsc05648-225x300.jpg\",\"datePublished\":\"2018-01-10T07:49:40+00:00\",\"dateModified\":\"2024-09-24T09:32:51+00:00\",\"breadcrumb\":{\"@id\":\"https:\/\/akademia-zdrowia.pl\/kielce\/o-nas\/pracownie\/#breadcrumb\"},\"inLanguage\":\"pl-PL\",\"potentialAction\":[{\"@type\":\"ReadAction\",\"target\":[\"https:\/\/akademia-zdrowia.pl\/kielce\/o-nas\/pracownie\/\"]}]},{\"@type\":\"ImageObject\",\"inLanguage\":\"pl-PL\",\"@id\":\"https:\/\/akademia-zdrowia.pl\/kielce\/o-nas\/pracownie\/#primaryimage\",\"url\":\"https:\/\/akademia-zdrowia.pl\/kielce\/wp-content\/uploads\/2018\/01\/20120716140514_dsc05648.jpg\",\"contentUrl\":\"https:\/\/akademia-zdrowia.pl\/kielce\/wp-content\/uploads\/2018\/01\/20120716140514_dsc05648.jpg\",\"width\":1000,\"height\":1333},{\"@type\":\"BreadcrumbList\",\"@id\":\"https:\/\/akademia-zdrowia.pl\/kielce\/o-nas\/pracownie\/#breadcrumb\",\"itemListElement\":[{\"@type\":\"ListItem\",\"position\":1,\"name\":\"Strona g\u0142\u00f3wna\",\"item\":\"https:\/\/akademia-zdrowia.pl\/kielce\/\"},{\"@type\":\"ListItem\",\"position\":2,\"name\":\"O nas\",\"item\":\"https:\/\/akademia-zdrowia.pl\/kielce\/o-nas\/\"},{\"@type\":\"ListItem\",\"position\":3,\"name\":\"Pracownie\"}]},{\"@type\":\"WebSite\",\"@id\":\"https:\/\/akademia-zdrowia.pl\/kielce\/#website\",\"url\":\"https:\/\/akademia-zdrowia.pl\/kielce\/\",\"name\":\"Akademia Zdrowia Kielce\",\"description\":\"Kolejna witryna oparta na WordPressie\",\"potentialAction\":[{\"@type\":\"SearchAction\",\"target\":{\"@type\":\"EntryPoint\",\"urlTemplate\":\"https:\/\/akademia-zdrowia.pl\/kielce\/?s={search_term_string}\"},\"query-input\":{\"@type\":\"PropertyValueSpecification\",\"valueRequired\":true,\"valueName\":\"search_term_string\"}}],\"inLanguage\":\"pl-PL\"}]}<\/script>\n<!-- \/ Yoast SEO plugin. -->","yoast_head_json":{"title":"Pracownie - Akademia Zdrowia Kielce","robots":{"index":"index","follow":"follow","max-snippet":"max-snippet:-1","max-image-preview":"max-image-preview:large","max-video-preview":"max-video-preview:-1"},"canonical":"https:\/\/akademia-zdrowia.pl\/kielce\/o-nas\/pracownie\/","og_locale":"pl_PL","og_type":"article","og_title":"Pracownie - Akademia Zdrowia Kielce","og_description":"Dlaczego nauka w Akademii Zdrowia przebiega przyjemniej dla s\u0142uchacza ni\u017c w innych szko\u0142ach? Dlaczego absolwenci s\u0105 tak zadowoleni z wyboru szko\u0142y? W\u0142a\u015bnie dlatego, \u017ce traktujemy naszych s\u0142uchaczy powa\u017cnie. Zapewniamy Wam maksymalny komfort i wygod\u0119.\u00a0Wszystkie zaj\u0119cia odbywaj\u0105 si\u0119 na miejscu w naszych siedzibach, zlokalizowanych zawsze w samym centrum miasta. Pracownie zawodowe w \u0141odzi","og_url":"https:\/\/akademia-zdrowia.pl\/kielce\/o-nas\/pracownie\/","og_site_name":"Akademia Zdrowia Kielce","article_modified_time":"2024-09-24T09:32:51+00:00","og_image":[{"url":"https:\/\/akademia-zdrowia.pl\/kielce\/wp-content\/uploads\/2018\/01\/20120716140514_dsc05648-225x300.jpg","type":"","width":"","height":""}],"twitter_card":"summary_large_image","twitter_misc":{"Szacowany czas czytania":"7 minut"},"schema":{"@context":"https:\/\/schema.org","@graph":[{"@type":"WebPage","@id":"https:\/\/akademia-zdrowia.pl\/kielce\/o-nas\/pracownie\/","url":"https:\/\/akademia-zdrowia.pl\/kielce\/o-nas\/pracownie\/","name":"Pracownie - Akademia Zdrowia Kielce","isPartOf":{"@id":"https:\/\/akademia-zdrowia.pl\/kielce\/#website"},"primaryImageOfPage":{"@id":"https:\/\/akademia-zdrowia.pl\/kielce\/o-nas\/pracownie\/#primaryimage"},"image":{"@id":"https:\/\/akademia-zdrowia.pl\/kielce\/o-nas\/pracownie\/#primaryimage"},"thumbnailUrl":"https:\/\/akademia-zdrowia.pl\/kielce\/wp-content\/uploads\/2018\/01\/20120716140514_dsc05648-225x300.jpg","datePublished":"2018-01-10T07:49:40+00:00","dateModified":"2024-09-24T09:32:51+00:00","breadcrumb":{"@id":"https:\/\/akademia-zdrowia.pl\/kielce\/o-nas\/pracownie\/#breadcrumb"},"inLanguage":"pl-PL","potentialAction":[{"@type":"ReadAction","target":["https:\/\/akademia-zdrowia.pl\/kielce\/o-nas\/pracownie\/"]}]},{"@type":"ImageObject","inLanguage":"pl-PL","@id":"https:\/\/akademia-zdrowia.pl\/kielce\/o-nas\/pracownie\/#primaryimage","url":"https:\/\/akademia-zdrowia.pl\/kielce\/wp-content\/uploads\/2018\/01\/20120716140514_dsc05648.jpg","contentUrl":"https:\/\/akademia-zdrowia.pl\/kielce\/wp-content\/uploads\/2018\/01\/20120716140514_dsc05648.jpg","width":1000,"height":1333},{"@type":"BreadcrumbList","@id":"https:\/\/akademia-zdrowia.pl\/kielce\/o-nas\/pracownie\/#breadcrumb","itemListElement":[{"@type":"ListItem","position":1,"name":"Strona g\u0142\u00f3wna","item":"https:\/\/akademia-zdrowia.pl\/kielce\/"},{"@type":"ListItem","position":2,"name":"O nas","item":"https:\/\/akademia-zdrowia.pl\/kielce\/o-nas\/"},{"@type":"ListItem","position":3,"name":"Pracownie"}]},{"@type":"WebSite","@id":"https:\/\/akademia-zdrowia.pl\/kielce\/#website","url":"https:\/\/akademia-zdrowia.pl\/kielce\/","name":"Akademia Zdrowia Kielce","description":"Kolejna witryna oparta na WordPressie","potentialAction":[{"@type":"SearchAction","target":{"@type":"EntryPoint","urlTemplate":"https:\/\/akademia-zdrowia.pl\/kielce\/?s={search_term_string}"},"query-input":{"@type":"PropertyValueSpecification","valueRequired":true,"valueName":"search_term_string"}}],"inLanguage":"pl-PL"}]}},"_links":{"self":[{"href":"https:\/\/akademia-zdrowia.pl\/kielce\/wp-json\/wp\/v2\/pages\/259","targetHints":{"allow":["GET"]}}],"collection":[{"href":"https:\/\/akademia-zdrowia.pl\/kielce\/wp-json\/wp\/v2\/pages"}],"about":[{"href":"https:\/\/akademia-zdrowia.pl\/kielce\/wp-json\/wp\/v2\/types\/page"}],"author":[{"embeddable":true,"href":"https:\/\/akademia-zdrowia.pl\/kielce\/wp-json\/wp\/v2\/users\/1"}],"replies":[{"embeddable":true,"href":"https:\/\/akademia-zdrowia.pl\/kielce\/wp-json\/wp\/v2\/comments?post=259"}],"version-history":[{"count":16,"href":"https:\/\/akademia-zdrowia.pl\/kielce\/wp-json\/wp\/v2\/pages\/259\/revisions"}],"predecessor-version":[{"id":9284,"href":"https:\/\/akademia-zdrowia.pl\/kielce\/wp-json\/wp\/v2\/pages\/259\/revisions\/9284"}],"up":[{"embeddable":true,"href":"https:\/\/akademia-zdrowia.pl\/kielce\/wp-json\/wp\/v2\/pages\/31"}],"wp:attachment":[{"href":"https:\/\/akademia-zdrowia.pl\/kielce\/wp-json\/wp\/v2\/media?parent=259"}],"curies":[{"name":"wp","href":"https:\/\/api.w.org\/{rel}","templated":true}]}}