{"id":31,"date":"2018-01-02T13:08:56","date_gmt":"2018-01-02T12:08:56","guid":{"rendered":"http:\/\/www.akademia-zdrowia.pl\/lodz\/?page_id=31"},"modified":"2024-09-24T11:33:31","modified_gmt":"2024-09-24T09:33:31","slug":"o-nas","status":"publish","type":"page","link":"https:\/\/akademia-zdrowia.pl\/kielce\/o-nas\/","title":{"rendered":"O nas"},"content":{"rendered":"\t\t<div data-elementor-type=\"wp-page\" data-elementor-id=\"31\" class=\"elementor elementor-31\" data-elementor-post-type=\"page\">\n\t\t\t\t\t\t<section class=\"elementor-section elementor-top-section elementor-element elementor-element-df7193c elementor-section-boxed elementor-section-height-default elementor-section-height-default\" data-id=\"df7193c\" data-element_type=\"section\" data-e-type=\"section\">\n\t\t\t\t\t\t<div class=\"elementor-container elementor-column-gap-default\">\n\t\t\t\t\t<div class=\"elementor-column elementor-col-100 elementor-top-column elementor-element elementor-element-530ee1b\" data-id=\"530ee1b\" data-element_type=\"column\" data-e-type=\"column\">\n\t\t\t<div class=\"elementor-widget-wrap elementor-element-populated\">\n\t\t\t\t\t\t<div class=\"elementor-element elementor-element-011a46f elementor-widget elementor-widget-text-editor\" data-id=\"011a46f\" data-element_type=\"widget\" data-e-type=\"widget\" data-widget_type=\"text-editor.default\">\n\t\t\t\t<div class=\"elementor-widget-container\">\n\t\t\t\t\t\t\t\t\t<h3 style=\"text-align: center;\">AKADEMIA ZDROWIA<br \/>SERCE W \u015aRODKU MIASTA<br \/>\u2013 rok za\u0142o\u017cenia 1998 \u2013<\/h3><div class=\"col-12 col-lg-6\">\u00a0<\/div><div class=\"col-12 tresc\"><p>To, czym chcemy si\u0119 podzieli\u0107 to co\u015b wi\u0119cej ni\u017c nauka. Mamy dla Was niecodzienn\u0105 kombinacj\u0119. Pomys\u0142 stworzenia Akademii Zdrowia\u00a0Izabeli \u0141ajs zrodzi\u0142 si\u0119 z ch\u0119ci zaspokojenia potrzeb edukacyjno-zawodowych naszych klient\u00f3w. Dlatego bierzemy odpowiedzialno\u015b\u0107\u00a0za Wasze wykszta\u0142cenie i za Wasze dobre samopoczucie. Na rynku us\u0142ug edukacyjnych dzia\u0142amy ju\u017c od 1998 roku i mo\u017cemy ju\u017c to\u00a0powiedzie\u0107: AKADEMIA ZDROWIA jest lekiem i sposobem na \u017cycie.<\/p><p>W naszej centrali, w \u0141odzi znajduje si\u0119 \u017c\u00f3\u0142to-niebieskie graffiti. To w\u0142a\u015bnie symbol nieograniczonych mo\u017cliwo\u015bci, kt\u00f3re Wam dajemy.\u00a0Dla jednych to graffiti b\u0119dzie znakiem doskona\u0142ych kwalifikacji, dla innych symbolem pracy, dla jeszcze innych wyobra\u017ceniem<br \/>wspania\u0142ej zabawy.<\/p><p>W s\u0142onecznych kolorach Akademii Zdrowia Wasze niezwyk\u0142e marzenia b\u0119d\u0105 si\u0119 rozwija\u0107, nabiera\u0107 barw i urzeczywistnia\u0107. Wszystko\u00a0dlatego, \u017ce ludzie Akademii Zdrowia maj\u0105 czas dla ka\u017cdego z Was. Naszymi dzia\u0142aniami kieruj\u0105 uczciwe zasady, poniewa\u017c dbamy o\u00a0wysoki poziom tej plac\u00f3wki. W Akademii Zdrowia swoje miejsce znajduje wielu r\u00f3\u017cnych ludzi: ucz\u0105 si\u0119 u nas osoby m\u0142ode, ucz\u0105 si\u0119\u00a0doro\u015bli, organizujemy bezp\u0142atne szkolenia dla bezrobotnych, a nauczyciele i piel\u0119gniarki podwy\u017cszaj\u0105 swoje kwalifikacje.<\/p><p>Mamy swoje filie w pi\u0119ciu miastach: \u0141odzi, Warszawie, Rzeszowie, Kielcach i Bydgoszczy.<\/p><p>Organizujemy kursy zawodowe dla doros\u0142ych oraz podwy\u017cszamy kwalifikacje piel\u0119gniarek i po\u0142o\u017cnych. Nasze szko\u0142y policealne\u00a0posiadaj\u0105 uprawnienia szko\u0142y publicznej, czyli:\u00a0realizujemy programy nauczania poszczeg\u00f3lnych kierunk\u00f3w zgodnie z wytycznymi Ministerstwa Edukacji Narodowej\u00a0wyk\u0142adaj\u0105 u nas wykwalifikowani pedagodzy\u00a0przeprowadzamy egzaminy zawodowe oraz maturalne\u00a0wydajemy \u015bwiadectwa wystawione przez Okr\u0119gow\u0105 Komisj\u0119 Egzaminacyjn\u0105.<br \/>ponadto nasi s\u0142uchacze mog\u0105 otrzyma\u0107 BEZP\u0141ATNIE stosowne za\u015bwiadczenie do ZUS, MOPS czy WKU o kontynuacji nauki.<\/p><p>To przede wszystkim dzi\u0119ki Wam r\u00f3wnie\u017c nieustannie si\u0119 uczymy.<br \/>Dlatego tak bardzo r\u00f3\u017cnimy si\u0119 od innych plac\u00f3wek edukacyjnych.<\/p><\/div>\t\t\t\t\t\t\t\t<\/div>\n\t\t\t\t<\/div>\n\t\t\t\t\t<\/div>\n\t\t<\/div>\n\t\t\t\t\t<\/div>\n\t\t<\/section>\n\t\t\t\t<\/div>\n\t\t","protected":false},"excerpt":{"rendered":"<p>AKADEMIA ZDROWIASERCE W \u015aRODKU MIASTA\u2013 rok za\u0142o\u017cenia 1998 \u2013 \u00a0 To, czym chcemy si\u0119 podzieli\u0107 to co\u015b wi\u0119cej ni\u017c nauka. Mamy dla Was niecodzienn\u0105 kombinacj\u0119. Pomys\u0142 stworzenia Akademii Zdrowia\u00a0Izabeli \u0141ajs zrodzi\u0142 si\u0119 z ch\u0119ci zaspokojenia potrzeb edukacyjno-zawodowych naszych klient\u00f3w. Dlatego bierzemy odpowiedzialno\u015b\u0107\u00a0za Wasze wykszta\u0142cenie i za Wasze dobre samopoczucie. Na rynku us\u0142ug edukacyjnych dzia\u0142amy ju\u017c&#8230;<\/p>\n","protected":false},"author":1,"featured_media":0,"parent":0,"menu_order":0,"comment_status":"closed","ping_status":"closed","template":"","meta":{"footnotes":""},"class_list":["post-31","page","type-page","status-publish","hentry"],"yoast_head":"<!-- This site is optimized with the Yoast SEO plugin v26.9 - https:\/\/yoast.com\/product\/yoast-seo-wordpress\/ -->\n<title>O nas - Akademia Zdrowia Kielce<\/title>\n<meta name=\"robots\" content=\"index, follow, max-snippet:-1, max-image-preview:large, max-video-preview:-1\" \/>\n<link rel=\"canonical\" href=\"https:\/\/akademia-zdrowia.pl\/kielce\/o-nas\/\" \/>\n<meta property=\"og:locale\" content=\"pl_PL\" \/>\n<meta property=\"og:type\" content=\"article\" \/>\n<meta property=\"og:title\" content=\"O nas - Akademia Zdrowia Kielce\" \/>\n<meta property=\"og:description\" content=\"AKADEMIA ZDROWIASERCE W \u015aRODKU MIASTA\u2013 rok za\u0142o\u017cenia 1998 \u2013 \u00a0 To, czym chcemy si\u0119 podzieli\u0107 to co\u015b wi\u0119cej ni\u017c nauka. Mamy dla Was niecodzienn\u0105 kombinacj\u0119. Pomys\u0142 stworzenia Akademii Zdrowia\u00a0Izabeli \u0141ajs zrodzi\u0142 si\u0119 z ch\u0119ci zaspokojenia potrzeb edukacyjno-zawodowych naszych klient\u00f3w. Dlatego bierzemy odpowiedzialno\u015b\u0107\u00a0za Wasze wykszta\u0142cenie i za Wasze dobre samopoczucie. Na rynku us\u0142ug edukacyjnych dzia\u0142amy ju\u017c...\" \/>\n<meta property=\"og:url\" content=\"https:\/\/akademia-zdrowia.pl\/kielce\/o-nas\/\" \/>\n<meta property=\"og:site_name\" content=\"Akademia Zdrowia Kielce\" \/>\n<meta property=\"article:modified_time\" content=\"2024-09-24T09:33:31+00:00\" \/>\n<meta name=\"twitter:card\" content=\"summary_large_image\" \/>\n<meta name=\"twitter:label1\" content=\"Szacowany czas czytania\" \/>\n\t<meta name=\"twitter:data1\" content=\"2 minuty\" \/>\n<script type=\"application\/ld+json\" class=\"yoast-schema-graph\">{\"@context\":\"https:\/\/schema.org\",\"@graph\":[{\"@type\":\"WebPage\",\"@id\":\"https:\/\/akademia-zdrowia.pl\/kielce\/o-nas\/\",\"url\":\"https:\/\/akademia-zdrowia.pl\/kielce\/o-nas\/\",\"name\":\"O nas - Akademia Zdrowia Kielce\",\"isPartOf\":{\"@id\":\"https:\/\/akademia-zdrowia.pl\/kielce\/#website\"},\"datePublished\":\"2018-01-02T12:08:56+00:00\",\"dateModified\":\"2024-09-24T09:33:31+00:00\",\"breadcrumb\":{\"@id\":\"https:\/\/akademia-zdrowia.pl\/kielce\/o-nas\/#breadcrumb\"},\"inLanguage\":\"pl-PL\",\"potentialAction\":[{\"@type\":\"ReadAction\",\"target\":[\"https:\/\/akademia-zdrowia.pl\/kielce\/o-nas\/\"]}]},{\"@type\":\"BreadcrumbList\",\"@id\":\"https:\/\/akademia-zdrowia.pl\/kielce\/o-nas\/#breadcrumb\",\"itemListElement\":[{\"@type\":\"ListItem\",\"position\":1,\"name\":\"Strona g\u0142\u00f3wna\",\"item\":\"https:\/\/akademia-zdrowia.pl\/kielce\/\"},{\"@type\":\"ListItem\",\"position\":2,\"name\":\"O nas\"}]},{\"@type\":\"WebSite\",\"@id\":\"https:\/\/akademia-zdrowia.pl\/kielce\/#website\",\"url\":\"https:\/\/akademia-zdrowia.pl\/kielce\/\",\"name\":\"Akademia Zdrowia Kielce\",\"description\":\"Kolejna witryna oparta na WordPressie\",\"potentialAction\":[{\"@type\":\"SearchAction\",\"target\":{\"@type\":\"EntryPoint\",\"urlTemplate\":\"https:\/\/akademia-zdrowia.pl\/kielce\/?s={search_term_string}\"},\"query-input\":{\"@type\":\"PropertyValueSpecification\",\"valueRequired\":true,\"valueName\":\"search_term_string\"}}],\"inLanguage\":\"pl-PL\"}]}<\/script>\n<!-- \/ Yoast SEO plugin. -->","yoast_head_json":{"title":"O nas - Akademia Zdrowia Kielce","robots":{"index":"index","follow":"follow","max-snippet":"max-snippet:-1","max-image-preview":"max-image-preview:large","max-video-preview":"max-video-preview:-1"},"canonical":"https:\/\/akademia-zdrowia.pl\/kielce\/o-nas\/","og_locale":"pl_PL","og_type":"article","og_title":"O nas - Akademia Zdrowia Kielce","og_description":"AKADEMIA ZDROWIASERCE W \u015aRODKU MIASTA\u2013 rok za\u0142o\u017cenia 1998 \u2013 \u00a0 To, czym chcemy si\u0119 podzieli\u0107 to co\u015b wi\u0119cej ni\u017c nauka. Mamy dla Was niecodzienn\u0105 kombinacj\u0119. Pomys\u0142 stworzenia Akademii Zdrowia\u00a0Izabeli \u0141ajs zrodzi\u0142 si\u0119 z ch\u0119ci zaspokojenia potrzeb edukacyjno-zawodowych naszych klient\u00f3w. Dlatego bierzemy odpowiedzialno\u015b\u0107\u00a0za Wasze wykszta\u0142cenie i za Wasze dobre samopoczucie. Na rynku us\u0142ug edukacyjnych dzia\u0142amy ju\u017c...","og_url":"https:\/\/akademia-zdrowia.pl\/kielce\/o-nas\/","og_site_name":"Akademia Zdrowia Kielce","article_modified_time":"2024-09-24T09:33:31+00:00","twitter_card":"summary_large_image","twitter_misc":{"Szacowany czas czytania":"2 minuty"},"schema":{"@context":"https:\/\/schema.org","@graph":[{"@type":"WebPage","@id":"https:\/\/akademia-zdrowia.pl\/kielce\/o-nas\/","url":"https:\/\/akademia-zdrowia.pl\/kielce\/o-nas\/","name":"O nas - Akademia Zdrowia Kielce","isPartOf":{"@id":"https:\/\/akademia-zdrowia.pl\/kielce\/#website"},"datePublished":"2018-01-02T12:08:56+00:00","dateModified":"2024-09-24T09:33:31+00:00","breadcrumb":{"@id":"https:\/\/akademia-zdrowia.pl\/kielce\/o-nas\/#breadcrumb"},"inLanguage":"pl-PL","potentialAction":[{"@type":"ReadAction","target":["https:\/\/akademia-zdrowia.pl\/kielce\/o-nas\/"]}]},{"@type":"BreadcrumbList","@id":"https:\/\/akademia-zdrowia.pl\/kielce\/o-nas\/#breadcrumb","itemListElement":[{"@type":"ListItem","position":1,"name":"Strona g\u0142\u00f3wna","item":"https:\/\/akademia-zdrowia.pl\/kielce\/"},{"@type":"ListItem","position":2,"name":"O nas"}]},{"@type":"WebSite","@id":"https:\/\/akademia-zdrowia.pl\/kielce\/#website","url":"https:\/\/akademia-zdrowia.pl\/kielce\/","name":"Akademia Zdrowia Kielce","description":"Kolejna witryna oparta na WordPressie","potentialAction":[{"@type":"SearchAction","target":{"@type":"EntryPoint","urlTemplate":"https:\/\/akademia-zdrowia.pl\/kielce\/?s={search_term_string}"},"query-input":{"@type":"PropertyValueSpecification","valueRequired":true,"valueName":"search_term_string"}}],"inLanguage":"pl-PL"}]}},"_links":{"self":[{"href":"https:\/\/akademia-zdrowia.pl\/kielce\/wp-json\/wp\/v2\/pages\/31","targetHints":{"allow":["GET"]}}],"collection":[{"href":"https:\/\/akademia-zdrowia.pl\/kielce\/wp-json\/wp\/v2\/pages"}],"about":[{"href":"https:\/\/akademia-zdrowia.pl\/kielce\/wp-json\/wp\/v2\/types\/page"}],"author":[{"embeddable":true,"href":"https:\/\/akademia-zdrowia.pl\/kielce\/wp-json\/wp\/v2\/users\/1"}],"replies":[{"embeddable":true,"href":"https:\/\/akademia-zdrowia.pl\/kielce\/wp-json\/wp\/v2\/comments?post=31"}],"version-history":[{"count":7,"href":"https:\/\/akademia-zdrowia.pl\/kielce\/wp-json\/wp\/v2\/pages\/31\/revisions"}],"predecessor-version":[{"id":9290,"href":"https:\/\/akademia-zdrowia.pl\/kielce\/wp-json\/wp\/v2\/pages\/31\/revisions\/9290"}],"wp:attachment":[{"href":"https:\/\/akademia-zdrowia.pl\/kielce\/wp-json\/wp\/v2\/media?parent=31"}],"curies":[{"name":"wp","href":"https:\/\/api.w.org\/{rel}","templated":true}]}}