{"id":3247,"date":"2022-02-13T15:18:05","date_gmt":"2022-02-13T14:18:05","guid":{"rendered":"https:\/\/akademia-zdrowia.pl\/kielce\/?page_id=3247"},"modified":"2023-09-28T13:35:58","modified_gmt":"2023-09-28T11:35:58","slug":"wolumetria","status":"publish","type":"page","link":"https:\/\/akademia-zdrowia.pl\/kielce\/oferta-szkoleniowa\/kursy-i-szkolenia\/kursy-medycyna-estetyczna\/wolumetria\/","title":{"rendered":"WOLUMETRIA"},"content":{"rendered":"\t\t<div data-elementor-type=\"wp-page\" data-elementor-id=\"3247\" class=\"elementor elementor-3247\" data-elementor-post-type=\"page\">\n\t\t\t\t\t\t<section class=\"elementor-section elementor-top-section elementor-element elementor-element-ddaf4b0 elementor-section-stretched elementor-section-boxed elementor-section-height-default elementor-section-height-default\" data-id=\"ddaf4b0\" data-element_type=\"section\" data-e-type=\"section\" data-settings=\"{&quot;stretch_section&quot;:&quot;section-stretched&quot;}\">\n\t\t\t\t\t\t<div class=\"elementor-container elementor-column-gap-default\">\n\t\t\t\t\t<div class=\"elementor-column elementor-col-100 elementor-top-column elementor-element elementor-element-58aad4e\" data-id=\"58aad4e\" data-element_type=\"column\" data-e-type=\"column\">\n\t\t\t<div class=\"elementor-widget-wrap elementor-element-populated\">\n\t\t\t\t\t\t<section class=\"elementor-section elementor-inner-section elementor-element elementor-element-6e9e93d elementor-section-boxed elementor-section-height-default elementor-section-height-default\" data-id=\"6e9e93d\" data-element_type=\"section\" data-e-type=\"section\">\n\t\t\t\t\t\t<div class=\"elementor-container elementor-column-gap-default\">\n\t\t\t\t\t<div class=\"elementor-column elementor-col-50 elementor-inner-column elementor-element elementor-element-eda147b\" data-id=\"eda147b\" data-element_type=\"column\" data-e-type=\"column\">\n\t\t\t<div class=\"elementor-widget-wrap elementor-element-populated\">\n\t\t\t\t\t\t<div class=\"elementor-element elementor-element-b811f5b elementor-widget elementor-widget-text-editor\" data-id=\"b811f5b\" data-element_type=\"widget\" data-e-type=\"widget\" data-widget_type=\"text-editor.default\">\n\t\t\t\t<div class=\"elementor-widget-container\">\n\t\t\t\t\t\t\t\t\t<h2><b><span data-contrast=\"auto\">Wolumetria<\/span><\/b><\/h2><p><b><span data-contrast=\"auto\">Kurs obejmuje 8 godzin.<\/span><\/b><span data-contrast=\"auto\">\u202f<\/span><\/p><p><b><span data-contrast=\"auto\"><strong>Agnieszka \u2013 <img decoding=\"async\" class=\"wp-image-6175 alignnone\" src=\"https:\/\/akademia-zdrowia.pl\/kielce\/wp-content\/uploads\/2023\/08\/whatsapp-logo-png-2288.png\" alt=\"\" width=\"28\" height=\"28\" srcset=\"https:\/\/akademia-zdrowia.pl\/kielce\/wp-content\/uploads\/2023\/08\/whatsapp-logo-png-2288.png 256w, https:\/\/akademia-zdrowia.pl\/kielce\/wp-content\/uploads\/2023\/08\/whatsapp-logo-png-2288-150x150.png 150w, https:\/\/akademia-zdrowia.pl\/kielce\/wp-content\/uploads\/2023\/08\/whatsapp-logo-png-2288-120x120.png 120w, https:\/\/akademia-zdrowia.pl\/kielce\/wp-content\/uploads\/2023\/08\/whatsapp-logo-png-2288-220x220.png 220w\" sizes=\"(max-width: 28px) 100vw, 28px\" \/> <a href=\"http:\/\/662-536-086\">662-536-086<\/a> , <\/strong><strong>Karolina &#8211; <img decoding=\"async\" class=\"wp-image-6175 alignnone\" src=\"https:\/\/akademia-zdrowia.pl\/kielce\/wp-content\/uploads\/2023\/08\/whatsapp-logo-png-2288.png\" alt=\"\" width=\"28\" height=\"28\" srcset=\"https:\/\/akademia-zdrowia.pl\/kielce\/wp-content\/uploads\/2023\/08\/whatsapp-logo-png-2288.png 256w, https:\/\/akademia-zdrowia.pl\/kielce\/wp-content\/uploads\/2023\/08\/whatsapp-logo-png-2288-150x150.png 150w, https:\/\/akademia-zdrowia.pl\/kielce\/wp-content\/uploads\/2023\/08\/whatsapp-logo-png-2288-120x120.png 120w, https:\/\/akademia-zdrowia.pl\/kielce\/wp-content\/uploads\/2023\/08\/whatsapp-logo-png-2288-220x220.png 220w\" sizes=\"(max-width: 28px) 100vw, 28px\" \/> \u00a0<a href=\"tel:+48698742885\">698-742-885<\/a><\/strong><\/span><\/b><\/p><p><strong><a href=\"\/kielce\/zapisz-sie-na-kurs\/\">ZAPISZ SI\u0118!<\/a><\/strong><\/p><p><b><span data-contrast=\"auto\">Po kr\u00f3tkim wst\u0119pie teoretycznym przechodzimy od razu do praktyki !!!<\/span><\/b><span data-ccp-props=\"{&quot;201341983&quot;:0,&quot;335559739&quot;:0,&quot;335559740&quot;:240}\">\u00a0<\/span><\/p><p><strong>W PROGRAMIE:\u202f\u00a0<\/strong><\/p><ol><li><span data-contrast=\"auto\"> Charakterystyka, rodzaje i techniki uz\u0307ywania preparat\u00f3w do wolumetrii twarzy<\/span><\/li><li><span data-contrast=\"auto\">Teoretyczne omo\u0301wienie budowy twarzy, powik\u0142ania, przeciwskazania, hialuronidaza, cie\u0328z\u0307kie przypadki<\/span><\/li><li><span data-contrast=\"auto\">Kompendium wiedzy z zakresu wolumetrii twarzy<\/span>\u00a0<\/li><li><span data-contrast=\"auto\">Charakterystyka preparato\u0301w<\/span>\u00a0<\/li><li><span data-contrast=\"auto\">Techniki iniekcyjne i sposoby znieczulenia<\/span>\u00a0<\/li><li><span data-contrast=\"auto\">Wskazania i przeciwskazania do zabiegu<\/span>\u00a0<\/li><li><span data-contrast=\"auto\">Zalecenia po zabiegowe<\/span>\u00a0<\/li><li><span data-contrast=\"auto\">Wywiad z klientem, dokumentacja, formularz s\u0301wiadomej zgody<\/span>\u00a0<\/li><li><span data-contrast=\"auto\">Przygotowanie do zabiegu<\/span>\u00a0<\/li><li><span data-contrast=\"auto\">Pokaz na modelce<\/span>\u00a0<\/li><li><span data-contrast=\"auto\">Kursant samodzielnie pod okiem trenera wykonuje zabieg na \u202fmodelkach<\/span><span data-ccp-props=\"{&quot;134233117&quot;:true,&quot;134233118&quot;:true,&quot;201341983&quot;:0,&quot;335559740&quot;:240}\">\u00a0<\/span><\/li><\/ol><p><strong>\u202fCEL SZKOLENIA :\u202f<\/strong><\/p><p><span data-contrast=\"auto\">Szkolenie przygotowuje do samodzielnego wykonywania profesjonalnych zabieg\u00f3w z zakresu wolumetrii twarzy kwasem hialuronowym.<\/span><span data-ccp-props=\"{&quot;201341983&quot;:0,&quot;335559739&quot;:0,&quot;335559740&quot;:240}\">\u00a0<\/span><\/p>\t\t\t\t\t\t\t\t<\/div>\n\t\t\t\t<\/div>\n\t\t\t\t<div class=\"elementor-element elementor-element-3d99532 elementor-widget elementor-widget-image\" data-id=\"3d99532\" data-element_type=\"widget\" data-e-type=\"widget\" data-widget_type=\"image.default\">\n\t\t\t\t<div class=\"elementor-widget-container\">\n\t\t\t\t\t\t\t\t\t\t\t\t\t\t\t<img fetchpriority=\"high\" decoding=\"async\" width=\"533\" height=\"800\" src=\"https:\/\/akademia-zdrowia.pl\/kielce\/wp-content\/uploads\/2022\/02\/yuz-germe.jpg\" class=\"attachment-large size-large wp-image-3180\" alt=\"\" srcset=\"https:\/\/akademia-zdrowia.pl\/kielce\/wp-content\/uploads\/2022\/02\/yuz-germe.jpg 533w, https:\/\/akademia-zdrowia.pl\/kielce\/wp-content\/uploads\/2022\/02\/yuz-germe-200x300.jpg 200w, https:\/\/akademia-zdrowia.pl\/kielce\/wp-content\/uploads\/2022\/02\/yuz-germe-500x750.jpg 500w\" sizes=\"(max-width: 533px) 100vw, 533px\" \/>\t\t\t\t\t\t\t\t\t\t\t\t\t\t\t<\/div>\n\t\t\t\t<\/div>\n\t\t\t\t\t<\/div>\n\t\t<\/div>\n\t\t\t\t<div class=\"elementor-column elementor-col-50 elementor-inner-column elementor-element elementor-element-b75b973\" data-id=\"b75b973\" data-element_type=\"column\" data-e-type=\"column\">\n\t\t\t<div class=\"elementor-widget-wrap elementor-element-populated\">\n\t\t\t\t\t\t<div class=\"elementor-element elementor-element-46e05ac elementor-widget elementor-widget-rs-image\" data-id=\"46e05ac\" data-element_type=\"widget\" data-e-type=\"widget\" data-widget_type=\"rs-image.default\">\n\t\t\t\t<div class=\"elementor-widget-container\">\n\t\t\t\t\t\n        <div class=\"rs-image \">\n                            <img decoding=\"async\" class=\"rs-multi-image \" src=\"https:\/\/akademia-zdrowia.pl\/kielce\/wp-content\/uploads\/2023\/08\/AZ-KIELCE-1.jpg\" alt=\"image\"\/>\n                    <\/div>\n\n              \n    \t\t\t\t<\/div>\n\t\t\t\t<\/div>\n\t\t\t\t<div class=\"elementor-element elementor-element-9abfdad elementor-widget elementor-widget-text-editor\" data-id=\"9abfdad\" data-element_type=\"widget\" data-e-type=\"widget\" data-widget_type=\"text-editor.default\">\n\t\t\t\t<div class=\"elementor-widget-container\">\n\t\t\t\t\t\t\t\t\t<div class=\"adres\"><p style=\"text-align: center;\">al. IX Wiek\u00f3w Kielc 8\/24<br \/>25-516 Kielce<\/p><p style=\"text-align: center;\"><img decoding=\"async\" style=\"color: var( --e-global-color-text ); font-family: var( --e-global-typography-text-font-family ), Sans-serif; font-weight: var( --e-global-typography-text-font-weight );\" src=\"https:\/\/www.akademia-zdrowia.pl\/lodz\/wp-content\/themes\/akademia-podstrona\/img\/phone-ico_red.png\" alt=\"marker\" \/><span style=\"color: var( --e-global-color-text ); font-family: var( --e-global-typography-text-font-family ), Sans-serif; font-weight: var( --e-global-typography-text-font-weight );\">\u00a0\u00a0<\/span><span style=\"color: var( --e-global-color-text ); font-family: var( --e-global-typography-text-font-family ), Sans-serif; font-weight: var( --e-global-typography-text-font-weight );\">tel.\u00a0<\/span><a style=\"font-family: var( --e-global-typography-text-font-family ), Sans-serif; font-weight: var( --e-global-typography-text-font-weight ); background-color: #ffffff;\" href=\"tel:41 3680066\">41 3680066<\/a><span style=\"color: var( --e-global-color-text ); font-family: var( --e-global-typography-text-font-family ), Sans-serif; font-weight: var( --e-global-typography-text-font-weight );\"><br \/><\/span><span style=\"color: var( --e-global-color-text ); font-family: var( --e-global-typography-text-font-family ), Sans-serif; font-weight: var( --e-global-typography-text-font-weight );\">tel.\/fax\u00a0<\/span><a style=\"font-family: var( --e-global-typography-text-font-family ), Sans-serif; font-weight: var( --e-global-typography-text-font-weight ); background-color: #ffffff;\" href=\"tel:41 3600066\">41 3600066<\/a><\/p><p style=\"text-align: center;\"><img decoding=\"async\" class=\"wp-image-6175 alignnone\" src=\"https:\/\/akademia-zdrowia.pl\/kielce\/wp-content\/uploads\/2023\/08\/whatsapp-logo-png-2288.png\" alt=\"\" width=\"28\" height=\"28\" srcset=\"https:\/\/akademia-zdrowia.pl\/kielce\/wp-content\/uploads\/2023\/08\/whatsapp-logo-png-2288.png 256w, https:\/\/akademia-zdrowia.pl\/kielce\/wp-content\/uploads\/2023\/08\/whatsapp-logo-png-2288-150x150.png 150w, https:\/\/akademia-zdrowia.pl\/kielce\/wp-content\/uploads\/2023\/08\/whatsapp-logo-png-2288-120x120.png 120w, https:\/\/akademia-zdrowia.pl\/kielce\/wp-content\/uploads\/2023\/08\/whatsapp-logo-png-2288-220x220.png 220w\" sizes=\"(max-width: 28px) 100vw, 28px\" \/> tel. <a href=\"http:\/\/662-536-086\">662-536-086<\/a> \u00a0<\/p><p style=\"text-align: center;\"><img decoding=\"async\" class=\"wp-image-6175 alignnone\" src=\"https:\/\/akademia-zdrowia.pl\/kielce\/wp-content\/uploads\/2023\/08\/whatsapp-logo-png-2288.png\" alt=\"\" width=\"28\" height=\"28\" srcset=\"https:\/\/akademia-zdrowia.pl\/kielce\/wp-content\/uploads\/2023\/08\/whatsapp-logo-png-2288.png 256w, https:\/\/akademia-zdrowia.pl\/kielce\/wp-content\/uploads\/2023\/08\/whatsapp-logo-png-2288-150x150.png 150w, https:\/\/akademia-zdrowia.pl\/kielce\/wp-content\/uploads\/2023\/08\/whatsapp-logo-png-2288-120x120.png 120w, https:\/\/akademia-zdrowia.pl\/kielce\/wp-content\/uploads\/2023\/08\/whatsapp-logo-png-2288-220x220.png 220w\" sizes=\"(max-width: 28px) 100vw, 28px\" \/> tel. <a href=\"tel:+48698742885\">698-742-885<\/a><\/p><\/div><div class=\"dodatkowe\"><p style=\"text-align: center;\">Sekretariat czynny od poniedzia\u0142ku do pi\u0105tku w godzinach 9.00-16.00<\/p><p style=\"text-align: center;\"><span style=\"color: #000080; font-family: var( --e-global-typography-text-font-family ), Sans-serif;\"><b>Zarezerwuj miejsce ju\u017c dzi\u015b!<\/b><\/span><\/p><\/div>\t\t\t\t\t\t\t\t<\/div>\n\t\t\t\t<\/div>\n\t\t\t\t\t<\/div>\n\t\t<\/div>\n\t\t\t\t\t<\/div>\n\t\t<\/section>\n\t\t\t\t\t<\/div>\n\t\t<\/div>\n\t\t\t\t\t<\/div>\n\t\t<\/section>\n\t\t\t\t<\/div>\n\t\t","protected":false},"excerpt":{"rendered":"<p>Wolumetria Kurs obejmuje 8 godzin.\u202f Agnieszka \u2013 662-536-086 , Karolina &#8211; \u00a0698-742-885 ZAPISZ SI\u0118! Po kr\u00f3tkim wst\u0119pie teoretycznym przechodzimy od razu do praktyki !!!\u00a0 W PROGRAMIE:\u202f\u00a0 Charakterystyka, rodzaje i techniki uz\u0307ywania preparat\u00f3w do wolumetrii twarzy Teoretyczne omo\u0301wienie budowy twarzy, powik\u0142ania, przeciwskazania, hialuronidaza, cie\u0328z\u0307kie przypadki Kompendium wiedzy z zakresu wolumetrii twarzy\u00a0 Charakterystyka preparato\u0301w\u00a0 Techniki iniekcyjne i&#8230;<\/p>\n","protected":false},"author":3,"featured_media":0,"parent":4423,"menu_order":0,"comment_status":"closed","ping_status":"closed","template":"","meta":{"footnotes":""},"class_list":["post-3247","page","type-page","status-publish","hentry"],"yoast_head":"<!-- This site is optimized with the Yoast SEO plugin v26.9 - https:\/\/yoast.com\/product\/yoast-seo-wordpress\/ -->\n<title>WOLUMETRIA - Akademia Zdrowia Kielce<\/title>\n<meta name=\"robots\" content=\"index, follow, max-snippet:-1, max-image-preview:large, max-video-preview:-1\" \/>\n<link rel=\"canonical\" href=\"https:\/\/akademia-zdrowia.pl\/kielce\/oferta-szkoleniowa\/kursy-i-szkolenia\/kursy-medycyna-estetyczna\/wolumetria\/\" \/>\n<meta property=\"og:locale\" content=\"pl_PL\" \/>\n<meta property=\"og:type\" content=\"article\" \/>\n<meta property=\"og:title\" content=\"WOLUMETRIA - Akademia Zdrowia Kielce\" \/>\n<meta property=\"og:description\" content=\"Wolumetria Kurs obejmuje 8 godzin.\u202f Agnieszka \u2013 662-536-086 , Karolina &#8211; \u00a0698-742-885 ZAPISZ SI\u0118! Po kr\u00f3tkim wst\u0119pie teoretycznym przechodzimy od razu do praktyki !!!\u00a0 W PROGRAMIE:\u202f\u00a0 Charakterystyka, rodzaje i techniki uz\u0307ywania preparat\u00f3w do wolumetrii twarzy Teoretyczne omo\u0301wienie budowy twarzy, powik\u0142ania, przeciwskazania, hialuronidaza, cie\u0328z\u0307kie przypadki Kompendium wiedzy z zakresu wolumetrii twarzy\u00a0 Charakterystyka preparato\u0301w\u00a0 Techniki iniekcyjne i...\" \/>\n<meta property=\"og:url\" content=\"https:\/\/akademia-zdrowia.pl\/kielce\/oferta-szkoleniowa\/kursy-i-szkolenia\/kursy-medycyna-estetyczna\/wolumetria\/\" \/>\n<meta property=\"og:site_name\" content=\"Akademia Zdrowia Kielce\" \/>\n<meta property=\"article:modified_time\" content=\"2023-09-28T11:35:58+00:00\" \/>\n<meta property=\"og:image\" content=\"https:\/\/akademia-zdrowia.pl\/kielce\/wp-content\/uploads\/2023\/08\/whatsapp-logo-png-2288.png\" \/>\n<meta name=\"twitter:card\" content=\"summary_large_image\" \/>\n<meta name=\"twitter:label1\" content=\"Szacowany czas czytania\" \/>\n\t<meta name=\"twitter:data1\" content=\"3 minuty\" \/>\n<script type=\"application\/ld+json\" class=\"yoast-schema-graph\">{\"@context\":\"https:\/\/schema.org\",\"@graph\":[{\"@type\":\"WebPage\",\"@id\":\"https:\/\/akademia-zdrowia.pl\/kielce\/oferta-szkoleniowa\/kursy-i-szkolenia\/kursy-medycyna-estetyczna\/wolumetria\/\",\"url\":\"https:\/\/akademia-zdrowia.pl\/kielce\/oferta-szkoleniowa\/kursy-i-szkolenia\/kursy-medycyna-estetyczna\/wolumetria\/\",\"name\":\"WOLUMETRIA - Akademia Zdrowia Kielce\",\"isPartOf\":{\"@id\":\"https:\/\/akademia-zdrowia.pl\/kielce\/#website\"},\"primaryImageOfPage\":{\"@id\":\"https:\/\/akademia-zdrowia.pl\/kielce\/oferta-szkoleniowa\/kursy-i-szkolenia\/kursy-medycyna-estetyczna\/wolumetria\/#primaryimage\"},\"image\":{\"@id\":\"https:\/\/akademia-zdrowia.pl\/kielce\/oferta-szkoleniowa\/kursy-i-szkolenia\/kursy-medycyna-estetyczna\/wolumetria\/#primaryimage\"},\"thumbnailUrl\":\"https:\/\/akademia-zdrowia.pl\/kielce\/wp-content\/uploads\/2023\/08\/whatsapp-logo-png-2288.png\",\"datePublished\":\"2022-02-13T14:18:05+00:00\",\"dateModified\":\"2023-09-28T11:35:58+00:00\",\"breadcrumb\":{\"@id\":\"https:\/\/akademia-zdrowia.pl\/kielce\/oferta-szkoleniowa\/kursy-i-szkolenia\/kursy-medycyna-estetyczna\/wolumetria\/#breadcrumb\"},\"inLanguage\":\"pl-PL\",\"potentialAction\":[{\"@type\":\"ReadAction\",\"target\":[\"https:\/\/akademia-zdrowia.pl\/kielce\/oferta-szkoleniowa\/kursy-i-szkolenia\/kursy-medycyna-estetyczna\/wolumetria\/\"]}]},{\"@type\":\"ImageObject\",\"inLanguage\":\"pl-PL\",\"@id\":\"https:\/\/akademia-zdrowia.pl\/kielce\/oferta-szkoleniowa\/kursy-i-szkolenia\/kursy-medycyna-estetyczna\/wolumetria\/#primaryimage\",\"url\":\"https:\/\/akademia-zdrowia.pl\/kielce\/wp-content\/uploads\/2023\/08\/whatsapp-logo-png-2288.png\",\"contentUrl\":\"https:\/\/akademia-zdrowia.pl\/kielce\/wp-content\/uploads\/2023\/08\/whatsapp-logo-png-2288.png\",\"width\":256,\"height\":256},{\"@type\":\"BreadcrumbList\",\"@id\":\"https:\/\/akademia-zdrowia.pl\/kielce\/oferta-szkoleniowa\/kursy-i-szkolenia\/kursy-medycyna-estetyczna\/wolumetria\/#breadcrumb\",\"itemListElement\":[{\"@type\":\"ListItem\",\"position\":1,\"name\":\"Strona g\u0142\u00f3wna\",\"item\":\"https:\/\/akademia-zdrowia.pl\/kielce\/\"},{\"@type\":\"ListItem\",\"position\":2,\"name\":\"Oferta szkoleniowa\",\"item\":\"https:\/\/akademia-zdrowia.pl\/kielce\/oferta-szkoleniowa\/\"},{\"@type\":\"ListItem\",\"position\":3,\"name\":\"Kursy i szkolenia\",\"item\":\"https:\/\/akademia-zdrowia.pl\/kielce\/oferta-szkoleniowa\/kursy-i-szkolenia\/\"},{\"@type\":\"ListItem\",\"position\":4,\"name\":\"Kursy Medycyna Estetyczna\",\"item\":\"https:\/\/akademia-zdrowia.pl\/kielce\/oferta-szkoleniowa\/kursy-i-szkolenia\/kursy-medycyna-estetyczna\/\"},{\"@type\":\"ListItem\",\"position\":5,\"name\":\"WOLUMETRIA\"}]},{\"@type\":\"WebSite\",\"@id\":\"https:\/\/akademia-zdrowia.pl\/kielce\/#website\",\"url\":\"https:\/\/akademia-zdrowia.pl\/kielce\/\",\"name\":\"Akademia Zdrowia Kielce\",\"description\":\"Kolejna witryna oparta na WordPressie\",\"potentialAction\":[{\"@type\":\"SearchAction\",\"target\":{\"@type\":\"EntryPoint\",\"urlTemplate\":\"https:\/\/akademia-zdrowia.pl\/kielce\/?s={search_term_string}\"},\"query-input\":{\"@type\":\"PropertyValueSpecification\",\"valueRequired\":true,\"valueName\":\"search_term_string\"}}],\"inLanguage\":\"pl-PL\"}]}<\/script>\n<!-- \/ Yoast SEO plugin. -->","yoast_head_json":{"title":"WOLUMETRIA - Akademia Zdrowia Kielce","robots":{"index":"index","follow":"follow","max-snippet":"max-snippet:-1","max-image-preview":"max-image-preview:large","max-video-preview":"max-video-preview:-1"},"canonical":"https:\/\/akademia-zdrowia.pl\/kielce\/oferta-szkoleniowa\/kursy-i-szkolenia\/kursy-medycyna-estetyczna\/wolumetria\/","og_locale":"pl_PL","og_type":"article","og_title":"WOLUMETRIA - Akademia Zdrowia Kielce","og_description":"Wolumetria Kurs obejmuje 8 godzin.\u202f Agnieszka \u2013 662-536-086 , Karolina &#8211; \u00a0698-742-885 ZAPISZ SI\u0118! Po kr\u00f3tkim wst\u0119pie teoretycznym przechodzimy od razu do praktyki !!!\u00a0 W PROGRAMIE:\u202f\u00a0 Charakterystyka, rodzaje i techniki uz\u0307ywania preparat\u00f3w do wolumetrii twarzy Teoretyczne omo\u0301wienie budowy twarzy, powik\u0142ania, przeciwskazania, hialuronidaza, cie\u0328z\u0307kie przypadki Kompendium wiedzy z zakresu wolumetrii twarzy\u00a0 Charakterystyka preparato\u0301w\u00a0 Techniki iniekcyjne i...","og_url":"https:\/\/akademia-zdrowia.pl\/kielce\/oferta-szkoleniowa\/kursy-i-szkolenia\/kursy-medycyna-estetyczna\/wolumetria\/","og_site_name":"Akademia Zdrowia Kielce","article_modified_time":"2023-09-28T11:35:58+00:00","og_image":[{"url":"https:\/\/akademia-zdrowia.pl\/kielce\/wp-content\/uploads\/2023\/08\/whatsapp-logo-png-2288.png","type":"","width":"","height":""}],"twitter_card":"summary_large_image","twitter_misc":{"Szacowany czas czytania":"3 minuty"},"schema":{"@context":"https:\/\/schema.org","@graph":[{"@type":"WebPage","@id":"https:\/\/akademia-zdrowia.pl\/kielce\/oferta-szkoleniowa\/kursy-i-szkolenia\/kursy-medycyna-estetyczna\/wolumetria\/","url":"https:\/\/akademia-zdrowia.pl\/kielce\/oferta-szkoleniowa\/kursy-i-szkolenia\/kursy-medycyna-estetyczna\/wolumetria\/","name":"WOLUMETRIA - Akademia Zdrowia Kielce","isPartOf":{"@id":"https:\/\/akademia-zdrowia.pl\/kielce\/#website"},"primaryImageOfPage":{"@id":"https:\/\/akademia-zdrowia.pl\/kielce\/oferta-szkoleniowa\/kursy-i-szkolenia\/kursy-medycyna-estetyczna\/wolumetria\/#primaryimage"},"image":{"@id":"https:\/\/akademia-zdrowia.pl\/kielce\/oferta-szkoleniowa\/kursy-i-szkolenia\/kursy-medycyna-estetyczna\/wolumetria\/#primaryimage"},"thumbnailUrl":"https:\/\/akademia-zdrowia.pl\/kielce\/wp-content\/uploads\/2023\/08\/whatsapp-logo-png-2288.png","datePublished":"2022-02-13T14:18:05+00:00","dateModified":"2023-09-28T11:35:58+00:00","breadcrumb":{"@id":"https:\/\/akademia-zdrowia.pl\/kielce\/oferta-szkoleniowa\/kursy-i-szkolenia\/kursy-medycyna-estetyczna\/wolumetria\/#breadcrumb"},"inLanguage":"pl-PL","potentialAction":[{"@type":"ReadAction","target":["https:\/\/akademia-zdrowia.pl\/kielce\/oferta-szkoleniowa\/kursy-i-szkolenia\/kursy-medycyna-estetyczna\/wolumetria\/"]}]},{"@type":"ImageObject","inLanguage":"pl-PL","@id":"https:\/\/akademia-zdrowia.pl\/kielce\/oferta-szkoleniowa\/kursy-i-szkolenia\/kursy-medycyna-estetyczna\/wolumetria\/#primaryimage","url":"https:\/\/akademia-zdrowia.pl\/kielce\/wp-content\/uploads\/2023\/08\/whatsapp-logo-png-2288.png","contentUrl":"https:\/\/akademia-zdrowia.pl\/kielce\/wp-content\/uploads\/2023\/08\/whatsapp-logo-png-2288.png","width":256,"height":256},{"@type":"BreadcrumbList","@id":"https:\/\/akademia-zdrowia.pl\/kielce\/oferta-szkoleniowa\/kursy-i-szkolenia\/kursy-medycyna-estetyczna\/wolumetria\/#breadcrumb","itemListElement":[{"@type":"ListItem","position":1,"name":"Strona g\u0142\u00f3wna","item":"https:\/\/akademia-zdrowia.pl\/kielce\/"},{"@type":"ListItem","position":2,"name":"Oferta szkoleniowa","item":"https:\/\/akademia-zdrowia.pl\/kielce\/oferta-szkoleniowa\/"},{"@type":"ListItem","position":3,"name":"Kursy i szkolenia","item":"https:\/\/akademia-zdrowia.pl\/kielce\/oferta-szkoleniowa\/kursy-i-szkolenia\/"},{"@type":"ListItem","position":4,"name":"Kursy Medycyna Estetyczna","item":"https:\/\/akademia-zdrowia.pl\/kielce\/oferta-szkoleniowa\/kursy-i-szkolenia\/kursy-medycyna-estetyczna\/"},{"@type":"ListItem","position":5,"name":"WOLUMETRIA"}]},{"@type":"WebSite","@id":"https:\/\/akademia-zdrowia.pl\/kielce\/#website","url":"https:\/\/akademia-zdrowia.pl\/kielce\/","name":"Akademia Zdrowia Kielce","description":"Kolejna witryna oparta na WordPressie","potentialAction":[{"@type":"SearchAction","target":{"@type":"EntryPoint","urlTemplate":"https:\/\/akademia-zdrowia.pl\/kielce\/?s={search_term_string}"},"query-input":{"@type":"PropertyValueSpecification","valueRequired":true,"valueName":"search_term_string"}}],"inLanguage":"pl-PL"}]}},"_links":{"self":[{"href":"https:\/\/akademia-zdrowia.pl\/kielce\/wp-json\/wp\/v2\/pages\/3247","targetHints":{"allow":["GET"]}}],"collection":[{"href":"https:\/\/akademia-zdrowia.pl\/kielce\/wp-json\/wp\/v2\/pages"}],"about":[{"href":"https:\/\/akademia-zdrowia.pl\/kielce\/wp-json\/wp\/v2\/types\/page"}],"author":[{"embeddable":true,"href":"https:\/\/akademia-zdrowia.pl\/kielce\/wp-json\/wp\/v2\/users\/3"}],"replies":[{"embeddable":true,"href":"https:\/\/akademia-zdrowia.pl\/kielce\/wp-json\/wp\/v2\/comments?post=3247"}],"version-history":[{"count":17,"href":"https:\/\/akademia-zdrowia.pl\/kielce\/wp-json\/wp\/v2\/pages\/3247\/revisions"}],"predecessor-version":[{"id":6815,"href":"https:\/\/akademia-zdrowia.pl\/kielce\/wp-json\/wp\/v2\/pages\/3247\/revisions\/6815"}],"up":[{"embeddable":true,"href":"https:\/\/akademia-zdrowia.pl\/kielce\/wp-json\/wp\/v2\/pages\/4423"}],"wp:attachment":[{"href":"https:\/\/akademia-zdrowia.pl\/kielce\/wp-json\/wp\/v2\/media?parent=3247"}],"curies":[{"name":"wp","href":"https:\/\/api.w.org\/{rel}","templated":true}]}}