{"id":3286,"date":"2022-02-13T15:59:33","date_gmt":"2022-02-13T14:59:33","guid":{"rendered":"https:\/\/akademia-zdrowia.pl\/kielce\/?page_id=3286"},"modified":"2023-09-28T13:33:49","modified_gmt":"2023-09-28T11:33:49","slug":"stymulatory-tkankowe","status":"publish","type":"page","link":"https:\/\/akademia-zdrowia.pl\/kielce\/oferta-szkoleniowa\/kursy-i-szkolenia\/kursy-medycyna-estetyczna\/stymulatory-tkankowe\/","title":{"rendered":"STYMULATORY TKANKOWE"},"content":{"rendered":"\t\t<div data-elementor-type=\"wp-page\" data-elementor-id=\"3286\" class=\"elementor elementor-3286\" data-elementor-post-type=\"page\">\n\t\t\t\t\t\t<section class=\"elementor-section elementor-top-section elementor-element elementor-element-7e8ed84 elementor-section-stretched elementor-section-boxed elementor-section-height-default elementor-section-height-default\" data-id=\"7e8ed84\" data-element_type=\"section\" data-e-type=\"section\" data-settings=\"{&quot;stretch_section&quot;:&quot;section-stretched&quot;}\">\n\t\t\t\t\t\t<div class=\"elementor-container elementor-column-gap-default\">\n\t\t\t\t\t<div class=\"elementor-column elementor-col-100 elementor-top-column elementor-element elementor-element-2cf4013\" data-id=\"2cf4013\" data-element_type=\"column\" data-e-type=\"column\">\n\t\t\t<div class=\"elementor-widget-wrap elementor-element-populated\">\n\t\t\t\t\t\t<section class=\"elementor-section elementor-inner-section elementor-element elementor-element-40b0de2 elementor-section-boxed elementor-section-height-default elementor-section-height-default\" data-id=\"40b0de2\" data-element_type=\"section\" data-e-type=\"section\">\n\t\t\t\t\t\t<div class=\"elementor-container elementor-column-gap-default\">\n\t\t\t\t\t<div class=\"elementor-column elementor-col-50 elementor-inner-column elementor-element elementor-element-48f71c4\" data-id=\"48f71c4\" data-element_type=\"column\" data-e-type=\"column\">\n\t\t\t<div class=\"elementor-widget-wrap elementor-element-populated\">\n\t\t\t\t\t\t<div class=\"elementor-element elementor-element-76f4f2e elementor-widget elementor-widget-text-editor\" data-id=\"76f4f2e\" data-element_type=\"widget\" data-e-type=\"widget\" data-widget_type=\"text-editor.default\">\n\t\t\t\t<div class=\"elementor-widget-container\">\n\t\t\t\t\t\t\t\t\t<h2><b><span data-contrast=\"auto\">Stymulatory tkankowe<\/span><\/b><\/h2>\n<p><b><span data-contrast=\"auto\">Kurs obejmuje 8 godzin.<\/span><\/b><span data-contrast=\"auto\">\u202f<\/span><\/p>\n<p><b><span data-contrast=\"auto\"><strong>Agnieszka \u2013 <img decoding=\"async\" class=\"wp-image-6175 alignnone\" src=\"https:\/\/akademia-zdrowia.pl\/kielce\/wp-content\/uploads\/2023\/08\/whatsapp-logo-png-2288.png\" alt=\"\" width=\"28\" height=\"28\" srcset=\"https:\/\/akademia-zdrowia.pl\/kielce\/wp-content\/uploads\/2023\/08\/whatsapp-logo-png-2288.png 256w, https:\/\/akademia-zdrowia.pl\/kielce\/wp-content\/uploads\/2023\/08\/whatsapp-logo-png-2288-150x150.png 150w, https:\/\/akademia-zdrowia.pl\/kielce\/wp-content\/uploads\/2023\/08\/whatsapp-logo-png-2288-120x120.png 120w, https:\/\/akademia-zdrowia.pl\/kielce\/wp-content\/uploads\/2023\/08\/whatsapp-logo-png-2288-220x220.png 220w\" sizes=\"(max-width: 28px) 100vw, 28px\" \/> <a href=\"http:\/\/662-536-086\">662-536-086<\/a> , <\/strong><strong>Karolina &#8211; <img decoding=\"async\" class=\"wp-image-6175 alignnone\" src=\"https:\/\/akademia-zdrowia.pl\/kielce\/wp-content\/uploads\/2023\/08\/whatsapp-logo-png-2288.png\" alt=\"\" width=\"28\" height=\"28\" srcset=\"https:\/\/akademia-zdrowia.pl\/kielce\/wp-content\/uploads\/2023\/08\/whatsapp-logo-png-2288.png 256w, https:\/\/akademia-zdrowia.pl\/kielce\/wp-content\/uploads\/2023\/08\/whatsapp-logo-png-2288-150x150.png 150w, https:\/\/akademia-zdrowia.pl\/kielce\/wp-content\/uploads\/2023\/08\/whatsapp-logo-png-2288-120x120.png 120w, https:\/\/akademia-zdrowia.pl\/kielce\/wp-content\/uploads\/2023\/08\/whatsapp-logo-png-2288-220x220.png 220w\" sizes=\"(max-width: 28px) 100vw, 28px\" \/> &nbsp;<a href=\"tel:+48698742885\">698-742-885<\/a><\/strong><\/span><\/b><\/p><p><strong><a href=\"\/kielce\/zapisz-sie-na-kurs\/\">ZAPISZ SI\u0118!<\/a><\/strong><b><span data-contrast=\"auto\"><br><\/span><\/b><\/p>\n<p><b><span data-contrast=\"auto\">Po kr\u00f3tkim wst\u0119pie teoretycznym przechodzimy od razu do praktyki !!!<\/span><\/b><span data-ccp-props=\"{\">&nbsp;<\/span><\/p>\n<p><span data-contrast=\"auto\">Stymulatory tkankowe to luksusowy zabieg poprawiaj\u0105cy owal twarzy, kondycje sk\u00f3ry przy oczach szyi i dekoltu. Stymulatory tkankowe s\u0142u\u017c\u0105 do odbudowy struktury sk\u00f3ry, poprzez stymulacj\u0119 kolagenu i elastyny.<\/span><span data-ccp-props=\"{\">&nbsp;<\/span><\/p>\n<p><strong>Cz\u0119\u015b\u0107 teoretyczna:&nbsp;<\/strong><\/p>\n<ul>\n<li data-leveltext=\"\uf0b7\" data-font=\"Symbol\" data-listid=\"33\" aria-setsize=\"-1\" data-aria-posinset=\"1\" data-aria-level=\"1\"><span data-contrast=\"auto\">Podstawy anatomii niezb\u0119dne do przeprowadzenia zabiegu<\/span><span data-ccp-props=\"{\">&nbsp;<\/span><\/li>\n<li data-leveltext=\"\uf0b7\" data-font=\"Symbol\" data-listid=\"33\" aria-setsize=\"-1\" data-aria-posinset=\"2\" data-aria-level=\"1\"><span data-contrast=\"auto\">Charakterystyka, rodzaje i dzia\u0142anie stymulator\u00f3w tkankowych<\/span><span data-ccp-props=\"{\">&nbsp;<\/span><\/li>\n<li data-leveltext=\"\uf0b7\" data-font=\"Symbol\" data-listid=\"33\" aria-setsize=\"-1\" data-aria-posinset=\"2\" data-aria-level=\"1\"><span data-contrast=\"auto\">Wskazania i przeciwwskazania do zabiegu<\/span><span data-ccp-props=\"{\">&nbsp;<\/span><\/li>\n<li data-leveltext=\"\uf0b7\" data-font=\"Symbol\" data-listid=\"33\" aria-setsize=\"-1\" data-aria-posinset=\"2\" data-aria-level=\"1\"><span data-contrast=\"auto\">Powik\u0142ania i konsekwencje<\/span><span data-ccp-props=\"{\">&nbsp;<\/span><\/li>\n<li data-leveltext=\"\uf0b7\" data-font=\"Symbol\" data-listid=\"33\" aria-setsize=\"-1\" data-aria-posinset=\"2\" data-aria-level=\"1\"><span data-contrast=\"auto\">Preparaty i akcesoria u\u017cywane w trakcie zabiegu<\/span><span data-ccp-props=\"{\">&nbsp;<\/span><\/li>\n<li data-leveltext=\"\uf0b7\" data-font=\"Symbol\" data-listid=\"33\" aria-setsize=\"-1\" data-aria-posinset=\"2\" data-aria-level=\"1\"><span data-contrast=\"auto\">Wywiad z klientem \u2013 dokumentacja (formularz \u015bwiadomej zgody)<\/span><span data-ccp-props=\"{\">&nbsp;<\/span><\/li>\n<li data-leveltext=\"\uf0b7\" data-font=\"Symbol\" data-listid=\"33\" aria-setsize=\"-1\" data-aria-posinset=\"2\" data-aria-level=\"1\"><span data-contrast=\"auto\">Przygotowanie klientki do zabiegu i sposoby znieczulenia<\/span><span data-ccp-props=\"{\">&nbsp;<\/span><\/li>\n<li data-leveltext=\"\uf0b7\" data-font=\"Symbol\" data-listid=\"33\" aria-setsize=\"-1\" data-aria-posinset=\"2\" data-aria-level=\"1\"><span data-contrast=\"auto\">Techniki iniekcyjne metod\u0105 BAP i inne<\/span><span data-ccp-props=\"{\">&nbsp;<\/span><\/li>\n<li data-leveltext=\"\uf0b7\" data-font=\"Symbol\" data-listid=\"33\" aria-setsize=\"-1\" data-aria-posinset=\"2\" data-aria-level=\"1\"><span data-contrast=\"auto\">Post\u0119powanie w przypadku skutk\u00f3w ubocznych po zabiegu<\/span><span data-ccp-props=\"{\">&nbsp;<\/span><\/li>\n<li data-leveltext=\"\uf0b7\" data-font=\"Symbol\" data-listid=\"33\" aria-setsize=\"-1\" data-aria-posinset=\"2\" data-aria-level=\"1\"><span data-contrast=\"auto\">Regulacje prawne<\/span><span data-ccp-props=\"{\">&nbsp;<\/span><\/li>\n<\/ul>\n<p><strong>Cz\u0119\u015b\u0107 praktyczna:&nbsp;<\/strong><\/p>\n<ul>\n<li data-leveltext=\"\uf0b7\" data-font=\"Symbol\" data-listid=\"34\" aria-setsize=\"-1\" data-aria-posinset=\"4\" data-aria-level=\"1\"><span data-contrast=\"auto\">uczestnik szkolenia wykonuje pe\u0142nowarto\u015bciowy zabieg na modelce pod okiem szkoleniowca z u\u017cyciem najlepszych stymulator\u00f3w tkankowych o spektakularnych efektach<\/span><span data-ccp-props=\"{\">&nbsp;<\/span><\/li>\n<\/ul>\n<p><span data-contrast=\"auto\"><strong>CEL SZKOLENIA:<\/strong> <\/span><\/p>\n<p><span data-contrast=\"auto\">Uko\u0144czone szkolenie pozwoli na realizacj\u0119 g\u0142\u00f3wnych cel\u00f3w us\u0142ugi jakim s\u0105: wprowadzenie nowej us\u0142ugi do oferowanych zabieg\u00f3w kosmetologicznych, podniesienie atrakcyjno\u015bci salonu kosmetycznego poprzez zwi\u0119kszenie liczby oferowanych zabieg\u00f3w, jak r\u00f3wnie\u017c wzrost liczby klient\u00f3w.<\/span><span data-ccp-props=\"{\">&nbsp;<\/span><\/p>\t\t\t\t\t\t\t\t<\/div>\n\t\t\t\t<\/div>\n\t\t\t\t<div class=\"elementor-element elementor-element-0a1f66c elementor-widget elementor-widget-image\" data-id=\"0a1f66c\" data-element_type=\"widget\" data-e-type=\"widget\" data-widget_type=\"image.default\">\n\t\t\t\t<div class=\"elementor-widget-container\">\n\t\t\t\t\t\t\t\t\t\t\t\t\t\t\t<img fetchpriority=\"high\" decoding=\"async\" width=\"640\" height=\"427\" src=\"https:\/\/akademia-zdrowia.pl\/kielce\/wp-content\/uploads\/2022\/02\/woman-with-marked-face-receiving-botox-injection-1-1024x683.jpg\" class=\"attachment-large size-large wp-image-3172\" alt=\"\" srcset=\"https:\/\/akademia-zdrowia.pl\/kielce\/wp-content\/uploads\/2022\/02\/woman-with-marked-face-receiving-botox-injection-1-1024x683.jpg 1024w, https:\/\/akademia-zdrowia.pl\/kielce\/wp-content\/uploads\/2022\/02\/woman-with-marked-face-receiving-botox-injection-1-300x200.jpg 300w, https:\/\/akademia-zdrowia.pl\/kielce\/wp-content\/uploads\/2022\/02\/woman-with-marked-face-receiving-botox-injection-1-768x512.jpg 768w, https:\/\/akademia-zdrowia.pl\/kielce\/wp-content\/uploads\/2022\/02\/woman-with-marked-face-receiving-botox-injection-1-1536x1024.jpg 1536w, https:\/\/akademia-zdrowia.pl\/kielce\/wp-content\/uploads\/2022\/02\/woman-with-marked-face-receiving-botox-injection-1-2048x1365.jpg 2048w, https:\/\/akademia-zdrowia.pl\/kielce\/wp-content\/uploads\/2022\/02\/woman-with-marked-face-receiving-botox-injection-1-500x333.jpg 500w, https:\/\/akademia-zdrowia.pl\/kielce\/wp-content\/uploads\/2022\/02\/woman-with-marked-face-receiving-botox-injection-1-1320x880.jpg 1320w\" sizes=\"(max-width: 640px) 100vw, 640px\" \/>\t\t\t\t\t\t\t\t\t\t\t\t\t\t\t<\/div>\n\t\t\t\t<\/div>\n\t\t\t\t\t<\/div>\n\t\t<\/div>\n\t\t\t\t<div class=\"elementor-column elementor-col-50 elementor-inner-column elementor-element elementor-element-ddcdba3\" data-id=\"ddcdba3\" data-element_type=\"column\" data-e-type=\"column\">\n\t\t\t<div class=\"elementor-widget-wrap elementor-element-populated\">\n\t\t\t\t\t\t<div class=\"elementor-element elementor-element-29990c8 elementor-widget elementor-widget-rs-image\" data-id=\"29990c8\" data-element_type=\"widget\" data-e-type=\"widget\" data-widget_type=\"rs-image.default\">\n\t\t\t\t<div class=\"elementor-widget-container\">\n\t\t\t\t\t\n        <div class=\"rs-image \">\n                            <img decoding=\"async\" class=\"rs-multi-image \" src=\"https:\/\/akademia-zdrowia.pl\/kielce\/wp-content\/uploads\/2023\/08\/AZ-KIELCE-1.jpg\" alt=\"image\"\/>\n                    <\/div>\n\n              \n    \t\t\t\t<\/div>\n\t\t\t\t<\/div>\n\t\t\t\t<div class=\"elementor-element elementor-element-5d21a15 elementor-widget elementor-widget-text-editor\" data-id=\"5d21a15\" data-element_type=\"widget\" data-e-type=\"widget\" data-widget_type=\"text-editor.default\">\n\t\t\t\t<div class=\"elementor-widget-container\">\n\t\t\t\t\t\t\t\t\t<div class=\"adres\"><p style=\"text-align: center;\">al. IX Wiek\u00f3w Kielc 8\/24<br \/>25-516 Kielce<\/p><p style=\"text-align: center;\"><img decoding=\"async\" style=\"color: var( --e-global-color-text ); font-family: var( --e-global-typography-text-font-family ), Sans-serif; font-weight: var( --e-global-typography-text-font-weight );\" src=\"https:\/\/www.akademia-zdrowia.pl\/lodz\/wp-content\/themes\/akademia-podstrona\/img\/phone-ico_red.png\" alt=\"marker\" \/><span style=\"color: var( --e-global-color-text ); font-family: var( --e-global-typography-text-font-family ), Sans-serif; font-weight: var( --e-global-typography-text-font-weight );\">\u00a0\u00a0<\/span><span style=\"color: var( --e-global-color-text ); font-family: var( --e-global-typography-text-font-family ), Sans-serif; font-weight: var( --e-global-typography-text-font-weight );\">tel.\u00a0<\/span><a style=\"font-family: var( --e-global-typography-text-font-family ), Sans-serif; font-weight: var( --e-global-typography-text-font-weight ); background-color: #ffffff;\" href=\"tel:41 3680066\">41 3680066<\/a><span style=\"color: var( --e-global-color-text ); font-family: var( --e-global-typography-text-font-family ), Sans-serif; font-weight: var( --e-global-typography-text-font-weight );\"><br \/><\/span><span style=\"color: var( --e-global-color-text ); font-family: var( --e-global-typography-text-font-family ), Sans-serif; font-weight: var( --e-global-typography-text-font-weight );\">tel.\/fax\u00a0<\/span><a style=\"font-family: var( --e-global-typography-text-font-family ), Sans-serif; font-weight: var( --e-global-typography-text-font-weight ); background-color: #ffffff;\" href=\"tel:41 3600066\">41 3600066<\/a><\/p><p style=\"text-align: center;\"><img decoding=\"async\" class=\"wp-image-6175 alignnone\" src=\"https:\/\/akademia-zdrowia.pl\/kielce\/wp-content\/uploads\/2023\/08\/whatsapp-logo-png-2288.png\" alt=\"\" width=\"28\" height=\"28\" srcset=\"https:\/\/akademia-zdrowia.pl\/kielce\/wp-content\/uploads\/2023\/08\/whatsapp-logo-png-2288.png 256w, https:\/\/akademia-zdrowia.pl\/kielce\/wp-content\/uploads\/2023\/08\/whatsapp-logo-png-2288-150x150.png 150w, https:\/\/akademia-zdrowia.pl\/kielce\/wp-content\/uploads\/2023\/08\/whatsapp-logo-png-2288-120x120.png 120w, https:\/\/akademia-zdrowia.pl\/kielce\/wp-content\/uploads\/2023\/08\/whatsapp-logo-png-2288-220x220.png 220w\" sizes=\"(max-width: 28px) 100vw, 28px\" \/> tel. <a href=\"http:\/\/662-536-086\">662-536-086<\/a> \u00a0<\/p><p style=\"text-align: center;\"><img decoding=\"async\" class=\"wp-image-6175 alignnone\" src=\"https:\/\/akademia-zdrowia.pl\/kielce\/wp-content\/uploads\/2023\/08\/whatsapp-logo-png-2288.png\" alt=\"\" width=\"28\" height=\"28\" srcset=\"https:\/\/akademia-zdrowia.pl\/kielce\/wp-content\/uploads\/2023\/08\/whatsapp-logo-png-2288.png 256w, https:\/\/akademia-zdrowia.pl\/kielce\/wp-content\/uploads\/2023\/08\/whatsapp-logo-png-2288-150x150.png 150w, https:\/\/akademia-zdrowia.pl\/kielce\/wp-content\/uploads\/2023\/08\/whatsapp-logo-png-2288-120x120.png 120w, https:\/\/akademia-zdrowia.pl\/kielce\/wp-content\/uploads\/2023\/08\/whatsapp-logo-png-2288-220x220.png 220w\" sizes=\"(max-width: 28px) 100vw, 28px\" \/> tel. <a href=\"tel:+48698742885\">698-742-885<\/a><\/p><\/div><div class=\"dodatkowe\"><p style=\"text-align: center;\">Sekretariat czynny od poniedzia\u0142ku do pi\u0105tku w godzinach 9.00-16.00<\/p><p style=\"text-align: center;\"><span style=\"color: #000080; font-family: var( --e-global-typography-text-font-family ), Sans-serif;\"><b>Zarezerwuj miejsce ju\u017c dzi\u015b!<\/b><\/span><\/p><\/div>\t\t\t\t\t\t\t\t<\/div>\n\t\t\t\t<\/div>\n\t\t\t\t\t<\/div>\n\t\t<\/div>\n\t\t\t\t\t<\/div>\n\t\t<\/section>\n\t\t\t\t\t<\/div>\n\t\t<\/div>\n\t\t\t\t\t<\/div>\n\t\t<\/section>\n\t\t\t\t<\/div>\n\t\t","protected":false},"excerpt":{"rendered":"<p>Stymulatory tkankowe Kurs obejmuje 8 godzin.\u202f Agnieszka \u2013 662-536-086 , Karolina &#8211; &nbsp;698-742-885 ZAPISZ SI\u0118! Po kr\u00f3tkim wst\u0119pie teoretycznym przechodzimy od razu do praktyki !!!&nbsp; Stymulatory tkankowe to luksusowy zabieg poprawiaj\u0105cy owal twarzy, kondycje sk\u00f3ry przy oczach szyi i dekoltu. Stymulatory tkankowe s\u0142u\u017c\u0105 do odbudowy struktury sk\u00f3ry, poprzez stymulacj\u0119 kolagenu i elastyny.&nbsp; Cz\u0119\u015b\u0107 teoretyczna:&nbsp; Podstawy&#8230;<\/p>\n","protected":false},"author":3,"featured_media":0,"parent":4423,"menu_order":0,"comment_status":"closed","ping_status":"closed","template":"","meta":{"footnotes":""},"class_list":["post-3286","page","type-page","status-publish","hentry"],"yoast_head":"<!-- This site is optimized with the Yoast SEO plugin v26.9 - https:\/\/yoast.com\/product\/yoast-seo-wordpress\/ -->\n<title>STYMULATORY TKANKOWE - Akademia Zdrowia Kielce<\/title>\n<meta name=\"robots\" content=\"index, follow, max-snippet:-1, max-image-preview:large, max-video-preview:-1\" \/>\n<link rel=\"canonical\" href=\"https:\/\/akademia-zdrowia.pl\/kielce\/oferta-szkoleniowa\/kursy-i-szkolenia\/kursy-medycyna-estetyczna\/stymulatory-tkankowe\/\" \/>\n<meta property=\"og:locale\" content=\"pl_PL\" \/>\n<meta property=\"og:type\" content=\"article\" \/>\n<meta property=\"og:title\" content=\"STYMULATORY TKANKOWE - Akademia Zdrowia Kielce\" \/>\n<meta property=\"og:description\" content=\"Stymulatory tkankowe Kurs obejmuje 8 godzin.\u202f Agnieszka \u2013 662-536-086 , Karolina &#8211; &nbsp;698-742-885 ZAPISZ SI\u0118! Po kr\u00f3tkim wst\u0119pie teoretycznym przechodzimy od razu do praktyki !!!&nbsp; Stymulatory tkankowe to luksusowy zabieg poprawiaj\u0105cy owal twarzy, kondycje sk\u00f3ry przy oczach szyi i dekoltu. Stymulatory tkankowe s\u0142u\u017c\u0105 do odbudowy struktury sk\u00f3ry, poprzez stymulacj\u0119 kolagenu i elastyny.&nbsp; Cz\u0119\u015b\u0107 teoretyczna:&nbsp; Podstawy...\" \/>\n<meta property=\"og:url\" content=\"https:\/\/akademia-zdrowia.pl\/kielce\/oferta-szkoleniowa\/kursy-i-szkolenia\/kursy-medycyna-estetyczna\/stymulatory-tkankowe\/\" \/>\n<meta property=\"og:site_name\" content=\"Akademia Zdrowia Kielce\" \/>\n<meta property=\"article:modified_time\" content=\"2023-09-28T11:33:49+00:00\" \/>\n<meta property=\"og:image\" content=\"https:\/\/akademia-zdrowia.pl\/kielce\/wp-content\/uploads\/2023\/08\/whatsapp-logo-png-2288.png\" \/>\n<meta name=\"twitter:card\" content=\"summary_large_image\" \/>\n<meta name=\"twitter:label1\" content=\"Szacowany czas czytania\" \/>\n\t<meta name=\"twitter:data1\" content=\"3 minuty\" \/>\n<script type=\"application\/ld+json\" class=\"yoast-schema-graph\">{\"@context\":\"https:\/\/schema.org\",\"@graph\":[{\"@type\":\"WebPage\",\"@id\":\"https:\/\/akademia-zdrowia.pl\/kielce\/oferta-szkoleniowa\/kursy-i-szkolenia\/kursy-medycyna-estetyczna\/stymulatory-tkankowe\/\",\"url\":\"https:\/\/akademia-zdrowia.pl\/kielce\/oferta-szkoleniowa\/kursy-i-szkolenia\/kursy-medycyna-estetyczna\/stymulatory-tkankowe\/\",\"name\":\"STYMULATORY TKANKOWE - Akademia Zdrowia Kielce\",\"isPartOf\":{\"@id\":\"https:\/\/akademia-zdrowia.pl\/kielce\/#website\"},\"primaryImageOfPage\":{\"@id\":\"https:\/\/akademia-zdrowia.pl\/kielce\/oferta-szkoleniowa\/kursy-i-szkolenia\/kursy-medycyna-estetyczna\/stymulatory-tkankowe\/#primaryimage\"},\"image\":{\"@id\":\"https:\/\/akademia-zdrowia.pl\/kielce\/oferta-szkoleniowa\/kursy-i-szkolenia\/kursy-medycyna-estetyczna\/stymulatory-tkankowe\/#primaryimage\"},\"thumbnailUrl\":\"https:\/\/akademia-zdrowia.pl\/kielce\/wp-content\/uploads\/2023\/08\/whatsapp-logo-png-2288.png\",\"datePublished\":\"2022-02-13T14:59:33+00:00\",\"dateModified\":\"2023-09-28T11:33:49+00:00\",\"breadcrumb\":{\"@id\":\"https:\/\/akademia-zdrowia.pl\/kielce\/oferta-szkoleniowa\/kursy-i-szkolenia\/kursy-medycyna-estetyczna\/stymulatory-tkankowe\/#breadcrumb\"},\"inLanguage\":\"pl-PL\",\"potentialAction\":[{\"@type\":\"ReadAction\",\"target\":[\"https:\/\/akademia-zdrowia.pl\/kielce\/oferta-szkoleniowa\/kursy-i-szkolenia\/kursy-medycyna-estetyczna\/stymulatory-tkankowe\/\"]}]},{\"@type\":\"ImageObject\",\"inLanguage\":\"pl-PL\",\"@id\":\"https:\/\/akademia-zdrowia.pl\/kielce\/oferta-szkoleniowa\/kursy-i-szkolenia\/kursy-medycyna-estetyczna\/stymulatory-tkankowe\/#primaryimage\",\"url\":\"https:\/\/akademia-zdrowia.pl\/kielce\/wp-content\/uploads\/2023\/08\/whatsapp-logo-png-2288.png\",\"contentUrl\":\"https:\/\/akademia-zdrowia.pl\/kielce\/wp-content\/uploads\/2023\/08\/whatsapp-logo-png-2288.png\",\"width\":256,\"height\":256},{\"@type\":\"BreadcrumbList\",\"@id\":\"https:\/\/akademia-zdrowia.pl\/kielce\/oferta-szkoleniowa\/kursy-i-szkolenia\/kursy-medycyna-estetyczna\/stymulatory-tkankowe\/#breadcrumb\",\"itemListElement\":[{\"@type\":\"ListItem\",\"position\":1,\"name\":\"Strona g\u0142\u00f3wna\",\"item\":\"https:\/\/akademia-zdrowia.pl\/kielce\/\"},{\"@type\":\"ListItem\",\"position\":2,\"name\":\"Oferta szkoleniowa\",\"item\":\"https:\/\/akademia-zdrowia.pl\/kielce\/oferta-szkoleniowa\/\"},{\"@type\":\"ListItem\",\"position\":3,\"name\":\"Kursy i szkolenia\",\"item\":\"https:\/\/akademia-zdrowia.pl\/kielce\/oferta-szkoleniowa\/kursy-i-szkolenia\/\"},{\"@type\":\"ListItem\",\"position\":4,\"name\":\"Kursy Medycyna Estetyczna\",\"item\":\"https:\/\/akademia-zdrowia.pl\/kielce\/oferta-szkoleniowa\/kursy-i-szkolenia\/kursy-medycyna-estetyczna\/\"},{\"@type\":\"ListItem\",\"position\":5,\"name\":\"STYMULATORY TKANKOWE\"}]},{\"@type\":\"WebSite\",\"@id\":\"https:\/\/akademia-zdrowia.pl\/kielce\/#website\",\"url\":\"https:\/\/akademia-zdrowia.pl\/kielce\/\",\"name\":\"Akademia Zdrowia Kielce\",\"description\":\"Kolejna witryna oparta na WordPressie\",\"potentialAction\":[{\"@type\":\"SearchAction\",\"target\":{\"@type\":\"EntryPoint\",\"urlTemplate\":\"https:\/\/akademia-zdrowia.pl\/kielce\/?s={search_term_string}\"},\"query-input\":{\"@type\":\"PropertyValueSpecification\",\"valueRequired\":true,\"valueName\":\"search_term_string\"}}],\"inLanguage\":\"pl-PL\"}]}<\/script>\n<!-- \/ Yoast SEO plugin. -->","yoast_head_json":{"title":"STYMULATORY TKANKOWE - Akademia Zdrowia Kielce","robots":{"index":"index","follow":"follow","max-snippet":"max-snippet:-1","max-image-preview":"max-image-preview:large","max-video-preview":"max-video-preview:-1"},"canonical":"https:\/\/akademia-zdrowia.pl\/kielce\/oferta-szkoleniowa\/kursy-i-szkolenia\/kursy-medycyna-estetyczna\/stymulatory-tkankowe\/","og_locale":"pl_PL","og_type":"article","og_title":"STYMULATORY TKANKOWE - Akademia Zdrowia Kielce","og_description":"Stymulatory tkankowe Kurs obejmuje 8 godzin.\u202f Agnieszka \u2013 662-536-086 , Karolina &#8211; &nbsp;698-742-885 ZAPISZ SI\u0118! Po kr\u00f3tkim wst\u0119pie teoretycznym przechodzimy od razu do praktyki !!!&nbsp; Stymulatory tkankowe to luksusowy zabieg poprawiaj\u0105cy owal twarzy, kondycje sk\u00f3ry przy oczach szyi i dekoltu. Stymulatory tkankowe s\u0142u\u017c\u0105 do odbudowy struktury sk\u00f3ry, poprzez stymulacj\u0119 kolagenu i elastyny.&nbsp; Cz\u0119\u015b\u0107 teoretyczna:&nbsp; Podstawy...","og_url":"https:\/\/akademia-zdrowia.pl\/kielce\/oferta-szkoleniowa\/kursy-i-szkolenia\/kursy-medycyna-estetyczna\/stymulatory-tkankowe\/","og_site_name":"Akademia Zdrowia Kielce","article_modified_time":"2023-09-28T11:33:49+00:00","og_image":[{"url":"https:\/\/akademia-zdrowia.pl\/kielce\/wp-content\/uploads\/2023\/08\/whatsapp-logo-png-2288.png","type":"","width":"","height":""}],"twitter_card":"summary_large_image","twitter_misc":{"Szacowany czas czytania":"3 minuty"},"schema":{"@context":"https:\/\/schema.org","@graph":[{"@type":"WebPage","@id":"https:\/\/akademia-zdrowia.pl\/kielce\/oferta-szkoleniowa\/kursy-i-szkolenia\/kursy-medycyna-estetyczna\/stymulatory-tkankowe\/","url":"https:\/\/akademia-zdrowia.pl\/kielce\/oferta-szkoleniowa\/kursy-i-szkolenia\/kursy-medycyna-estetyczna\/stymulatory-tkankowe\/","name":"STYMULATORY TKANKOWE - Akademia Zdrowia Kielce","isPartOf":{"@id":"https:\/\/akademia-zdrowia.pl\/kielce\/#website"},"primaryImageOfPage":{"@id":"https:\/\/akademia-zdrowia.pl\/kielce\/oferta-szkoleniowa\/kursy-i-szkolenia\/kursy-medycyna-estetyczna\/stymulatory-tkankowe\/#primaryimage"},"image":{"@id":"https:\/\/akademia-zdrowia.pl\/kielce\/oferta-szkoleniowa\/kursy-i-szkolenia\/kursy-medycyna-estetyczna\/stymulatory-tkankowe\/#primaryimage"},"thumbnailUrl":"https:\/\/akademia-zdrowia.pl\/kielce\/wp-content\/uploads\/2023\/08\/whatsapp-logo-png-2288.png","datePublished":"2022-02-13T14:59:33+00:00","dateModified":"2023-09-28T11:33:49+00:00","breadcrumb":{"@id":"https:\/\/akademia-zdrowia.pl\/kielce\/oferta-szkoleniowa\/kursy-i-szkolenia\/kursy-medycyna-estetyczna\/stymulatory-tkankowe\/#breadcrumb"},"inLanguage":"pl-PL","potentialAction":[{"@type":"ReadAction","target":["https:\/\/akademia-zdrowia.pl\/kielce\/oferta-szkoleniowa\/kursy-i-szkolenia\/kursy-medycyna-estetyczna\/stymulatory-tkankowe\/"]}]},{"@type":"ImageObject","inLanguage":"pl-PL","@id":"https:\/\/akademia-zdrowia.pl\/kielce\/oferta-szkoleniowa\/kursy-i-szkolenia\/kursy-medycyna-estetyczna\/stymulatory-tkankowe\/#primaryimage","url":"https:\/\/akademia-zdrowia.pl\/kielce\/wp-content\/uploads\/2023\/08\/whatsapp-logo-png-2288.png","contentUrl":"https:\/\/akademia-zdrowia.pl\/kielce\/wp-content\/uploads\/2023\/08\/whatsapp-logo-png-2288.png","width":256,"height":256},{"@type":"BreadcrumbList","@id":"https:\/\/akademia-zdrowia.pl\/kielce\/oferta-szkoleniowa\/kursy-i-szkolenia\/kursy-medycyna-estetyczna\/stymulatory-tkankowe\/#breadcrumb","itemListElement":[{"@type":"ListItem","position":1,"name":"Strona g\u0142\u00f3wna","item":"https:\/\/akademia-zdrowia.pl\/kielce\/"},{"@type":"ListItem","position":2,"name":"Oferta szkoleniowa","item":"https:\/\/akademia-zdrowia.pl\/kielce\/oferta-szkoleniowa\/"},{"@type":"ListItem","position":3,"name":"Kursy i szkolenia","item":"https:\/\/akademia-zdrowia.pl\/kielce\/oferta-szkoleniowa\/kursy-i-szkolenia\/"},{"@type":"ListItem","position":4,"name":"Kursy Medycyna Estetyczna","item":"https:\/\/akademia-zdrowia.pl\/kielce\/oferta-szkoleniowa\/kursy-i-szkolenia\/kursy-medycyna-estetyczna\/"},{"@type":"ListItem","position":5,"name":"STYMULATORY TKANKOWE"}]},{"@type":"WebSite","@id":"https:\/\/akademia-zdrowia.pl\/kielce\/#website","url":"https:\/\/akademia-zdrowia.pl\/kielce\/","name":"Akademia Zdrowia Kielce","description":"Kolejna witryna oparta na WordPressie","potentialAction":[{"@type":"SearchAction","target":{"@type":"EntryPoint","urlTemplate":"https:\/\/akademia-zdrowia.pl\/kielce\/?s={search_term_string}"},"query-input":{"@type":"PropertyValueSpecification","valueRequired":true,"valueName":"search_term_string"}}],"inLanguage":"pl-PL"}]}},"_links":{"self":[{"href":"https:\/\/akademia-zdrowia.pl\/kielce\/wp-json\/wp\/v2\/pages\/3286","targetHints":{"allow":["GET"]}}],"collection":[{"href":"https:\/\/akademia-zdrowia.pl\/kielce\/wp-json\/wp\/v2\/pages"}],"about":[{"href":"https:\/\/akademia-zdrowia.pl\/kielce\/wp-json\/wp\/v2\/types\/page"}],"author":[{"embeddable":true,"href":"https:\/\/akademia-zdrowia.pl\/kielce\/wp-json\/wp\/v2\/users\/3"}],"replies":[{"embeddable":true,"href":"https:\/\/akademia-zdrowia.pl\/kielce\/wp-json\/wp\/v2\/comments?post=3286"}],"version-history":[{"count":20,"href":"https:\/\/akademia-zdrowia.pl\/kielce\/wp-json\/wp\/v2\/pages\/3286\/revisions"}],"predecessor-version":[{"id":6812,"href":"https:\/\/akademia-zdrowia.pl\/kielce\/wp-json\/wp\/v2\/pages\/3286\/revisions\/6812"}],"up":[{"embeddable":true,"href":"https:\/\/akademia-zdrowia.pl\/kielce\/wp-json\/wp\/v2\/pages\/4423"}],"wp:attachment":[{"href":"https:\/\/akademia-zdrowia.pl\/kielce\/wp-json\/wp\/v2\/media?parent=3286"}],"curies":[{"name":"wp","href":"https:\/\/api.w.org\/{rel}","templated":true}]}}