{"id":33,"date":"2018-01-02T13:09:06","date_gmt":"2018-01-02T12:09:06","guid":{"rendered":"http:\/\/www.akademia-zdrowia.pl\/lodz\/?page_id=33"},"modified":"2018-01-02T13:09:06","modified_gmt":"2018-01-02T12:09:06","slug":"rekrutacja","status":"publish","type":"page","link":"https:\/\/akademia-zdrowia.pl\/kielce\/rekrutacja\/","title":{"rendered":"Rekrutacja"},"content":{"rendered":"<p style=\"text-align: center;\"><span style=\"font-size: 20px;\">AKADEMIA ZDROWIA to szko\u0142a inna ni\u017c wszystkie&#8230;<\/span><br \/>\n<span style=\"font-size: 20px;\"> je\u017celi chcesz osi\u0105gn\u0105\u0107 sukces i zdoby\u0107 wymarzony zaw\u00f3d zapisz si\u0119 ju\u017c dzi\u015b!<\/span><\/p>\n<p>Nauka w szko\u0142ach policealnych rozpoczyna si\u0119 w lutym (semestr letni) oraz we wrze\u015bniu (semestr zimowy). Nab\u00f3r do szk\u00f3\u0142 m\u0142odzie\u017cowych prowadzony jest w systemie elektronicznym ( zapraszamy do zak\u0142adki szko\u0142y m\u0142odzie\u017cowe). Nab\u00f3r na Kwalifikacyjne Kursy Zawodowe oraz kr\u00f3tkie formy kszta\u0142cenia trwa przez ca\u0142y rok. Je\u015bli zdecydowa\u0142e\u015b si\u0119 na kierunek kszta\u0142cenia, wype\u0142nij formularz, kt\u00f3ry znajdziesz w zak\u0142adce <strong>zarezerwuj sobie miejsce<\/strong>. Dzi\u0119ki temu masz zarezerwowane miejsce na interesuj\u0105cym Ci\u0119 kierunku. Dokumenty potrzebne przy zapisie podane s\u0105 w zak\u0142adce &#8220;wymagane dokumenty&#8221;.<\/p>\n","protected":false},"excerpt":{"rendered":"<p>AKADEMIA ZDROWIA to szko\u0142a inna ni\u017c wszystkie&#8230; je\u017celi chcesz osi\u0105gn\u0105\u0107 sukces i zdoby\u0107 wymarzony zaw\u00f3d zapisz si\u0119 ju\u017c dzi\u015b! Nauka w szko\u0142ach policealnych rozpoczyna si\u0119 w lutym (semestr letni) oraz we wrze\u015bniu (semestr zimowy). Nab\u00f3r do szk\u00f3\u0142 m\u0142odzie\u017cowych prowadzony jest w systemie elektronicznym ( zapraszamy do zak\u0142adki szko\u0142y m\u0142odzie\u017cowe). Nab\u00f3r na Kwalifikacyjne Kursy Zawodowe oraz&#8230;<\/p>\n","protected":false},"author":1,"featured_media":0,"parent":0,"menu_order":0,"comment_status":"closed","ping_status":"closed","template":"rekrutacja.php","meta":{"footnotes":""},"class_list":["post-33","page","type-page","status-publish","hentry"],"yoast_head":"<!-- This site is optimized with the Yoast SEO plugin v26.9 - https:\/\/yoast.com\/product\/yoast-seo-wordpress\/ -->\n<title>Rekrutacja - Akademia Zdrowia Kielce<\/title>\n<meta name=\"robots\" content=\"index, follow, max-snippet:-1, max-image-preview:large, max-video-preview:-1\" \/>\n<link rel=\"canonical\" href=\"https:\/\/akademia-zdrowia.pl\/kielce\/rekrutacja\/\" \/>\n<meta property=\"og:locale\" content=\"pl_PL\" \/>\n<meta property=\"og:type\" content=\"article\" \/>\n<meta property=\"og:title\" content=\"Rekrutacja - Akademia Zdrowia Kielce\" \/>\n<meta property=\"og:description\" content=\"AKADEMIA ZDROWIA to szko\u0142a inna ni\u017c wszystkie&#8230; je\u017celi chcesz osi\u0105gn\u0105\u0107 sukces i zdoby\u0107 wymarzony zaw\u00f3d zapisz si\u0119 ju\u017c dzi\u015b! Nauka w szko\u0142ach policealnych rozpoczyna si\u0119 w lutym (semestr letni) oraz we wrze\u015bniu (semestr zimowy). Nab\u00f3r do szk\u00f3\u0142 m\u0142odzie\u017cowych prowadzony jest w systemie elektronicznym ( zapraszamy do zak\u0142adki szko\u0142y m\u0142odzie\u017cowe). Nab\u00f3r na Kwalifikacyjne Kursy Zawodowe oraz...\" \/>\n<meta property=\"og:url\" content=\"https:\/\/akademia-zdrowia.pl\/kielce\/rekrutacja\/\" \/>\n<meta property=\"og:site_name\" content=\"Akademia Zdrowia Kielce\" \/>\n<meta name=\"twitter:card\" content=\"summary_large_image\" \/>\n<meta name=\"twitter:label1\" content=\"Szacowany czas czytania\" \/>\n\t<meta name=\"twitter:data1\" content=\"1 minuta\" \/>\n<script type=\"application\/ld+json\" class=\"yoast-schema-graph\">{\"@context\":\"https:\/\/schema.org\",\"@graph\":[{\"@type\":\"WebPage\",\"@id\":\"https:\/\/akademia-zdrowia.pl\/kielce\/rekrutacja\/\",\"url\":\"https:\/\/akademia-zdrowia.pl\/kielce\/rekrutacja\/\",\"name\":\"Rekrutacja - Akademia Zdrowia Kielce\",\"isPartOf\":{\"@id\":\"https:\/\/akademia-zdrowia.pl\/kielce\/#website\"},\"datePublished\":\"2018-01-02T12:09:06+00:00\",\"breadcrumb\":{\"@id\":\"https:\/\/akademia-zdrowia.pl\/kielce\/rekrutacja\/#breadcrumb\"},\"inLanguage\":\"pl-PL\",\"potentialAction\":[{\"@type\":\"ReadAction\",\"target\":[\"https:\/\/akademia-zdrowia.pl\/kielce\/rekrutacja\/\"]}]},{\"@type\":\"BreadcrumbList\",\"@id\":\"https:\/\/akademia-zdrowia.pl\/kielce\/rekrutacja\/#breadcrumb\",\"itemListElement\":[{\"@type\":\"ListItem\",\"position\":1,\"name\":\"Strona g\u0142\u00f3wna\",\"item\":\"https:\/\/akademia-zdrowia.pl\/kielce\/\"},{\"@type\":\"ListItem\",\"position\":2,\"name\":\"Rekrutacja\"}]},{\"@type\":\"WebSite\",\"@id\":\"https:\/\/akademia-zdrowia.pl\/kielce\/#website\",\"url\":\"https:\/\/akademia-zdrowia.pl\/kielce\/\",\"name\":\"Akademia Zdrowia Kielce\",\"description\":\"Kolejna witryna oparta na WordPressie\",\"potentialAction\":[{\"@type\":\"SearchAction\",\"target\":{\"@type\":\"EntryPoint\",\"urlTemplate\":\"https:\/\/akademia-zdrowia.pl\/kielce\/?s={search_term_string}\"},\"query-input\":{\"@type\":\"PropertyValueSpecification\",\"valueRequired\":true,\"valueName\":\"search_term_string\"}}],\"inLanguage\":\"pl-PL\"}]}<\/script>\n<!-- \/ Yoast SEO plugin. -->","yoast_head_json":{"title":"Rekrutacja - Akademia Zdrowia Kielce","robots":{"index":"index","follow":"follow","max-snippet":"max-snippet:-1","max-image-preview":"max-image-preview:large","max-video-preview":"max-video-preview:-1"},"canonical":"https:\/\/akademia-zdrowia.pl\/kielce\/rekrutacja\/","og_locale":"pl_PL","og_type":"article","og_title":"Rekrutacja - Akademia Zdrowia Kielce","og_description":"AKADEMIA ZDROWIA to szko\u0142a inna ni\u017c wszystkie&#8230; je\u017celi chcesz osi\u0105gn\u0105\u0107 sukces i zdoby\u0107 wymarzony zaw\u00f3d zapisz si\u0119 ju\u017c dzi\u015b! Nauka w szko\u0142ach policealnych rozpoczyna si\u0119 w lutym (semestr letni) oraz we wrze\u015bniu (semestr zimowy). Nab\u00f3r do szk\u00f3\u0142 m\u0142odzie\u017cowych prowadzony jest w systemie elektronicznym ( zapraszamy do zak\u0142adki szko\u0142y m\u0142odzie\u017cowe). Nab\u00f3r na Kwalifikacyjne Kursy Zawodowe oraz...","og_url":"https:\/\/akademia-zdrowia.pl\/kielce\/rekrutacja\/","og_site_name":"Akademia Zdrowia Kielce","twitter_card":"summary_large_image","twitter_misc":{"Szacowany czas czytania":"1 minuta"},"schema":{"@context":"https:\/\/schema.org","@graph":[{"@type":"WebPage","@id":"https:\/\/akademia-zdrowia.pl\/kielce\/rekrutacja\/","url":"https:\/\/akademia-zdrowia.pl\/kielce\/rekrutacja\/","name":"Rekrutacja - Akademia Zdrowia Kielce","isPartOf":{"@id":"https:\/\/akademia-zdrowia.pl\/kielce\/#website"},"datePublished":"2018-01-02T12:09:06+00:00","breadcrumb":{"@id":"https:\/\/akademia-zdrowia.pl\/kielce\/rekrutacja\/#breadcrumb"},"inLanguage":"pl-PL","potentialAction":[{"@type":"ReadAction","target":["https:\/\/akademia-zdrowia.pl\/kielce\/rekrutacja\/"]}]},{"@type":"BreadcrumbList","@id":"https:\/\/akademia-zdrowia.pl\/kielce\/rekrutacja\/#breadcrumb","itemListElement":[{"@type":"ListItem","position":1,"name":"Strona g\u0142\u00f3wna","item":"https:\/\/akademia-zdrowia.pl\/kielce\/"},{"@type":"ListItem","position":2,"name":"Rekrutacja"}]},{"@type":"WebSite","@id":"https:\/\/akademia-zdrowia.pl\/kielce\/#website","url":"https:\/\/akademia-zdrowia.pl\/kielce\/","name":"Akademia Zdrowia Kielce","description":"Kolejna witryna oparta na WordPressie","potentialAction":[{"@type":"SearchAction","target":{"@type":"EntryPoint","urlTemplate":"https:\/\/akademia-zdrowia.pl\/kielce\/?s={search_term_string}"},"query-input":{"@type":"PropertyValueSpecification","valueRequired":true,"valueName":"search_term_string"}}],"inLanguage":"pl-PL"}]}},"_links":{"self":[{"href":"https:\/\/akademia-zdrowia.pl\/kielce\/wp-json\/wp\/v2\/pages\/33","targetHints":{"allow":["GET"]}}],"collection":[{"href":"https:\/\/akademia-zdrowia.pl\/kielce\/wp-json\/wp\/v2\/pages"}],"about":[{"href":"https:\/\/akademia-zdrowia.pl\/kielce\/wp-json\/wp\/v2\/types\/page"}],"author":[{"embeddable":true,"href":"https:\/\/akademia-zdrowia.pl\/kielce\/wp-json\/wp\/v2\/users\/1"}],"replies":[{"embeddable":true,"href":"https:\/\/akademia-zdrowia.pl\/kielce\/wp-json\/wp\/v2\/comments?post=33"}],"version-history":[{"count":0,"href":"https:\/\/akademia-zdrowia.pl\/kielce\/wp-json\/wp\/v2\/pages\/33\/revisions"}],"wp:attachment":[{"href":"https:\/\/akademia-zdrowia.pl\/kielce\/wp-json\/wp\/v2\/media?parent=33"}],"curies":[{"name":"wp","href":"https:\/\/api.w.org\/{rel}","templated":true}]}}