{"id":3379,"date":"2022-02-13T16:52:18","date_gmt":"2022-02-13T15:52:18","guid":{"rendered":"https:\/\/akademia-zdrowia.pl\/kielce\/?page_id=3379"},"modified":"2022-10-06T13:43:16","modified_gmt":"2022-10-06T11:43:16","slug":"upiecia-najnowsze-trendy-afroloki-fale-kuc-warkocz-bokserski-upiecia-slubne-wieczorowe-dzienne","status":"publish","type":"page","link":"https:\/\/akademia-zdrowia.pl\/kielce\/1233-2\/upiecia-najnowsze-trendy-afroloki-fale-kuc-warkocz-bokserski-upiecia-slubne-wieczorowe-dzienne\/","title":{"rendered":"UPI\u0118CIA: najnowsze trendy (afroloki,\u202f fale, kuc warkocz bokserski, upi\u0119cia \u015blubne, wieczorowe, dzienne); tel.698-742-885, 662-536-086"},"content":{"rendered":"\t\t<div data-elementor-type=\"wp-page\" data-elementor-id=\"3379\" class=\"elementor elementor-3379\" data-elementor-post-type=\"page\">\n\t\t\t\t\t\t<section class=\"elementor-section elementor-top-section elementor-element elementor-element-1959577 elementor-section-stretched elementor-section-boxed elementor-section-height-default elementor-section-height-default\" data-id=\"1959577\" data-element_type=\"section\" data-e-type=\"section\" data-settings=\"{&quot;stretch_section&quot;:&quot;section-stretched&quot;}\">\n\t\t\t\t\t\t<div class=\"elementor-container elementor-column-gap-default\">\n\t\t\t\t\t<div class=\"elementor-column elementor-col-100 elementor-top-column elementor-element elementor-element-caa2a55\" data-id=\"caa2a55\" data-element_type=\"column\" data-e-type=\"column\">\n\t\t\t<div class=\"elementor-widget-wrap elementor-element-populated\">\n\t\t\t\t\t\t<section class=\"elementor-section elementor-inner-section elementor-element elementor-element-4d7a733 elementor-section-boxed elementor-section-height-default elementor-section-height-default\" data-id=\"4d7a733\" data-element_type=\"section\" data-e-type=\"section\">\n\t\t\t\t\t\t<div class=\"elementor-container elementor-column-gap-default\">\n\t\t\t\t\t<div class=\"elementor-column elementor-col-50 elementor-inner-column elementor-element elementor-element-40e9bf8\" data-id=\"40e9bf8\" data-element_type=\"column\" data-e-type=\"column\">\n\t\t\t<div class=\"elementor-widget-wrap elementor-element-populated\">\n\t\t\t\t\t\t<div class=\"elementor-element elementor-element-13d9288 elementor-widget elementor-widget-text-editor\" data-id=\"13d9288\" data-element_type=\"widget\" data-e-type=\"widget\" data-widget_type=\"text-editor.default\">\n\t\t\t\t<div class=\"elementor-widget-container\">\n\t\t\t\t\t\t\t\t\t<p><b><span data-contrast=\"auto\">Kurs obejmuje 16 godzin.<\/span><\/b><span data-contrast=\"auto\">\u202f<\/span><b><span data-contrast=\"auto\">Po kr\u00f3tkim wst\u0119pie teoretycznym przechodzimy od razu do praktyki !!!<\/span><\/b><span data-ccp-props=\"{&quot;201341983&quot;:0,&quot;335559739&quot;:0,&quot;335559740&quot;:240}\">\u00a0<\/span><\/p><h3><b><span data-contrast=\"auto\">ZAKRES SZKOLENIA:<\/span><\/b><span data-ccp-props=\"{&quot;134233117&quot;:true,&quot;134233118&quot;:true,&quot;201341983&quot;:0,&quot;335559739&quot;:390,&quot;335559740&quot;:240}\">\u00a0<\/span><\/h3><ul><li data-leveltext=\"\uf0b7\" data-font=\"Symbol\" data-listid=\"4\" aria-setsize=\"-1\" data-aria-posinset=\"1\" data-aria-level=\"1\"><span data-contrast=\"auto\">Upi\u0119cia zgodne z najnowszymi trendami na rynku<\/span><span data-ccp-props=\"{&quot;134233117&quot;:true,&quot;134233118&quot;:true,&quot;201341983&quot;:0,&quot;335559739&quot;:0,&quot;335559740&quot;:240}\">\u00a0<\/span><\/li><\/ul><ul><li data-leveltext=\"\uf0b7\" data-font=\"Symbol\" data-listid=\"4\" aria-setsize=\"-1\" data-aria-posinset=\"1\" data-aria-level=\"1\"><span data-contrast=\"auto\">Charakterystyka produkt\u00f3w i akcesori\u00f3w u\u017cywanych podczas klasycznych upi\u0119\u0107<\/span><span data-ccp-props=\"{&quot;134233117&quot;:true,&quot;134233118&quot;:true,&quot;201341983&quot;:0,&quot;335559739&quot;:0,&quot;335559740&quot;:240}\">\u00a0<\/span><\/li><li data-leveltext=\"\uf0b7\" data-font=\"Symbol\" data-listid=\"4\" aria-setsize=\"-1\" data-aria-posinset=\"2\" data-aria-level=\"1\"><span data-contrast=\"auto\">przygotowanie w\u0142os\u00f3w za pomoc\u0105 kosmetyk\u00f3w<\/span><span data-ccp-props=\"{&quot;134233117&quot;:true,&quot;134233118&quot;:true,&quot;201341983&quot;:0,&quot;335559739&quot;:0,&quot;335559740&quot;:240}\">\u00a0<\/span><\/li><li data-leveltext=\"\uf0b7\" data-font=\"Symbol\" data-listid=\"4\" aria-setsize=\"-1\" data-aria-posinset=\"3\" data-aria-level=\"1\"><span data-contrast=\"auto\">wyg\u0142adzenie i nab\u0142yszczenie bez obci\u0105\u017cania<\/span><span data-ccp-props=\"{&quot;134233117&quot;:true,&quot;134233118&quot;:true,&quot;201341983&quot;:0,&quot;335559739&quot;:0,&quot;335559740&quot;:240}\">\u00a0<\/span><\/li><li data-leveltext=\"\uf0b7\" data-font=\"Symbol\" data-listid=\"4\" aria-setsize=\"-1\" data-aria-posinset=\"4\" data-aria-level=\"1\"><span data-contrast=\"auto\">tapirowanie w\u0142os\u00f3w<\/span><span data-ccp-props=\"{&quot;134233117&quot;:true,&quot;134233118&quot;:true,&quot;201341983&quot;:0,&quot;335551550&quot;:6,&quot;335551620&quot;:6,&quot;335559739&quot;:0,&quot;335559740&quot;:240}\">\u00a0<\/span><\/li><li data-leveltext=\"\uf0b7\" data-font=\"Symbol\" data-listid=\"4\" aria-setsize=\"-1\" data-aria-posinset=\"5\" data-aria-level=\"1\"><span data-contrast=\"auto\">poprawne kr\u0119cenie (technika, kierunki)<\/span><span data-ccp-props=\"{&quot;134233117&quot;:true,&quot;134233118&quot;:true,&quot;201341983&quot;:0,&quot;335551550&quot;:6,&quot;335551620&quot;:6,&quot;335559739&quot;:0,&quot;335559740&quot;:240}\">\u00a0<\/span><\/li><\/ul><ul><li data-leveltext=\"\uf0b7\" data-font=\"Symbol\" data-listid=\"4\" aria-setsize=\"-1\" data-aria-posinset=\"1\" data-aria-level=\"1\"><span data-contrast=\"auto\">dobiera ozdoby do stylizacji<\/span><span data-ccp-props=\"{&quot;134233117&quot;:true,&quot;201341983&quot;:0,&quot;335551550&quot;:6,&quot;335551620&quot;:6,&quot;335559739&quot;:0,&quot;335559740&quot;:240}\">\u00a0<\/span><\/li><li data-leveltext=\"\uf0b7\" data-font=\"Symbol\" data-listid=\"4\" aria-setsize=\"-1\" data-aria-posinset=\"2\" data-aria-level=\"1\"><span data-contrast=\"auto\">budowanie prawid\u0142owej relacji z klientem i rozpoznaje ich\u202f potrzeby do typu urody klientki, okazji<\/span><span data-ccp-props=\"{&quot;134233117&quot;:true,&quot;201341983&quot;:0,&quot;335551550&quot;:6,&quot;335551620&quot;:6,&quot;335559739&quot;:0,&quot;335559740&quot;:240}\">\u00a0<\/span><\/li><li data-leveltext=\"\uf0b7\" data-font=\"Symbol\" data-listid=\"4\" aria-setsize=\"-1\" data-aria-posinset=\"3\" data-aria-level=\"1\"><span data-contrast=\"auto\">om\u00f3wienie technik pracy wykorzystywanych do upi\u0119\u0107<\/span><span data-ccp-props=\"{&quot;134233117&quot;:true,&quot;134233118&quot;:true,&quot;201341983&quot;:0,&quot;335551550&quot;:6,&quot;335551620&quot;:6,&quot;335559739&quot;:0,&quot;335559740&quot;:240}\">\u00a0<\/span><\/li><li data-leveltext=\"\uf0b7\" data-font=\"Symbol\" data-listid=\"4\" aria-setsize=\"-1\" data-aria-posinset=\"4\" data-aria-level=\"1\"><span data-contrast=\"auto\">om\u00f3wienie kszta\u0142tu oraz podzia\u0142 w\u0142os\u00f3w<\/span><span data-ccp-props=\"{&quot;134233117&quot;:true,&quot;134233118&quot;:true,&quot;201341983&quot;:0,&quot;335551550&quot;:6,&quot;335551620&quot;:6,&quot;335559739&quot;:0,&quot;335559740&quot;:240}\">\u00a0<\/span><\/li><li data-leveltext=\"\uf0b7\" data-font=\"Symbol\" data-listid=\"4\" aria-setsize=\"-1\" data-aria-posinset=\"5\" data-aria-level=\"1\"><span data-contrast=\"auto\">Podstawy i kombinacje upinania w\u0142os\u00f3w<\/span><span data-ccp-props=\"{&quot;134233117&quot;:true,&quot;201341983&quot;:0,&quot;335559739&quot;:390,&quot;335559740&quot;:240}\">\u00a0<\/span><\/li><\/ul><ul><li data-leveltext=\"\uf0b7\" data-font=\"Symbol\" data-listid=\"4\" aria-setsize=\"-1\" data-aria-posinset=\"1\" data-aria-level=\"1\"><span data-contrast=\"auto\">Upi\u0119cia na g\u0142\u00f3wkach treningowych \u2013 praca step by step pod okiem edukatora<\/span><span data-ccp-props=\"{&quot;134233117&quot;:true,&quot;201341983&quot;:0,&quot;335559739&quot;:390,&quot;335559740&quot;:240}\">\u00a0<\/span><\/li><li data-leveltext=\"\uf0b7\" data-font=\"Symbol\" data-listid=\"4\" aria-setsize=\"-1\" data-aria-posinset=\"2\" data-aria-level=\"1\"><span data-contrast=\"auto\">\u0106wiczenia na modelach<\/span><span data-ccp-props=\"{&quot;134233117&quot;:true,&quot;134233118&quot;:true,&quot;201341983&quot;:0,&quot;335559739&quot;:0,&quot;335559740&quot;:240}\">\u00a0<\/span><\/li><\/ul><h3><b><span data-contrast=\"auto\">CEL SZKOLENIA:<\/span><\/b><span data-contrast=\"auto\">\u202f<\/span><\/h3><p><span data-contrast=\"auto\">Umiej\u0119tno\u015b\u0107 wykonywania pi\u0119knych i nowoczesnych splot\u00f3w wieczorowych, \u015blubnych i codziennych. Szkolenie zawiera cz\u0119\u015b\u0107 teoretyczn\u0105 i praktyczn\u0105.<\/span><span data-ccp-props=\"{&quot;201341983&quot;:0,&quot;335559739&quot;:0,&quot;335559740&quot;:240}\">\u00a0<\/span><\/p>\t\t\t\t\t\t\t\t<\/div>\n\t\t\t\t<\/div>\n\t\t\t\t<div class=\"elementor-element elementor-element-90baf80 elementor-widget elementor-widget-image\" data-id=\"90baf80\" data-element_type=\"widget\" data-e-type=\"widget\" data-widget_type=\"image.default\">\n\t\t\t\t<div class=\"elementor-widget-container\">\n\t\t\t\t\t\t\t\t\t\t\t\t\t\t\t<img fetchpriority=\"high\" decoding=\"async\" width=\"640\" height=\"640\" src=\"https:\/\/akademia-zdrowia.pl\/kielce\/wp-content\/uploads\/2022\/01\/Projekt-bez-tytulu-10.png\" class=\"attachment-large size-large wp-image-3065\" alt=\"\" srcset=\"https:\/\/akademia-zdrowia.pl\/kielce\/wp-content\/uploads\/2022\/01\/Projekt-bez-tytulu-10.png 800w, https:\/\/akademia-zdrowia.pl\/kielce\/wp-content\/uploads\/2022\/01\/Projekt-bez-tytulu-10-300x300.png 300w, https:\/\/akademia-zdrowia.pl\/kielce\/wp-content\/uploads\/2022\/01\/Projekt-bez-tytulu-10-150x150.png 150w, https:\/\/akademia-zdrowia.pl\/kielce\/wp-content\/uploads\/2022\/01\/Projekt-bez-tytulu-10-768x768.png 768w, https:\/\/akademia-zdrowia.pl\/kielce\/wp-content\/uploads\/2022\/01\/Projekt-bez-tytulu-10-500x500.png 500w, https:\/\/akademia-zdrowia.pl\/kielce\/wp-content\/uploads\/2022\/01\/Projekt-bez-tytulu-10-120x120.png 120w, https:\/\/akademia-zdrowia.pl\/kielce\/wp-content\/uploads\/2022\/01\/Projekt-bez-tytulu-10-220x220.png 220w, https:\/\/akademia-zdrowia.pl\/kielce\/wp-content\/uploads\/2022\/01\/Projekt-bez-tytulu-10-390x390.png 390w\" sizes=\"(max-width: 640px) 100vw, 640px\" \/>\t\t\t\t\t\t\t\t\t\t\t\t\t\t\t<\/div>\n\t\t\t\t<\/div>\n\t\t\t\t\t<\/div>\n\t\t<\/div>\n\t\t\t\t<div class=\"elementor-column elementor-col-50 elementor-inner-column elementor-element elementor-element-7180489\" data-id=\"7180489\" data-element_type=\"column\" data-e-type=\"column\">\n\t\t\t<div class=\"elementor-widget-wrap elementor-element-populated\">\n\t\t\t\t\t\t<div class=\"elementor-element elementor-element-56a7c01 elementor-widget elementor-widget-rs-image\" data-id=\"56a7c01\" data-element_type=\"widget\" data-e-type=\"widget\" data-widget_type=\"rs-image.default\">\n\t\t\t\t<div class=\"elementor-widget-container\">\n\t\t\t\t\t\n        <div class=\"rs-image \">\n                            <img decoding=\"async\" class=\"rs-multi-image \" src=\"https:\/\/akademia-zdrowia.pl\/kielce\/wp-content\/uploads\/2021\/10\/kielce.png\" alt=\"image\"\/>\n                    <\/div>\n\n              \n    \t\t\t\t<\/div>\n\t\t\t\t<\/div>\n\t\t\t\t<div class=\"elementor-element elementor-element-e558398 elementor-widget elementor-widget-text-editor\" data-id=\"e558398\" data-element_type=\"widget\" data-e-type=\"widget\" data-widget_type=\"text-editor.default\">\n\t\t\t\t<div class=\"elementor-widget-container\">\n\t\t\t\t\t\t\t\t\t<div class=\"adres\"><p style=\"text-align: center;\">al. IX Wiek\u00f3w Kielc 8\/24<br \/>25-516 Kielce<\/p><p style=\"text-align: center;\"><img decoding=\"async\" style=\"color: var( --e-global-color-text ); font-family: var( --e-global-typography-text-font-family ), Sans-serif; font-weight: var( --e-global-typography-text-font-weight );\" src=\"https:\/\/www.akademia-zdrowia.pl\/lodz\/wp-content\/themes\/akademia-podstrona\/img\/phone-ico_red.png\" alt=\"marker\" \/><span style=\"color: var( --e-global-color-text ); font-family: var( --e-global-typography-text-font-family ), Sans-serif; font-weight: var( --e-global-typography-text-font-weight );\">\u00a0\u00a0<\/span><span style=\"color: var( --e-global-color-text ); font-family: var( --e-global-typography-text-font-family ), Sans-serif; font-weight: var( --e-global-typography-text-font-weight );\">tel.\u00a0<\/span><a style=\"font-family: var( --e-global-typography-text-font-family ), Sans-serif; font-weight: var( --e-global-typography-text-font-weight ); background-color: #ffffff;\" href=\"tel:41 3680066\">41 3680066<\/a><span style=\"color: var( --e-global-color-text ); font-family: var( --e-global-typography-text-font-family ), Sans-serif; font-weight: var( --e-global-typography-text-font-weight );\"><br \/><\/span><span style=\"color: var( --e-global-color-text ); font-family: var( --e-global-typography-text-font-family ), Sans-serif; font-weight: var( --e-global-typography-text-font-weight );\">tel.\/fax\u00a0<\/span><a style=\"font-family: var( --e-global-typography-text-font-family ), Sans-serif; font-weight: var( --e-global-typography-text-font-weight ); background-color: #ffffff;\" href=\"tel:41 3600066\">41 3600066<\/a><\/p><\/div><div class=\"dodatkowe\"><p style=\"text-align: center;\">Sekretariat czynny od poniedzia\u0142ku do pi\u0105tku w godzinach 9.00-16.00<\/p><p style=\"text-align: center;\"><span style=\"color: #000080; font-family: var( --e-global-typography-text-font-family ), Sans-serif;\"><b>Zarezerwuj miejsce ju\u017c dzi\u015b!<\/b><\/span><\/p><\/div>\t\t\t\t\t\t\t\t<\/div>\n\t\t\t\t<\/div>\n\t\t\t\t\t<\/div>\n\t\t<\/div>\n\t\t\t\t\t<\/div>\n\t\t<\/section>\n\t\t\t\t\t<\/div>\n\t\t<\/div>\n\t\t\t\t\t<\/div>\n\t\t<\/section>\n\t\t\t\t<\/div>\n\t\t","protected":false},"excerpt":{"rendered":"<p>Kurs obejmuje 16 godzin.\u202fPo kr\u00f3tkim wst\u0119pie teoretycznym przechodzimy od razu do praktyki !!! ZAKRES SZKOLENIA: Upi\u0119cia zgodne z najnowszymi trendami na rynku Charakterystyka produkt\u00f3w i akcesori\u00f3w u\u017cywanych podczas klasycznych upi\u0119\u0107 przygotowanie w\u0142os\u00f3w za pomoc\u0105 kosmetyk\u00f3w wyg\u0142adzenie i nab\u0142yszczenie bez obci\u0105\u017cania tapirowanie w\u0142os\u00f3w poprawne kr\u0119cenie (technika, kierunki) dobiera ozdoby do stylizacji budowanie prawid\u0142owej relacji z klientem&#8230;<\/p>\n","protected":false},"author":3,"featured_media":0,"parent":1233,"menu_order":0,"comment_status":"closed","ping_status":"closed","template":"","meta":{"footnotes":""},"class_list":["post-3379","page","type-page","status-publish","hentry"],"yoast_head":"<!-- This site is optimized with the Yoast SEO plugin v26.9 - https:\/\/yoast.com\/product\/yoast-seo-wordpress\/ -->\n<title>UPI\u0118CIA: najnowsze trendy (afroloki,\u202f fale, kuc warkocz bokserski, upi\u0119cia \u015blubne, wieczorowe, dzienne); tel.698-742-885, 662-536-086 - Akademia Zdrowia Kielce<\/title>\n<meta name=\"robots\" content=\"index, follow, max-snippet:-1, max-image-preview:large, max-video-preview:-1\" \/>\n<link rel=\"canonical\" href=\"https:\/\/akademia-zdrowia.pl\/kielce\/1233-2\/upiecia-najnowsze-trendy-afroloki-fale-kuc-warkocz-bokserski-upiecia-slubne-wieczorowe-dzienne\/\" \/>\n<meta property=\"og:locale\" content=\"pl_PL\" \/>\n<meta property=\"og:type\" content=\"article\" \/>\n<meta property=\"og:title\" content=\"UPI\u0118CIA: najnowsze trendy (afroloki,\u202f fale, kuc warkocz bokserski, upi\u0119cia \u015blubne, wieczorowe, dzienne); tel.698-742-885, 662-536-086 - Akademia Zdrowia Kielce\" \/>\n<meta property=\"og:description\" content=\"Kurs obejmuje 16 godzin.\u202fPo kr\u00f3tkim wst\u0119pie teoretycznym przechodzimy od razu do praktyki !!! ZAKRES SZKOLENIA: Upi\u0119cia zgodne z najnowszymi trendami na rynku Charakterystyka produkt\u00f3w i akcesori\u00f3w u\u017cywanych podczas klasycznych upi\u0119\u0107 przygotowanie w\u0142os\u00f3w za pomoc\u0105 kosmetyk\u00f3w wyg\u0142adzenie i nab\u0142yszczenie bez obci\u0105\u017cania tapirowanie w\u0142os\u00f3w poprawne kr\u0119cenie (technika, kierunki) dobiera ozdoby do stylizacji budowanie prawid\u0142owej relacji z klientem...\" \/>\n<meta property=\"og:url\" content=\"https:\/\/akademia-zdrowia.pl\/kielce\/1233-2\/upiecia-najnowsze-trendy-afroloki-fale-kuc-warkocz-bokserski-upiecia-slubne-wieczorowe-dzienne\/\" \/>\n<meta property=\"og:site_name\" content=\"Akademia Zdrowia Kielce\" \/>\n<meta property=\"article:modified_time\" content=\"2022-10-06T11:43:16+00:00\" \/>\n<meta property=\"og:image\" content=\"https:\/\/akademia-zdrowia.pl\/kielce\/wp-content\/uploads\/2022\/01\/Projekt-bez-tytulu-10.png\" \/>\n<meta name=\"twitter:card\" content=\"summary_large_image\" \/>\n<meta name=\"twitter:label1\" content=\"Szacowany czas czytania\" \/>\n\t<meta name=\"twitter:data1\" content=\"2 minuty\" \/>\n<script type=\"application\/ld+json\" class=\"yoast-schema-graph\">{\"@context\":\"https:\/\/schema.org\",\"@graph\":[{\"@type\":\"WebPage\",\"@id\":\"https:\/\/akademia-zdrowia.pl\/kielce\/1233-2\/upiecia-najnowsze-trendy-afroloki-fale-kuc-warkocz-bokserski-upiecia-slubne-wieczorowe-dzienne\/\",\"url\":\"https:\/\/akademia-zdrowia.pl\/kielce\/1233-2\/upiecia-najnowsze-trendy-afroloki-fale-kuc-warkocz-bokserski-upiecia-slubne-wieczorowe-dzienne\/\",\"name\":\"UPI\u0118CIA: najnowsze trendy (afroloki,\u202f fale, kuc warkocz bokserski, upi\u0119cia \u015blubne, wieczorowe, dzienne); tel.698-742-885, 662-536-086 - Akademia Zdrowia Kielce\",\"isPartOf\":{\"@id\":\"https:\/\/akademia-zdrowia.pl\/kielce\/#website\"},\"primaryImageOfPage\":{\"@id\":\"https:\/\/akademia-zdrowia.pl\/kielce\/1233-2\/upiecia-najnowsze-trendy-afroloki-fale-kuc-warkocz-bokserski-upiecia-slubne-wieczorowe-dzienne\/#primaryimage\"},\"image\":{\"@id\":\"https:\/\/akademia-zdrowia.pl\/kielce\/1233-2\/upiecia-najnowsze-trendy-afroloki-fale-kuc-warkocz-bokserski-upiecia-slubne-wieczorowe-dzienne\/#primaryimage\"},\"thumbnailUrl\":\"https:\/\/akademia-zdrowia.pl\/kielce\/wp-content\/uploads\/2022\/01\/Projekt-bez-tytulu-10.png\",\"datePublished\":\"2022-02-13T15:52:18+00:00\",\"dateModified\":\"2022-10-06T11:43:16+00:00\",\"breadcrumb\":{\"@id\":\"https:\/\/akademia-zdrowia.pl\/kielce\/1233-2\/upiecia-najnowsze-trendy-afroloki-fale-kuc-warkocz-bokserski-upiecia-slubne-wieczorowe-dzienne\/#breadcrumb\"},\"inLanguage\":\"pl-PL\",\"potentialAction\":[{\"@type\":\"ReadAction\",\"target\":[\"https:\/\/akademia-zdrowia.pl\/kielce\/1233-2\/upiecia-najnowsze-trendy-afroloki-fale-kuc-warkocz-bokserski-upiecia-slubne-wieczorowe-dzienne\/\"]}]},{\"@type\":\"ImageObject\",\"inLanguage\":\"pl-PL\",\"@id\":\"https:\/\/akademia-zdrowia.pl\/kielce\/1233-2\/upiecia-najnowsze-trendy-afroloki-fale-kuc-warkocz-bokserski-upiecia-slubne-wieczorowe-dzienne\/#primaryimage\",\"url\":\"https:\/\/akademia-zdrowia.pl\/kielce\/wp-content\/uploads\/2022\/01\/Projekt-bez-tytulu-10.png\",\"contentUrl\":\"https:\/\/akademia-zdrowia.pl\/kielce\/wp-content\/uploads\/2022\/01\/Projekt-bez-tytulu-10.png\",\"width\":800,\"height\":800},{\"@type\":\"BreadcrumbList\",\"@id\":\"https:\/\/akademia-zdrowia.pl\/kielce\/1233-2\/upiecia-najnowsze-trendy-afroloki-fale-kuc-warkocz-bokserski-upiecia-slubne-wieczorowe-dzienne\/#breadcrumb\",\"itemListElement\":[{\"@type\":\"ListItem\",\"position\":1,\"name\":\"Strona g\u0142\u00f3wna\",\"item\":\"https:\/\/akademia-zdrowia.pl\/kielce\/\"},{\"@type\":\"ListItem\",\"position\":2,\"name\":\"Bezp\u0142atne kursy i szkolenia\",\"item\":\"https:\/\/akademia-zdrowia.pl\/kielce\/1233-2\/\"},{\"@type\":\"ListItem\",\"position\":3,\"name\":\"UPI\u0118CIA: najnowsze trendy (afroloki,\u202f fale, kuc warkocz bokserski, upi\u0119cia \u015blubne, wieczorowe, dzienne); tel.698-742-885, 662-536-086\"}]},{\"@type\":\"WebSite\",\"@id\":\"https:\/\/akademia-zdrowia.pl\/kielce\/#website\",\"url\":\"https:\/\/akademia-zdrowia.pl\/kielce\/\",\"name\":\"Akademia Zdrowia Kielce\",\"description\":\"Kolejna witryna oparta na WordPressie\",\"potentialAction\":[{\"@type\":\"SearchAction\",\"target\":{\"@type\":\"EntryPoint\",\"urlTemplate\":\"https:\/\/akademia-zdrowia.pl\/kielce\/?s={search_term_string}\"},\"query-input\":{\"@type\":\"PropertyValueSpecification\",\"valueRequired\":true,\"valueName\":\"search_term_string\"}}],\"inLanguage\":\"pl-PL\"}]}<\/script>\n<!-- \/ Yoast SEO plugin. -->","yoast_head_json":{"title":"UPI\u0118CIA: najnowsze trendy (afroloki,\u202f fale, kuc warkocz bokserski, upi\u0119cia \u015blubne, wieczorowe, dzienne); tel.698-742-885, 662-536-086 - Akademia Zdrowia Kielce","robots":{"index":"index","follow":"follow","max-snippet":"max-snippet:-1","max-image-preview":"max-image-preview:large","max-video-preview":"max-video-preview:-1"},"canonical":"https:\/\/akademia-zdrowia.pl\/kielce\/1233-2\/upiecia-najnowsze-trendy-afroloki-fale-kuc-warkocz-bokserski-upiecia-slubne-wieczorowe-dzienne\/","og_locale":"pl_PL","og_type":"article","og_title":"UPI\u0118CIA: najnowsze trendy (afroloki,\u202f fale, kuc warkocz bokserski, upi\u0119cia \u015blubne, wieczorowe, dzienne); tel.698-742-885, 662-536-086 - Akademia Zdrowia Kielce","og_description":"Kurs obejmuje 16 godzin.\u202fPo kr\u00f3tkim wst\u0119pie teoretycznym przechodzimy od razu do praktyki !!! ZAKRES SZKOLENIA: Upi\u0119cia zgodne z najnowszymi trendami na rynku Charakterystyka produkt\u00f3w i akcesori\u00f3w u\u017cywanych podczas klasycznych upi\u0119\u0107 przygotowanie w\u0142os\u00f3w za pomoc\u0105 kosmetyk\u00f3w wyg\u0142adzenie i nab\u0142yszczenie bez obci\u0105\u017cania tapirowanie w\u0142os\u00f3w poprawne kr\u0119cenie (technika, kierunki) dobiera ozdoby do stylizacji budowanie prawid\u0142owej relacji z klientem...","og_url":"https:\/\/akademia-zdrowia.pl\/kielce\/1233-2\/upiecia-najnowsze-trendy-afroloki-fale-kuc-warkocz-bokserski-upiecia-slubne-wieczorowe-dzienne\/","og_site_name":"Akademia Zdrowia Kielce","article_modified_time":"2022-10-06T11:43:16+00:00","og_image":[{"url":"https:\/\/akademia-zdrowia.pl\/kielce\/wp-content\/uploads\/2022\/01\/Projekt-bez-tytulu-10.png","type":"","width":"","height":""}],"twitter_card":"summary_large_image","twitter_misc":{"Szacowany czas czytania":"2 minuty"},"schema":{"@context":"https:\/\/schema.org","@graph":[{"@type":"WebPage","@id":"https:\/\/akademia-zdrowia.pl\/kielce\/1233-2\/upiecia-najnowsze-trendy-afroloki-fale-kuc-warkocz-bokserski-upiecia-slubne-wieczorowe-dzienne\/","url":"https:\/\/akademia-zdrowia.pl\/kielce\/1233-2\/upiecia-najnowsze-trendy-afroloki-fale-kuc-warkocz-bokserski-upiecia-slubne-wieczorowe-dzienne\/","name":"UPI\u0118CIA: najnowsze trendy (afroloki,\u202f fale, kuc warkocz bokserski, upi\u0119cia \u015blubne, wieczorowe, dzienne); tel.698-742-885, 662-536-086 - Akademia Zdrowia Kielce","isPartOf":{"@id":"https:\/\/akademia-zdrowia.pl\/kielce\/#website"},"primaryImageOfPage":{"@id":"https:\/\/akademia-zdrowia.pl\/kielce\/1233-2\/upiecia-najnowsze-trendy-afroloki-fale-kuc-warkocz-bokserski-upiecia-slubne-wieczorowe-dzienne\/#primaryimage"},"image":{"@id":"https:\/\/akademia-zdrowia.pl\/kielce\/1233-2\/upiecia-najnowsze-trendy-afroloki-fale-kuc-warkocz-bokserski-upiecia-slubne-wieczorowe-dzienne\/#primaryimage"},"thumbnailUrl":"https:\/\/akademia-zdrowia.pl\/kielce\/wp-content\/uploads\/2022\/01\/Projekt-bez-tytulu-10.png","datePublished":"2022-02-13T15:52:18+00:00","dateModified":"2022-10-06T11:43:16+00:00","breadcrumb":{"@id":"https:\/\/akademia-zdrowia.pl\/kielce\/1233-2\/upiecia-najnowsze-trendy-afroloki-fale-kuc-warkocz-bokserski-upiecia-slubne-wieczorowe-dzienne\/#breadcrumb"},"inLanguage":"pl-PL","potentialAction":[{"@type":"ReadAction","target":["https:\/\/akademia-zdrowia.pl\/kielce\/1233-2\/upiecia-najnowsze-trendy-afroloki-fale-kuc-warkocz-bokserski-upiecia-slubne-wieczorowe-dzienne\/"]}]},{"@type":"ImageObject","inLanguage":"pl-PL","@id":"https:\/\/akademia-zdrowia.pl\/kielce\/1233-2\/upiecia-najnowsze-trendy-afroloki-fale-kuc-warkocz-bokserski-upiecia-slubne-wieczorowe-dzienne\/#primaryimage","url":"https:\/\/akademia-zdrowia.pl\/kielce\/wp-content\/uploads\/2022\/01\/Projekt-bez-tytulu-10.png","contentUrl":"https:\/\/akademia-zdrowia.pl\/kielce\/wp-content\/uploads\/2022\/01\/Projekt-bez-tytulu-10.png","width":800,"height":800},{"@type":"BreadcrumbList","@id":"https:\/\/akademia-zdrowia.pl\/kielce\/1233-2\/upiecia-najnowsze-trendy-afroloki-fale-kuc-warkocz-bokserski-upiecia-slubne-wieczorowe-dzienne\/#breadcrumb","itemListElement":[{"@type":"ListItem","position":1,"name":"Strona g\u0142\u00f3wna","item":"https:\/\/akademia-zdrowia.pl\/kielce\/"},{"@type":"ListItem","position":2,"name":"Bezp\u0142atne kursy i szkolenia","item":"https:\/\/akademia-zdrowia.pl\/kielce\/1233-2\/"},{"@type":"ListItem","position":3,"name":"UPI\u0118CIA: najnowsze trendy (afroloki,\u202f fale, kuc warkocz bokserski, upi\u0119cia \u015blubne, wieczorowe, dzienne); tel.698-742-885, 662-536-086"}]},{"@type":"WebSite","@id":"https:\/\/akademia-zdrowia.pl\/kielce\/#website","url":"https:\/\/akademia-zdrowia.pl\/kielce\/","name":"Akademia Zdrowia Kielce","description":"Kolejna witryna oparta na WordPressie","potentialAction":[{"@type":"SearchAction","target":{"@type":"EntryPoint","urlTemplate":"https:\/\/akademia-zdrowia.pl\/kielce\/?s={search_term_string}"},"query-input":{"@type":"PropertyValueSpecification","valueRequired":true,"valueName":"search_term_string"}}],"inLanguage":"pl-PL"}]}},"_links":{"self":[{"href":"https:\/\/akademia-zdrowia.pl\/kielce\/wp-json\/wp\/v2\/pages\/3379","targetHints":{"allow":["GET"]}}],"collection":[{"href":"https:\/\/akademia-zdrowia.pl\/kielce\/wp-json\/wp\/v2\/pages"}],"about":[{"href":"https:\/\/akademia-zdrowia.pl\/kielce\/wp-json\/wp\/v2\/types\/page"}],"author":[{"embeddable":true,"href":"https:\/\/akademia-zdrowia.pl\/kielce\/wp-json\/wp\/v2\/users\/3"}],"replies":[{"embeddable":true,"href":"https:\/\/akademia-zdrowia.pl\/kielce\/wp-json\/wp\/v2\/comments?post=3379"}],"version-history":[{"count":9,"href":"https:\/\/akademia-zdrowia.pl\/kielce\/wp-json\/wp\/v2\/pages\/3379\/revisions"}],"predecessor-version":[{"id":4325,"href":"https:\/\/akademia-zdrowia.pl\/kielce\/wp-json\/wp\/v2\/pages\/3379\/revisions\/4325"}],"up":[{"embeddable":true,"href":"https:\/\/akademia-zdrowia.pl\/kielce\/wp-json\/wp\/v2\/pages\/1233"}],"wp:attachment":[{"href":"https:\/\/akademia-zdrowia.pl\/kielce\/wp-json\/wp\/v2\/media?parent=3379"}],"curies":[{"name":"wp","href":"https:\/\/api.w.org\/{rel}","templated":true}]}}