{"id":3639,"date":"2022-02-13T20:04:58","date_gmt":"2022-02-13T19:04:58","guid":{"rendered":"https:\/\/akademia-zdrowia.pl\/kielce\/?page_id=3639"},"modified":"2024-09-24T11:53:20","modified_gmt":"2024-09-24T09:53:20","slug":"masaz-balijski","status":"publish","type":"page","link":"https:\/\/akademia-zdrowia.pl\/kielce\/oferta-szkoleniowa\/kursy-i-szkolenia\/kursy-masazu\/masaz-balijski\/","title":{"rendered":"Masa\u017c balijski"},"content":{"rendered":"\t\t<div data-elementor-type=\"wp-page\" data-elementor-id=\"3639\" class=\"elementor elementor-3639\" data-elementor-post-type=\"page\">\n\t\t\t\t\t\t<section class=\"elementor-section elementor-top-section elementor-element elementor-element-7fd0f31 elementor-section-boxed elementor-section-height-default elementor-section-height-default\" data-id=\"7fd0f31\" data-element_type=\"section\" data-e-type=\"section\">\n\t\t\t\t\t\t<div class=\"elementor-container elementor-column-gap-default\">\n\t\t\t\t\t<div class=\"elementor-column elementor-col-33 elementor-top-column elementor-element elementor-element-67bb055\" data-id=\"67bb055\" data-element_type=\"column\" data-e-type=\"column\">\n\t\t\t<div class=\"elementor-widget-wrap\">\n\t\t\t\t\t\t\t<\/div>\n\t\t<\/div>\n\t\t\t\t<div class=\"elementor-column elementor-col-33 elementor-top-column elementor-element elementor-element-66a3aaf\" data-id=\"66a3aaf\" data-element_type=\"column\" data-e-type=\"column\">\n\t\t\t<div class=\"elementor-widget-wrap elementor-element-populated\">\n\t\t\t\t\t\t<div class=\"elementor-element elementor-element-3ea1f67 elementor-widget elementor-widget-rs-heading\" data-id=\"3ea1f67\" data-element_type=\"widget\" data-e-type=\"widget\" data-widget_type=\"rs-heading.default\">\n\t\t\t\t<div class=\"elementor-widget-container\">\n\t\t\t\t\t        <div class=\"rs-heading default center\">\r\n        \t<div class=\"title-inner\">\r\n        \t\t      \t\t\r\n\t            <span class=\"sub-text \">AKADEMIA ZDROWIA DLA BRAN\u017bY BEAUTY<\/span><h2 class=\"title\"><span class=\"watermark\"><\/span>Masa\u017c balijski<\/h2>\t        <\/div>\r\n\t                <\/div>\r\n        \t\t\t\t<\/div>\n\t\t\t\t<\/div>\n\t\t\t\t\t<\/div>\n\t\t<\/div>\n\t\t\t\t<div class=\"elementor-column elementor-col-33 elementor-top-column elementor-element elementor-element-1c7e248\" data-id=\"1c7e248\" data-element_type=\"column\" data-e-type=\"column\">\n\t\t\t<div class=\"elementor-widget-wrap\">\n\t\t\t\t\t\t\t<\/div>\n\t\t<\/div>\n\t\t\t\t\t<\/div>\n\t\t<\/section>\n\t\t\t\t<section class=\"elementor-section elementor-top-section elementor-element elementor-element-ae8fadc elementor-section-stretched elementor-section-boxed elementor-section-height-default elementor-section-height-default\" data-id=\"ae8fadc\" data-element_type=\"section\" data-e-type=\"section\" data-settings=\"{&quot;background_background&quot;:&quot;classic&quot;,&quot;stretch_section&quot;:&quot;section-stretched&quot;}\">\n\t\t\t\t\t\t<div class=\"elementor-container elementor-column-gap-default\">\n\t\t\t\t\t<div class=\"elementor-column elementor-col-50 elementor-top-column elementor-element elementor-element-6e20a1e\" data-id=\"6e20a1e\" data-element_type=\"column\" data-e-type=\"column\">\n\t\t\t<div class=\"elementor-widget-wrap elementor-element-populated\">\n\t\t\t\t\t\t<div class=\"elementor-element elementor-element-382833f elementor-widget elementor-widget-rs-heading\" data-id=\"382833f\" data-element_type=\"widget\" data-e-type=\"widget\" data-widget_type=\"rs-heading.default\">\n\t\t\t\t<div class=\"elementor-widget-container\">\n\t\t\t\t\t        <div class=\"rs-heading default \">\r\n        \t<div class=\"title-inner\">\r\n        \t\t      \t\t\r\n\t            <span class=\"sub-text \">JAK WYGL\u0104DA SZKOLENIE<\/span><h2 class=\"title\"><span class=\"watermark\"><\/span>Program szkolenia<\/h2>\t        <\/div>\r\n\t                    \t<div class=\"description\">\r\n            \t\t<p><b><span data-contrast=\"none\">Po kr\u00f3tkim wst\u0119pie teoretycznym przechodzimy od razu do praktyki !!<\/span><\/b><span data-ccp-props=\"{&quot;201341983&quot;:0,&quot;335559739&quot;:0,&quot;335559740&quot;:240}\">\u00a0<br \/><strong><br \/>Czas trwania szkolenia 16h. Certyfikat po zako\u0144czeniu szkolenia.<\/strong><br \/><\/span><\/p><ul><li><span data-contrast=\"none\">historia masa\u017cu balijskiego<\/span><\/li><li>zalety masa\u017cu balijskiego<\/li><li>przeciwwskazania i wskazania do zabiegu<\/li><li>przygotowanie do zabiegu<\/li><li>zasady i metodyka masa\u017cu balijskiego<\/li><li>praca z cia\u0142em, w tym:<span data-ccp-props=\"{&quot;201341983&quot;:0,&quot;335559739&quot;:0,&quot;335559740&quot;:240}\">\u00a0<\/span><\/li><li><span data-contrast=\"none\">poprawne u\u0142o\u017cenie cia\u0142a terapeuty<\/span><span data-ccp-props=\"{&quot;201341983&quot;:0,&quot;335559739&quot;:0,&quot;335559740&quot;:240}\">\u00a0<\/span><\/li><li><span data-contrast=\"none\">umiej\u0119tno\u015b\u0107 w\u0142a\u015bciwego u\u017cycia ci\u0119\u017caru w\u0142asnego cia\u0142a w czasie zabiegu<\/span><span data-ccp-props=\"{&quot;201341983&quot;:0,&quot;335559739&quot;:0,&quot;335559740&quot;:240}\">\u00a0<\/span><\/li><li><span data-contrast=\"none\">techniki ucisku<\/span><span data-ccp-props=\"{&quot;201341983&quot;:0,&quot;335559739&quot;:0,&quot;335559740&quot;:240}\">\u00a0<\/span><\/li><\/ul><p><strong>\u202fCel szkolenia\u00a0<br \/><\/strong><span data-contrast=\"none\">Nabycie praktycznych umiej\u0119tno\u015bci, pozwalaj\u0105cych na samodzielne wykonywanie r\u00f3\u017cnego rodzaju masa\u017cy. Uczestnik b\u0119dzie potrafi\u0142 zgodnie z aktualnymi trendami i oczekiwaniami klient\u00f3w wykonywa\u0107 masa\u017ce.<\/span><span data-ccp-props=\"{&quot;201341983&quot;:0,&quot;335559739&quot;:0,&quot;335559740&quot;:240}\">\u00a0<\/span><\/p><p><b><span data-contrast=\"none\">Kurs obejmuje 16 godzin.<\/span><\/b><span data-contrast=\"none\">\u202f<\/span><\/p>            \t\t\r\n            \t<\/div>\r\n        \t        <\/div>\r\n        \t\t\t\t<\/div>\n\t\t\t\t<\/div>\n\t\t\t\t<section class=\"elementor-section elementor-inner-section elementor-element elementor-element-b3c7537 elementor-section-boxed elementor-section-height-default elementor-section-height-default\" data-id=\"b3c7537\" data-element_type=\"section\" data-e-type=\"section\">\n\t\t\t\t\t\t<div class=\"elementor-container elementor-column-gap-default\">\n\t\t\t\t\t<div class=\"elementor-column elementor-col-100 elementor-inner-column elementor-element elementor-element-499574b\" data-id=\"499574b\" data-element_type=\"column\" data-e-type=\"column\">\n\t\t\t<div class=\"elementor-widget-wrap elementor-element-populated\">\n\t\t\t\t\t\t<div class=\"elementor-element elementor-element-12489bd elementor-widget__width-initial elementor-widget elementor-widget-text-editor\" data-id=\"12489bd\" data-element_type=\"widget\" data-e-type=\"widget\" data-widget_type=\"text-editor.default\">\n\t\t\t\t<div class=\"elementor-widget-container\">\n\t\t\t\t\t\t\t\t\t<p><strong>ZAINTERESOWANY?<br \/><\/strong><strong>Zadzwo\u0144 \u2013 odpowiemy na wszystkie Twoje pytania!<\/strong><\/p>\t\t\t\t\t\t\t\t<\/div>\n\t\t\t\t<\/div>\n\t\t\t\t<div class=\"elementor-element elementor-element-a719a63 elementor-widget elementor-widget-rs-button\" data-id=\"a719a63\" data-element_type=\"widget\" data-e-type=\"widget\" data-widget_type=\"rs-button.default\">\n\t\t\t\t<div class=\"elementor-widget-container\">\n\t\t\t\t\t\t\r\n\t\t\r\n\t\t<div class=\"rs-view-btn\">\r\n\t\t\t\t\t\t<a class=\"rs-btn rs-btnblack rs-btn-style1\" href=\"tel:+48662536086\" >\t\t\t\t\r\n\t\t\t\t<span class=\"rs_btn__text\"><span class=\"btn_text\">ZADZWO\u0143 - Agnieszka \u2013 662-536-086<\/span><\/span>\r\n\t\t\t<\/a>\r\n\t\t<\/div>    \r\n\t\t\t\t\t<\/div>\n\t\t\t\t<\/div>\n\t\t\t\t<div class=\"elementor-element elementor-element-5118cd8 elementor-widget elementor-widget-rs-button\" data-id=\"5118cd8\" data-element_type=\"widget\" data-e-type=\"widget\" data-widget_type=\"rs-button.default\">\n\t\t\t\t<div class=\"elementor-widget-container\">\n\t\t\t\t\t\t\r\n\t\t\r\n\t\t<div class=\"rs-view-btn\">\r\n\t\t\t\t\t\t<a class=\"rs-btn rs-btnblack rs-btn-style1\" href=\"tel:+48721961837\" >\t\t\t\t\r\n\t\t\t\t<span class=\"rs_btn__text\"><span class=\"btn_text\">ZADZWO\u0143 - Ilona  \u2013 721-961-837<\/span><\/span>\r\n\t\t\t<\/a>\r\n\t\t<\/div>    \r\n\t\t\t\t\t<\/div>\n\t\t\t\t<\/div>\n\t\t\t\t<div class=\"elementor-element elementor-element-f7a2a40 elementor-widget elementor-widget-rs-button\" data-id=\"f7a2a40\" data-element_type=\"widget\" data-e-type=\"widget\" data-widget_type=\"rs-button.default\">\n\t\t\t\t<div class=\"elementor-widget-container\">\n\t\t\t\t\t\t\r\n\t\t\r\n\t\t<div class=\"rs-view-btn\">\r\n\t\t\t\t\t\t<a class=\"rs-btn rs-btnblack rs-btn-style1\" href=\"tel:+4841368066\" >\t\t\t\t\r\n\t\t\t\t<span class=\"rs_btn__text\"><span class=\"btn_text\">ZADZWO\u0143 - 41 36-80-66<\/span><\/span>\r\n\t\t\t<\/a>\r\n\t\t<\/div>    \r\n\t\t\t\t\t<\/div>\n\t\t\t\t<\/div>\n\t\t\t\t\t<\/div>\n\t\t<\/div>\n\t\t\t\t\t<\/div>\n\t\t<\/section>\n\t\t\t\t\t<\/div>\n\t\t<\/div>\n\t\t\t\t<div class=\"elementor-column elementor-col-50 elementor-top-column elementor-element elementor-element-1262968\" data-id=\"1262968\" data-element_type=\"column\" data-e-type=\"column\">\n\t\t\t<div class=\"elementor-widget-wrap elementor-element-populated\">\n\t\t\t\t\t\t<div class=\"elementor-element elementor-element-6b33448 elementor-widget elementor-widget-image\" data-id=\"6b33448\" data-element_type=\"widget\" data-e-type=\"widget\" data-widget_type=\"image.default\">\n\t\t\t\t<div class=\"elementor-widget-container\">\n\t\t\t\t\t\t\t\t\t\t\t\t\t\t\t<img fetchpriority=\"high\" decoding=\"async\" width=\"640\" height=\"928\" src=\"https:\/\/akademia-zdrowia.pl\/kielce\/wp-content\/uploads\/2024\/08\/masaz_balijski-1-706x1024.png\" class=\"attachment-large size-large wp-image-8205\" alt=\"\" srcset=\"https:\/\/akademia-zdrowia.pl\/kielce\/wp-content\/uploads\/2024\/08\/masaz_balijski-1-706x1024.png 706w, https:\/\/akademia-zdrowia.pl\/kielce\/wp-content\/uploads\/2024\/08\/masaz_balijski-1-207x300.png 207w, https:\/\/akademia-zdrowia.pl\/kielce\/wp-content\/uploads\/2024\/08\/masaz_balijski-1-768x1114.png 768w, https:\/\/akademia-zdrowia.pl\/kielce\/wp-content\/uploads\/2024\/08\/masaz_balijski-1-500x725.png 500w, https:\/\/akademia-zdrowia.pl\/kielce\/wp-content\/uploads\/2024\/08\/masaz_balijski-1.png 812w\" sizes=\"(max-width: 640px) 100vw, 640px\" \/>\t\t\t\t\t\t\t\t\t\t\t\t\t\t\t<\/div>\n\t\t\t\t<\/div>\n\t\t\t\t\t<\/div>\n\t\t<\/div>\n\t\t\t\t\t<\/div>\n\t\t<\/section>\n\t\t\t\t<section class=\"elementor-section elementor-top-section elementor-element elementor-element-5e874b5 elementor-section-boxed elementor-section-height-default elementor-section-height-default\" data-id=\"5e874b5\" data-element_type=\"section\" data-e-type=\"section\">\n\t\t\t\t\t\t<div class=\"elementor-container elementor-column-gap-default\">\n\t\t\t\t\t<div class=\"elementor-column elementor-col-50 elementor-top-column elementor-element elementor-element-10a6dfa\" data-id=\"10a6dfa\" data-element_type=\"column\" data-e-type=\"column\" data-settings=\"{&quot;background_background&quot;:&quot;classic&quot;}\">\n\t\t\t<div class=\"elementor-widget-wrap elementor-element-populated\">\n\t\t\t\t\t\t<div class=\"elementor-element elementor-element-ad0359c elementor-widget-mobile__width-initial elementor-widget elementor-widget-rs-heading\" data-id=\"ad0359c\" data-element_type=\"widget\" data-e-type=\"widget\" data-widget_type=\"rs-heading.default\">\n\t\t\t\t<div class=\"elementor-widget-container\">\n\t\t\t\t\t        <div class=\"rs-heading default \">\r\n        \t<div class=\"title-inner\">\r\n        \t\t      \t\t\r\n\t            <span class=\"sub-text \">MASZ PYTANIA? CHCESZ SI\u0118 ZAPISA\u0106?<\/span><h2 class=\"title\"><span class=\"watermark\"><\/span>Skontaktuj  si\u0119 z nami!<\/h2>\t        <\/div>\r\n\t                    \t<div class=\"description\">\r\n            \t\t<p>Kliknij 'Zadzwo\u0144', aby po\u0142\u0105czy\u0107 si\u0119 z opiekunem kursu!<\/p>            \t\t\r\n            \t<\/div>\r\n        \t        <\/div>\r\n        \t\t\t\t<\/div>\n\t\t\t\t<\/div>\n\t\t\t\t<div class=\"elementor-element elementor-element-bf91f40 elementor-widget elementor-widget-rs-button\" data-id=\"bf91f40\" data-element_type=\"widget\" data-e-type=\"widget\" data-widget_type=\"rs-button.default\">\n\t\t\t\t<div class=\"elementor-widget-container\">\n\t\t\t\t\t\t\r\n\t\t\r\n\t\t<div class=\"rs-view-btn\">\r\n\t\t\t\t\t\t<a class=\"rs-btn rs-btnblack rs-btn-style1\" href=\"tel:+4841368066\" >\t\t\t\t\r\n\t\t\t\t<span class=\"rs_btn__text\"><span class=\"btn_text\">ZADZWO\u0143<\/span><\/span>\r\n\t\t\t<\/a>\r\n\t\t<\/div>    \r\n\t\t\t\t\t<\/div>\n\t\t\t\t<\/div>\n\t\t\t\t\t<\/div>\n\t\t<\/div>\n\t\t\t\t<div class=\"elementor-column elementor-col-50 elementor-top-column elementor-element elementor-element-c99af5b\" data-id=\"c99af5b\" data-element_type=\"column\" data-e-type=\"column\">\n\t\t\t<div class=\"elementor-widget-wrap elementor-element-populated\">\n\t\t\t\t\t\t<div class=\"elementor-element elementor-element-1f1338d elementor-widget elementor-widget-rs-heading\" data-id=\"1f1338d\" data-element_type=\"widget\" data-e-type=\"widget\" data-widget_type=\"rs-heading.default\">\n\t\t\t\t<div class=\"elementor-widget-container\">\n\t\t\t\t\t        <div class=\"rs-heading default \">\r\n        \t<div class=\"title-inner\">\r\n        \t\t      \t\t\r\n\t            <span class=\"sub-text \">ZAUFANY PARTNER<\/span><h2 class=\"title\"><span class=\"watermark\"><\/span>Dlaczego warto wybra\u0107 nas<\/h2>\t        <\/div>\r\n\t                    \t<div class=\"description\">\r\n            \t\t<p>Zaufaj naszemu wieloletniemu do\u015bwiadczeniu i zespo\u0142owi specjalist\u00f3w. Oferujemy profesjonalne szkolenia, kt\u00f3re pomog\u0105 rozwija\u0107 Tw\u00f3j biznes. Wybieraj\u0105c nas, inwestujesz w sprawdzonego partnera, kt\u00f3ry wspiera sukces Twojej firmy. Skontaktuj si\u0119 z nami i zacznij rozwija\u0107 si\u0119 razem z nami!<\/p>            \t\t\r\n            \t<\/div>\r\n        \t        <\/div>\r\n        \t\t\t\t<\/div>\n\t\t\t\t<\/div>\n\t\t\t\t\t<\/div>\n\t\t<\/div>\n\t\t\t\t\t<\/div>\n\t\t<\/section>\n\t\t\t\t<\/div>\n\t\t","protected":false},"excerpt":{"rendered":"<p>AKADEMIA ZDROWIA DLA BRAN\u017bY BEAUTY Masa\u017c balijski JAK WYGL\u0104DA SZKOLENIE Program szkolenia Po kr\u00f3tkim wst\u0119pie teoretycznym przechodzimy od razu do praktyki !!\u00a0Czas trwania szkolenia 16h. Certyfikat po zako\u0144czeniu szkolenia. historia masa\u017cu balijskiego zalety masa\u017cu balijskiego przeciwwskazania i wskazania do zabiegu przygotowanie do zabiegu zasady i metodyka masa\u017cu balijskiego praca z cia\u0142em, w tym:\u00a0 poprawne u\u0142o\u017cenie&#8230;<\/p>\n","protected":false},"author":3,"featured_media":0,"parent":330,"menu_order":0,"comment_status":"closed","ping_status":"closed","template":"","meta":{"footnotes":""},"class_list":["post-3639","page","type-page","status-publish","hentry"],"yoast_head":"<!-- This site is optimized with the Yoast SEO plugin v26.9 - https:\/\/yoast.com\/product\/yoast-seo-wordpress\/ -->\n<title>Masa\u017c balijski - Akademia Zdrowia Kielce<\/title>\n<meta name=\"robots\" content=\"index, follow, max-snippet:-1, max-image-preview:large, max-video-preview:-1\" \/>\n<link rel=\"canonical\" href=\"https:\/\/akademia-zdrowia.pl\/kielce\/oferta-szkoleniowa\/kursy-i-szkolenia\/kursy-masazu\/masaz-balijski\/\" \/>\n<meta property=\"og:locale\" content=\"pl_PL\" \/>\n<meta property=\"og:type\" content=\"article\" \/>\n<meta property=\"og:title\" content=\"Masa\u017c balijski - Akademia Zdrowia Kielce\" \/>\n<meta property=\"og:description\" content=\"AKADEMIA ZDROWIA DLA BRAN\u017bY BEAUTY Masa\u017c balijski JAK WYGL\u0104DA SZKOLENIE Program szkolenia Po kr\u00f3tkim wst\u0119pie teoretycznym przechodzimy od razu do praktyki !!\u00a0Czas trwania szkolenia 16h. Certyfikat po zako\u0144czeniu szkolenia. historia masa\u017cu balijskiego zalety masa\u017cu balijskiego przeciwwskazania i wskazania do zabiegu przygotowanie do zabiegu zasady i metodyka masa\u017cu balijskiego praca z cia\u0142em, w tym:\u00a0 poprawne u\u0142o\u017cenie...\" \/>\n<meta property=\"og:url\" content=\"https:\/\/akademia-zdrowia.pl\/kielce\/oferta-szkoleniowa\/kursy-i-szkolenia\/kursy-masazu\/masaz-balijski\/\" \/>\n<meta property=\"og:site_name\" content=\"Akademia Zdrowia Kielce\" \/>\n<meta property=\"article:modified_time\" content=\"2024-09-24T09:53:20+00:00\" \/>\n<meta property=\"og:image\" content=\"https:\/\/akademia-zdrowia.pl\/kielce\/wp-content\/uploads\/2024\/08\/masaz_balijski-1-706x1024.png\" \/>\n<meta name=\"twitter:card\" content=\"summary_large_image\" \/>\n<meta name=\"twitter:label1\" content=\"Szacowany czas czytania\" \/>\n\t<meta name=\"twitter:data1\" content=\"2 minuty\" \/>\n<script type=\"application\/ld+json\" class=\"yoast-schema-graph\">{\"@context\":\"https:\/\/schema.org\",\"@graph\":[{\"@type\":\"WebPage\",\"@id\":\"https:\/\/akademia-zdrowia.pl\/kielce\/oferta-szkoleniowa\/kursy-i-szkolenia\/kursy-masazu\/masaz-balijski\/\",\"url\":\"https:\/\/akademia-zdrowia.pl\/kielce\/oferta-szkoleniowa\/kursy-i-szkolenia\/kursy-masazu\/masaz-balijski\/\",\"name\":\"Masa\u017c balijski - Akademia Zdrowia Kielce\",\"isPartOf\":{\"@id\":\"https:\/\/akademia-zdrowia.pl\/kielce\/#website\"},\"primaryImageOfPage\":{\"@id\":\"https:\/\/akademia-zdrowia.pl\/kielce\/oferta-szkoleniowa\/kursy-i-szkolenia\/kursy-masazu\/masaz-balijski\/#primaryimage\"},\"image\":{\"@id\":\"https:\/\/akademia-zdrowia.pl\/kielce\/oferta-szkoleniowa\/kursy-i-szkolenia\/kursy-masazu\/masaz-balijski\/#primaryimage\"},\"thumbnailUrl\":\"https:\/\/akademia-zdrowia.pl\/kielce\/wp-content\/uploads\/2024\/08\/masaz_balijski-1-706x1024.png\",\"datePublished\":\"2022-02-13T19:04:58+00:00\",\"dateModified\":\"2024-09-24T09:53:20+00:00\",\"breadcrumb\":{\"@id\":\"https:\/\/akademia-zdrowia.pl\/kielce\/oferta-szkoleniowa\/kursy-i-szkolenia\/kursy-masazu\/masaz-balijski\/#breadcrumb\"},\"inLanguage\":\"pl-PL\",\"potentialAction\":[{\"@type\":\"ReadAction\",\"target\":[\"https:\/\/akademia-zdrowia.pl\/kielce\/oferta-szkoleniowa\/kursy-i-szkolenia\/kursy-masazu\/masaz-balijski\/\"]}]},{\"@type\":\"ImageObject\",\"inLanguage\":\"pl-PL\",\"@id\":\"https:\/\/akademia-zdrowia.pl\/kielce\/oferta-szkoleniowa\/kursy-i-szkolenia\/kursy-masazu\/masaz-balijski\/#primaryimage\",\"url\":\"https:\/\/akademia-zdrowia.pl\/kielce\/wp-content\/uploads\/2024\/08\/masaz_balijski-1.png\",\"contentUrl\":\"https:\/\/akademia-zdrowia.pl\/kielce\/wp-content\/uploads\/2024\/08\/masaz_balijski-1.png\",\"width\":812,\"height\":1178},{\"@type\":\"BreadcrumbList\",\"@id\":\"https:\/\/akademia-zdrowia.pl\/kielce\/oferta-szkoleniowa\/kursy-i-szkolenia\/kursy-masazu\/masaz-balijski\/#breadcrumb\",\"itemListElement\":[{\"@type\":\"ListItem\",\"position\":1,\"name\":\"Strona g\u0142\u00f3wna\",\"item\":\"https:\/\/akademia-zdrowia.pl\/kielce\/\"},{\"@type\":\"ListItem\",\"position\":2,\"name\":\"Oferta szkoleniowa\",\"item\":\"https:\/\/akademia-zdrowia.pl\/kielce\/oferta-szkoleniowa\/\"},{\"@type\":\"ListItem\",\"position\":3,\"name\":\"Kursy i szkolenia\",\"item\":\"https:\/\/akademia-zdrowia.pl\/kielce\/oferta-szkoleniowa\/kursy-i-szkolenia\/\"},{\"@type\":\"ListItem\",\"position\":4,\"name\":\"Kursy masa\u017cu\",\"item\":\"https:\/\/akademia-zdrowia.pl\/kielce\/oferta-szkoleniowa\/kursy-i-szkolenia\/kursy-masazu\/\"},{\"@type\":\"ListItem\",\"position\":5,\"name\":\"Masa\u017c balijski\"}]},{\"@type\":\"WebSite\",\"@id\":\"https:\/\/akademia-zdrowia.pl\/kielce\/#website\",\"url\":\"https:\/\/akademia-zdrowia.pl\/kielce\/\",\"name\":\"Akademia Zdrowia Kielce\",\"description\":\"Kolejna witryna oparta na WordPressie\",\"potentialAction\":[{\"@type\":\"SearchAction\",\"target\":{\"@type\":\"EntryPoint\",\"urlTemplate\":\"https:\/\/akademia-zdrowia.pl\/kielce\/?s={search_term_string}\"},\"query-input\":{\"@type\":\"PropertyValueSpecification\",\"valueRequired\":true,\"valueName\":\"search_term_string\"}}],\"inLanguage\":\"pl-PL\"}]}<\/script>\n<!-- \/ Yoast SEO plugin. -->","yoast_head_json":{"title":"Masa\u017c balijski - Akademia Zdrowia Kielce","robots":{"index":"index","follow":"follow","max-snippet":"max-snippet:-1","max-image-preview":"max-image-preview:large","max-video-preview":"max-video-preview:-1"},"canonical":"https:\/\/akademia-zdrowia.pl\/kielce\/oferta-szkoleniowa\/kursy-i-szkolenia\/kursy-masazu\/masaz-balijski\/","og_locale":"pl_PL","og_type":"article","og_title":"Masa\u017c balijski - Akademia Zdrowia Kielce","og_description":"AKADEMIA ZDROWIA DLA BRAN\u017bY BEAUTY Masa\u017c balijski JAK WYGL\u0104DA SZKOLENIE Program szkolenia Po kr\u00f3tkim wst\u0119pie teoretycznym przechodzimy od razu do praktyki !!\u00a0Czas trwania szkolenia 16h. Certyfikat po zako\u0144czeniu szkolenia. historia masa\u017cu balijskiego zalety masa\u017cu balijskiego przeciwwskazania i wskazania do zabiegu przygotowanie do zabiegu zasady i metodyka masa\u017cu balijskiego praca z cia\u0142em, w tym:\u00a0 poprawne u\u0142o\u017cenie...","og_url":"https:\/\/akademia-zdrowia.pl\/kielce\/oferta-szkoleniowa\/kursy-i-szkolenia\/kursy-masazu\/masaz-balijski\/","og_site_name":"Akademia Zdrowia Kielce","article_modified_time":"2024-09-24T09:53:20+00:00","og_image":[{"url":"https:\/\/akademia-zdrowia.pl\/kielce\/wp-content\/uploads\/2024\/08\/masaz_balijski-1-706x1024.png","type":"","width":"","height":""}],"twitter_card":"summary_large_image","twitter_misc":{"Szacowany czas czytania":"2 minuty"},"schema":{"@context":"https:\/\/schema.org","@graph":[{"@type":"WebPage","@id":"https:\/\/akademia-zdrowia.pl\/kielce\/oferta-szkoleniowa\/kursy-i-szkolenia\/kursy-masazu\/masaz-balijski\/","url":"https:\/\/akademia-zdrowia.pl\/kielce\/oferta-szkoleniowa\/kursy-i-szkolenia\/kursy-masazu\/masaz-balijski\/","name":"Masa\u017c balijski - Akademia Zdrowia Kielce","isPartOf":{"@id":"https:\/\/akademia-zdrowia.pl\/kielce\/#website"},"primaryImageOfPage":{"@id":"https:\/\/akademia-zdrowia.pl\/kielce\/oferta-szkoleniowa\/kursy-i-szkolenia\/kursy-masazu\/masaz-balijski\/#primaryimage"},"image":{"@id":"https:\/\/akademia-zdrowia.pl\/kielce\/oferta-szkoleniowa\/kursy-i-szkolenia\/kursy-masazu\/masaz-balijski\/#primaryimage"},"thumbnailUrl":"https:\/\/akademia-zdrowia.pl\/kielce\/wp-content\/uploads\/2024\/08\/masaz_balijski-1-706x1024.png","datePublished":"2022-02-13T19:04:58+00:00","dateModified":"2024-09-24T09:53:20+00:00","breadcrumb":{"@id":"https:\/\/akademia-zdrowia.pl\/kielce\/oferta-szkoleniowa\/kursy-i-szkolenia\/kursy-masazu\/masaz-balijski\/#breadcrumb"},"inLanguage":"pl-PL","potentialAction":[{"@type":"ReadAction","target":["https:\/\/akademia-zdrowia.pl\/kielce\/oferta-szkoleniowa\/kursy-i-szkolenia\/kursy-masazu\/masaz-balijski\/"]}]},{"@type":"ImageObject","inLanguage":"pl-PL","@id":"https:\/\/akademia-zdrowia.pl\/kielce\/oferta-szkoleniowa\/kursy-i-szkolenia\/kursy-masazu\/masaz-balijski\/#primaryimage","url":"https:\/\/akademia-zdrowia.pl\/kielce\/wp-content\/uploads\/2024\/08\/masaz_balijski-1.png","contentUrl":"https:\/\/akademia-zdrowia.pl\/kielce\/wp-content\/uploads\/2024\/08\/masaz_balijski-1.png","width":812,"height":1178},{"@type":"BreadcrumbList","@id":"https:\/\/akademia-zdrowia.pl\/kielce\/oferta-szkoleniowa\/kursy-i-szkolenia\/kursy-masazu\/masaz-balijski\/#breadcrumb","itemListElement":[{"@type":"ListItem","position":1,"name":"Strona g\u0142\u00f3wna","item":"https:\/\/akademia-zdrowia.pl\/kielce\/"},{"@type":"ListItem","position":2,"name":"Oferta szkoleniowa","item":"https:\/\/akademia-zdrowia.pl\/kielce\/oferta-szkoleniowa\/"},{"@type":"ListItem","position":3,"name":"Kursy i szkolenia","item":"https:\/\/akademia-zdrowia.pl\/kielce\/oferta-szkoleniowa\/kursy-i-szkolenia\/"},{"@type":"ListItem","position":4,"name":"Kursy masa\u017cu","item":"https:\/\/akademia-zdrowia.pl\/kielce\/oferta-szkoleniowa\/kursy-i-szkolenia\/kursy-masazu\/"},{"@type":"ListItem","position":5,"name":"Masa\u017c balijski"}]},{"@type":"WebSite","@id":"https:\/\/akademia-zdrowia.pl\/kielce\/#website","url":"https:\/\/akademia-zdrowia.pl\/kielce\/","name":"Akademia Zdrowia Kielce","description":"Kolejna witryna oparta na WordPressie","potentialAction":[{"@type":"SearchAction","target":{"@type":"EntryPoint","urlTemplate":"https:\/\/akademia-zdrowia.pl\/kielce\/?s={search_term_string}"},"query-input":{"@type":"PropertyValueSpecification","valueRequired":true,"valueName":"search_term_string"}}],"inLanguage":"pl-PL"}]}},"_links":{"self":[{"href":"https:\/\/akademia-zdrowia.pl\/kielce\/wp-json\/wp\/v2\/pages\/3639","targetHints":{"allow":["GET"]}}],"collection":[{"href":"https:\/\/akademia-zdrowia.pl\/kielce\/wp-json\/wp\/v2\/pages"}],"about":[{"href":"https:\/\/akademia-zdrowia.pl\/kielce\/wp-json\/wp\/v2\/types\/page"}],"author":[{"embeddable":true,"href":"https:\/\/akademia-zdrowia.pl\/kielce\/wp-json\/wp\/v2\/users\/3"}],"replies":[{"embeddable":true,"href":"https:\/\/akademia-zdrowia.pl\/kielce\/wp-json\/wp\/v2\/comments?post=3639"}],"version-history":[{"count":45,"href":"https:\/\/akademia-zdrowia.pl\/kielce\/wp-json\/wp\/v2\/pages\/3639\/revisions"}],"predecessor-version":[{"id":9353,"href":"https:\/\/akademia-zdrowia.pl\/kielce\/wp-json\/wp\/v2\/pages\/3639\/revisions\/9353"}],"up":[{"embeddable":true,"href":"https:\/\/akademia-zdrowia.pl\/kielce\/wp-json\/wp\/v2\/pages\/330"}],"wp:attachment":[{"href":"https:\/\/akademia-zdrowia.pl\/kielce\/wp-json\/wp\/v2\/media?parent=3639"}],"curies":[{"name":"wp","href":"https:\/\/api.w.org\/{rel}","templated":true}]}}