{"id":3729,"date":"2022-02-21T14:30:08","date_gmt":"2022-02-21T13:30:08","guid":{"rendered":"https:\/\/akademia-zdrowia.pl\/kielce\/?page_id=3729"},"modified":"2024-09-24T11:33:31","modified_gmt":"2024-09-24T09:33:31","slug":"akty-prawne","status":"publish","type":"page","link":"https:\/\/akademia-zdrowia.pl\/kielce\/oferta-szkoleniowa\/ksztalcenie-pielegniarek-i-poloznych\/akty-prawne\/","title":{"rendered":"Akty prawne"},"content":{"rendered":"\t\t<div data-elementor-type=\"wp-page\" data-elementor-id=\"3729\" class=\"elementor elementor-3729\" data-elementor-post-type=\"page\">\n\t\t\t\t\t\t<section class=\"elementor-section elementor-top-section elementor-element elementor-element-dac5608 elementor-section-boxed elementor-section-height-default elementor-section-height-default\" data-id=\"dac5608\" data-element_type=\"section\" data-e-type=\"section\">\n\t\t\t\t\t\t<div class=\"elementor-container elementor-column-gap-default\">\n\t\t\t\t\t<div class=\"elementor-column elementor-col-100 elementor-top-column elementor-element elementor-element-de5386e\" data-id=\"de5386e\" data-element_type=\"column\" data-e-type=\"column\">\n\t\t\t<div class=\"elementor-widget-wrap elementor-element-populated\">\n\t\t\t\t\t\t<div class=\"elementor-element elementor-element-60fc18c elementor-widget elementor-widget-text-editor\" data-id=\"60fc18c\" data-element_type=\"widget\" data-e-type=\"widget\" data-widget_type=\"text-editor.default\">\n\t\t\t\t<div class=\"elementor-widget-container\">\n\t\t\t\t\t\t\t\t\t<p><strong>LINKI DO AKT\u00d3W PRAWNYCH:<\/strong><\/p><ol><li><a href=\"https:\/\/isap.sejm.gov.pl\/isap.nsf\/DocDetails.xsp?id=WDU20210000479\"><span class=\"TextRun SCXW247660442 BCX8\" lang=\"PL-PL\" xml:lang=\"PL-PL\" data-contrast=\"auto\"><span class=\"NormalTextRun SCXW247660442 BCX8\">Obwieszczenie Marsza\u0142ka Sejmu Rzeczypospolitej Polskiej z dnia 23 lutego 2021 r. w sprawie og\u0142oszenia jednolitego tekstu ustawy o zawodach piel\u0119gniarki i po\u0142o\u017cnej<\/span><\/span><span class=\"EOP SCXW247660442 BCX8\" data-ccp-props=\"{\">\u00a0<\/span><\/a><\/li><li><a href=\"https:\/\/isap.sejm.gov.pl\/isap.nsf\/DocDetails.xsp?id=WDU20111130657\"><span class=\"TextRun SCXW103236623 BCX8\" lang=\"PL-PL\" xml:lang=\"PL-PL\" data-contrast=\"auto\"><span class=\"NormalTextRun SCXW103236623 BCX8\">Ustawa z dnia 28 kwietnia 2011 r. o systemie informacji w ochronie zdrowia<\/span><\/span><span class=\"EOP SCXW103236623 BCX8\" data-ccp-props=\"{\">\u00a0<\/span><\/a><\/li><li><a href=\"https:\/\/isap.sejm.gov.pl\/isap.nsf\/DocDetails.xsp?id=WDU20160001761\"><span class=\"TextRun SCXW220221339 BCX8\" lang=\"PL-PL\" xml:lang=\"PL-PL\" data-contrast=\"auto\"><span class=\"NormalTextRun SCXW220221339 BCX8\">Rozporz\u0105dzenie Ministra Zdrowia z dnia 30 wrze\u015bnia 2016 r. w sprawie kszta\u0142cenia podyplomowego piel\u0119gniarek i po\u0142o\u017cnych<\/span><\/span><span class=\"EOP SCXW220221339 BCX8\" data-ccp-props=\"{\">\u00a0<\/span><\/a><\/li><li><a href=\"https:\/\/isap.sejm.gov.pl\/isap.nsf\/DocDetails.xsp?id=WDU20130001562\"><span class=\"TextRun SCXW257318266 BCX8\" lang=\"PL-PL\" xml:lang=\"PL-PL\" data-contrast=\"auto\"><span class=\"NormalTextRun SCXW257318266 BCX8\">Rozporz\u0105dzenie Ministra Zdrowia z dnia 12 grudnia 2013 r. w sprawie wykazu dziedzin piel\u0119gniarstwa oraz dziedzin maj\u0105cych zastosowanie w ochronie zdrowia, w kt\u00f3rych mo\u017ce by\u0107 prowadzona specjalizacja i kursy kwalifikacyjne<\/span><\/span><span class=\"EOP SCXW257318266 BCX8\" data-ccp-props=\"{\">\u00a0<\/span><\/a><\/li><li><a href=\"https:\/\/isap.sejm.gov.pl\/isap.nsf\/DocDetails.xsp?id=WDU20170000497\"><span class=\"TextRun SCXW63380575 BCX8\" lang=\"PL-PL\" xml:lang=\"PL-PL\" data-contrast=\"auto\"><span class=\"NormalTextRun SCXW63380575 BCX8\">Rozporz\u0105dzenie Ministra Zdrowia z dnia 28 lutego 2017 r. w sprawie rodzaju i zakresu \u015bwiadcze\u0144 zapobiegawczych, diagnostycznych, leczniczych i rehabilitacyjnych udzielanych przez piel\u0119gniark\u0119 albo po\u0142o\u017cn\u0105 samodzielnie bez zlecenia lekarskiego<\/span><\/span><span class=\"EOP SCXW63380575 BCX8\" data-ccp-props=\"{\">\u00a0<\/span><\/a><\/li><li><a href=\"https:\/\/isap.sejm.gov.pl\/isap.nsf\/DocDetails.xsp?id=WDU20120000817\"><span class=\"TextRun SCXW230477442 BCX8\" lang=\"PL-PL\" xml:lang=\"PL-PL\" data-contrast=\"auto\"><span class=\"NormalTextRun SCXW230477442 BCX8\">Rozporz\u0105dzenie Ministra Zdrowia z dnia 9 lipca 2012 r. w sprawie szczeg\u00f3\u0142owego zakresu znajomo\u015bci j\u0119zyka polskiego w mowie i w pi\u015bmie, niezb\u0119dnego do wykonywania zawod\u00f3w piel\u0119gniarki i po\u0142o\u017cnej<\/span><\/span><span class=\"EOP SCXW230477442 BCX8\" data-ccp-props=\"{\">\u00a0<\/span><\/a><\/li><\/ol>\t\t\t\t\t\t\t\t<\/div>\n\t\t\t\t<\/div>\n\t\t\t\t\t<\/div>\n\t\t<\/div>\n\t\t\t\t\t<\/div>\n\t\t<\/section>\n\t\t\t\t<section class=\"elementor-section elementor-top-section elementor-element elementor-element-1b5c0fd elementor-section-boxed elementor-section-height-default elementor-section-height-default\" data-id=\"1b5c0fd\" data-element_type=\"section\" data-e-type=\"section\" data-settings=\"{&quot;background_background&quot;:&quot;classic&quot;}\">\n\t\t\t\t\t\t<div class=\"elementor-container elementor-column-gap-default\">\n\t\t\t\t\t<div class=\"elementor-column elementor-col-50 elementor-top-column elementor-element elementor-element-4efdf7b6\" data-id=\"4efdf7b6\" data-element_type=\"column\" data-e-type=\"column\" data-settings=\"{&quot;background_background&quot;:&quot;classic&quot;}\">\n\t\t\t<div class=\"elementor-widget-wrap elementor-element-populated\">\n\t\t\t\t\t\t<div class=\"elementor-element elementor-element-72c85990 elementor-widget-mobile__width-initial elementor-widget elementor-widget-rs-heading\" data-id=\"72c85990\" data-element_type=\"widget\" data-e-type=\"widget\" data-widget_type=\"rs-heading.default\">\n\t\t\t\t<div class=\"elementor-widget-container\">\n\t\t\t\t\t        <div class=\"rs-heading default \">\r\n        \t<div class=\"title-inner\">\r\n        \t\t      \t\t\r\n\t            <span class=\"sub-text \">MASZ PYTANIA<\/span><h2 class=\"title\"><span class=\"watermark\"><\/span>Skontaktuj  si\u0119 z nami!<\/h2>\t        <\/div>\r\n\t                    \t<div class=\"description\">\r\n            \t\t<p>Kliknij aby zadzwoni\u0107 do opiekuna kurs\u00f3w beauty.<\/p>            \t\t\r\n            \t<\/div>\r\n        \t        <\/div>\r\n        \t\t\t\t<\/div>\n\t\t\t\t<\/div>\n\t\t\t\t<div class=\"elementor-element elementor-element-6e425b5f elementor-widget elementor-widget-rs-button\" data-id=\"6e425b5f\" data-element_type=\"widget\" data-e-type=\"widget\" data-widget_type=\"rs-button.default\">\n\t\t\t\t<div class=\"elementor-widget-container\">\n\t\t\t\t\t\t\r\n\t\t\r\n\t\t<div class=\"rs-view-btn\">\r\n\t\t\t\t\t\t<a class=\"rs-btn rs-btnblack rs-btn-style1\" href=\"tel:+4841368066\" >\t\t\t\t\r\n\t\t\t\t<span class=\"rs_btn__text\"><span class=\"btn_text\">ZADZWO\u0143<\/span><\/span>\r\n\t\t\t<\/a>\r\n\t\t<\/div>    \r\n\t\t\t\t\t<\/div>\n\t\t\t\t<\/div>\n\t\t\t\t\t<\/div>\n\t\t<\/div>\n\t\t\t\t<div class=\"elementor-column elementor-col-50 elementor-top-column elementor-element elementor-element-1074f056\" data-id=\"1074f056\" data-element_type=\"column\" data-e-type=\"column\">\n\t\t\t<div class=\"elementor-widget-wrap elementor-element-populated\">\n\t\t\t\t\t\t<div class=\"elementor-element elementor-element-7e5e4cb6 elementor-widget elementor-widget-rs-heading\" data-id=\"7e5e4cb6\" data-element_type=\"widget\" data-e-type=\"widget\" data-widget_type=\"rs-heading.default\">\n\t\t\t\t<div class=\"elementor-widget-container\">\n\t\t\t\t\t        <div class=\"rs-heading default \">\r\n        \t<div class=\"title-inner\">\r\n        \t\t      \t\t\r\n\t            <span class=\"sub-text \">ZAUFANY PARTNER<\/span><h2 class=\"title\"><span class=\"watermark\"><\/span>Dlaczego warto wybra\u0107 nas<\/h2>\t        <\/div>\r\n\t                    \t<div class=\"description\">\r\n            \t\t<p>Zaufaj naszemu wieloletniemu do\u015bwiadczeniu i zespo\u0142owi specjalist\u00f3w. Oferujemy profesjonalne szkolenia, kt\u00f3re pomog\u0105 rozwija\u0107 Tw\u00f3j biznes. Wybieraj\u0105c nas, inwestujesz w sprawdzonego partnera, kt\u00f3ry wspiera sukces Twojej firmy. Skontaktuj si\u0119 z nami i zacznij rozwija\u0107 si\u0119 razem z nami!<\/p>            \t\t\r\n            \t<\/div>\r\n        \t        <\/div>\r\n        \t\t\t\t<\/div>\n\t\t\t\t<\/div>\n\t\t\t\t\t<\/div>\n\t\t<\/div>\n\t\t\t\t\t<\/div>\n\t\t<\/section>\n\t\t\t\t<\/div>\n\t\t","protected":false},"excerpt":{"rendered":"<p>LINKI DO AKT\u00d3W PRAWNYCH: Obwieszczenie Marsza\u0142ka Sejmu Rzeczypospolitej Polskiej z dnia 23 lutego 2021 r. w sprawie og\u0142oszenia jednolitego tekstu ustawy o zawodach piel\u0119gniarki i po\u0142o\u017cnej\u00a0 Ustawa z dnia 28 kwietnia 2011 r. o systemie informacji w ochronie zdrowia\u00a0 Rozporz\u0105dzenie Ministra Zdrowia z dnia 30 wrze\u015bnia 2016 r. w sprawie kszta\u0142cenia podyplomowego piel\u0119gniarek i po\u0142o\u017cnych\u00a0&#8230;<\/p>\n","protected":false},"author":3,"featured_media":0,"parent":53,"menu_order":0,"comment_status":"closed","ping_status":"closed","template":"","meta":{"footnotes":""},"class_list":["post-3729","page","type-page","status-publish","hentry"],"yoast_head":"<!-- This site is optimized with the Yoast SEO plugin v26.9 - https:\/\/yoast.com\/product\/yoast-seo-wordpress\/ -->\n<title>Akty prawne - Akademia Zdrowia Kielce<\/title>\n<meta name=\"robots\" content=\"index, follow, max-snippet:-1, max-image-preview:large, max-video-preview:-1\" \/>\n<link rel=\"canonical\" href=\"https:\/\/akademia-zdrowia.pl\/kielce\/oferta-szkoleniowa\/ksztalcenie-pielegniarek-i-poloznych\/akty-prawne\/\" \/>\n<meta property=\"og:locale\" content=\"pl_PL\" \/>\n<meta property=\"og:type\" content=\"article\" \/>\n<meta property=\"og:title\" content=\"Akty prawne - Akademia Zdrowia Kielce\" \/>\n<meta property=\"og:description\" content=\"LINKI DO AKT\u00d3W PRAWNYCH: Obwieszczenie Marsza\u0142ka Sejmu Rzeczypospolitej Polskiej z dnia 23 lutego 2021 r. w sprawie og\u0142oszenia jednolitego tekstu ustawy o zawodach piel\u0119gniarki i po\u0142o\u017cnej\u00a0 Ustawa z dnia 28 kwietnia 2011 r. o systemie informacji w ochronie zdrowia\u00a0 Rozporz\u0105dzenie Ministra Zdrowia z dnia 30 wrze\u015bnia 2016 r. w sprawie kszta\u0142cenia podyplomowego piel\u0119gniarek i po\u0142o\u017cnych\u00a0...\" \/>\n<meta property=\"og:url\" content=\"https:\/\/akademia-zdrowia.pl\/kielce\/oferta-szkoleniowa\/ksztalcenie-pielegniarek-i-poloznych\/akty-prawne\/\" \/>\n<meta property=\"og:site_name\" content=\"Akademia Zdrowia Kielce\" \/>\n<meta property=\"article:modified_time\" content=\"2024-09-24T09:33:31+00:00\" \/>\n<meta name=\"twitter:card\" content=\"summary_large_image\" \/>\n<meta name=\"twitter:label1\" content=\"Szacowany czas czytania\" \/>\n\t<meta name=\"twitter:data1\" content=\"2 minuty\" \/>\n<script type=\"application\/ld+json\" class=\"yoast-schema-graph\">{\"@context\":\"https:\/\/schema.org\",\"@graph\":[{\"@type\":\"WebPage\",\"@id\":\"https:\/\/akademia-zdrowia.pl\/kielce\/oferta-szkoleniowa\/ksztalcenie-pielegniarek-i-poloznych\/akty-prawne\/\",\"url\":\"https:\/\/akademia-zdrowia.pl\/kielce\/oferta-szkoleniowa\/ksztalcenie-pielegniarek-i-poloznych\/akty-prawne\/\",\"name\":\"Akty prawne - Akademia Zdrowia Kielce\",\"isPartOf\":{\"@id\":\"https:\/\/akademia-zdrowia.pl\/kielce\/#website\"},\"datePublished\":\"2022-02-21T13:30:08+00:00\",\"dateModified\":\"2024-09-24T09:33:31+00:00\",\"breadcrumb\":{\"@id\":\"https:\/\/akademia-zdrowia.pl\/kielce\/oferta-szkoleniowa\/ksztalcenie-pielegniarek-i-poloznych\/akty-prawne\/#breadcrumb\"},\"inLanguage\":\"pl-PL\",\"potentialAction\":[{\"@type\":\"ReadAction\",\"target\":[\"https:\/\/akademia-zdrowia.pl\/kielce\/oferta-szkoleniowa\/ksztalcenie-pielegniarek-i-poloznych\/akty-prawne\/\"]}]},{\"@type\":\"BreadcrumbList\",\"@id\":\"https:\/\/akademia-zdrowia.pl\/kielce\/oferta-szkoleniowa\/ksztalcenie-pielegniarek-i-poloznych\/akty-prawne\/#breadcrumb\",\"itemListElement\":[{\"@type\":\"ListItem\",\"position\":1,\"name\":\"Strona g\u0142\u00f3wna\",\"item\":\"https:\/\/akademia-zdrowia.pl\/kielce\/\"},{\"@type\":\"ListItem\",\"position\":2,\"name\":\"Oferta szkoleniowa\",\"item\":\"https:\/\/akademia-zdrowia.pl\/kielce\/oferta-szkoleniowa\/\"},{\"@type\":\"ListItem\",\"position\":3,\"name\":\"Kszta\u0142cenie piel\u0119gniarek i po\u0142o\u017cnych\",\"item\":\"https:\/\/akademia-zdrowia.pl\/kielce\/oferta-szkoleniowa\/ksztalcenie-pielegniarek-i-poloznych\/\"},{\"@type\":\"ListItem\",\"position\":4,\"name\":\"Akty prawne\"}]},{\"@type\":\"WebSite\",\"@id\":\"https:\/\/akademia-zdrowia.pl\/kielce\/#website\",\"url\":\"https:\/\/akademia-zdrowia.pl\/kielce\/\",\"name\":\"Akademia Zdrowia Kielce\",\"description\":\"Kolejna witryna oparta na WordPressie\",\"potentialAction\":[{\"@type\":\"SearchAction\",\"target\":{\"@type\":\"EntryPoint\",\"urlTemplate\":\"https:\/\/akademia-zdrowia.pl\/kielce\/?s={search_term_string}\"},\"query-input\":{\"@type\":\"PropertyValueSpecification\",\"valueRequired\":true,\"valueName\":\"search_term_string\"}}],\"inLanguage\":\"pl-PL\"}]}<\/script>\n<!-- \/ Yoast SEO plugin. -->","yoast_head_json":{"title":"Akty prawne - Akademia Zdrowia Kielce","robots":{"index":"index","follow":"follow","max-snippet":"max-snippet:-1","max-image-preview":"max-image-preview:large","max-video-preview":"max-video-preview:-1"},"canonical":"https:\/\/akademia-zdrowia.pl\/kielce\/oferta-szkoleniowa\/ksztalcenie-pielegniarek-i-poloznych\/akty-prawne\/","og_locale":"pl_PL","og_type":"article","og_title":"Akty prawne - Akademia Zdrowia Kielce","og_description":"LINKI DO AKT\u00d3W PRAWNYCH: Obwieszczenie Marsza\u0142ka Sejmu Rzeczypospolitej Polskiej z dnia 23 lutego 2021 r. w sprawie og\u0142oszenia jednolitego tekstu ustawy o zawodach piel\u0119gniarki i po\u0142o\u017cnej\u00a0 Ustawa z dnia 28 kwietnia 2011 r. o systemie informacji w ochronie zdrowia\u00a0 Rozporz\u0105dzenie Ministra Zdrowia z dnia 30 wrze\u015bnia 2016 r. w sprawie kszta\u0142cenia podyplomowego piel\u0119gniarek i po\u0142o\u017cnych\u00a0...","og_url":"https:\/\/akademia-zdrowia.pl\/kielce\/oferta-szkoleniowa\/ksztalcenie-pielegniarek-i-poloznych\/akty-prawne\/","og_site_name":"Akademia Zdrowia Kielce","article_modified_time":"2024-09-24T09:33:31+00:00","twitter_card":"summary_large_image","twitter_misc":{"Szacowany czas czytania":"2 minuty"},"schema":{"@context":"https:\/\/schema.org","@graph":[{"@type":"WebPage","@id":"https:\/\/akademia-zdrowia.pl\/kielce\/oferta-szkoleniowa\/ksztalcenie-pielegniarek-i-poloznych\/akty-prawne\/","url":"https:\/\/akademia-zdrowia.pl\/kielce\/oferta-szkoleniowa\/ksztalcenie-pielegniarek-i-poloznych\/akty-prawne\/","name":"Akty prawne - Akademia Zdrowia Kielce","isPartOf":{"@id":"https:\/\/akademia-zdrowia.pl\/kielce\/#website"},"datePublished":"2022-02-21T13:30:08+00:00","dateModified":"2024-09-24T09:33:31+00:00","breadcrumb":{"@id":"https:\/\/akademia-zdrowia.pl\/kielce\/oferta-szkoleniowa\/ksztalcenie-pielegniarek-i-poloznych\/akty-prawne\/#breadcrumb"},"inLanguage":"pl-PL","potentialAction":[{"@type":"ReadAction","target":["https:\/\/akademia-zdrowia.pl\/kielce\/oferta-szkoleniowa\/ksztalcenie-pielegniarek-i-poloznych\/akty-prawne\/"]}]},{"@type":"BreadcrumbList","@id":"https:\/\/akademia-zdrowia.pl\/kielce\/oferta-szkoleniowa\/ksztalcenie-pielegniarek-i-poloznych\/akty-prawne\/#breadcrumb","itemListElement":[{"@type":"ListItem","position":1,"name":"Strona g\u0142\u00f3wna","item":"https:\/\/akademia-zdrowia.pl\/kielce\/"},{"@type":"ListItem","position":2,"name":"Oferta szkoleniowa","item":"https:\/\/akademia-zdrowia.pl\/kielce\/oferta-szkoleniowa\/"},{"@type":"ListItem","position":3,"name":"Kszta\u0142cenie piel\u0119gniarek i po\u0142o\u017cnych","item":"https:\/\/akademia-zdrowia.pl\/kielce\/oferta-szkoleniowa\/ksztalcenie-pielegniarek-i-poloznych\/"},{"@type":"ListItem","position":4,"name":"Akty prawne"}]},{"@type":"WebSite","@id":"https:\/\/akademia-zdrowia.pl\/kielce\/#website","url":"https:\/\/akademia-zdrowia.pl\/kielce\/","name":"Akademia Zdrowia Kielce","description":"Kolejna witryna oparta na WordPressie","potentialAction":[{"@type":"SearchAction","target":{"@type":"EntryPoint","urlTemplate":"https:\/\/akademia-zdrowia.pl\/kielce\/?s={search_term_string}"},"query-input":{"@type":"PropertyValueSpecification","valueRequired":true,"valueName":"search_term_string"}}],"inLanguage":"pl-PL"}]}},"_links":{"self":[{"href":"https:\/\/akademia-zdrowia.pl\/kielce\/wp-json\/wp\/v2\/pages\/3729","targetHints":{"allow":["GET"]}}],"collection":[{"href":"https:\/\/akademia-zdrowia.pl\/kielce\/wp-json\/wp\/v2\/pages"}],"about":[{"href":"https:\/\/akademia-zdrowia.pl\/kielce\/wp-json\/wp\/v2\/types\/page"}],"author":[{"embeddable":true,"href":"https:\/\/akademia-zdrowia.pl\/kielce\/wp-json\/wp\/v2\/users\/3"}],"replies":[{"embeddable":true,"href":"https:\/\/akademia-zdrowia.pl\/kielce\/wp-json\/wp\/v2\/comments?post=3729"}],"version-history":[{"count":14,"href":"https:\/\/akademia-zdrowia.pl\/kielce\/wp-json\/wp\/v2\/pages\/3729\/revisions"}],"predecessor-version":[{"id":9289,"href":"https:\/\/akademia-zdrowia.pl\/kielce\/wp-json\/wp\/v2\/pages\/3729\/revisions\/9289"}],"up":[{"embeddable":true,"href":"https:\/\/akademia-zdrowia.pl\/kielce\/wp-json\/wp\/v2\/pages\/53"}],"wp:attachment":[{"href":"https:\/\/akademia-zdrowia.pl\/kielce\/wp-json\/wp\/v2\/media?parent=3729"}],"curies":[{"name":"wp","href":"https:\/\/api.w.org\/{rel}","templated":true}]}}