{"id":399,"date":"2018-01-10T11:36:08","date_gmt":"2018-01-10T10:36:08","guid":{"rendered":"http:\/\/www.akademia-zdrowia.pl\/lodz\/?page_id=399"},"modified":"2026-02-11T19:14:09","modified_gmt":"2026-02-11T18:14:09","slug":"kursy-kwalifikacyjne","status":"publish","type":"page","link":"https:\/\/akademia-zdrowia.pl\/kielce\/oferta-szkoleniowa\/ksztalcenie-pielegniarek-i-poloznych\/kursy-kwalifikacyjne\/","title":{"rendered":"Kursy kwalifikacyjne"},"content":{"rendered":"\t\t<div data-elementor-type=\"wp-page\" data-elementor-id=\"399\" class=\"elementor elementor-399\" data-elementor-post-type=\"page\">\n\t\t\t\t\t\t<section class=\"elementor-section elementor-top-section elementor-element elementor-element-5b9e7d0 elementor-section-boxed elementor-section-height-default elementor-section-height-default\" data-id=\"5b9e7d0\" data-element_type=\"section\" data-e-type=\"section\">\n\t\t\t\t\t\t<div class=\"elementor-container elementor-column-gap-default\">\n\t\t\t\t\t<div class=\"elementor-column elementor-col-33 elementor-top-column elementor-element elementor-element-c186cf4\" data-id=\"c186cf4\" data-element_type=\"column\" data-e-type=\"column\">\n\t\t\t<div class=\"elementor-widget-wrap\">\n\t\t\t\t\t\t\t<\/div>\n\t\t<\/div>\n\t\t\t\t<div class=\"elementor-column elementor-col-33 elementor-top-column elementor-element elementor-element-9e08fc0\" data-id=\"9e08fc0\" data-element_type=\"column\" data-e-type=\"column\">\n\t\t\t<div class=\"elementor-widget-wrap elementor-element-populated\">\n\t\t\t\t\t\t<div class=\"elementor-element elementor-element-6c74866 elementor-widget elementor-widget-rs-heading\" data-id=\"6c74866\" data-element_type=\"widget\" data-e-type=\"widget\" data-widget_type=\"rs-heading.default\">\n\t\t\t\t<div class=\"elementor-widget-container\">\n\t\t\t\t\t        <div class=\"rs-heading default center\">\r\n        \t<div class=\"title-inner\">\r\n        \t\t      \t\t\r\n\t            <span class=\"sub-text \">AKADEMIA ZDROWIA DLA PIEL\u0118GNIAREK<\/span><h2 class=\"title\"><span class=\"watermark\"><\/span>Kursy kwalifikacyjne dla piel\u0119gniarek i po\u0142o\u017cnych<\/h2>\t        <\/div>\r\n\t                <\/div>\r\n        \t\t\t\t<\/div>\n\t\t\t\t<\/div>\n\t\t\t\t\t<\/div>\n\t\t<\/div>\n\t\t\t\t<div class=\"elementor-column elementor-col-33 elementor-top-column elementor-element elementor-element-b3f4188\" data-id=\"b3f4188\" data-element_type=\"column\" data-e-type=\"column\">\n\t\t\t<div class=\"elementor-widget-wrap\">\n\t\t\t\t\t\t\t<\/div>\n\t\t<\/div>\n\t\t\t\t\t<\/div>\n\t\t<\/section>\n\t\t\t\t<section class=\"elementor-section elementor-top-section elementor-element elementor-element-95915a6 elementor-section-stretched elementor-section-boxed elementor-section-height-default elementor-section-height-default\" data-id=\"95915a6\" data-element_type=\"section\" data-e-type=\"section\" data-settings=\"{&quot;background_background&quot;:&quot;classic&quot;,&quot;stretch_section&quot;:&quot;section-stretched&quot;}\">\n\t\t\t\t\t\t<div class=\"elementor-container elementor-column-gap-default\">\n\t\t\t\t\t<div class=\"elementor-column elementor-col-50 elementor-top-column elementor-element elementor-element-974022e\" data-id=\"974022e\" data-element_type=\"column\" data-e-type=\"column\">\n\t\t\t<div class=\"elementor-widget-wrap elementor-element-populated\">\n\t\t\t\t\t\t<div class=\"elementor-element elementor-element-81e3670 elementor-widget elementor-widget-rs-heading\" data-id=\"81e3670\" data-element_type=\"widget\" data-e-type=\"widget\" data-widget_type=\"rs-heading.default\">\n\t\t\t\t<div class=\"elementor-widget-container\">\n\t\t\t\t\t        <div class=\"rs-heading default \">\r\n        \t<div class=\"title-inner\">\r\n        \t\t      \t\t\r\n\t            <span class=\"sub-text \">AKTUALNE NABORY<\/span><h2 class=\"title\"><span class=\"watermark\"><\/span>Kursy kwalifikacyjne<\/h2>\t        <\/div>\r\n\t                    \t<div class=\"description\">\r\n            \t\t<ul><li><strong>Piel\u0119gniarstwo opieki d\u0142ugoterminowej dla piel\u0119gniarek<\/strong> 10.04.2026 (kod logowania 10007)<\/li><li><strong>Piel\u0119gniarstwo \u015brodowiska nauczania i wychowania dla piel\u0119gniarek<\/strong> 10.04.2026 (kod logowania 10021)<\/li><li><strong>Piel\u0119gniarstwo psychiatryczne dla piel\u0119gniarek<\/strong> 17.04.2026 (kod logowania 10010)<\/li><li><strong>Piel\u0119gniarstwo rodzinne dla piel\u0119gniarek<\/strong> 17.04.2026 (kod logowania 10012)<\/li><li><strong>Piel\u0119gniarstwo epidemiologiczne dla piel\u0119gniarek i po\u0142o\u017cnych<\/strong> 24.04.2026 (kod logowania 10015)<\/li><li><strong>Piel\u0119gniarstwo opieki paliatywnej dla piel\u0119gniarek<\/strong> 24.04.2026 (kod logowania 10008)<\/li><li><strong>Ochrona zdrowia pracuj\u0105cych dla piel\u0119gniarek<\/strong> 15.05.2026 (kod logowania 10014)<\/li><\/ul><p>- Zapisy w systemie SMK.<br \/>- Wymagane min. 6 miesi\u0119cy sta\u017cu pracy.<br \/>- P\u0142atno\u015b\u0107 w czterech ratach.<br \/><br \/><strong>Nie zwlekaj - zapisz si\u0119 ju\u017c dzi\u015b i zdob\u0105d\u017a 40 punkt\u00f3w !<\/strong><br \/><br \/>Szczeg\u00f3\u0142owe informacje dotycz\u0105ce nabor\u00f3w dost\u0119pne s\u0105 pod numerem telefonu : <a href=\"tel:+41368 00 66\">(41) 368 00 66<\/a> \/ <a href=\"tel:+48 721-961-837\">721-961-837<\/a><\/p>            \t\t\r\n            \t<\/div>\r\n        \t        <\/div>\r\n        \t\t\t\t<\/div>\n\t\t\t\t<\/div>\n\t\t\t\t<div class=\"elementor-element elementor-element-f63affc elementor-widget elementor-widget-rs-button\" data-id=\"f63affc\" data-element_type=\"widget\" data-e-type=\"widget\" data-widget_type=\"rs-button.default\">\n\t\t\t\t<div class=\"elementor-widget-container\">\n\t\t\t\t\t\t\r\n\t\t\r\n\t\t<div class=\"rs-view-btn\">\r\n\t\t\t\t\t\t<a class=\"rs-btn rs-btnblack rs-btn-style1\" href=\"https:\/\/smk.ezdrowie.gov.pl\/login.jsp\" >\t\t\t\t\r\n\t\t\t\t<span class=\"rs_btn__text\"><span class=\"btn_text\">SMK<\/span><\/span>\r\n\t\t\t<\/a>\r\n\t\t<\/div>    \r\n\t\t\t\t\t<\/div>\n\t\t\t\t<\/div>\n\t\t\t\t\t<\/div>\n\t\t<\/div>\n\t\t\t\t<div class=\"elementor-column elementor-col-50 elementor-top-column elementor-element elementor-element-0f2196f\" data-id=\"0f2196f\" data-element_type=\"column\" data-e-type=\"column\">\n\t\t\t<div class=\"elementor-widget-wrap elementor-element-populated\">\n\t\t\t\t\t\t<div class=\"elementor-element elementor-element-c38a8c7 elementor-widget elementor-widget-image\" data-id=\"c38a8c7\" data-element_type=\"widget\" data-e-type=\"widget\" data-widget_type=\"image.default\">\n\t\t\t\t<div class=\"elementor-widget-container\">\n\t\t\t\t\t\t\t\t\t\t\t\t\t\t\t<img fetchpriority=\"high\" decoding=\"async\" width=\"640\" height=\"960\" src=\"https:\/\/akademia-zdrowia.pl\/kielce\/wp-content\/uploads\/2024\/08\/specjalizacyjne-kursy-pielegniarki-683x1024.png\" class=\"attachment-large size-large wp-image-8394\" alt=\"\" srcset=\"https:\/\/akademia-zdrowia.pl\/kielce\/wp-content\/uploads\/2024\/08\/specjalizacyjne-kursy-pielegniarki-683x1024.png 683w, https:\/\/akademia-zdrowia.pl\/kielce\/wp-content\/uploads\/2024\/08\/specjalizacyjne-kursy-pielegniarki-200x300.png 200w, https:\/\/akademia-zdrowia.pl\/kielce\/wp-content\/uploads\/2024\/08\/specjalizacyjne-kursy-pielegniarki-768x1152.png 768w, https:\/\/akademia-zdrowia.pl\/kielce\/wp-content\/uploads\/2024\/08\/specjalizacyjne-kursy-pielegniarki-1024x1536.png 1024w, https:\/\/akademia-zdrowia.pl\/kielce\/wp-content\/uploads\/2024\/08\/specjalizacyjne-kursy-pielegniarki-500x750.png 500w, https:\/\/akademia-zdrowia.pl\/kielce\/wp-content\/uploads\/2024\/08\/specjalizacyjne-kursy-pielegniarki.png 1152w\" sizes=\"(max-width: 640px) 100vw, 640px\" \/>\t\t\t\t\t\t\t\t\t\t\t\t\t\t\t<\/div>\n\t\t\t\t<\/div>\n\t\t\t\t\t<\/div>\n\t\t<\/div>\n\t\t\t\t\t<\/div>\n\t\t<\/section>\n\t\t\t\t<section class=\"elementor-section elementor-top-section elementor-element elementor-element-0067175 elementor-section-boxed elementor-section-height-default elementor-section-height-default\" data-id=\"0067175\" data-element_type=\"section\" data-e-type=\"section\">\n\t\t\t\t\t\t<div class=\"elementor-container elementor-column-gap-default\">\n\t\t\t\t\t<div class=\"elementor-column elementor-col-50 elementor-top-column elementor-element elementor-element-e64b786\" data-id=\"e64b786\" data-element_type=\"column\" data-e-type=\"column\" data-settings=\"{&quot;background_background&quot;:&quot;classic&quot;}\">\n\t\t\t<div class=\"elementor-widget-wrap elementor-element-populated\">\n\t\t\t\t\t\t<div class=\"elementor-element elementor-element-1cd17ff elementor-widget-mobile__width-initial elementor-widget elementor-widget-rs-heading\" data-id=\"1cd17ff\" data-element_type=\"widget\" data-e-type=\"widget\" data-widget_type=\"rs-heading.default\">\n\t\t\t\t<div class=\"elementor-widget-container\">\n\t\t\t\t\t        <div class=\"rs-heading default \">\r\n        \t<div class=\"title-inner\">\r\n        \t\t      \t\t\r\n\t            <span class=\"sub-text \">MASZ PYTANIA<\/span><h2 class=\"title\"><span class=\"watermark\"><\/span>Skontaktuj  si\u0119 z nami!<\/h2>\t        <\/div>\r\n\t                    \t<div class=\"description\">\r\n            \t\t<p>Kliknij 'Zadzwo\u0144', aby po\u0142\u0105czy\u0107 si\u0119 z opiekunem kursu!<\/p>            \t\t\r\n            \t<\/div>\r\n        \t        <\/div>\r\n        \t\t\t\t<\/div>\n\t\t\t\t<\/div>\n\t\t\t\t<div class=\"elementor-element elementor-element-8c47f6e elementor-widget elementor-widget-rs-button\" data-id=\"8c47f6e\" data-element_type=\"widget\" data-e-type=\"widget\" data-widget_type=\"rs-button.default\">\n\t\t\t\t<div class=\"elementor-widget-container\">\n\t\t\t\t\t\t\r\n\t\t\r\n\t\t<div class=\"rs-view-btn\">\r\n\t\t\t\t\t\t<a class=\"rs-btn rs-btnblack rs-btn-style1\" href=\"tel:+4841368066\" >\t\t\t\t\r\n\t\t\t\t<span class=\"rs_btn__text\"><span class=\"btn_text\">ZADZWO\u0143<\/span><\/span>\r\n\t\t\t<\/a>\r\n\t\t<\/div>    \r\n\t\t\t\t\t<\/div>\n\t\t\t\t<\/div>\n\t\t\t\t\t<\/div>\n\t\t<\/div>\n\t\t\t\t<div class=\"elementor-column elementor-col-50 elementor-top-column elementor-element elementor-element-aabdcc7\" data-id=\"aabdcc7\" data-element_type=\"column\" data-e-type=\"column\">\n\t\t\t<div class=\"elementor-widget-wrap elementor-element-populated\">\n\t\t\t\t\t\t<div class=\"elementor-element elementor-element-52a8e2e elementor-widget elementor-widget-rs-heading\" data-id=\"52a8e2e\" data-element_type=\"widget\" data-e-type=\"widget\" data-widget_type=\"rs-heading.default\">\n\t\t\t\t<div class=\"elementor-widget-container\">\n\t\t\t\t\t        <div class=\"rs-heading default \">\r\n        \t<div class=\"title-inner\">\r\n        \t\t      \t\t\r\n\t            <span class=\"sub-text \">ZAUFANY PARTNER<\/span><h2 class=\"title\"><span class=\"watermark\"><\/span>Dlaczego warto wybra\u0107 nas<\/h2>\t        <\/div>\r\n\t                    \t<div class=\"description\">\r\n            \t\t<p>\u00a0<\/p><p>Zaufaj naszemu wieloletniemu do\u015bwiadczeniu i zespo\u0142owi specjalist\u00f3w. Oferujemy profesjonalne szkolenia, kt\u00f3re pomog\u0105 rozwija\u0107 Tw\u00f3j biznes. Wybieraj\u0105c nas, inwestujesz w sprawdzonego partnera, kt\u00f3ry wspiera sukces Twojej firmy. Skontaktuj si\u0119 z nami i zacznij rozwija\u0107 si\u0119 razem z nami!<\/p>            \t\t\r\n            \t<\/div>\r\n        \t        <\/div>\r\n        \t\t\t\t<\/div>\n\t\t\t\t<\/div>\n\t\t\t\t\t<\/div>\n\t\t<\/div>\n\t\t\t\t\t<\/div>\n\t\t<\/section>\n\t\t\t\t<\/div>\n\t\t","protected":false},"excerpt":{"rendered":"<p>AKADEMIA ZDROWIA DLA PIEL\u0118GNIAREK Kursy kwalifikacyjne dla piel\u0119gniarek i po\u0142o\u017cnych AKTUALNE NABORY Kursy kwalifikacyjne Piel\u0119gniarstwo opieki d\u0142ugoterminowej dla piel\u0119gniarek 10.04.2026 (kod logowania 10007) Piel\u0119gniarstwo \u015brodowiska nauczania i wychowania dla piel\u0119gniarek 10.04.2026 (kod logowania 10021) Piel\u0119gniarstwo psychiatryczne dla piel\u0119gniarek 17.04.2026 (kod logowania 10010) Piel\u0119gniarstwo rodzinne dla piel\u0119gniarek 17.04.2026 (kod logowania 10012) Piel\u0119gniarstwo epidemiologiczne dla piel\u0119gniarek i&#8230;<\/p>\n","protected":false},"author":1,"featured_media":0,"parent":53,"menu_order":0,"comment_status":"closed","ping_status":"closed","template":"","meta":{"footnotes":""},"class_list":["post-399","page","type-page","status-publish","hentry"],"yoast_head":"<!-- This site is optimized with the Yoast SEO plugin v26.9 - https:\/\/yoast.com\/product\/yoast-seo-wordpress\/ -->\n<title>Kursy kwalifikacyjne - Akademia Zdrowia Kielce<\/title>\n<meta name=\"robots\" content=\"index, follow, max-snippet:-1, max-image-preview:large, max-video-preview:-1\" \/>\n<link rel=\"canonical\" href=\"https:\/\/akademia-zdrowia.pl\/kielce\/oferta-szkoleniowa\/ksztalcenie-pielegniarek-i-poloznych\/kursy-kwalifikacyjne\/\" \/>\n<meta property=\"og:locale\" content=\"pl_PL\" \/>\n<meta property=\"og:type\" content=\"article\" \/>\n<meta property=\"og:title\" content=\"Kursy kwalifikacyjne - Akademia Zdrowia Kielce\" \/>\n<meta property=\"og:description\" content=\"AKADEMIA ZDROWIA DLA PIEL\u0118GNIAREK Kursy kwalifikacyjne dla piel\u0119gniarek i po\u0142o\u017cnych AKTUALNE NABORY Kursy kwalifikacyjne Piel\u0119gniarstwo opieki d\u0142ugoterminowej dla piel\u0119gniarek 10.04.2026 (kod logowania 10007) Piel\u0119gniarstwo \u015brodowiska nauczania i wychowania dla piel\u0119gniarek 10.04.2026 (kod logowania 10021) Piel\u0119gniarstwo psychiatryczne dla piel\u0119gniarek 17.04.2026 (kod logowania 10010) Piel\u0119gniarstwo rodzinne dla piel\u0119gniarek 17.04.2026 (kod logowania 10012) Piel\u0119gniarstwo epidemiologiczne dla piel\u0119gniarek i...\" \/>\n<meta property=\"og:url\" content=\"https:\/\/akademia-zdrowia.pl\/kielce\/oferta-szkoleniowa\/ksztalcenie-pielegniarek-i-poloznych\/kursy-kwalifikacyjne\/\" \/>\n<meta property=\"og:site_name\" content=\"Akademia Zdrowia Kielce\" \/>\n<meta property=\"article:modified_time\" content=\"2026-02-11T18:14:09+00:00\" \/>\n<meta property=\"og:image\" content=\"https:\/\/akademia-zdrowia.pl\/kielce\/wp-content\/uploads\/2024\/08\/specjalizacyjne-kursy-pielegniarki.png\" \/>\n\t<meta property=\"og:image:width\" content=\"1152\" \/>\n\t<meta property=\"og:image:height\" content=\"1728\" \/>\n\t<meta property=\"og:image:type\" content=\"image\/png\" \/>\n<meta name=\"twitter:card\" content=\"summary_large_image\" \/>\n<meta name=\"twitter:label1\" content=\"Szacowany czas czytania\" \/>\n\t<meta name=\"twitter:data1\" content=\"2 minuty\" \/>\n<script type=\"application\/ld+json\" class=\"yoast-schema-graph\">{\"@context\":\"https:\/\/schema.org\",\"@graph\":[{\"@type\":\"WebPage\",\"@id\":\"https:\/\/akademia-zdrowia.pl\/kielce\/oferta-szkoleniowa\/ksztalcenie-pielegniarek-i-poloznych\/kursy-kwalifikacyjne\/\",\"url\":\"https:\/\/akademia-zdrowia.pl\/kielce\/oferta-szkoleniowa\/ksztalcenie-pielegniarek-i-poloznych\/kursy-kwalifikacyjne\/\",\"name\":\"Kursy kwalifikacyjne - Akademia Zdrowia Kielce\",\"isPartOf\":{\"@id\":\"https:\/\/akademia-zdrowia.pl\/kielce\/#website\"},\"primaryImageOfPage\":{\"@id\":\"https:\/\/akademia-zdrowia.pl\/kielce\/oferta-szkoleniowa\/ksztalcenie-pielegniarek-i-poloznych\/kursy-kwalifikacyjne\/#primaryimage\"},\"image\":{\"@id\":\"https:\/\/akademia-zdrowia.pl\/kielce\/oferta-szkoleniowa\/ksztalcenie-pielegniarek-i-poloznych\/kursy-kwalifikacyjne\/#primaryimage\"},\"thumbnailUrl\":\"https:\/\/akademia-zdrowia.pl\/kielce\/wp-content\/uploads\/2024\/08\/specjalizacyjne-kursy-pielegniarki-683x1024.png\",\"datePublished\":\"2018-01-10T10:36:08+00:00\",\"dateModified\":\"2026-02-11T18:14:09+00:00\",\"breadcrumb\":{\"@id\":\"https:\/\/akademia-zdrowia.pl\/kielce\/oferta-szkoleniowa\/ksztalcenie-pielegniarek-i-poloznych\/kursy-kwalifikacyjne\/#breadcrumb\"},\"inLanguage\":\"pl-PL\",\"potentialAction\":[{\"@type\":\"ReadAction\",\"target\":[\"https:\/\/akademia-zdrowia.pl\/kielce\/oferta-szkoleniowa\/ksztalcenie-pielegniarek-i-poloznych\/kursy-kwalifikacyjne\/\"]}]},{\"@type\":\"ImageObject\",\"inLanguage\":\"pl-PL\",\"@id\":\"https:\/\/akademia-zdrowia.pl\/kielce\/oferta-szkoleniowa\/ksztalcenie-pielegniarek-i-poloznych\/kursy-kwalifikacyjne\/#primaryimage\",\"url\":\"https:\/\/akademia-zdrowia.pl\/kielce\/wp-content\/uploads\/2024\/08\/specjalizacyjne-kursy-pielegniarki.png\",\"contentUrl\":\"https:\/\/akademia-zdrowia.pl\/kielce\/wp-content\/uploads\/2024\/08\/specjalizacyjne-kursy-pielegniarki.png\",\"width\":1152,\"height\":1728},{\"@type\":\"BreadcrumbList\",\"@id\":\"https:\/\/akademia-zdrowia.pl\/kielce\/oferta-szkoleniowa\/ksztalcenie-pielegniarek-i-poloznych\/kursy-kwalifikacyjne\/#breadcrumb\",\"itemListElement\":[{\"@type\":\"ListItem\",\"position\":1,\"name\":\"Strona g\u0142\u00f3wna\",\"item\":\"https:\/\/akademia-zdrowia.pl\/kielce\/\"},{\"@type\":\"ListItem\",\"position\":2,\"name\":\"Oferta szkoleniowa\",\"item\":\"https:\/\/akademia-zdrowia.pl\/kielce\/oferta-szkoleniowa\/\"},{\"@type\":\"ListItem\",\"position\":3,\"name\":\"Kszta\u0142cenie piel\u0119gniarek i po\u0142o\u017cnych\",\"item\":\"https:\/\/akademia-zdrowia.pl\/kielce\/oferta-szkoleniowa\/ksztalcenie-pielegniarek-i-poloznych\/\"},{\"@type\":\"ListItem\",\"position\":4,\"name\":\"Kursy kwalifikacyjne\"}]},{\"@type\":\"WebSite\",\"@id\":\"https:\/\/akademia-zdrowia.pl\/kielce\/#website\",\"url\":\"https:\/\/akademia-zdrowia.pl\/kielce\/\",\"name\":\"Akademia Zdrowia Kielce\",\"description\":\"Kolejna witryna oparta na WordPressie\",\"potentialAction\":[{\"@type\":\"SearchAction\",\"target\":{\"@type\":\"EntryPoint\",\"urlTemplate\":\"https:\/\/akademia-zdrowia.pl\/kielce\/?s={search_term_string}\"},\"query-input\":{\"@type\":\"PropertyValueSpecification\",\"valueRequired\":true,\"valueName\":\"search_term_string\"}}],\"inLanguage\":\"pl-PL\"}]}<\/script>\n<!-- \/ Yoast SEO plugin. -->","yoast_head_json":{"title":"Kursy kwalifikacyjne - Akademia Zdrowia Kielce","robots":{"index":"index","follow":"follow","max-snippet":"max-snippet:-1","max-image-preview":"max-image-preview:large","max-video-preview":"max-video-preview:-1"},"canonical":"https:\/\/akademia-zdrowia.pl\/kielce\/oferta-szkoleniowa\/ksztalcenie-pielegniarek-i-poloznych\/kursy-kwalifikacyjne\/","og_locale":"pl_PL","og_type":"article","og_title":"Kursy kwalifikacyjne - Akademia Zdrowia Kielce","og_description":"AKADEMIA ZDROWIA DLA PIEL\u0118GNIAREK Kursy kwalifikacyjne dla piel\u0119gniarek i po\u0142o\u017cnych AKTUALNE NABORY Kursy kwalifikacyjne Piel\u0119gniarstwo opieki d\u0142ugoterminowej dla piel\u0119gniarek 10.04.2026 (kod logowania 10007) Piel\u0119gniarstwo \u015brodowiska nauczania i wychowania dla piel\u0119gniarek 10.04.2026 (kod logowania 10021) Piel\u0119gniarstwo psychiatryczne dla piel\u0119gniarek 17.04.2026 (kod logowania 10010) Piel\u0119gniarstwo rodzinne dla piel\u0119gniarek 17.04.2026 (kod logowania 10012) Piel\u0119gniarstwo epidemiologiczne dla piel\u0119gniarek i...","og_url":"https:\/\/akademia-zdrowia.pl\/kielce\/oferta-szkoleniowa\/ksztalcenie-pielegniarek-i-poloznych\/kursy-kwalifikacyjne\/","og_site_name":"Akademia Zdrowia Kielce","article_modified_time":"2026-02-11T18:14:09+00:00","og_image":[{"width":1152,"height":1728,"url":"https:\/\/akademia-zdrowia.pl\/kielce\/wp-content\/uploads\/2024\/08\/specjalizacyjne-kursy-pielegniarki.png","type":"image\/png"}],"twitter_card":"summary_large_image","twitter_misc":{"Szacowany czas czytania":"2 minuty"},"schema":{"@context":"https:\/\/schema.org","@graph":[{"@type":"WebPage","@id":"https:\/\/akademia-zdrowia.pl\/kielce\/oferta-szkoleniowa\/ksztalcenie-pielegniarek-i-poloznych\/kursy-kwalifikacyjne\/","url":"https:\/\/akademia-zdrowia.pl\/kielce\/oferta-szkoleniowa\/ksztalcenie-pielegniarek-i-poloznych\/kursy-kwalifikacyjne\/","name":"Kursy kwalifikacyjne - Akademia Zdrowia Kielce","isPartOf":{"@id":"https:\/\/akademia-zdrowia.pl\/kielce\/#website"},"primaryImageOfPage":{"@id":"https:\/\/akademia-zdrowia.pl\/kielce\/oferta-szkoleniowa\/ksztalcenie-pielegniarek-i-poloznych\/kursy-kwalifikacyjne\/#primaryimage"},"image":{"@id":"https:\/\/akademia-zdrowia.pl\/kielce\/oferta-szkoleniowa\/ksztalcenie-pielegniarek-i-poloznych\/kursy-kwalifikacyjne\/#primaryimage"},"thumbnailUrl":"https:\/\/akademia-zdrowia.pl\/kielce\/wp-content\/uploads\/2024\/08\/specjalizacyjne-kursy-pielegniarki-683x1024.png","datePublished":"2018-01-10T10:36:08+00:00","dateModified":"2026-02-11T18:14:09+00:00","breadcrumb":{"@id":"https:\/\/akademia-zdrowia.pl\/kielce\/oferta-szkoleniowa\/ksztalcenie-pielegniarek-i-poloznych\/kursy-kwalifikacyjne\/#breadcrumb"},"inLanguage":"pl-PL","potentialAction":[{"@type":"ReadAction","target":["https:\/\/akademia-zdrowia.pl\/kielce\/oferta-szkoleniowa\/ksztalcenie-pielegniarek-i-poloznych\/kursy-kwalifikacyjne\/"]}]},{"@type":"ImageObject","inLanguage":"pl-PL","@id":"https:\/\/akademia-zdrowia.pl\/kielce\/oferta-szkoleniowa\/ksztalcenie-pielegniarek-i-poloznych\/kursy-kwalifikacyjne\/#primaryimage","url":"https:\/\/akademia-zdrowia.pl\/kielce\/wp-content\/uploads\/2024\/08\/specjalizacyjne-kursy-pielegniarki.png","contentUrl":"https:\/\/akademia-zdrowia.pl\/kielce\/wp-content\/uploads\/2024\/08\/specjalizacyjne-kursy-pielegniarki.png","width":1152,"height":1728},{"@type":"BreadcrumbList","@id":"https:\/\/akademia-zdrowia.pl\/kielce\/oferta-szkoleniowa\/ksztalcenie-pielegniarek-i-poloznych\/kursy-kwalifikacyjne\/#breadcrumb","itemListElement":[{"@type":"ListItem","position":1,"name":"Strona g\u0142\u00f3wna","item":"https:\/\/akademia-zdrowia.pl\/kielce\/"},{"@type":"ListItem","position":2,"name":"Oferta szkoleniowa","item":"https:\/\/akademia-zdrowia.pl\/kielce\/oferta-szkoleniowa\/"},{"@type":"ListItem","position":3,"name":"Kszta\u0142cenie piel\u0119gniarek i po\u0142o\u017cnych","item":"https:\/\/akademia-zdrowia.pl\/kielce\/oferta-szkoleniowa\/ksztalcenie-pielegniarek-i-poloznych\/"},{"@type":"ListItem","position":4,"name":"Kursy kwalifikacyjne"}]},{"@type":"WebSite","@id":"https:\/\/akademia-zdrowia.pl\/kielce\/#website","url":"https:\/\/akademia-zdrowia.pl\/kielce\/","name":"Akademia Zdrowia Kielce","description":"Kolejna witryna oparta na WordPressie","potentialAction":[{"@type":"SearchAction","target":{"@type":"EntryPoint","urlTemplate":"https:\/\/akademia-zdrowia.pl\/kielce\/?s={search_term_string}"},"query-input":{"@type":"PropertyValueSpecification","valueRequired":true,"valueName":"search_term_string"}}],"inLanguage":"pl-PL"}]}},"_links":{"self":[{"href":"https:\/\/akademia-zdrowia.pl\/kielce\/wp-json\/wp\/v2\/pages\/399","targetHints":{"allow":["GET"]}}],"collection":[{"href":"https:\/\/akademia-zdrowia.pl\/kielce\/wp-json\/wp\/v2\/pages"}],"about":[{"href":"https:\/\/akademia-zdrowia.pl\/kielce\/wp-json\/wp\/v2\/types\/page"}],"author":[{"embeddable":true,"href":"https:\/\/akademia-zdrowia.pl\/kielce\/wp-json\/wp\/v2\/users\/1"}],"replies":[{"embeddable":true,"href":"https:\/\/akademia-zdrowia.pl\/kielce\/wp-json\/wp\/v2\/comments?post=399"}],"version-history":[{"count":99,"href":"https:\/\/akademia-zdrowia.pl\/kielce\/wp-json\/wp\/v2\/pages\/399\/revisions"}],"predecessor-version":[{"id":9895,"href":"https:\/\/akademia-zdrowia.pl\/kielce\/wp-json\/wp\/v2\/pages\/399\/revisions\/9895"}],"up":[{"embeddable":true,"href":"https:\/\/akademia-zdrowia.pl\/kielce\/wp-json\/wp\/v2\/pages\/53"}],"wp:attachment":[{"href":"https:\/\/akademia-zdrowia.pl\/kielce\/wp-json\/wp\/v2\/media?parent=399"}],"curies":[{"name":"wp","href":"https:\/\/api.w.org\/{rel}","templated":true}]}}