{"id":403,"date":"2018-01-10T11:37:58","date_gmt":"2018-01-10T10:37:58","guid":{"rendered":"http:\/\/www.akademia-zdrowia.pl\/lodz\/?page_id=403"},"modified":"2022-11-25T10:30:02","modified_gmt":"2022-11-25T09:30:02","slug":"dializoterapia","status":"publish","type":"page","link":"https:\/\/akademia-zdrowia.pl\/kielce\/oferta-szkoleniowa\/ksztalcenie-pielegniarek-i-poloznych\/kursy-specjalistyczne\/dializoterapia\/","title":{"rendered":"Dializoterapia"},"content":{"rendered":"\t\t<div data-elementor-type=\"wp-page\" data-elementor-id=\"403\" class=\"elementor elementor-403\" data-elementor-post-type=\"page\">\n\t\t\t\t\t\t<section class=\"elementor-section elementor-top-section elementor-element elementor-element-0ab7f35 elementor-section-boxed elementor-section-height-default elementor-section-height-default\" data-id=\"0ab7f35\" data-element_type=\"section\" data-e-type=\"section\">\n\t\t\t\t\t\t<div class=\"elementor-container elementor-column-gap-default\">\n\t\t\t\t\t<div class=\"elementor-column elementor-col-100 elementor-top-column elementor-element elementor-element-4ce306a\" data-id=\"4ce306a\" data-element_type=\"column\" data-e-type=\"column\">\n\t\t\t<div class=\"elementor-widget-wrap elementor-element-populated\">\n\t\t\t\t\t\t<div class=\"elementor-element elementor-element-d6c8527 elementor-widget elementor-widget-text-editor\" data-id=\"d6c8527\" data-element_type=\"widget\" data-e-type=\"widget\" data-widget_type=\"text-editor.default\">\n\t\t\t\t<div class=\"elementor-widget-container\">\n\t\t\t\t\t\t\t\t\t<p><strong>Rodzaj kszta\u0142cenia<\/strong><\/p><p>Kurs specjalistyczny jest to\u00a0 \u00a0rodzaj\u00a0 \u00a0kszta\u0142cenia,\u00a0 \u00a0kt\u00f3ry\u00a0 \u00a0zgodnie\u00a0 \u00a0z\u00a0 \u00a0ustaw\u0105\u00a0 \u00a0z\u00a0 \u00a0dnia 15 lipca 2011 r. <em>o zawodach piel\u0119gniarki i po\u0142o\u017cnej <\/em>(Dz.U. z 2014., poz. 1435, z p\u00f3\u017an. zm.) ma na celu uzyskanie przez piel\u0119gniark\u0119 lub po\u0142o\u017cn\u0105 wiedzy i umiej\u0119tno\u015bci do wykonywania okre\u015blonych czynno\u015bci zawodowych przy udzielaniu \u015bwiadcze\u0144 piel\u0119gnacyjnych, zapobiegawczych, diagnostycznych, leczniczych lub rehabilitacyjnych.<\/p><p>\u00a0<\/p><p><strong>Cel kszta\u0142cenia<\/strong><\/p><p>Przygotowanie piel\u0119gniarki do udzielania \u015bwiadcze\u0144 zdrowotnych w zakresie opieki nad pacjentem leczonym hemodializ\u0105, dializ\u0105 otrzewnow\u0105 i technikami pokrewnymi.<\/p><p>\u00a0<\/p><p><strong>Czas kszta\u0142cenia<\/strong><\/p><p>Liczba godzin przeznaczona na realizacj\u0119 programu kursu specjalistycznego w kontakcie z wyk\u0142adowc\u0105\/opiekunem sta\u017cu wynosi <strong>165 <\/strong>godzin dydaktycznych, w tym:<\/p><p>zaj\u0119cia teoretyczne\u2013<strong>75 <\/strong>godzin,<\/p><p>zaj\u0119cia praktyczne\u2013<strong>90 <\/strong>godzin.<\/p><p>\u00a0<\/p><p><em>Organizator kszta\u0142cenia w porozumieniu z kierownikiem kursu, ma prawo dokona\u0107 modyfikacji czasu trwania zaj\u0119\u0107 teoretycznych. Oznacza to, \u017ce 90% \u0142\u0105cznej liczby godzin przeznaczonych na realizacj\u0119 programu nie podlega zmianie. Wskazane 10%, <strong>co stanowi nie wi\u0119cej ni\u017c 16 godzin, mo\u017ce by\u0107 wykorzystane na samokszta\u0142cenie.<\/strong><\/em><\/p><p><strong><em>\u00a0<\/em><\/strong><\/p>\t\t\t\t\t\t\t\t<\/div>\n\t\t\t\t<\/div>\n\t\t\t\t\t<\/div>\n\t\t<\/div>\n\t\t\t\t\t<\/div>\n\t\t<\/section>\n\t\t\t\t<section class=\"elementor-section elementor-top-section elementor-element elementor-element-ab8fb03 elementor-section-boxed elementor-section-height-default elementor-section-height-default\" data-id=\"ab8fb03\" data-element_type=\"section\" data-e-type=\"section\">\n\t\t\t\t\t\t<div class=\"elementor-container elementor-column-gap-default\">\n\t\t\t\t\t<div class=\"elementor-column elementor-col-100 elementor-top-column elementor-element elementor-element-32297b6\" data-id=\"32297b6\" data-element_type=\"column\" data-e-type=\"column\">\n\t\t\t<div class=\"elementor-widget-wrap elementor-element-populated\">\n\t\t\t\t\t\t<div class=\"elementor-element elementor-element-88eb4f9 elementor-widget elementor-widget-text-editor\" data-id=\"88eb4f9\" data-element_type=\"widget\" data-e-type=\"widget\" data-widget_type=\"text-editor.default\">\n\t\t\t\t<div class=\"elementor-widget-container\">\n\t\t\t\t\t\t\t\t\t<p><strong>PLAN NAUCZANIA<\/strong><\/p><table width=\"626\"><tbody><tr><td width=\"63\"><p><strong>\u00a0<\/strong><\/p><p><strong>Lp.<\/strong><\/p><\/td><td width=\"117\"><p><strong>\u00a0<\/strong><\/p><p><strong>Nazwa modu\u0142u<\/strong><\/p><\/td><td width=\"59\"><p><strong>Liczba godzin teorii<\/strong><\/p><\/td><td width=\"151\"><p><strong>Miejsce realizacji sta\u017cu<\/strong><\/p><\/td><td width=\"70\"><p><strong>Liczba godzin sta\u017cu<\/strong><\/p><\/td><td width=\"165\"><p><strong>\u0141\u0105czna liczba godzin kontaktowych<\/strong><\/p><\/td><\/tr><tr><td width=\"63\"><p><strong>I<\/strong><\/p><\/td><td width=\"117\"><p>Podstawy dializoterapii<\/p><\/td><td width=\"59\"><p>15<\/p><\/td><td width=\"151\"><p>&#8211;<\/p><\/td><td width=\"70\"><p>&#8211;<\/p><\/td><td width=\"165\"><p><strong>15<\/strong><\/p><\/td><\/tr><tr><td rowspan=\"2\" width=\"63\"><p><strong>\u00a0<\/strong><\/p><p><strong>\u00a0<\/strong><\/p><p><strong>\u00a0<\/strong><\/p><p><strong>\u00a0<\/strong><\/p><p><strong>II<\/strong><\/p><\/td><td rowspan=\"2\" width=\"117\"><p><strong>\u00a0<\/strong><\/p><p><strong>\u00a0<\/strong><\/p><p><strong>\u00a0<\/strong><\/p><p><strong>\u00a0<\/strong><\/p><p>Hemodializa<\/p><\/td><td rowspan=\"2\" width=\"59\"><p><strong>\u00a0<\/strong><\/p><p><strong>\u00a0<\/strong><\/p><p><strong>\u00a0<\/strong><\/p><p><strong>\u00a0<\/strong><\/p><p>30<\/p><\/td><td width=\"151\"><p>Stacja dializ<\/p><\/td><td width=\"70\"><p>35<\/p><\/td><td rowspan=\"2\" width=\"165\"><p><strong>\u00a0<\/strong><\/p><p><strong>\u00a0<\/strong><\/p><p><strong>\u00a0<\/strong><\/p><p><strong>\u00a0<\/strong><\/p><p><strong>85<\/strong><\/p><\/td><\/tr><tr><td width=\"151\"><p><strong>\u00a0<\/strong><\/p><p>Oddzia\u0142 toksykologiczny; Oddzia\u0142 anestezjologii i intensywnej terapii; Stacja dializ<\/p><\/td><td width=\"70\"><p><strong>\u00a0<\/strong><\/p><p><strong>\u00a0<\/strong><\/p><p><strong>\u00a0<\/strong><\/p><p>20<\/p><\/td><\/tr><tr><td width=\"63\"><p><strong>III<\/strong><\/p><\/td><td width=\"117\"><p>Dializa otrzewnowa<\/p><\/td><td width=\"59\"><p>30<\/p><\/td><td width=\"151\"><p>Oddzia\u0142 dializ otrzewnowych<\/p><\/td><td width=\"70\"><p>35<\/p><\/td><td width=\"165\"><p><strong>65<\/strong><\/p><\/td><\/tr><tr><td width=\"63\"><p><strong>\u0141\u0105cznie<\/strong><\/p><\/td><td width=\"117\"><p>\u00a0<\/p><\/td><td width=\"59\"><p><strong>75<\/strong><\/p><\/td><td width=\"151\"><p>\u00a0<\/p><\/td><td width=\"70\"><p><strong>90<\/strong><\/p><\/td><td width=\"165\"><p><strong>165*<\/strong><\/p><\/td><\/tr><\/tbody><\/table>\t\t\t\t\t\t\t\t<\/div>\n\t\t\t\t<\/div>\n\t\t\t\t\t<\/div>\n\t\t<\/div>\n\t\t\t\t\t<\/div>\n\t\t<\/section>\n\t\t\t\t<section class=\"elementor-section elementor-top-section elementor-element elementor-element-cfa75e1 elementor-section-boxed elementor-section-height-default elementor-section-height-default\" data-id=\"cfa75e1\" data-element_type=\"section\" data-e-type=\"section\">\n\t\t\t\t\t\t<div class=\"elementor-container elementor-column-gap-default\">\n\t\t\t\t\t<div class=\"elementor-column elementor-col-50 elementor-top-column elementor-element elementor-element-211d77f\" data-id=\"211d77f\" data-element_type=\"column\" data-e-type=\"column\">\n\t\t\t<div class=\"elementor-widget-wrap elementor-element-populated\">\n\t\t\t\t\t\t<div class=\"elementor-element elementor-element-d1c256a elementor-align-left elementor-widget elementor-widget-button\" data-id=\"d1c256a\" data-element_type=\"widget\" data-e-type=\"widget\" data-widget_type=\"button.default\">\n\t\t\t\t<div class=\"elementor-widget-container\">\n\t\t\t\t\t\t\t\t\t<div class=\"elementor-button-wrapper\">\n\t\t\t\t\t<a class=\"elementor-button elementor-button-link elementor-size-lg\" href=\"https:\/\/akademia-zdrowia.pl\/kielce\/wp-content\/uploads\/2022\/11\/Dializoterapia.pdf\">\n\t\t\t\t\t\t<span class=\"elementor-button-content-wrapper\">\n\t\t\t\t\t\t\t\t\t<span class=\"elementor-button-text\">PROGRAM<\/span>\n\t\t\t\t\t<\/span>\n\t\t\t\t\t<\/a>\n\t\t\t\t<\/div>\n\t\t\t\t\t\t\t\t<\/div>\n\t\t\t\t<\/div>\n\t\t\t\t\t<\/div>\n\t\t<\/div>\n\t\t\t\t<div class=\"elementor-column elementor-col-50 elementor-top-column elementor-element elementor-element-78a522d\" data-id=\"78a522d\" data-element_type=\"column\" data-e-type=\"column\">\n\t\t\t<div class=\"elementor-widget-wrap elementor-element-populated\">\n\t\t\t\t\t\t<div class=\"elementor-element elementor-element-3afc73f elementor-align-left elementor-widget elementor-widget-button\" data-id=\"3afc73f\" data-element_type=\"widget\" data-e-type=\"widget\" data-widget_type=\"button.default\">\n\t\t\t\t<div class=\"elementor-widget-container\">\n\t\t\t\t\t\t\t\t\t<div class=\"elementor-button-wrapper\">\n\t\t\t\t\t<a class=\"elementor-button elementor-button-link elementor-size-lg\" href=\"https:\/\/smk.ezdrowie.gov.pl\/login.jsp\">\n\t\t\t\t\t\t<span class=\"elementor-button-content-wrapper\">\n\t\t\t\t\t\t\t\t\t<span class=\"elementor-button-text\">ZAPISZ SI\u0118!<\/span>\n\t\t\t\t\t<\/span>\n\t\t\t\t\t<\/a>\n\t\t\t\t<\/div>\n\t\t\t\t\t\t\t\t<\/div>\n\t\t\t\t<\/div>\n\t\t\t\t\t<\/div>\n\t\t<\/div>\n\t\t\t\t\t<\/div>\n\t\t<\/section>\n\t\t\t\t<\/div>\n\t\t","protected":false},"excerpt":{"rendered":"<p>Rodzaj kszta\u0142cenia Kurs specjalistyczny jest to\u00a0 \u00a0rodzaj\u00a0 \u00a0kszta\u0142cenia,\u00a0 \u00a0kt\u00f3ry\u00a0 \u00a0zgodnie\u00a0 \u00a0z\u00a0 \u00a0ustaw\u0105\u00a0 \u00a0z\u00a0 \u00a0dnia 15 lipca 2011 r. o zawodach piel\u0119gniarki i po\u0142o\u017cnej (Dz.U. z 2014., poz. 1435, z p\u00f3\u017an. zm.) ma na celu uzyskanie przez piel\u0119gniark\u0119 lub po\u0142o\u017cn\u0105 wiedzy i umiej\u0119tno\u015bci do wykonywania okre\u015blonych czynno\u015bci zawodowych przy udzielaniu \u015bwiadcze\u0144 piel\u0119gnacyjnych, zapobiegawczych, diagnostycznych, leczniczych lub&#8230;<\/p>\n","protected":false},"author":1,"featured_media":0,"parent":397,"menu_order":0,"comment_status":"closed","ping_status":"closed","template":"","meta":{"footnotes":""},"class_list":["post-403","page","type-page","status-publish","hentry"],"yoast_head":"<!-- This site is optimized with the Yoast SEO plugin v26.9 - https:\/\/yoast.com\/product\/yoast-seo-wordpress\/ -->\n<title>Dializoterapia - Akademia Zdrowia Kielce<\/title>\n<meta name=\"robots\" content=\"index, follow, max-snippet:-1, max-image-preview:large, max-video-preview:-1\" \/>\n<link rel=\"canonical\" href=\"https:\/\/akademia-zdrowia.pl\/kielce\/oferta-szkoleniowa\/ksztalcenie-pielegniarek-i-poloznych\/kursy-specjalistyczne\/dializoterapia\/\" \/>\n<meta property=\"og:locale\" content=\"pl_PL\" \/>\n<meta property=\"og:type\" content=\"article\" \/>\n<meta property=\"og:title\" content=\"Dializoterapia - Akademia Zdrowia Kielce\" \/>\n<meta property=\"og:description\" content=\"Rodzaj kszta\u0142cenia Kurs specjalistyczny jest to\u00a0 \u00a0rodzaj\u00a0 \u00a0kszta\u0142cenia,\u00a0 \u00a0kt\u00f3ry\u00a0 \u00a0zgodnie\u00a0 \u00a0z\u00a0 \u00a0ustaw\u0105\u00a0 \u00a0z\u00a0 \u00a0dnia 15 lipca 2011 r. o zawodach piel\u0119gniarki i po\u0142o\u017cnej (Dz.U. z 2014., poz. 1435, z p\u00f3\u017an. zm.) ma na celu uzyskanie przez piel\u0119gniark\u0119 lub po\u0142o\u017cn\u0105 wiedzy i umiej\u0119tno\u015bci do wykonywania okre\u015blonych czynno\u015bci zawodowych przy udzielaniu \u015bwiadcze\u0144 piel\u0119gnacyjnych, zapobiegawczych, diagnostycznych, leczniczych lub...\" \/>\n<meta property=\"og:url\" content=\"https:\/\/akademia-zdrowia.pl\/kielce\/oferta-szkoleniowa\/ksztalcenie-pielegniarek-i-poloznych\/kursy-specjalistyczne\/dializoterapia\/\" \/>\n<meta property=\"og:site_name\" content=\"Akademia Zdrowia Kielce\" \/>\n<meta property=\"article:modified_time\" content=\"2022-11-25T09:30:02+00:00\" \/>\n<meta name=\"twitter:card\" content=\"summary_large_image\" \/>\n<meta name=\"twitter:label1\" content=\"Szacowany czas czytania\" \/>\n\t<meta name=\"twitter:data1\" content=\"2 minuty\" \/>\n<script type=\"application\/ld+json\" class=\"yoast-schema-graph\">{\"@context\":\"https:\/\/schema.org\",\"@graph\":[{\"@type\":\"WebPage\",\"@id\":\"https:\/\/akademia-zdrowia.pl\/kielce\/oferta-szkoleniowa\/ksztalcenie-pielegniarek-i-poloznych\/kursy-specjalistyczne\/dializoterapia\/\",\"url\":\"https:\/\/akademia-zdrowia.pl\/kielce\/oferta-szkoleniowa\/ksztalcenie-pielegniarek-i-poloznych\/kursy-specjalistyczne\/dializoterapia\/\",\"name\":\"Dializoterapia - Akademia Zdrowia Kielce\",\"isPartOf\":{\"@id\":\"https:\/\/akademia-zdrowia.pl\/kielce\/#website\"},\"datePublished\":\"2018-01-10T10:37:58+00:00\",\"dateModified\":\"2022-11-25T09:30:02+00:00\",\"breadcrumb\":{\"@id\":\"https:\/\/akademia-zdrowia.pl\/kielce\/oferta-szkoleniowa\/ksztalcenie-pielegniarek-i-poloznych\/kursy-specjalistyczne\/dializoterapia\/#breadcrumb\"},\"inLanguage\":\"pl-PL\",\"potentialAction\":[{\"@type\":\"ReadAction\",\"target\":[\"https:\/\/akademia-zdrowia.pl\/kielce\/oferta-szkoleniowa\/ksztalcenie-pielegniarek-i-poloznych\/kursy-specjalistyczne\/dializoterapia\/\"]}]},{\"@type\":\"BreadcrumbList\",\"@id\":\"https:\/\/akademia-zdrowia.pl\/kielce\/oferta-szkoleniowa\/ksztalcenie-pielegniarek-i-poloznych\/kursy-specjalistyczne\/dializoterapia\/#breadcrumb\",\"itemListElement\":[{\"@type\":\"ListItem\",\"position\":1,\"name\":\"Strona g\u0142\u00f3wna\",\"item\":\"https:\/\/akademia-zdrowia.pl\/kielce\/\"},{\"@type\":\"ListItem\",\"position\":2,\"name\":\"Oferta szkoleniowa\",\"item\":\"https:\/\/akademia-zdrowia.pl\/kielce\/oferta-szkoleniowa\/\"},{\"@type\":\"ListItem\",\"position\":3,\"name\":\"Kszta\u0142cenie piel\u0119gniarek i po\u0142o\u017cnych\",\"item\":\"https:\/\/akademia-zdrowia.pl\/kielce\/oferta-szkoleniowa\/ksztalcenie-pielegniarek-i-poloznych\/\"},{\"@type\":\"ListItem\",\"position\":4,\"name\":\"Kursy specjalistyczne\",\"item\":\"https:\/\/akademia-zdrowia.pl\/kielce\/oferta-szkoleniowa\/ksztalcenie-pielegniarek-i-poloznych\/kursy-specjalistyczne\/\"},{\"@type\":\"ListItem\",\"position\":5,\"name\":\"Dializoterapia\"}]},{\"@type\":\"WebSite\",\"@id\":\"https:\/\/akademia-zdrowia.pl\/kielce\/#website\",\"url\":\"https:\/\/akademia-zdrowia.pl\/kielce\/\",\"name\":\"Akademia Zdrowia Kielce\",\"description\":\"Kolejna witryna oparta na WordPressie\",\"potentialAction\":[{\"@type\":\"SearchAction\",\"target\":{\"@type\":\"EntryPoint\",\"urlTemplate\":\"https:\/\/akademia-zdrowia.pl\/kielce\/?s={search_term_string}\"},\"query-input\":{\"@type\":\"PropertyValueSpecification\",\"valueRequired\":true,\"valueName\":\"search_term_string\"}}],\"inLanguage\":\"pl-PL\"}]}<\/script>\n<!-- \/ Yoast SEO plugin. -->","yoast_head_json":{"title":"Dializoterapia - Akademia Zdrowia Kielce","robots":{"index":"index","follow":"follow","max-snippet":"max-snippet:-1","max-image-preview":"max-image-preview:large","max-video-preview":"max-video-preview:-1"},"canonical":"https:\/\/akademia-zdrowia.pl\/kielce\/oferta-szkoleniowa\/ksztalcenie-pielegniarek-i-poloznych\/kursy-specjalistyczne\/dializoterapia\/","og_locale":"pl_PL","og_type":"article","og_title":"Dializoterapia - Akademia Zdrowia Kielce","og_description":"Rodzaj kszta\u0142cenia Kurs specjalistyczny jest to\u00a0 \u00a0rodzaj\u00a0 \u00a0kszta\u0142cenia,\u00a0 \u00a0kt\u00f3ry\u00a0 \u00a0zgodnie\u00a0 \u00a0z\u00a0 \u00a0ustaw\u0105\u00a0 \u00a0z\u00a0 \u00a0dnia 15 lipca 2011 r. o zawodach piel\u0119gniarki i po\u0142o\u017cnej (Dz.U. z 2014., poz. 1435, z p\u00f3\u017an. zm.) ma na celu uzyskanie przez piel\u0119gniark\u0119 lub po\u0142o\u017cn\u0105 wiedzy i umiej\u0119tno\u015bci do wykonywania okre\u015blonych czynno\u015bci zawodowych przy udzielaniu \u015bwiadcze\u0144 piel\u0119gnacyjnych, zapobiegawczych, diagnostycznych, leczniczych lub...","og_url":"https:\/\/akademia-zdrowia.pl\/kielce\/oferta-szkoleniowa\/ksztalcenie-pielegniarek-i-poloznych\/kursy-specjalistyczne\/dializoterapia\/","og_site_name":"Akademia Zdrowia Kielce","article_modified_time":"2022-11-25T09:30:02+00:00","twitter_card":"summary_large_image","twitter_misc":{"Szacowany czas czytania":"2 minuty"},"schema":{"@context":"https:\/\/schema.org","@graph":[{"@type":"WebPage","@id":"https:\/\/akademia-zdrowia.pl\/kielce\/oferta-szkoleniowa\/ksztalcenie-pielegniarek-i-poloznych\/kursy-specjalistyczne\/dializoterapia\/","url":"https:\/\/akademia-zdrowia.pl\/kielce\/oferta-szkoleniowa\/ksztalcenie-pielegniarek-i-poloznych\/kursy-specjalistyczne\/dializoterapia\/","name":"Dializoterapia - Akademia Zdrowia Kielce","isPartOf":{"@id":"https:\/\/akademia-zdrowia.pl\/kielce\/#website"},"datePublished":"2018-01-10T10:37:58+00:00","dateModified":"2022-11-25T09:30:02+00:00","breadcrumb":{"@id":"https:\/\/akademia-zdrowia.pl\/kielce\/oferta-szkoleniowa\/ksztalcenie-pielegniarek-i-poloznych\/kursy-specjalistyczne\/dializoterapia\/#breadcrumb"},"inLanguage":"pl-PL","potentialAction":[{"@type":"ReadAction","target":["https:\/\/akademia-zdrowia.pl\/kielce\/oferta-szkoleniowa\/ksztalcenie-pielegniarek-i-poloznych\/kursy-specjalistyczne\/dializoterapia\/"]}]},{"@type":"BreadcrumbList","@id":"https:\/\/akademia-zdrowia.pl\/kielce\/oferta-szkoleniowa\/ksztalcenie-pielegniarek-i-poloznych\/kursy-specjalistyczne\/dializoterapia\/#breadcrumb","itemListElement":[{"@type":"ListItem","position":1,"name":"Strona g\u0142\u00f3wna","item":"https:\/\/akademia-zdrowia.pl\/kielce\/"},{"@type":"ListItem","position":2,"name":"Oferta szkoleniowa","item":"https:\/\/akademia-zdrowia.pl\/kielce\/oferta-szkoleniowa\/"},{"@type":"ListItem","position":3,"name":"Kszta\u0142cenie piel\u0119gniarek i po\u0142o\u017cnych","item":"https:\/\/akademia-zdrowia.pl\/kielce\/oferta-szkoleniowa\/ksztalcenie-pielegniarek-i-poloznych\/"},{"@type":"ListItem","position":4,"name":"Kursy specjalistyczne","item":"https:\/\/akademia-zdrowia.pl\/kielce\/oferta-szkoleniowa\/ksztalcenie-pielegniarek-i-poloznych\/kursy-specjalistyczne\/"},{"@type":"ListItem","position":5,"name":"Dializoterapia"}]},{"@type":"WebSite","@id":"https:\/\/akademia-zdrowia.pl\/kielce\/#website","url":"https:\/\/akademia-zdrowia.pl\/kielce\/","name":"Akademia Zdrowia Kielce","description":"Kolejna witryna oparta na WordPressie","potentialAction":[{"@type":"SearchAction","target":{"@type":"EntryPoint","urlTemplate":"https:\/\/akademia-zdrowia.pl\/kielce\/?s={search_term_string}"},"query-input":{"@type":"PropertyValueSpecification","valueRequired":true,"valueName":"search_term_string"}}],"inLanguage":"pl-PL"}]}},"_links":{"self":[{"href":"https:\/\/akademia-zdrowia.pl\/kielce\/wp-json\/wp\/v2\/pages\/403","targetHints":{"allow":["GET"]}}],"collection":[{"href":"https:\/\/akademia-zdrowia.pl\/kielce\/wp-json\/wp\/v2\/pages"}],"about":[{"href":"https:\/\/akademia-zdrowia.pl\/kielce\/wp-json\/wp\/v2\/types\/page"}],"author":[{"embeddable":true,"href":"https:\/\/akademia-zdrowia.pl\/kielce\/wp-json\/wp\/v2\/users\/1"}],"replies":[{"embeddable":true,"href":"https:\/\/akademia-zdrowia.pl\/kielce\/wp-json\/wp\/v2\/comments?post=403"}],"version-history":[{"count":3,"href":"https:\/\/akademia-zdrowia.pl\/kielce\/wp-json\/wp\/v2\/pages\/403\/revisions"}],"predecessor-version":[{"id":5593,"href":"https:\/\/akademia-zdrowia.pl\/kielce\/wp-json\/wp\/v2\/pages\/403\/revisions\/5593"}],"up":[{"embeddable":true,"href":"https:\/\/akademia-zdrowia.pl\/kielce\/wp-json\/wp\/v2\/pages\/397"}],"wp:attachment":[{"href":"https:\/\/akademia-zdrowia.pl\/kielce\/wp-json\/wp\/v2\/media?parent=403"}],"curies":[{"name":"wp","href":"https:\/\/api.w.org\/{rel}","templated":true}]}}