{"id":539,"date":"2018-01-10T13:10:01","date_gmt":"2018-01-10T12:10:01","guid":{"rendered":"http:\/\/www.akademia-zdrowia.pl\/lodz\/?page_id=539"},"modified":"2022-11-25T13:56:44","modified_gmt":"2022-11-25T12:56:44","slug":"pielegniarstwo-operacyjne","status":"publish","type":"page","link":"https:\/\/akademia-zdrowia.pl\/kielce\/oferta-szkoleniowa\/ksztalcenie-pielegniarek-i-poloznych\/specjalizacje\/pielegniarstwo-operacyjne\/","title":{"rendered":"Piel\u0119gniarstwo operacyjne"},"content":{"rendered":"\t\t<div data-elementor-type=\"wp-page\" data-elementor-id=\"539\" class=\"elementor elementor-539\" data-elementor-post-type=\"page\">\n\t\t\t\t\t\t<section class=\"elementor-section elementor-top-section elementor-element elementor-element-e55b1cd elementor-section-boxed elementor-section-height-default elementor-section-height-default\" data-id=\"e55b1cd\" data-element_type=\"section\" data-e-type=\"section\">\n\t\t\t\t\t\t<div class=\"elementor-container elementor-column-gap-default\">\n\t\t\t\t\t<div class=\"elementor-column elementor-col-100 elementor-top-column elementor-element elementor-element-b36b7cc\" data-id=\"b36b7cc\" data-element_type=\"column\" data-e-type=\"column\">\n\t\t\t<div class=\"elementor-widget-wrap\">\n\t\t\t\t\t\t\t<\/div>\n\t\t<\/div>\n\t\t\t\t\t<\/div>\n\t\t<\/section>\n\t\t\t\t<section class=\"elementor-section elementor-top-section elementor-element elementor-element-0f20b70 elementor-section-boxed elementor-section-height-default elementor-section-height-default\" data-id=\"0f20b70\" data-element_type=\"section\" data-e-type=\"section\">\n\t\t\t\t\t\t<div class=\"elementor-container elementor-column-gap-default\">\n\t\t\t\t\t<div class=\"elementor-column elementor-col-100 elementor-top-column elementor-element elementor-element-b2fa6f5\" data-id=\"b2fa6f5\" data-element_type=\"column\" data-e-type=\"column\">\n\t\t\t<div class=\"elementor-widget-wrap elementor-element-populated\">\n\t\t\t\t\t\t<div class=\"elementor-element elementor-element-2779f10 elementor-widget elementor-widget-text-editor\" data-id=\"2779f10\" data-element_type=\"widget\" data-e-type=\"widget\" data-widget_type=\"text-editor.default\">\n\t\t\t\t<div class=\"elementor-widget-container\">\n\t\t\t\t\t\t\t\t\t<p><strong>Rodzaj kszta\u0142cenia<\/strong><\/p><p>Szkolenie specjalizacyjne jest to rodzaj kszta\u0142cenia, kt\u00f3ry zgodnie z ustaw\u0105 z dnia 15 lipca 2011 r. <em>o zawodach piel\u0119gniarki i po\u0142o\u017cnej <\/em>(Dz. U. z 2016 r., poz. 1251) ma na celu uzyskanie przez piel\u0119gniark\u0119 lub po\u0142o\u017cn\u0105 specjalistycznej wiedzy i umiej\u0119tno\u015bci w okre\u015blonej dziedzinie piel\u0119gniarstwa lub dziedzinie maj\u0105cej zastosowanie w ochronie zdrowia oraz tytu\u0142u specjalisty w tej dziedzinie.<\/p><p>\u00a0<\/p><p><strong>Cel kszta\u0142cenia<\/strong><\/p><p>Przygotowanie piel\u0119gniarki\u00a0\u00a0 do\u00a0\u00a0 uzyskania\u00a0\u00a0 specjalistycznych\u00a0\u00a0 kwalifikacji\u00a0\u00a0 zawodowych w dziedzinie piel\u0119gniarstwa operacyjnego, do pe\u0142nienia roli lidera i wdra\u017cania do praktyki piel\u0119gniarskiej zmian potwierdzonych badaniami naukowymi oraz do uczestniczenia w projektowaniu i prowadzeniu kszta\u0142cenia zawodowego w dziedzinie piel\u0119gniarstwa operacyjnego.<\/p>\t\t\t\t\t\t\t\t<\/div>\n\t\t\t\t<\/div>\n\t\t\t\t\t<\/div>\n\t\t<\/div>\n\t\t\t\t\t<\/div>\n\t\t<\/section>\n\t\t\t\t<section class=\"elementor-section elementor-top-section elementor-element elementor-element-8533502 elementor-section-boxed elementor-section-height-default elementor-section-height-default\" data-id=\"8533502\" data-element_type=\"section\" data-e-type=\"section\">\n\t\t\t\t\t\t<div class=\"elementor-container elementor-column-gap-default\">\n\t\t\t\t\t<div class=\"elementor-column elementor-col-100 elementor-top-column elementor-element elementor-element-082eeba\" data-id=\"082eeba\" data-element_type=\"column\" data-e-type=\"column\">\n\t\t\t<div class=\"elementor-widget-wrap elementor-element-populated\">\n\t\t\t\t\t\t<div class=\"elementor-element elementor-element-03783cc elementor-widget elementor-widget-toggle\" data-id=\"03783cc\" data-element_type=\"widget\" data-e-type=\"widget\" data-widget_type=\"toggle.default\">\n\t\t\t\t<div class=\"elementor-widget-container\">\n\t\t\t\t\t\t\t<div class=\"elementor-toggle\">\n\t\t\t\t\t\t\t<div class=\"elementor-toggle-item\">\n\t\t\t\t\t<div id=\"elementor-tab-title-3631\" class=\"elementor-tab-title\" data-tab=\"1\" role=\"button\" aria-controls=\"elementor-tab-content-3631\" aria-expanded=\"false\">\n\t\t\t\t\t\t\t\t\t\t\t\t<span class=\"elementor-toggle-icon elementor-toggle-icon-left\" aria-hidden=\"true\">\n\t\t\t\t\t\t\t\t\t\t\t\t\t\t\t<span class=\"elementor-toggle-icon-closed\"><i class=\"fas fa-caret-right\"><\/i><\/span>\n\t\t\t\t\t\t\t\t<span class=\"elementor-toggle-icon-opened\"><i class=\"elementor-toggle-icon-opened fas fa-caret-up\"><\/i><\/span>\n\t\t\t\t\t\t\t\t\t\t\t\t\t<\/span>\n\t\t\t\t\t\t\t\t\t\t\t\t<a class=\"elementor-toggle-title\" tabindex=\"0\">CZAS TRWANIA<\/a>\n\t\t\t\t\t<\/div>\n\n\t\t\t\t\t<div id=\"elementor-tab-content-3631\" class=\"elementor-tab-content elementor-clearfix\" data-tab=\"1\" role=\"region\" aria-labelledby=\"elementor-tab-title-3631\"><p>\u0141\u0105czna liczba godzin przeznaczonych na realizacj\u0119 programu szkolenia specjalizacyjnego w kontakcie z wyk\u0142adowc\u0105\/opiekunem sta\u017cu wynosi <strong>836 <\/strong>godzin dydaktycznych:<\/p><ul><li>zaj\u0119cia teoretyczne \u2013 <strong>311 godzin,<\/strong><\/li><li>zaj\u0119cia praktyczne \u2013 <strong>525 godzin<\/strong>.<\/li><\/ul><p><em>Organizator kszta\u0142cenia w porozumieniu z kierownikiem specjalizacji, ma prawo dokona\u0107 modyfikacji czasu trwania zaj\u0119\u0107 teoretycznych. Oznacza to, \u017ce 80% \u0142\u0105cznej liczby godzin przeznaczonych na realizacj\u0119 programu nie podlega zmianie. Wskazane 20%, <strong>co stanowi nie wi\u0119cej ni\u017c 167 godzin, mo\u017ce by\u0107 wykorzystane na samokszta\u0142cenie.<\/strong><\/em><\/p><\/div>\n\t\t\t\t<\/div>\n\t\t\t\t\t\t\t<div class=\"elementor-toggle-item\">\n\t\t\t\t\t<div id=\"elementor-tab-title-3632\" class=\"elementor-tab-title\" data-tab=\"2\" role=\"button\" aria-controls=\"elementor-tab-content-3632\" aria-expanded=\"false\">\n\t\t\t\t\t\t\t\t\t\t\t\t<span class=\"elementor-toggle-icon elementor-toggle-icon-left\" aria-hidden=\"true\">\n\t\t\t\t\t\t\t\t\t\t\t\t\t\t\t<span class=\"elementor-toggle-icon-closed\"><i class=\"fas fa-caret-right\"><\/i><\/span>\n\t\t\t\t\t\t\t\t<span class=\"elementor-toggle-icon-opened\"><i class=\"elementor-toggle-icon-opened fas fa-caret-up\"><\/i><\/span>\n\t\t\t\t\t\t\t\t\t\t\t\t\t<\/span>\n\t\t\t\t\t\t\t\t\t\t\t\t<a class=\"elementor-toggle-title\" tabindex=\"0\">PLAN NAUCZANIA<\/a>\n\t\t\t\t\t<\/div>\n\n\t\t\t\t\t<div id=\"elementor-tab-content-3632\" class=\"elementor-tab-content elementor-clearfix\" data-tab=\"2\" role=\"region\" aria-labelledby=\"elementor-tab-title-3632\"><table><tbody><tr><td width=\"38\"><p><strong>\u00a0<\/strong><\/p><p><strong>Lp.<\/strong><\/p><\/td><td width=\"185\"><p><strong>\u00a0<\/strong><\/p><p><strong>Nazwa modu\u0142u<\/strong><\/p><\/td><td width=\"54\"><p><strong>Liczba godzin teorii<\/strong><\/p><\/td><td width=\"180\"><p><strong>\u00a0<\/strong><\/p><p><strong>Miejsce realizacji sta\u017cu<\/strong><\/p><\/td><td width=\"53\"><p><strong>Liczba godzin sta\u017cu<\/strong><\/p><\/td><td width=\"102\"><p><strong>\u0141\u0105czna liczba godzin kontaktowych<\/strong><\/p><\/td><\/tr><tr><td width=\"38\"><p><strong>I<\/strong><\/p><\/td><td width=\"185\"><p>Humanistyczno-spo\u0142eczne podstawy specjalizacji<\/p><\/td><td width=\"54\"><p>110<\/p><\/td><td width=\"180\"><p>\u2013<\/p><\/td><td width=\"53\"><p>\u2013<\/p><\/td><td width=\"102\"><p><strong>110<\/strong><\/p><\/td><\/tr><tr><td width=\"38\"><p><strong>II<\/strong><\/p><\/td><td width=\"185\"><p>Wsp\u00f3\u0142czesne piel\u0119gniarstwo operacyjne<\/p><\/td><td width=\"54\"><p>15<\/p><\/td><td width=\"180\"><p>\u2013<\/p><\/td><td width=\"53\"><p>\u2013<\/p><\/td><td width=\"102\"><p><strong>15<\/strong><\/p><\/td><\/tr><tr><td rowspan=\"2\" width=\"38\"><p><strong>\u00a0<\/strong><\/p><p><strong>\u00a0<\/strong><\/p><p><strong>III<\/strong><\/p><\/td><td rowspan=\"2\" width=\"185\"><p><strong>\u00a0<\/strong><\/p><p>Piel\u0119gniarstwo operacyjne w chirurgii ma\u0142oinwazyjnej i endoskopowej<\/p><\/td><td rowspan=\"2\" width=\"54\"><p><strong>\u00a0<\/strong><\/p><p><strong>\u00a0<\/strong><\/p><p>15<\/p><\/td><td width=\"180\"><p>Blok operacyjny realizuj\u0105cy zabiegi chirurgii<\/p><p>ma\u0142oinwazyjnej<\/p><\/td><td width=\"53\"><p><strong>\u00a0<\/strong><\/p><p>60<\/p><\/td><td rowspan=\"2\" width=\"102\"><p><strong>\u00a0<\/strong><\/p><p><strong>\u00a0<\/strong><\/p><p><strong>85<\/strong><\/p><\/td><\/tr><tr><td width=\"180\"><p>Pracownia endoskopii<\/p><\/td><td width=\"53\"><p>10<\/p><\/td><\/tr><tr><td width=\"38\"><p><strong>IV<\/strong><\/p><\/td><td width=\"185\"><p>Piel\u0119gniarstwo operacyjne w neurochirurgii<\/p><\/td><td width=\"54\"><p>16<\/p><\/td><td width=\"180\"><p>Blok operacyjny neurochirurgii<\/p><\/td><td width=\"53\"><p>49<\/p><\/td><td width=\"102\"><p><strong>65<\/strong><\/p><\/td><\/tr><tr><td width=\"38\"><p><strong>V<\/strong><\/p><\/td><td width=\"185\"><p>Piel\u0119gniarstwo operacyjne w ginekologii i po\u0142o\u017cnictwie<\/p><\/td><td width=\"54\"><p>15<\/p><\/td><td width=\"180\"><p>Blok operacyjny ginekologii i po\u0142o\u017cnictwa<\/p><\/td><td width=\"53\"><p>35<\/p><\/td><td width=\"102\"><p><strong>50<\/strong><\/p><\/td><\/tr><tr><td width=\"38\"><p><strong>VI<\/strong><\/p><\/td><td width=\"185\"><p>Piel\u0119gniarstwo operacyjne w ortopedii i traumatologii<\/p><\/td><td width=\"54\"><p>18<\/p><\/td><td width=\"180\"><p>Blok operacyjny chirurgii urazowo-ortopedycznej<\/p><\/td><td width=\"53\"><p>42<\/p><\/td><td width=\"102\"><p><strong>60<\/strong><\/p><\/td><\/tr><tr><td width=\"38\"><p><strong>VII<\/strong><\/p><\/td><td width=\"185\"><p>Piel\u0119gniarstwo operacyjne w urologii<\/p><\/td><td width=\"54\"><p>15<\/p><\/td><td width=\"180\"><p>Blok operacyjny urologii<\/p><\/td><td width=\"53\"><p>35<\/p><\/td><td width=\"102\"><p><strong>50<\/strong><\/p><\/td><\/tr><tr><td width=\"38\"><p><strong>\u00a0<\/strong><\/p><p><strong>VIII<\/strong><\/p><\/td><td width=\"185\"><p>Piel\u0119gniarstwo operacyjne w kardiochirurgii<\/p><p>i kardiologii inwazyjnej<\/p><\/td><td width=\"54\"><p><strong>\u00a0<\/strong><\/p><p>20<\/p><\/td><td width=\"180\"><p><strong>\u00a0<\/strong><\/p><p>Blok operacyjny kardiochirurgii<\/p><\/td><td width=\"53\"><p><strong>\u00a0<\/strong><\/p><p>70<\/p><\/td><td width=\"102\"><p><strong>\u00a0<\/strong><\/p><p><strong>90<\/strong><\/p><\/td><\/tr><tr><td width=\"38\"><p><strong>IX<\/strong><\/p><\/td><td width=\"185\"><p>Piel\u0119gniarstwo operacyjne w torakochirurgii<\/p><\/td><td width=\"54\"><p>12<\/p><\/td><td width=\"180\"><p>Blok operacyjny chirurgii klatki piersiowej<\/p><\/td><td width=\"53\"><p>28<\/p><\/td><td width=\"102\"><p><strong>40<\/strong><\/p><\/td><\/tr><tr><td width=\"38\"><p><strong>X<\/strong><\/p><\/td><td width=\"185\"><p>Piel\u0119gniarstwo operacyjne w chirurgii naczy\u0144<\/p><\/td><td width=\"54\"><p>18<\/p><\/td><td width=\"180\"><p>Blok operacyjny chirurgii naczyniowej<\/p><\/td><td width=\"53\"><p>42<\/p><\/td><td width=\"102\"><p><strong>60<\/strong><\/p><\/td><\/tr><tr><td width=\"38\"><p><strong>XI<\/strong><\/p><\/td><td width=\"185\"><p>Piel\u0119gniarstwo operacyjne w otolaryngologii<\/p><\/td><td width=\"54\"><p>10<\/p><\/td><td width=\"180\"><p>Blok operacyjny otorynolaryngologii<\/p><\/td><td width=\"53\"><p>35<\/p><\/td><td width=\"102\"><p><strong>45<\/strong><\/p><\/td><\/tr><tr><td width=\"38\"><p><strong>\u00a0<\/strong><\/p><p><strong>XII<\/strong><\/p><\/td><td width=\"185\"><p>Piel\u0119gniarstwo operacyjne w chirurgii plastycznej<\/p><p>i rekonstrukcyjnej<\/p><\/td><td width=\"54\"><p><strong>\u00a0<\/strong><\/p><p>10<\/p><\/td><td width=\"180\"><p>Blok operacyjny chirurgii plastycznej<\/p><\/td><td width=\"53\"><p><strong>\u00a0<\/strong><\/p><p>35<\/p><\/td><td width=\"102\"><p><strong>\u00a0<\/strong><\/p><p><strong>45<\/strong><\/p><\/td><\/tr><tr><td width=\"38\"><p><strong>XIII<\/strong><\/p><\/td><td width=\"185\"><p>Piel\u0119gniarstwo operacyjne w okulistyce<\/p><\/td><td width=\"54\"><p>14<\/p><\/td><td width=\"180\"><p>Blok operacyjny okulistyki<\/p><\/td><td width=\"53\"><p>28<\/p><\/td><td width=\"102\"><p><strong>42<\/strong><\/p><\/td><\/tr><tr><td width=\"38\"><p><strong>XIV<\/strong><\/p><\/td><td width=\"185\"><p>Piel\u0119gniarstwo operacyjne w transplantologii<\/p><\/td><td width=\"54\"><p>9<\/p><\/td><td width=\"180\"><p>Blok operacyjny transplantologii<\/p><\/td><td width=\"53\"><p>21<\/p><\/td><td width=\"102\"><p><strong>30<\/strong><\/p><\/td><\/tr><\/tbody><\/table><\/div>\n\t\t\t\t<\/div>\n\t\t\t\t\t\t\t\t<\/div>\n\t\t\t\t\t\t<\/div>\n\t\t\t\t<\/div>\n\t\t\t\t\t<\/div>\n\t\t<\/div>\n\t\t\t\t\t<\/div>\n\t\t<\/section>\n\t\t\t\t<section class=\"elementor-section elementor-top-section elementor-element elementor-element-ec2c361 elementor-section-boxed elementor-section-height-default elementor-section-height-default\" data-id=\"ec2c361\" data-element_type=\"section\" data-e-type=\"section\">\n\t\t\t\t\t\t<div class=\"elementor-container elementor-column-gap-default\">\n\t\t\t\t\t<div class=\"elementor-column elementor-col-100 elementor-top-column elementor-element elementor-element-b362954\" data-id=\"b362954\" data-element_type=\"column\" data-e-type=\"column\">\n\t\t\t<div class=\"elementor-widget-wrap elementor-element-populated\">\n\t\t\t\t\t\t<div class=\"elementor-element elementor-element-4eda549 elementor-alert-danger elementor-widget elementor-widget-alert\" data-id=\"4eda549\" data-element_type=\"widget\" data-e-type=\"widget\" data-widget_type=\"alert.default\">\n\t\t\t\t<div class=\"elementor-widget-container\">\n\t\t\t\t\t\t\t<div class=\"elementor-alert\" role=\"alert\">\n\n\t\t\t\t\t\t<span class=\"elementor-alert-title\">UWAGA !  <\/span>\n\t\t\t\n\t\t\t\n\t\t\t\t\t\t<button type=\"button\" class=\"elementor-alert-dismiss\" aria-label=\"Odrzu\u0107 ten alert.\">\n\t\t\t\t\t\t\t\t\t<span aria-hidden=\"true\">&times;<\/span>\n\t\t\t\t\t\t\t<\/button>\n\t\t\t\n\t\t<\/div>\n\t\t\t\t\t\t<\/div>\n\t\t\t\t<\/div>\n\t\t\t\t\t<\/div>\n\t\t<\/div>\n\t\t\t\t\t<\/div>\n\t\t<\/section>\n\t\t\t\t<section class=\"elementor-section elementor-top-section elementor-element elementor-element-7b5ed9b elementor-section-boxed elementor-section-height-default elementor-section-height-default\" data-id=\"7b5ed9b\" data-element_type=\"section\" data-e-type=\"section\">\n\t\t\t\t\t\t<div class=\"elementor-container elementor-column-gap-default\">\n\t\t\t\t\t<div class=\"elementor-column elementor-col-100 elementor-top-column elementor-element elementor-element-d9dabfd\" data-id=\"d9dabfd\" data-element_type=\"column\" data-e-type=\"column\">\n\t\t\t<div class=\"elementor-widget-wrap elementor-element-populated\">\n\t\t\t\t\t\t<div class=\"elementor-element elementor-element-a2df510 elementor-widget elementor-widget-text-editor\" data-id=\"a2df510\" data-element_type=\"widget\" data-e-type=\"widget\" data-widget_type=\"text-editor.default\">\n\t\t\t\t<div class=\"elementor-widget-container\">\n\t\t\t\t\t\t\t\t\t<p><strong>Aby wniosek o zakwalifikowanie na specjalizacj\u0119 zosta\u0142 przyj\u0119ty, nale\u017cy za\u0142\u0105czy\u0107 w systemie SMK potwierdzenie sta\u017cu pracy min. 2 lata (w przeci\u0105gu ostatnich \u00a0pi\u0119ciu \u00a0lat). Niestety, wnioski bez tego dokumentu b\u0119d\u0105 odrzucane.<\/strong><\/p><p><strong>UWAGA !!<\/strong><br \/><strong>Akademia Zdrowia przypomina o obowi\u0105zku posiadania uko\u0144czonego kursu Wywiad i badania fizykalne przed zako\u0144czeniem specjalizacji. Powy\u017cszy\u00a0kurs\u00a0mog\u0105\u00a0Pa\u0144stwo\u00a0zrealizowa\u0107\u00a0w\u00a0trakcie\u00a0specjalizacji.<\/strong><br \/><strong>Osoby posiadaj\u0105ce ju\u017c tytu\u0142 specjalisty po 2001 r. lub po uko\u0144czeniu studi\u00f3w licencjackich z piel\u0119gniarstwa od naboru akademickiego 2012\/2013 \u2013 s\u0105 zwolnione z odbywania kurs.<\/strong><br \/><strong>W celu uzyskania szczeg\u00f3\u0142owych informacji, skontaktuj si\u0119 z naszym oddzia\u0142em w Kielcach \u00a0-sekretariat \u2013 tel. 41 368 00 66<\/strong><\/p>\t\t\t\t\t\t\t\t<\/div>\n\t\t\t\t<\/div>\n\t\t\t\t\t<\/div>\n\t\t<\/div>\n\t\t\t\t\t<\/div>\n\t\t<\/section>\n\t\t\t\t<section class=\"elementor-section elementor-top-section elementor-element elementor-element-e4718d8 elementor-section-boxed elementor-section-height-default elementor-section-height-default\" data-id=\"e4718d8\" data-element_type=\"section\" data-e-type=\"section\">\n\t\t\t\t\t\t<div class=\"elementor-container elementor-column-gap-default\">\n\t\t\t\t\t<div class=\"elementor-column elementor-col-50 elementor-top-column elementor-element elementor-element-c88cb91\" data-id=\"c88cb91\" data-element_type=\"column\" data-e-type=\"column\">\n\t\t\t<div class=\"elementor-widget-wrap\">\n\t\t\t\t\t\t\t<\/div>\n\t\t<\/div>\n\t\t\t\t<div class=\"elementor-column elementor-col-50 elementor-top-column elementor-element elementor-element-bea1c2e\" data-id=\"bea1c2e\" data-element_type=\"column\" data-e-type=\"column\">\n\t\t\t<div class=\"elementor-widget-wrap\">\n\t\t\t\t\t\t\t<\/div>\n\t\t<\/div>\n\t\t\t\t\t<\/div>\n\t\t<\/section>\n\t\t\t\t<\/div>\n\t\t","protected":false},"excerpt":{"rendered":"<p>Piel\u0119gniarstwo Operacyjne Piel\u0119gniarstwo Operacyjne Rodzaj kszta\u0142cenia Szkolenie specjalizacyjne jest to rodzaj kszta\u0142cenia, kt\u00f3ry zgodnie z ustaw\u0105 z dnia 15 lipca 2011 r. o zawodach piel\u0119gniarki i po\u0142o\u017cnej (Dz. U. z 2016 r., poz. 1251) ma na celu uzyskanie przez piel\u0119gniark\u0119 lub po\u0142o\u017cn\u0105 specjalistycznej wiedzy i umiej\u0119tno\u015bci w okre\u015blonej dziedzinie piel\u0119gniarstwa lub dziedzinie maj\u0105cej zastosowanie w&#8230;<\/p>\n","protected":false},"author":1,"featured_media":0,"parent":401,"menu_order":0,"comment_status":"closed","ping_status":"closed","template":"","meta":{"footnotes":""},"class_list":["post-539","page","type-page","status-publish","hentry"],"yoast_head":"<!-- This site is optimized with the Yoast SEO plugin v26.9 - https:\/\/yoast.com\/product\/yoast-seo-wordpress\/ -->\n<title>Piel\u0119gniarstwo operacyjne - Akademia Zdrowia Kielce<\/title>\n<meta name=\"robots\" content=\"index, follow, max-snippet:-1, max-image-preview:large, max-video-preview:-1\" \/>\n<link rel=\"canonical\" href=\"https:\/\/akademia-zdrowia.pl\/kielce\/oferta-szkoleniowa\/ksztalcenie-pielegniarek-i-poloznych\/specjalizacje\/pielegniarstwo-operacyjne\/\" \/>\n<meta property=\"og:locale\" content=\"pl_PL\" \/>\n<meta property=\"og:type\" content=\"article\" \/>\n<meta property=\"og:title\" content=\"Piel\u0119gniarstwo operacyjne - Akademia Zdrowia Kielce\" \/>\n<meta property=\"og:description\" content=\"Piel\u0119gniarstwo Operacyjne Piel\u0119gniarstwo Operacyjne Rodzaj kszta\u0142cenia Szkolenie specjalizacyjne jest to rodzaj kszta\u0142cenia, kt\u00f3ry zgodnie z ustaw\u0105 z dnia 15 lipca 2011 r. o zawodach piel\u0119gniarki i po\u0142o\u017cnej (Dz. U. z 2016 r., poz. 1251) ma na celu uzyskanie przez piel\u0119gniark\u0119 lub po\u0142o\u017cn\u0105 specjalistycznej wiedzy i umiej\u0119tno\u015bci w okre\u015blonej dziedzinie piel\u0119gniarstwa lub dziedzinie maj\u0105cej zastosowanie w...\" \/>\n<meta property=\"og:url\" content=\"https:\/\/akademia-zdrowia.pl\/kielce\/oferta-szkoleniowa\/ksztalcenie-pielegniarek-i-poloznych\/specjalizacje\/pielegniarstwo-operacyjne\/\" \/>\n<meta property=\"og:site_name\" content=\"Akademia Zdrowia Kielce\" \/>\n<meta property=\"article:modified_time\" content=\"2022-11-25T12:56:44+00:00\" \/>\n<meta name=\"twitter:card\" content=\"summary_large_image\" \/>\n<meta name=\"twitter:label1\" content=\"Szacowany czas czytania\" \/>\n\t<meta name=\"twitter:data1\" content=\"3 minuty\" \/>\n<script type=\"application\/ld+json\" class=\"yoast-schema-graph\">{\"@context\":\"https:\/\/schema.org\",\"@graph\":[{\"@type\":\"WebPage\",\"@id\":\"https:\/\/akademia-zdrowia.pl\/kielce\/oferta-szkoleniowa\/ksztalcenie-pielegniarek-i-poloznych\/specjalizacje\/pielegniarstwo-operacyjne\/\",\"url\":\"https:\/\/akademia-zdrowia.pl\/kielce\/oferta-szkoleniowa\/ksztalcenie-pielegniarek-i-poloznych\/specjalizacje\/pielegniarstwo-operacyjne\/\",\"name\":\"Piel\u0119gniarstwo operacyjne - Akademia Zdrowia Kielce\",\"isPartOf\":{\"@id\":\"https:\/\/akademia-zdrowia.pl\/kielce\/#website\"},\"datePublished\":\"2018-01-10T12:10:01+00:00\",\"dateModified\":\"2022-11-25T12:56:44+00:00\",\"breadcrumb\":{\"@id\":\"https:\/\/akademia-zdrowia.pl\/kielce\/oferta-szkoleniowa\/ksztalcenie-pielegniarek-i-poloznych\/specjalizacje\/pielegniarstwo-operacyjne\/#breadcrumb\"},\"inLanguage\":\"pl-PL\",\"potentialAction\":[{\"@type\":\"ReadAction\",\"target\":[\"https:\/\/akademia-zdrowia.pl\/kielce\/oferta-szkoleniowa\/ksztalcenie-pielegniarek-i-poloznych\/specjalizacje\/pielegniarstwo-operacyjne\/\"]}]},{\"@type\":\"BreadcrumbList\",\"@id\":\"https:\/\/akademia-zdrowia.pl\/kielce\/oferta-szkoleniowa\/ksztalcenie-pielegniarek-i-poloznych\/specjalizacje\/pielegniarstwo-operacyjne\/#breadcrumb\",\"itemListElement\":[{\"@type\":\"ListItem\",\"position\":1,\"name\":\"Strona g\u0142\u00f3wna\",\"item\":\"https:\/\/akademia-zdrowia.pl\/kielce\/\"},{\"@type\":\"ListItem\",\"position\":2,\"name\":\"Oferta szkoleniowa\",\"item\":\"https:\/\/akademia-zdrowia.pl\/kielce\/oferta-szkoleniowa\/\"},{\"@type\":\"ListItem\",\"position\":3,\"name\":\"Kszta\u0142cenie piel\u0119gniarek i po\u0142o\u017cnych\",\"item\":\"https:\/\/akademia-zdrowia.pl\/kielce\/oferta-szkoleniowa\/ksztalcenie-pielegniarek-i-poloznych\/\"},{\"@type\":\"ListItem\",\"position\":4,\"name\":\"Specjalizacje\",\"item\":\"https:\/\/akademia-zdrowia.pl\/kielce\/oferta-szkoleniowa\/ksztalcenie-pielegniarek-i-poloznych\/specjalizacje\/\"},{\"@type\":\"ListItem\",\"position\":5,\"name\":\"Piel\u0119gniarstwo operacyjne\"}]},{\"@type\":\"WebSite\",\"@id\":\"https:\/\/akademia-zdrowia.pl\/kielce\/#website\",\"url\":\"https:\/\/akademia-zdrowia.pl\/kielce\/\",\"name\":\"Akademia Zdrowia Kielce\",\"description\":\"Kolejna witryna oparta na WordPressie\",\"potentialAction\":[{\"@type\":\"SearchAction\",\"target\":{\"@type\":\"EntryPoint\",\"urlTemplate\":\"https:\/\/akademia-zdrowia.pl\/kielce\/?s={search_term_string}\"},\"query-input\":{\"@type\":\"PropertyValueSpecification\",\"valueRequired\":true,\"valueName\":\"search_term_string\"}}],\"inLanguage\":\"pl-PL\"}]}<\/script>\n<!-- \/ Yoast SEO plugin. -->","yoast_head_json":{"title":"Piel\u0119gniarstwo operacyjne - Akademia Zdrowia Kielce","robots":{"index":"index","follow":"follow","max-snippet":"max-snippet:-1","max-image-preview":"max-image-preview:large","max-video-preview":"max-video-preview:-1"},"canonical":"https:\/\/akademia-zdrowia.pl\/kielce\/oferta-szkoleniowa\/ksztalcenie-pielegniarek-i-poloznych\/specjalizacje\/pielegniarstwo-operacyjne\/","og_locale":"pl_PL","og_type":"article","og_title":"Piel\u0119gniarstwo operacyjne - Akademia Zdrowia Kielce","og_description":"Piel\u0119gniarstwo Operacyjne Piel\u0119gniarstwo Operacyjne Rodzaj kszta\u0142cenia Szkolenie specjalizacyjne jest to rodzaj kszta\u0142cenia, kt\u00f3ry zgodnie z ustaw\u0105 z dnia 15 lipca 2011 r. o zawodach piel\u0119gniarki i po\u0142o\u017cnej (Dz. U. z 2016 r., poz. 1251) ma na celu uzyskanie przez piel\u0119gniark\u0119 lub po\u0142o\u017cn\u0105 specjalistycznej wiedzy i umiej\u0119tno\u015bci w okre\u015blonej dziedzinie piel\u0119gniarstwa lub dziedzinie maj\u0105cej zastosowanie w...","og_url":"https:\/\/akademia-zdrowia.pl\/kielce\/oferta-szkoleniowa\/ksztalcenie-pielegniarek-i-poloznych\/specjalizacje\/pielegniarstwo-operacyjne\/","og_site_name":"Akademia Zdrowia Kielce","article_modified_time":"2022-11-25T12:56:44+00:00","twitter_card":"summary_large_image","twitter_misc":{"Szacowany czas czytania":"3 minuty"},"schema":{"@context":"https:\/\/schema.org","@graph":[{"@type":"WebPage","@id":"https:\/\/akademia-zdrowia.pl\/kielce\/oferta-szkoleniowa\/ksztalcenie-pielegniarek-i-poloznych\/specjalizacje\/pielegniarstwo-operacyjne\/","url":"https:\/\/akademia-zdrowia.pl\/kielce\/oferta-szkoleniowa\/ksztalcenie-pielegniarek-i-poloznych\/specjalizacje\/pielegniarstwo-operacyjne\/","name":"Piel\u0119gniarstwo operacyjne - Akademia Zdrowia Kielce","isPartOf":{"@id":"https:\/\/akademia-zdrowia.pl\/kielce\/#website"},"datePublished":"2018-01-10T12:10:01+00:00","dateModified":"2022-11-25T12:56:44+00:00","breadcrumb":{"@id":"https:\/\/akademia-zdrowia.pl\/kielce\/oferta-szkoleniowa\/ksztalcenie-pielegniarek-i-poloznych\/specjalizacje\/pielegniarstwo-operacyjne\/#breadcrumb"},"inLanguage":"pl-PL","potentialAction":[{"@type":"ReadAction","target":["https:\/\/akademia-zdrowia.pl\/kielce\/oferta-szkoleniowa\/ksztalcenie-pielegniarek-i-poloznych\/specjalizacje\/pielegniarstwo-operacyjne\/"]}]},{"@type":"BreadcrumbList","@id":"https:\/\/akademia-zdrowia.pl\/kielce\/oferta-szkoleniowa\/ksztalcenie-pielegniarek-i-poloznych\/specjalizacje\/pielegniarstwo-operacyjne\/#breadcrumb","itemListElement":[{"@type":"ListItem","position":1,"name":"Strona g\u0142\u00f3wna","item":"https:\/\/akademia-zdrowia.pl\/kielce\/"},{"@type":"ListItem","position":2,"name":"Oferta szkoleniowa","item":"https:\/\/akademia-zdrowia.pl\/kielce\/oferta-szkoleniowa\/"},{"@type":"ListItem","position":3,"name":"Kszta\u0142cenie piel\u0119gniarek i po\u0142o\u017cnych","item":"https:\/\/akademia-zdrowia.pl\/kielce\/oferta-szkoleniowa\/ksztalcenie-pielegniarek-i-poloznych\/"},{"@type":"ListItem","position":4,"name":"Specjalizacje","item":"https:\/\/akademia-zdrowia.pl\/kielce\/oferta-szkoleniowa\/ksztalcenie-pielegniarek-i-poloznych\/specjalizacje\/"},{"@type":"ListItem","position":5,"name":"Piel\u0119gniarstwo operacyjne"}]},{"@type":"WebSite","@id":"https:\/\/akademia-zdrowia.pl\/kielce\/#website","url":"https:\/\/akademia-zdrowia.pl\/kielce\/","name":"Akademia Zdrowia Kielce","description":"Kolejna witryna oparta na WordPressie","potentialAction":[{"@type":"SearchAction","target":{"@type":"EntryPoint","urlTemplate":"https:\/\/akademia-zdrowia.pl\/kielce\/?s={search_term_string}"},"query-input":{"@type":"PropertyValueSpecification","valueRequired":true,"valueName":"search_term_string"}}],"inLanguage":"pl-PL"}]}},"_links":{"self":[{"href":"https:\/\/akademia-zdrowia.pl\/kielce\/wp-json\/wp\/v2\/pages\/539","targetHints":{"allow":["GET"]}}],"collection":[{"href":"https:\/\/akademia-zdrowia.pl\/kielce\/wp-json\/wp\/v2\/pages"}],"about":[{"href":"https:\/\/akademia-zdrowia.pl\/kielce\/wp-json\/wp\/v2\/types\/page"}],"author":[{"embeddable":true,"href":"https:\/\/akademia-zdrowia.pl\/kielce\/wp-json\/wp\/v2\/users\/1"}],"replies":[{"embeddable":true,"href":"https:\/\/akademia-zdrowia.pl\/kielce\/wp-json\/wp\/v2\/comments?post=539"}],"version-history":[{"count":3,"href":"https:\/\/akademia-zdrowia.pl\/kielce\/wp-json\/wp\/v2\/pages\/539\/revisions"}],"predecessor-version":[{"id":5722,"href":"https:\/\/akademia-zdrowia.pl\/kielce\/wp-json\/wp\/v2\/pages\/539\/revisions\/5722"}],"up":[{"embeddable":true,"href":"https:\/\/akademia-zdrowia.pl\/kielce\/wp-json\/wp\/v2\/pages\/401"}],"wp:attachment":[{"href":"https:\/\/akademia-zdrowia.pl\/kielce\/wp-json\/wp\/v2\/media?parent=539"}],"curies":[{"name":"wp","href":"https:\/\/api.w.org\/{rel}","templated":true}]}}