{"id":553,"date":"2018-01-10T13:11:46","date_gmt":"2018-01-10T12:11:46","guid":{"rendered":"http:\/\/www.akademia-zdrowia.pl\/lodz\/?page_id=553"},"modified":"2022-11-25T15:20:58","modified_gmt":"2022-11-25T14:20:58","slug":"ochrona-zdrowia-pracujacych","status":"publish","type":"page","link":"https:\/\/akademia-zdrowia.pl\/kielce\/oferta-szkoleniowa\/ksztalcenie-pielegniarek-i-poloznych\/specjalizacje\/ochrona-zdrowia-pracujacych\/","title":{"rendered":"Ochrona zdrowia pracuj\u0105cych"},"content":{"rendered":"\t\t<div data-elementor-type=\"wp-page\" data-elementor-id=\"553\" class=\"elementor elementor-553\" data-elementor-post-type=\"page\">\n\t\t\t\t\t\t<section class=\"elementor-section elementor-top-section elementor-element elementor-element-4e04b71 elementor-section-boxed elementor-section-height-default elementor-section-height-default\" data-id=\"4e04b71\" data-element_type=\"section\" data-e-type=\"section\">\n\t\t\t\t\t\t<div class=\"elementor-container elementor-column-gap-default\">\n\t\t\t\t\t<div class=\"elementor-column elementor-col-100 elementor-top-column elementor-element elementor-element-75c5a7a\" data-id=\"75c5a7a\" data-element_type=\"column\" data-e-type=\"column\">\n\t\t\t<div class=\"elementor-widget-wrap\">\n\t\t\t\t\t\t\t<\/div>\n\t\t<\/div>\n\t\t\t\t\t<\/div>\n\t\t<\/section>\n\t\t\t\t<section class=\"elementor-section elementor-top-section elementor-element elementor-element-c1447c3 elementor-section-boxed elementor-section-height-default elementor-section-height-default\" data-id=\"c1447c3\" data-element_type=\"section\" data-e-type=\"section\">\n\t\t\t\t\t\t<div class=\"elementor-container elementor-column-gap-default\">\n\t\t\t\t\t<div class=\"elementor-column elementor-col-100 elementor-top-column elementor-element elementor-element-f99c583\" data-id=\"f99c583\" data-element_type=\"column\" data-e-type=\"column\">\n\t\t\t<div class=\"elementor-widget-wrap elementor-element-populated\">\n\t\t\t\t\t\t<div class=\"elementor-element elementor-element-90fd216 elementor-widget elementor-widget-text-editor\" data-id=\"90fd216\" data-element_type=\"widget\" data-e-type=\"widget\" data-widget_type=\"text-editor.default\">\n\t\t\t\t<div class=\"elementor-widget-container\">\n\t\t\t\t\t\t\t\t\t<p><strong>Rodzaj kszta\u0142cenia<\/strong><\/p><p>Szkolenie specjalizacyjne jest to\u00a0\u00a0 rodzaj\u00a0 \u00a0kszta\u0142cenia, kt\u00f3ry zgodnie\u00a0\u00a0 z\u00a0\u00a0 ustaw\u0105 z\u00a0\u00a0 dnia 15 lipca 2011 r. <em>o zawodach piel\u0119gniarki i po\u0142o\u017cnej <\/em>(Dz. U. z 2016 r., poz. 1251) ma na celu uzyskanie przez piel\u0119gniark\u0119 lub po\u0142o\u017cn\u0105 specjalistycznej wiedzy i umiej\u0119tno\u015bci w okre\u015blonej dziedzinie piel\u0119gniarstwa lub dziedzinie maj\u0105cej zastosowanie w ochronie zdrowia oraz tytu\u0142u specjalisty w tej dziedzinie.<\/p><p>\u00a0<\/p><p><strong>Cel kszta\u0142cenia<\/strong><\/p><p>Uzyskanie przez piel\u0119gniark\u0119 specjalistycznej wiedzy i umiej\u0119tno\u015bci w dziedzinie ochrony zdrowia pracuj\u0105cych umo\u017cliwiaj\u0105cych samodzieln\u0105 realizacj\u0119 zada\u0144 w opiece nad pracuj\u0105cymi oraz wsp\u00f3\u0142dzia\u0142anie z pracodawcami, pracownikami i innymi profesjonalistami realizuj\u0105cymi dzia\u0142ania w ochronie zdrowia pracuj\u0105cych.<\/p>\t\t\t\t\t\t\t\t<\/div>\n\t\t\t\t<\/div>\n\t\t\t\t\t<\/div>\n\t\t<\/div>\n\t\t\t\t\t<\/div>\n\t\t<\/section>\n\t\t\t\t<section class=\"elementor-section elementor-top-section elementor-element elementor-element-a7df35d elementor-section-boxed elementor-section-height-default elementor-section-height-default\" data-id=\"a7df35d\" data-element_type=\"section\" data-e-type=\"section\">\n\t\t\t\t\t\t<div class=\"elementor-container elementor-column-gap-default\">\n\t\t\t\t\t<div class=\"elementor-column elementor-col-100 elementor-top-column elementor-element elementor-element-1afedc2\" data-id=\"1afedc2\" data-element_type=\"column\" data-e-type=\"column\">\n\t\t\t<div class=\"elementor-widget-wrap elementor-element-populated\">\n\t\t\t\t\t\t<div class=\"elementor-element elementor-element-39ef169 elementor-widget elementor-widget-toggle\" data-id=\"39ef169\" data-element_type=\"widget\" data-e-type=\"widget\" data-widget_type=\"toggle.default\">\n\t\t\t\t<div class=\"elementor-widget-container\">\n\t\t\t\t\t\t\t<div class=\"elementor-toggle\">\n\t\t\t\t\t\t\t<div class=\"elementor-toggle-item\">\n\t\t\t\t\t<div id=\"elementor-tab-title-6071\" class=\"elementor-tab-title\" data-tab=\"1\" role=\"button\" aria-controls=\"elementor-tab-content-6071\" aria-expanded=\"false\">\n\t\t\t\t\t\t\t\t\t\t\t\t<span class=\"elementor-toggle-icon elementor-toggle-icon-left\" aria-hidden=\"true\">\n\t\t\t\t\t\t\t\t\t\t\t\t\t\t\t<span class=\"elementor-toggle-icon-closed\"><i class=\"fas fa-caret-right\"><\/i><\/span>\n\t\t\t\t\t\t\t\t<span class=\"elementor-toggle-icon-opened\"><i class=\"elementor-toggle-icon-opened fas fa-caret-up\"><\/i><\/span>\n\t\t\t\t\t\t\t\t\t\t\t\t\t<\/span>\n\t\t\t\t\t\t\t\t\t\t\t\t<a class=\"elementor-toggle-title\" tabindex=\"0\">CZAS TRWANIA<\/a>\n\t\t\t\t\t<\/div>\n\n\t\t\t\t\t<div id=\"elementor-tab-content-6071\" class=\"elementor-tab-content elementor-clearfix\" data-tab=\"1\" role=\"region\" aria-labelledby=\"elementor-tab-title-6071\"><p><span data-contrast=\"auto\">\u0141\u0105czna liczba godzin przeznaczonych na\u00a0 realizacj\u0119 programu\u00a0 szkolenia specjalizacyjnego\u00a0\u00a0 w kontakcie z wyk\u0142adowc\u0105\/opiekunem sta\u017cu wynosi <strong>800<\/strong> godzin dydaktycznych:<\/span><span data-ccp-props=\"{&quot;201341983&quot;:0,&quot;335559739&quot;:200,&quot;335559740&quot;:276}\">\u00a0<\/span><\/p><p><strong>Zaj\u0119cia teoretyczne\u00a0 \u2013 415 godzin, \u00a0<\/strong><\/p><p><strong>Zaj\u0119cia praktyczne \u2013 385 godzin.\u00a0<\/strong><\/p><p><span data-contrast=\"auto\">*<\/span><i><span data-contrast=\"auto\">Organizator kszta\u0142cenia w porozumieniu z kierownikiem specjalizacji, ma prawo dokona\u0107 modyfikacji czasu trwania zaj\u0119\u0107 teoretycznych. Oznacza to, \u017ce 80% \u0142\u0105cznej liczby godzin przeznaczonych na realizacj\u0119 programu nie podlega zmianie. Wskazane 20%, co stanowi nie wi\u0119cej ni\u017c <strong><em>160<\/em><\/strong> godzin, mo\u017ce by\u0107 wykorzystane na samokszta\u0142cenie.<\/span><\/i><span data-ccp-props=\"{&quot;201341983&quot;:0,&quot;335559739&quot;:200,&quot;335559740&quot;:276}\">\u00a0<\/span><\/p><\/div>\n\t\t\t\t<\/div>\n\t\t\t\t\t\t\t<div class=\"elementor-toggle-item\">\n\t\t\t\t\t<div id=\"elementor-tab-title-6072\" class=\"elementor-tab-title\" data-tab=\"2\" role=\"button\" aria-controls=\"elementor-tab-content-6072\" aria-expanded=\"false\">\n\t\t\t\t\t\t\t\t\t\t\t\t<span class=\"elementor-toggle-icon elementor-toggle-icon-left\" aria-hidden=\"true\">\n\t\t\t\t\t\t\t\t\t\t\t\t\t\t\t<span class=\"elementor-toggle-icon-closed\"><i class=\"fas fa-caret-right\"><\/i><\/span>\n\t\t\t\t\t\t\t\t<span class=\"elementor-toggle-icon-opened\"><i class=\"elementor-toggle-icon-opened fas fa-caret-up\"><\/i><\/span>\n\t\t\t\t\t\t\t\t\t\t\t\t\t<\/span>\n\t\t\t\t\t\t\t\t\t\t\t\t<a class=\"elementor-toggle-title\" tabindex=\"0\">PLAN NAUCZANIA<\/a>\n\t\t\t\t\t<\/div>\n\n\t\t\t\t\t<div id=\"elementor-tab-content-6072\" class=\"elementor-tab-content elementor-clearfix\" data-tab=\"2\" role=\"region\" aria-labelledby=\"elementor-tab-title-6072\"><table><tbody><tr><td width=\"37\"><p><strong>\u00a0<\/strong><\/p><p><strong>Lp.<\/strong><\/p><\/td><td width=\"136\"><p><strong>\u00a0<\/strong><\/p><p><strong>Nazwa modu\u0142u<\/strong><\/p><\/td><td width=\"55\"><p><strong>Liczba godzin teorii<\/strong><\/p><\/td><td width=\"218\"><p><strong>Miejsce<\/strong><\/p><p><strong>realizacji sta\u017cu<\/strong><\/p><\/td><td width=\"52\"><p><strong>Liczba godzin sta\u017cu<\/strong><\/p><\/td><td width=\"106\"><p><strong>\u0141\u0105czna liczba godzin kontaktowych<\/strong><\/p><\/td><\/tr><tr><td width=\"37\"><p><strong>\u00a0<\/strong><\/p><p><strong>I.<\/strong><\/p><\/td><td width=\"136\"><p>Humanistyczno- spo\u0142eczne podstawy specjalizacji<\/p><\/td><td width=\"55\"><p><strong>\u00a0<\/strong><\/p><p>110<\/p><\/td><td width=\"218\"><p><strong>\u00a0<\/strong><\/p><p>\u2013<\/p><\/td><td width=\"52\"><p><strong>\u00a0<\/strong><\/p><p>\u2013<\/p><\/td><td width=\"106\"><p><strong>\u00a0<\/strong><\/p><p><strong>110<\/strong><\/p><\/td><\/tr><tr><td width=\"37\"><p><strong>\u00a0<\/strong><\/p><p><strong>II.<\/strong><\/p><\/td><td width=\"136\"><p>Organizacja opieki zdrowotnej nad pracuj\u0105cymi<\/p><\/td><td width=\"55\"><p><strong>\u00a0<\/strong><\/p><p>40<\/p><\/td><td width=\"218\"><p>Wojew\u00f3dzki o\u015brodek medycyny pracy (WOMP)<\/p><\/td><td width=\"52\"><p><strong>\u00a0<\/strong><\/p><p>28<\/p><\/td><td width=\"106\"><p><strong>\u00a0<\/strong><\/p><p><strong>68<\/strong><\/p><\/td><\/tr><tr><td width=\"37\"><p><strong>\u00a0<\/strong><\/p><p><strong>III.<\/strong><\/p><\/td><td width=\"136\"><p><strong>\u00a0<\/strong><\/p><p>Higiena pracy<\/p><\/td><td width=\"55\"><p><strong>\u00a0<\/strong><\/p><p>30<\/p><\/td><td width=\"218\"><p>Dzia\u0142 higieny pracy stacji sanitarno-epidemiologicznej (SSE)<\/p><\/td><td width=\"52\"><p><strong>\u00a0<\/strong><\/p><p>28<\/p><\/td><td width=\"106\"><p><strong>\u00a0<\/strong><\/p><p><strong>58<\/strong><\/p><\/td><\/tr><tr><td rowspan=\"5\" width=\"37\"><p><strong>\u00a0<\/strong><\/p><p><strong>\u00a0<\/strong><\/p><p><strong>\u00a0<\/strong><\/p><p><strong>IV.<\/strong><\/p><\/td><td rowspan=\"5\" width=\"136\"><p><strong>\u00a0<\/strong><\/p><p><strong>\u00a0<\/strong><\/p><p><strong>\u00a0<\/strong><\/p><p>Medycyna pracy<\/p><\/td><td rowspan=\"5\" width=\"55\"><p><strong>\u00a0<\/strong><\/p><p><strong>\u00a0<\/strong><\/p><p><strong>\u00a0<\/strong><\/p><p>100<\/p><\/td><td width=\"218\"><p>Poradnia chor\u00f3b zawodowych<\/p><\/td><td width=\"52\"><p>70<\/p><\/td><td rowspan=\"5\" width=\"106\"><p><strong>\u00a0<\/strong><\/p><p><strong>\u00a0<\/strong><\/p><p><strong>\u00a0<\/strong><\/p><p><strong>240<\/strong><\/p><\/td><\/tr><tr><td width=\"218\"><p>Poradnia laryngologiczna<\/p><\/td><td width=\"52\"><p>21<\/p><\/td><\/tr><tr><td width=\"218\"><p>Poradnia okulistyczna<\/p><\/td><td width=\"52\"><p>21<\/p><\/td><\/tr><tr><td width=\"218\"><p>Poradnia dermatologiczna<\/p><\/td><td width=\"52\"><p>14<\/p><\/td><\/tr><tr><td width=\"218\"><p>Poradnia neurologiczna<\/p><\/td><td width=\"52\"><p>14<\/p><\/td><\/tr><tr><td rowspan=\"4\" width=\"37\"><p><strong>\u00a0<\/strong><\/p><p><strong>\u00a0<\/strong><\/p><p><strong>\u00a0<\/strong><\/p><p><strong>\u00a0<\/strong><\/p><p><strong>V.<\/strong><\/p><\/td><td rowspan=\"4\" width=\"136\"><p><strong>\u00a0<\/strong><\/p><p><strong>\u00a0<\/strong><\/p><p><strong>\u00a0<\/strong><\/p><p>Piel\u0119gniarstwo<\/p><p>w ochronie zdrowia pracuj\u0105cych<\/p><\/td><td rowspan=\"4\" width=\"55\"><p><strong>\u00a0<\/strong><\/p><p><strong>\u00a0<\/strong><\/p><p><strong>\u00a0<\/strong><\/p><p><strong>\u00a0<\/strong><\/p><p>135<\/p><\/td><td width=\"218\"><p>Podstawowa jednostka s\u0142u\u017cby medycyny pracy<\/p><\/td><td width=\"52\"><p>126<\/p><\/td><td rowspan=\"4\" width=\"106\"><p><strong>\u00a0<\/strong><\/p><p><strong>\u00a0<\/strong><\/p><p><strong>\u00a0<\/strong><\/p><p><strong>\u00a0<\/strong><\/p><p><strong>324<\/strong><\/p><\/td><\/tr><tr><td width=\"218\"><p>Poradnia rehabilitacyjna<\/p><\/td><td width=\"52\"><p>35<\/p><\/td><\/tr><tr><td width=\"218\"><p>Gabinet zabiegowy z punktem szczepie\u0144 doros\u0142ych<\/p><\/td><td width=\"52\"><p>14<\/p><\/td><\/tr><tr><td width=\"218\"><p>Gabinet piel\u0119gniarski w zak\u0142adzie pracy chronionej<\/p><\/td><td width=\"52\"><p>14<\/p><\/td><\/tr><tr><td colspan=\"2\" width=\"173\"><p><strong>\u0141\u0105cznie:<\/strong><\/p><\/td><td width=\"55\"><p><strong>415<\/strong><\/p><\/td><td width=\"218\"><p>\u00a0<\/p><\/td><td width=\"52\"><p><strong>385<\/strong><\/p><\/td><td width=\"106\"><p><strong>800*<\/strong><\/p><\/td><\/tr><\/tbody><\/table><\/div>\n\t\t\t\t<\/div>\n\t\t\t\t\t\t\t\t<\/div>\n\t\t\t\t\t\t<\/div>\n\t\t\t\t<\/div>\n\t\t\t\t\t<\/div>\n\t\t<\/div>\n\t\t\t\t\t<\/div>\n\t\t<\/section>\n\t\t\t\t<section class=\"elementor-section elementor-top-section elementor-element elementor-element-126d955 elementor-section-boxed elementor-section-height-default elementor-section-height-default\" data-id=\"126d955\" data-element_type=\"section\" data-e-type=\"section\">\n\t\t\t\t\t\t<div class=\"elementor-container elementor-column-gap-default\">\n\t\t\t\t\t<div class=\"elementor-column elementor-col-100 elementor-top-column elementor-element elementor-element-6485a27\" data-id=\"6485a27\" data-element_type=\"column\" data-e-type=\"column\">\n\t\t\t<div class=\"elementor-widget-wrap elementor-element-populated\">\n\t\t\t\t\t\t<div class=\"elementor-element elementor-element-88f374e elementor-alert-danger elementor-widget elementor-widget-alert\" data-id=\"88f374e\" data-element_type=\"widget\" data-e-type=\"widget\" data-widget_type=\"alert.default\">\n\t\t\t\t<div class=\"elementor-widget-container\">\n\t\t\t\t\t\t\t<div class=\"elementor-alert\" role=\"alert\">\n\n\t\t\t\t\t\t<span class=\"elementor-alert-title\">UWAGA !  <\/span>\n\t\t\t\n\t\t\t\n\t\t\t\t\t\t<button type=\"button\" class=\"elementor-alert-dismiss\" aria-label=\"Odrzu\u0107 ten alert.\">\n\t\t\t\t\t\t\t\t\t<span aria-hidden=\"true\">&times;<\/span>\n\t\t\t\t\t\t\t<\/button>\n\t\t\t\n\t\t<\/div>\n\t\t\t\t\t\t<\/div>\n\t\t\t\t<\/div>\n\t\t\t\t\t<\/div>\n\t\t<\/div>\n\t\t\t\t\t<\/div>\n\t\t<\/section>\n\t\t\t\t<section class=\"elementor-section elementor-top-section elementor-element elementor-element-2684fbf elementor-section-boxed elementor-section-height-default elementor-section-height-default\" data-id=\"2684fbf\" data-element_type=\"section\" data-e-type=\"section\">\n\t\t\t\t\t\t<div class=\"elementor-container elementor-column-gap-default\">\n\t\t\t\t\t<div class=\"elementor-column elementor-col-100 elementor-top-column elementor-element elementor-element-e97a548\" data-id=\"e97a548\" data-element_type=\"column\" data-e-type=\"column\">\n\t\t\t<div class=\"elementor-widget-wrap elementor-element-populated\">\n\t\t\t\t\t\t<div class=\"elementor-element elementor-element-490dc8e elementor-widget elementor-widget-text-editor\" data-id=\"490dc8e\" data-element_type=\"widget\" data-e-type=\"widget\" data-widget_type=\"text-editor.default\">\n\t\t\t\t<div class=\"elementor-widget-container\">\n\t\t\t\t\t\t\t\t\t<p><strong>Aby wniosek o zakwalifikowanie na specjalizacj\u0119 zosta\u0142 przyj\u0119ty, nale\u017cy za\u0142\u0105czy\u0107 w systemie SMK potwierdzenie sta\u017cu pracy min. 2 lata (w przeci\u0105gu ostatnich \u00a0pi\u0119ciu \u00a0lat). Niestety, wnioski bez tego dokumentu b\u0119d\u0105 odrzucane.<\/strong><\/p><p><strong>UWAGA !!<\/strong><br \/><strong>Akademia Zdrowia przypomina o obowi\u0105zku posiadania uko\u0144czonego kursu Wywiad i badania fizykalne przed zako\u0144czeniem specjalizacji. Powy\u017cszy\u00a0kurs\u00a0mog\u0105\u00a0Pa\u0144stwo\u00a0zrealizowa\u0107\u00a0w\u00a0trakcie\u00a0specjalizacji.<\/strong><br \/><strong>Osoby posiadaj\u0105ce ju\u017c tytu\u0142 specjalisty po 2001 r. lub po uko\u0144czeniu studi\u00f3w licencjackich z piel\u0119gniarstwa od naboru akademickiego 2012\/2013 \u2013 s\u0105 zwolnione z odbywania kurs.<\/strong><br \/><strong>W celu uzyskania szczeg\u00f3\u0142owych informacji, skontaktuj si\u0119 z naszym oddzia\u0142em w Kielcach \u00a0-sekretariat \u2013 tel. 41 368 00 66<\/strong><\/p>\t\t\t\t\t\t\t\t<\/div>\n\t\t\t\t<\/div>\n\t\t\t\t\t<\/div>\n\t\t<\/div>\n\t\t\t\t\t<\/div>\n\t\t<\/section>\n\t\t\t\t<section class=\"elementor-section elementor-top-section elementor-element elementor-element-57ab96d elementor-section-boxed elementor-section-height-default elementor-section-height-default\" data-id=\"57ab96d\" data-element_type=\"section\" data-e-type=\"section\">\n\t\t\t\t\t\t<div class=\"elementor-container elementor-column-gap-default\">\n\t\t\t\t\t<div class=\"elementor-column elementor-col-50 elementor-top-column elementor-element elementor-element-50639e9\" data-id=\"50639e9\" data-element_type=\"column\" data-e-type=\"column\">\n\t\t\t<div class=\"elementor-widget-wrap\">\n\t\t\t\t\t\t\t<\/div>\n\t\t<\/div>\n\t\t\t\t<div class=\"elementor-column elementor-col-50 elementor-top-column elementor-element elementor-element-23d7dc5\" data-id=\"23d7dc5\" data-element_type=\"column\" data-e-type=\"column\">\n\t\t\t<div class=\"elementor-widget-wrap\">\n\t\t\t\t\t\t\t<\/div>\n\t\t<\/div>\n\t\t\t\t\t<\/div>\n\t\t<\/section>\n\t\t\t\t<\/div>\n\t\t","protected":false},"excerpt":{"rendered":"<p>Ochrona Zdrowia Pracuj\u0105cych Ochrona Zdrowia Pracuj\u0105cych Rodzaj kszta\u0142cenia Szkolenie specjalizacyjne jest to\u00a0\u00a0 rodzaj\u00a0 \u00a0kszta\u0142cenia, kt\u00f3ry zgodnie\u00a0\u00a0 z\u00a0\u00a0 ustaw\u0105 z\u00a0\u00a0 dnia 15 lipca 2011 r. o zawodach piel\u0119gniarki i po\u0142o\u017cnej (Dz. U. z 2016 r., poz. 1251) ma na celu uzyskanie przez piel\u0119gniark\u0119 lub po\u0142o\u017cn\u0105 specjalistycznej wiedzy i umiej\u0119tno\u015bci w okre\u015blonej dziedzinie piel\u0119gniarstwa lub dziedzinie maj\u0105cej&#8230;<\/p>\n","protected":false},"author":1,"featured_media":0,"parent":401,"menu_order":0,"comment_status":"closed","ping_status":"closed","template":"","meta":{"footnotes":""},"class_list":["post-553","page","type-page","status-publish","hentry"],"yoast_head":"<!-- This site is optimized with the Yoast SEO plugin v26.9 - https:\/\/yoast.com\/product\/yoast-seo-wordpress\/ -->\n<title>Ochrona zdrowia pracuj\u0105cych - Akademia Zdrowia Kielce<\/title>\n<meta name=\"robots\" content=\"index, follow, max-snippet:-1, max-image-preview:large, max-video-preview:-1\" \/>\n<link rel=\"canonical\" href=\"https:\/\/akademia-zdrowia.pl\/kielce\/oferta-szkoleniowa\/ksztalcenie-pielegniarek-i-poloznych\/specjalizacje\/ochrona-zdrowia-pracujacych\/\" \/>\n<meta property=\"og:locale\" content=\"pl_PL\" \/>\n<meta property=\"og:type\" content=\"article\" \/>\n<meta property=\"og:title\" content=\"Ochrona zdrowia pracuj\u0105cych - Akademia Zdrowia Kielce\" \/>\n<meta property=\"og:description\" content=\"Ochrona Zdrowia Pracuj\u0105cych Ochrona Zdrowia Pracuj\u0105cych Rodzaj kszta\u0142cenia Szkolenie specjalizacyjne jest to\u00a0\u00a0 rodzaj\u00a0 \u00a0kszta\u0142cenia, kt\u00f3ry zgodnie\u00a0\u00a0 z\u00a0\u00a0 ustaw\u0105 z\u00a0\u00a0 dnia 15 lipca 2011 r. o zawodach piel\u0119gniarki i po\u0142o\u017cnej (Dz. U. z 2016 r., poz. 1251) ma na celu uzyskanie przez piel\u0119gniark\u0119 lub po\u0142o\u017cn\u0105 specjalistycznej wiedzy i umiej\u0119tno\u015bci w okre\u015blonej dziedzinie piel\u0119gniarstwa lub dziedzinie maj\u0105cej...\" \/>\n<meta property=\"og:url\" content=\"https:\/\/akademia-zdrowia.pl\/kielce\/oferta-szkoleniowa\/ksztalcenie-pielegniarek-i-poloznych\/specjalizacje\/ochrona-zdrowia-pracujacych\/\" \/>\n<meta property=\"og:site_name\" content=\"Akademia Zdrowia Kielce\" \/>\n<meta property=\"article:modified_time\" content=\"2022-11-25T14:20:58+00:00\" \/>\n<meta name=\"twitter:card\" content=\"summary_large_image\" \/>\n<meta name=\"twitter:label1\" content=\"Szacowany czas czytania\" \/>\n\t<meta name=\"twitter:data1\" content=\"3 minuty\" \/>\n<script type=\"application\/ld+json\" class=\"yoast-schema-graph\">{\"@context\":\"https:\/\/schema.org\",\"@graph\":[{\"@type\":\"WebPage\",\"@id\":\"https:\/\/akademia-zdrowia.pl\/kielce\/oferta-szkoleniowa\/ksztalcenie-pielegniarek-i-poloznych\/specjalizacje\/ochrona-zdrowia-pracujacych\/\",\"url\":\"https:\/\/akademia-zdrowia.pl\/kielce\/oferta-szkoleniowa\/ksztalcenie-pielegniarek-i-poloznych\/specjalizacje\/ochrona-zdrowia-pracujacych\/\",\"name\":\"Ochrona zdrowia pracuj\u0105cych - Akademia Zdrowia Kielce\",\"isPartOf\":{\"@id\":\"https:\/\/akademia-zdrowia.pl\/kielce\/#website\"},\"datePublished\":\"2018-01-10T12:11:46+00:00\",\"dateModified\":\"2022-11-25T14:20:58+00:00\",\"breadcrumb\":{\"@id\":\"https:\/\/akademia-zdrowia.pl\/kielce\/oferta-szkoleniowa\/ksztalcenie-pielegniarek-i-poloznych\/specjalizacje\/ochrona-zdrowia-pracujacych\/#breadcrumb\"},\"inLanguage\":\"pl-PL\",\"potentialAction\":[{\"@type\":\"ReadAction\",\"target\":[\"https:\/\/akademia-zdrowia.pl\/kielce\/oferta-szkoleniowa\/ksztalcenie-pielegniarek-i-poloznych\/specjalizacje\/ochrona-zdrowia-pracujacych\/\"]}]},{\"@type\":\"BreadcrumbList\",\"@id\":\"https:\/\/akademia-zdrowia.pl\/kielce\/oferta-szkoleniowa\/ksztalcenie-pielegniarek-i-poloznych\/specjalizacje\/ochrona-zdrowia-pracujacych\/#breadcrumb\",\"itemListElement\":[{\"@type\":\"ListItem\",\"position\":1,\"name\":\"Strona g\u0142\u00f3wna\",\"item\":\"https:\/\/akademia-zdrowia.pl\/kielce\/\"},{\"@type\":\"ListItem\",\"position\":2,\"name\":\"Oferta szkoleniowa\",\"item\":\"https:\/\/akademia-zdrowia.pl\/kielce\/oferta-szkoleniowa\/\"},{\"@type\":\"ListItem\",\"position\":3,\"name\":\"Kszta\u0142cenie piel\u0119gniarek i po\u0142o\u017cnych\",\"item\":\"https:\/\/akademia-zdrowia.pl\/kielce\/oferta-szkoleniowa\/ksztalcenie-pielegniarek-i-poloznych\/\"},{\"@type\":\"ListItem\",\"position\":4,\"name\":\"Specjalizacje\",\"item\":\"https:\/\/akademia-zdrowia.pl\/kielce\/oferta-szkoleniowa\/ksztalcenie-pielegniarek-i-poloznych\/specjalizacje\/\"},{\"@type\":\"ListItem\",\"position\":5,\"name\":\"Ochrona zdrowia pracuj\u0105cych\"}]},{\"@type\":\"WebSite\",\"@id\":\"https:\/\/akademia-zdrowia.pl\/kielce\/#website\",\"url\":\"https:\/\/akademia-zdrowia.pl\/kielce\/\",\"name\":\"Akademia Zdrowia Kielce\",\"description\":\"Kolejna witryna oparta na WordPressie\",\"potentialAction\":[{\"@type\":\"SearchAction\",\"target\":{\"@type\":\"EntryPoint\",\"urlTemplate\":\"https:\/\/akademia-zdrowia.pl\/kielce\/?s={search_term_string}\"},\"query-input\":{\"@type\":\"PropertyValueSpecification\",\"valueRequired\":true,\"valueName\":\"search_term_string\"}}],\"inLanguage\":\"pl-PL\"}]}<\/script>\n<!-- \/ Yoast SEO plugin. -->","yoast_head_json":{"title":"Ochrona zdrowia pracuj\u0105cych - Akademia Zdrowia Kielce","robots":{"index":"index","follow":"follow","max-snippet":"max-snippet:-1","max-image-preview":"max-image-preview:large","max-video-preview":"max-video-preview:-1"},"canonical":"https:\/\/akademia-zdrowia.pl\/kielce\/oferta-szkoleniowa\/ksztalcenie-pielegniarek-i-poloznych\/specjalizacje\/ochrona-zdrowia-pracujacych\/","og_locale":"pl_PL","og_type":"article","og_title":"Ochrona zdrowia pracuj\u0105cych - Akademia Zdrowia Kielce","og_description":"Ochrona Zdrowia Pracuj\u0105cych Ochrona Zdrowia Pracuj\u0105cych Rodzaj kszta\u0142cenia Szkolenie specjalizacyjne jest to\u00a0\u00a0 rodzaj\u00a0 \u00a0kszta\u0142cenia, kt\u00f3ry zgodnie\u00a0\u00a0 z\u00a0\u00a0 ustaw\u0105 z\u00a0\u00a0 dnia 15 lipca 2011 r. o zawodach piel\u0119gniarki i po\u0142o\u017cnej (Dz. U. z 2016 r., poz. 1251) ma na celu uzyskanie przez piel\u0119gniark\u0119 lub po\u0142o\u017cn\u0105 specjalistycznej wiedzy i umiej\u0119tno\u015bci w okre\u015blonej dziedzinie piel\u0119gniarstwa lub dziedzinie maj\u0105cej...","og_url":"https:\/\/akademia-zdrowia.pl\/kielce\/oferta-szkoleniowa\/ksztalcenie-pielegniarek-i-poloznych\/specjalizacje\/ochrona-zdrowia-pracujacych\/","og_site_name":"Akademia Zdrowia Kielce","article_modified_time":"2022-11-25T14:20:58+00:00","twitter_card":"summary_large_image","twitter_misc":{"Szacowany czas czytania":"3 minuty"},"schema":{"@context":"https:\/\/schema.org","@graph":[{"@type":"WebPage","@id":"https:\/\/akademia-zdrowia.pl\/kielce\/oferta-szkoleniowa\/ksztalcenie-pielegniarek-i-poloznych\/specjalizacje\/ochrona-zdrowia-pracujacych\/","url":"https:\/\/akademia-zdrowia.pl\/kielce\/oferta-szkoleniowa\/ksztalcenie-pielegniarek-i-poloznych\/specjalizacje\/ochrona-zdrowia-pracujacych\/","name":"Ochrona zdrowia pracuj\u0105cych - Akademia Zdrowia Kielce","isPartOf":{"@id":"https:\/\/akademia-zdrowia.pl\/kielce\/#website"},"datePublished":"2018-01-10T12:11:46+00:00","dateModified":"2022-11-25T14:20:58+00:00","breadcrumb":{"@id":"https:\/\/akademia-zdrowia.pl\/kielce\/oferta-szkoleniowa\/ksztalcenie-pielegniarek-i-poloznych\/specjalizacje\/ochrona-zdrowia-pracujacych\/#breadcrumb"},"inLanguage":"pl-PL","potentialAction":[{"@type":"ReadAction","target":["https:\/\/akademia-zdrowia.pl\/kielce\/oferta-szkoleniowa\/ksztalcenie-pielegniarek-i-poloznych\/specjalizacje\/ochrona-zdrowia-pracujacych\/"]}]},{"@type":"BreadcrumbList","@id":"https:\/\/akademia-zdrowia.pl\/kielce\/oferta-szkoleniowa\/ksztalcenie-pielegniarek-i-poloznych\/specjalizacje\/ochrona-zdrowia-pracujacych\/#breadcrumb","itemListElement":[{"@type":"ListItem","position":1,"name":"Strona g\u0142\u00f3wna","item":"https:\/\/akademia-zdrowia.pl\/kielce\/"},{"@type":"ListItem","position":2,"name":"Oferta szkoleniowa","item":"https:\/\/akademia-zdrowia.pl\/kielce\/oferta-szkoleniowa\/"},{"@type":"ListItem","position":3,"name":"Kszta\u0142cenie piel\u0119gniarek i po\u0142o\u017cnych","item":"https:\/\/akademia-zdrowia.pl\/kielce\/oferta-szkoleniowa\/ksztalcenie-pielegniarek-i-poloznych\/"},{"@type":"ListItem","position":4,"name":"Specjalizacje","item":"https:\/\/akademia-zdrowia.pl\/kielce\/oferta-szkoleniowa\/ksztalcenie-pielegniarek-i-poloznych\/specjalizacje\/"},{"@type":"ListItem","position":5,"name":"Ochrona zdrowia pracuj\u0105cych"}]},{"@type":"WebSite","@id":"https:\/\/akademia-zdrowia.pl\/kielce\/#website","url":"https:\/\/akademia-zdrowia.pl\/kielce\/","name":"Akademia Zdrowia Kielce","description":"Kolejna witryna oparta na WordPressie","potentialAction":[{"@type":"SearchAction","target":{"@type":"EntryPoint","urlTemplate":"https:\/\/akademia-zdrowia.pl\/kielce\/?s={search_term_string}"},"query-input":{"@type":"PropertyValueSpecification","valueRequired":true,"valueName":"search_term_string"}}],"inLanguage":"pl-PL"}]}},"_links":{"self":[{"href":"https:\/\/akademia-zdrowia.pl\/kielce\/wp-json\/wp\/v2\/pages\/553","targetHints":{"allow":["GET"]}}],"collection":[{"href":"https:\/\/akademia-zdrowia.pl\/kielce\/wp-json\/wp\/v2\/pages"}],"about":[{"href":"https:\/\/akademia-zdrowia.pl\/kielce\/wp-json\/wp\/v2\/types\/page"}],"author":[{"embeddable":true,"href":"https:\/\/akademia-zdrowia.pl\/kielce\/wp-json\/wp\/v2\/users\/1"}],"replies":[{"embeddable":true,"href":"https:\/\/akademia-zdrowia.pl\/kielce\/wp-json\/wp\/v2\/comments?post=553"}],"version-history":[{"count":3,"href":"https:\/\/akademia-zdrowia.pl\/kielce\/wp-json\/wp\/v2\/pages\/553\/revisions"}],"predecessor-version":[{"id":5752,"href":"https:\/\/akademia-zdrowia.pl\/kielce\/wp-json\/wp\/v2\/pages\/553\/revisions\/5752"}],"up":[{"embeddable":true,"href":"https:\/\/akademia-zdrowia.pl\/kielce\/wp-json\/wp\/v2\/pages\/401"}],"wp:attachment":[{"href":"https:\/\/akademia-zdrowia.pl\/kielce\/wp-json\/wp\/v2\/media?parent=553"}],"curies":[{"name":"wp","href":"https:\/\/api.w.org\/{rel}","templated":true}]}}