{"id":5551,"date":"2022-11-24T15:26:21","date_gmt":"2022-11-24T14:26:21","guid":{"rendered":"https:\/\/akademia-zdrowia.pl\/kielce\/?page_id=5551"},"modified":"2022-11-25T11:38:16","modified_gmt":"2022-11-25T10:38:16","slug":"monitorowanie-dobrostanu-plodu-w-czasie-ciazy-i-podczas-porodu-dla-poloznych","status":"publish","type":"page","link":"https:\/\/akademia-zdrowia.pl\/kielce\/oferta-szkoleniowa\/ksztalcenie-pielegniarek-i-poloznych\/kursy-specjalistyczne\/monitorowanie-dobrostanu-plodu-w-czasie-ciazy-i-podczas-porodu-dla-poloznych\/","title":{"rendered":"Monitorowanie dobrostanu p\u0142odu w czasie ci\u0105\u017cy i podczas porodu dla po\u0142o\u017cnych"},"content":{"rendered":"\t\t<div data-elementor-type=\"wp-page\" data-elementor-id=\"5551\" class=\"elementor elementor-5551\" data-elementor-post-type=\"page\">\n\t\t\t\t\t\t<section class=\"elementor-section elementor-top-section elementor-element elementor-element-ae85e9a elementor-section-stretched elementor-section-boxed elementor-section-height-default elementor-section-height-default\" data-id=\"ae85e9a\" data-element_type=\"section\" data-e-type=\"section\" data-settings=\"{&quot;stretch_section&quot;:&quot;section-stretched&quot;}\">\n\t\t\t\t\t\t<div class=\"elementor-container elementor-column-gap-default\">\n\t\t\t\t\t<div class=\"elementor-column elementor-col-100 elementor-top-column elementor-element elementor-element-d7df932\" data-id=\"d7df932\" data-element_type=\"column\" data-e-type=\"column\">\n\t\t\t<div class=\"elementor-widget-wrap elementor-element-populated\">\n\t\t\t\t\t\t<div class=\"elementor-element elementor-element-644afa3 elementor-widget elementor-widget-text-editor\" data-id=\"644afa3\" data-element_type=\"widget\" data-e-type=\"widget\" data-widget_type=\"text-editor.default\">\n\t\t\t\t<div class=\"elementor-widget-container\">\n\t\t\t\t\t\t\t\t\t<p><strong>Rodzaj kszta\u0142cenia<\/strong><\/p><p>Kurs specjalistyczny jest to rodzaj kszta\u0142cenia, kt\u00f3ry zgodnie z ustaw\u0105 z dnia 15 lipca 2011 r.<\/p><p><em>o zawodach piel\u0119gniarki i po\u0142o\u017cnej <\/em>(Dz.U. z 2014 r., poz. 1435, z p\u00f3\u017an. zm.) ma na celu uzyskanie przez piel\u0119gniark\u0119 lub po\u0142o\u017cn\u0105 wiedzy i umiej\u0119tno\u015bci do wykonywania okre\u015blonych czynno\u015bci zawodowych przy udzielaniu \u015bwiadcze\u0144 piel\u0119gnacyjnych, zapobiegawczych, diagnostycznych, leczniczych lub rehabilitacyjnych.<\/p><p>\u00a0<\/p><p><strong>Cel kszta\u0142cenia<\/strong><\/p><p>Przygotowanie po\u0142o\u017cnej do samodzielnego udzielania \u015bwiadcze\u0144 zdrowotnych w zakresie monitorowania dobrostanu p\u0142odu w czasie ci\u0105\u017cy i podczas porodu, w wybranych stanach klinicznych matki i p\u0142odu.<\/p><p>\u00a0<\/p><p><strong>Czas trwania kszta\u0142cenia<\/strong><\/p><p>\u0141\u0105czna liczba godzin przeznaczonych na realizacj\u0119 programu kursu specjalistycznego w kontakcie z wyk\u0142adowc\u0105\/opiekunem sta\u017cu wynosi <strong>90 <\/strong>godzin dydaktycznych:<\/p><p>zaj\u0119cia teoretyczne\u00a0\u00a0\u00a0 &#8211; <strong>35 <\/strong>godzin, w tym <strong>10 <\/strong>godzin \u0107wicze\u0144 w warunkach symulowanych lub w warunkach naturalnych;\u00a0 zaj\u0119cia praktyczne\u00a0 \u00a0&#8211;\u00a0\u00a0\u00a0 \u00a0<strong>55 <\/strong>godzin.<\/p><p><em>\u00a0<\/em><\/p><p><em>Organizator kszta\u0142cenia w porozumieniu z kierownikiem kursu, ma prawo dokona\u0107 modyfikacji czasu trwania zaj\u0119\u0107 teoretycznych. Oznacza to, \u017ce 90% \u0142\u0105cznej liczby godzin przeznaczonych na realizacj\u0119 programu nie podlega zmianie. Wskazane 10%, <strong>co stanowi nie wi\u0119cej ni\u017c 9 godzin, mo\u017ce by\u0107 wykorzystane na samokszta\u0142cenie.<\/strong><\/em><\/p>\t\t\t\t\t\t\t\t<\/div>\n\t\t\t\t<\/div>\n\t\t\t\t\t<\/div>\n\t\t<\/div>\n\t\t\t\t\t<\/div>\n\t\t<\/section>\n\t\t\t\t<section class=\"elementor-section elementor-top-section elementor-element elementor-element-df1c30b elementor-section-stretched elementor-section-boxed elementor-section-height-default elementor-section-height-default\" data-id=\"df1c30b\" data-element_type=\"section\" data-e-type=\"section\" data-settings=\"{&quot;stretch_section&quot;:&quot;section-stretched&quot;}\">\n\t\t\t\t\t\t<div class=\"elementor-container elementor-column-gap-default\">\n\t\t\t\t\t<div class=\"elementor-column elementor-col-100 elementor-top-column elementor-element elementor-element-a204687\" data-id=\"a204687\" data-element_type=\"column\" data-e-type=\"column\">\n\t\t\t<div class=\"elementor-widget-wrap elementor-element-populated\">\n\t\t\t\t\t\t<div class=\"elementor-element elementor-element-ec820d4 elementor-widget elementor-widget-text-editor\" data-id=\"ec820d4\" data-element_type=\"widget\" data-e-type=\"widget\" data-widget_type=\"text-editor.default\">\n\t\t\t\t<div class=\"elementor-widget-container\">\n\t\t\t\t\t\t\t\t\t<p><strong>PLAN NAUCZANIA<\/strong><\/p><table width=\"660\"><tbody><tr><td><p><strong>\u00a0<\/strong><\/p><p><strong>Lp.<\/strong><\/p><\/td><td><p><strong>\u00a0<\/strong><\/p><p><strong>Nazwa modu\u0142u<\/strong><\/p><\/td><td><p><strong>Liczba godzin teorii<\/strong><\/p><\/td><td><p><strong>\u00a0<\/strong><\/p><p><strong>Miejsce realizacji sta\u017cu*<\/strong><\/p><\/td><td><p><strong>Liczba godzin sta\u017cu<\/strong><\/p><\/td><td><p><strong>\u0141\u0105czna liczba godzin kontaktowych<\/strong><\/p><\/td><\/tr><tr><td><p><strong>\u00a0<\/strong><\/p><p><strong>\u00a0<\/strong><\/p><p><strong>\u00a0<\/strong><\/p><p><strong>I<\/strong><\/p><\/td><td><p>Monitorowanie czynno\u015bci serca p\u0142odu oraz czynno\u015bci skurczowej macicy w ci\u0105\u017cy i podczas porodu z zastosowaniem kardiotokografii<\/p><\/td><td><p><strong>\u00a0<\/strong><\/p><p><strong>\u00a0<\/strong><\/p><p><strong>\u00a0<\/strong><\/p><p>8<\/p><\/td><td><p><strong>\u00a0<\/strong><\/p><p><strong>\u00a0<\/strong><\/p><p>Sala porodowa; Izba przyj\u0119\u0107 po\u0142o\u017cniczo- ginekologiczna<\/p><\/td><td><p><strong>\u00a0<\/strong><\/p><p><strong>\u00a0<\/strong><\/p><p><strong>\u00a0<\/strong><\/p><p>14<\/p><\/td><td><p><strong>\u00a0<\/strong><\/p><p><strong>\u00a0<\/strong><\/p><p><strong>\u00a0<\/strong><\/p><p><strong>22<\/strong><\/p><\/td><\/tr><tr><td><p><strong>\u00a0<\/strong><\/p><p><strong>\u00a0<\/strong><\/p><p><strong>II<\/strong><\/p><\/td><td><p>Wsp\u00f3\u0142czesne metody monitorowania dobrostanu p\u0142odu<\/p><\/td><td><p><strong>\u00a0<\/strong><\/p><p><strong>\u00a0<\/strong><\/p><p>20<\/p><\/td><td><p>Oddzia\u0142 patologii ci\u0105\u017cy; Oddzia\u0142 perinatologii; Izba przyj\u0119\u0107 po\u0142o\u017cniczo- ginekologiczna<\/p><\/td><td><p><strong>\u00a0<\/strong><\/p><p><strong>\u00a0<\/strong><\/p><p>27<\/p><\/td><td><p><strong>\u00a0<\/strong><\/p><p><strong>\u00a0<\/strong><\/p><p><strong>47<\/strong><\/p><\/td><\/tr><tr><td><p><strong>\u00a0<\/strong><\/p><p><strong>\u00a0<\/strong><\/p><p><strong>III<\/strong><\/p><\/td><td><p>Monitorowanie dobrostanu p\u0142odu w wybranych stanach klinicznych matki i p\u0142odu<\/p><\/td><td><p><strong>\u00a0<\/strong><\/p><p><strong>\u00a0<\/strong><\/p><p>7<\/p><\/td><td><p>Oddzia\u0142 patologii ci\u0105\u017cy; Oddzia\u0142 perinatologii; Izba przyj\u0119\u0107 po\u0142o\u017cniczo- ginekologiczna<\/p><\/td><td><p><strong>\u00a0<\/strong><\/p><p><strong>\u00a0<\/strong><\/p><p>14<\/p><\/td><td><p><strong>\u00a0<\/strong><\/p><p><strong>\u00a0<\/strong><\/p><p><strong>21<\/strong><\/p><\/td><\/tr><tr><td colspan=\"2\"><p><strong>\u0141\u0105cznie<\/strong><\/p><\/td><td><p><strong>35<\/strong><\/p><\/td><td><p>\u00a0<\/p><\/td><td><p><strong>55<\/strong><\/p><\/td><td><p><strong>90*<\/strong><\/p><\/td><\/tr><\/tbody><\/table>\t\t\t\t\t\t\t\t<\/div>\n\t\t\t\t<\/div>\n\t\t\t\t\t<\/div>\n\t\t<\/div>\n\t\t\t\t\t<\/div>\n\t\t<\/section>\n\t\t\t\t<section class=\"elementor-section elementor-top-section elementor-element elementor-element-39bf5a7 elementor-section-stretched elementor-section-boxed elementor-section-height-default elementor-section-height-default\" data-id=\"39bf5a7\" data-element_type=\"section\" data-e-type=\"section\" data-settings=\"{&quot;stretch_section&quot;:&quot;section-stretched&quot;}\">\n\t\t\t\t\t\t<div class=\"elementor-container elementor-column-gap-default\">\n\t\t\t\t\t<div class=\"elementor-column elementor-col-50 elementor-top-column elementor-element elementor-element-b6c4a71\" data-id=\"b6c4a71\" data-element_type=\"column\" data-e-type=\"column\">\n\t\t\t<div class=\"elementor-widget-wrap elementor-element-populated\">\n\t\t\t\t\t\t<div class=\"elementor-element elementor-element-7df2cca elementor-align-left elementor-widget elementor-widget-button\" data-id=\"7df2cca\" data-element_type=\"widget\" data-e-type=\"widget\" data-widget_type=\"button.default\">\n\t\t\t\t<div class=\"elementor-widget-container\">\n\t\t\t\t\t\t\t\t\t<div class=\"elementor-button-wrapper\">\n\t\t\t\t\t<a class=\"elementor-button elementor-button-link elementor-size-lg\" href=\"https:\/\/akademia-zdrowia.pl\/kielce\/wp-content\/uploads\/2022\/11\/Monitorowanie-dobrostanu-plodu-w-czasie-ciazy-i-podczas-porodu.pdf\">\n\t\t\t\t\t\t<span class=\"elementor-button-content-wrapper\">\n\t\t\t\t\t\t\t\t\t<span class=\"elementor-button-text\">PROGRAM<\/span>\n\t\t\t\t\t<\/span>\n\t\t\t\t\t<\/a>\n\t\t\t\t<\/div>\n\t\t\t\t\t\t\t\t<\/div>\n\t\t\t\t<\/div>\n\t\t\t\t\t<\/div>\n\t\t<\/div>\n\t\t\t\t<div class=\"elementor-column elementor-col-50 elementor-top-column elementor-element elementor-element-b3133bb\" data-id=\"b3133bb\" data-element_type=\"column\" data-e-type=\"column\">\n\t\t\t<div class=\"elementor-widget-wrap elementor-element-populated\">\n\t\t\t\t\t\t<div class=\"elementor-element elementor-element-006dc89 elementor-align-right elementor-widget elementor-widget-button\" data-id=\"006dc89\" data-element_type=\"widget\" data-e-type=\"widget\" data-widget_type=\"button.default\">\n\t\t\t\t<div class=\"elementor-widget-container\">\n\t\t\t\t\t\t\t\t\t<div class=\"elementor-button-wrapper\">\n\t\t\t\t\t<a class=\"elementor-button elementor-button-link elementor-size-lg\" href=\"https:\/\/smk.ezdrowie.gov.pl\/login.jsp\">\n\t\t\t\t\t\t<span class=\"elementor-button-content-wrapper\">\n\t\t\t\t\t\t\t\t\t<span class=\"elementor-button-text\">ZAPISZ SI\u0118!<\/span>\n\t\t\t\t\t<\/span>\n\t\t\t\t\t<\/a>\n\t\t\t\t<\/div>\n\t\t\t\t\t\t\t\t<\/div>\n\t\t\t\t<\/div>\n\t\t\t\t\t<\/div>\n\t\t<\/div>\n\t\t\t\t\t<\/div>\n\t\t<\/section>\n\t\t\t\t<\/div>\n\t\t","protected":false},"excerpt":{"rendered":"<p>Rodzaj kszta\u0142cenia Kurs specjalistyczny jest to rodzaj kszta\u0142cenia, kt\u00f3ry zgodnie z ustaw\u0105 z dnia 15 lipca 2011 r. o zawodach piel\u0119gniarki i po\u0142o\u017cnej (Dz.U. z 2014 r., poz. 1435, z p\u00f3\u017an. zm.) ma na celu uzyskanie przez piel\u0119gniark\u0119 lub po\u0142o\u017cn\u0105 wiedzy i umiej\u0119tno\u015bci do wykonywania okre\u015blonych czynno\u015bci zawodowych przy udzielaniu \u015bwiadcze\u0144 piel\u0119gnacyjnych, zapobiegawczych, diagnostycznych, leczniczych&#8230;<\/p>\n","protected":false},"author":3,"featured_media":0,"parent":397,"menu_order":0,"comment_status":"closed","ping_status":"closed","template":"","meta":{"footnotes":""},"class_list":["post-5551","page","type-page","status-publish","hentry"],"yoast_head":"<!-- This site is optimized with the Yoast SEO plugin v26.9 - https:\/\/yoast.com\/product\/yoast-seo-wordpress\/ -->\n<title>Monitorowanie dobrostanu p\u0142odu w czasie ci\u0105\u017cy i podczas porodu dla po\u0142o\u017cnych - Akademia Zdrowia Kielce<\/title>\n<meta name=\"robots\" content=\"index, follow, max-snippet:-1, max-image-preview:large, max-video-preview:-1\" \/>\n<link rel=\"canonical\" href=\"https:\/\/akademia-zdrowia.pl\/kielce\/oferta-szkoleniowa\/ksztalcenie-pielegniarek-i-poloznych\/kursy-specjalistyczne\/monitorowanie-dobrostanu-plodu-w-czasie-ciazy-i-podczas-porodu-dla-poloznych\/\" \/>\n<meta property=\"og:locale\" content=\"pl_PL\" \/>\n<meta property=\"og:type\" content=\"article\" \/>\n<meta property=\"og:title\" content=\"Monitorowanie dobrostanu p\u0142odu w czasie ci\u0105\u017cy i podczas porodu dla po\u0142o\u017cnych - Akademia Zdrowia Kielce\" \/>\n<meta property=\"og:description\" content=\"Rodzaj kszta\u0142cenia Kurs specjalistyczny jest to rodzaj kszta\u0142cenia, kt\u00f3ry zgodnie z ustaw\u0105 z dnia 15 lipca 2011 r. o zawodach piel\u0119gniarki i po\u0142o\u017cnej (Dz.U. z 2014 r., poz. 1435, z p\u00f3\u017an. zm.) ma na celu uzyskanie przez piel\u0119gniark\u0119 lub po\u0142o\u017cn\u0105 wiedzy i umiej\u0119tno\u015bci do wykonywania okre\u015blonych czynno\u015bci zawodowych przy udzielaniu \u015bwiadcze\u0144 piel\u0119gnacyjnych, zapobiegawczych, diagnostycznych, leczniczych...\" \/>\n<meta property=\"og:url\" content=\"https:\/\/akademia-zdrowia.pl\/kielce\/oferta-szkoleniowa\/ksztalcenie-pielegniarek-i-poloznych\/kursy-specjalistyczne\/monitorowanie-dobrostanu-plodu-w-czasie-ciazy-i-podczas-porodu-dla-poloznych\/\" \/>\n<meta property=\"og:site_name\" content=\"Akademia Zdrowia Kielce\" \/>\n<meta property=\"article:modified_time\" content=\"2022-11-25T10:38:16+00:00\" \/>\n<meta name=\"twitter:card\" content=\"summary_large_image\" \/>\n<meta name=\"twitter:label1\" content=\"Szacowany czas czytania\" \/>\n\t<meta name=\"twitter:data1\" content=\"2 minuty\" \/>\n<script type=\"application\/ld+json\" class=\"yoast-schema-graph\">{\"@context\":\"https:\/\/schema.org\",\"@graph\":[{\"@type\":\"WebPage\",\"@id\":\"https:\/\/akademia-zdrowia.pl\/kielce\/oferta-szkoleniowa\/ksztalcenie-pielegniarek-i-poloznych\/kursy-specjalistyczne\/monitorowanie-dobrostanu-plodu-w-czasie-ciazy-i-podczas-porodu-dla-poloznych\/\",\"url\":\"https:\/\/akademia-zdrowia.pl\/kielce\/oferta-szkoleniowa\/ksztalcenie-pielegniarek-i-poloznych\/kursy-specjalistyczne\/monitorowanie-dobrostanu-plodu-w-czasie-ciazy-i-podczas-porodu-dla-poloznych\/\",\"name\":\"Monitorowanie dobrostanu p\u0142odu w czasie ci\u0105\u017cy i podczas porodu dla po\u0142o\u017cnych - Akademia Zdrowia Kielce\",\"isPartOf\":{\"@id\":\"https:\/\/akademia-zdrowia.pl\/kielce\/#website\"},\"datePublished\":\"2022-11-24T14:26:21+00:00\",\"dateModified\":\"2022-11-25T10:38:16+00:00\",\"breadcrumb\":{\"@id\":\"https:\/\/akademia-zdrowia.pl\/kielce\/oferta-szkoleniowa\/ksztalcenie-pielegniarek-i-poloznych\/kursy-specjalistyczne\/monitorowanie-dobrostanu-plodu-w-czasie-ciazy-i-podczas-porodu-dla-poloznych\/#breadcrumb\"},\"inLanguage\":\"pl-PL\",\"potentialAction\":[{\"@type\":\"ReadAction\",\"target\":[\"https:\/\/akademia-zdrowia.pl\/kielce\/oferta-szkoleniowa\/ksztalcenie-pielegniarek-i-poloznych\/kursy-specjalistyczne\/monitorowanie-dobrostanu-plodu-w-czasie-ciazy-i-podczas-porodu-dla-poloznych\/\"]}]},{\"@type\":\"BreadcrumbList\",\"@id\":\"https:\/\/akademia-zdrowia.pl\/kielce\/oferta-szkoleniowa\/ksztalcenie-pielegniarek-i-poloznych\/kursy-specjalistyczne\/monitorowanie-dobrostanu-plodu-w-czasie-ciazy-i-podczas-porodu-dla-poloznych\/#breadcrumb\",\"itemListElement\":[{\"@type\":\"ListItem\",\"position\":1,\"name\":\"Strona g\u0142\u00f3wna\",\"item\":\"https:\/\/akademia-zdrowia.pl\/kielce\/\"},{\"@type\":\"ListItem\",\"position\":2,\"name\":\"Oferta szkoleniowa\",\"item\":\"https:\/\/akademia-zdrowia.pl\/kielce\/oferta-szkoleniowa\/\"},{\"@type\":\"ListItem\",\"position\":3,\"name\":\"Kszta\u0142cenie piel\u0119gniarek i po\u0142o\u017cnych\",\"item\":\"https:\/\/akademia-zdrowia.pl\/kielce\/oferta-szkoleniowa\/ksztalcenie-pielegniarek-i-poloznych\/\"},{\"@type\":\"ListItem\",\"position\":4,\"name\":\"Kursy specjalistyczne\",\"item\":\"https:\/\/akademia-zdrowia.pl\/kielce\/oferta-szkoleniowa\/ksztalcenie-pielegniarek-i-poloznych\/kursy-specjalistyczne\/\"},{\"@type\":\"ListItem\",\"position\":5,\"name\":\"Monitorowanie dobrostanu p\u0142odu w czasie ci\u0105\u017cy i podczas porodu dla po\u0142o\u017cnych\"}]},{\"@type\":\"WebSite\",\"@id\":\"https:\/\/akademia-zdrowia.pl\/kielce\/#website\",\"url\":\"https:\/\/akademia-zdrowia.pl\/kielce\/\",\"name\":\"Akademia Zdrowia Kielce\",\"description\":\"Kolejna witryna oparta na WordPressie\",\"potentialAction\":[{\"@type\":\"SearchAction\",\"target\":{\"@type\":\"EntryPoint\",\"urlTemplate\":\"https:\/\/akademia-zdrowia.pl\/kielce\/?s={search_term_string}\"},\"query-input\":{\"@type\":\"PropertyValueSpecification\",\"valueRequired\":true,\"valueName\":\"search_term_string\"}}],\"inLanguage\":\"pl-PL\"}]}<\/script>\n<!-- \/ Yoast SEO plugin. -->","yoast_head_json":{"title":"Monitorowanie dobrostanu p\u0142odu w czasie ci\u0105\u017cy i podczas porodu dla po\u0142o\u017cnych - Akademia Zdrowia Kielce","robots":{"index":"index","follow":"follow","max-snippet":"max-snippet:-1","max-image-preview":"max-image-preview:large","max-video-preview":"max-video-preview:-1"},"canonical":"https:\/\/akademia-zdrowia.pl\/kielce\/oferta-szkoleniowa\/ksztalcenie-pielegniarek-i-poloznych\/kursy-specjalistyczne\/monitorowanie-dobrostanu-plodu-w-czasie-ciazy-i-podczas-porodu-dla-poloznych\/","og_locale":"pl_PL","og_type":"article","og_title":"Monitorowanie dobrostanu p\u0142odu w czasie ci\u0105\u017cy i podczas porodu dla po\u0142o\u017cnych - Akademia Zdrowia Kielce","og_description":"Rodzaj kszta\u0142cenia Kurs specjalistyczny jest to rodzaj kszta\u0142cenia, kt\u00f3ry zgodnie z ustaw\u0105 z dnia 15 lipca 2011 r. o zawodach piel\u0119gniarki i po\u0142o\u017cnej (Dz.U. z 2014 r., poz. 1435, z p\u00f3\u017an. zm.) ma na celu uzyskanie przez piel\u0119gniark\u0119 lub po\u0142o\u017cn\u0105 wiedzy i umiej\u0119tno\u015bci do wykonywania okre\u015blonych czynno\u015bci zawodowych przy udzielaniu \u015bwiadcze\u0144 piel\u0119gnacyjnych, zapobiegawczych, diagnostycznych, leczniczych...","og_url":"https:\/\/akademia-zdrowia.pl\/kielce\/oferta-szkoleniowa\/ksztalcenie-pielegniarek-i-poloznych\/kursy-specjalistyczne\/monitorowanie-dobrostanu-plodu-w-czasie-ciazy-i-podczas-porodu-dla-poloznych\/","og_site_name":"Akademia Zdrowia Kielce","article_modified_time":"2022-11-25T10:38:16+00:00","twitter_card":"summary_large_image","twitter_misc":{"Szacowany czas czytania":"2 minuty"},"schema":{"@context":"https:\/\/schema.org","@graph":[{"@type":"WebPage","@id":"https:\/\/akademia-zdrowia.pl\/kielce\/oferta-szkoleniowa\/ksztalcenie-pielegniarek-i-poloznych\/kursy-specjalistyczne\/monitorowanie-dobrostanu-plodu-w-czasie-ciazy-i-podczas-porodu-dla-poloznych\/","url":"https:\/\/akademia-zdrowia.pl\/kielce\/oferta-szkoleniowa\/ksztalcenie-pielegniarek-i-poloznych\/kursy-specjalistyczne\/monitorowanie-dobrostanu-plodu-w-czasie-ciazy-i-podczas-porodu-dla-poloznych\/","name":"Monitorowanie dobrostanu p\u0142odu w czasie ci\u0105\u017cy i podczas porodu dla po\u0142o\u017cnych - Akademia Zdrowia Kielce","isPartOf":{"@id":"https:\/\/akademia-zdrowia.pl\/kielce\/#website"},"datePublished":"2022-11-24T14:26:21+00:00","dateModified":"2022-11-25T10:38:16+00:00","breadcrumb":{"@id":"https:\/\/akademia-zdrowia.pl\/kielce\/oferta-szkoleniowa\/ksztalcenie-pielegniarek-i-poloznych\/kursy-specjalistyczne\/monitorowanie-dobrostanu-plodu-w-czasie-ciazy-i-podczas-porodu-dla-poloznych\/#breadcrumb"},"inLanguage":"pl-PL","potentialAction":[{"@type":"ReadAction","target":["https:\/\/akademia-zdrowia.pl\/kielce\/oferta-szkoleniowa\/ksztalcenie-pielegniarek-i-poloznych\/kursy-specjalistyczne\/monitorowanie-dobrostanu-plodu-w-czasie-ciazy-i-podczas-porodu-dla-poloznych\/"]}]},{"@type":"BreadcrumbList","@id":"https:\/\/akademia-zdrowia.pl\/kielce\/oferta-szkoleniowa\/ksztalcenie-pielegniarek-i-poloznych\/kursy-specjalistyczne\/monitorowanie-dobrostanu-plodu-w-czasie-ciazy-i-podczas-porodu-dla-poloznych\/#breadcrumb","itemListElement":[{"@type":"ListItem","position":1,"name":"Strona g\u0142\u00f3wna","item":"https:\/\/akademia-zdrowia.pl\/kielce\/"},{"@type":"ListItem","position":2,"name":"Oferta szkoleniowa","item":"https:\/\/akademia-zdrowia.pl\/kielce\/oferta-szkoleniowa\/"},{"@type":"ListItem","position":3,"name":"Kszta\u0142cenie piel\u0119gniarek i po\u0142o\u017cnych","item":"https:\/\/akademia-zdrowia.pl\/kielce\/oferta-szkoleniowa\/ksztalcenie-pielegniarek-i-poloznych\/"},{"@type":"ListItem","position":4,"name":"Kursy specjalistyczne","item":"https:\/\/akademia-zdrowia.pl\/kielce\/oferta-szkoleniowa\/ksztalcenie-pielegniarek-i-poloznych\/kursy-specjalistyczne\/"},{"@type":"ListItem","position":5,"name":"Monitorowanie dobrostanu p\u0142odu w czasie ci\u0105\u017cy i podczas porodu dla po\u0142o\u017cnych"}]},{"@type":"WebSite","@id":"https:\/\/akademia-zdrowia.pl\/kielce\/#website","url":"https:\/\/akademia-zdrowia.pl\/kielce\/","name":"Akademia Zdrowia Kielce","description":"Kolejna witryna oparta na WordPressie","potentialAction":[{"@type":"SearchAction","target":{"@type":"EntryPoint","urlTemplate":"https:\/\/akademia-zdrowia.pl\/kielce\/?s={search_term_string}"},"query-input":{"@type":"PropertyValueSpecification","valueRequired":true,"valueName":"search_term_string"}}],"inLanguage":"pl-PL"}]}},"_links":{"self":[{"href":"https:\/\/akademia-zdrowia.pl\/kielce\/wp-json\/wp\/v2\/pages\/5551","targetHints":{"allow":["GET"]}}],"collection":[{"href":"https:\/\/akademia-zdrowia.pl\/kielce\/wp-json\/wp\/v2\/pages"}],"about":[{"href":"https:\/\/akademia-zdrowia.pl\/kielce\/wp-json\/wp\/v2\/types\/page"}],"author":[{"embeddable":true,"href":"https:\/\/akademia-zdrowia.pl\/kielce\/wp-json\/wp\/v2\/users\/3"}],"replies":[{"embeddable":true,"href":"https:\/\/akademia-zdrowia.pl\/kielce\/wp-json\/wp\/v2\/comments?post=5551"}],"version-history":[{"count":7,"href":"https:\/\/akademia-zdrowia.pl\/kielce\/wp-json\/wp\/v2\/pages\/5551\/revisions"}],"predecessor-version":[{"id":5657,"href":"https:\/\/akademia-zdrowia.pl\/kielce\/wp-json\/wp\/v2\/pages\/5551\/revisions\/5657"}],"up":[{"embeddable":true,"href":"https:\/\/akademia-zdrowia.pl\/kielce\/wp-json\/wp\/v2\/pages\/397"}],"wp:attachment":[{"href":"https:\/\/akademia-zdrowia.pl\/kielce\/wp-json\/wp\/v2\/media?parent=5551"}],"curies":[{"name":"wp","href":"https:\/\/api.w.org\/{rel}","templated":true}]}}