{"id":557,"date":"2018-01-10T13:12:19","date_gmt":"2018-01-10T12:12:19","guid":{"rendered":"http:\/\/www.akademia-zdrowia.pl\/lodz\/?page_id=557"},"modified":"2022-11-25T15:27:18","modified_gmt":"2022-11-25T14:27:18","slug":"pielegniarstwo-neonatologiczne","status":"publish","type":"page","link":"https:\/\/akademia-zdrowia.pl\/kielce\/oferta-szkoleniowa\/ksztalcenie-pielegniarek-i-poloznych\/specjalizacje\/pielegniarstwo-neonatologiczne\/","title":{"rendered":"Piel\u0119gniarstwo neonatologiczne"},"content":{"rendered":"\t\t<div data-elementor-type=\"wp-page\" data-elementor-id=\"557\" class=\"elementor elementor-557\" data-elementor-post-type=\"page\">\n\t\t\t\t\t\t<section class=\"elementor-section elementor-top-section elementor-element elementor-element-0dea49e elementor-section-boxed elementor-section-height-default elementor-section-height-default\" data-id=\"0dea49e\" data-element_type=\"section\" data-e-type=\"section\">\n\t\t\t\t\t\t<div class=\"elementor-container elementor-column-gap-default\">\n\t\t\t\t\t<div class=\"elementor-column elementor-col-100 elementor-top-column elementor-element elementor-element-7c1737e\" data-id=\"7c1737e\" data-element_type=\"column\" data-e-type=\"column\">\n\t\t\t<div class=\"elementor-widget-wrap\">\n\t\t\t\t\t\t\t<\/div>\n\t\t<\/div>\n\t\t\t\t\t<\/div>\n\t\t<\/section>\n\t\t\t\t<section class=\"elementor-section elementor-top-section elementor-element elementor-element-de4d3b0 elementor-section-boxed elementor-section-height-default elementor-section-height-default\" data-id=\"de4d3b0\" data-element_type=\"section\" data-e-type=\"section\">\n\t\t\t\t\t\t<div class=\"elementor-container elementor-column-gap-default\">\n\t\t\t\t\t<div class=\"elementor-column elementor-col-100 elementor-top-column elementor-element elementor-element-7f6a4eb\" data-id=\"7f6a4eb\" data-element_type=\"column\" data-e-type=\"column\">\n\t\t\t<div class=\"elementor-widget-wrap elementor-element-populated\">\n\t\t\t\t\t\t<div class=\"elementor-element elementor-element-3be2865 elementor-widget elementor-widget-text-editor\" data-id=\"3be2865\" data-element_type=\"widget\" data-e-type=\"widget\" data-widget_type=\"text-editor.default\">\n\t\t\t\t<div class=\"elementor-widget-container\">\n\t\t\t\t\t\t\t\t\t<p><strong>Rodzaj kszta\u0142cenia<\/strong><\/p><p>Szkolenie specjalizacyjne jest to rodzaj kszta\u0142cenia, kt\u00f3ry zgodnie z ustaw\u0105 z dnia 15 lipca 2011<\/p><ol><li><em>o zawodach piel\u0119gniarki i po\u0142o\u017cnej <\/em>(Dz. U. z 2016 r., poz. 1251) ma na celu uzyskanie przez piel\u0119gniark\u0119 lub po\u0142o\u017cn\u0105 specjalistycznej wiedzy i umiej\u0119tno\u015bci w okre\u015blonej dziedzinie piel\u0119gniarstwa lub dziedzinie maj\u0105cej zastosowanie w ochronie zdrowia oraz tytu\u0142u specjalisty w tej dziedzinie.<\/li><\/ol><p>\u00a0<\/p><p><strong>Cel kszta\u0142cenia<\/strong><\/p><p>Przygotowanie piel\u0119gniarki, po\u0142o\u017cnej do podejmowania dzia\u0142a\u0144 promuj\u0105cych zdrowie, profilaktycznych, opieku\u0144czych, diagnostycznych, terapeutycznych w zakresie kompleksowej, zindywidualizowanej opieki nad noworodkiem zdrowym, chorym i wymagaj\u0105cym intensywnego nadzoru oraz jego rodzin\u0105.<\/p>\t\t\t\t\t\t\t\t<\/div>\n\t\t\t\t<\/div>\n\t\t\t\t\t<\/div>\n\t\t<\/div>\n\t\t\t\t\t<\/div>\n\t\t<\/section>\n\t\t\t\t<section class=\"elementor-section elementor-top-section elementor-element elementor-element-cd1aa73 elementor-section-boxed elementor-section-height-default elementor-section-height-default\" data-id=\"cd1aa73\" data-element_type=\"section\" data-e-type=\"section\">\n\t\t\t\t\t\t<div class=\"elementor-container elementor-column-gap-default\">\n\t\t\t\t\t<div class=\"elementor-column elementor-col-100 elementor-top-column elementor-element elementor-element-2c506a8\" data-id=\"2c506a8\" data-element_type=\"column\" data-e-type=\"column\">\n\t\t\t<div class=\"elementor-widget-wrap elementor-element-populated\">\n\t\t\t\t\t\t<div class=\"elementor-element elementor-element-475d72b elementor-widget elementor-widget-toggle\" data-id=\"475d72b\" data-element_type=\"widget\" data-e-type=\"widget\" data-widget_type=\"toggle.default\">\n\t\t\t\t<div class=\"elementor-widget-container\">\n\t\t\t\t\t\t\t<div class=\"elementor-toggle\">\n\t\t\t\t\t\t\t<div class=\"elementor-toggle-item\">\n\t\t\t\t\t<div id=\"elementor-tab-title-7481\" class=\"elementor-tab-title\" data-tab=\"1\" role=\"button\" aria-controls=\"elementor-tab-content-7481\" aria-expanded=\"false\">\n\t\t\t\t\t\t\t\t\t\t\t\t<span class=\"elementor-toggle-icon elementor-toggle-icon-left\" aria-hidden=\"true\">\n\t\t\t\t\t\t\t\t\t\t\t\t\t\t\t<span class=\"elementor-toggle-icon-closed\"><i class=\"fas fa-caret-right\"><\/i><\/span>\n\t\t\t\t\t\t\t\t<span class=\"elementor-toggle-icon-opened\"><i class=\"elementor-toggle-icon-opened fas fa-caret-up\"><\/i><\/span>\n\t\t\t\t\t\t\t\t\t\t\t\t\t<\/span>\n\t\t\t\t\t\t\t\t\t\t\t\t<a class=\"elementor-toggle-title\" tabindex=\"0\">CZAS TRWANIA<\/a>\n\t\t\t\t\t<\/div>\n\n\t\t\t\t\t<div id=\"elementor-tab-content-7481\" class=\"elementor-tab-content elementor-clearfix\" data-tab=\"1\" role=\"region\" aria-labelledby=\"elementor-tab-title-7481\"><p><span data-contrast=\"auto\">\u0141\u0105czna liczba godzin przeznaczonych na\u00a0 realizacj\u0119 programu\u00a0 szkolenia specjalizacyjnego\u00a0\u00a0 w kontakcie z wyk\u0142adowc\u0105\/opiekunem sta\u017cu wynosi <strong>840<\/strong> godzin dydaktycznych:<\/span><span data-ccp-props=\"{&quot;201341983&quot;:0,&quot;335559739&quot;:200,&quot;335559740&quot;:276}\">\u00a0<\/span><\/p><p><strong>Zaj\u0119cia teoretyczne\u00a0 \u2013 475 godzin, \u00a0<\/strong><\/p><p><strong>Zaj\u0119cia praktyczne \u2013 365 godzin.\u00a0<\/strong><\/p><p><span data-contrast=\"auto\">*<\/span><i><span data-contrast=\"auto\">Organizator kszta\u0142cenia w porozumieniu z kierownikiem specjalizacji, ma prawo dokona\u0107 modyfikacji czasu trwania zaj\u0119\u0107 teoretycznych. Oznacza to, \u017ce 80% \u0142\u0105cznej liczby godzin przeznaczonych na realizacj\u0119 programu nie podlega zmianie. Wskazane 20%, co stanowi nie wi\u0119cej ni\u017c <strong><em>168<\/em><\/strong> godzin, mo\u017ce by\u0107 wykorzystane na samokszta\u0142cenie.<\/span><\/i><span data-ccp-props=\"{&quot;201341983&quot;:0,&quot;335559739&quot;:200,&quot;335559740&quot;:276}\">\u00a0<\/span><\/p><\/div>\n\t\t\t\t<\/div>\n\t\t\t\t\t\t\t<div class=\"elementor-toggle-item\">\n\t\t\t\t\t<div id=\"elementor-tab-title-7482\" class=\"elementor-tab-title\" data-tab=\"2\" role=\"button\" aria-controls=\"elementor-tab-content-7482\" aria-expanded=\"false\">\n\t\t\t\t\t\t\t\t\t\t\t\t<span class=\"elementor-toggle-icon elementor-toggle-icon-left\" aria-hidden=\"true\">\n\t\t\t\t\t\t\t\t\t\t\t\t\t\t\t<span class=\"elementor-toggle-icon-closed\"><i class=\"fas fa-caret-right\"><\/i><\/span>\n\t\t\t\t\t\t\t\t<span class=\"elementor-toggle-icon-opened\"><i class=\"elementor-toggle-icon-opened fas fa-caret-up\"><\/i><\/span>\n\t\t\t\t\t\t\t\t\t\t\t\t\t<\/span>\n\t\t\t\t\t\t\t\t\t\t\t\t<a class=\"elementor-toggle-title\" tabindex=\"0\">PLAN NAUCZANIA<\/a>\n\t\t\t\t\t<\/div>\n\n\t\t\t\t\t<div id=\"elementor-tab-content-7482\" class=\"elementor-tab-content elementor-clearfix\" data-tab=\"2\" role=\"region\" aria-labelledby=\"elementor-tab-title-7482\"><table><tbody><tr><td width=\"30\"><p><strong>\u00a0<\/strong><\/p><p><strong>Lp.<\/strong><\/p><\/td><td width=\"160\"><p><strong>\u00a0<\/strong><\/p><p><strong>Nazwa modu\u0142u<\/strong><\/p><\/td><td width=\"63\"><p><strong>Liczba godzin teorii<\/strong><\/p><\/td><td width=\"192\"><p><strong>Miejsce realizacji sta\u017cu<\/strong><\/p><\/td><td width=\"62\"><p><strong>Liczba godzin sta\u017cu<\/strong><\/p><\/td><td width=\"96\"><p><strong>\u0141\u0105czna liczba godzin kontaktowych<\/strong><\/p><\/td><\/tr><tr><td width=\"30\"><p><strong>\u00a0<\/strong><\/p><p><strong>I<\/strong><\/p><\/td><td width=\"160\"><p>Humanistyczno- spo\u0142eczne podstawy specjalizacji<\/p><\/td><td width=\"63\"><p><strong>\u00a0<\/strong><\/p><p>110<\/p><\/td><td width=\"192\"><p><strong>\u00a0<\/strong><\/p><p>\u2013<\/p><\/td><td width=\"62\"><p><strong>\u00a0<\/strong><\/p><p>\u2013<\/p><\/td><td width=\"96\"><p><strong>\u00a0<\/strong><\/p><p><strong>110<\/strong><\/p><\/td><\/tr><tr><td width=\"30\"><p><strong>\u00a0<\/strong><\/p><p><strong>II<\/strong><\/p><\/td><td width=\"160\"><p>Wsp\u00f3\u0142czesne kierunki opieki w piel\u0119gniarstwie neonatologicznym<\/p><\/td><td width=\"63\"><p><strong>\u00a0<\/strong><\/p><p>30<\/p><\/td><td width=\"192\"><p><strong>\u00a0<\/strong><\/p><p>\u2013<\/p><\/td><td width=\"62\"><p><strong>\u00a0<\/strong><\/p><p>\u2013<\/p><\/td><td width=\"96\"><p><strong>\u00a0<\/strong><\/p><p><strong>30<\/strong><\/p><\/td><\/tr><tr><td width=\"30\"><p><strong>\u00a0<\/strong><\/p><p><strong>III<\/strong><\/p><\/td><td width=\"160\"><p>Uwarunkowania zdrowia noworodka i ocena jego stanu<\/p><\/td><td width=\"63\"><p><strong>\u00a0<\/strong><\/p><p>50<\/p><\/td><td width=\"192\"><p>Oddzia\u0142 po\u0142o\u017cnictwa<\/p><p>i neonatologii; Oddzia\u0142 neonatologiczny<\/p><\/td><td width=\"62\"><p><strong>\u00a0<\/strong><\/p><p>35<\/p><\/td><td width=\"96\"><p><strong>\u00a0<\/strong><\/p><p><strong>85<\/strong><\/p><\/td><\/tr><tr><td width=\"30\"><p><strong>\u00a0<\/strong><\/p><p><strong>IV<\/strong><\/p><\/td><td width=\"160\"><p>Opieka nad noworodkiem zdrowym<\/p><\/td><td width=\"63\"><p><strong>\u00a0<\/strong><\/p><p>70<\/p><\/td><td width=\"192\"><p>Oddzia\u0142 po\u0142o\u017cnictwa<\/p><p>i neonatologii; Oddzia\u0142 neonatologiczny<\/p><\/td><td width=\"62\"><p><strong>\u00a0<\/strong><\/p><p>45<\/p><\/td><td width=\"96\"><p><strong>\u00a0<\/strong><\/p><p><strong>115<\/strong><\/p><\/td><\/tr><tr><td width=\"30\"><p><strong>\u00a0<\/strong><\/p><p><strong>V<\/strong><\/p><\/td><td width=\"160\"><p>Opieka nad noworodkiem przedwcze\u015bnie urodzonym<\/p><\/td><td width=\"63\"><p><strong>\u00a0<\/strong><\/p><p>40<\/p><\/td><td width=\"192\"><p>Oddzia\u0142 patologii noworodka; Oddzia\u0142 intensywnej terapii noworodka (OITN)<\/p><\/td><td width=\"62\"><p><strong>\u00a0<\/strong><\/p><p>40<\/p><\/td><td width=\"96\"><p><strong>\u00a0<\/strong><\/p><p><strong>80<\/strong><\/p><\/td><\/tr><tr><td rowspan=\"2\" width=\"30\"><p><strong>\u00a0<\/strong><\/p><p><strong>\u00a0<\/strong><\/p><p><strong>VI<\/strong><\/p><\/td><td rowspan=\"2\" width=\"160\"><p><strong>\u00a0<\/strong><\/p><p>Opieka nad noworodkiem chorym<\/p><\/td><td rowspan=\"2\" width=\"63\"><p><strong>\u00a0<\/strong><\/p><p><strong>\u00a0<\/strong><\/p><p>80<\/p><\/td><td width=\"192\"><p>Oddzia\u0142 chirurgii dzieci\u0119cej z profilem noworodkowym<\/p><\/td><td width=\"62\"><p><strong>\u00a0<\/strong><\/p><p>35<\/p><\/td><td rowspan=\"2\" width=\"96\"><p><strong>\u00a0<\/strong><\/p><p><strong>\u00a0<\/strong><\/p><p><strong>220<\/strong><\/p><\/td><\/tr><tr><td width=\"192\"><p>Oddzia\u0142 patologii noworodka<\/p><\/td><td width=\"62\"><p>105<\/p><\/td><\/tr><tr><td width=\"30\"><p><strong>\u00a0<\/strong><\/p><p><strong>VII<\/strong><\/p><\/td><td width=\"160\"><p>Opieka nad noworodkiem w stanach zagro\u017cenia<\/p><p>\u017cycia<\/p><\/td><td width=\"63\"><p><strong>\u00a0<\/strong><\/p><p>95<\/p><\/td><td width=\"192\"><p>Oddzia\u0142 intensywnej terapii noworodka (OITN)<\/p><\/td><td width=\"62\"><p><strong>\u00a0<\/strong><\/p><p>105<\/p><\/td><td width=\"96\"><p><strong>\u00a0<\/strong><\/p><p><strong>200<\/strong><\/p><\/td><\/tr><tr><td colspan=\"2\" width=\"190\"><p><strong>\u0141\u0105cznie<\/strong><\/p><\/td><td width=\"63\"><p><strong>475<\/strong><\/p><\/td><td width=\"192\"><p>\u00a0<\/p><\/td><td width=\"62\"><p><strong>365<\/strong><\/p><\/td><td width=\"96\"><p><strong>840*<\/strong><\/p><\/td><\/tr><\/tbody><\/table><\/div>\n\t\t\t\t<\/div>\n\t\t\t\t\t\t\t\t<\/div>\n\t\t\t\t\t\t<\/div>\n\t\t\t\t<\/div>\n\t\t\t\t\t<\/div>\n\t\t<\/div>\n\t\t\t\t\t<\/div>\n\t\t<\/section>\n\t\t\t\t<section class=\"elementor-section elementor-top-section elementor-element elementor-element-d1da72a elementor-section-boxed elementor-section-height-default elementor-section-height-default\" data-id=\"d1da72a\" data-element_type=\"section\" data-e-type=\"section\">\n\t\t\t\t\t\t<div class=\"elementor-container elementor-column-gap-default\">\n\t\t\t\t\t<div class=\"elementor-column elementor-col-100 elementor-top-column elementor-element elementor-element-4de6ef0\" data-id=\"4de6ef0\" data-element_type=\"column\" data-e-type=\"column\">\n\t\t\t<div class=\"elementor-widget-wrap elementor-element-populated\">\n\t\t\t\t\t\t<div class=\"elementor-element elementor-element-8767053 elementor-alert-danger elementor-widget elementor-widget-alert\" data-id=\"8767053\" data-element_type=\"widget\" data-e-type=\"widget\" data-widget_type=\"alert.default\">\n\t\t\t\t<div class=\"elementor-widget-container\">\n\t\t\t\t\t\t\t<div class=\"elementor-alert\" role=\"alert\">\n\n\t\t\t\t\t\t<span class=\"elementor-alert-title\">UWAGA !  <\/span>\n\t\t\t\n\t\t\t\n\t\t\t\t\t\t<button type=\"button\" class=\"elementor-alert-dismiss\" aria-label=\"Odrzu\u0107 ten alert.\">\n\t\t\t\t\t\t\t\t\t<span aria-hidden=\"true\">&times;<\/span>\n\t\t\t\t\t\t\t<\/button>\n\t\t\t\n\t\t<\/div>\n\t\t\t\t\t\t<\/div>\n\t\t\t\t<\/div>\n\t\t\t\t\t<\/div>\n\t\t<\/div>\n\t\t\t\t\t<\/div>\n\t\t<\/section>\n\t\t\t\t<section class=\"elementor-section elementor-top-section elementor-element elementor-element-dca84ae elementor-section-boxed elementor-section-height-default elementor-section-height-default\" data-id=\"dca84ae\" data-element_type=\"section\" data-e-type=\"section\">\n\t\t\t\t\t\t<div class=\"elementor-container elementor-column-gap-default\">\n\t\t\t\t\t<div class=\"elementor-column elementor-col-100 elementor-top-column elementor-element elementor-element-dc279b0\" data-id=\"dc279b0\" data-element_type=\"column\" data-e-type=\"column\">\n\t\t\t<div class=\"elementor-widget-wrap elementor-element-populated\">\n\t\t\t\t\t\t<div class=\"elementor-element elementor-element-8c07fc6 elementor-widget elementor-widget-text-editor\" data-id=\"8c07fc6\" data-element_type=\"widget\" data-e-type=\"widget\" data-widget_type=\"text-editor.default\">\n\t\t\t\t<div class=\"elementor-widget-container\">\n\t\t\t\t\t\t\t\t\t<p><strong>Aby wniosek o zakwalifikowanie na specjalizacj\u0119 zosta\u0142 przyj\u0119ty, nale\u017cy za\u0142\u0105czy\u0107 w systemie SMK potwierdzenie sta\u017cu pracy min. 2 lata (w przeci\u0105gu ostatnich \u00a0pi\u0119ciu \u00a0lat). Niestety, wnioski bez tego dokumentu b\u0119d\u0105 odrzucane.<\/strong><\/p><p><strong>UWAGA !!<\/strong><br \/><strong>Akademia Zdrowia przypomina o obowi\u0105zku posiadania uko\u0144czonego kursu Wywiad i badania fizykalne przed zako\u0144czeniem specjalizacji. Powy\u017cszy\u00a0kurs\u00a0mog\u0105\u00a0Pa\u0144stwo\u00a0zrealizowa\u0107\u00a0w\u00a0trakcie\u00a0specjalizacji.<\/strong><br \/><strong>Osoby posiadaj\u0105ce ju\u017c tytu\u0142 specjalisty po 2001 r. lub po uko\u0144czeniu studi\u00f3w licencjackich z piel\u0119gniarstwa od naboru akademickiego 2012\/2013 \u2013 s\u0105 zwolnione z odbywania kurs.<\/strong><br \/><strong>W celu uzyskania szczeg\u00f3\u0142owych informacji, skontaktuj si\u0119 z naszym oddzia\u0142em w Kielcach \u00a0-sekretariat \u2013 tel. 41 368 00 66<\/strong><\/p>\t\t\t\t\t\t\t\t<\/div>\n\t\t\t\t<\/div>\n\t\t\t\t\t<\/div>\n\t\t<\/div>\n\t\t\t\t\t<\/div>\n\t\t<\/section>\n\t\t\t\t<section class=\"elementor-section elementor-top-section elementor-element elementor-element-e2f8c69 elementor-section-boxed elementor-section-height-default elementor-section-height-default\" data-id=\"e2f8c69\" data-element_type=\"section\" data-e-type=\"section\">\n\t\t\t\t\t\t<div class=\"elementor-container elementor-column-gap-default\">\n\t\t\t\t\t<div class=\"elementor-column elementor-col-50 elementor-top-column elementor-element elementor-element-4160ca5\" data-id=\"4160ca5\" data-element_type=\"column\" data-e-type=\"column\">\n\t\t\t<div class=\"elementor-widget-wrap\">\n\t\t\t\t\t\t\t<\/div>\n\t\t<\/div>\n\t\t\t\t<div class=\"elementor-column elementor-col-50 elementor-top-column elementor-element elementor-element-f751e62\" data-id=\"f751e62\" data-element_type=\"column\" data-e-type=\"column\">\n\t\t\t<div class=\"elementor-widget-wrap\">\n\t\t\t\t\t\t\t<\/div>\n\t\t<\/div>\n\t\t\t\t\t<\/div>\n\t\t<\/section>\n\t\t\t\t<\/div>\n\t\t","protected":false},"excerpt":{"rendered":"<p>Piel\u0119gniarstwo Neonatologiczne Piel\u0119gniarstwo Neonatologiczne Rodzaj kszta\u0142cenia Szkolenie specjalizacyjne jest to rodzaj kszta\u0142cenia, kt\u00f3ry zgodnie z ustaw\u0105 z dnia 15 lipca 2011 o zawodach piel\u0119gniarki i po\u0142o\u017cnej (Dz. U. z 2016 r., poz. 1251) ma na celu uzyskanie przez piel\u0119gniark\u0119 lub po\u0142o\u017cn\u0105 specjalistycznej wiedzy i umiej\u0119tno\u015bci w okre\u015blonej dziedzinie piel\u0119gniarstwa lub dziedzinie maj\u0105cej zastosowanie w ochronie&#8230;<\/p>\n","protected":false},"author":1,"featured_media":0,"parent":401,"menu_order":0,"comment_status":"closed","ping_status":"closed","template":"","meta":{"footnotes":""},"class_list":["post-557","page","type-page","status-publish","hentry"],"yoast_head":"<!-- This site is optimized with the Yoast SEO plugin v26.9 - https:\/\/yoast.com\/product\/yoast-seo-wordpress\/ -->\n<title>Piel\u0119gniarstwo neonatologiczne - Akademia Zdrowia Kielce<\/title>\n<meta name=\"robots\" content=\"index, follow, max-snippet:-1, max-image-preview:large, max-video-preview:-1\" \/>\n<link rel=\"canonical\" href=\"https:\/\/akademia-zdrowia.pl\/kielce\/oferta-szkoleniowa\/ksztalcenie-pielegniarek-i-poloznych\/specjalizacje\/pielegniarstwo-neonatologiczne\/\" \/>\n<meta property=\"og:locale\" content=\"pl_PL\" \/>\n<meta property=\"og:type\" content=\"article\" \/>\n<meta property=\"og:title\" content=\"Piel\u0119gniarstwo neonatologiczne - Akademia Zdrowia Kielce\" \/>\n<meta property=\"og:description\" content=\"Piel\u0119gniarstwo Neonatologiczne Piel\u0119gniarstwo Neonatologiczne Rodzaj kszta\u0142cenia Szkolenie specjalizacyjne jest to rodzaj kszta\u0142cenia, kt\u00f3ry zgodnie z ustaw\u0105 z dnia 15 lipca 2011 o zawodach piel\u0119gniarki i po\u0142o\u017cnej (Dz. U. z 2016 r., poz. 1251) ma na celu uzyskanie przez piel\u0119gniark\u0119 lub po\u0142o\u017cn\u0105 specjalistycznej wiedzy i umiej\u0119tno\u015bci w okre\u015blonej dziedzinie piel\u0119gniarstwa lub dziedzinie maj\u0105cej zastosowanie w ochronie...\" \/>\n<meta property=\"og:url\" content=\"https:\/\/akademia-zdrowia.pl\/kielce\/oferta-szkoleniowa\/ksztalcenie-pielegniarek-i-poloznych\/specjalizacje\/pielegniarstwo-neonatologiczne\/\" \/>\n<meta property=\"og:site_name\" content=\"Akademia Zdrowia Kielce\" \/>\n<meta property=\"article:modified_time\" content=\"2022-11-25T14:27:18+00:00\" \/>\n<meta name=\"twitter:card\" content=\"summary_large_image\" \/>\n<meta name=\"twitter:label1\" content=\"Szacowany czas czytania\" \/>\n\t<meta name=\"twitter:data1\" content=\"3 minuty\" \/>\n<script type=\"application\/ld+json\" class=\"yoast-schema-graph\">{\"@context\":\"https:\/\/schema.org\",\"@graph\":[{\"@type\":\"WebPage\",\"@id\":\"https:\/\/akademia-zdrowia.pl\/kielce\/oferta-szkoleniowa\/ksztalcenie-pielegniarek-i-poloznych\/specjalizacje\/pielegniarstwo-neonatologiczne\/\",\"url\":\"https:\/\/akademia-zdrowia.pl\/kielce\/oferta-szkoleniowa\/ksztalcenie-pielegniarek-i-poloznych\/specjalizacje\/pielegniarstwo-neonatologiczne\/\",\"name\":\"Piel\u0119gniarstwo neonatologiczne - Akademia Zdrowia Kielce\",\"isPartOf\":{\"@id\":\"https:\/\/akademia-zdrowia.pl\/kielce\/#website\"},\"datePublished\":\"2018-01-10T12:12:19+00:00\",\"dateModified\":\"2022-11-25T14:27:18+00:00\",\"breadcrumb\":{\"@id\":\"https:\/\/akademia-zdrowia.pl\/kielce\/oferta-szkoleniowa\/ksztalcenie-pielegniarek-i-poloznych\/specjalizacje\/pielegniarstwo-neonatologiczne\/#breadcrumb\"},\"inLanguage\":\"pl-PL\",\"potentialAction\":[{\"@type\":\"ReadAction\",\"target\":[\"https:\/\/akademia-zdrowia.pl\/kielce\/oferta-szkoleniowa\/ksztalcenie-pielegniarek-i-poloznych\/specjalizacje\/pielegniarstwo-neonatologiczne\/\"]}]},{\"@type\":\"BreadcrumbList\",\"@id\":\"https:\/\/akademia-zdrowia.pl\/kielce\/oferta-szkoleniowa\/ksztalcenie-pielegniarek-i-poloznych\/specjalizacje\/pielegniarstwo-neonatologiczne\/#breadcrumb\",\"itemListElement\":[{\"@type\":\"ListItem\",\"position\":1,\"name\":\"Strona g\u0142\u00f3wna\",\"item\":\"https:\/\/akademia-zdrowia.pl\/kielce\/\"},{\"@type\":\"ListItem\",\"position\":2,\"name\":\"Oferta szkoleniowa\",\"item\":\"https:\/\/akademia-zdrowia.pl\/kielce\/oferta-szkoleniowa\/\"},{\"@type\":\"ListItem\",\"position\":3,\"name\":\"Kszta\u0142cenie piel\u0119gniarek i po\u0142o\u017cnych\",\"item\":\"https:\/\/akademia-zdrowia.pl\/kielce\/oferta-szkoleniowa\/ksztalcenie-pielegniarek-i-poloznych\/\"},{\"@type\":\"ListItem\",\"position\":4,\"name\":\"Specjalizacje\",\"item\":\"https:\/\/akademia-zdrowia.pl\/kielce\/oferta-szkoleniowa\/ksztalcenie-pielegniarek-i-poloznych\/specjalizacje\/\"},{\"@type\":\"ListItem\",\"position\":5,\"name\":\"Piel\u0119gniarstwo neonatologiczne\"}]},{\"@type\":\"WebSite\",\"@id\":\"https:\/\/akademia-zdrowia.pl\/kielce\/#website\",\"url\":\"https:\/\/akademia-zdrowia.pl\/kielce\/\",\"name\":\"Akademia Zdrowia Kielce\",\"description\":\"Kolejna witryna oparta na WordPressie\",\"potentialAction\":[{\"@type\":\"SearchAction\",\"target\":{\"@type\":\"EntryPoint\",\"urlTemplate\":\"https:\/\/akademia-zdrowia.pl\/kielce\/?s={search_term_string}\"},\"query-input\":{\"@type\":\"PropertyValueSpecification\",\"valueRequired\":true,\"valueName\":\"search_term_string\"}}],\"inLanguage\":\"pl-PL\"}]}<\/script>\n<!-- \/ Yoast SEO plugin. -->","yoast_head_json":{"title":"Piel\u0119gniarstwo neonatologiczne - Akademia Zdrowia Kielce","robots":{"index":"index","follow":"follow","max-snippet":"max-snippet:-1","max-image-preview":"max-image-preview:large","max-video-preview":"max-video-preview:-1"},"canonical":"https:\/\/akademia-zdrowia.pl\/kielce\/oferta-szkoleniowa\/ksztalcenie-pielegniarek-i-poloznych\/specjalizacje\/pielegniarstwo-neonatologiczne\/","og_locale":"pl_PL","og_type":"article","og_title":"Piel\u0119gniarstwo neonatologiczne - Akademia Zdrowia Kielce","og_description":"Piel\u0119gniarstwo Neonatologiczne Piel\u0119gniarstwo Neonatologiczne Rodzaj kszta\u0142cenia Szkolenie specjalizacyjne jest to rodzaj kszta\u0142cenia, kt\u00f3ry zgodnie z ustaw\u0105 z dnia 15 lipca 2011 o zawodach piel\u0119gniarki i po\u0142o\u017cnej (Dz. U. z 2016 r., poz. 1251) ma na celu uzyskanie przez piel\u0119gniark\u0119 lub po\u0142o\u017cn\u0105 specjalistycznej wiedzy i umiej\u0119tno\u015bci w okre\u015blonej dziedzinie piel\u0119gniarstwa lub dziedzinie maj\u0105cej zastosowanie w ochronie...","og_url":"https:\/\/akademia-zdrowia.pl\/kielce\/oferta-szkoleniowa\/ksztalcenie-pielegniarek-i-poloznych\/specjalizacje\/pielegniarstwo-neonatologiczne\/","og_site_name":"Akademia Zdrowia Kielce","article_modified_time":"2022-11-25T14:27:18+00:00","twitter_card":"summary_large_image","twitter_misc":{"Szacowany czas czytania":"3 minuty"},"schema":{"@context":"https:\/\/schema.org","@graph":[{"@type":"WebPage","@id":"https:\/\/akademia-zdrowia.pl\/kielce\/oferta-szkoleniowa\/ksztalcenie-pielegniarek-i-poloznych\/specjalizacje\/pielegniarstwo-neonatologiczne\/","url":"https:\/\/akademia-zdrowia.pl\/kielce\/oferta-szkoleniowa\/ksztalcenie-pielegniarek-i-poloznych\/specjalizacje\/pielegniarstwo-neonatologiczne\/","name":"Piel\u0119gniarstwo neonatologiczne - Akademia Zdrowia Kielce","isPartOf":{"@id":"https:\/\/akademia-zdrowia.pl\/kielce\/#website"},"datePublished":"2018-01-10T12:12:19+00:00","dateModified":"2022-11-25T14:27:18+00:00","breadcrumb":{"@id":"https:\/\/akademia-zdrowia.pl\/kielce\/oferta-szkoleniowa\/ksztalcenie-pielegniarek-i-poloznych\/specjalizacje\/pielegniarstwo-neonatologiczne\/#breadcrumb"},"inLanguage":"pl-PL","potentialAction":[{"@type":"ReadAction","target":["https:\/\/akademia-zdrowia.pl\/kielce\/oferta-szkoleniowa\/ksztalcenie-pielegniarek-i-poloznych\/specjalizacje\/pielegniarstwo-neonatologiczne\/"]}]},{"@type":"BreadcrumbList","@id":"https:\/\/akademia-zdrowia.pl\/kielce\/oferta-szkoleniowa\/ksztalcenie-pielegniarek-i-poloznych\/specjalizacje\/pielegniarstwo-neonatologiczne\/#breadcrumb","itemListElement":[{"@type":"ListItem","position":1,"name":"Strona g\u0142\u00f3wna","item":"https:\/\/akademia-zdrowia.pl\/kielce\/"},{"@type":"ListItem","position":2,"name":"Oferta szkoleniowa","item":"https:\/\/akademia-zdrowia.pl\/kielce\/oferta-szkoleniowa\/"},{"@type":"ListItem","position":3,"name":"Kszta\u0142cenie piel\u0119gniarek i po\u0142o\u017cnych","item":"https:\/\/akademia-zdrowia.pl\/kielce\/oferta-szkoleniowa\/ksztalcenie-pielegniarek-i-poloznych\/"},{"@type":"ListItem","position":4,"name":"Specjalizacje","item":"https:\/\/akademia-zdrowia.pl\/kielce\/oferta-szkoleniowa\/ksztalcenie-pielegniarek-i-poloznych\/specjalizacje\/"},{"@type":"ListItem","position":5,"name":"Piel\u0119gniarstwo neonatologiczne"}]},{"@type":"WebSite","@id":"https:\/\/akademia-zdrowia.pl\/kielce\/#website","url":"https:\/\/akademia-zdrowia.pl\/kielce\/","name":"Akademia Zdrowia Kielce","description":"Kolejna witryna oparta na WordPressie","potentialAction":[{"@type":"SearchAction","target":{"@type":"EntryPoint","urlTemplate":"https:\/\/akademia-zdrowia.pl\/kielce\/?s={search_term_string}"},"query-input":{"@type":"PropertyValueSpecification","valueRequired":true,"valueName":"search_term_string"}}],"inLanguage":"pl-PL"}]}},"_links":{"self":[{"href":"https:\/\/akademia-zdrowia.pl\/kielce\/wp-json\/wp\/v2\/pages\/557","targetHints":{"allow":["GET"]}}],"collection":[{"href":"https:\/\/akademia-zdrowia.pl\/kielce\/wp-json\/wp\/v2\/pages"}],"about":[{"href":"https:\/\/akademia-zdrowia.pl\/kielce\/wp-json\/wp\/v2\/types\/page"}],"author":[{"embeddable":true,"href":"https:\/\/akademia-zdrowia.pl\/kielce\/wp-json\/wp\/v2\/users\/1"}],"replies":[{"embeddable":true,"href":"https:\/\/akademia-zdrowia.pl\/kielce\/wp-json\/wp\/v2\/comments?post=557"}],"version-history":[{"count":3,"href":"https:\/\/akademia-zdrowia.pl\/kielce\/wp-json\/wp\/v2\/pages\/557\/revisions"}],"predecessor-version":[{"id":5756,"href":"https:\/\/akademia-zdrowia.pl\/kielce\/wp-json\/wp\/v2\/pages\/557\/revisions\/5756"}],"up":[{"embeddable":true,"href":"https:\/\/akademia-zdrowia.pl\/kielce\/wp-json\/wp\/v2\/pages\/401"}],"wp:attachment":[{"href":"https:\/\/akademia-zdrowia.pl\/kielce\/wp-json\/wp\/v2\/media?parent=557"}],"curies":[{"name":"wp","href":"https:\/\/api.w.org\/{rel}","templated":true}]}}