{"id":7858,"date":"2024-08-26T07:30:31","date_gmt":"2024-08-26T05:30:31","guid":{"rendered":"https:\/\/akademia-zdrowia.pl\/kielce\/?page_id=7858"},"modified":"2024-09-24T10:43:27","modified_gmt":"2024-09-24T08:43:27","slug":"stymulatory-tkankowe-wszystkie-techniki","status":"publish","type":"page","link":"https:\/\/akademia-zdrowia.pl\/kielce\/oferta-szkoleniowa\/kursy-i-szkolenia\/medycyna-estetyczna\/stymulatory-tkankowe-wszystkie-techniki\/","title":{"rendered":"Stymulatory tkankowe (wszystkie techniki)"},"content":{"rendered":"\t\t<div data-elementor-type=\"wp-page\" data-elementor-id=\"7858\" class=\"elementor elementor-7858\" data-elementor-post-type=\"page\">\n\t\t\t\t\t\t<section class=\"elementor-section elementor-top-section elementor-element elementor-element-e94045e elementor-section-boxed elementor-section-height-default elementor-section-height-default\" data-id=\"e94045e\" data-element_type=\"section\" data-e-type=\"section\">\n\t\t\t\t\t\t<div class=\"elementor-container elementor-column-gap-default\">\n\t\t\t\t\t<div class=\"elementor-column elementor-col-33 elementor-top-column elementor-element elementor-element-7a888c2\" data-id=\"7a888c2\" data-element_type=\"column\" data-e-type=\"column\">\n\t\t\t<div class=\"elementor-widget-wrap\">\n\t\t\t\t\t\t\t<\/div>\n\t\t<\/div>\n\t\t\t\t<div class=\"elementor-column elementor-col-33 elementor-top-column elementor-element elementor-element-f3c15ec\" data-id=\"f3c15ec\" data-element_type=\"column\" data-e-type=\"column\">\n\t\t\t<div class=\"elementor-widget-wrap elementor-element-populated\">\n\t\t\t\t\t\t<div class=\"elementor-element elementor-element-df9a74a elementor-widget elementor-widget-rs-heading\" data-id=\"df9a74a\" data-element_type=\"widget\" data-e-type=\"widget\" data-widget_type=\"rs-heading.default\">\n\t\t\t\t<div class=\"elementor-widget-container\">\n\t\t\t\t\t        <div class=\"rs-heading default center\">\r\n        \t<div class=\"title-inner\">\r\n        \t\t      \t\t\r\n\t            <span class=\"sub-text \">AKADEMIA ZDROWIA DLA BRAN\u017bY BEAUTY<\/span><h2 class=\"title\"><span class=\"watermark\"><\/span>Stymulatory tkankowe (wszystkie techniki)<\/h2>\t        <\/div>\r\n\t                <\/div>\r\n        \t\t\t\t<\/div>\n\t\t\t\t<\/div>\n\t\t\t\t\t<\/div>\n\t\t<\/div>\n\t\t\t\t<div class=\"elementor-column elementor-col-33 elementor-top-column elementor-element elementor-element-b02fd33\" data-id=\"b02fd33\" data-element_type=\"column\" data-e-type=\"column\">\n\t\t\t<div class=\"elementor-widget-wrap\">\n\t\t\t\t\t\t\t<\/div>\n\t\t<\/div>\n\t\t\t\t\t<\/div>\n\t\t<\/section>\n\t\t\t\t<section class=\"elementor-section elementor-top-section elementor-element elementor-element-ae4785a elementor-section-stretched elementor-section-boxed elementor-section-height-default elementor-section-height-default\" data-id=\"ae4785a\" data-element_type=\"section\" data-e-type=\"section\" data-settings=\"{&quot;background_background&quot;:&quot;classic&quot;,&quot;stretch_section&quot;:&quot;section-stretched&quot;}\">\n\t\t\t\t\t\t<div class=\"elementor-container elementor-column-gap-default\">\n\t\t\t\t\t<div class=\"elementor-column elementor-col-50 elementor-top-column elementor-element elementor-element-9d0bb61\" data-id=\"9d0bb61\" data-element_type=\"column\" data-e-type=\"column\">\n\t\t\t<div class=\"elementor-widget-wrap elementor-element-populated\">\n\t\t\t\t\t\t<div class=\"elementor-element elementor-element-3943f01 elementor-widget elementor-widget-rs-heading\" data-id=\"3943f01\" data-element_type=\"widget\" data-e-type=\"widget\" data-widget_type=\"rs-heading.default\">\n\t\t\t\t<div class=\"elementor-widget-container\">\n\t\t\t\t\t        <div class=\"rs-heading default \">\r\n        \t<div class=\"title-inner\">\r\n        \t\t      \t\t\r\n\t            <span class=\"sub-text \">JAK WYGL\u0104DA SZKOLENIE<\/span><h2 class=\"title\"><span class=\"watermark\"><\/span>Program szkolenia<\/h2>\t        <\/div>\r\n\t                    \t<div class=\"description\">\r\n            \t\t<p>Kurs przeznaczony jest dla os\u00f3b, kt\u00f3re chc\u0105 pozna\u0107 techniki zabiegu, dzi\u0119ki kt\u00f3remu dostarczamy za pomoc\u0105 cienkiej ig\u0142y lub kaniuli preparaty, s\u0142u\u017c\u0105ce do odbudowy struktury sk\u00f3ry, dzi\u0119ki stymulacji kom\u00f3rek sk\u00f3ry, kolagenu i elastyny. Po zaaplikowaniu daj\u0105 bardzo naturalne efekty poprawy j\u0119drno\u015bci, g\u0119sto\u015bci oraz jako\u015bci sk\u00f3ry. Grupa preparat\u00f3w biostymuluj\u0105cych jest du\u017ca i nieustannie si\u0119 poszerza. Jednak ka\u017cdy z nich jest inny, znacz\u0105ce r\u00f3\u017cnice odnajdujemy pod wzgl\u0119dem: rodzaju substancji czynnych, mechanizmu dzia\u0142ania, wskaza\u0144, obszar\u00f3w leczenia, technik iniekcji, rezultat\u00f3w oraz d\u0142ugo\u015bci ich utrzymywania si\u0119.<\/p><p style=\"font-weight: 400\"><strong>Cz\u0119\u015b\u0107 teoretyczna<\/strong><\/p><ul><li style=\"font-weight: 400\">Om\u00f3wienie metody i preparat\u00f3w.<\/li><li style=\"font-weight: 400\">Wskazania, przeciwwskazania do zabiegu.<\/li><li style=\"font-weight: 400\">Kwalifikacja i przygotowanie pacjenta do zabiegu<\/li><li style=\"font-weight: 400\">Techniki iniekcji<\/li><li style=\"font-weight: 400\">Post\u0119powanie przed i po zabiegu .<\/li><li style=\"font-weight: 400\">Zasady post\u0119powania po zabiegu<\/li><\/ul><p style=\"font-weight: 400\"><strong>Cz\u0119\u015b\u0107 praktyczna<\/strong><\/p><ul><li style=\"font-weight: 400\">Samodzielne wykonanie zabieg\u00f3w na modelach pod okiem trenera.<\/li><\/ul><p><strong>Czas trwania szkolenia 8h. Certyfikat po zako\u0144czeniu szkolenia.<\/strong><\/p>            \t\t\r\n            \t<\/div>\r\n        \t        <\/div>\r\n        \t\t\t\t<\/div>\n\t\t\t\t<\/div>\n\t\t\t\t<section class=\"elementor-section elementor-inner-section elementor-element elementor-element-336d3bf elementor-section-boxed elementor-section-height-default elementor-section-height-default\" data-id=\"336d3bf\" data-element_type=\"section\" data-e-type=\"section\">\n\t\t\t\t\t\t<div class=\"elementor-container elementor-column-gap-default\">\n\t\t\t\t\t<div class=\"elementor-column elementor-col-100 elementor-inner-column elementor-element elementor-element-9b52b00\" data-id=\"9b52b00\" data-element_type=\"column\" data-e-type=\"column\">\n\t\t\t<div class=\"elementor-widget-wrap elementor-element-populated\">\n\t\t\t\t\t\t<div class=\"elementor-element elementor-element-74cbf9b elementor-widget__width-initial elementor-widget elementor-widget-text-editor\" data-id=\"74cbf9b\" data-element_type=\"widget\" data-e-type=\"widget\" data-widget_type=\"text-editor.default\">\n\t\t\t\t<div class=\"elementor-widget-container\">\n\t\t\t\t\t\t\t\t\t<p><strong>ZAINTERESOWANY?<br \/><\/strong><strong>Zadzwo\u0144 \u2013 odpowiemy na wszystkie Twoje pytania!<\/strong><\/p>\t\t\t\t\t\t\t\t<\/div>\n\t\t\t\t<\/div>\n\t\t\t\t<div class=\"elementor-element elementor-element-e142781 elementor-widget elementor-widget-rs-button\" data-id=\"e142781\" data-element_type=\"widget\" data-e-type=\"widget\" data-widget_type=\"rs-button.default\">\n\t\t\t\t<div class=\"elementor-widget-container\">\n\t\t\t\t\t\t\r\n\t\t\r\n\t\t<div class=\"rs-view-btn\">\r\n\t\t\t\t\t\t<a class=\"rs-btn rs-btnblack rs-btn-style1\" href=\"tel:+48662536086\" >\t\t\t\t\r\n\t\t\t\t<span class=\"rs_btn__text\"><span class=\"btn_text\">ZADZWO\u0143 - Agnieszka \u2013 662-536-086<\/span><\/span>\r\n\t\t\t<\/a>\r\n\t\t<\/div>    \r\n\t\t\t\t\t<\/div>\n\t\t\t\t<\/div>\n\t\t\t\t<div class=\"elementor-element elementor-element-a345f26 elementor-widget elementor-widget-rs-button\" data-id=\"a345f26\" data-element_type=\"widget\" data-e-type=\"widget\" data-widget_type=\"rs-button.default\">\n\t\t\t\t<div class=\"elementor-widget-container\">\n\t\t\t\t\t\t\r\n\t\t\r\n\t\t<div class=\"rs-view-btn\">\r\n\t\t\t\t\t\t<a class=\"rs-btn rs-btnblack rs-btn-style1\" href=\"tel:+48721961837\" >\t\t\t\t\r\n\t\t\t\t<span class=\"rs_btn__text\"><span class=\"btn_text\">ZADZWO\u0143 - Ilona  \u2013 721-961-837<\/span><\/span>\r\n\t\t\t<\/a>\r\n\t\t<\/div>    \r\n\t\t\t\t\t<\/div>\n\t\t\t\t<\/div>\n\t\t\t\t<div class=\"elementor-element elementor-element-4ae435a elementor-widget elementor-widget-rs-button\" data-id=\"4ae435a\" data-element_type=\"widget\" data-e-type=\"widget\" data-widget_type=\"rs-button.default\">\n\t\t\t\t<div class=\"elementor-widget-container\">\n\t\t\t\t\t\t\r\n\t\t\r\n\t\t<div class=\"rs-view-btn\">\r\n\t\t\t\t\t\t<a class=\"rs-btn rs-btnblack rs-btn-style1\" href=\"tel:+4841368066\" >\t\t\t\t\r\n\t\t\t\t<span class=\"rs_btn__text\"><span class=\"btn_text\">ZADZWO\u0143 - 41 36-80-66<\/span><\/span>\r\n\t\t\t<\/a>\r\n\t\t<\/div>    \r\n\t\t\t\t\t<\/div>\n\t\t\t\t<\/div>\n\t\t\t\t\t<\/div>\n\t\t<\/div>\n\t\t\t\t\t<\/div>\n\t\t<\/section>\n\t\t\t\t\t<\/div>\n\t\t<\/div>\n\t\t\t\t<div class=\"elementor-column elementor-col-50 elementor-top-column elementor-element elementor-element-754b4fb\" data-id=\"754b4fb\" data-element_type=\"column\" data-e-type=\"column\">\n\t\t\t<div class=\"elementor-widget-wrap elementor-element-populated\">\n\t\t\t\t\t\t<div class=\"elementor-element elementor-element-b2a87ea elementor-widget elementor-widget-image\" data-id=\"b2a87ea\" data-element_type=\"widget\" data-e-type=\"widget\" data-widget_type=\"image.default\">\n\t\t\t\t<div class=\"elementor-widget-container\">\n\t\t\t\t\t\t\t\t\t\t\t\t\t\t\t<img fetchpriority=\"high\" decoding=\"async\" width=\"640\" height=\"866\" src=\"https:\/\/akademia-zdrowia.pl\/kielce\/wp-content\/uploads\/2024\/08\/stymulatory-757x1024.jpg\" class=\"attachment-large size-large wp-image-7866\" alt=\"\" srcset=\"https:\/\/akademia-zdrowia.pl\/kielce\/wp-content\/uploads\/2024\/08\/stymulatory-757x1024.jpg 757w, https:\/\/akademia-zdrowia.pl\/kielce\/wp-content\/uploads\/2024\/08\/stymulatory-222x300.jpg 222w, https:\/\/akademia-zdrowia.pl\/kielce\/wp-content\/uploads\/2024\/08\/stymulatory-768x1039.jpg 768w, https:\/\/akademia-zdrowia.pl\/kielce\/wp-content\/uploads\/2024\/08\/stymulatory-500x676.jpg 500w, https:\/\/akademia-zdrowia.pl\/kielce\/wp-content\/uploads\/2024\/08\/stymulatory.jpg 812w\" sizes=\"(max-width: 640px) 100vw, 640px\" \/>\t\t\t\t\t\t\t\t\t\t\t\t\t\t\t<\/div>\n\t\t\t\t<\/div>\n\t\t\t\t\t<\/div>\n\t\t<\/div>\n\t\t\t\t\t<\/div>\n\t\t<\/section>\n\t\t\t\t<section class=\"elementor-section elementor-top-section elementor-element elementor-element-d7daaba elementor-section-boxed elementor-section-height-default elementor-section-height-default\" data-id=\"d7daaba\" data-element_type=\"section\" data-e-type=\"section\">\n\t\t\t\t\t\t<div class=\"elementor-container elementor-column-gap-default\">\n\t\t\t\t\t<div class=\"elementor-column elementor-col-50 elementor-top-column elementor-element elementor-element-1319a0a\" data-id=\"1319a0a\" data-element_type=\"column\" data-e-type=\"column\" data-settings=\"{&quot;background_background&quot;:&quot;classic&quot;}\">\n\t\t\t<div class=\"elementor-widget-wrap elementor-element-populated\">\n\t\t\t\t\t\t<div class=\"elementor-element elementor-element-6a1c1b5 elementor-widget-mobile__width-initial elementor-widget elementor-widget-rs-heading\" data-id=\"6a1c1b5\" data-element_type=\"widget\" data-e-type=\"widget\" data-widget_type=\"rs-heading.default\">\n\t\t\t\t<div class=\"elementor-widget-container\">\n\t\t\t\t\t        <div class=\"rs-heading default \">\r\n        \t<div class=\"title-inner\">\r\n        \t\t      \t\t\r\n\t            <span class=\"sub-text \">MASZ PYTANIA<\/span><h2 class=\"title\"><span class=\"watermark\"><\/span>Skontaktuj  si\u0119 z nami!<\/h2>\t        <\/div>\r\n\t                    \t<div class=\"description\">\r\n            \t\t<p>Kliknij 'Zadzwo\u0144', aby po\u0142\u0105czy\u0107 si\u0119 z opiekunem kursu!<\/p>            \t\t\r\n            \t<\/div>\r\n        \t        <\/div>\r\n        \t\t\t\t<\/div>\n\t\t\t\t<\/div>\n\t\t\t\t<div class=\"elementor-element elementor-element-d192f35 elementor-widget elementor-widget-rs-button\" data-id=\"d192f35\" data-element_type=\"widget\" data-e-type=\"widget\" data-widget_type=\"rs-button.default\">\n\t\t\t\t<div class=\"elementor-widget-container\">\n\t\t\t\t\t\t\r\n\t\t\r\n\t\t<div class=\"rs-view-btn\">\r\n\t\t\t\t\t\t<a class=\"rs-btn rs-btnblack rs-btn-style1\" href=\"tel:+4841368066\" >\t\t\t\t\r\n\t\t\t\t<span class=\"rs_btn__text\"><span class=\"btn_text\">ZADZWO\u0143<\/span><\/span>\r\n\t\t\t<\/a>\r\n\t\t<\/div>    \r\n\t\t\t\t\t<\/div>\n\t\t\t\t<\/div>\n\t\t\t\t\t<\/div>\n\t\t<\/div>\n\t\t\t\t<div class=\"elementor-column elementor-col-50 elementor-top-column elementor-element elementor-element-80f5527\" data-id=\"80f5527\" data-element_type=\"column\" data-e-type=\"column\">\n\t\t\t<div class=\"elementor-widget-wrap elementor-element-populated\">\n\t\t\t\t\t\t<div class=\"elementor-element elementor-element-6d121ba elementor-widget elementor-widget-rs-heading\" data-id=\"6d121ba\" data-element_type=\"widget\" data-e-type=\"widget\" data-widget_type=\"rs-heading.default\">\n\t\t\t\t<div class=\"elementor-widget-container\">\n\t\t\t\t\t        <div class=\"rs-heading default \">\r\n        \t<div class=\"title-inner\">\r\n        \t\t      \t\t\r\n\t            <span class=\"sub-text \">ZAUFANY PARTNER<\/span><h2 class=\"title\"><span class=\"watermark\"><\/span>Dlaczego warto wybra\u0107 nas<\/h2>\t        <\/div>\r\n\t                    \t<div class=\"description\">\r\n            \t\t<p>Zaufaj naszemu wieloletniemu do\u015bwiadczeniu i zespo\u0142owi specjalist\u00f3w. Oferujemy profesjonalne szkolenia, kt\u00f3re pomog\u0105 rozwija\u0107 Tw\u00f3j biznes. Wybieraj\u0105c nas, inwestujesz w sprawdzonego partnera, kt\u00f3ry wspiera sukces Twojej firmy. Skontaktuj si\u0119 z nami i zacznij rozwija\u0107 si\u0119 razem z nami!<\/p>            \t\t\r\n            \t<\/div>\r\n        \t        <\/div>\r\n        \t\t\t\t<\/div>\n\t\t\t\t<\/div>\n\t\t\t\t\t<\/div>\n\t\t<\/div>\n\t\t\t\t\t<\/div>\n\t\t<\/section>\n\t\t\t\t<\/div>\n\t\t","protected":false},"excerpt":{"rendered":"<p>AKADEMIA ZDROWIA DLA BRAN\u017bY BEAUTY Stymulatory tkankowe (wszystkie techniki) JAK WYGL\u0104DA SZKOLENIE Program szkolenia Kurs przeznaczony jest dla os\u00f3b, kt\u00f3re chc\u0105 pozna\u0107 techniki zabiegu, dzi\u0119ki kt\u00f3remu dostarczamy za pomoc\u0105 cienkiej ig\u0142y lub kaniuli preparaty, s\u0142u\u017c\u0105ce do odbudowy struktury sk\u00f3ry, dzi\u0119ki stymulacji kom\u00f3rek sk\u00f3ry, kolagenu i elastyny. Po zaaplikowaniu daj\u0105 bardzo naturalne efekty poprawy j\u0119drno\u015bci, g\u0119sto\u015bci&#8230;<\/p>\n","protected":false},"author":3,"featured_media":0,"parent":7790,"menu_order":0,"comment_status":"closed","ping_status":"closed","template":"","meta":{"footnotes":""},"class_list":["post-7858","page","type-page","status-publish","hentry"],"yoast_head":"<!-- This site is optimized with the Yoast SEO plugin v26.9 - https:\/\/yoast.com\/product\/yoast-seo-wordpress\/ -->\n<title>Stymulatory tkankowe (wszystkie techniki) - Akademia Zdrowia Kielce<\/title>\n<meta name=\"robots\" content=\"index, follow, max-snippet:-1, max-image-preview:large, max-video-preview:-1\" \/>\n<link rel=\"canonical\" href=\"https:\/\/akademia-zdrowia.pl\/kielce\/oferta-szkoleniowa\/kursy-i-szkolenia\/medycyna-estetyczna\/stymulatory-tkankowe-wszystkie-techniki\/\" \/>\n<meta property=\"og:locale\" content=\"pl_PL\" \/>\n<meta property=\"og:type\" content=\"article\" \/>\n<meta property=\"og:title\" content=\"Stymulatory tkankowe (wszystkie techniki) - Akademia Zdrowia Kielce\" \/>\n<meta property=\"og:description\" content=\"AKADEMIA ZDROWIA DLA BRAN\u017bY BEAUTY Stymulatory tkankowe (wszystkie techniki) JAK WYGL\u0104DA SZKOLENIE Program szkolenia Kurs przeznaczony jest dla os\u00f3b, kt\u00f3re chc\u0105 pozna\u0107 techniki zabiegu, dzi\u0119ki kt\u00f3remu dostarczamy za pomoc\u0105 cienkiej ig\u0142y lub kaniuli preparaty, s\u0142u\u017c\u0105ce do odbudowy struktury sk\u00f3ry, dzi\u0119ki stymulacji kom\u00f3rek sk\u00f3ry, kolagenu i elastyny. Po zaaplikowaniu daj\u0105 bardzo naturalne efekty poprawy j\u0119drno\u015bci, g\u0119sto\u015bci...\" \/>\n<meta property=\"og:url\" content=\"https:\/\/akademia-zdrowia.pl\/kielce\/oferta-szkoleniowa\/kursy-i-szkolenia\/medycyna-estetyczna\/stymulatory-tkankowe-wszystkie-techniki\/\" \/>\n<meta property=\"og:site_name\" content=\"Akademia Zdrowia Kielce\" \/>\n<meta property=\"article:modified_time\" content=\"2024-09-24T08:43:27+00:00\" \/>\n<meta property=\"og:image\" content=\"https:\/\/akademia-zdrowia.pl\/kielce\/wp-content\/uploads\/2024\/08\/stymulatory-757x1024.jpg\" \/>\n<meta name=\"twitter:card\" content=\"summary_large_image\" \/>\n<meta name=\"twitter:label1\" content=\"Szacowany czas czytania\" \/>\n\t<meta name=\"twitter:data1\" content=\"2 minuty\" \/>\n<script type=\"application\/ld+json\" class=\"yoast-schema-graph\">{\"@context\":\"https:\/\/schema.org\",\"@graph\":[{\"@type\":\"WebPage\",\"@id\":\"https:\/\/akademia-zdrowia.pl\/kielce\/oferta-szkoleniowa\/kursy-i-szkolenia\/medycyna-estetyczna\/stymulatory-tkankowe-wszystkie-techniki\/\",\"url\":\"https:\/\/akademia-zdrowia.pl\/kielce\/oferta-szkoleniowa\/kursy-i-szkolenia\/medycyna-estetyczna\/stymulatory-tkankowe-wszystkie-techniki\/\",\"name\":\"Stymulatory tkankowe (wszystkie techniki) - Akademia Zdrowia Kielce\",\"isPartOf\":{\"@id\":\"https:\/\/akademia-zdrowia.pl\/kielce\/#website\"},\"primaryImageOfPage\":{\"@id\":\"https:\/\/akademia-zdrowia.pl\/kielce\/oferta-szkoleniowa\/kursy-i-szkolenia\/medycyna-estetyczna\/stymulatory-tkankowe-wszystkie-techniki\/#primaryimage\"},\"image\":{\"@id\":\"https:\/\/akademia-zdrowia.pl\/kielce\/oferta-szkoleniowa\/kursy-i-szkolenia\/medycyna-estetyczna\/stymulatory-tkankowe-wszystkie-techniki\/#primaryimage\"},\"thumbnailUrl\":\"https:\/\/akademia-zdrowia.pl\/kielce\/wp-content\/uploads\/2024\/08\/stymulatory-757x1024.jpg\",\"datePublished\":\"2024-08-26T05:30:31+00:00\",\"dateModified\":\"2024-09-24T08:43:27+00:00\",\"breadcrumb\":{\"@id\":\"https:\/\/akademia-zdrowia.pl\/kielce\/oferta-szkoleniowa\/kursy-i-szkolenia\/medycyna-estetyczna\/stymulatory-tkankowe-wszystkie-techniki\/#breadcrumb\"},\"inLanguage\":\"pl-PL\",\"potentialAction\":[{\"@type\":\"ReadAction\",\"target\":[\"https:\/\/akademia-zdrowia.pl\/kielce\/oferta-szkoleniowa\/kursy-i-szkolenia\/medycyna-estetyczna\/stymulatory-tkankowe-wszystkie-techniki\/\"]}]},{\"@type\":\"ImageObject\",\"inLanguage\":\"pl-PL\",\"@id\":\"https:\/\/akademia-zdrowia.pl\/kielce\/oferta-szkoleniowa\/kursy-i-szkolenia\/medycyna-estetyczna\/stymulatory-tkankowe-wszystkie-techniki\/#primaryimage\",\"url\":\"https:\/\/akademia-zdrowia.pl\/kielce\/wp-content\/uploads\/2024\/08\/stymulatory.jpg\",\"contentUrl\":\"https:\/\/akademia-zdrowia.pl\/kielce\/wp-content\/uploads\/2024\/08\/stymulatory.jpg\",\"width\":812,\"height\":1098},{\"@type\":\"BreadcrumbList\",\"@id\":\"https:\/\/akademia-zdrowia.pl\/kielce\/oferta-szkoleniowa\/kursy-i-szkolenia\/medycyna-estetyczna\/stymulatory-tkankowe-wszystkie-techniki\/#breadcrumb\",\"itemListElement\":[{\"@type\":\"ListItem\",\"position\":1,\"name\":\"Strona g\u0142\u00f3wna\",\"item\":\"https:\/\/akademia-zdrowia.pl\/kielce\/\"},{\"@type\":\"ListItem\",\"position\":2,\"name\":\"Oferta szkoleniowa\",\"item\":\"https:\/\/akademia-zdrowia.pl\/kielce\/oferta-szkoleniowa\/\"},{\"@type\":\"ListItem\",\"position\":3,\"name\":\"Kursy i szkolenia\",\"item\":\"https:\/\/akademia-zdrowia.pl\/kielce\/oferta-szkoleniowa\/kursy-i-szkolenia\/\"},{\"@type\":\"ListItem\",\"position\":4,\"name\":\"Medycyna estetyczna\",\"item\":\"https:\/\/akademia-zdrowia.pl\/kielce\/oferta-szkoleniowa\/kursy-i-szkolenia\/medycyna-estetyczna\/\"},{\"@type\":\"ListItem\",\"position\":5,\"name\":\"Stymulatory tkankowe (wszystkie techniki)\"}]},{\"@type\":\"WebSite\",\"@id\":\"https:\/\/akademia-zdrowia.pl\/kielce\/#website\",\"url\":\"https:\/\/akademia-zdrowia.pl\/kielce\/\",\"name\":\"Akademia Zdrowia Kielce\",\"description\":\"Kolejna witryna oparta na WordPressie\",\"potentialAction\":[{\"@type\":\"SearchAction\",\"target\":{\"@type\":\"EntryPoint\",\"urlTemplate\":\"https:\/\/akademia-zdrowia.pl\/kielce\/?s={search_term_string}\"},\"query-input\":{\"@type\":\"PropertyValueSpecification\",\"valueRequired\":true,\"valueName\":\"search_term_string\"}}],\"inLanguage\":\"pl-PL\"}]}<\/script>\n<!-- \/ Yoast SEO plugin. -->","yoast_head_json":{"title":"Stymulatory tkankowe (wszystkie techniki) - Akademia Zdrowia Kielce","robots":{"index":"index","follow":"follow","max-snippet":"max-snippet:-1","max-image-preview":"max-image-preview:large","max-video-preview":"max-video-preview:-1"},"canonical":"https:\/\/akademia-zdrowia.pl\/kielce\/oferta-szkoleniowa\/kursy-i-szkolenia\/medycyna-estetyczna\/stymulatory-tkankowe-wszystkie-techniki\/","og_locale":"pl_PL","og_type":"article","og_title":"Stymulatory tkankowe (wszystkie techniki) - Akademia Zdrowia Kielce","og_description":"AKADEMIA ZDROWIA DLA BRAN\u017bY BEAUTY Stymulatory tkankowe (wszystkie techniki) JAK WYGL\u0104DA SZKOLENIE Program szkolenia Kurs przeznaczony jest dla os\u00f3b, kt\u00f3re chc\u0105 pozna\u0107 techniki zabiegu, dzi\u0119ki kt\u00f3remu dostarczamy za pomoc\u0105 cienkiej ig\u0142y lub kaniuli preparaty, s\u0142u\u017c\u0105ce do odbudowy struktury sk\u00f3ry, dzi\u0119ki stymulacji kom\u00f3rek sk\u00f3ry, kolagenu i elastyny. Po zaaplikowaniu daj\u0105 bardzo naturalne efekty poprawy j\u0119drno\u015bci, g\u0119sto\u015bci...","og_url":"https:\/\/akademia-zdrowia.pl\/kielce\/oferta-szkoleniowa\/kursy-i-szkolenia\/medycyna-estetyczna\/stymulatory-tkankowe-wszystkie-techniki\/","og_site_name":"Akademia Zdrowia Kielce","article_modified_time":"2024-09-24T08:43:27+00:00","og_image":[{"url":"https:\/\/akademia-zdrowia.pl\/kielce\/wp-content\/uploads\/2024\/08\/stymulatory-757x1024.jpg","type":"","width":"","height":""}],"twitter_card":"summary_large_image","twitter_misc":{"Szacowany czas czytania":"2 minuty"},"schema":{"@context":"https:\/\/schema.org","@graph":[{"@type":"WebPage","@id":"https:\/\/akademia-zdrowia.pl\/kielce\/oferta-szkoleniowa\/kursy-i-szkolenia\/medycyna-estetyczna\/stymulatory-tkankowe-wszystkie-techniki\/","url":"https:\/\/akademia-zdrowia.pl\/kielce\/oferta-szkoleniowa\/kursy-i-szkolenia\/medycyna-estetyczna\/stymulatory-tkankowe-wszystkie-techniki\/","name":"Stymulatory tkankowe (wszystkie techniki) - Akademia Zdrowia Kielce","isPartOf":{"@id":"https:\/\/akademia-zdrowia.pl\/kielce\/#website"},"primaryImageOfPage":{"@id":"https:\/\/akademia-zdrowia.pl\/kielce\/oferta-szkoleniowa\/kursy-i-szkolenia\/medycyna-estetyczna\/stymulatory-tkankowe-wszystkie-techniki\/#primaryimage"},"image":{"@id":"https:\/\/akademia-zdrowia.pl\/kielce\/oferta-szkoleniowa\/kursy-i-szkolenia\/medycyna-estetyczna\/stymulatory-tkankowe-wszystkie-techniki\/#primaryimage"},"thumbnailUrl":"https:\/\/akademia-zdrowia.pl\/kielce\/wp-content\/uploads\/2024\/08\/stymulatory-757x1024.jpg","datePublished":"2024-08-26T05:30:31+00:00","dateModified":"2024-09-24T08:43:27+00:00","breadcrumb":{"@id":"https:\/\/akademia-zdrowia.pl\/kielce\/oferta-szkoleniowa\/kursy-i-szkolenia\/medycyna-estetyczna\/stymulatory-tkankowe-wszystkie-techniki\/#breadcrumb"},"inLanguage":"pl-PL","potentialAction":[{"@type":"ReadAction","target":["https:\/\/akademia-zdrowia.pl\/kielce\/oferta-szkoleniowa\/kursy-i-szkolenia\/medycyna-estetyczna\/stymulatory-tkankowe-wszystkie-techniki\/"]}]},{"@type":"ImageObject","inLanguage":"pl-PL","@id":"https:\/\/akademia-zdrowia.pl\/kielce\/oferta-szkoleniowa\/kursy-i-szkolenia\/medycyna-estetyczna\/stymulatory-tkankowe-wszystkie-techniki\/#primaryimage","url":"https:\/\/akademia-zdrowia.pl\/kielce\/wp-content\/uploads\/2024\/08\/stymulatory.jpg","contentUrl":"https:\/\/akademia-zdrowia.pl\/kielce\/wp-content\/uploads\/2024\/08\/stymulatory.jpg","width":812,"height":1098},{"@type":"BreadcrumbList","@id":"https:\/\/akademia-zdrowia.pl\/kielce\/oferta-szkoleniowa\/kursy-i-szkolenia\/medycyna-estetyczna\/stymulatory-tkankowe-wszystkie-techniki\/#breadcrumb","itemListElement":[{"@type":"ListItem","position":1,"name":"Strona g\u0142\u00f3wna","item":"https:\/\/akademia-zdrowia.pl\/kielce\/"},{"@type":"ListItem","position":2,"name":"Oferta szkoleniowa","item":"https:\/\/akademia-zdrowia.pl\/kielce\/oferta-szkoleniowa\/"},{"@type":"ListItem","position":3,"name":"Kursy i szkolenia","item":"https:\/\/akademia-zdrowia.pl\/kielce\/oferta-szkoleniowa\/kursy-i-szkolenia\/"},{"@type":"ListItem","position":4,"name":"Medycyna estetyczna","item":"https:\/\/akademia-zdrowia.pl\/kielce\/oferta-szkoleniowa\/kursy-i-szkolenia\/medycyna-estetyczna\/"},{"@type":"ListItem","position":5,"name":"Stymulatory tkankowe (wszystkie techniki)"}]},{"@type":"WebSite","@id":"https:\/\/akademia-zdrowia.pl\/kielce\/#website","url":"https:\/\/akademia-zdrowia.pl\/kielce\/","name":"Akademia Zdrowia Kielce","description":"Kolejna witryna oparta na WordPressie","potentialAction":[{"@type":"SearchAction","target":{"@type":"EntryPoint","urlTemplate":"https:\/\/akademia-zdrowia.pl\/kielce\/?s={search_term_string}"},"query-input":{"@type":"PropertyValueSpecification","valueRequired":true,"valueName":"search_term_string"}}],"inLanguage":"pl-PL"}]}},"_links":{"self":[{"href":"https:\/\/akademia-zdrowia.pl\/kielce\/wp-json\/wp\/v2\/pages\/7858","targetHints":{"allow":["GET"]}}],"collection":[{"href":"https:\/\/akademia-zdrowia.pl\/kielce\/wp-json\/wp\/v2\/pages"}],"about":[{"href":"https:\/\/akademia-zdrowia.pl\/kielce\/wp-json\/wp\/v2\/types\/page"}],"author":[{"embeddable":true,"href":"https:\/\/akademia-zdrowia.pl\/kielce\/wp-json\/wp\/v2\/users\/3"}],"replies":[{"embeddable":true,"href":"https:\/\/akademia-zdrowia.pl\/kielce\/wp-json\/wp\/v2\/comments?post=7858"}],"version-history":[{"count":23,"href":"https:\/\/akademia-zdrowia.pl\/kielce\/wp-json\/wp\/v2\/pages\/7858\/revisions"}],"predecessor-version":[{"id":9191,"href":"https:\/\/akademia-zdrowia.pl\/kielce\/wp-json\/wp\/v2\/pages\/7858\/revisions\/9191"}],"up":[{"embeddable":true,"href":"https:\/\/akademia-zdrowia.pl\/kielce\/wp-json\/wp\/v2\/pages\/7790"}],"wp:attachment":[{"href":"https:\/\/akademia-zdrowia.pl\/kielce\/wp-json\/wp\/v2\/media?parent=7858"}],"curies":[{"name":"wp","href":"https:\/\/api.w.org\/{rel}","templated":true}]}}