{"id":8224,"date":"2024-08-26T12:15:49","date_gmt":"2024-08-26T10:15:49","guid":{"rendered":"https:\/\/akademia-zdrowia.pl\/kielce\/?page_id=8224"},"modified":"2024-09-24T11:55:26","modified_gmt":"2024-09-24T09:55:26","slug":"szkolenie-podstawowe-z-groomingu","status":"publish","type":"page","link":"https:\/\/akademia-zdrowia.pl\/kielce\/oferta-szkoleniowa\/kursy-i-szkolenia\/kursy-weterynaryjne\/szkolenie-podstawowe-z-groomingu\/","title":{"rendered":"Szkolenie podstawowe z groomingu"},"content":{"rendered":"\t\t<div data-elementor-type=\"wp-page\" data-elementor-id=\"8224\" class=\"elementor elementor-8224\" data-elementor-post-type=\"page\">\n\t\t\t\t\t\t<section class=\"elementor-section elementor-top-section elementor-element elementor-element-743360f elementor-section-boxed elementor-section-height-default elementor-section-height-default\" data-id=\"743360f\" data-element_type=\"section\" data-e-type=\"section\">\n\t\t\t\t\t\t<div class=\"elementor-container elementor-column-gap-default\">\n\t\t\t\t\t<div class=\"elementor-column elementor-col-33 elementor-top-column elementor-element elementor-element-07b7140\" data-id=\"07b7140\" data-element_type=\"column\" data-e-type=\"column\">\n\t\t\t<div class=\"elementor-widget-wrap\">\n\t\t\t\t\t\t\t<\/div>\n\t\t<\/div>\n\t\t\t\t<div class=\"elementor-column elementor-col-33 elementor-top-column elementor-element elementor-element-93eb553\" data-id=\"93eb553\" data-element_type=\"column\" data-e-type=\"column\">\n\t\t\t<div class=\"elementor-widget-wrap elementor-element-populated\">\n\t\t\t\t\t\t<div class=\"elementor-element elementor-element-e1a6c0e elementor-widget elementor-widget-rs-heading\" data-id=\"e1a6c0e\" data-element_type=\"widget\" data-e-type=\"widget\" data-widget_type=\"rs-heading.default\">\n\t\t\t\t<div class=\"elementor-widget-container\">\n\t\t\t\t\t        <div class=\"rs-heading default center\">\r\n        \t<div class=\"title-inner\">\r\n        \t\t      \t\t\r\n\t            <span class=\"sub-text \">AKADEMIA ZDROWIA DLA WETERYNARII<\/span><h2 class=\"title\"><span class=\"watermark\"><\/span>Szkolenie podstawie z groomingu<\/h2>\t        <\/div>\r\n\t                <\/div>\r\n        \t\t\t\t<\/div>\n\t\t\t\t<\/div>\n\t\t\t\t\t<\/div>\n\t\t<\/div>\n\t\t\t\t<div class=\"elementor-column elementor-col-33 elementor-top-column elementor-element elementor-element-02e12ee\" data-id=\"02e12ee\" data-element_type=\"column\" data-e-type=\"column\">\n\t\t\t<div class=\"elementor-widget-wrap\">\n\t\t\t\t\t\t\t<\/div>\n\t\t<\/div>\n\t\t\t\t\t<\/div>\n\t\t<\/section>\n\t\t\t\t<section class=\"elementor-section elementor-top-section elementor-element elementor-element-e3e9073 elementor-section-stretched elementor-section-boxed elementor-section-height-default elementor-section-height-default\" data-id=\"e3e9073\" data-element_type=\"section\" data-e-type=\"section\" data-settings=\"{&quot;background_background&quot;:&quot;classic&quot;,&quot;stretch_section&quot;:&quot;section-stretched&quot;}\">\n\t\t\t\t\t\t<div class=\"elementor-container elementor-column-gap-default\">\n\t\t\t\t\t<div class=\"elementor-column elementor-col-50 elementor-top-column elementor-element elementor-element-df321c3\" data-id=\"df321c3\" data-element_type=\"column\" data-e-type=\"column\">\n\t\t\t<div class=\"elementor-widget-wrap elementor-element-populated\">\n\t\t\t\t\t\t<div class=\"elementor-element elementor-element-244a123 elementor-widget elementor-widget-rs-heading\" data-id=\"244a123\" data-element_type=\"widget\" data-e-type=\"widget\" data-widget_type=\"rs-heading.default\">\n\t\t\t\t<div class=\"elementor-widget-container\">\n\t\t\t\t\t        <div class=\"rs-heading default \">\r\n        \t<div class=\"title-inner\">\r\n        \t\t      \t\t\r\n\t            <span class=\"sub-text \">JAK WYGL\u0104DA SZKOLENIE<\/span><h2 class=\"title\"><span class=\"watermark\"><\/span>Program szkolenia<\/h2>\t        <\/div>\r\n\t                    \t<div class=\"description\">\r\n            \t\t<p style=\"font-weight: 400\"><strong>Miejsce: Profesjonalny salon groomerski<\/strong><br \/><strong>Czas trwania: 30 godzin<\/strong><br \/><strong>Terminy i godziny do indywidualnego ustalenia.<\/strong><br \/><strong>Kameralne grupy \u2013 max 2 osoby<\/strong><\/p><p style=\"font-weight: 400\">W programie min:<\/p><ul><li style=\"font-weight: 400\">Strzy\u017cenie i stylizacja ps\u00f3w wed\u0142ug wzorc\u00f3w FCI<\/li><li style=\"font-weight: 400\">Strzy\u017cenie komercyjne<\/li><li style=\"font-weight: 400\">Dob\u00f3r \u015bci\u0119cia do urody psa<\/li><li style=\"font-weight: 400\">Techniki pozwalaj\u0105ce na skr\u00f3cenie czasu strzy\u017cenia<\/li><li style=\"font-weight: 400\">Podstawowe techniki trymowania<\/li><li style=\"font-weight: 400\">K\u0105piel i zabiegi temu towarzysz\u0105ce<\/li><li style=\"font-weight: 400\">Prawid\u0142owa budowa psa i kota (umo\u017cliwia strzy\u017cenie, kt\u00f3re tuszuje drobne wady)<\/li><li style=\"font-weight: 400\">Budowa w\u0142osa i rodzaje okrywy w\u0142osowej (dob\u00f3r piel\u0119gnacji do danego osobnika)<\/li><li style=\"font-weight: 400\">Podstawowe wiadomo\u015bci na temat biologii ps\u00f3w i kot\u00f3w (w tym informacje o chorobach sk\u00f3rnych i paso\u017cytach)<\/li><li style=\"font-weight: 400\">Podstawy zachowa\u0144 ps\u00f3w i kot\u00f3w (zrozumienie i podj\u0119cie reakcji na dane zachowanie)<\/li><li style=\"font-weight: 400\">Pierwsza pomoc w razie wypadku<\/li><\/ul><p style=\"font-weight: 400\"><strong>Po zako\u0144czeniu szkolenia Uczestnicy kursu otrzymaj\u0105 od nas:<\/strong><\/p><ol style=\"font-weight: 400\"><li><strong>Certyfikat uko\u0144czenia kursu groomera (w j. polskim oraz w j. angielskim )<\/strong><\/li><li><strong>Za\u015bwiadczenie na druku MEN<\/strong><\/li><\/ol>            \t\t\r\n            \t<\/div>\r\n        \t        <\/div>\r\n        \t\t\t\t<\/div>\n\t\t\t\t<\/div>\n\t\t\t\t<section class=\"elementor-section elementor-inner-section elementor-element elementor-element-07cfa7f elementor-section-boxed elementor-section-height-default elementor-section-height-default\" data-id=\"07cfa7f\" data-element_type=\"section\" data-e-type=\"section\">\n\t\t\t\t\t\t<div class=\"elementor-container elementor-column-gap-default\">\n\t\t\t\t\t<div class=\"elementor-column elementor-col-100 elementor-inner-column elementor-element elementor-element-57b8d2b\" data-id=\"57b8d2b\" data-element_type=\"column\" data-e-type=\"column\">\n\t\t\t<div class=\"elementor-widget-wrap elementor-element-populated\">\n\t\t\t\t\t\t<div class=\"elementor-element elementor-element-412a9e2 elementor-widget__width-initial elementor-widget elementor-widget-text-editor\" data-id=\"412a9e2\" data-element_type=\"widget\" data-e-type=\"widget\" data-widget_type=\"text-editor.default\">\n\t\t\t\t<div class=\"elementor-widget-container\">\n\t\t\t\t\t\t\t\t\t<p><strong>ZAINTERESOWANY?<br \/><\/strong><strong>Zadzwo\u0144 \u2013 odpowiemy na wszystkie Twoje pytania!<\/strong><\/p>\t\t\t\t\t\t\t\t<\/div>\n\t\t\t\t<\/div>\n\t\t\t\t<div class=\"elementor-element elementor-element-2e62c87 elementor-widget elementor-widget-rs-button\" data-id=\"2e62c87\" data-element_type=\"widget\" data-e-type=\"widget\" data-widget_type=\"rs-button.default\">\n\t\t\t\t<div class=\"elementor-widget-container\">\n\t\t\t\t\t\t\r\n\t\t\r\n\t\t<div class=\"rs-view-btn\">\r\n\t\t\t\t\t\t<a class=\"rs-btn rs-btnblack rs-btn-style1\" href=\"tel:+48662536086\" >\t\t\t\t\r\n\t\t\t\t<span class=\"rs_btn__text\"><span class=\"btn_text\">ZADZWO\u0143 - Agnieszka \u2013 662-536-086<\/span><\/span>\r\n\t\t\t<\/a>\r\n\t\t<\/div>    \r\n\t\t\t\t\t<\/div>\n\t\t\t\t<\/div>\n\t\t\t\t<div class=\"elementor-element elementor-element-f4dbcb3 elementor-widget elementor-widget-rs-button\" data-id=\"f4dbcb3\" data-element_type=\"widget\" data-e-type=\"widget\" data-widget_type=\"rs-button.default\">\n\t\t\t\t<div class=\"elementor-widget-container\">\n\t\t\t\t\t\t\r\n\t\t\r\n\t\t<div class=\"rs-view-btn\">\r\n\t\t\t\t\t\t<a class=\"rs-btn rs-btnblack rs-btn-style1\" href=\"tel:+48721961837\" >\t\t\t\t\r\n\t\t\t\t<span class=\"rs_btn__text\"><span class=\"btn_text\">ZADZWO\u0143 - Ilona  \u2013 721-961-837<\/span><\/span>\r\n\t\t\t<\/a>\r\n\t\t<\/div>    \r\n\t\t\t\t\t<\/div>\n\t\t\t\t<\/div>\n\t\t\t\t<div class=\"elementor-element elementor-element-2ba0fbe elementor-widget elementor-widget-rs-button\" data-id=\"2ba0fbe\" data-element_type=\"widget\" data-e-type=\"widget\" data-widget_type=\"rs-button.default\">\n\t\t\t\t<div class=\"elementor-widget-container\">\n\t\t\t\t\t\t\r\n\t\t\r\n\t\t<div class=\"rs-view-btn\">\r\n\t\t\t\t\t\t<a class=\"rs-btn rs-btnblack rs-btn-style1\" href=\"tel:+4841368066\" >\t\t\t\t\r\n\t\t\t\t<span class=\"rs_btn__text\"><span class=\"btn_text\">ZADZWO\u0143 - 41 36-80-66<\/span><\/span>\r\n\t\t\t<\/a>\r\n\t\t<\/div>    \r\n\t\t\t\t\t<\/div>\n\t\t\t\t<\/div>\n\t\t\t\t\t<\/div>\n\t\t<\/div>\n\t\t\t\t\t<\/div>\n\t\t<\/section>\n\t\t\t\t\t<\/div>\n\t\t<\/div>\n\t\t\t\t<div class=\"elementor-column elementor-col-50 elementor-top-column elementor-element elementor-element-8acf706\" data-id=\"8acf706\" data-element_type=\"column\" data-e-type=\"column\">\n\t\t\t<div class=\"elementor-widget-wrap elementor-element-populated\">\n\t\t\t\t\t\t<div class=\"elementor-element elementor-element-3c2b185 elementor-widget elementor-widget-image\" data-id=\"3c2b185\" data-element_type=\"widget\" data-e-type=\"widget\" data-widget_type=\"image.default\">\n\t\t\t\t<div class=\"elementor-widget-container\">\n\t\t\t\t\t\t\t\t\t\t\t\t\t\t\t<img fetchpriority=\"high\" decoding=\"async\" width=\"640\" height=\"928\" src=\"https:\/\/akademia-zdrowia.pl\/kielce\/wp-content\/uploads\/2024\/08\/szkolenie-groomiung-706x1024.jpg\" class=\"attachment-large size-large wp-image-8243\" alt=\"\" srcset=\"https:\/\/akademia-zdrowia.pl\/kielce\/wp-content\/uploads\/2024\/08\/szkolenie-groomiung-706x1024.jpg 706w, https:\/\/akademia-zdrowia.pl\/kielce\/wp-content\/uploads\/2024\/08\/szkolenie-groomiung-207x300.jpg 207w, https:\/\/akademia-zdrowia.pl\/kielce\/wp-content\/uploads\/2024\/08\/szkolenie-groomiung-768x1114.jpg 768w, https:\/\/akademia-zdrowia.pl\/kielce\/wp-content\/uploads\/2024\/08\/szkolenie-groomiung-500x725.jpg 500w, https:\/\/akademia-zdrowia.pl\/kielce\/wp-content\/uploads\/2024\/08\/szkolenie-groomiung.jpg 812w\" sizes=\"(max-width: 640px) 100vw, 640px\" \/>\t\t\t\t\t\t\t\t\t\t\t\t\t\t\t<\/div>\n\t\t\t\t<\/div>\n\t\t\t\t\t<\/div>\n\t\t<\/div>\n\t\t\t\t\t<\/div>\n\t\t<\/section>\n\t\t\t\t<section class=\"elementor-section elementor-top-section elementor-element elementor-element-35af0f6 elementor-section-boxed elementor-section-height-default elementor-section-height-default\" data-id=\"35af0f6\" data-element_type=\"section\" data-e-type=\"section\">\n\t\t\t\t\t\t<div class=\"elementor-container elementor-column-gap-default\">\n\t\t\t\t\t<div class=\"elementor-column elementor-col-50 elementor-top-column elementor-element elementor-element-51b4e3b\" data-id=\"51b4e3b\" data-element_type=\"column\" data-e-type=\"column\" data-settings=\"{&quot;background_background&quot;:&quot;classic&quot;}\">\n\t\t\t<div class=\"elementor-widget-wrap elementor-element-populated\">\n\t\t\t\t\t\t<div class=\"elementor-element elementor-element-e9b68d1 elementor-widget-mobile__width-initial elementor-widget elementor-widget-rs-heading\" data-id=\"e9b68d1\" data-element_type=\"widget\" data-e-type=\"widget\" data-widget_type=\"rs-heading.default\">\n\t\t\t\t<div class=\"elementor-widget-container\">\n\t\t\t\t\t        <div class=\"rs-heading default \">\r\n        \t<div class=\"title-inner\">\r\n        \t\t      \t\t\r\n\t            <span class=\"sub-text \">MASZ PYTANIA<\/span><h2 class=\"title\"><span class=\"watermark\"><\/span>Skontaktuj  si\u0119 z nami!<\/h2>\t        <\/div>\r\n\t                    \t<div class=\"description\">\r\n            \t\t<p>Kliknij 'Zadzwo\u0144', aby po\u0142\u0105czy\u0107 si\u0119 z opiekunem kursu!<\/p>            \t\t\r\n            \t<\/div>\r\n        \t        <\/div>\r\n        \t\t\t\t<\/div>\n\t\t\t\t<\/div>\n\t\t\t\t<div class=\"elementor-element elementor-element-c477a2f elementor-widget elementor-widget-rs-button\" data-id=\"c477a2f\" data-element_type=\"widget\" data-e-type=\"widget\" data-widget_type=\"rs-button.default\">\n\t\t\t\t<div class=\"elementor-widget-container\">\n\t\t\t\t\t\t\r\n\t\t\r\n\t\t<div class=\"rs-view-btn\">\r\n\t\t\t\t\t\t<a class=\"rs-btn rs-btnblack rs-btn-style1\" href=\"tel:+4841368066\" >\t\t\t\t\r\n\t\t\t\t<span class=\"rs_btn__text\"><span class=\"btn_text\">ZADZWO\u0143<\/span><\/span>\r\n\t\t\t<\/a>\r\n\t\t<\/div>    \r\n\t\t\t\t\t<\/div>\n\t\t\t\t<\/div>\n\t\t\t\t\t<\/div>\n\t\t<\/div>\n\t\t\t\t<div class=\"elementor-column elementor-col-50 elementor-top-column elementor-element elementor-element-0716025\" data-id=\"0716025\" data-element_type=\"column\" data-e-type=\"column\">\n\t\t\t<div class=\"elementor-widget-wrap elementor-element-populated\">\n\t\t\t\t\t\t<div class=\"elementor-element elementor-element-6163ed4 elementor-widget elementor-widget-rs-heading\" data-id=\"6163ed4\" data-element_type=\"widget\" data-e-type=\"widget\" data-widget_type=\"rs-heading.default\">\n\t\t\t\t<div class=\"elementor-widget-container\">\n\t\t\t\t\t        <div class=\"rs-heading default \">\r\n        \t<div class=\"title-inner\">\r\n        \t\t      \t\t\r\n\t            <span class=\"sub-text \">ZAUFANY PARTNER<\/span><h2 class=\"title\"><span class=\"watermark\"><\/span>Dlaczego warto wybra\u0107 nas<\/h2>\t        <\/div>\r\n\t                    \t<div class=\"description\">\r\n            \t\t<p>Zaufaj naszemu wieloletniemu do\u015bwiadczeniu i zespo\u0142owi specjalist\u00f3w. Oferujemy profesjonalne szkolenia, kt\u00f3re pomog\u0105 rozwija\u0107 Tw\u00f3j biznes. Wybieraj\u0105c nas, inwestujesz w sprawdzonego partnera, kt\u00f3ry wspiera sukces Twojej firmy. Skontaktuj si\u0119 z nami i zacznij rozwija\u0107 si\u0119 razem z nami!<\/p>            \t\t\r\n            \t<\/div>\r\n        \t        <\/div>\r\n        \t\t\t\t<\/div>\n\t\t\t\t<\/div>\n\t\t\t\t\t<\/div>\n\t\t<\/div>\n\t\t\t\t\t<\/div>\n\t\t<\/section>\n\t\t\t\t<\/div>\n\t\t","protected":false},"excerpt":{"rendered":"<p>AKADEMIA ZDROWIA DLA WETERYNARII Szkolenie podstawie z groomingu JAK WYGL\u0104DA SZKOLENIE Program szkolenia Miejsce: Profesjonalny salon groomerskiCzas trwania: 30 godzinTerminy i godziny do indywidualnego ustalenia.Kameralne grupy \u2013 max 2 osoby W programie min: Strzy\u017cenie i stylizacja ps\u00f3w wed\u0142ug wzorc\u00f3w FCI Strzy\u017cenie komercyjne Dob\u00f3r \u015bci\u0119cia do urody psa Techniki pozwalaj\u0105ce na skr\u00f3cenie czasu strzy\u017cenia Podstawowe techniki&#8230;<\/p>\n","protected":false},"author":3,"featured_media":0,"parent":332,"menu_order":0,"comment_status":"closed","ping_status":"closed","template":"","meta":{"footnotes":""},"class_list":["post-8224","page","type-page","status-publish","hentry"],"yoast_head":"<!-- This site is optimized with the Yoast SEO plugin v26.9 - https:\/\/yoast.com\/product\/yoast-seo-wordpress\/ -->\n<title>Szkolenie podstawowe z groomingu - Akademia Zdrowia Kielce<\/title>\n<meta name=\"robots\" content=\"index, follow, max-snippet:-1, max-image-preview:large, max-video-preview:-1\" \/>\n<link rel=\"canonical\" href=\"https:\/\/akademia-zdrowia.pl\/kielce\/oferta-szkoleniowa\/kursy-i-szkolenia\/kursy-weterynaryjne\/szkolenie-podstawowe-z-groomingu\/\" \/>\n<meta property=\"og:locale\" content=\"pl_PL\" \/>\n<meta property=\"og:type\" content=\"article\" \/>\n<meta property=\"og:title\" content=\"Szkolenie podstawowe z groomingu - Akademia Zdrowia Kielce\" \/>\n<meta property=\"og:description\" content=\"AKADEMIA ZDROWIA DLA WETERYNARII Szkolenie podstawie z groomingu JAK WYGL\u0104DA SZKOLENIE Program szkolenia Miejsce: Profesjonalny salon groomerskiCzas trwania: 30 godzinTerminy i godziny do indywidualnego ustalenia.Kameralne grupy \u2013 max 2 osoby W programie min: Strzy\u017cenie i stylizacja ps\u00f3w wed\u0142ug wzorc\u00f3w FCI Strzy\u017cenie komercyjne Dob\u00f3r \u015bci\u0119cia do urody psa Techniki pozwalaj\u0105ce na skr\u00f3cenie czasu strzy\u017cenia Podstawowe techniki...\" \/>\n<meta property=\"og:url\" content=\"https:\/\/akademia-zdrowia.pl\/kielce\/oferta-szkoleniowa\/kursy-i-szkolenia\/kursy-weterynaryjne\/szkolenie-podstawowe-z-groomingu\/\" \/>\n<meta property=\"og:site_name\" content=\"Akademia Zdrowia Kielce\" \/>\n<meta property=\"article:modified_time\" content=\"2024-09-24T09:55:26+00:00\" \/>\n<meta property=\"og:image\" content=\"https:\/\/akademia-zdrowia.pl\/kielce\/wp-content\/uploads\/2024\/08\/szkolenie-groomiung-706x1024.jpg\" \/>\n<meta name=\"twitter:card\" content=\"summary_large_image\" \/>\n<meta name=\"twitter:label1\" content=\"Szacowany czas czytania\" \/>\n\t<meta name=\"twitter:data1\" content=\"2 minuty\" \/>\n<script type=\"application\/ld+json\" class=\"yoast-schema-graph\">{\"@context\":\"https:\/\/schema.org\",\"@graph\":[{\"@type\":\"WebPage\",\"@id\":\"https:\/\/akademia-zdrowia.pl\/kielce\/oferta-szkoleniowa\/kursy-i-szkolenia\/kursy-weterynaryjne\/szkolenie-podstawowe-z-groomingu\/\",\"url\":\"https:\/\/akademia-zdrowia.pl\/kielce\/oferta-szkoleniowa\/kursy-i-szkolenia\/kursy-weterynaryjne\/szkolenie-podstawowe-z-groomingu\/\",\"name\":\"Szkolenie podstawowe z groomingu - Akademia Zdrowia Kielce\",\"isPartOf\":{\"@id\":\"https:\/\/akademia-zdrowia.pl\/kielce\/#website\"},\"primaryImageOfPage\":{\"@id\":\"https:\/\/akademia-zdrowia.pl\/kielce\/oferta-szkoleniowa\/kursy-i-szkolenia\/kursy-weterynaryjne\/szkolenie-podstawowe-z-groomingu\/#primaryimage\"},\"image\":{\"@id\":\"https:\/\/akademia-zdrowia.pl\/kielce\/oferta-szkoleniowa\/kursy-i-szkolenia\/kursy-weterynaryjne\/szkolenie-podstawowe-z-groomingu\/#primaryimage\"},\"thumbnailUrl\":\"https:\/\/akademia-zdrowia.pl\/kielce\/wp-content\/uploads\/2024\/08\/szkolenie-groomiung-706x1024.jpg\",\"datePublished\":\"2024-08-26T10:15:49+00:00\",\"dateModified\":\"2024-09-24T09:55:26+00:00\",\"breadcrumb\":{\"@id\":\"https:\/\/akademia-zdrowia.pl\/kielce\/oferta-szkoleniowa\/kursy-i-szkolenia\/kursy-weterynaryjne\/szkolenie-podstawowe-z-groomingu\/#breadcrumb\"},\"inLanguage\":\"pl-PL\",\"potentialAction\":[{\"@type\":\"ReadAction\",\"target\":[\"https:\/\/akademia-zdrowia.pl\/kielce\/oferta-szkoleniowa\/kursy-i-szkolenia\/kursy-weterynaryjne\/szkolenie-podstawowe-z-groomingu\/\"]}]},{\"@type\":\"ImageObject\",\"inLanguage\":\"pl-PL\",\"@id\":\"https:\/\/akademia-zdrowia.pl\/kielce\/oferta-szkoleniowa\/kursy-i-szkolenia\/kursy-weterynaryjne\/szkolenie-podstawowe-z-groomingu\/#primaryimage\",\"url\":\"https:\/\/akademia-zdrowia.pl\/kielce\/wp-content\/uploads\/2024\/08\/szkolenie-groomiung.jpg\",\"contentUrl\":\"https:\/\/akademia-zdrowia.pl\/kielce\/wp-content\/uploads\/2024\/08\/szkolenie-groomiung.jpg\",\"width\":812,\"height\":1178},{\"@type\":\"BreadcrumbList\",\"@id\":\"https:\/\/akademia-zdrowia.pl\/kielce\/oferta-szkoleniowa\/kursy-i-szkolenia\/kursy-weterynaryjne\/szkolenie-podstawowe-z-groomingu\/#breadcrumb\",\"itemListElement\":[{\"@type\":\"ListItem\",\"position\":1,\"name\":\"Strona g\u0142\u00f3wna\",\"item\":\"https:\/\/akademia-zdrowia.pl\/kielce\/\"},{\"@type\":\"ListItem\",\"position\":2,\"name\":\"Oferta szkoleniowa\",\"item\":\"https:\/\/akademia-zdrowia.pl\/kielce\/oferta-szkoleniowa\/\"},{\"@type\":\"ListItem\",\"position\":3,\"name\":\"Kursy i szkolenia\",\"item\":\"https:\/\/akademia-zdrowia.pl\/kielce\/oferta-szkoleniowa\/kursy-i-szkolenia\/\"},{\"@type\":\"ListItem\",\"position\":4,\"name\":\"Kursy weterynaryjne\",\"item\":\"https:\/\/akademia-zdrowia.pl\/kielce\/oferta-szkoleniowa\/kursy-i-szkolenia\/kursy-weterynaryjne\/\"},{\"@type\":\"ListItem\",\"position\":5,\"name\":\"Szkolenie podstawowe z groomingu\"}]},{\"@type\":\"WebSite\",\"@id\":\"https:\/\/akademia-zdrowia.pl\/kielce\/#website\",\"url\":\"https:\/\/akademia-zdrowia.pl\/kielce\/\",\"name\":\"Akademia Zdrowia Kielce\",\"description\":\"Kolejna witryna oparta na WordPressie\",\"potentialAction\":[{\"@type\":\"SearchAction\",\"target\":{\"@type\":\"EntryPoint\",\"urlTemplate\":\"https:\/\/akademia-zdrowia.pl\/kielce\/?s={search_term_string}\"},\"query-input\":{\"@type\":\"PropertyValueSpecification\",\"valueRequired\":true,\"valueName\":\"search_term_string\"}}],\"inLanguage\":\"pl-PL\"}]}<\/script>\n<!-- \/ Yoast SEO plugin. -->","yoast_head_json":{"title":"Szkolenie podstawowe z groomingu - Akademia Zdrowia Kielce","robots":{"index":"index","follow":"follow","max-snippet":"max-snippet:-1","max-image-preview":"max-image-preview:large","max-video-preview":"max-video-preview:-1"},"canonical":"https:\/\/akademia-zdrowia.pl\/kielce\/oferta-szkoleniowa\/kursy-i-szkolenia\/kursy-weterynaryjne\/szkolenie-podstawowe-z-groomingu\/","og_locale":"pl_PL","og_type":"article","og_title":"Szkolenie podstawowe z groomingu - Akademia Zdrowia Kielce","og_description":"AKADEMIA ZDROWIA DLA WETERYNARII Szkolenie podstawie z groomingu JAK WYGL\u0104DA SZKOLENIE Program szkolenia Miejsce: Profesjonalny salon groomerskiCzas trwania: 30 godzinTerminy i godziny do indywidualnego ustalenia.Kameralne grupy \u2013 max 2 osoby W programie min: Strzy\u017cenie i stylizacja ps\u00f3w wed\u0142ug wzorc\u00f3w FCI Strzy\u017cenie komercyjne Dob\u00f3r \u015bci\u0119cia do urody psa Techniki pozwalaj\u0105ce na skr\u00f3cenie czasu strzy\u017cenia Podstawowe techniki...","og_url":"https:\/\/akademia-zdrowia.pl\/kielce\/oferta-szkoleniowa\/kursy-i-szkolenia\/kursy-weterynaryjne\/szkolenie-podstawowe-z-groomingu\/","og_site_name":"Akademia Zdrowia Kielce","article_modified_time":"2024-09-24T09:55:26+00:00","og_image":[{"url":"https:\/\/akademia-zdrowia.pl\/kielce\/wp-content\/uploads\/2024\/08\/szkolenie-groomiung-706x1024.jpg","type":"","width":"","height":""}],"twitter_card":"summary_large_image","twitter_misc":{"Szacowany czas czytania":"2 minuty"},"schema":{"@context":"https:\/\/schema.org","@graph":[{"@type":"WebPage","@id":"https:\/\/akademia-zdrowia.pl\/kielce\/oferta-szkoleniowa\/kursy-i-szkolenia\/kursy-weterynaryjne\/szkolenie-podstawowe-z-groomingu\/","url":"https:\/\/akademia-zdrowia.pl\/kielce\/oferta-szkoleniowa\/kursy-i-szkolenia\/kursy-weterynaryjne\/szkolenie-podstawowe-z-groomingu\/","name":"Szkolenie podstawowe z groomingu - Akademia Zdrowia Kielce","isPartOf":{"@id":"https:\/\/akademia-zdrowia.pl\/kielce\/#website"},"primaryImageOfPage":{"@id":"https:\/\/akademia-zdrowia.pl\/kielce\/oferta-szkoleniowa\/kursy-i-szkolenia\/kursy-weterynaryjne\/szkolenie-podstawowe-z-groomingu\/#primaryimage"},"image":{"@id":"https:\/\/akademia-zdrowia.pl\/kielce\/oferta-szkoleniowa\/kursy-i-szkolenia\/kursy-weterynaryjne\/szkolenie-podstawowe-z-groomingu\/#primaryimage"},"thumbnailUrl":"https:\/\/akademia-zdrowia.pl\/kielce\/wp-content\/uploads\/2024\/08\/szkolenie-groomiung-706x1024.jpg","datePublished":"2024-08-26T10:15:49+00:00","dateModified":"2024-09-24T09:55:26+00:00","breadcrumb":{"@id":"https:\/\/akademia-zdrowia.pl\/kielce\/oferta-szkoleniowa\/kursy-i-szkolenia\/kursy-weterynaryjne\/szkolenie-podstawowe-z-groomingu\/#breadcrumb"},"inLanguage":"pl-PL","potentialAction":[{"@type":"ReadAction","target":["https:\/\/akademia-zdrowia.pl\/kielce\/oferta-szkoleniowa\/kursy-i-szkolenia\/kursy-weterynaryjne\/szkolenie-podstawowe-z-groomingu\/"]}]},{"@type":"ImageObject","inLanguage":"pl-PL","@id":"https:\/\/akademia-zdrowia.pl\/kielce\/oferta-szkoleniowa\/kursy-i-szkolenia\/kursy-weterynaryjne\/szkolenie-podstawowe-z-groomingu\/#primaryimage","url":"https:\/\/akademia-zdrowia.pl\/kielce\/wp-content\/uploads\/2024\/08\/szkolenie-groomiung.jpg","contentUrl":"https:\/\/akademia-zdrowia.pl\/kielce\/wp-content\/uploads\/2024\/08\/szkolenie-groomiung.jpg","width":812,"height":1178},{"@type":"BreadcrumbList","@id":"https:\/\/akademia-zdrowia.pl\/kielce\/oferta-szkoleniowa\/kursy-i-szkolenia\/kursy-weterynaryjne\/szkolenie-podstawowe-z-groomingu\/#breadcrumb","itemListElement":[{"@type":"ListItem","position":1,"name":"Strona g\u0142\u00f3wna","item":"https:\/\/akademia-zdrowia.pl\/kielce\/"},{"@type":"ListItem","position":2,"name":"Oferta szkoleniowa","item":"https:\/\/akademia-zdrowia.pl\/kielce\/oferta-szkoleniowa\/"},{"@type":"ListItem","position":3,"name":"Kursy i szkolenia","item":"https:\/\/akademia-zdrowia.pl\/kielce\/oferta-szkoleniowa\/kursy-i-szkolenia\/"},{"@type":"ListItem","position":4,"name":"Kursy weterynaryjne","item":"https:\/\/akademia-zdrowia.pl\/kielce\/oferta-szkoleniowa\/kursy-i-szkolenia\/kursy-weterynaryjne\/"},{"@type":"ListItem","position":5,"name":"Szkolenie podstawowe z groomingu"}]},{"@type":"WebSite","@id":"https:\/\/akademia-zdrowia.pl\/kielce\/#website","url":"https:\/\/akademia-zdrowia.pl\/kielce\/","name":"Akademia Zdrowia Kielce","description":"Kolejna witryna oparta na WordPressie","potentialAction":[{"@type":"SearchAction","target":{"@type":"EntryPoint","urlTemplate":"https:\/\/akademia-zdrowia.pl\/kielce\/?s={search_term_string}"},"query-input":{"@type":"PropertyValueSpecification","valueRequired":true,"valueName":"search_term_string"}}],"inLanguage":"pl-PL"}]}},"_links":{"self":[{"href":"https:\/\/akademia-zdrowia.pl\/kielce\/wp-json\/wp\/v2\/pages\/8224","targetHints":{"allow":["GET"]}}],"collection":[{"href":"https:\/\/akademia-zdrowia.pl\/kielce\/wp-json\/wp\/v2\/pages"}],"about":[{"href":"https:\/\/akademia-zdrowia.pl\/kielce\/wp-json\/wp\/v2\/types\/page"}],"author":[{"embeddable":true,"href":"https:\/\/akademia-zdrowia.pl\/kielce\/wp-json\/wp\/v2\/users\/3"}],"replies":[{"embeddable":true,"href":"https:\/\/akademia-zdrowia.pl\/kielce\/wp-json\/wp\/v2\/comments?post=8224"}],"version-history":[{"count":41,"href":"https:\/\/akademia-zdrowia.pl\/kielce\/wp-json\/wp\/v2\/pages\/8224\/revisions"}],"predecessor-version":[{"id":9365,"href":"https:\/\/akademia-zdrowia.pl\/kielce\/wp-json\/wp\/v2\/pages\/8224\/revisions\/9365"}],"up":[{"embeddable":true,"href":"https:\/\/akademia-zdrowia.pl\/kielce\/wp-json\/wp\/v2\/pages\/332"}],"wp:attachment":[{"href":"https:\/\/akademia-zdrowia.pl\/kielce\/wp-json\/wp\/v2\/media?parent=8224"}],"curies":[{"name":"wp","href":"https:\/\/api.w.org\/{rel}","templated":true}]}}