{"id":985,"date":"2018-01-22T10:51:13","date_gmt":"2018-01-22T09:51:13","guid":{"rendered":"https:\/\/akademia-zdrowia.pl\/kielce\/?page_id=985"},"modified":"2023-08-28T13:30:53","modified_gmt":"2023-08-28T11:30:53","slug":"dokumenty-rekrutacyjne","status":"publish","type":"page","link":"https:\/\/akademia-zdrowia.pl\/kielce\/rekrutacja\/dokumenty-rekrutacyjne\/","title":{"rendered":"Dokumenty rekrutacyjne"},"content":{"rendered":"\t\t<div data-elementor-type=\"wp-page\" data-elementor-id=\"985\" class=\"elementor elementor-985\" data-elementor-post-type=\"page\">\n\t\t\t\t\t\t<section class=\"elementor-section elementor-top-section elementor-element elementor-element-bd146f7 elementor-section-boxed elementor-section-height-default elementor-section-height-default\" data-id=\"bd146f7\" data-element_type=\"section\" data-e-type=\"section\">\n\t\t\t\t\t\t<div class=\"elementor-container elementor-column-gap-default\">\n\t\t\t\t\t<div class=\"elementor-column elementor-col-66 elementor-top-column elementor-element elementor-element-952e2ce\" data-id=\"952e2ce\" data-element_type=\"column\" data-e-type=\"column\">\n\t\t\t<div class=\"elementor-widget-wrap elementor-element-populated\">\n\t\t\t\t\t\t<div class=\"elementor-element elementor-element-642f869 elementor-widget elementor-widget-text-editor\" data-id=\"642f869\" data-element_type=\"widget\" data-e-type=\"widget\" data-widget_type=\"text-editor.default\">\n\t\t\t\t<div class=\"elementor-widget-container\">\n\t\t\t\t\t\t\t\t\t<div class=\"row\"><div class=\"col-12 opis\"><h4 style=\"text-align: center;\"><b>Je\u015bli masz sko\u0144czone 18 lat mo\u017cesz \u2013 bez egzamin\u00f3w wst\u0119pnych,\u00a0<br \/><\/b><b style=\"color: var( --e-global-color-text ); font-family: var( --e-global-typography-text-font-family ), Sans-serif;\">a nawet matury \u2013 zosta\u0107 naszym s\u0142uchaczem.<br \/><\/b><b style=\"color: var( --e-global-color-text ); font-family: var( --e-global-typography-text-font-family ), Sans-serif;\">Skompletuj dokumenty i dostarcz je do nas.<\/b><\/h4><\/div><\/div><div class=\"col-12\"><div class=\"header\"><h4>Szko\u0142y policealne:<\/h4><\/div><ul class=\"linki\"><li>\u015bwiadectwo uko\u0144czenia szko\u0142y \u015bredniej<\/li><li>2 zdj\u0119cia<\/li><li>za\u015bwiadczenie od lekarza medycyny pracy o braku przeciwwskaza\u0144 do podj\u0119cia nauki na danym kierunku<\/li><\/ul><\/div><div class=\"col-12\"><div class=\"header\"><h4>Szko\u0142y policealne:<\/h4><\/div><ul class=\"linki\"><li>\u015bwiadectwo uko\u0144czenia ostatniej szko\u0142y<\/li><li>2 zdj\u0119cia<\/li><li>za\u015bwiadczenie od lekarza medycyny pracy o braku przeciwwskaza\u0144 do podj\u0119cia nauki na danym kierunku<\/li><\/ul><\/div><div class=\"col-12\"><p class=\"pod-plikami\"><strong>Na miejscu poprosimy o wype\u0142nienie formularza zg\u0142oszeniowego,\u00a0\u00a0 a tak\u017ce umowy, gwarantuj\u0105cej najwy\u017csz\u0105 jako\u015b\u0107 \u015bwiadczonych przez nas us\u0142ug.<\/strong><\/p><\/div>\t\t\t\t\t\t\t\t<\/div>\n\t\t\t\t<\/div>\n\t\t\t\t<div class=\"elementor-element elementor-element-99dfd6d elementor-alert-info elementor-widget elementor-widget-alert\" data-id=\"99dfd6d\" data-element_type=\"widget\" data-e-type=\"widget\" data-widget_type=\"alert.default\">\n\t\t\t\t<div class=\"elementor-widget-container\">\n\t\t\t\t\t\t\t<div class=\"elementor-alert\" role=\"alert\">\n\n\t\t\t\t\t\t<span class=\"elementor-alert-title\">INFORMACJA<\/span>\n\t\t\t\n\t\t\t\t\t\t<span class=\"elementor-alert-description\">Uczni\u00f3w szk\u00f3\u0142 gimnazjalnych oraz wszystkich chc\u0105cych rozpocz\u0105\u0107 nauk\u0119 w Liceum lub Technikum dla m\u0142odzie\u017cy zapraszamy do zak\u0142adki szko\u0142y m\u0142odzie\u017cowe<\/span>\n\t\t\t\n\t\t\t\n\t\t<\/div>\n\t\t\t\t\t\t<\/div>\n\t\t\t\t<\/div>\n\t\t\t\t\t<\/div>\n\t\t<\/div>\n\t\t\t\t<div class=\"elementor-column elementor-col-33 elementor-top-column elementor-element elementor-element-d14abe1\" data-id=\"d14abe1\" data-element_type=\"column\" data-e-type=\"column\">\n\t\t\t<div class=\"elementor-widget-wrap elementor-element-populated\">\n\t\t\t\t\t\t<div class=\"elementor-element elementor-element-20066e8 elementor-widget elementor-widget-rs-image\" data-id=\"20066e8\" data-element_type=\"widget\" data-e-type=\"widget\" data-widget_type=\"rs-image.default\">\n\t\t\t\t<div class=\"elementor-widget-container\">\n\t\t\t\t\t\n        <div class=\"rs-image \">\n                            <img decoding=\"async\" class=\"rs-multi-image \" src=\"https:\/\/akademia-zdrowia.pl\/kielce\/wp-content\/uploads\/2023\/08\/AZ-KIELCE-1.jpg\" alt=\"image\"\/>\n                    <\/div>\n\n              \n    \t\t\t\t<\/div>\n\t\t\t\t<\/div>\n\t\t\t\t<div class=\"elementor-element elementor-element-f36a600 elementor-widget elementor-widget-text-editor\" data-id=\"f36a600\" data-element_type=\"widget\" data-e-type=\"widget\" data-widget_type=\"text-editor.default\">\n\t\t\t\t<div class=\"elementor-widget-container\">\n\t\t\t\t\t\t\t\t\t<div class=\"adres\"><p style=\"text-align: center;\">al. IX Wiek\u00f3w Kielc 8\/24<br \/>25-516 Kielce<\/p><p style=\"text-align: center;\"><img decoding=\"async\" style=\"color: var( --e-global-color-text ); font-family: var( --e-global-typography-text-font-family ), Sans-serif; font-weight: var( --e-global-typography-text-font-weight );\" src=\"https:\/\/www.akademia-zdrowia.pl\/lodz\/wp-content\/themes\/akademia-podstrona\/img\/phone-ico_red.png\" alt=\"marker\" \/><span style=\"color: var( --e-global-color-text ); font-family: var( --e-global-typography-text-font-family ), Sans-serif; font-weight: var( --e-global-typography-text-font-weight );\">\u00a0\u00a0<\/span><span style=\"color: var( --e-global-color-text ); font-family: var( --e-global-typography-text-font-family ), Sans-serif; font-weight: var( --e-global-typography-text-font-weight );\">tel.\u00a0<\/span><a style=\"font-family: var( --e-global-typography-text-font-family ), Sans-serif; font-weight: var( --e-global-typography-text-font-weight ); background-color: #ffffff;\" href=\"tel:41 3680066\">41 3680066<\/a><span style=\"color: var( --e-global-color-text ); font-family: var( --e-global-typography-text-font-family ), Sans-serif; font-weight: var( --e-global-typography-text-font-weight );\"><br \/><\/span><span style=\"color: var( --e-global-color-text ); font-family: var( --e-global-typography-text-font-family ), Sans-serif; font-weight: var( --e-global-typography-text-font-weight );\">tel.\/fax\u00a0<\/span><a style=\"font-family: var( --e-global-typography-text-font-family ), Sans-serif; font-weight: var( --e-global-typography-text-font-weight ); background-color: #ffffff;\" href=\"tel:41 3600066\">41 3600066<\/a><\/p><p>\u00a0 \u00a0 \u00a0 \u00a0 \u00a0 \u00a0 \u00a0 \u00a0 \u00a0 \u00a0 \u00a0 \u00a0<img decoding=\"async\" class=\"wp-image-6175 alignnone\" src=\"https:\/\/akademia-zdrowia.pl\/kielce\/wp-content\/uploads\/2023\/08\/whatsapp-logo-png-2288.png\" alt=\"\" width=\"28\" height=\"28\" srcset=\"https:\/\/akademia-zdrowia.pl\/kielce\/wp-content\/uploads\/2023\/08\/whatsapp-logo-png-2288.png 256w, https:\/\/akademia-zdrowia.pl\/kielce\/wp-content\/uploads\/2023\/08\/whatsapp-logo-png-2288-150x150.png 150w, https:\/\/akademia-zdrowia.pl\/kielce\/wp-content\/uploads\/2023\/08\/whatsapp-logo-png-2288-120x120.png 120w, https:\/\/akademia-zdrowia.pl\/kielce\/wp-content\/uploads\/2023\/08\/whatsapp-logo-png-2288-220x220.png 220w\" sizes=\"(max-width: 28px) 100vw, 28px\" \/> tel. <a href=\"http:\/\/662-536-086\" data-wplink-url-error=\"true\">662-536-086<\/a><\/p><\/div><div class=\"dodatkowe\"><p style=\"text-align: center;\">Sekretariat czynny od poniedzia\u0142ku do pi\u0105tku w godzinach 9.00-16.00<\/p><\/div>\t\t\t\t\t\t\t\t<\/div>\n\t\t\t\t<\/div>\n\t\t\t\t\t<\/div>\n\t\t<\/div>\n\t\t\t\t\t<\/div>\n\t\t<\/section>\n\t\t\t\t<\/div>\n\t\t","protected":false},"excerpt":{"rendered":"<p>Je\u015bli masz sko\u0144czone 18 lat mo\u017cesz \u2013 bez egzamin\u00f3w wst\u0119pnych,\u00a0a nawet matury \u2013 zosta\u0107 naszym s\u0142uchaczem.Skompletuj dokumenty i dostarcz je do nas. Szko\u0142y policealne: \u015bwiadectwo uko\u0144czenia szko\u0142y \u015bredniej 2 zdj\u0119cia za\u015bwiadczenie od lekarza medycyny pracy o braku przeciwwskaza\u0144 do podj\u0119cia nauki na danym kierunku Szko\u0142y policealne: \u015bwiadectwo uko\u0144czenia ostatniej szko\u0142y 2 zdj\u0119cia za\u015bwiadczenie od lekarza&#8230;<\/p>\n","protected":false},"author":1,"featured_media":0,"parent":33,"menu_order":0,"comment_status":"closed","ping_status":"closed","template":"","meta":{"footnotes":""},"class_list":["post-985","page","type-page","status-publish","hentry"],"yoast_head":"<!-- This site is optimized with the Yoast SEO plugin v26.9 - https:\/\/yoast.com\/product\/yoast-seo-wordpress\/ -->\n<title>Dokumenty rekrutacyjne - Akademia Zdrowia Kielce<\/title>\n<meta name=\"robots\" content=\"index, follow, max-snippet:-1, max-image-preview:large, max-video-preview:-1\" \/>\n<link rel=\"canonical\" href=\"https:\/\/akademia-zdrowia.pl\/kielce\/rekrutacja\/dokumenty-rekrutacyjne\/\" \/>\n<meta property=\"og:locale\" content=\"pl_PL\" \/>\n<meta property=\"og:type\" content=\"article\" \/>\n<meta property=\"og:title\" content=\"Dokumenty rekrutacyjne - Akademia Zdrowia Kielce\" \/>\n<meta property=\"og:description\" content=\"Je\u015bli masz sko\u0144czone 18 lat mo\u017cesz \u2013 bez egzamin\u00f3w wst\u0119pnych,\u00a0a nawet matury \u2013 zosta\u0107 naszym s\u0142uchaczem.Skompletuj dokumenty i dostarcz je do nas. Szko\u0142y policealne: \u015bwiadectwo uko\u0144czenia szko\u0142y \u015bredniej 2 zdj\u0119cia za\u015bwiadczenie od lekarza medycyny pracy o braku przeciwwskaza\u0144 do podj\u0119cia nauki na danym kierunku Szko\u0142y policealne: \u015bwiadectwo uko\u0144czenia ostatniej szko\u0142y 2 zdj\u0119cia za\u015bwiadczenie od lekarza...\" \/>\n<meta property=\"og:url\" content=\"https:\/\/akademia-zdrowia.pl\/kielce\/rekrutacja\/dokumenty-rekrutacyjne\/\" \/>\n<meta property=\"og:site_name\" content=\"Akademia Zdrowia Kielce\" \/>\n<meta property=\"article:modified_time\" content=\"2023-08-28T11:30:53+00:00\" \/>\n<meta property=\"og:image\" content=\"https:\/\/akademia-zdrowia.pl\/kielce\/wp-content\/uploads\/2023\/08\/AZ-KIELCE-1.jpg\" \/>\n<meta name=\"twitter:card\" content=\"summary_large_image\" \/>\n<meta name=\"twitter:label1\" content=\"Szacowany czas czytania\" \/>\n\t<meta name=\"twitter:data1\" content=\"2 minuty\" \/>\n<script type=\"application\/ld+json\" class=\"yoast-schema-graph\">{\"@context\":\"https:\/\/schema.org\",\"@graph\":[{\"@type\":\"WebPage\",\"@id\":\"https:\/\/akademia-zdrowia.pl\/kielce\/rekrutacja\/dokumenty-rekrutacyjne\/\",\"url\":\"https:\/\/akademia-zdrowia.pl\/kielce\/rekrutacja\/dokumenty-rekrutacyjne\/\",\"name\":\"Dokumenty rekrutacyjne - Akademia Zdrowia Kielce\",\"isPartOf\":{\"@id\":\"https:\/\/akademia-zdrowia.pl\/kielce\/#website\"},\"primaryImageOfPage\":{\"@id\":\"https:\/\/akademia-zdrowia.pl\/kielce\/rekrutacja\/dokumenty-rekrutacyjne\/#primaryimage\"},\"image\":{\"@id\":\"https:\/\/akademia-zdrowia.pl\/kielce\/rekrutacja\/dokumenty-rekrutacyjne\/#primaryimage\"},\"thumbnailUrl\":\"https:\/\/akademia-zdrowia.pl\/kielce\/wp-content\/uploads\/2023\/08\/AZ-KIELCE-1.jpg\",\"datePublished\":\"2018-01-22T09:51:13+00:00\",\"dateModified\":\"2023-08-28T11:30:53+00:00\",\"breadcrumb\":{\"@id\":\"https:\/\/akademia-zdrowia.pl\/kielce\/rekrutacja\/dokumenty-rekrutacyjne\/#breadcrumb\"},\"inLanguage\":\"pl-PL\",\"potentialAction\":[{\"@type\":\"ReadAction\",\"target\":[\"https:\/\/akademia-zdrowia.pl\/kielce\/rekrutacja\/dokumenty-rekrutacyjne\/\"]}]},{\"@type\":\"ImageObject\",\"inLanguage\":\"pl-PL\",\"@id\":\"https:\/\/akademia-zdrowia.pl\/kielce\/rekrutacja\/dokumenty-rekrutacyjne\/#primaryimage\",\"url\":\"https:\/\/akademia-zdrowia.pl\/kielce\/wp-content\/uploads\/2023\/08\/AZ-KIELCE-1.jpg\",\"contentUrl\":\"https:\/\/akademia-zdrowia.pl\/kielce\/wp-content\/uploads\/2023\/08\/AZ-KIELCE-1.jpg\",\"width\":1200,\"height\":801},{\"@type\":\"BreadcrumbList\",\"@id\":\"https:\/\/akademia-zdrowia.pl\/kielce\/rekrutacja\/dokumenty-rekrutacyjne\/#breadcrumb\",\"itemListElement\":[{\"@type\":\"ListItem\",\"position\":1,\"name\":\"Strona g\u0142\u00f3wna\",\"item\":\"https:\/\/akademia-zdrowia.pl\/kielce\/\"},{\"@type\":\"ListItem\",\"position\":2,\"name\":\"Rekrutacja\",\"item\":\"https:\/\/akademia-zdrowia.pl\/kielce\/rekrutacja\/\"},{\"@type\":\"ListItem\",\"position\":3,\"name\":\"Dokumenty rekrutacyjne\"}]},{\"@type\":\"WebSite\",\"@id\":\"https:\/\/akademia-zdrowia.pl\/kielce\/#website\",\"url\":\"https:\/\/akademia-zdrowia.pl\/kielce\/\",\"name\":\"Akademia Zdrowia Kielce\",\"description\":\"Kolejna witryna oparta na WordPressie\",\"potentialAction\":[{\"@type\":\"SearchAction\",\"target\":{\"@type\":\"EntryPoint\",\"urlTemplate\":\"https:\/\/akademia-zdrowia.pl\/kielce\/?s={search_term_string}\"},\"query-input\":{\"@type\":\"PropertyValueSpecification\",\"valueRequired\":true,\"valueName\":\"search_term_string\"}}],\"inLanguage\":\"pl-PL\"}]}<\/script>\n<!-- \/ Yoast SEO plugin. -->","yoast_head_json":{"title":"Dokumenty rekrutacyjne - Akademia Zdrowia Kielce","robots":{"index":"index","follow":"follow","max-snippet":"max-snippet:-1","max-image-preview":"max-image-preview:large","max-video-preview":"max-video-preview:-1"},"canonical":"https:\/\/akademia-zdrowia.pl\/kielce\/rekrutacja\/dokumenty-rekrutacyjne\/","og_locale":"pl_PL","og_type":"article","og_title":"Dokumenty rekrutacyjne - Akademia Zdrowia Kielce","og_description":"Je\u015bli masz sko\u0144czone 18 lat mo\u017cesz \u2013 bez egzamin\u00f3w wst\u0119pnych,\u00a0a nawet matury \u2013 zosta\u0107 naszym s\u0142uchaczem.Skompletuj dokumenty i dostarcz je do nas. Szko\u0142y policealne: \u015bwiadectwo uko\u0144czenia szko\u0142y \u015bredniej 2 zdj\u0119cia za\u015bwiadczenie od lekarza medycyny pracy o braku przeciwwskaza\u0144 do podj\u0119cia nauki na danym kierunku Szko\u0142y policealne: \u015bwiadectwo uko\u0144czenia ostatniej szko\u0142y 2 zdj\u0119cia za\u015bwiadczenie od lekarza...","og_url":"https:\/\/akademia-zdrowia.pl\/kielce\/rekrutacja\/dokumenty-rekrutacyjne\/","og_site_name":"Akademia Zdrowia Kielce","article_modified_time":"2023-08-28T11:30:53+00:00","og_image":[{"url":"https:\/\/akademia-zdrowia.pl\/kielce\/wp-content\/uploads\/2023\/08\/AZ-KIELCE-1.jpg","type":"","width":"","height":""}],"twitter_card":"summary_large_image","twitter_misc":{"Szacowany czas czytania":"2 minuty"},"schema":{"@context":"https:\/\/schema.org","@graph":[{"@type":"WebPage","@id":"https:\/\/akademia-zdrowia.pl\/kielce\/rekrutacja\/dokumenty-rekrutacyjne\/","url":"https:\/\/akademia-zdrowia.pl\/kielce\/rekrutacja\/dokumenty-rekrutacyjne\/","name":"Dokumenty rekrutacyjne - Akademia Zdrowia Kielce","isPartOf":{"@id":"https:\/\/akademia-zdrowia.pl\/kielce\/#website"},"primaryImageOfPage":{"@id":"https:\/\/akademia-zdrowia.pl\/kielce\/rekrutacja\/dokumenty-rekrutacyjne\/#primaryimage"},"image":{"@id":"https:\/\/akademia-zdrowia.pl\/kielce\/rekrutacja\/dokumenty-rekrutacyjne\/#primaryimage"},"thumbnailUrl":"https:\/\/akademia-zdrowia.pl\/kielce\/wp-content\/uploads\/2023\/08\/AZ-KIELCE-1.jpg","datePublished":"2018-01-22T09:51:13+00:00","dateModified":"2023-08-28T11:30:53+00:00","breadcrumb":{"@id":"https:\/\/akademia-zdrowia.pl\/kielce\/rekrutacja\/dokumenty-rekrutacyjne\/#breadcrumb"},"inLanguage":"pl-PL","potentialAction":[{"@type":"ReadAction","target":["https:\/\/akademia-zdrowia.pl\/kielce\/rekrutacja\/dokumenty-rekrutacyjne\/"]}]},{"@type":"ImageObject","inLanguage":"pl-PL","@id":"https:\/\/akademia-zdrowia.pl\/kielce\/rekrutacja\/dokumenty-rekrutacyjne\/#primaryimage","url":"https:\/\/akademia-zdrowia.pl\/kielce\/wp-content\/uploads\/2023\/08\/AZ-KIELCE-1.jpg","contentUrl":"https:\/\/akademia-zdrowia.pl\/kielce\/wp-content\/uploads\/2023\/08\/AZ-KIELCE-1.jpg","width":1200,"height":801},{"@type":"BreadcrumbList","@id":"https:\/\/akademia-zdrowia.pl\/kielce\/rekrutacja\/dokumenty-rekrutacyjne\/#breadcrumb","itemListElement":[{"@type":"ListItem","position":1,"name":"Strona g\u0142\u00f3wna","item":"https:\/\/akademia-zdrowia.pl\/kielce\/"},{"@type":"ListItem","position":2,"name":"Rekrutacja","item":"https:\/\/akademia-zdrowia.pl\/kielce\/rekrutacja\/"},{"@type":"ListItem","position":3,"name":"Dokumenty rekrutacyjne"}]},{"@type":"WebSite","@id":"https:\/\/akademia-zdrowia.pl\/kielce\/#website","url":"https:\/\/akademia-zdrowia.pl\/kielce\/","name":"Akademia Zdrowia Kielce","description":"Kolejna witryna oparta na WordPressie","potentialAction":[{"@type":"SearchAction","target":{"@type":"EntryPoint","urlTemplate":"https:\/\/akademia-zdrowia.pl\/kielce\/?s={search_term_string}"},"query-input":{"@type":"PropertyValueSpecification","valueRequired":true,"valueName":"search_term_string"}}],"inLanguage":"pl-PL"}]}},"_links":{"self":[{"href":"https:\/\/akademia-zdrowia.pl\/kielce\/wp-json\/wp\/v2\/pages\/985","targetHints":{"allow":["GET"]}}],"collection":[{"href":"https:\/\/akademia-zdrowia.pl\/kielce\/wp-json\/wp\/v2\/pages"}],"about":[{"href":"https:\/\/akademia-zdrowia.pl\/kielce\/wp-json\/wp\/v2\/types\/page"}],"author":[{"embeddable":true,"href":"https:\/\/akademia-zdrowia.pl\/kielce\/wp-json\/wp\/v2\/users\/1"}],"replies":[{"embeddable":true,"href":"https:\/\/akademia-zdrowia.pl\/kielce\/wp-json\/wp\/v2\/comments?post=985"}],"version-history":[{"count":18,"href":"https:\/\/akademia-zdrowia.pl\/kielce\/wp-json\/wp\/v2\/pages\/985\/revisions"}],"predecessor-version":[{"id":6540,"href":"https:\/\/akademia-zdrowia.pl\/kielce\/wp-json\/wp\/v2\/pages\/985\/revisions\/6540"}],"up":[{"embeddable":true,"href":"https:\/\/akademia-zdrowia.pl\/kielce\/wp-json\/wp\/v2\/pages\/33"}],"wp:attachment":[{"href":"https:\/\/akademia-zdrowia.pl\/kielce\/wp-json\/wp\/v2\/media?parent=985"}],"curies":[{"name":"wp","href":"https:\/\/api.w.org\/{rel}","templated":true}]}}