{"id":12644,"date":"2024-07-21T22:27:57","date_gmt":"2024-07-21T20:27:57","guid":{"rendered":"https:\/\/akademia-zdrowia.pl\/lodz\/?page_id=12644"},"modified":"2025-04-05T12:15:26","modified_gmt":"2025-04-05T10:15:26","slug":"statut-szkoly-2","status":"publish","type":"page","link":"https:\/\/akademia-zdrowia.pl\/lodz\/szkoly-mlodziezowe-stacjonarne\/statut-szkoly-2\/","title":{"rendered":"Statut szko\u0142y"},"content":{"rendered":"\t\t<div data-elementor-type=\"wp-page\" data-elementor-id=\"12644\" class=\"elementor elementor-12644\" data-elementor-post-type=\"page\">\n\t\t\t\t\t\t<section class=\"elementor-section elementor-top-section elementor-element elementor-element-ab24a7d elementor-section-boxed elementor-section-height-default elementor-section-height-default\" data-id=\"ab24a7d\" data-element_type=\"section\" data-e-type=\"section\">\n\t\t\t\t\t\t<div class=\"elementor-container elementor-column-gap-default\">\n\t\t\t\t\t<div class=\"elementor-column elementor-col-100 elementor-top-column elementor-element elementor-element-aab984b\" data-id=\"aab984b\" data-element_type=\"column\" data-e-type=\"column\">\n\t\t\t<div class=\"elementor-widget-wrap elementor-element-populated\">\n\t\t\t\t\t\t<div class=\"elementor-element elementor-element-1e64403 elementor-widget elementor-widget-text-editor\" data-id=\"1e64403\" data-element_type=\"widget\" data-e-type=\"widget\" data-widget_type=\"text-editor.default\">\n\t\t\t\t<div class=\"elementor-widget-container\">\n\t\t\t\t\t\t\t\t\t<p><a href=\"https:\/\/akademia-zdrowia.pl\/lodz\/wp-content\/uploads\/2025\/04\/Statut-technikum.pdf\" target=\"_blank\" rel=\"noopener\">Statut &#8211; Akademia &#8211; Technikum dla M\u0142odzie\u017cy w \u0141odzi<\/a><br \/><a href=\"https:\/\/akademia-zdrowia.pl\/lodz\/wp-content\/uploads\/2025\/04\/Statut-Liceum.pdf\" target=\"_blank\" rel=\"noopener\">Statut &#8211; Akademia &#8211; Liceum Og\u00f3lnokszta\u0142c\u0105ce dla M\u0142odzie\u017cy w \u0141odzi<\/a><\/p>\t\t\t\t\t\t\t\t<\/div>\n\t\t\t\t<\/div>\n\t\t\t\t\t<\/div>\n\t\t<\/div>\n\t\t\t\t\t<\/div>\n\t\t<\/section>\n\t\t\t\t<\/div>\n\t\t","protected":false},"excerpt":{"rendered":"<p>Statut &#8211; Akademia &#8211; Technikum dla M\u0142odzie\u017cy w \u0141odziStatut &#8211; Akademia &#8211; Liceum Og\u00f3lnokszta\u0142c\u0105ce dla M\u0142odzie\u017cy w \u0141odzi<\/p>\n","protected":false},"author":3,"featured_media":0,"parent":45,"menu_order":0,"comment_status":"closed","ping_status":"closed","template":"","meta":{"footnotes":""},"class_list":["post-12644","page","type-page","status-publish","hentry"],"yoast_head":"<!-- This site is optimized with the Yoast SEO Premium plugin v18.9 (Yoast SEO v27.2) - https:\/\/yoast.com\/product\/yoast-seo-premium-wordpress\/ -->\n<title>Statut szko\u0142y - Akademia Zdrowia \u0141\u00f3d\u017a - Kursy zawodowe, szko\u0142y policealne, szko\u0142y dla doros\u0142ych<\/title>\n<meta name=\"description\" content=\"Statut - Akademia - Technikum dla M\u0142odzie\u017cy w \u0141odziStatut - Akademia - Liceum Og\u00f3lnokszta\u0142c\u0105ce dla M\u0142odzie\u017cy w \u0141odzi\" \/>\n<meta name=\"robots\" content=\"index, follow, max-snippet:-1, max-image-preview:large, max-video-preview:-1\" \/>\n<link rel=\"canonical\" href=\"https:\/\/akademia-zdrowia.pl\/lodz\/szkoly-mlodziezowe-stacjonarne\/statut-szkoly-2\/\" \/>\n<meta property=\"og:locale\" content=\"pl_PL\" \/>\n<meta property=\"og:type\" content=\"article\" \/>\n<meta property=\"og:title\" content=\"Statut szko\u0142y\" \/>\n<meta property=\"og:description\" content=\"Statut - Akademia - Technikum dla M\u0142odzie\u017cy w \u0141odziStatut - Akademia - Liceum Og\u00f3lnokszta\u0142c\u0105ce dla M\u0142odzie\u017cy w \u0141odzi\" \/>\n<meta property=\"og:url\" content=\"https:\/\/akademia-zdrowia.pl\/lodz\/szkoly-mlodziezowe-stacjonarne\/statut-szkoly-2\/\" \/>\n<meta property=\"og:site_name\" content=\"Akademia Zdrowia \u0141\u00f3d\u017a\" \/>\n<meta property=\"article:modified_time\" content=\"2025-04-05T10:15:26+00:00\" \/>\n<meta name=\"twitter:card\" content=\"summary_large_image\" \/>\n<meta name=\"twitter:label1\" content=\"Szacowany czas czytania\" \/>\n\t<meta name=\"twitter:data1\" content=\"1 minuta\" \/>\n<script type=\"application\/ld+json\" class=\"yoast-schema-graph\">{\"@context\":\"https:\/\/schema.org\",\"@graph\":[{\"@type\":\"WebPage\",\"@id\":\"https:\/\/akademia-zdrowia.pl\/lodz\/szkoly-mlodziezowe-stacjonarne\/statut-szkoly-2\/\",\"url\":\"https:\/\/akademia-zdrowia.pl\/lodz\/szkoly-mlodziezowe-stacjonarne\/statut-szkoly-2\/\",\"name\":\"Statut szko\u0142y - Akademia Zdrowia \u0141\u00f3d\u017a - Kursy zawodowe, szko\u0142y policealne, szko\u0142y dla doros\u0142ych\",\"isPartOf\":{\"@id\":\"https:\/\/akademia-zdrowia.pl\/lodz\/#website\"},\"datePublished\":\"2024-07-21T20:27:57+00:00\",\"dateModified\":\"2025-04-05T10:15:26+00:00\",\"description\":\"Statut - Akademia - Technikum dla M\u0142odzie\u017cy w \u0141odziStatut - Akademia - Liceum Og\u00f3lnokszta\u0142c\u0105ce dla M\u0142odzie\u017cy w \u0141odzi\",\"breadcrumb\":{\"@id\":\"https:\/\/akademia-zdrowia.pl\/lodz\/szkoly-mlodziezowe-stacjonarne\/statut-szkoly-2\/#breadcrumb\"},\"inLanguage\":\"pl-PL\",\"potentialAction\":[{\"@type\":\"ReadAction\",\"target\":[\"https:\/\/akademia-zdrowia.pl\/lodz\/szkoly-mlodziezowe-stacjonarne\/statut-szkoly-2\/\"]}]},{\"@type\":\"BreadcrumbList\",\"@id\":\"https:\/\/akademia-zdrowia.pl\/lodz\/szkoly-mlodziezowe-stacjonarne\/statut-szkoly-2\/#breadcrumb\",\"itemListElement\":[{\"@type\":\"ListItem\",\"position\":1,\"name\":\"Strona g\u0142\u00f3wna\",\"item\":\"https:\/\/akademia-zdrowia.pl\/lodz\/\"},{\"@type\":\"ListItem\",\"position\":2,\"name\":\"Szko\u0142y m\u0142odzie\u017cowe stacjonarne\",\"item\":\"https:\/\/akademia-zdrowia.pl\/lodz\/szkoly-mlodziezowe-stacjonarne\/\"},{\"@type\":\"ListItem\",\"position\":3,\"name\":\"Statut szko\u0142y\"}]},{\"@type\":\"WebSite\",\"@id\":\"https:\/\/akademia-zdrowia.pl\/lodz\/#website\",\"url\":\"https:\/\/akademia-zdrowia.pl\/lodz\/\",\"name\":\"Akademia Zdrowia \u0141\u00f3d\u017a\",\"description\":\"\",\"potentialAction\":[{\"@type\":\"SearchAction\",\"target\":{\"@type\":\"EntryPoint\",\"urlTemplate\":\"https:\/\/akademia-zdrowia.pl\/lodz\/?s={search_term_string}\"},\"query-input\":{\"@type\":\"PropertyValueSpecification\",\"valueRequired\":true,\"valueName\":\"search_term_string\"}}],\"inLanguage\":\"pl-PL\"}]}<\/script>\n<!-- \/ Yoast SEO Premium plugin. -->","yoast_head_json":{"title":"Statut szko\u0142y - Akademia Zdrowia \u0141\u00f3d\u017a - Kursy zawodowe, szko\u0142y policealne, szko\u0142y dla doros\u0142ych","description":"Statut - Akademia - Technikum dla M\u0142odzie\u017cy w \u0141odziStatut - Akademia - Liceum Og\u00f3lnokszta\u0142c\u0105ce dla M\u0142odzie\u017cy w \u0141odzi","robots":{"index":"index","follow":"follow","max-snippet":"max-snippet:-1","max-image-preview":"max-image-preview:large","max-video-preview":"max-video-preview:-1"},"canonical":"https:\/\/akademia-zdrowia.pl\/lodz\/szkoly-mlodziezowe-stacjonarne\/statut-szkoly-2\/","og_locale":"pl_PL","og_type":"article","og_title":"Statut szko\u0142y","og_description":"Statut - Akademia - Technikum dla M\u0142odzie\u017cy w \u0141odziStatut - Akademia - Liceum Og\u00f3lnokszta\u0142c\u0105ce dla M\u0142odzie\u017cy w \u0141odzi","og_url":"https:\/\/akademia-zdrowia.pl\/lodz\/szkoly-mlodziezowe-stacjonarne\/statut-szkoly-2\/","og_site_name":"Akademia Zdrowia \u0141\u00f3d\u017a","article_modified_time":"2025-04-05T10:15:26+00:00","twitter_card":"summary_large_image","twitter_misc":{"Szacowany czas czytania":"1 minuta"},"schema":{"@context":"https:\/\/schema.org","@graph":[{"@type":"WebPage","@id":"https:\/\/akademia-zdrowia.pl\/lodz\/szkoly-mlodziezowe-stacjonarne\/statut-szkoly-2\/","url":"https:\/\/akademia-zdrowia.pl\/lodz\/szkoly-mlodziezowe-stacjonarne\/statut-szkoly-2\/","name":"Statut szko\u0142y - Akademia Zdrowia \u0141\u00f3d\u017a - Kursy zawodowe, szko\u0142y policealne, szko\u0142y dla doros\u0142ych","isPartOf":{"@id":"https:\/\/akademia-zdrowia.pl\/lodz\/#website"},"datePublished":"2024-07-21T20:27:57+00:00","dateModified":"2025-04-05T10:15:26+00:00","description":"Statut - Akademia - Technikum dla M\u0142odzie\u017cy w \u0141odziStatut - Akademia - Liceum Og\u00f3lnokszta\u0142c\u0105ce dla M\u0142odzie\u017cy w \u0141odzi","breadcrumb":{"@id":"https:\/\/akademia-zdrowia.pl\/lodz\/szkoly-mlodziezowe-stacjonarne\/statut-szkoly-2\/#breadcrumb"},"inLanguage":"pl-PL","potentialAction":[{"@type":"ReadAction","target":["https:\/\/akademia-zdrowia.pl\/lodz\/szkoly-mlodziezowe-stacjonarne\/statut-szkoly-2\/"]}]},{"@type":"BreadcrumbList","@id":"https:\/\/akademia-zdrowia.pl\/lodz\/szkoly-mlodziezowe-stacjonarne\/statut-szkoly-2\/#breadcrumb","itemListElement":[{"@type":"ListItem","position":1,"name":"Strona g\u0142\u00f3wna","item":"https:\/\/akademia-zdrowia.pl\/lodz\/"},{"@type":"ListItem","position":2,"name":"Szko\u0142y m\u0142odzie\u017cowe stacjonarne","item":"https:\/\/akademia-zdrowia.pl\/lodz\/szkoly-mlodziezowe-stacjonarne\/"},{"@type":"ListItem","position":3,"name":"Statut szko\u0142y"}]},{"@type":"WebSite","@id":"https:\/\/akademia-zdrowia.pl\/lodz\/#website","url":"https:\/\/akademia-zdrowia.pl\/lodz\/","name":"Akademia Zdrowia \u0141\u00f3d\u017a","description":"","potentialAction":[{"@type":"SearchAction","target":{"@type":"EntryPoint","urlTemplate":"https:\/\/akademia-zdrowia.pl\/lodz\/?s={search_term_string}"},"query-input":{"@type":"PropertyValueSpecification","valueRequired":true,"valueName":"search_term_string"}}],"inLanguage":"pl-PL"}]}},"_links":{"self":[{"href":"https:\/\/akademia-zdrowia.pl\/lodz\/wp-json\/wp\/v2\/pages\/12644","targetHints":{"allow":["GET"]}}],"collection":[{"href":"https:\/\/akademia-zdrowia.pl\/lodz\/wp-json\/wp\/v2\/pages"}],"about":[{"href":"https:\/\/akademia-zdrowia.pl\/lodz\/wp-json\/wp\/v2\/types\/page"}],"author":[{"embeddable":true,"href":"https:\/\/akademia-zdrowia.pl\/lodz\/wp-json\/wp\/v2\/users\/3"}],"replies":[{"embeddable":true,"href":"https:\/\/akademia-zdrowia.pl\/lodz\/wp-json\/wp\/v2\/comments?post=12644"}],"version-history":[{"count":11,"href":"https:\/\/akademia-zdrowia.pl\/lodz\/wp-json\/wp\/v2\/pages\/12644\/revisions"}],"predecessor-version":[{"id":16697,"href":"https:\/\/akademia-zdrowia.pl\/lodz\/wp-json\/wp\/v2\/pages\/12644\/revisions\/16697"}],"up":[{"embeddable":true,"href":"https:\/\/akademia-zdrowia.pl\/lodz\/wp-json\/wp\/v2\/pages\/45"}],"wp:attachment":[{"href":"https:\/\/akademia-zdrowia.pl\/lodz\/wp-json\/wp\/v2\/media?parent=12644"}],"curies":[{"name":"wp","href":"https:\/\/api.w.org\/{rel}","templated":true}]}}