{"id":12820,"date":"2024-08-22T20:34:29","date_gmt":"2024-08-22T18:34:29","guid":{"rendered":"https:\/\/akademia-zdrowia.pl\/lodz\/?page_id=12820"},"modified":"2024-08-22T21:01:19","modified_gmt":"2024-08-22T19:01:19","slug":"standardy-ochrony-maloletnich","status":"publish","type":"page","link":"https:\/\/akademia-zdrowia.pl\/lodz\/szkoly-mlodziezowe-stacjonarne\/standardy-ochrony-maloletnich\/","title":{"rendered":"Standardy ochrony ma\u0142oletnich"},"content":{"rendered":"\t\t<div data-elementor-type=\"wp-page\" data-elementor-id=\"12820\" class=\"elementor elementor-12820\" data-elementor-post-type=\"page\">\n\t\t\t\t\t\t<section class=\"elementor-section elementor-top-section elementor-element elementor-element-1388d5f elementor-section-boxed elementor-section-height-default elementor-section-height-default\" data-id=\"1388d5f\" data-element_type=\"section\" data-e-type=\"section\">\n\t\t\t\t\t\t<div class=\"elementor-container elementor-column-gap-default\">\n\t\t\t\t\t<div class=\"elementor-column elementor-col-100 elementor-top-column elementor-element elementor-element-43e724f\" data-id=\"43e724f\" data-element_type=\"column\" data-e-type=\"column\">\n\t\t\t<div class=\"elementor-widget-wrap elementor-element-populated\">\n\t\t\t\t\t\t<div class=\"elementor-element elementor-element-376eb29 elementor-widget elementor-widget-text-editor\" data-id=\"376eb29\" data-element_type=\"widget\" data-e-type=\"widget\" data-widget_type=\"text-editor.default\">\n\t\t\t\t<div class=\"elementor-widget-container\">\n\t\t\t\t\t\t\t\t\t<p><a href=\"https:\/\/akademia-zdrowia.pl\/lodz\/wp-content\/uploads\/2024\/08\/SKM_C454e24082218140.pdf\">Standardy ochrony ma\u0142oletnich &#8211; pobierz plik<\/a><\/p>\t\t\t\t\t\t\t\t<\/div>\n\t\t\t\t<\/div>\n\t\t\t\t\t<\/div>\n\t\t<\/div>\n\t\t\t\t\t<\/div>\n\t\t<\/section>\n\t\t\t\t<\/div>\n\t\t","protected":false},"excerpt":{"rendered":"<p>Standardy ochrony ma\u0142oletnich &#8211; pobierz plik<\/p>\n","protected":false},"author":3,"featured_media":0,"parent":45,"menu_order":0,"comment_status":"closed","ping_status":"closed","template":"","meta":{"footnotes":""},"class_list":["post-12820","page","type-page","status-publish","hentry"],"yoast_head":"<!-- This site is optimized with the Yoast SEO Premium plugin v18.9 (Yoast SEO v27.2) - https:\/\/yoast.com\/product\/yoast-seo-premium-wordpress\/ -->\n<title>Standardy ochrony ma\u0142oletnich - Akademia Zdrowia \u0141\u00f3d\u017a - Kursy zawodowe, szko\u0142y policealne, szko\u0142y dla doros\u0142ych<\/title>\n<meta name=\"description\" content=\"Standardy ochrony ma\u0142oletnich - pobierz plik\" \/>\n<meta name=\"robots\" content=\"index, follow, max-snippet:-1, max-image-preview:large, max-video-preview:-1\" \/>\n<link rel=\"canonical\" href=\"https:\/\/akademia-zdrowia.pl\/lodz\/szkoly-mlodziezowe-stacjonarne\/standardy-ochrony-maloletnich\/\" \/>\n<meta property=\"og:locale\" content=\"pl_PL\" \/>\n<meta property=\"og:type\" content=\"article\" \/>\n<meta property=\"og:title\" content=\"Standardy ochrony ma\u0142oletnich\" \/>\n<meta property=\"og:description\" content=\"Standardy ochrony ma\u0142oletnich - pobierz plik\" \/>\n<meta property=\"og:url\" content=\"https:\/\/akademia-zdrowia.pl\/lodz\/szkoly-mlodziezowe-stacjonarne\/standardy-ochrony-maloletnich\/\" \/>\n<meta property=\"og:site_name\" content=\"Akademia Zdrowia \u0141\u00f3d\u017a\" \/>\n<meta property=\"article:modified_time\" content=\"2024-08-22T19:01:19+00:00\" \/>\n<meta name=\"twitter:card\" content=\"summary_large_image\" \/>\n<meta name=\"twitter:label1\" content=\"Szacowany czas czytania\" \/>\n\t<meta name=\"twitter:data1\" content=\"1 minuta\" \/>\n<script type=\"application\/ld+json\" class=\"yoast-schema-graph\">{\"@context\":\"https:\/\/schema.org\",\"@graph\":[{\"@type\":\"WebPage\",\"@id\":\"https:\/\/akademia-zdrowia.pl\/lodz\/szkoly-mlodziezowe-stacjonarne\/standardy-ochrony-maloletnich\/\",\"url\":\"https:\/\/akademia-zdrowia.pl\/lodz\/szkoly-mlodziezowe-stacjonarne\/standardy-ochrony-maloletnich\/\",\"name\":\"Standardy ochrony ma\u0142oletnich - Akademia Zdrowia \u0141\u00f3d\u017a - Kursy zawodowe, szko\u0142y policealne, szko\u0142y dla doros\u0142ych\",\"isPartOf\":{\"@id\":\"https:\/\/akademia-zdrowia.pl\/lodz\/#website\"},\"datePublished\":\"2024-08-22T18:34:29+00:00\",\"dateModified\":\"2024-08-22T19:01:19+00:00\",\"description\":\"Standardy ochrony ma\u0142oletnich - pobierz plik\",\"breadcrumb\":{\"@id\":\"https:\/\/akademia-zdrowia.pl\/lodz\/szkoly-mlodziezowe-stacjonarne\/standardy-ochrony-maloletnich\/#breadcrumb\"},\"inLanguage\":\"pl-PL\",\"potentialAction\":[{\"@type\":\"ReadAction\",\"target\":[\"https:\/\/akademia-zdrowia.pl\/lodz\/szkoly-mlodziezowe-stacjonarne\/standardy-ochrony-maloletnich\/\"]}]},{\"@type\":\"BreadcrumbList\",\"@id\":\"https:\/\/akademia-zdrowia.pl\/lodz\/szkoly-mlodziezowe-stacjonarne\/standardy-ochrony-maloletnich\/#breadcrumb\",\"itemListElement\":[{\"@type\":\"ListItem\",\"position\":1,\"name\":\"Strona g\u0142\u00f3wna\",\"item\":\"https:\/\/akademia-zdrowia.pl\/lodz\/\"},{\"@type\":\"ListItem\",\"position\":2,\"name\":\"Szko\u0142y m\u0142odzie\u017cowe stacjonarne\",\"item\":\"https:\/\/akademia-zdrowia.pl\/lodz\/szkoly-mlodziezowe-stacjonarne\/\"},{\"@type\":\"ListItem\",\"position\":3,\"name\":\"Standardy ochrony ma\u0142oletnich\"}]},{\"@type\":\"WebSite\",\"@id\":\"https:\/\/akademia-zdrowia.pl\/lodz\/#website\",\"url\":\"https:\/\/akademia-zdrowia.pl\/lodz\/\",\"name\":\"Akademia Zdrowia \u0141\u00f3d\u017a\",\"description\":\"\",\"potentialAction\":[{\"@type\":\"SearchAction\",\"target\":{\"@type\":\"EntryPoint\",\"urlTemplate\":\"https:\/\/akademia-zdrowia.pl\/lodz\/?s={search_term_string}\"},\"query-input\":{\"@type\":\"PropertyValueSpecification\",\"valueRequired\":true,\"valueName\":\"search_term_string\"}}],\"inLanguage\":\"pl-PL\"}]}<\/script>\n<!-- \/ Yoast SEO Premium plugin. -->","yoast_head_json":{"title":"Standardy ochrony ma\u0142oletnich - Akademia Zdrowia \u0141\u00f3d\u017a - Kursy zawodowe, szko\u0142y policealne, szko\u0142y dla doros\u0142ych","description":"Standardy ochrony ma\u0142oletnich - pobierz plik","robots":{"index":"index","follow":"follow","max-snippet":"max-snippet:-1","max-image-preview":"max-image-preview:large","max-video-preview":"max-video-preview:-1"},"canonical":"https:\/\/akademia-zdrowia.pl\/lodz\/szkoly-mlodziezowe-stacjonarne\/standardy-ochrony-maloletnich\/","og_locale":"pl_PL","og_type":"article","og_title":"Standardy ochrony ma\u0142oletnich","og_description":"Standardy ochrony ma\u0142oletnich - pobierz plik","og_url":"https:\/\/akademia-zdrowia.pl\/lodz\/szkoly-mlodziezowe-stacjonarne\/standardy-ochrony-maloletnich\/","og_site_name":"Akademia Zdrowia \u0141\u00f3d\u017a","article_modified_time":"2024-08-22T19:01:19+00:00","twitter_card":"summary_large_image","twitter_misc":{"Szacowany czas czytania":"1 minuta"},"schema":{"@context":"https:\/\/schema.org","@graph":[{"@type":"WebPage","@id":"https:\/\/akademia-zdrowia.pl\/lodz\/szkoly-mlodziezowe-stacjonarne\/standardy-ochrony-maloletnich\/","url":"https:\/\/akademia-zdrowia.pl\/lodz\/szkoly-mlodziezowe-stacjonarne\/standardy-ochrony-maloletnich\/","name":"Standardy ochrony ma\u0142oletnich - Akademia Zdrowia \u0141\u00f3d\u017a - Kursy zawodowe, szko\u0142y policealne, szko\u0142y dla doros\u0142ych","isPartOf":{"@id":"https:\/\/akademia-zdrowia.pl\/lodz\/#website"},"datePublished":"2024-08-22T18:34:29+00:00","dateModified":"2024-08-22T19:01:19+00:00","description":"Standardy ochrony ma\u0142oletnich - pobierz plik","breadcrumb":{"@id":"https:\/\/akademia-zdrowia.pl\/lodz\/szkoly-mlodziezowe-stacjonarne\/standardy-ochrony-maloletnich\/#breadcrumb"},"inLanguage":"pl-PL","potentialAction":[{"@type":"ReadAction","target":["https:\/\/akademia-zdrowia.pl\/lodz\/szkoly-mlodziezowe-stacjonarne\/standardy-ochrony-maloletnich\/"]}]},{"@type":"BreadcrumbList","@id":"https:\/\/akademia-zdrowia.pl\/lodz\/szkoly-mlodziezowe-stacjonarne\/standardy-ochrony-maloletnich\/#breadcrumb","itemListElement":[{"@type":"ListItem","position":1,"name":"Strona g\u0142\u00f3wna","item":"https:\/\/akademia-zdrowia.pl\/lodz\/"},{"@type":"ListItem","position":2,"name":"Szko\u0142y m\u0142odzie\u017cowe stacjonarne","item":"https:\/\/akademia-zdrowia.pl\/lodz\/szkoly-mlodziezowe-stacjonarne\/"},{"@type":"ListItem","position":3,"name":"Standardy ochrony ma\u0142oletnich"}]},{"@type":"WebSite","@id":"https:\/\/akademia-zdrowia.pl\/lodz\/#website","url":"https:\/\/akademia-zdrowia.pl\/lodz\/","name":"Akademia Zdrowia \u0141\u00f3d\u017a","description":"","potentialAction":[{"@type":"SearchAction","target":{"@type":"EntryPoint","urlTemplate":"https:\/\/akademia-zdrowia.pl\/lodz\/?s={search_term_string}"},"query-input":{"@type":"PropertyValueSpecification","valueRequired":true,"valueName":"search_term_string"}}],"inLanguage":"pl-PL"}]}},"_links":{"self":[{"href":"https:\/\/akademia-zdrowia.pl\/lodz\/wp-json\/wp\/v2\/pages\/12820","targetHints":{"allow":["GET"]}}],"collection":[{"href":"https:\/\/akademia-zdrowia.pl\/lodz\/wp-json\/wp\/v2\/pages"}],"about":[{"href":"https:\/\/akademia-zdrowia.pl\/lodz\/wp-json\/wp\/v2\/types\/page"}],"author":[{"embeddable":true,"href":"https:\/\/akademia-zdrowia.pl\/lodz\/wp-json\/wp\/v2\/users\/3"}],"replies":[{"embeddable":true,"href":"https:\/\/akademia-zdrowia.pl\/lodz\/wp-json\/wp\/v2\/comments?post=12820"}],"version-history":[{"count":11,"href":"https:\/\/akademia-zdrowia.pl\/lodz\/wp-json\/wp\/v2\/pages\/12820\/revisions"}],"predecessor-version":[{"id":17163,"href":"https:\/\/akademia-zdrowia.pl\/lodz\/wp-json\/wp\/v2\/pages\/12820\/revisions\/17163"}],"up":[{"embeddable":true,"href":"https:\/\/akademia-zdrowia.pl\/lodz\/wp-json\/wp\/v2\/pages\/45"}],"wp:attachment":[{"href":"https:\/\/akademia-zdrowia.pl\/lodz\/wp-json\/wp\/v2\/media?parent=12820"}],"curies":[{"name":"wp","href":"https:\/\/api.w.org\/{rel}","templated":true}]}}