{"id":15321,"date":"2024-10-17T10:01:28","date_gmt":"2024-10-17T08:01:28","guid":{"rendered":"https:\/\/akademia-zdrowia.pl\/lodz\/?page_id=15321"},"modified":"2024-10-22T10:38:08","modified_gmt":"2024-10-22T08:38:08","slug":"szkolenia-z-dofinansowaniem","status":"publish","type":"page","link":"https:\/\/akademia-zdrowia.pl\/lodz\/oferta-szkoleniowa\/szkolenia-z-dofinansowaniem\/","title":{"rendered":"Szkolenia z dofinansowaniem"},"content":{"rendered":"\t\t<div data-elementor-type=\"wp-page\" data-elementor-id=\"15321\" class=\"elementor elementor-15321\" data-elementor-post-type=\"page\">\n\t\t\t\t\t\t<section class=\"elementor-section elementor-top-section elementor-element elementor-element-5a78983 elementor-section-boxed elementor-section-height-default elementor-section-height-default\" data-id=\"5a78983\" data-element_type=\"section\" data-e-type=\"section\">\n\t\t\t\t\t\t<div class=\"elementor-container elementor-column-gap-default\">\n\t\t\t\t\t<div class=\"elementor-column elementor-col-100 elementor-top-column elementor-element elementor-element-be3eb90\" data-id=\"be3eb90\" data-element_type=\"column\" data-e-type=\"column\">\n\t\t\t<div class=\"elementor-widget-wrap elementor-element-populated\">\n\t\t\t\t\t\t<div class=\"elementor-element elementor-element-eadda01 elementor-widget elementor-widget-rs-heading\" data-id=\"eadda01\" data-element_type=\"widget\" data-e-type=\"widget\" data-widget_type=\"rs-heading.default\">\n\t\t\t\t<div class=\"elementor-widget-container\">\n\t\t\t\t\t        <div class=\"rs-heading default \">\r\n        \t<div class=\"title-inner\">\r\n        \t\t      \t\t\r\n\t            <span class=\"sub-text \">AKADEMIA ZDROWIA TW\u00d3J PARTNER W ROZWOJU<\/span><h1 class=\"title\"><span class=\"watermark\"><\/span>Szkolenia z dofinansowaniem<\/h1>\t        <\/div>\r\n\t                <\/div>\r\n        \t\t\t\t<\/div>\n\t\t\t\t<\/div>\n\t\t\t\t\t<\/div>\n\t\t<\/div>\n\t\t\t\t\t<\/div>\n\t\t<\/section>\n\t\t\t\t<section class=\"elementor-section elementor-top-section elementor-element elementor-element-b1a9224 elementor-section-boxed elementor-section-height-default elementor-section-height-default\" data-id=\"b1a9224\" data-element_type=\"section\" data-e-type=\"section\">\n\t\t\t\t\t\t<div class=\"elementor-container elementor-column-gap-default\">\n\t\t\t\t\t<div class=\"elementor-column elementor-col-25 elementor-top-column elementor-element elementor-element-2165157\" data-id=\"2165157\" data-element_type=\"column\" data-e-type=\"column\">\n\t\t\t<div class=\"elementor-widget-wrap elementor-element-populated\">\n\t\t\t\t\t\t<div class=\"elementor-element elementor-element-d166188 elementor-widget elementor-widget-rs-image-hover-effect\" data-id=\"d166188\" data-element_type=\"widget\" data-e-type=\"widget\" data-widget_type=\"rs-image-hover-effect.default\">\n\t\t\t\t<div class=\"elementor-widget-container\">\n\t\t\t\t\t\n        <div class=\"rs-image-hover-effect\">\n       \n                   \n\n            <div class=\"animation-effect default\">\n                \n                        \n                <div class=\"image-part\">\n                                            <div class=\"image-overlay\"><\/div>\n                                        <img fetchpriority=\"high\" decoding=\"async\" width=\"640\" height=\"426\" src=\"https:\/\/akademia-zdrowia.pl\/lodz\/wp-content\/uploads\/2024\/10\/ksztalcenie-ustawiczne-1-768x511.png\" class=\"attachment-medium_large size-medium_large\" alt=\"\" srcset=\"https:\/\/akademia-zdrowia.pl\/lodz\/wp-content\/uploads\/2024\/10\/ksztalcenie-ustawiczne-1-768x511.png 768w, https:\/\/akademia-zdrowia.pl\/lodz\/wp-content\/uploads\/2024\/10\/ksztalcenie-ustawiczne-1-300x200.png 300w, https:\/\/akademia-zdrowia.pl\/lodz\/wp-content\/uploads\/2024\/10\/ksztalcenie-ustawiczne-1-500x333.png 500w, https:\/\/akademia-zdrowia.pl\/lodz\/wp-content\/uploads\/2024\/10\/ksztalcenie-ustawiczne-1.png 1000w\" sizes=\"(max-width: 640px) 100vw, 640px\" \/> \n\n                                        <\/div>\n                                    <div class=\"image-content\">\n                         \n                         \n                                                    <div class=\"title-part\">\n                                                            \n                                <div class=\"image-title-part\">\n                                    <h2  class=\"image-title\"> <a href=\"https:\/\/akademia-zdrowia.pl\/lodz\/oferta-szkoleniowa\/projekty-unijne\/\" > Projekty unijne<\/a><\/h2>\n                                <\/div>\n                            <\/div>\n                            \n                            \n                                                            <div class=\"button-part top\">\n                                                                        <a class=\"btn-text image-btn icon-after\" href=\"https:\/\/akademia-zdrowia.pl\/lodz\/oferta-szkoleniowa\/projekty-unijne\/\" >             \n                                        <span class=\"btn-text\"> Zobacz szczeg\u00f3\u0142y<\/span>\n                                                                                    <i class=\"fa fa fa-angle-right\"><\/i>\n                                                                            <\/a>\n                                <\/div>\n                                                <\/div>                   \n                            <\/div>\n        <\/div>        \n    \t\t\t\t<\/div>\n\t\t\t\t<\/div>\n\t\t\t\t\t<\/div>\n\t\t<\/div>\n\t\t\t\t<div class=\"elementor-column elementor-col-25 elementor-top-column elementor-element elementor-element-0ff5b1f\" data-id=\"0ff5b1f\" data-element_type=\"column\" data-e-type=\"column\">\n\t\t\t<div class=\"elementor-widget-wrap elementor-element-populated\">\n\t\t\t\t\t\t<div class=\"elementor-element elementor-element-fcff1e4 elementor-widget elementor-widget-rs-image-hover-effect\" data-id=\"fcff1e4\" data-element_type=\"widget\" data-e-type=\"widget\" data-widget_type=\"rs-image-hover-effect.default\">\n\t\t\t\t<div class=\"elementor-widget-container\">\n\t\t\t\t\t\n        <div class=\"rs-image-hover-effect\">\n       \n                   \n\n            <div class=\"animation-effect default\">\n                \n                        \n                <div class=\"image-part\">\n                                            <div class=\"image-overlay\"><\/div>\n                                        <img decoding=\"async\" width=\"640\" height=\"426\" src=\"https:\/\/akademia-zdrowia.pl\/lodz\/wp-content\/uploads\/2024\/10\/pracownik-biurowy-1-768x511.png\" class=\"attachment-medium_large size-medium_large\" alt=\"\" srcset=\"https:\/\/akademia-zdrowia.pl\/lodz\/wp-content\/uploads\/2024\/10\/pracownik-biurowy-1-768x511.png 768w, https:\/\/akademia-zdrowia.pl\/lodz\/wp-content\/uploads\/2024\/10\/pracownik-biurowy-1-300x200.png 300w, https:\/\/akademia-zdrowia.pl\/lodz\/wp-content\/uploads\/2024\/10\/pracownik-biurowy-1-500x333.png 500w, https:\/\/akademia-zdrowia.pl\/lodz\/wp-content\/uploads\/2024\/10\/pracownik-biurowy-1.png 1000w\" sizes=\"(max-width: 640px) 100vw, 640px\" \/> \n\n                                        <\/div>\n                                    <div class=\"image-content\">\n                         \n                         \n                                                    <div class=\"title-part\">\n                                                            \n                                <div class=\"image-title-part\">\n                                    <h2  class=\"image-title\"> <a href=\"https:\/\/akademia-zdrowia.pl\/lodz\/oferta-szkoleniowa\/dofinansowanie-bezplatne-szkolenia\/\" > Projekty z dofinansowaniem - bezp\u0142atne<\/a><\/h2>\n                                <\/div>\n                            <\/div>\n                            \n                            \n                                                            <div class=\"button-part top\">\n                                                                        <a class=\"btn-text image-btn icon-after\" href=\"https:\/\/akademia-zdrowia.pl\/lodz\/oferta-szkoleniowa\/dofinansowanie-bezplatne-szkolenia\/\" >             \n                                        <span class=\"btn-text\"> Zobacz szczeg\u00f3\u0142y<\/span>\n                                                                                    <i class=\"fa fa fa-angle-right\"><\/i>\n                                                                            <\/a>\n                                <\/div>\n                                                <\/div>                   \n                            <\/div>\n        <\/div>        \n    \t\t\t\t<\/div>\n\t\t\t\t<\/div>\n\t\t\t\t\t<\/div>\n\t\t<\/div>\n\t\t\t\t<div class=\"elementor-column elementor-col-25 elementor-top-column elementor-element elementor-element-1e99a9d\" data-id=\"1e99a9d\" data-element_type=\"column\" data-e-type=\"column\">\n\t\t\t<div class=\"elementor-widget-wrap\">\n\t\t\t\t\t\t\t<\/div>\n\t\t<\/div>\n\t\t\t\t<div class=\"elementor-column elementor-col-25 elementor-top-column elementor-element elementor-element-9c641e3\" data-id=\"9c641e3\" data-element_type=\"column\" data-e-type=\"column\">\n\t\t\t<div class=\"elementor-widget-wrap\">\n\t\t\t\t\t\t\t<\/div>\n\t\t<\/div>\n\t\t\t\t\t<\/div>\n\t\t<\/section>\n\t\t\t\t<section class=\"elementor-section elementor-top-section elementor-element elementor-element-3e42b1f elementor-section-boxed elementor-section-height-default elementor-section-height-default\" data-id=\"3e42b1f\" data-element_type=\"section\" data-e-type=\"section\" data-settings=\"{&quot;background_background&quot;:&quot;classic&quot;}\">\n\t\t\t\t\t\t<div class=\"elementor-container elementor-column-gap-default\">\n\t\t\t\t\t<div class=\"elementor-column elementor-col-50 elementor-top-column elementor-element elementor-element-55fb52f\" data-id=\"55fb52f\" data-element_type=\"column\" data-e-type=\"column\">\n\t\t\t<div class=\"elementor-widget-wrap elementor-element-populated\">\n\t\t\t\t\t\t<div class=\"elementor-element elementor-element-d4d31d7 elementor-widget-mobile__width-initial elementor-widget elementor-widget-rs-heading\" data-id=\"d4d31d7\" data-element_type=\"widget\" data-e-type=\"widget\" data-widget_type=\"rs-heading.default\">\n\t\t\t\t<div class=\"elementor-widget-container\">\n\t\t\t\t\t        <div class=\"rs-heading default \">\r\n        \t<div class=\"title-inner\">\r\n        \t\t      \t\t\r\n\t            <span class=\"sub-text \">SZUKASZ SZKOLENIA?<\/span><h2 class=\"title\"><span class=\"watermark\"><\/span>Zadzwo\u0144 doradzimy, zorganizujemy, pomo\u017cemy zdoby\u0107 dofinansowanie!<\/h2>\t        <\/div>\r\n\t                <\/div>\r\n        \t\t\t\t<\/div>\n\t\t\t\t<\/div>\n\t\t\t\t<div class=\"elementor-element elementor-element-7b3c37f elementor-widget elementor-widget-text-editor\" data-id=\"7b3c37f\" data-element_type=\"widget\" data-e-type=\"widget\" data-widget_type=\"text-editor.default\">\n\t\t\t\t<div class=\"elementor-widget-container\">\n\t\t\t\t\t\t\t\t\t<p><strong>Od 20 lat specjalizujemy si\u0119 w szkoleniach! <\/strong>Rozszerz swoje kompetencje i zdob\u0105d\u017a nowy zaw\u00f3d. Skontaktuj si\u0119 z nami \u2013 doradzimy, zorganizujemy i pomo\u017cemy w uzyskaniu finansowania!<\/p>\t\t\t\t\t\t\t\t<\/div>\n\t\t\t\t<\/div>\n\t\t\t\t\t<\/div>\n\t\t<\/div>\n\t\t\t\t<div class=\"elementor-column elementor-col-50 elementor-top-column elementor-element elementor-element-a4cfd01\" data-id=\"a4cfd01\" data-element_type=\"column\" data-e-type=\"column\">\n\t\t\t<div class=\"elementor-widget-wrap elementor-element-populated\">\n\t\t\t\t\t\t<div class=\"elementor-element elementor-element-463cab3 elementor-widget elementor-widget-image\" data-id=\"463cab3\" data-element_type=\"widget\" data-e-type=\"widget\" data-widget_type=\"image.default\">\n\t\t\t\t<div class=\"elementor-widget-container\">\n\t\t\t\t\t\t\t\t\t\t\t\t\t\t\t<img decoding=\"async\" width=\"640\" height=\"496\" src=\"https:\/\/akademia-zdrowia.pl\/lodz\/wp-content\/uploads\/2024\/10\/banner-do-o-nas-3-szt_2-1.png\" class=\"attachment-large size-large wp-image-15199\" alt=\"\" srcset=\"https:\/\/akademia-zdrowia.pl\/lodz\/wp-content\/uploads\/2024\/10\/banner-do-o-nas-3-szt_2-1.png 683w, https:\/\/akademia-zdrowia.pl\/lodz\/wp-content\/uploads\/2024\/10\/banner-do-o-nas-3-szt_2-1-300x232.png 300w, https:\/\/akademia-zdrowia.pl\/lodz\/wp-content\/uploads\/2024\/10\/banner-do-o-nas-3-szt_2-1-500x387.png 500w\" sizes=\"(max-width: 640px) 100vw, 640px\" \/>\t\t\t\t\t\t\t\t\t\t\t\t\t\t\t<\/div>\n\t\t\t\t<\/div>\n\t\t\t\t\t<\/div>\n\t\t<\/div>\n\t\t\t\t\t<\/div>\n\t\t<\/section>\n\t\t\t\t<section class=\"elementor-section elementor-top-section elementor-element elementor-element-4d93834 elementor-section-boxed elementor-section-height-default elementor-section-height-default\" data-id=\"4d93834\" data-element_type=\"section\" data-e-type=\"section\" data-settings=\"{&quot;background_background&quot;:&quot;classic&quot;}\">\n\t\t\t\t\t\t<div class=\"elementor-container elementor-column-gap-default\">\n\t\t\t\t\t<div class=\"elementor-column elementor-col-50 elementor-top-column elementor-element elementor-element-09782b1\" data-id=\"09782b1\" data-element_type=\"column\" data-e-type=\"column\" data-settings=\"{&quot;background_background&quot;:&quot;classic&quot;}\">\n\t\t\t<div class=\"elementor-widget-wrap elementor-element-populated\">\n\t\t\t\t\t\t<div class=\"elementor-element elementor-element-ffe5037 elementor-widget-mobile__width-initial elementor-widget elementor-widget-rs-heading\" data-id=\"ffe5037\" data-element_type=\"widget\" data-e-type=\"widget\" data-widget_type=\"rs-heading.default\">\n\t\t\t\t<div class=\"elementor-widget-container\">\n\t\t\t\t\t        <div class=\"rs-heading default \">\r\n        \t<div class=\"title-inner\">\r\n        \t\t      \t\t\r\n\t            <span class=\"sub-text \">MASZ PYTANIA<\/span><h2 class=\"title\"><span class=\"watermark\"><\/span>Skontaktuj  si\u0119 z nami!<\/h2>\t        <\/div>\r\n\t                    \t<div class=\"description\">\r\n            \t\t<p>Jeste\u015bmy tu po to aby Wam pom\u00f3c!\u00a0<\/p>            \t\t\r\n            \t<\/div>\r\n        \t        <\/div>\r\n        \t\t\t\t<\/div>\n\t\t\t\t<\/div>\n\t\t\t\t<div class=\"elementor-element elementor-element-87ec38e elementor-widget elementor-widget-rs-button\" data-id=\"87ec38e\" data-element_type=\"widget\" data-e-type=\"widget\" data-widget_type=\"rs-button.default\">\n\t\t\t\t<div class=\"elementor-widget-container\">\n\t\t\t\t\t\t\r\n\t\t\r\n\t\t<div class=\"rs-view-btn\">\r\n\t\t\t\t\t\t<a class=\"rs-btn rs-btnblack rs-btn-style1\" href=\"tel:+4842%20255%2077%2000\" >\t\t\t\t\r\n\t\t\t\t<span class=\"rs_btn__text\"><span class=\"btn_text\">ZADZWO\u0143 - 42 255 77 00<\/span><\/span>\r\n\t\t\t<\/a>\r\n\t\t<\/div>    \r\n\t\t\t\t\t<\/div>\n\t\t\t\t<\/div>\n\t\t\t\t\t<\/div>\n\t\t<\/div>\n\t\t\t\t<div class=\"elementor-column elementor-col-50 elementor-top-column elementor-element elementor-element-48414e6\" data-id=\"48414e6\" data-element_type=\"column\" data-e-type=\"column\">\n\t\t\t<div class=\"elementor-widget-wrap elementor-element-populated\">\n\t\t\t\t\t\t<div class=\"elementor-element elementor-element-40a40b1 elementor-widget elementor-widget-rs-heading\" data-id=\"40a40b1\" data-element_type=\"widget\" data-e-type=\"widget\" data-widget_type=\"rs-heading.default\">\n\t\t\t\t<div class=\"elementor-widget-container\">\n\t\t\t\t\t        <div class=\"rs-heading default \">\r\n        \t<div class=\"title-inner\">\r\n        \t\t      \t\t\r\n\t            <span class=\"sub-text \">ZAUFANY PARTNER<\/span><h2 class=\"title\"><span class=\"watermark\"><\/span>Dlaczego warto wybra\u0107 nas<\/h2>\t        <\/div>\r\n\t                    \t<div class=\"description\">\r\n            \t\t<p>Zaufaj naszemu wieloletniemu do\u015bwiadczeniu i zespo\u0142owi specjalist\u00f3w. Oferujemy profesjonalne szkolenia, kt\u00f3re pomog\u0105 rozwija\u0107 Tw\u00f3j biznes. Wybieraj\u0105c nas, inwestujesz w sprawdzonego partnera, kt\u00f3ry wspiera sukces Twojej firmy. Skontaktuj si\u0119 z nami i zacznij rozwija\u0107 si\u0119 razem z nami!<\/p>            \t\t\r\n            \t<\/div>\r\n        \t        <\/div>\r\n        \t\t\t\t<\/div>\n\t\t\t\t<\/div>\n\t\t\t\t\t<\/div>\n\t\t<\/div>\n\t\t\t\t\t<\/div>\n\t\t<\/section>\n\t\t\t\t<\/div>\n\t\t","protected":false},"excerpt":{"rendered":"<p>AKADEMIA ZDROWIA TW\u00d3J PARTNER W ROZWOJU Szkolenia z dofinansowaniem Projekty unijne Zobacz szczeg\u00f3\u0142y Projekty z dofinansowaniem &#8211; bezp\u0142atne Zobacz szczeg\u00f3\u0142y SZUKASZ SZKOLENIA? Zadzwo\u0144 doradzimy, zorganizujemy, pomo\u017cemy zdoby\u0107 dofinansowanie! Od 20 lat specjalizujemy si\u0119 w szkoleniach! Rozszerz swoje kompetencje i zdob\u0105d\u017a nowy zaw\u00f3d. Skontaktuj si\u0119 z nami \u2013 doradzimy, zorganizujemy i pomo\u017cemy w uzyskaniu finansowania! MASZ&#8230;<\/p>\n","protected":false},"author":3,"featured_media":0,"parent":29,"menu_order":0,"comment_status":"closed","ping_status":"closed","template":"","meta":{"footnotes":""},"class_list":["post-15321","page","type-page","status-publish","hentry"],"yoast_head":"<!-- This site is optimized with the Yoast SEO Premium plugin v18.9 (Yoast SEO v27.2) - https:\/\/yoast.com\/product\/yoast-seo-premium-wordpress\/ -->\n<title>Szkolenia z dofinansowaniem - Akademia Zdrowia \u0141\u00f3d\u017a - Kursy zawodowe, szko\u0142y policealne, szko\u0142y dla doros\u0142ych<\/title>\n<meta name=\"description\" content=\"AKADEMIA ZDROWIA TW\u00d3J PARTNER W ROZWOJUSzkolenia z dofinansowaniem Projekty unijne Zobacz szczeg\u00f3\u0142y Projekty z dofinansowaniem - bezp\u0142atne Zobacz\" \/>\n<meta name=\"robots\" content=\"index, follow, max-snippet:-1, max-image-preview:large, max-video-preview:-1\" \/>\n<link rel=\"canonical\" href=\"https:\/\/akademia-zdrowia.pl\/lodz\/oferta-szkoleniowa\/szkolenia-z-dofinansowaniem\/\" \/>\n<meta property=\"og:locale\" content=\"pl_PL\" \/>\n<meta property=\"og:type\" content=\"article\" \/>\n<meta property=\"og:title\" content=\"Szkolenia z dofinansowaniem\" \/>\n<meta property=\"og:description\" content=\"AKADEMIA ZDROWIA TW\u00d3J PARTNER W ROZWOJUSzkolenia z dofinansowaniem Projekty unijne Zobacz szczeg\u00f3\u0142y Projekty z dofinansowaniem - bezp\u0142atne Zobacz\" \/>\n<meta property=\"og:url\" content=\"https:\/\/akademia-zdrowia.pl\/lodz\/oferta-szkoleniowa\/szkolenia-z-dofinansowaniem\/\" \/>\n<meta property=\"og:site_name\" content=\"Akademia Zdrowia \u0141\u00f3d\u017a\" \/>\n<meta property=\"article:modified_time\" content=\"2024-10-22T08:38:08+00:00\" \/>\n<meta property=\"og:image\" content=\"https:\/\/akademia-zdrowia.pl\/lodz\/wp-content\/uploads\/2024\/10\/ksztalcenie-ustawiczne-1-768x511.png\" \/>\n<meta name=\"twitter:card\" content=\"summary_large_image\" \/>\n<meta name=\"twitter:label1\" content=\"Szacowany czas czytania\" \/>\n\t<meta name=\"twitter:data1\" content=\"2 minuty\" \/>\n<script type=\"application\/ld+json\" class=\"yoast-schema-graph\">{\"@context\":\"https:\/\/schema.org\",\"@graph\":[{\"@type\":\"WebPage\",\"@id\":\"https:\/\/akademia-zdrowia.pl\/lodz\/oferta-szkoleniowa\/szkolenia-z-dofinansowaniem\/\",\"url\":\"https:\/\/akademia-zdrowia.pl\/lodz\/oferta-szkoleniowa\/szkolenia-z-dofinansowaniem\/\",\"name\":\"Szkolenia z dofinansowaniem - Akademia Zdrowia \u0141\u00f3d\u017a - Kursy zawodowe, szko\u0142y policealne, szko\u0142y dla doros\u0142ych\",\"isPartOf\":{\"@id\":\"https:\/\/akademia-zdrowia.pl\/lodz\/#website\"},\"primaryImageOfPage\":{\"@id\":\"https:\/\/akademia-zdrowia.pl\/lodz\/oferta-szkoleniowa\/szkolenia-z-dofinansowaniem\/#primaryimage\"},\"image\":{\"@id\":\"https:\/\/akademia-zdrowia.pl\/lodz\/oferta-szkoleniowa\/szkolenia-z-dofinansowaniem\/#primaryimage\"},\"thumbnailUrl\":\"https:\/\/akademia-zdrowia.pl\/lodz\/wp-content\/uploads\/2024\/10\/ksztalcenie-ustawiczne-1-768x511.png\",\"datePublished\":\"2024-10-17T08:01:28+00:00\",\"dateModified\":\"2024-10-22T08:38:08+00:00\",\"description\":\"AKADEMIA ZDROWIA TW\u00d3J PARTNER W ROZWOJUSzkolenia z dofinansowaniem Projekty unijne Zobacz szczeg\u00f3\u0142y Projekty z dofinansowaniem - bezp\u0142atne Zobacz\",\"breadcrumb\":{\"@id\":\"https:\/\/akademia-zdrowia.pl\/lodz\/oferta-szkoleniowa\/szkolenia-z-dofinansowaniem\/#breadcrumb\"},\"inLanguage\":\"pl-PL\",\"potentialAction\":[{\"@type\":\"ReadAction\",\"target\":[\"https:\/\/akademia-zdrowia.pl\/lodz\/oferta-szkoleniowa\/szkolenia-z-dofinansowaniem\/\"]}]},{\"@type\":\"ImageObject\",\"inLanguage\":\"pl-PL\",\"@id\":\"https:\/\/akademia-zdrowia.pl\/lodz\/oferta-szkoleniowa\/szkolenia-z-dofinansowaniem\/#primaryimage\",\"url\":\"https:\/\/akademia-zdrowia.pl\/lodz\/wp-content\/uploads\/2024\/10\/ksztalcenie-ustawiczne-1.png\",\"contentUrl\":\"https:\/\/akademia-zdrowia.pl\/lodz\/wp-content\/uploads\/2024\/10\/ksztalcenie-ustawiczne-1.png\",\"width\":1000,\"height\":666},{\"@type\":\"BreadcrumbList\",\"@id\":\"https:\/\/akademia-zdrowia.pl\/lodz\/oferta-szkoleniowa\/szkolenia-z-dofinansowaniem\/#breadcrumb\",\"itemListElement\":[{\"@type\":\"ListItem\",\"position\":1,\"name\":\"Strona g\u0142\u00f3wna\",\"item\":\"https:\/\/akademia-zdrowia.pl\/lodz\/\"},{\"@type\":\"ListItem\",\"position\":2,\"name\":\"Oferta szkoleniowa\",\"item\":\"https:\/\/akademia-zdrowia.pl\/lodz\/oferta-szkoleniowa\/\"},{\"@type\":\"ListItem\",\"position\":3,\"name\":\"Szkolenia z dofinansowaniem\"}]},{\"@type\":\"WebSite\",\"@id\":\"https:\/\/akademia-zdrowia.pl\/lodz\/#website\",\"url\":\"https:\/\/akademia-zdrowia.pl\/lodz\/\",\"name\":\"Akademia Zdrowia \u0141\u00f3d\u017a\",\"description\":\"\",\"potentialAction\":[{\"@type\":\"SearchAction\",\"target\":{\"@type\":\"EntryPoint\",\"urlTemplate\":\"https:\/\/akademia-zdrowia.pl\/lodz\/?s={search_term_string}\"},\"query-input\":{\"@type\":\"PropertyValueSpecification\",\"valueRequired\":true,\"valueName\":\"search_term_string\"}}],\"inLanguage\":\"pl-PL\"}]}<\/script>\n<!-- \/ Yoast SEO Premium plugin. -->","yoast_head_json":{"title":"Szkolenia z dofinansowaniem - Akademia Zdrowia \u0141\u00f3d\u017a - Kursy zawodowe, szko\u0142y policealne, szko\u0142y dla doros\u0142ych","description":"AKADEMIA ZDROWIA TW\u00d3J PARTNER W ROZWOJUSzkolenia z dofinansowaniem Projekty unijne Zobacz szczeg\u00f3\u0142y Projekty z dofinansowaniem - bezp\u0142atne Zobacz","robots":{"index":"index","follow":"follow","max-snippet":"max-snippet:-1","max-image-preview":"max-image-preview:large","max-video-preview":"max-video-preview:-1"},"canonical":"https:\/\/akademia-zdrowia.pl\/lodz\/oferta-szkoleniowa\/szkolenia-z-dofinansowaniem\/","og_locale":"pl_PL","og_type":"article","og_title":"Szkolenia z dofinansowaniem","og_description":"AKADEMIA ZDROWIA TW\u00d3J PARTNER W ROZWOJUSzkolenia z dofinansowaniem Projekty unijne Zobacz szczeg\u00f3\u0142y Projekty z dofinansowaniem - bezp\u0142atne Zobacz","og_url":"https:\/\/akademia-zdrowia.pl\/lodz\/oferta-szkoleniowa\/szkolenia-z-dofinansowaniem\/","og_site_name":"Akademia Zdrowia \u0141\u00f3d\u017a","article_modified_time":"2024-10-22T08:38:08+00:00","og_image":[{"url":"https:\/\/akademia-zdrowia.pl\/lodz\/wp-content\/uploads\/2024\/10\/ksztalcenie-ustawiczne-1-768x511.png","type":"","width":"","height":""}],"twitter_card":"summary_large_image","twitter_misc":{"Szacowany czas czytania":"2 minuty"},"schema":{"@context":"https:\/\/schema.org","@graph":[{"@type":"WebPage","@id":"https:\/\/akademia-zdrowia.pl\/lodz\/oferta-szkoleniowa\/szkolenia-z-dofinansowaniem\/","url":"https:\/\/akademia-zdrowia.pl\/lodz\/oferta-szkoleniowa\/szkolenia-z-dofinansowaniem\/","name":"Szkolenia z dofinansowaniem - Akademia Zdrowia \u0141\u00f3d\u017a - Kursy zawodowe, szko\u0142y policealne, szko\u0142y dla doros\u0142ych","isPartOf":{"@id":"https:\/\/akademia-zdrowia.pl\/lodz\/#website"},"primaryImageOfPage":{"@id":"https:\/\/akademia-zdrowia.pl\/lodz\/oferta-szkoleniowa\/szkolenia-z-dofinansowaniem\/#primaryimage"},"image":{"@id":"https:\/\/akademia-zdrowia.pl\/lodz\/oferta-szkoleniowa\/szkolenia-z-dofinansowaniem\/#primaryimage"},"thumbnailUrl":"https:\/\/akademia-zdrowia.pl\/lodz\/wp-content\/uploads\/2024\/10\/ksztalcenie-ustawiczne-1-768x511.png","datePublished":"2024-10-17T08:01:28+00:00","dateModified":"2024-10-22T08:38:08+00:00","description":"AKADEMIA ZDROWIA TW\u00d3J PARTNER W ROZWOJUSzkolenia z dofinansowaniem Projekty unijne Zobacz szczeg\u00f3\u0142y Projekty z dofinansowaniem - bezp\u0142atne Zobacz","breadcrumb":{"@id":"https:\/\/akademia-zdrowia.pl\/lodz\/oferta-szkoleniowa\/szkolenia-z-dofinansowaniem\/#breadcrumb"},"inLanguage":"pl-PL","potentialAction":[{"@type":"ReadAction","target":["https:\/\/akademia-zdrowia.pl\/lodz\/oferta-szkoleniowa\/szkolenia-z-dofinansowaniem\/"]}]},{"@type":"ImageObject","inLanguage":"pl-PL","@id":"https:\/\/akademia-zdrowia.pl\/lodz\/oferta-szkoleniowa\/szkolenia-z-dofinansowaniem\/#primaryimage","url":"https:\/\/akademia-zdrowia.pl\/lodz\/wp-content\/uploads\/2024\/10\/ksztalcenie-ustawiczne-1.png","contentUrl":"https:\/\/akademia-zdrowia.pl\/lodz\/wp-content\/uploads\/2024\/10\/ksztalcenie-ustawiczne-1.png","width":1000,"height":666},{"@type":"BreadcrumbList","@id":"https:\/\/akademia-zdrowia.pl\/lodz\/oferta-szkoleniowa\/szkolenia-z-dofinansowaniem\/#breadcrumb","itemListElement":[{"@type":"ListItem","position":1,"name":"Strona g\u0142\u00f3wna","item":"https:\/\/akademia-zdrowia.pl\/lodz\/"},{"@type":"ListItem","position":2,"name":"Oferta szkoleniowa","item":"https:\/\/akademia-zdrowia.pl\/lodz\/oferta-szkoleniowa\/"},{"@type":"ListItem","position":3,"name":"Szkolenia z dofinansowaniem"}]},{"@type":"WebSite","@id":"https:\/\/akademia-zdrowia.pl\/lodz\/#website","url":"https:\/\/akademia-zdrowia.pl\/lodz\/","name":"Akademia Zdrowia \u0141\u00f3d\u017a","description":"","potentialAction":[{"@type":"SearchAction","target":{"@type":"EntryPoint","urlTemplate":"https:\/\/akademia-zdrowia.pl\/lodz\/?s={search_term_string}"},"query-input":{"@type":"PropertyValueSpecification","valueRequired":true,"valueName":"search_term_string"}}],"inLanguage":"pl-PL"}]}},"_links":{"self":[{"href":"https:\/\/akademia-zdrowia.pl\/lodz\/wp-json\/wp\/v2\/pages\/15321","targetHints":{"allow":["GET"]}}],"collection":[{"href":"https:\/\/akademia-zdrowia.pl\/lodz\/wp-json\/wp\/v2\/pages"}],"about":[{"href":"https:\/\/akademia-zdrowia.pl\/lodz\/wp-json\/wp\/v2\/types\/page"}],"author":[{"embeddable":true,"href":"https:\/\/akademia-zdrowia.pl\/lodz\/wp-json\/wp\/v2\/users\/3"}],"replies":[{"embeddable":true,"href":"https:\/\/akademia-zdrowia.pl\/lodz\/wp-json\/wp\/v2\/comments?post=15321"}],"version-history":[{"count":28,"href":"https:\/\/akademia-zdrowia.pl\/lodz\/wp-json\/wp\/v2\/pages\/15321\/revisions"}],"predecessor-version":[{"id":16268,"href":"https:\/\/akademia-zdrowia.pl\/lodz\/wp-json\/wp\/v2\/pages\/15321\/revisions\/16268"}],"up":[{"embeddable":true,"href":"https:\/\/akademia-zdrowia.pl\/lodz\/wp-json\/wp\/v2\/pages\/29"}],"wp:attachment":[{"href":"https:\/\/akademia-zdrowia.pl\/lodz\/wp-json\/wp\/v2\/media?parent=15321"}],"curies":[{"name":"wp","href":"https:\/\/api.w.org\/{rel}","templated":true}]}}