{"id":1694,"date":"2018-12-20T14:15:48","date_gmt":"2018-12-20T13:15:48","guid":{"rendered":"https:\/\/akademia-zdrowia.pl\/lodz\/?page_id=1694"},"modified":"2021-12-19T20:02:43","modified_gmt":"2021-12-19T19:02:43","slug":"kurs-dla-pielegniarek-i-pracownikow-medycznych","status":"publish","type":"page","link":"https:\/\/akademia-zdrowia.pl\/lodz\/kurs-dla-pielegniarek-i-pracownikow-medycznych\/","title":{"rendered":"KURS  dla piel\u0119gniarek i pracownik\u00f3w medycznych"},"content":{"rendered":"\t\t<div data-elementor-type=\"wp-page\" data-elementor-id=\"1694\" class=\"elementor elementor-1694\" data-elementor-post-type=\"page\">\n\t\t\t\t\t\t<section class=\"elementor-section elementor-top-section elementor-element elementor-element-684d8e8d elementor-section-boxed elementor-section-height-default elementor-section-height-default\" data-id=\"684d8e8d\" data-element_type=\"section\" data-e-type=\"section\">\n\t\t\t\t\t\t<div class=\"elementor-container elementor-column-gap-default\">\n\t\t\t\t\t<div class=\"elementor-column elementor-col-100 elementor-top-column elementor-element elementor-element-3c0ff82e\" data-id=\"3c0ff82e\" data-element_type=\"column\" data-e-type=\"column\">\n\t\t\t<div class=\"elementor-widget-wrap elementor-element-populated\">\n\t\t\t\t\t\t<div class=\"elementor-element elementor-element-41cf91f elementor-widget elementor-widget-text-editor\" data-id=\"41cf91f\" data-element_type=\"widget\" data-e-type=\"widget\" data-widget_type=\"text-editor.default\">\n\t\t\t\t<div class=\"elementor-widget-container\">\n\t\t\t\t\t\t\t\t\t<p>poziom A1 ? A2: 60 h lekcyjnych<\/p>\n<p>2x tygodniowo w blokach 1,5 h (2x 45 min)<\/p>\n<p>J\u0119zyk og\u00f3lny i bran\u017cowy<\/p>\n<p>Mo\u017cliwo\u015b\u0107 zako\u0144czenia szkolenia mi\u0119dzynarodowym egzaminem TOEIC<\/p>\n<p>&#8211; KURS&nbsp; dla piel\u0119gniarek i pracownik\u00f3w medycznych<br>\npoziom B1 ? B2: 60 h lekcyjnych<\/p>\n<p>2x tygodniowo w blokach 1,5 h (2x 45 min)<\/p>\n<p>J\u0119zyk og\u00f3lny i bran\u017cowy&nbsp;<\/p>\n<p>Mo\u017cliwo\u015b\u0107 zako\u0144czenia szkolenia mi\u0119dzynarodowym egzaminem TOEIC<\/p>\t\t\t\t\t\t\t\t<\/div>\n\t\t\t\t<\/div>\n\t\t\t\t\t<\/div>\n\t\t<\/div>\n\t\t\t\t\t<\/div>\n\t\t<\/section>\n\t\t\t\t<\/div>\n\t\t","protected":false},"excerpt":{"rendered":"<p>poziom A1 ? A2: 60 h lekcyjnych 2x tygodniowo w blokach 1,5 h (2x 45 min) J\u0119zyk og\u00f3lny i bran\u017cowy Mo\u017cliwo\u015b\u0107 zako\u0144czenia szkolenia mi\u0119dzynarodowym egzaminem TOEIC &#8211; KURS&nbsp; dla piel\u0119gniarek i pracownik\u00f3w medycznych poziom B1 ? B2: 60 h lekcyjnych 2x tygodniowo w blokach 1,5 h (2x 45 min) J\u0119zyk og\u00f3lny i bran\u017cowy&nbsp; Mo\u017cliwo\u015b\u0107 zako\u0144czenia&#8230;<\/p>\n","protected":false},"author":1,"featured_media":0,"parent":0,"menu_order":0,"comment_status":"closed","ping_status":"closed","template":"","meta":{"footnotes":""},"class_list":["post-1694","page","type-page","status-publish","hentry"],"yoast_head":"<!-- This site is optimized with the Yoast SEO Premium plugin v18.9 (Yoast SEO v27.2) - https:\/\/yoast.com\/product\/yoast-seo-premium-wordpress\/ -->\n<title>KURS dla piel\u0119gniarek i pracownik\u00f3w medycznych - Akademia Zdrowia \u0141\u00f3d\u017a - Kursy zawodowe, szko\u0142y policealne, szko\u0142y dla doros\u0142ych<\/title>\n<meta name=\"description\" content=\"poziom A1 ? A2: 60 h lekcyjnych 2x tygodniowo w blokach 1,5 h (2x 45 min) J\u0119zyk og\u00f3lny i bran\u017cowy Mo\u017cliwo\u015b\u0107 zako\u0144czenia szkolenia mi\u0119dzynarodowym\" \/>\n<meta name=\"robots\" content=\"index, follow, max-snippet:-1, max-image-preview:large, max-video-preview:-1\" \/>\n<link rel=\"canonical\" href=\"https:\/\/akademia-zdrowia.pl\/lodz\/kurs-dla-pielegniarek-i-pracownikow-medycznych\/\" \/>\n<meta property=\"og:locale\" content=\"pl_PL\" \/>\n<meta property=\"og:type\" content=\"article\" \/>\n<meta property=\"og:title\" content=\"KURS dla piel\u0119gniarek i pracownik\u00f3w medycznych\" \/>\n<meta property=\"og:description\" content=\"poziom A1 ? A2: 60 h lekcyjnych 2x tygodniowo w blokach 1,5 h (2x 45 min) J\u0119zyk og\u00f3lny i bran\u017cowy Mo\u017cliwo\u015b\u0107 zako\u0144czenia szkolenia mi\u0119dzynarodowym\" \/>\n<meta property=\"og:url\" content=\"https:\/\/akademia-zdrowia.pl\/lodz\/kurs-dla-pielegniarek-i-pracownikow-medycznych\/\" \/>\n<meta property=\"og:site_name\" content=\"Akademia Zdrowia \u0141\u00f3d\u017a\" \/>\n<meta property=\"article:modified_time\" content=\"2021-12-19T19:02:43+00:00\" \/>\n<meta name=\"twitter:card\" content=\"summary_large_image\" \/>\n<script type=\"application\/ld+json\" class=\"yoast-schema-graph\">{\"@context\":\"https:\/\/schema.org\",\"@graph\":[{\"@type\":\"WebPage\",\"@id\":\"https:\/\/akademia-zdrowia.pl\/lodz\/kurs-dla-pielegniarek-i-pracownikow-medycznych\/\",\"url\":\"https:\/\/akademia-zdrowia.pl\/lodz\/kurs-dla-pielegniarek-i-pracownikow-medycznych\/\",\"name\":\"KURS dla piel\u0119gniarek i pracownik\u00f3w medycznych - Akademia Zdrowia \u0141\u00f3d\u017a - Kursy zawodowe, szko\u0142y policealne, szko\u0142y dla doros\u0142ych\",\"isPartOf\":{\"@id\":\"https:\/\/akademia-zdrowia.pl\/lodz\/#website\"},\"datePublished\":\"2018-12-20T13:15:48+00:00\",\"dateModified\":\"2021-12-19T19:02:43+00:00\",\"description\":\"poziom A1 ? A2: 60 h lekcyjnych 2x tygodniowo w blokach 1,5 h (2x 45 min) J\u0119zyk og\u00f3lny i bran\u017cowy Mo\u017cliwo\u015b\u0107 zako\u0144czenia szkolenia mi\u0119dzynarodowym\",\"breadcrumb\":{\"@id\":\"https:\/\/akademia-zdrowia.pl\/lodz\/kurs-dla-pielegniarek-i-pracownikow-medycznych\/#breadcrumb\"},\"inLanguage\":\"pl-PL\",\"potentialAction\":[{\"@type\":\"ReadAction\",\"target\":[\"https:\/\/akademia-zdrowia.pl\/lodz\/kurs-dla-pielegniarek-i-pracownikow-medycznych\/\"]}]},{\"@type\":\"BreadcrumbList\",\"@id\":\"https:\/\/akademia-zdrowia.pl\/lodz\/kurs-dla-pielegniarek-i-pracownikow-medycznych\/#breadcrumb\",\"itemListElement\":[{\"@type\":\"ListItem\",\"position\":1,\"name\":\"Strona g\u0142\u00f3wna\",\"item\":\"https:\/\/akademia-zdrowia.pl\/lodz\/\"},{\"@type\":\"ListItem\",\"position\":2,\"name\":\"KURS dla piel\u0119gniarek i pracownik\u00f3w medycznych\"}]},{\"@type\":\"WebSite\",\"@id\":\"https:\/\/akademia-zdrowia.pl\/lodz\/#website\",\"url\":\"https:\/\/akademia-zdrowia.pl\/lodz\/\",\"name\":\"Akademia Zdrowia \u0141\u00f3d\u017a\",\"description\":\"\",\"potentialAction\":[{\"@type\":\"SearchAction\",\"target\":{\"@type\":\"EntryPoint\",\"urlTemplate\":\"https:\/\/akademia-zdrowia.pl\/lodz\/?s={search_term_string}\"},\"query-input\":{\"@type\":\"PropertyValueSpecification\",\"valueRequired\":true,\"valueName\":\"search_term_string\"}}],\"inLanguage\":\"pl-PL\"}]}<\/script>\n<!-- \/ Yoast SEO Premium plugin. -->","yoast_head_json":{"title":"KURS dla piel\u0119gniarek i pracownik\u00f3w medycznych - Akademia Zdrowia \u0141\u00f3d\u017a - Kursy zawodowe, szko\u0142y policealne, szko\u0142y dla doros\u0142ych","description":"poziom A1 ? A2: 60 h lekcyjnych 2x tygodniowo w blokach 1,5 h (2x 45 min) J\u0119zyk og\u00f3lny i bran\u017cowy Mo\u017cliwo\u015b\u0107 zako\u0144czenia szkolenia mi\u0119dzynarodowym","robots":{"index":"index","follow":"follow","max-snippet":"max-snippet:-1","max-image-preview":"max-image-preview:large","max-video-preview":"max-video-preview:-1"},"canonical":"https:\/\/akademia-zdrowia.pl\/lodz\/kurs-dla-pielegniarek-i-pracownikow-medycznych\/","og_locale":"pl_PL","og_type":"article","og_title":"KURS dla piel\u0119gniarek i pracownik\u00f3w medycznych","og_description":"poziom A1 ? A2: 60 h lekcyjnych 2x tygodniowo w blokach 1,5 h (2x 45 min) J\u0119zyk og\u00f3lny i bran\u017cowy Mo\u017cliwo\u015b\u0107 zako\u0144czenia szkolenia mi\u0119dzynarodowym","og_url":"https:\/\/akademia-zdrowia.pl\/lodz\/kurs-dla-pielegniarek-i-pracownikow-medycznych\/","og_site_name":"Akademia Zdrowia \u0141\u00f3d\u017a","article_modified_time":"2021-12-19T19:02:43+00:00","twitter_card":"summary_large_image","schema":{"@context":"https:\/\/schema.org","@graph":[{"@type":"WebPage","@id":"https:\/\/akademia-zdrowia.pl\/lodz\/kurs-dla-pielegniarek-i-pracownikow-medycznych\/","url":"https:\/\/akademia-zdrowia.pl\/lodz\/kurs-dla-pielegniarek-i-pracownikow-medycznych\/","name":"KURS dla piel\u0119gniarek i pracownik\u00f3w medycznych - Akademia Zdrowia \u0141\u00f3d\u017a - Kursy zawodowe, szko\u0142y policealne, szko\u0142y dla doros\u0142ych","isPartOf":{"@id":"https:\/\/akademia-zdrowia.pl\/lodz\/#website"},"datePublished":"2018-12-20T13:15:48+00:00","dateModified":"2021-12-19T19:02:43+00:00","description":"poziom A1 ? A2: 60 h lekcyjnych 2x tygodniowo w blokach 1,5 h (2x 45 min) J\u0119zyk og\u00f3lny i bran\u017cowy Mo\u017cliwo\u015b\u0107 zako\u0144czenia szkolenia mi\u0119dzynarodowym","breadcrumb":{"@id":"https:\/\/akademia-zdrowia.pl\/lodz\/kurs-dla-pielegniarek-i-pracownikow-medycznych\/#breadcrumb"},"inLanguage":"pl-PL","potentialAction":[{"@type":"ReadAction","target":["https:\/\/akademia-zdrowia.pl\/lodz\/kurs-dla-pielegniarek-i-pracownikow-medycznych\/"]}]},{"@type":"BreadcrumbList","@id":"https:\/\/akademia-zdrowia.pl\/lodz\/kurs-dla-pielegniarek-i-pracownikow-medycznych\/#breadcrumb","itemListElement":[{"@type":"ListItem","position":1,"name":"Strona g\u0142\u00f3wna","item":"https:\/\/akademia-zdrowia.pl\/lodz\/"},{"@type":"ListItem","position":2,"name":"KURS dla piel\u0119gniarek i pracownik\u00f3w medycznych"}]},{"@type":"WebSite","@id":"https:\/\/akademia-zdrowia.pl\/lodz\/#website","url":"https:\/\/akademia-zdrowia.pl\/lodz\/","name":"Akademia Zdrowia \u0141\u00f3d\u017a","description":"","potentialAction":[{"@type":"SearchAction","target":{"@type":"EntryPoint","urlTemplate":"https:\/\/akademia-zdrowia.pl\/lodz\/?s={search_term_string}"},"query-input":{"@type":"PropertyValueSpecification","valueRequired":true,"valueName":"search_term_string"}}],"inLanguage":"pl-PL"}]}},"_links":{"self":[{"href":"https:\/\/akademia-zdrowia.pl\/lodz\/wp-json\/wp\/v2\/pages\/1694","targetHints":{"allow":["GET"]}}],"collection":[{"href":"https:\/\/akademia-zdrowia.pl\/lodz\/wp-json\/wp\/v2\/pages"}],"about":[{"href":"https:\/\/akademia-zdrowia.pl\/lodz\/wp-json\/wp\/v2\/types\/page"}],"author":[{"embeddable":true,"href":"https:\/\/akademia-zdrowia.pl\/lodz\/wp-json\/wp\/v2\/users\/1"}],"replies":[{"embeddable":true,"href":"https:\/\/akademia-zdrowia.pl\/lodz\/wp-json\/wp\/v2\/comments?post=1694"}],"version-history":[{"count":3,"href":"https:\/\/akademia-zdrowia.pl\/lodz\/wp-json\/wp\/v2\/pages\/1694\/revisions"}],"predecessor-version":[{"id":7675,"href":"https:\/\/akademia-zdrowia.pl\/lodz\/wp-json\/wp\/v2\/pages\/1694\/revisions\/7675"}],"wp:attachment":[{"href":"https:\/\/akademia-zdrowia.pl\/lodz\/wp-json\/wp\/v2\/media?parent=1694"}],"curies":[{"name":"wp","href":"https:\/\/api.w.org\/{rel}","templated":true}]}}