{"id":1704,"date":"2019-01-03T05:42:23","date_gmt":"2019-01-03T04:42:23","guid":{"rendered":"https:\/\/akademia-zdrowia.pl\/lodz\/?page_id=1704"},"modified":"2021-11-09T17:47:03","modified_gmt":"2021-11-09T16:47:03","slug":"kursy-dla-pracownikow-medycznych","status":"publish","type":"page","link":"https:\/\/akademia-zdrowia.pl\/lodz\/oferta-szkoleniowa\/kursy-dla-pracownikow-medycznych\/","title":{"rendered":"Dla pracownik\u00f3w medycznych"},"content":{"rendered":"\t\t<div data-elementor-type=\"wp-page\" data-elementor-id=\"1704\" class=\"elementor elementor-1704\" data-elementor-post-type=\"page\">\n\t\t\t\t\t\t<section class=\"elementor-section elementor-top-section elementor-element elementor-element-1aee0401 elementor-section-boxed elementor-section-height-default elementor-section-height-default\" data-id=\"1aee0401\" data-element_type=\"section\" data-e-type=\"section\">\n\t\t\t\t\t\t<div class=\"elementor-container elementor-column-gap-default\">\n\t\t\t\t\t<div class=\"elementor-column elementor-col-100 elementor-top-column elementor-element elementor-element-5bc26da0\" data-id=\"5bc26da0\" data-element_type=\"column\" data-e-type=\"column\">\n\t\t\t<div class=\"elementor-widget-wrap elementor-element-populated\">\n\t\t\t\t\t\t<div class=\"elementor-element elementor-element-56e9dff elementor-widget elementor-widget-text-editor\" data-id=\"56e9dff\" data-element_type=\"widget\" data-e-type=\"widget\" data-widget_type=\"text-editor.default\">\n\t\t\t\t<div class=\"elementor-widget-container\">\n\t\t\t\t\t\t\t\t\t<p style=\"text-align: center;\"><strong>KURS&nbsp; dla piel\u0119gniarek , ratownik\u00f3w medycznych , asystent\u00f3w os\u00f3b niesamodzielnych,opiekun\u00f3w medycznych, rejestratorek medycznych oraz farmaceut\u00f3w.<br>\n<\/strong><\/p>\n<p>&nbsp;<\/p>\n<p>Po uko\u0144czeniu kursu, s\u0142uchacze potrafi\u0105 w j\u0119zyku angielskim prawid\u0142owo przeprowadzi\u0107 wywiad z pacjentem, doradzi\u0107 w\u0142a\u015bciwy lek, zrozumie\u0107 i zastosowa\u0107 w praktyce przeczytan\u0105 informacj\u0119 farmakologiczn\u0105 oraz w\u0142a\u015bciwie zinterpretowa\u0107 i wyja\u015bni\u0107 zalecenia lekarza. Udzieli\u0107 porady oraz przekaza\u0107 podstawowe informacje medyczne.<\/p>\n<p>Zaj\u0119cia w szkole mog\u0105 odbywa\u0107 si\u0119 na \u017cyczenie s\u0142uchaczy w godzinach rannych lub popo\u0142udniowych.<\/p>\n<p><strong>Celem kursu<\/strong> jest zdobycie praktycznej umiej\u0119tno\u015bci funkcjonowania w \u015brodowisku angloj\u0119zycznym na polu zawodowym,&nbsp; podniesienie og\u00f3lnych kompetencji j\u0119zykowych, oraz wprowadzenie b\u0105d\u017a poszerzenie s\u0142ownictwa z zakresu medycyny.<\/p>\n<p><strong>Informacje og\u00f3lne:<\/strong><\/p>\n<ul style=\"list-style-type: square;\">\n<li>Jest to kurs specjalistyczny prowadzony&nbsp;na&nbsp;dw\u00f3ch poziomach zaawansowania: Intermediate i Advanced, zar\u00f3wno w formie zaj\u0119\u0107 grupowych (4-8 os\u00f3b), jak i indywidualnych.<\/li>\n<li>Kurs&nbsp; skierowany jest do personelu medycznego wszystkich szczebli : piel\u0119gniarek, ratownik\u00f3w medycznych, fizjoterapeut\u00f3w i farmaceut\u00f3w- pracuj\u0105cego z angloj\u0119zycznymi pacjentami, a tak\u017ce student\u00f3w kierunk\u00f3w medycznych.<\/li>\n<\/ul>\n<p><strong>Program kursu obejmuje:<\/strong><\/p>\n<ul style=\"list-style-type: square;\">\n<li>Wprowadzenie szerokiego zakresu s\u0142ownictwa medycznego oraz zapoznanie z jego odpowiednikami w mowie potocznej,<\/li>\n<li>zapoznanie z technikami sporz\u0105dzania dokumentacji medycznej , np. pisanie raport\u00f3w z bada\u0144 , a tak\u017ce rozumienie skomplikowanej dokumentacji fachowej<\/li>\n<li>umiej\u0119tno\u015b\u0107 rozumienia ze s\u0142uchu oraz prowadzenia rozm\u00f3w telefonicznych<\/li>\n<li>umiej\u0119tno\u015b\u0107 wyg\u0142aszania prezentacji<\/li>\n<li>umiej\u0119tno\u015b\u0107 prowadzenia rozmowy oraz dyskusji ze wsp\u00f3\u0142pracownikami, zwierzchnikami, pacjentami na tematy zwi\u0105zanie z aspektami zdrowia, leczenia<\/li>\n<li>powt\u00f3rzenie i uzupe\u0142nienie gramatyki z naciskiem na struktury niezb\u0119dne do podstawowej komunikacji w \u015brodowisku pracy.<\/li>\n<\/ul>\n<p>Kurs bazuje zar\u00f3wno na podr\u0119cznikach do nauki angielskiego w kontek\u015bcie j\u0119zyka specjalistycznego, jak r\u00f3wnie\u017c na materia\u0142ach autentycznych pochodz\u0105cych z czasopism bran\u017cowych, literatury fachowej oraz oryginalnej dokumentacji.<\/p>\n<p>&nbsp;<\/p>\n<p>Obecnie trwa Rekrutacja uczestnik\u00f3w<\/p>\n<p><strong>Zapraszamy &nbsp;do zapis\u00f3w na kursy:<\/strong><\/p>\n<p>Akademia J\u0119zyk\u00f3w Obcych<\/p>\n<p>\u0141\u00f3d\u017a tel. (42) 255 77 02, 609&nbsp;397 720<\/p>\n<p>e-mail: centrumjezykowe@akademia-zdrowia.pl<\/p>\n<p>&nbsp;<\/p>\n<p><a href=\"https:\/\/akademia-zdrowia.pl\/lodz\/wp-content\/uploads\/sites\/2\/2019\/01\/Program-kursu-dla-rejestratorek-medycznych.pdf\">Program kursu dla rejestratorek medycznych<\/a><\/p>\n<p><a href=\"https:\/\/akademia-zdrowia.pl\/lodz\/wp-content\/uploads\/sites\/2\/2019\/01\/Program-kursu-dla-piel\u0119gniarek-ratownik\u00f3w-medycznych-opiekun\u00f3w-medycznych-2.pdf\">Program kursu dla piel\u0119gniarek, ratownik\u00f3w medycznych, opiekun\u00f3w medycznych<\/a><\/p>\n<p><a href=\"https:\/\/akademia-zdrowia.pl\/lodz\/wp-content\/uploads\/sites\/2\/2019\/01\/Program-kursu-dla-farmaceut\u00f3w.pdf\">Program kursu dla farmaceut\u00f3w<\/a><\/p>\t\t\t\t\t\t\t\t<\/div>\n\t\t\t\t<\/div>\n\t\t\t\t\t<\/div>\n\t\t<\/div>\n\t\t\t\t\t<\/div>\n\t\t<\/section>\n\t\t\t\t<section class=\"elementor-section elementor-top-section elementor-element elementor-element-4e87227 elementor-section-boxed elementor-section-height-default elementor-section-height-default\" data-id=\"4e87227\" data-element_type=\"section\" data-e-type=\"section\">\n\t\t\t\t\t\t<div class=\"elementor-container elementor-column-gap-default\">\n\t\t\t\t\t<div class=\"elementor-column elementor-col-33 elementor-top-column elementor-element elementor-element-94432c4\" data-id=\"94432c4\" data-element_type=\"column\" data-e-type=\"column\">\n\t\t\t<div class=\"elementor-widget-wrap elementor-element-populated\">\n\t\t\t\t\t\t<div class=\"elementor-element elementor-element-8a4254a elementor-position-top elementor-widget elementor-widget-image-box\" data-id=\"8a4254a\" data-element_type=\"widget\" data-e-type=\"widget\" data-widget_type=\"image-box.default\">\n\t\t\t\t<div class=\"elementor-widget-container\">\n\t\t\t\t\t<div class=\"elementor-image-box-wrapper\"><figure class=\"elementor-image-box-img\"><a href=\"\/lodz\/kurs-a1-a2-dla-nauczycieli-przedszkolnych\/\" tabindex=\"-1\"><img fetchpriority=\"high\" decoding=\"async\" width=\"940\" height=\"788\" src=\"https:\/\/akademia-zdrowia.pl\/lodz\/wp-content\/uploads\/2019\/01\/20sale.jpg\" class=\"elementor-animation-grow attachment-full size-full wp-image-1720\" alt=\"\" srcset=\"https:\/\/akademia-zdrowia.pl\/lodz\/wp-content\/uploads\/2019\/01\/20sale.jpg 940w, https:\/\/akademia-zdrowia.pl\/lodz\/wp-content\/uploads\/2019\/01\/20sale-300x251.jpg 300w, https:\/\/akademia-zdrowia.pl\/lodz\/wp-content\/uploads\/2019\/01\/20sale-768x644.jpg 768w\" sizes=\"(max-width: 940px) 100vw, 940px\" \/><\/a><\/figure><div class=\"elementor-image-box-content\"><h3 class=\"elementor-image-box-title\"><a href=\"\/lodz\/kurs-a1-a2-dla-nauczycieli-przedszkolnych\/\">Kurs A1-A2 dla pracownik\u00f3w medycznych<\/a><\/h3><\/div><\/div>\t\t\t\t<\/div>\n\t\t\t\t<\/div>\n\t\t\t\t\t<\/div>\n\t\t<\/div>\n\t\t\t\t<div class=\"elementor-column elementor-col-33 elementor-top-column elementor-element elementor-element-7353b8d\" data-id=\"7353b8d\" data-element_type=\"column\" data-e-type=\"column\">\n\t\t\t<div class=\"elementor-widget-wrap elementor-element-populated\">\n\t\t\t\t\t\t<div class=\"elementor-element elementor-element-929724d elementor-position-top elementor-widget elementor-widget-image-box\" data-id=\"929724d\" data-element_type=\"widget\" data-e-type=\"widget\" data-widget_type=\"image-box.default\">\n\t\t\t\t<div class=\"elementor-widget-container\">\n\t\t\t\t\t<div class=\"elementor-image-box-wrapper\"><figure class=\"elementor-image-box-img\"><a href=\"\/lodz\/kurs-a1-a2-dla-pracownikow-medycznych\/\" tabindex=\"-1\"><img decoding=\"async\" width=\"940\" height=\"788\" src=\"https:\/\/akademia-zdrowia.pl\/lodz\/wp-content\/uploads\/2019\/01\/20sale1.jpg\" class=\"elementor-animation-grow attachment-full size-full wp-image-1721\" alt=\"\" srcset=\"https:\/\/akademia-zdrowia.pl\/lodz\/wp-content\/uploads\/2019\/01\/20sale1.jpg 940w, https:\/\/akademia-zdrowia.pl\/lodz\/wp-content\/uploads\/2019\/01\/20sale1-300x251.jpg 300w, https:\/\/akademia-zdrowia.pl\/lodz\/wp-content\/uploads\/2019\/01\/20sale1-768x644.jpg 768w\" sizes=\"(max-width: 940px) 100vw, 940px\" \/><\/a><\/figure><div class=\"elementor-image-box-content\"><h3 class=\"elementor-image-box-title\"><a href=\"\/lodz\/kurs-a1-a2-dla-pracownikow-medycznych\/\">Kurs B1-B2 dla pracownik\u00f3w medycznych Nasze marki<\/a><\/h3><\/div><\/div>\t\t\t\t<\/div>\n\t\t\t\t<\/div>\n\t\t\t\t\t<\/div>\n\t\t<\/div>\n\t\t\t\t<div class=\"elementor-column elementor-col-33 elementor-top-column elementor-element elementor-element-32ac01a\" data-id=\"32ac01a\" data-element_type=\"column\" data-e-type=\"column\">\n\t\t\t<div class=\"elementor-widget-wrap\">\n\t\t\t\t\t\t\t<\/div>\n\t\t<\/div>\n\t\t\t\t\t<\/div>\n\t\t<\/section>\n\t\t\t\t<\/div>\n\t\t","protected":false},"excerpt":{"rendered":"<p>KURS&nbsp; dla piel\u0119gniarek , ratownik\u00f3w medycznych , asystent\u00f3w os\u00f3b niesamodzielnych,opiekun\u00f3w medycznych, rejestratorek medycznych oraz farmaceut\u00f3w. &nbsp; Po uko\u0144czeniu kursu, s\u0142uchacze potrafi\u0105 w j\u0119zyku angielskim prawid\u0142owo przeprowadzi\u0107 wywiad z pacjentem, doradzi\u0107 w\u0142a\u015bciwy lek, zrozumie\u0107 i zastosowa\u0107 w praktyce przeczytan\u0105 informacj\u0119 farmakologiczn\u0105 oraz w\u0142a\u015bciwie zinterpretowa\u0107 i wyja\u015bni\u0107 zalecenia lekarza. Udzieli\u0107 porady oraz przekaza\u0107 podstawowe informacje medyczne. Zaj\u0119cia&#8230;<\/p>\n","protected":false},"author":1,"featured_media":0,"parent":29,"menu_order":0,"comment_status":"closed","ping_status":"closed","template":"","meta":{"footnotes":""},"class_list":["post-1704","page","type-page","status-publish","hentry"],"yoast_head":"<!-- This site is optimized with the Yoast SEO Premium plugin v18.9 (Yoast SEO v27.2) - https:\/\/yoast.com\/product\/yoast-seo-premium-wordpress\/ -->\n<title>Dla pracownik\u00f3w medycznych - Akademia Zdrowia \u0141\u00f3d\u017a - Kursy zawodowe, szko\u0142y policealne, szko\u0142y dla doros\u0142ych<\/title>\n<meta name=\"description\" content=\"KURS&nbsp; dla piel\u0119gniarek , ratownik\u00f3w medycznych , asystent\u00f3w os\u00f3b niesamodzielnych,opiekun\u00f3w medycznych, rejestratorek medycznych oraz\" \/>\n<meta name=\"robots\" content=\"index, follow, max-snippet:-1, max-image-preview:large, max-video-preview:-1\" \/>\n<link rel=\"canonical\" href=\"https:\/\/akademia-zdrowia.pl\/lodz\/oferta-szkoleniowa\/kursy-dla-pracownikow-medycznych\/\" \/>\n<meta property=\"og:locale\" content=\"pl_PL\" \/>\n<meta property=\"og:type\" content=\"article\" \/>\n<meta property=\"og:title\" content=\"Dla pracownik\u00f3w medycznych\" \/>\n<meta property=\"og:description\" content=\"KURS&nbsp; dla piel\u0119gniarek , ratownik\u00f3w medycznych , asystent\u00f3w os\u00f3b niesamodzielnych,opiekun\u00f3w medycznych, rejestratorek medycznych oraz\" \/>\n<meta property=\"og:url\" content=\"https:\/\/akademia-zdrowia.pl\/lodz\/oferta-szkoleniowa\/kursy-dla-pracownikow-medycznych\/\" \/>\n<meta property=\"og:site_name\" content=\"Akademia Zdrowia \u0141\u00f3d\u017a\" \/>\n<meta property=\"article:modified_time\" content=\"2021-11-09T16:47:03+00:00\" \/>\n<meta property=\"og:image\" content=\"https:\/\/akademia-zdrowia.pl\/lodz\/wp-content\/uploads\/2019\/01\/20sale.jpg\" \/>\n<meta name=\"twitter:card\" content=\"summary_large_image\" \/>\n<meta name=\"twitter:label1\" content=\"Szacowany czas czytania\" \/>\n\t<meta name=\"twitter:data1\" content=\"2 minuty\" \/>\n<script type=\"application\/ld+json\" class=\"yoast-schema-graph\">{\"@context\":\"https:\/\/schema.org\",\"@graph\":[{\"@type\":\"WebPage\",\"@id\":\"https:\/\/akademia-zdrowia.pl\/lodz\/oferta-szkoleniowa\/kursy-dla-pracownikow-medycznych\/\",\"url\":\"https:\/\/akademia-zdrowia.pl\/lodz\/oferta-szkoleniowa\/kursy-dla-pracownikow-medycznych\/\",\"name\":\"Dla pracownik\u00f3w medycznych - Akademia Zdrowia \u0141\u00f3d\u017a - Kursy zawodowe, szko\u0142y policealne, szko\u0142y dla doros\u0142ych\",\"isPartOf\":{\"@id\":\"https:\/\/akademia-zdrowia.pl\/lodz\/#website\"},\"primaryImageOfPage\":{\"@id\":\"https:\/\/akademia-zdrowia.pl\/lodz\/oferta-szkoleniowa\/kursy-dla-pracownikow-medycznych\/#primaryimage\"},\"image\":{\"@id\":\"https:\/\/akademia-zdrowia.pl\/lodz\/oferta-szkoleniowa\/kursy-dla-pracownikow-medycznych\/#primaryimage\"},\"thumbnailUrl\":\"https:\/\/akademia-zdrowia.pl\/lodz\/wp-content\/uploads\/2019\/01\/20sale.jpg\",\"datePublished\":\"2019-01-03T04:42:23+00:00\",\"dateModified\":\"2021-11-09T16:47:03+00:00\",\"description\":\"KURS&nbsp; dla piel\u0119gniarek , ratownik\u00f3w medycznych , asystent\u00f3w os\u00f3b niesamodzielnych,opiekun\u00f3w medycznych, rejestratorek medycznych oraz\",\"breadcrumb\":{\"@id\":\"https:\/\/akademia-zdrowia.pl\/lodz\/oferta-szkoleniowa\/kursy-dla-pracownikow-medycznych\/#breadcrumb\"},\"inLanguage\":\"pl-PL\",\"potentialAction\":[{\"@type\":\"ReadAction\",\"target\":[\"https:\/\/akademia-zdrowia.pl\/lodz\/oferta-szkoleniowa\/kursy-dla-pracownikow-medycznych\/\"]}]},{\"@type\":\"ImageObject\",\"inLanguage\":\"pl-PL\",\"@id\":\"https:\/\/akademia-zdrowia.pl\/lodz\/oferta-szkoleniowa\/kursy-dla-pracownikow-medycznych\/#primaryimage\",\"url\":\"https:\/\/akademia-zdrowia.pl\/lodz\/wp-content\/uploads\/2019\/01\/20sale.jpg\",\"contentUrl\":\"https:\/\/akademia-zdrowia.pl\/lodz\/wp-content\/uploads\/2019\/01\/20sale.jpg\",\"width\":940,\"height\":788},{\"@type\":\"BreadcrumbList\",\"@id\":\"https:\/\/akademia-zdrowia.pl\/lodz\/oferta-szkoleniowa\/kursy-dla-pracownikow-medycznych\/#breadcrumb\",\"itemListElement\":[{\"@type\":\"ListItem\",\"position\":1,\"name\":\"Strona g\u0142\u00f3wna\",\"item\":\"https:\/\/akademia-zdrowia.pl\/lodz\/\"},{\"@type\":\"ListItem\",\"position\":2,\"name\":\"Oferta szkoleniowa\",\"item\":\"https:\/\/akademia-zdrowia.pl\/lodz\/oferta-szkoleniowa\/\"},{\"@type\":\"ListItem\",\"position\":3,\"name\":\"Dla pracownik\u00f3w medycznych\"}]},{\"@type\":\"WebSite\",\"@id\":\"https:\/\/akademia-zdrowia.pl\/lodz\/#website\",\"url\":\"https:\/\/akademia-zdrowia.pl\/lodz\/\",\"name\":\"Akademia Zdrowia \u0141\u00f3d\u017a\",\"description\":\"\",\"potentialAction\":[{\"@type\":\"SearchAction\",\"target\":{\"@type\":\"EntryPoint\",\"urlTemplate\":\"https:\/\/akademia-zdrowia.pl\/lodz\/?s={search_term_string}\"},\"query-input\":{\"@type\":\"PropertyValueSpecification\",\"valueRequired\":true,\"valueName\":\"search_term_string\"}}],\"inLanguage\":\"pl-PL\"}]}<\/script>\n<!-- \/ Yoast SEO Premium plugin. -->","yoast_head_json":{"title":"Dla pracownik\u00f3w medycznych - Akademia Zdrowia \u0141\u00f3d\u017a - Kursy zawodowe, szko\u0142y policealne, szko\u0142y dla doros\u0142ych","description":"KURS&nbsp; dla piel\u0119gniarek , ratownik\u00f3w medycznych , asystent\u00f3w os\u00f3b niesamodzielnych,opiekun\u00f3w medycznych, rejestratorek medycznych oraz","robots":{"index":"index","follow":"follow","max-snippet":"max-snippet:-1","max-image-preview":"max-image-preview:large","max-video-preview":"max-video-preview:-1"},"canonical":"https:\/\/akademia-zdrowia.pl\/lodz\/oferta-szkoleniowa\/kursy-dla-pracownikow-medycznych\/","og_locale":"pl_PL","og_type":"article","og_title":"Dla pracownik\u00f3w medycznych","og_description":"KURS&nbsp; dla piel\u0119gniarek , ratownik\u00f3w medycznych , asystent\u00f3w os\u00f3b niesamodzielnych,opiekun\u00f3w medycznych, rejestratorek medycznych oraz","og_url":"https:\/\/akademia-zdrowia.pl\/lodz\/oferta-szkoleniowa\/kursy-dla-pracownikow-medycznych\/","og_site_name":"Akademia Zdrowia \u0141\u00f3d\u017a","article_modified_time":"2021-11-09T16:47:03+00:00","og_image":[{"url":"https:\/\/akademia-zdrowia.pl\/lodz\/wp-content\/uploads\/2019\/01\/20sale.jpg","type":"","width":"","height":""}],"twitter_card":"summary_large_image","twitter_misc":{"Szacowany czas czytania":"2 minuty"},"schema":{"@context":"https:\/\/schema.org","@graph":[{"@type":"WebPage","@id":"https:\/\/akademia-zdrowia.pl\/lodz\/oferta-szkoleniowa\/kursy-dla-pracownikow-medycznych\/","url":"https:\/\/akademia-zdrowia.pl\/lodz\/oferta-szkoleniowa\/kursy-dla-pracownikow-medycznych\/","name":"Dla pracownik\u00f3w medycznych - Akademia Zdrowia \u0141\u00f3d\u017a - Kursy zawodowe, szko\u0142y policealne, szko\u0142y dla doros\u0142ych","isPartOf":{"@id":"https:\/\/akademia-zdrowia.pl\/lodz\/#website"},"primaryImageOfPage":{"@id":"https:\/\/akademia-zdrowia.pl\/lodz\/oferta-szkoleniowa\/kursy-dla-pracownikow-medycznych\/#primaryimage"},"image":{"@id":"https:\/\/akademia-zdrowia.pl\/lodz\/oferta-szkoleniowa\/kursy-dla-pracownikow-medycznych\/#primaryimage"},"thumbnailUrl":"https:\/\/akademia-zdrowia.pl\/lodz\/wp-content\/uploads\/2019\/01\/20sale.jpg","datePublished":"2019-01-03T04:42:23+00:00","dateModified":"2021-11-09T16:47:03+00:00","description":"KURS&nbsp; dla piel\u0119gniarek , ratownik\u00f3w medycznych , asystent\u00f3w os\u00f3b niesamodzielnych,opiekun\u00f3w medycznych, rejestratorek medycznych oraz","breadcrumb":{"@id":"https:\/\/akademia-zdrowia.pl\/lodz\/oferta-szkoleniowa\/kursy-dla-pracownikow-medycznych\/#breadcrumb"},"inLanguage":"pl-PL","potentialAction":[{"@type":"ReadAction","target":["https:\/\/akademia-zdrowia.pl\/lodz\/oferta-szkoleniowa\/kursy-dla-pracownikow-medycznych\/"]}]},{"@type":"ImageObject","inLanguage":"pl-PL","@id":"https:\/\/akademia-zdrowia.pl\/lodz\/oferta-szkoleniowa\/kursy-dla-pracownikow-medycznych\/#primaryimage","url":"https:\/\/akademia-zdrowia.pl\/lodz\/wp-content\/uploads\/2019\/01\/20sale.jpg","contentUrl":"https:\/\/akademia-zdrowia.pl\/lodz\/wp-content\/uploads\/2019\/01\/20sale.jpg","width":940,"height":788},{"@type":"BreadcrumbList","@id":"https:\/\/akademia-zdrowia.pl\/lodz\/oferta-szkoleniowa\/kursy-dla-pracownikow-medycznych\/#breadcrumb","itemListElement":[{"@type":"ListItem","position":1,"name":"Strona g\u0142\u00f3wna","item":"https:\/\/akademia-zdrowia.pl\/lodz\/"},{"@type":"ListItem","position":2,"name":"Oferta szkoleniowa","item":"https:\/\/akademia-zdrowia.pl\/lodz\/oferta-szkoleniowa\/"},{"@type":"ListItem","position":3,"name":"Dla pracownik\u00f3w medycznych"}]},{"@type":"WebSite","@id":"https:\/\/akademia-zdrowia.pl\/lodz\/#website","url":"https:\/\/akademia-zdrowia.pl\/lodz\/","name":"Akademia Zdrowia \u0141\u00f3d\u017a","description":"","potentialAction":[{"@type":"SearchAction","target":{"@type":"EntryPoint","urlTemplate":"https:\/\/akademia-zdrowia.pl\/lodz\/?s={search_term_string}"},"query-input":{"@type":"PropertyValueSpecification","valueRequired":true,"valueName":"search_term_string"}}],"inLanguage":"pl-PL"}]}},"_links":{"self":[{"href":"https:\/\/akademia-zdrowia.pl\/lodz\/wp-json\/wp\/v2\/pages\/1704","targetHints":{"allow":["GET"]}}],"collection":[{"href":"https:\/\/akademia-zdrowia.pl\/lodz\/wp-json\/wp\/v2\/pages"}],"about":[{"href":"https:\/\/akademia-zdrowia.pl\/lodz\/wp-json\/wp\/v2\/types\/page"}],"author":[{"embeddable":true,"href":"https:\/\/akademia-zdrowia.pl\/lodz\/wp-json\/wp\/v2\/users\/1"}],"replies":[{"embeddable":true,"href":"https:\/\/akademia-zdrowia.pl\/lodz\/wp-json\/wp\/v2\/comments?post=1704"}],"version-history":[{"count":9,"href":"https:\/\/akademia-zdrowia.pl\/lodz\/wp-json\/wp\/v2\/pages\/1704\/revisions"}],"predecessor-version":[{"id":6420,"href":"https:\/\/akademia-zdrowia.pl\/lodz\/wp-json\/wp\/v2\/pages\/1704\/revisions\/6420"}],"up":[{"embeddable":true,"href":"https:\/\/akademia-zdrowia.pl\/lodz\/wp-json\/wp\/v2\/pages\/29"}],"wp:attachment":[{"href":"https:\/\/akademia-zdrowia.pl\/lodz\/wp-json\/wp\/v2\/media?parent=1704"}],"curies":[{"name":"wp","href":"https:\/\/api.w.org\/{rel}","templated":true}]}}