{"id":17305,"date":"2025-11-19T13:29:10","date_gmt":"2025-11-19T12:29:10","guid":{"rendered":"https:\/\/akademia-zdrowia.pl\/lodz\/?page_id=17305"},"modified":"2025-11-19T14:03:21","modified_gmt":"2025-11-19T13:03:21","slug":"edukacja-na-nowo-w-lodzkiem","status":"publish","type":"page","link":"https:\/\/akademia-zdrowia.pl\/lodz\/oferta-szkoleniowa\/projekty-unijne\/edukacja-na-nowo-w-lodzkiem\/","title":{"rendered":"Edukacja na nowo w \u0141\u00f3dzkiem"},"content":{"rendered":"\t\t<div data-elementor-type=\"wp-page\" data-elementor-id=\"17305\" class=\"elementor elementor-17305\" data-elementor-post-type=\"page\">\n\t\t\t\t\t\t<section class=\"elementor-section elementor-top-section elementor-element elementor-element-d1ba2dc elementor-section-boxed elementor-section-height-default elementor-section-height-default\" data-id=\"d1ba2dc\" data-element_type=\"section\" data-e-type=\"section\">\n\t\t\t\t\t\t<div class=\"elementor-container elementor-column-gap-default\">\n\t\t\t\t\t<div class=\"elementor-column elementor-col-100 elementor-top-column elementor-element elementor-element-1b75a92\" data-id=\"1b75a92\" data-element_type=\"column\" data-e-type=\"column\">\n\t\t\t<div class=\"elementor-widget-wrap elementor-element-populated\">\n\t\t\t\t\t\t<div class=\"elementor-element elementor-element-204ad1d elementor-widget elementor-widget-rs-heading\" data-id=\"204ad1d\" data-element_type=\"widget\" data-e-type=\"widget\" data-widget_type=\"rs-heading.default\">\n\t\t\t\t<div class=\"elementor-widget-container\">\n\t\t\t\t\t        <div class=\"rs-heading default \">\r\n        \t<div class=\"title-inner\">\r\n        \t\t      \t\t\r\n\t            <span class=\"sub-text \">AKADEMIA ZDROWIA PROJEKTY UNIJNE<\/span><h1 class=\"title\"><span class=\"watermark\"><\/span>Edukacja na nowo w \u0141\u00f3dzkiem<\/h1>\t        <\/div>\r\n\t                <\/div>\r\n        \t\t\t\t<\/div>\n\t\t\t\t<\/div>\n\t\t\t\t\t<\/div>\n\t\t<\/div>\n\t\t\t\t\t<\/div>\n\t\t<\/section>\n\t\t\t\t<section class=\"elementor-section elementor-top-section elementor-element elementor-element-84a410e elementor-section-stretched elementor-section-boxed elementor-section-height-default elementor-section-height-default\" data-id=\"84a410e\" data-element_type=\"section\" data-e-type=\"section\" data-settings=\"{&quot;stretch_section&quot;:&quot;section-stretched&quot;}\">\n\t\t\t\t\t\t<div class=\"elementor-container elementor-column-gap-default\">\n\t\t\t\t\t<div class=\"elementor-column elementor-col-100 elementor-top-column elementor-element elementor-element-9ec7659\" data-id=\"9ec7659\" data-element_type=\"column\" data-e-type=\"column\">\n\t\t\t<div class=\"elementor-widget-wrap elementor-element-populated\">\n\t\t\t\t\t\t<div class=\"elementor-element elementor-element-05eb283 elementor-tabs-view-horizontal elementor-widget elementor-widget-tabs\" data-id=\"05eb283\" data-element_type=\"widget\" data-e-type=\"widget\" data-widget_type=\"tabs.default\">\n\t\t\t\t<div class=\"elementor-widget-container\">\n\t\t\t\t\t\t\t<div class=\"elementor-tabs\">\n\t\t\t<div class=\"elementor-tabs-wrapper\" role=\"tablist\" >\n\t\t\t\t\t\t\t\t\t<div id=\"elementor-tab-title-6201\" class=\"elementor-tab-title elementor-tab-desktop-title\" aria-selected=\"true\" data-tab=\"1\" role=\"tab\" tabindex=\"0\" aria-controls=\"elementor-tab-content-6201\" aria-expanded=\"false\">Projekt<\/div>\n\t\t\t\t\t\t\t<\/div>\n\t\t\t<div class=\"elementor-tabs-content-wrapper\" role=\"tablist\" aria-orientation=\"vertical\">\n\t\t\t\t\t\t\t\t\t<div class=\"elementor-tab-title elementor-tab-mobile-title\" aria-selected=\"true\" data-tab=\"1\" role=\"tab\" tabindex=\"0\" aria-controls=\"elementor-tab-content-6201\" aria-expanded=\"false\">Projekt<\/div>\n\t\t\t\t\t<div id=\"elementor-tab-content-6201\" class=\"elementor-tab-content elementor-clearfix\" data-tab=\"1\" role=\"tabpanel\" aria-labelledby=\"elementor-tab-title-6201\" tabindex=\"0\" hidden=\"false\"><p><img fetchpriority=\"high\" decoding=\"async\" class=\"alignnone wp-image-16953 size-full\" src=\"https:\/\/akademia-zdrowia.pl\/lodz\/wp-content\/uploads\/2025\/05\/zestawienie-znakow-kolor-scaled.jpg\" alt=\"\" width=\"2560\" height=\"257\" srcset=\"https:\/\/akademia-zdrowia.pl\/lodz\/wp-content\/uploads\/2025\/05\/zestawienie-znakow-kolor-scaled.jpg 2560w, https:\/\/akademia-zdrowia.pl\/lodz\/wp-content\/uploads\/2025\/05\/zestawienie-znakow-kolor-300x30.jpg 300w, https:\/\/akademia-zdrowia.pl\/lodz\/wp-content\/uploads\/2025\/05\/zestawienie-znakow-kolor-1024x103.jpg 1024w, https:\/\/akademia-zdrowia.pl\/lodz\/wp-content\/uploads\/2025\/05\/zestawienie-znakow-kolor-768x77.jpg 768w, https:\/\/akademia-zdrowia.pl\/lodz\/wp-content\/uploads\/2025\/05\/zestawienie-znakow-kolor-1536x154.jpg 1536w, https:\/\/akademia-zdrowia.pl\/lodz\/wp-content\/uploads\/2025\/05\/zestawienie-znakow-kolor-2048x206.jpg 2048w, https:\/\/akademia-zdrowia.pl\/lodz\/wp-content\/uploads\/2025\/05\/zestawienie-znakow-kolor-500x50.jpg 500w\" sizes=\"(max-width: 2560px) 100vw, 2560px\" \/><\/p><p><img decoding=\"async\" class=\"wp-image-17314 size-full aligncenter\" src=\"https:\/\/akademia-zdrowia.pl\/lodz\/wp-content\/uploads\/2025\/11\/Projekt-Edukacja-na-nowo-1.png\" alt=\"\" width=\"940\" height=\"788\" srcset=\"https:\/\/akademia-zdrowia.pl\/lodz\/wp-content\/uploads\/2025\/11\/Projekt-Edukacja-na-nowo-1.png 940w, https:\/\/akademia-zdrowia.pl\/lodz\/wp-content\/uploads\/2025\/11\/Projekt-Edukacja-na-nowo-1-300x251.png 300w, https:\/\/akademia-zdrowia.pl\/lodz\/wp-content\/uploads\/2025\/11\/Projekt-Edukacja-na-nowo-1-768x644.png 768w, https:\/\/akademia-zdrowia.pl\/lodz\/wp-content\/uploads\/2025\/11\/Projekt-Edukacja-na-nowo-1-80x68.png 80w, https:\/\/akademia-zdrowia.pl\/lodz\/wp-content\/uploads\/2025\/11\/Projekt-Edukacja-na-nowo-1-500x419.png 500w\" sizes=\"(max-width: 940px) 100vw, 940px\" \/><\/p><p><strong>Projekt \u201eEdukacja na nowo w \u0141\u00f3dzkiem\u201d<\/strong> wsp\u00f3\u0142finansowany ze \u015brodk\u00f3w Europejskiego Funduszu Spo\u0142ecznego Plus w ramach Programu Regionalnego Fundusze Europejskie dla \u0141\u00f3dzkiego 2021-2027<\/p><p>CEL: Zwi\u0119kszenie dost\u0119pu do wysokiej jako\u015bci kszta\u0142cenia dla 140(84K\/56M)os\u00f3b doros\u0142ych z niskimi Umiej\u0119tno\u015bciami podstawowymi (max 3 poziom PRK), w szczeg\u00f3lno\u015bci os\u00f3b starszych w wieku 50 lat i wi\u0119cej oraz os. z niepe\u0142nosprawno\u015bciami pracuj\u0105cych lub zamieszkuj\u0105cych na terenie: m. \u0141\u00f3d\u017a,<br \/>powiat\u00f3w: zgierskiego, pabianickiego, \u0142\u00f3dzkiego wschodniego w oparciu o 3 stopniowy model: diagnoza, edukacja, walidacja w okresie 1.09.2025-31.12.2027r.<\/p><p><strong>Zadania projektu:<\/strong><br \/>&#8211; Przeprowadzenie indywidualnej diagnozy kompetencji ka\u017cdego uczestnika.<br \/>&#8211; Realizacja dostosowanej i elastycznej oferty edukacyjnej odpowiadaj\u0105cej na potrzeby odbiorc\u00f3w.<br \/>&#8211; Walidacja nabytych kwalifikacji i umiej\u0119tno\u015bci.<br \/>&#8211; Zapewnienie specjalistycznego poradnictwa wspieraj\u0105cego uczestnik\u00f3w na ka\u017cdym etapie.<\/p><p><strong>Oczekiwane rezultaty:<\/strong><br \/>&#8211; Co najmniej 112 os\u00f3b (67 kobiet, 45 m\u0119\u017cczyzn) uzyska kwalifikacje zawodowe po zako\u0144czeniu programu.<br \/>&#8211; Co najmniej 112 os\u00f3b (67 kobiet, 45 m\u0119\u017cczyzn) zdob\u0119dzie kwalifikacje cyfrowe, zwi\u0119kszaj\u0105c swoje kompetencje na rynku pracy.<\/p><p><strong>Okres realizacji:<\/strong><br \/>01.09.2025-31.12.2027<\/p><p>Warto\u015b\u0107 projektu: 737 725,00 z\u0142<br \/>Warto\u015b\u0107 dofinansowania: 700 805,00 z\u0142<br \/>Wk\u0142ad w\u0142asny: 36 920,00 z\u0142<\/p><p>www.mapadotacji.gov.pl<br \/>#FunduszeUE #FunduszeEuropejskie<\/p><p>Biuro Projektu \u201eEdukacja na nowo w \u0141\u00f3dzkiem\u201d, Akademia Zdrowia Izabela \u0141ajs, ul. Jana Kili\u0144skiego<br \/>21, 90-205 \u0141\u00f3d\u017a, tel.<a href=\"tel:+42 255 77 03\">42 255 77 03<\/a><\/p><p><a href=\"https:\/\/akademia-zdrowia.pl\/lodz\/wp-content\/uploads\/2025\/11\/Zapytanie-ofertowe-nr-1.pdf\">Zapytanie ofertowe nr 1<\/a><br \/><a href=\"http:\/\/Regulamin projektu Edukacja na nowo w \u0141\u00f3dzkiem\" data-wplink-url-error=\"true\">Regulamin projektu Edukacja na nowo w \u0141\u00f3dzkiem<\/a><\/p><\/div>\n\t\t\t\t\t\t\t<\/div>\n\t\t<\/div>\n\t\t\t\t\t\t<\/div>\n\t\t\t\t<\/div>\n\t\t\t\t\t<\/div>\n\t\t<\/div>\n\t\t\t\t\t<\/div>\n\t\t<\/section>\n\t\t\t\t<\/div>\n\t\t","protected":false},"excerpt":{"rendered":"<p>AKADEMIA ZDROWIA PROJEKTY UNIJNE Edukacja na nowo w \u0141\u00f3dzkiem Projekt Projekt Projekt \u201eEdukacja na nowo w \u0141\u00f3dzkiem\u201d wsp\u00f3\u0142finansowany ze \u015brodk\u00f3w Europejskiego Funduszu Spo\u0142ecznego Plus w ramach Programu Regionalnego Fundusze Europejskie dla \u0141\u00f3dzkiego 2021-2027 CEL: Zwi\u0119kszenie dost\u0119pu do wysokiej jako\u015bci kszta\u0142cenia dla 140(84K\/56M)os\u00f3b doros\u0142ych z niskimi Umiej\u0119tno\u015bciami podstawowymi (max 3 poziom PRK), w szczeg\u00f3lno\u015bci os\u00f3b starszych&#8230;<\/p>\n","protected":false},"author":3,"featured_media":0,"parent":55,"menu_order":0,"comment_status":"closed","ping_status":"closed","template":"","meta":{"footnotes":""},"class_list":["post-17305","page","type-page","status-publish","hentry"],"yoast_head":"<!-- This site is optimized with the Yoast SEO Premium plugin v18.9 (Yoast SEO v27.2) - https:\/\/yoast.com\/product\/yoast-seo-premium-wordpress\/ -->\n<title>Edukacja na nowo w \u0141\u00f3dzkiem - Akademia Zdrowia \u0141\u00f3d\u017a - Kursy zawodowe, szko\u0142y policealne, szko\u0142y dla doros\u0142ych<\/title>\n<meta name=\"description\" content=\"AKADEMIA ZDROWIA PROJEKTY UNIJNE Edukacja na nowo w \u0141\u00f3dzkiem Projekt Projekt Projekt \u201eEdukacja na nowo w \u0141\u00f3dzkiem\u201d wsp\u00f3\u0142finansowany ze \u015brodk\u00f3w\" \/>\n<meta name=\"robots\" content=\"index, follow, max-snippet:-1, max-image-preview:large, max-video-preview:-1\" \/>\n<link rel=\"canonical\" href=\"https:\/\/akademia-zdrowia.pl\/lodz\/oferta-szkoleniowa\/projekty-unijne\/edukacja-na-nowo-w-lodzkiem\/\" \/>\n<meta property=\"og:locale\" content=\"pl_PL\" \/>\n<meta property=\"og:type\" content=\"article\" \/>\n<meta property=\"og:title\" content=\"Edukacja na nowo w \u0141\u00f3dzkiem\" \/>\n<meta property=\"og:description\" content=\"AKADEMIA ZDROWIA PROJEKTY UNIJNE Edukacja na nowo w \u0141\u00f3dzkiem Projekt Projekt Projekt \u201eEdukacja na nowo w \u0141\u00f3dzkiem\u201d wsp\u00f3\u0142finansowany ze \u015brodk\u00f3w\" \/>\n<meta property=\"og:url\" content=\"https:\/\/akademia-zdrowia.pl\/lodz\/oferta-szkoleniowa\/projekty-unijne\/edukacja-na-nowo-w-lodzkiem\/\" \/>\n<meta property=\"og:site_name\" content=\"Akademia Zdrowia \u0141\u00f3d\u017a\" \/>\n<meta property=\"article:modified_time\" content=\"2025-11-19T13:03:21+00:00\" \/>\n<meta property=\"og:image\" content=\"https:\/\/akademia-zdrowia.pl\/lodz\/wp-content\/uploads\/2025\/05\/zestawienie-znakow-kolor-scaled.jpg\" \/>\n<meta name=\"twitter:card\" content=\"summary_large_image\" \/>\n<meta name=\"twitter:label1\" content=\"Szacowany czas czytania\" \/>\n\t<meta name=\"twitter:data1\" content=\"2 minuty\" \/>\n<script type=\"application\/ld+json\" class=\"yoast-schema-graph\">{\"@context\":\"https:\/\/schema.org\",\"@graph\":[{\"@type\":\"WebPage\",\"@id\":\"https:\/\/akademia-zdrowia.pl\/lodz\/oferta-szkoleniowa\/projekty-unijne\/edukacja-na-nowo-w-lodzkiem\/\",\"url\":\"https:\/\/akademia-zdrowia.pl\/lodz\/oferta-szkoleniowa\/projekty-unijne\/edukacja-na-nowo-w-lodzkiem\/\",\"name\":\"Edukacja na nowo w \u0141\u00f3dzkiem - Akademia Zdrowia \u0141\u00f3d\u017a - Kursy zawodowe, szko\u0142y policealne, szko\u0142y dla doros\u0142ych\",\"isPartOf\":{\"@id\":\"https:\/\/akademia-zdrowia.pl\/lodz\/#website\"},\"primaryImageOfPage\":{\"@id\":\"https:\/\/akademia-zdrowia.pl\/lodz\/oferta-szkoleniowa\/projekty-unijne\/edukacja-na-nowo-w-lodzkiem\/#primaryimage\"},\"image\":{\"@id\":\"https:\/\/akademia-zdrowia.pl\/lodz\/oferta-szkoleniowa\/projekty-unijne\/edukacja-na-nowo-w-lodzkiem\/#primaryimage\"},\"thumbnailUrl\":\"https:\/\/akademia-zdrowia.pl\/lodz\/wp-content\/uploads\/2025\/05\/zestawienie-znakow-kolor-scaled.jpg\",\"datePublished\":\"2025-11-19T12:29:10+00:00\",\"dateModified\":\"2025-11-19T13:03:21+00:00\",\"description\":\"AKADEMIA ZDROWIA PROJEKTY UNIJNE Edukacja na nowo w \u0141\u00f3dzkiem Projekt Projekt Projekt \u201eEdukacja na nowo w \u0141\u00f3dzkiem\u201d wsp\u00f3\u0142finansowany ze \u015brodk\u00f3w\",\"breadcrumb\":{\"@id\":\"https:\/\/akademia-zdrowia.pl\/lodz\/oferta-szkoleniowa\/projekty-unijne\/edukacja-na-nowo-w-lodzkiem\/#breadcrumb\"},\"inLanguage\":\"pl-PL\",\"potentialAction\":[{\"@type\":\"ReadAction\",\"target\":[\"https:\/\/akademia-zdrowia.pl\/lodz\/oferta-szkoleniowa\/projekty-unijne\/edukacja-na-nowo-w-lodzkiem\/\"]}]},{\"@type\":\"ImageObject\",\"inLanguage\":\"pl-PL\",\"@id\":\"https:\/\/akademia-zdrowia.pl\/lodz\/oferta-szkoleniowa\/projekty-unijne\/edukacja-na-nowo-w-lodzkiem\/#primaryimage\",\"url\":\"https:\/\/akademia-zdrowia.pl\/lodz\/wp-content\/uploads\/2025\/05\/zestawienie-znakow-kolor-scaled.jpg\",\"contentUrl\":\"https:\/\/akademia-zdrowia.pl\/lodz\/wp-content\/uploads\/2025\/05\/zestawienie-znakow-kolor-scaled.jpg\",\"width\":2560,\"height\":257},{\"@type\":\"BreadcrumbList\",\"@id\":\"https:\/\/akademia-zdrowia.pl\/lodz\/oferta-szkoleniowa\/projekty-unijne\/edukacja-na-nowo-w-lodzkiem\/#breadcrumb\",\"itemListElement\":[{\"@type\":\"ListItem\",\"position\":1,\"name\":\"Strona g\u0142\u00f3wna\",\"item\":\"https:\/\/akademia-zdrowia.pl\/lodz\/\"},{\"@type\":\"ListItem\",\"position\":2,\"name\":\"Oferta szkoleniowa\",\"item\":\"https:\/\/akademia-zdrowia.pl\/lodz\/oferta-szkoleniowa\/\"},{\"@type\":\"ListItem\",\"position\":3,\"name\":\"Projekty unijne\",\"item\":\"https:\/\/akademia-zdrowia.pl\/lodz\/oferta-szkoleniowa\/projekty-unijne\/\"},{\"@type\":\"ListItem\",\"position\":4,\"name\":\"Edukacja na nowo w \u0141\u00f3dzkiem\"}]},{\"@type\":\"WebSite\",\"@id\":\"https:\/\/akademia-zdrowia.pl\/lodz\/#website\",\"url\":\"https:\/\/akademia-zdrowia.pl\/lodz\/\",\"name\":\"Akademia Zdrowia \u0141\u00f3d\u017a\",\"description\":\"\",\"potentialAction\":[{\"@type\":\"SearchAction\",\"target\":{\"@type\":\"EntryPoint\",\"urlTemplate\":\"https:\/\/akademia-zdrowia.pl\/lodz\/?s={search_term_string}\"},\"query-input\":{\"@type\":\"PropertyValueSpecification\",\"valueRequired\":true,\"valueName\":\"search_term_string\"}}],\"inLanguage\":\"pl-PL\"}]}<\/script>\n<!-- \/ Yoast SEO Premium plugin. -->","yoast_head_json":{"title":"Edukacja na nowo w \u0141\u00f3dzkiem - Akademia Zdrowia \u0141\u00f3d\u017a - Kursy zawodowe, szko\u0142y policealne, szko\u0142y dla doros\u0142ych","description":"AKADEMIA ZDROWIA PROJEKTY UNIJNE Edukacja na nowo w \u0141\u00f3dzkiem Projekt Projekt Projekt \u201eEdukacja na nowo w \u0141\u00f3dzkiem\u201d wsp\u00f3\u0142finansowany ze \u015brodk\u00f3w","robots":{"index":"index","follow":"follow","max-snippet":"max-snippet:-1","max-image-preview":"max-image-preview:large","max-video-preview":"max-video-preview:-1"},"canonical":"https:\/\/akademia-zdrowia.pl\/lodz\/oferta-szkoleniowa\/projekty-unijne\/edukacja-na-nowo-w-lodzkiem\/","og_locale":"pl_PL","og_type":"article","og_title":"Edukacja na nowo w \u0141\u00f3dzkiem","og_description":"AKADEMIA ZDROWIA PROJEKTY UNIJNE Edukacja na nowo w \u0141\u00f3dzkiem Projekt Projekt Projekt \u201eEdukacja na nowo w \u0141\u00f3dzkiem\u201d wsp\u00f3\u0142finansowany ze \u015brodk\u00f3w","og_url":"https:\/\/akademia-zdrowia.pl\/lodz\/oferta-szkoleniowa\/projekty-unijne\/edukacja-na-nowo-w-lodzkiem\/","og_site_name":"Akademia Zdrowia \u0141\u00f3d\u017a","article_modified_time":"2025-11-19T13:03:21+00:00","og_image":[{"url":"https:\/\/akademia-zdrowia.pl\/lodz\/wp-content\/uploads\/2025\/05\/zestawienie-znakow-kolor-scaled.jpg","type":"","width":"","height":""}],"twitter_card":"summary_large_image","twitter_misc":{"Szacowany czas czytania":"2 minuty"},"schema":{"@context":"https:\/\/schema.org","@graph":[{"@type":"WebPage","@id":"https:\/\/akademia-zdrowia.pl\/lodz\/oferta-szkoleniowa\/projekty-unijne\/edukacja-na-nowo-w-lodzkiem\/","url":"https:\/\/akademia-zdrowia.pl\/lodz\/oferta-szkoleniowa\/projekty-unijne\/edukacja-na-nowo-w-lodzkiem\/","name":"Edukacja na nowo w \u0141\u00f3dzkiem - Akademia Zdrowia \u0141\u00f3d\u017a - Kursy zawodowe, szko\u0142y policealne, szko\u0142y dla doros\u0142ych","isPartOf":{"@id":"https:\/\/akademia-zdrowia.pl\/lodz\/#website"},"primaryImageOfPage":{"@id":"https:\/\/akademia-zdrowia.pl\/lodz\/oferta-szkoleniowa\/projekty-unijne\/edukacja-na-nowo-w-lodzkiem\/#primaryimage"},"image":{"@id":"https:\/\/akademia-zdrowia.pl\/lodz\/oferta-szkoleniowa\/projekty-unijne\/edukacja-na-nowo-w-lodzkiem\/#primaryimage"},"thumbnailUrl":"https:\/\/akademia-zdrowia.pl\/lodz\/wp-content\/uploads\/2025\/05\/zestawienie-znakow-kolor-scaled.jpg","datePublished":"2025-11-19T12:29:10+00:00","dateModified":"2025-11-19T13:03:21+00:00","description":"AKADEMIA ZDROWIA PROJEKTY UNIJNE Edukacja na nowo w \u0141\u00f3dzkiem Projekt Projekt Projekt \u201eEdukacja na nowo w \u0141\u00f3dzkiem\u201d wsp\u00f3\u0142finansowany ze \u015brodk\u00f3w","breadcrumb":{"@id":"https:\/\/akademia-zdrowia.pl\/lodz\/oferta-szkoleniowa\/projekty-unijne\/edukacja-na-nowo-w-lodzkiem\/#breadcrumb"},"inLanguage":"pl-PL","potentialAction":[{"@type":"ReadAction","target":["https:\/\/akademia-zdrowia.pl\/lodz\/oferta-szkoleniowa\/projekty-unijne\/edukacja-na-nowo-w-lodzkiem\/"]}]},{"@type":"ImageObject","inLanguage":"pl-PL","@id":"https:\/\/akademia-zdrowia.pl\/lodz\/oferta-szkoleniowa\/projekty-unijne\/edukacja-na-nowo-w-lodzkiem\/#primaryimage","url":"https:\/\/akademia-zdrowia.pl\/lodz\/wp-content\/uploads\/2025\/05\/zestawienie-znakow-kolor-scaled.jpg","contentUrl":"https:\/\/akademia-zdrowia.pl\/lodz\/wp-content\/uploads\/2025\/05\/zestawienie-znakow-kolor-scaled.jpg","width":2560,"height":257},{"@type":"BreadcrumbList","@id":"https:\/\/akademia-zdrowia.pl\/lodz\/oferta-szkoleniowa\/projekty-unijne\/edukacja-na-nowo-w-lodzkiem\/#breadcrumb","itemListElement":[{"@type":"ListItem","position":1,"name":"Strona g\u0142\u00f3wna","item":"https:\/\/akademia-zdrowia.pl\/lodz\/"},{"@type":"ListItem","position":2,"name":"Oferta szkoleniowa","item":"https:\/\/akademia-zdrowia.pl\/lodz\/oferta-szkoleniowa\/"},{"@type":"ListItem","position":3,"name":"Projekty unijne","item":"https:\/\/akademia-zdrowia.pl\/lodz\/oferta-szkoleniowa\/projekty-unijne\/"},{"@type":"ListItem","position":4,"name":"Edukacja na nowo w \u0141\u00f3dzkiem"}]},{"@type":"WebSite","@id":"https:\/\/akademia-zdrowia.pl\/lodz\/#website","url":"https:\/\/akademia-zdrowia.pl\/lodz\/","name":"Akademia Zdrowia \u0141\u00f3d\u017a","description":"","potentialAction":[{"@type":"SearchAction","target":{"@type":"EntryPoint","urlTemplate":"https:\/\/akademia-zdrowia.pl\/lodz\/?s={search_term_string}"},"query-input":{"@type":"PropertyValueSpecification","valueRequired":true,"valueName":"search_term_string"}}],"inLanguage":"pl-PL"}]}},"_links":{"self":[{"href":"https:\/\/akademia-zdrowia.pl\/lodz\/wp-json\/wp\/v2\/pages\/17305","targetHints":{"allow":["GET"]}}],"collection":[{"href":"https:\/\/akademia-zdrowia.pl\/lodz\/wp-json\/wp\/v2\/pages"}],"about":[{"href":"https:\/\/akademia-zdrowia.pl\/lodz\/wp-json\/wp\/v2\/types\/page"}],"author":[{"embeddable":true,"href":"https:\/\/akademia-zdrowia.pl\/lodz\/wp-json\/wp\/v2\/users\/3"}],"replies":[{"embeddable":true,"href":"https:\/\/akademia-zdrowia.pl\/lodz\/wp-json\/wp\/v2\/comments?post=17305"}],"version-history":[{"count":17,"href":"https:\/\/akademia-zdrowia.pl\/lodz\/wp-json\/wp\/v2\/pages\/17305\/revisions"}],"predecessor-version":[{"id":17327,"href":"https:\/\/akademia-zdrowia.pl\/lodz\/wp-json\/wp\/v2\/pages\/17305\/revisions\/17327"}],"up":[{"embeddable":true,"href":"https:\/\/akademia-zdrowia.pl\/lodz\/wp-json\/wp\/v2\/pages\/55"}],"wp:attachment":[{"href":"https:\/\/akademia-zdrowia.pl\/lodz\/wp-json\/wp\/v2\/media?parent=17305"}],"curies":[{"name":"wp","href":"https:\/\/api.w.org\/{rel}","templated":true}]}}