{"id":1734,"date":"2019-01-07T05:09:24","date_gmt":"2019-01-07T04:09:24","guid":{"rendered":"https:\/\/akademia-zdrowia.pl\/lodz\/?page_id=1734"},"modified":"2021-11-09T17:15:55","modified_gmt":"2021-11-09T16:15:55","slug":"kurs-a1-a2-dla-pracownikow-medycznych","status":"publish","type":"page","link":"https:\/\/akademia-zdrowia.pl\/lodz\/kurs-a1-a2-dla-pracownikow-medycznych\/","title":{"rendered":"Kurs B1-B2 dla pracownik\u00f3w medycznych"},"content":{"rendered":"\t\t<div data-elementor-type=\"wp-page\" data-elementor-id=\"1734\" class=\"elementor elementor-1734\" data-elementor-post-type=\"page\">\n\t\t\t\t\t\t<section class=\"elementor-section elementor-top-section elementor-element elementor-element-1af50d9e elementor-section-boxed elementor-section-height-default elementor-section-height-default\" data-id=\"1af50d9e\" data-element_type=\"section\" data-e-type=\"section\">\n\t\t\t\t\t\t<div class=\"elementor-container elementor-column-gap-default\">\n\t\t\t\t\t<div class=\"elementor-column elementor-col-100 elementor-top-column elementor-element elementor-element-5b849d7d\" data-id=\"5b849d7d\" data-element_type=\"column\" data-e-type=\"column\">\n\t\t\t<div class=\"elementor-widget-wrap elementor-element-populated\">\n\t\t\t\t\t\t<div class=\"elementor-element elementor-element-45487760 elementor-widget elementor-widget-text-editor\" data-id=\"45487760\" data-element_type=\"widget\" data-e-type=\"widget\" data-widget_type=\"text-editor.default\">\n\t\t\t\t<div class=\"elementor-widget-container\">\n\t\t\t\t\t\t\t\t\t<p><strong>Cel:<\/strong> Podniesienie i wzmocnienie kompetencji j\u0119zykowych &nbsp;w&nbsp; zakresie s\u0142ownictwa medycznego oraz pracy z pacjentem i dokumentacj\u0105 medyczn\u0105, pozwalaj\u0105ce na swobodn\u0105 prac\u0119 w oparciu o j\u0119zyk angielski.<\/p>\n<p><strong>Poziom:<\/strong> B1- B2<\/p>\n<p><strong>Ilo\u015b\u0107 godzin: <\/strong>60 (1x tyg. 4 godziny lekcyjne po 45 min) lub 2x tygodniowo w blokach 2,15 h ( 3 x 45 min).<\/p>\n<p><strong>Przewidywany czas rozpocz\u0119cia :&nbsp; <\/strong>Od&nbsp;21&nbsp;lutego do czerwca 2019 roku<\/p>\n<p>Mo\u017cliwo\u015b\u0107 zako\u0144czenia szkolenia mi\u0119dzynarodowym egzaminem TOEIC.<\/p>\n<p>&nbsp;<\/p>\n<p>Obecnie trwa Rekrutacja uczestnik\u00f3w<\/p>\n<p><strong>Zapraszamy &nbsp;do zapis\u00f3w na kursy:<\/strong><\/p>\n<p>Akademia J\u0119zyk\u00f3w Obcych<\/p>\n<p>\u0141\u00f3d\u017a tel. (42) 255 77 02, 609&nbsp;397 720<\/p>\n<p>e-mail: centrumjezykowe@akademia-zdrowia.pl<\/p>\n<p>&nbsp;<\/p>\n<p>&nbsp;<\/p>\t\t\t\t\t\t\t\t<\/div>\n\t\t\t\t<\/div>\n\t\t\t\t\t<\/div>\n\t\t<\/div>\n\t\t\t\t\t<\/div>\n\t\t<\/section>\n\t\t\t\t<\/div>\n\t\t","protected":false},"excerpt":{"rendered":"<p>Cel: Podniesienie i wzmocnienie kompetencji j\u0119zykowych &nbsp;w&nbsp; zakresie s\u0142ownictwa medycznego oraz pracy z pacjentem i dokumentacj\u0105 medyczn\u0105, pozwalaj\u0105ce na swobodn\u0105 prac\u0119 w oparciu o j\u0119zyk angielski. Poziom: B1- B2 Ilo\u015b\u0107 godzin: 60 (1x tyg. 4 godziny lekcyjne po 45 min) lub 2x tygodniowo w blokach 2,15 h ( 3 x 45 min). Przewidywany czas rozpocz\u0119cia&#8230;<\/p>\n","protected":false},"author":1,"featured_media":0,"parent":0,"menu_order":0,"comment_status":"closed","ping_status":"closed","template":"","meta":{"footnotes":""},"class_list":["post-1734","page","type-page","status-publish","hentry"],"yoast_head":"<!-- This site is optimized with the Yoast SEO Premium plugin v18.9 (Yoast SEO v27.2) - https:\/\/yoast.com\/product\/yoast-seo-premium-wordpress\/ -->\n<title>Kurs B1-B2 dla pracownik\u00f3w medycznych - Akademia Zdrowia \u0141\u00f3d\u017a - Kursy zawodowe, szko\u0142y policealne, szko\u0142y dla doros\u0142ych<\/title>\n<meta name=\"description\" content=\"Cel: Podniesienie i wzmocnienie kompetencji j\u0119zykowych &nbsp;w&nbsp; zakresie s\u0142ownictwa medycznego oraz pracy z pacjentem i dokumentacj\u0105 medyczn\u0105,\" \/>\n<meta name=\"robots\" content=\"index, follow, max-snippet:-1, max-image-preview:large, max-video-preview:-1\" \/>\n<link rel=\"canonical\" href=\"https:\/\/akademia-zdrowia.pl\/lodz\/kurs-a1-a2-dla-pracownikow-medycznych\/\" \/>\n<meta property=\"og:locale\" content=\"pl_PL\" \/>\n<meta property=\"og:type\" content=\"article\" \/>\n<meta property=\"og:title\" content=\"Kurs B1-B2 dla pracownik\u00f3w medycznych\" \/>\n<meta property=\"og:description\" content=\"Cel: Podniesienie i wzmocnienie kompetencji j\u0119zykowych &nbsp;w&nbsp; zakresie s\u0142ownictwa medycznego oraz pracy z pacjentem i dokumentacj\u0105 medyczn\u0105,\" \/>\n<meta property=\"og:url\" content=\"https:\/\/akademia-zdrowia.pl\/lodz\/kurs-a1-a2-dla-pracownikow-medycznych\/\" \/>\n<meta property=\"og:site_name\" content=\"Akademia Zdrowia \u0141\u00f3d\u017a\" \/>\n<meta property=\"article:modified_time\" content=\"2021-11-09T16:15:55+00:00\" \/>\n<meta name=\"twitter:card\" content=\"summary_large_image\" \/>\n<meta name=\"twitter:label1\" content=\"Szacowany czas czytania\" \/>\n\t<meta name=\"twitter:data1\" content=\"1 minuta\" \/>\n<script type=\"application\/ld+json\" class=\"yoast-schema-graph\">{\"@context\":\"https:\/\/schema.org\",\"@graph\":[{\"@type\":\"WebPage\",\"@id\":\"https:\/\/akademia-zdrowia.pl\/lodz\/kurs-a1-a2-dla-pracownikow-medycznych\/\",\"url\":\"https:\/\/akademia-zdrowia.pl\/lodz\/kurs-a1-a2-dla-pracownikow-medycznych\/\",\"name\":\"Kurs B1-B2 dla pracownik\u00f3w medycznych - Akademia Zdrowia \u0141\u00f3d\u017a - Kursy zawodowe, szko\u0142y policealne, szko\u0142y dla doros\u0142ych\",\"isPartOf\":{\"@id\":\"https:\/\/akademia-zdrowia.pl\/lodz\/#website\"},\"datePublished\":\"2019-01-07T04:09:24+00:00\",\"dateModified\":\"2021-11-09T16:15:55+00:00\",\"description\":\"Cel: Podniesienie i wzmocnienie kompetencji j\u0119zykowych &nbsp;w&nbsp; zakresie s\u0142ownictwa medycznego oraz pracy z pacjentem i dokumentacj\u0105 medyczn\u0105,\",\"breadcrumb\":{\"@id\":\"https:\/\/akademia-zdrowia.pl\/lodz\/kurs-a1-a2-dla-pracownikow-medycznych\/#breadcrumb\"},\"inLanguage\":\"pl-PL\",\"potentialAction\":[{\"@type\":\"ReadAction\",\"target\":[\"https:\/\/akademia-zdrowia.pl\/lodz\/kurs-a1-a2-dla-pracownikow-medycznych\/\"]}]},{\"@type\":\"BreadcrumbList\",\"@id\":\"https:\/\/akademia-zdrowia.pl\/lodz\/kurs-a1-a2-dla-pracownikow-medycznych\/#breadcrumb\",\"itemListElement\":[{\"@type\":\"ListItem\",\"position\":1,\"name\":\"Strona g\u0142\u00f3wna\",\"item\":\"https:\/\/akademia-zdrowia.pl\/lodz\/\"},{\"@type\":\"ListItem\",\"position\":2,\"name\":\"Kurs B1-B2 dla pracownik\u00f3w medycznych\"}]},{\"@type\":\"WebSite\",\"@id\":\"https:\/\/akademia-zdrowia.pl\/lodz\/#website\",\"url\":\"https:\/\/akademia-zdrowia.pl\/lodz\/\",\"name\":\"Akademia Zdrowia \u0141\u00f3d\u017a\",\"description\":\"\",\"potentialAction\":[{\"@type\":\"SearchAction\",\"target\":{\"@type\":\"EntryPoint\",\"urlTemplate\":\"https:\/\/akademia-zdrowia.pl\/lodz\/?s={search_term_string}\"},\"query-input\":{\"@type\":\"PropertyValueSpecification\",\"valueRequired\":true,\"valueName\":\"search_term_string\"}}],\"inLanguage\":\"pl-PL\"}]}<\/script>\n<!-- \/ Yoast SEO Premium plugin. -->","yoast_head_json":{"title":"Kurs B1-B2 dla pracownik\u00f3w medycznych - Akademia Zdrowia \u0141\u00f3d\u017a - Kursy zawodowe, szko\u0142y policealne, szko\u0142y dla doros\u0142ych","description":"Cel: Podniesienie i wzmocnienie kompetencji j\u0119zykowych &nbsp;w&nbsp; zakresie s\u0142ownictwa medycznego oraz pracy z pacjentem i dokumentacj\u0105 medyczn\u0105,","robots":{"index":"index","follow":"follow","max-snippet":"max-snippet:-1","max-image-preview":"max-image-preview:large","max-video-preview":"max-video-preview:-1"},"canonical":"https:\/\/akademia-zdrowia.pl\/lodz\/kurs-a1-a2-dla-pracownikow-medycznych\/","og_locale":"pl_PL","og_type":"article","og_title":"Kurs B1-B2 dla pracownik\u00f3w medycznych","og_description":"Cel: Podniesienie i wzmocnienie kompetencji j\u0119zykowych &nbsp;w&nbsp; zakresie s\u0142ownictwa medycznego oraz pracy z pacjentem i dokumentacj\u0105 medyczn\u0105,","og_url":"https:\/\/akademia-zdrowia.pl\/lodz\/kurs-a1-a2-dla-pracownikow-medycznych\/","og_site_name":"Akademia Zdrowia \u0141\u00f3d\u017a","article_modified_time":"2021-11-09T16:15:55+00:00","twitter_card":"summary_large_image","twitter_misc":{"Szacowany czas czytania":"1 minuta"},"schema":{"@context":"https:\/\/schema.org","@graph":[{"@type":"WebPage","@id":"https:\/\/akademia-zdrowia.pl\/lodz\/kurs-a1-a2-dla-pracownikow-medycznych\/","url":"https:\/\/akademia-zdrowia.pl\/lodz\/kurs-a1-a2-dla-pracownikow-medycznych\/","name":"Kurs B1-B2 dla pracownik\u00f3w medycznych - Akademia Zdrowia \u0141\u00f3d\u017a - Kursy zawodowe, szko\u0142y policealne, szko\u0142y dla doros\u0142ych","isPartOf":{"@id":"https:\/\/akademia-zdrowia.pl\/lodz\/#website"},"datePublished":"2019-01-07T04:09:24+00:00","dateModified":"2021-11-09T16:15:55+00:00","description":"Cel: Podniesienie i wzmocnienie kompetencji j\u0119zykowych &nbsp;w&nbsp; zakresie s\u0142ownictwa medycznego oraz pracy z pacjentem i dokumentacj\u0105 medyczn\u0105,","breadcrumb":{"@id":"https:\/\/akademia-zdrowia.pl\/lodz\/kurs-a1-a2-dla-pracownikow-medycznych\/#breadcrumb"},"inLanguage":"pl-PL","potentialAction":[{"@type":"ReadAction","target":["https:\/\/akademia-zdrowia.pl\/lodz\/kurs-a1-a2-dla-pracownikow-medycznych\/"]}]},{"@type":"BreadcrumbList","@id":"https:\/\/akademia-zdrowia.pl\/lodz\/kurs-a1-a2-dla-pracownikow-medycznych\/#breadcrumb","itemListElement":[{"@type":"ListItem","position":1,"name":"Strona g\u0142\u00f3wna","item":"https:\/\/akademia-zdrowia.pl\/lodz\/"},{"@type":"ListItem","position":2,"name":"Kurs B1-B2 dla pracownik\u00f3w medycznych"}]},{"@type":"WebSite","@id":"https:\/\/akademia-zdrowia.pl\/lodz\/#website","url":"https:\/\/akademia-zdrowia.pl\/lodz\/","name":"Akademia Zdrowia \u0141\u00f3d\u017a","description":"","potentialAction":[{"@type":"SearchAction","target":{"@type":"EntryPoint","urlTemplate":"https:\/\/akademia-zdrowia.pl\/lodz\/?s={search_term_string}"},"query-input":{"@type":"PropertyValueSpecification","valueRequired":true,"valueName":"search_term_string"}}],"inLanguage":"pl-PL"}]}},"_links":{"self":[{"href":"https:\/\/akademia-zdrowia.pl\/lodz\/wp-json\/wp\/v2\/pages\/1734","targetHints":{"allow":["GET"]}}],"collection":[{"href":"https:\/\/akademia-zdrowia.pl\/lodz\/wp-json\/wp\/v2\/pages"}],"about":[{"href":"https:\/\/akademia-zdrowia.pl\/lodz\/wp-json\/wp\/v2\/types\/page"}],"author":[{"embeddable":true,"href":"https:\/\/akademia-zdrowia.pl\/lodz\/wp-json\/wp\/v2\/users\/1"}],"replies":[{"embeddable":true,"href":"https:\/\/akademia-zdrowia.pl\/lodz\/wp-json\/wp\/v2\/comments?post=1734"}],"version-history":[{"count":3,"href":"https:\/\/akademia-zdrowia.pl\/lodz\/wp-json\/wp\/v2\/pages\/1734\/revisions"}],"predecessor-version":[{"id":6411,"href":"https:\/\/akademia-zdrowia.pl\/lodz\/wp-json\/wp\/v2\/pages\/1734\/revisions\/6411"}],"wp:attachment":[{"href":"https:\/\/akademia-zdrowia.pl\/lodz\/wp-json\/wp\/v2\/media?parent=1734"}],"curies":[{"name":"wp","href":"https:\/\/api.w.org\/{rel}","templated":true}]}}