{"id":17350,"date":"2025-11-27T11:17:44","date_gmt":"2025-11-27T10:17:44","guid":{"rendered":"https:\/\/akademia-zdrowia.pl\/lodz\/?page_id=17350"},"modified":"2025-11-27T12:10:28","modified_gmt":"2025-11-27T11:10:28","slug":"faktury-informacje-i-formularze","status":"publish","type":"page","link":"https:\/\/akademia-zdrowia.pl\/lodz\/oferta-szkoleniowa\/ksztalcenie-pielegniarek-i-poloznych\/faktury-informacje-i-formularze\/","title":{"rendered":"Faktury \u2013 informacje i formularze"},"content":{"rendered":"\t\t<div data-elementor-type=\"wp-page\" data-elementor-id=\"17350\" class=\"elementor elementor-17350\" data-elementor-post-type=\"page\">\n\t\t\t\t\t\t<section class=\"elementor-section elementor-top-section elementor-element elementor-element-80f70b7 elementor-section-boxed elementor-section-height-default elementor-section-height-default\" data-id=\"80f70b7\" data-element_type=\"section\" data-e-type=\"section\">\n\t\t\t\t\t\t<div class=\"elementor-container elementor-column-gap-default\">\n\t\t\t\t\t<div class=\"elementor-column elementor-col-100 elementor-top-column elementor-element elementor-element-bad844f\" data-id=\"bad844f\" data-element_type=\"column\" data-e-type=\"column\">\n\t\t\t<div class=\"elementor-widget-wrap elementor-element-populated\">\n\t\t\t\t\t\t<div class=\"elementor-element elementor-element-2871c82 elementor-widget__width-initial elementor-widget-mobile__width-initial elementor-widget elementor-widget-rs-heading\" data-id=\"2871c82\" data-element_type=\"widget\" data-e-type=\"widget\" data-widget_type=\"rs-heading.default\">\n\t\t\t\t<div class=\"elementor-widget-container\">\n\t\t\t\t\t        <div class=\"rs-heading default \">\r\n        \t<div class=\"title-inner\">\r\n        \t\t      \t\t\r\n\t            <span class=\"sub-text \">AKADEMIA ZDROWIA DLA PIEL\u0118GNIAREK I PO\u0141O\u017bNYCH<\/span><h1 class=\"title\"><span class=\"watermark\"><\/span>Faktury - informacje i formularze<\/h1>\t        <\/div>\r\n\t                <\/div>\r\n        \t\t\t\t<\/div>\n\t\t\t\t<\/div>\n\t\t\t\t\t<\/div>\n\t\t<\/div>\n\t\t\t\t\t<\/div>\n\t\t<\/section>\n\t\t\t\t<section class=\"elementor-section elementor-top-section elementor-element elementor-element-ca766d4 elementor-section-stretched elementor-section-boxed elementor-section-height-default elementor-section-height-default\" data-id=\"ca766d4\" data-element_type=\"section\" data-e-type=\"section\" data-settings=\"{&quot;background_background&quot;:&quot;classic&quot;,&quot;stretch_section&quot;:&quot;section-stretched&quot;}\">\n\t\t\t\t\t\t<div class=\"elementor-container elementor-column-gap-default\">\n\t\t\t\t\t<div class=\"elementor-column elementor-col-50 elementor-top-column elementor-element elementor-element-e58b497\" data-id=\"e58b497\" data-element_type=\"column\" data-e-type=\"column\">\n\t\t\t<div class=\"elementor-widget-wrap elementor-element-populated\">\n\t\t\t\t\t\t<div class=\"elementor-element elementor-element-9294437 elementor-widget elementor-widget-rs-heading\" data-id=\"9294437\" data-element_type=\"widget\" data-e-type=\"widget\" data-widget_type=\"rs-heading.default\">\n\t\t\t\t<div class=\"elementor-widget-container\">\n\t\t\t\t\t        <div class=\"rs-heading default \">\r\n        \t<div class=\"title-inner\">\r\n        \t\t      \t\t\r\n\t            <span class=\"sub-text \">WA\u017bNE INFORMACJE<\/span><h2 class=\"title\"><span class=\"watermark\"><\/span>Faktury<\/h2>\t        <\/div>\r\n\t                    \t<div class=\"description\">\r\n            \t\t<p><strong>Instrukcja dotycz\u0105ca wystawiania faktur<\/strong><\/p><p>1. Z\u0142o\u017cenie wniosku o wystawienie faktury Wnioski nale\u017cy sk\u0142ada\u0107 po dokonaniu p\u0142atno\u015bci (decyduje data zaksi\u0119gowania \u015brodk\u00f3w na koncie).<br \/><br \/><strong>Mo\u017cliwe formy z\u0142o\u017cenia wniosku:<\/strong><\/p><ul><li><strong>Osobi\u015bcie:<\/strong><br \/>Dzia\u0142 Ksi\u0119gowo\u015bci<br \/>ul. Kili\u0144skiego 21, 90-205 \u0141\u00f3d\u017a, pok\u00f3j 103<\/li><li><strong>Listownie:<\/strong><br \/>na powy\u017cszy adres<\/li><li><strong>Mailowo:<\/strong><br \/><a href=\"mailto:lodz@akademia-zdrowia.pl\">lodz@akademia-zdrowia.pl<\/a><\/li><\/ul><p>2. Dane potrzebne do wystawienia faktury<br \/><strong>- Faktura na osob\u0119 fizyczn\u0105 (bez dzia\u0142alno\u015bci gospodarczej)<\/strong><br \/><strong>Podaj:<\/strong><\/p><ul><li>imi\u0119 i nazwisko<\/li><li>adres zamieszkania<\/li><li>adres e-mail do wysy\u0142ki faktury<\/li><\/ul><p><strong>Uwaga: Faktura jest wystawiana wy\u0142\u0105cznie na dane prywatne \u2013 bez NIP.<\/strong><\/p><p><strong>- Faktura na dzia\u0142alno\u015b\u0107 gospodarcz\u0105<\/strong><br \/><strong>Podaj:<\/strong><\/p><ul><li>pe\u0142n\u0105 nazw\u0119 firmy<\/li><li>adres dzia\u0142alno\u015bci<\/li><li>NIP (obowi\u0105zkowy)<\/li><li>adres e-mail do wysy\u0142ki faktury<\/li><\/ul><p><strong>3. Terminy wystawiania faktur<\/strong><\/p><ul><li>Do 7 dni \u2013 standardowy czas realizacji od momentu wp\u0142ywu kompletnego wniosku.<\/li><li>Faktury miesi\u0119czne \/ po ka\u017cdej wp\u0142acie \u2013 wystawiamy na koniec miesi\u0105ca, po zaksi\u0119gowaniu wszystkich wp\u0142at.<\/li><\/ul><p><strong>DRUKI DO POBRANIA<\/strong><\/p><p><a href=\"https:\/\/akademia-zdrowia.pl\/lodz\/wp-content\/uploads\/2025\/11\/Skierowanie-SPECJALIZACJA-jesli-PRACODAWCA-finansuje-Lodz.pdf\">Skierowanie SPECJALIZACJA je\u015bli PRACODAWCA finansuje -\u0141\u00f3d\u017a<\/a><br \/><a href=\"https:\/\/akademia-zdrowia.pl\/lodz\/wp-content\/uploads\/2025\/11\/Skierowanie-KURS-jesli-PRACODAWCA-finansuje-Lodz.pdf\">Skierowanie KURS je\u015bli PRACODAWCA finansuje -\u0141\u00f3d\u017a<\/a><br \/><a href=\"http:\/\/podanie o wystawienie faktury -\u0141\u00f3d\u017a\" data-wplink-url-error=\"true\">Podanie o wystawienie faktury -\u0141\u00f3d\u017a<\/a> <\/p>            \t\t\r\n            \t<\/div>\r\n        \t        <\/div>\r\n        \t\t\t\t<\/div>\n\t\t\t\t<\/div>\n\t\t\t\t\t<\/div>\n\t\t<\/div>\n\t\t\t\t<div class=\"elementor-column elementor-col-50 elementor-top-column elementor-element elementor-element-c27d085\" data-id=\"c27d085\" data-element_type=\"column\" data-e-type=\"column\">\n\t\t\t<div class=\"elementor-widget-wrap elementor-element-populated\">\n\t\t\t\t\t\t<div class=\"elementor-element elementor-element-5eba7bc elementor-widget elementor-widget-image\" data-id=\"5eba7bc\" data-element_type=\"widget\" data-e-type=\"widget\" data-widget_type=\"image.default\">\n\t\t\t\t<div class=\"elementor-widget-container\">\n\t\t\t\t\t\t\t\t\t\t\t\t\t\t\t<img fetchpriority=\"high\" decoding=\"async\" width=\"640\" height=\"960\" src=\"https:\/\/akademia-zdrowia.pl\/lodz\/wp-content\/uploads\/2024\/08\/specjalizacyjne-kursy-pielegniarki-683x1024.png\" class=\"attachment-large size-large wp-image-12915\" alt=\"\" srcset=\"https:\/\/akademia-zdrowia.pl\/lodz\/wp-content\/uploads\/2024\/08\/specjalizacyjne-kursy-pielegniarki-683x1024.png 683w, https:\/\/akademia-zdrowia.pl\/lodz\/wp-content\/uploads\/2024\/08\/specjalizacyjne-kursy-pielegniarki-200x300.png 200w, https:\/\/akademia-zdrowia.pl\/lodz\/wp-content\/uploads\/2024\/08\/specjalizacyjne-kursy-pielegniarki-768x1152.png 768w, https:\/\/akademia-zdrowia.pl\/lodz\/wp-content\/uploads\/2024\/08\/specjalizacyjne-kursy-pielegniarki-1024x1536.png 1024w, https:\/\/akademia-zdrowia.pl\/lodz\/wp-content\/uploads\/2024\/08\/specjalizacyjne-kursy-pielegniarki-500x750.png 500w, https:\/\/akademia-zdrowia.pl\/lodz\/wp-content\/uploads\/2024\/08\/specjalizacyjne-kursy-pielegniarki.png 1152w\" sizes=\"(max-width: 640px) 100vw, 640px\" \/>\t\t\t\t\t\t\t\t\t\t\t\t\t\t\t<\/div>\n\t\t\t\t<\/div>\n\t\t\t\t\t<\/div>\n\t\t<\/div>\n\t\t\t\t\t<\/div>\n\t\t<\/section>\n\t\t\t\t<section class=\"elementor-section elementor-top-section elementor-element elementor-element-a950d78 elementor-section-boxed elementor-section-height-default elementor-section-height-default\" data-id=\"a950d78\" data-element_type=\"section\" data-e-type=\"section\" data-settings=\"{&quot;background_background&quot;:&quot;classic&quot;}\">\n\t\t\t\t\t\t<div class=\"elementor-container elementor-column-gap-default\">\n\t\t\t\t\t<div class=\"elementor-column elementor-col-50 elementor-top-column elementor-element elementor-element-a018da5\" data-id=\"a018da5\" data-element_type=\"column\" data-e-type=\"column\" data-settings=\"{&quot;background_background&quot;:&quot;classic&quot;}\">\n\t\t\t<div class=\"elementor-widget-wrap elementor-element-populated\">\n\t\t\t\t\t\t<div class=\"elementor-element elementor-element-a5cb0b5 elementor-widget-mobile__width-initial elementor-widget elementor-widget-rs-heading\" data-id=\"a5cb0b5\" data-element_type=\"widget\" data-e-type=\"widget\" data-widget_type=\"rs-heading.default\">\n\t\t\t\t<div class=\"elementor-widget-container\">\n\t\t\t\t\t        <div class=\"rs-heading default \">\r\n        \t<div class=\"title-inner\">\r\n        \t\t      \t\t\r\n\t            <span class=\"sub-text \">MASZ PYTANIA?<\/span><h2 class=\"title\"><span class=\"watermark\"><\/span>Skontaktuj si\u0119 z nami!<\/h2>\t        <\/div>\r\n\t                    \t<div class=\"description\">\r\n            \t\t<div class=\"flex-shrink-0 flex flex-col relative items-end\"><div><div class=\"pt-0\"><div class=\"gizmo-bot-avatar flex h-8 w-8 items-center justify-center overflow-hidden rounded-full\"><div class=\"relative p-1 rounded-sm flex items-center justify-center bg-token-main-surface-primary text-token-text-primary h-8 w-8\">Masz pytania dotycz\u0105ce szkole\u0144 i kurs\u00f3w dla piel\u0119gniarek i po\u0142o\u017cnych? Zadzwo\u0144 - doradzimy, pomo\u017cemy!<\/div><\/div><\/div><\/div><\/div>            \t\t\r\n            \t<\/div>\r\n        \t        <\/div>\r\n        \t\t\t\t<\/div>\n\t\t\t\t<\/div>\n\t\t\t\t<div class=\"elementor-element elementor-element-d6ce4fa elementor-widget elementor-widget-rs-button\" data-id=\"d6ce4fa\" data-element_type=\"widget\" data-e-type=\"widget\" data-widget_type=\"rs-button.default\">\n\t\t\t\t<div class=\"elementor-widget-container\">\n\t\t\t\t\t\t\r\n\t\t\r\n\t\t<div class=\"rs-view-btn\">\r\n\t\t\t\t\t\t<a class=\"rs-btn rs-btnblack rs-btn-style1\" href=\"tel:+48422557700\" >\t\t\t\t\r\n\t\t\t\t<span class=\"rs_btn__text\"><span class=\"btn_text\">ZADZWO\u0143 - 42 25 57 700<\/span><\/span>\r\n\t\t\t<\/a>\r\n\t\t<\/div>    \r\n\t\t\t\t\t<\/div>\n\t\t\t\t<\/div>\n\t\t\t\t\t<\/div>\n\t\t<\/div>\n\t\t\t\t<div class=\"elementor-column elementor-col-50 elementor-top-column elementor-element elementor-element-1ec838d\" data-id=\"1ec838d\" data-element_type=\"column\" data-e-type=\"column\">\n\t\t\t<div class=\"elementor-widget-wrap elementor-element-populated\">\n\t\t\t\t\t\t<div class=\"elementor-element elementor-element-27a553d elementor-widget elementor-widget-rs-heading\" data-id=\"27a553d\" data-element_type=\"widget\" data-e-type=\"widget\" data-widget_type=\"rs-heading.default\">\n\t\t\t\t<div class=\"elementor-widget-container\">\n\t\t\t\t\t        <div class=\"rs-heading default \">\r\n        \t<div class=\"title-inner\">\r\n        \t\t      \t\t\r\n\t            <span class=\"sub-text \">SZKOLENIA DLA PIEL\u0118GNIAREK I PO\u0141O\u017bNYCH<\/span><h2 class=\"title\"><span class=\"watermark\"><\/span>Dlaczego warto wybra\u0107 nas<\/h2>\t        <\/div>\r\n\t                    \t<div class=\"description\">\r\n            \t\t<p>Szeroki zakres szkole\u0144 dla piel\u0119gniarek i po\u0142o\u017cnych od niemal 20 lat!\u00a0Oferujemy profesjonalne programy dostosowane do potrzeb pracownik\u00f3w s\u0142u\u017cby zdrowia. Nasze szkolenia pomagaj\u0105 rozwija\u0107 umiej\u0119tno\u015bci i zdobywa\u0107 nowe kwalifikacje, aby\u015b mog\u0142a\/m\u00f3g\u0142 jeszcze lepiej dba\u0107 o swoich pacjent\u00f3w. Do\u0142\u0105cz do nas i zainwestuj w swoj\u0105 przysz\u0142o\u015b\u0107!<\/p>            \t\t\r\n            \t<\/div>\r\n        \t        <\/div>\r\n        \t\t\t\t<\/div>\n\t\t\t\t<\/div>\n\t\t\t\t\t<\/div>\n\t\t<\/div>\n\t\t\t\t\t<\/div>\n\t\t<\/section>\n\t\t\t\t<\/div>\n\t\t","protected":false},"excerpt":{"rendered":"<p>AKADEMIA ZDROWIA DLA PIEL\u0118GNIAREK I PO\u0141O\u017bNYCH Faktury &#8211; informacje i formularze WA\u017bNE INFORMACJE Faktury Instrukcja dotycz\u0105ca wystawiania faktur 1. Z\u0142o\u017cenie wniosku o wystawienie faktury Wnioski nale\u017cy sk\u0142ada\u0107 po dokonaniu p\u0142atno\u015bci (decyduje data zaksi\u0119gowania \u015brodk\u00f3w na koncie). Mo\u017cliwe formy z\u0142o\u017cenia wniosku: Osobi\u015bcie:Dzia\u0142 Ksi\u0119gowo\u015bciul. Kili\u0144skiego 21, 90-205 \u0141\u00f3d\u017a, pok\u00f3j 103 Listownie:na powy\u017cszy adres Mailowo:lodz@akademia-zdrowia.pl 2. Dane potrzebne&#8230;<\/p>\n","protected":false},"author":3,"featured_media":0,"parent":53,"menu_order":0,"comment_status":"closed","ping_status":"closed","template":"","meta":{"footnotes":""},"class_list":["post-17350","page","type-page","status-publish","hentry"],"yoast_head":"<!-- This site is optimized with the Yoast SEO Premium plugin v18.9 (Yoast SEO v27.2) - https:\/\/yoast.com\/product\/yoast-seo-premium-wordpress\/ -->\n<title>Faktury \u2013 informacje i formularze - Akademia Zdrowia \u0141\u00f3d\u017a - Kursy zawodowe, szko\u0142y policealne, szko\u0142y dla doros\u0142ych<\/title>\n<meta name=\"description\" content=\"AKADEMIA ZDROWIA DLA PIEL\u0118GNIAREK I PO\u0141O\u017bNYCHFaktury - informacje i formularze WA\u017bNE INFORMACJEFaktury Instrukcja dotycz\u0105ca wystawiania faktur1. Z\u0142o\u017cenie\" \/>\n<meta name=\"robots\" content=\"index, follow, max-snippet:-1, max-image-preview:large, max-video-preview:-1\" \/>\n<link rel=\"canonical\" href=\"https:\/\/akademia-zdrowia.pl\/lodz\/oferta-szkoleniowa\/ksztalcenie-pielegniarek-i-poloznych\/faktury-informacje-i-formularze\/\" \/>\n<meta property=\"og:locale\" content=\"pl_PL\" \/>\n<meta property=\"og:type\" content=\"article\" \/>\n<meta property=\"og:title\" content=\"Faktury \u2013 informacje i formularze\" \/>\n<meta property=\"og:description\" content=\"AKADEMIA ZDROWIA DLA PIEL\u0118GNIAREK I PO\u0141O\u017bNYCHFaktury - informacje i formularze WA\u017bNE INFORMACJEFaktury Instrukcja dotycz\u0105ca wystawiania faktur1. Z\u0142o\u017cenie\" \/>\n<meta property=\"og:url\" content=\"https:\/\/akademia-zdrowia.pl\/lodz\/oferta-szkoleniowa\/ksztalcenie-pielegniarek-i-poloznych\/faktury-informacje-i-formularze\/\" \/>\n<meta property=\"og:site_name\" content=\"Akademia Zdrowia \u0141\u00f3d\u017a\" \/>\n<meta property=\"article:modified_time\" content=\"2025-11-27T11:10:28+00:00\" \/>\n<meta property=\"og:image\" content=\"https:\/\/akademia-zdrowia.pl\/lodz\/wp-content\/uploads\/2024\/08\/specjalizacyjne-kursy-pielegniarki.png\" \/>\n\t<meta property=\"og:image:width\" content=\"1152\" \/>\n\t<meta property=\"og:image:height\" content=\"1728\" \/>\n\t<meta property=\"og:image:type\" content=\"image\/png\" \/>\n<meta name=\"twitter:card\" content=\"summary_large_image\" \/>\n<meta name=\"twitter:label1\" content=\"Szacowany czas czytania\" \/>\n\t<meta name=\"twitter:data1\" content=\"2 minuty\" \/>\n<script type=\"application\/ld+json\" class=\"yoast-schema-graph\">{\"@context\":\"https:\/\/schema.org\",\"@graph\":[{\"@type\":\"WebPage\",\"@id\":\"https:\/\/akademia-zdrowia.pl\/lodz\/oferta-szkoleniowa\/ksztalcenie-pielegniarek-i-poloznych\/faktury-informacje-i-formularze\/\",\"url\":\"https:\/\/akademia-zdrowia.pl\/lodz\/oferta-szkoleniowa\/ksztalcenie-pielegniarek-i-poloznych\/faktury-informacje-i-formularze\/\",\"name\":\"Faktury \u2013 informacje i formularze - Akademia Zdrowia \u0141\u00f3d\u017a - Kursy zawodowe, szko\u0142y policealne, szko\u0142y dla doros\u0142ych\",\"isPartOf\":{\"@id\":\"https:\/\/akademia-zdrowia.pl\/lodz\/#website\"},\"primaryImageOfPage\":{\"@id\":\"https:\/\/akademia-zdrowia.pl\/lodz\/oferta-szkoleniowa\/ksztalcenie-pielegniarek-i-poloznych\/faktury-informacje-i-formularze\/#primaryimage\"},\"image\":{\"@id\":\"https:\/\/akademia-zdrowia.pl\/lodz\/oferta-szkoleniowa\/ksztalcenie-pielegniarek-i-poloznych\/faktury-informacje-i-formularze\/#primaryimage\"},\"thumbnailUrl\":\"https:\/\/akademia-zdrowia.pl\/lodz\/wp-content\/uploads\/2024\/08\/specjalizacyjne-kursy-pielegniarki-683x1024.png\",\"datePublished\":\"2025-11-27T10:17:44+00:00\",\"dateModified\":\"2025-11-27T11:10:28+00:00\",\"description\":\"AKADEMIA ZDROWIA DLA PIEL\u0118GNIAREK I PO\u0141O\u017bNYCHFaktury - informacje i formularze WA\u017bNE INFORMACJEFaktury Instrukcja dotycz\u0105ca wystawiania faktur1. Z\u0142o\u017cenie\",\"breadcrumb\":{\"@id\":\"https:\/\/akademia-zdrowia.pl\/lodz\/oferta-szkoleniowa\/ksztalcenie-pielegniarek-i-poloznych\/faktury-informacje-i-formularze\/#breadcrumb\"},\"inLanguage\":\"pl-PL\",\"potentialAction\":[{\"@type\":\"ReadAction\",\"target\":[\"https:\/\/akademia-zdrowia.pl\/lodz\/oferta-szkoleniowa\/ksztalcenie-pielegniarek-i-poloznych\/faktury-informacje-i-formularze\/\"]}]},{\"@type\":\"ImageObject\",\"inLanguage\":\"pl-PL\",\"@id\":\"https:\/\/akademia-zdrowia.pl\/lodz\/oferta-szkoleniowa\/ksztalcenie-pielegniarek-i-poloznych\/faktury-informacje-i-formularze\/#primaryimage\",\"url\":\"https:\/\/akademia-zdrowia.pl\/lodz\/wp-content\/uploads\/2024\/08\/specjalizacyjne-kursy-pielegniarki.png\",\"contentUrl\":\"https:\/\/akademia-zdrowia.pl\/lodz\/wp-content\/uploads\/2024\/08\/specjalizacyjne-kursy-pielegniarki.png\",\"width\":1152,\"height\":1728},{\"@type\":\"BreadcrumbList\",\"@id\":\"https:\/\/akademia-zdrowia.pl\/lodz\/oferta-szkoleniowa\/ksztalcenie-pielegniarek-i-poloznych\/faktury-informacje-i-formularze\/#breadcrumb\",\"itemListElement\":[{\"@type\":\"ListItem\",\"position\":1,\"name\":\"Strona g\u0142\u00f3wna\",\"item\":\"https:\/\/akademia-zdrowia.pl\/lodz\/\"},{\"@type\":\"ListItem\",\"position\":2,\"name\":\"Oferta szkoleniowa\",\"item\":\"https:\/\/akademia-zdrowia.pl\/lodz\/oferta-szkoleniowa\/\"},{\"@type\":\"ListItem\",\"position\":3,\"name\":\"Kszta\u0142cenie piel\u0119gniarek i po\u0142o\u017cnych\",\"item\":\"https:\/\/akademia-zdrowia.pl\/lodz\/oferta-szkoleniowa\/ksztalcenie-pielegniarek-i-poloznych\/\"},{\"@type\":\"ListItem\",\"position\":4,\"name\":\"Faktury \u2013 informacje i formularze\"}]},{\"@type\":\"WebSite\",\"@id\":\"https:\/\/akademia-zdrowia.pl\/lodz\/#website\",\"url\":\"https:\/\/akademia-zdrowia.pl\/lodz\/\",\"name\":\"Akademia Zdrowia \u0141\u00f3d\u017a\",\"description\":\"\",\"potentialAction\":[{\"@type\":\"SearchAction\",\"target\":{\"@type\":\"EntryPoint\",\"urlTemplate\":\"https:\/\/akademia-zdrowia.pl\/lodz\/?s={search_term_string}\"},\"query-input\":{\"@type\":\"PropertyValueSpecification\",\"valueRequired\":true,\"valueName\":\"search_term_string\"}}],\"inLanguage\":\"pl-PL\"}]}<\/script>\n<!-- \/ Yoast SEO Premium plugin. -->","yoast_head_json":{"title":"Faktury \u2013 informacje i formularze - Akademia Zdrowia \u0141\u00f3d\u017a - Kursy zawodowe, szko\u0142y policealne, szko\u0142y dla doros\u0142ych","description":"AKADEMIA ZDROWIA DLA PIEL\u0118GNIAREK I PO\u0141O\u017bNYCHFaktury - informacje i formularze WA\u017bNE INFORMACJEFaktury Instrukcja dotycz\u0105ca wystawiania faktur1. Z\u0142o\u017cenie","robots":{"index":"index","follow":"follow","max-snippet":"max-snippet:-1","max-image-preview":"max-image-preview:large","max-video-preview":"max-video-preview:-1"},"canonical":"https:\/\/akademia-zdrowia.pl\/lodz\/oferta-szkoleniowa\/ksztalcenie-pielegniarek-i-poloznych\/faktury-informacje-i-formularze\/","og_locale":"pl_PL","og_type":"article","og_title":"Faktury \u2013 informacje i formularze","og_description":"AKADEMIA ZDROWIA DLA PIEL\u0118GNIAREK I PO\u0141O\u017bNYCHFaktury - informacje i formularze WA\u017bNE INFORMACJEFaktury Instrukcja dotycz\u0105ca wystawiania faktur1. Z\u0142o\u017cenie","og_url":"https:\/\/akademia-zdrowia.pl\/lodz\/oferta-szkoleniowa\/ksztalcenie-pielegniarek-i-poloznych\/faktury-informacje-i-formularze\/","og_site_name":"Akademia Zdrowia \u0141\u00f3d\u017a","article_modified_time":"2025-11-27T11:10:28+00:00","og_image":[{"width":1152,"height":1728,"url":"https:\/\/akademia-zdrowia.pl\/lodz\/wp-content\/uploads\/2024\/08\/specjalizacyjne-kursy-pielegniarki.png","type":"image\/png"}],"twitter_card":"summary_large_image","twitter_misc":{"Szacowany czas czytania":"2 minuty"},"schema":{"@context":"https:\/\/schema.org","@graph":[{"@type":"WebPage","@id":"https:\/\/akademia-zdrowia.pl\/lodz\/oferta-szkoleniowa\/ksztalcenie-pielegniarek-i-poloznych\/faktury-informacje-i-formularze\/","url":"https:\/\/akademia-zdrowia.pl\/lodz\/oferta-szkoleniowa\/ksztalcenie-pielegniarek-i-poloznych\/faktury-informacje-i-formularze\/","name":"Faktury \u2013 informacje i formularze - Akademia Zdrowia \u0141\u00f3d\u017a - Kursy zawodowe, szko\u0142y policealne, szko\u0142y dla doros\u0142ych","isPartOf":{"@id":"https:\/\/akademia-zdrowia.pl\/lodz\/#website"},"primaryImageOfPage":{"@id":"https:\/\/akademia-zdrowia.pl\/lodz\/oferta-szkoleniowa\/ksztalcenie-pielegniarek-i-poloznych\/faktury-informacje-i-formularze\/#primaryimage"},"image":{"@id":"https:\/\/akademia-zdrowia.pl\/lodz\/oferta-szkoleniowa\/ksztalcenie-pielegniarek-i-poloznych\/faktury-informacje-i-formularze\/#primaryimage"},"thumbnailUrl":"https:\/\/akademia-zdrowia.pl\/lodz\/wp-content\/uploads\/2024\/08\/specjalizacyjne-kursy-pielegniarki-683x1024.png","datePublished":"2025-11-27T10:17:44+00:00","dateModified":"2025-11-27T11:10:28+00:00","description":"AKADEMIA ZDROWIA DLA PIEL\u0118GNIAREK I PO\u0141O\u017bNYCHFaktury - informacje i formularze WA\u017bNE INFORMACJEFaktury Instrukcja dotycz\u0105ca wystawiania faktur1. Z\u0142o\u017cenie","breadcrumb":{"@id":"https:\/\/akademia-zdrowia.pl\/lodz\/oferta-szkoleniowa\/ksztalcenie-pielegniarek-i-poloznych\/faktury-informacje-i-formularze\/#breadcrumb"},"inLanguage":"pl-PL","potentialAction":[{"@type":"ReadAction","target":["https:\/\/akademia-zdrowia.pl\/lodz\/oferta-szkoleniowa\/ksztalcenie-pielegniarek-i-poloznych\/faktury-informacje-i-formularze\/"]}]},{"@type":"ImageObject","inLanguage":"pl-PL","@id":"https:\/\/akademia-zdrowia.pl\/lodz\/oferta-szkoleniowa\/ksztalcenie-pielegniarek-i-poloznych\/faktury-informacje-i-formularze\/#primaryimage","url":"https:\/\/akademia-zdrowia.pl\/lodz\/wp-content\/uploads\/2024\/08\/specjalizacyjne-kursy-pielegniarki.png","contentUrl":"https:\/\/akademia-zdrowia.pl\/lodz\/wp-content\/uploads\/2024\/08\/specjalizacyjne-kursy-pielegniarki.png","width":1152,"height":1728},{"@type":"BreadcrumbList","@id":"https:\/\/akademia-zdrowia.pl\/lodz\/oferta-szkoleniowa\/ksztalcenie-pielegniarek-i-poloznych\/faktury-informacje-i-formularze\/#breadcrumb","itemListElement":[{"@type":"ListItem","position":1,"name":"Strona g\u0142\u00f3wna","item":"https:\/\/akademia-zdrowia.pl\/lodz\/"},{"@type":"ListItem","position":2,"name":"Oferta szkoleniowa","item":"https:\/\/akademia-zdrowia.pl\/lodz\/oferta-szkoleniowa\/"},{"@type":"ListItem","position":3,"name":"Kszta\u0142cenie piel\u0119gniarek i po\u0142o\u017cnych","item":"https:\/\/akademia-zdrowia.pl\/lodz\/oferta-szkoleniowa\/ksztalcenie-pielegniarek-i-poloznych\/"},{"@type":"ListItem","position":4,"name":"Faktury \u2013 informacje i formularze"}]},{"@type":"WebSite","@id":"https:\/\/akademia-zdrowia.pl\/lodz\/#website","url":"https:\/\/akademia-zdrowia.pl\/lodz\/","name":"Akademia Zdrowia \u0141\u00f3d\u017a","description":"","potentialAction":[{"@type":"SearchAction","target":{"@type":"EntryPoint","urlTemplate":"https:\/\/akademia-zdrowia.pl\/lodz\/?s={search_term_string}"},"query-input":{"@type":"PropertyValueSpecification","valueRequired":true,"valueName":"search_term_string"}}],"inLanguage":"pl-PL"}]}},"_links":{"self":[{"href":"https:\/\/akademia-zdrowia.pl\/lodz\/wp-json\/wp\/v2\/pages\/17350","targetHints":{"allow":["GET"]}}],"collection":[{"href":"https:\/\/akademia-zdrowia.pl\/lodz\/wp-json\/wp\/v2\/pages"}],"about":[{"href":"https:\/\/akademia-zdrowia.pl\/lodz\/wp-json\/wp\/v2\/types\/page"}],"author":[{"embeddable":true,"href":"https:\/\/akademia-zdrowia.pl\/lodz\/wp-json\/wp\/v2\/users\/3"}],"replies":[{"embeddable":true,"href":"https:\/\/akademia-zdrowia.pl\/lodz\/wp-json\/wp\/v2\/comments?post=17350"}],"version-history":[{"count":19,"href":"https:\/\/akademia-zdrowia.pl\/lodz\/wp-json\/wp\/v2\/pages\/17350\/revisions"}],"predecessor-version":[{"id":17381,"href":"https:\/\/akademia-zdrowia.pl\/lodz\/wp-json\/wp\/v2\/pages\/17350\/revisions\/17381"}],"up":[{"embeddable":true,"href":"https:\/\/akademia-zdrowia.pl\/lodz\/wp-json\/wp\/v2\/pages\/53"}],"wp:attachment":[{"href":"https:\/\/akademia-zdrowia.pl\/lodz\/wp-json\/wp\/v2\/media?parent=17350"}],"curies":[{"name":"wp","href":"https:\/\/api.w.org\/{rel}","templated":true}]}}