{"id":303,"date":"2018-01-10T09:09:55","date_gmt":"2018-01-10T08:09:55","guid":{"rendered":"https:\/\/akademia-zdrowia.pl\/lodz\/?page_id=303"},"modified":"2022-02-13T21:02:02","modified_gmt":"2022-02-13T20:02:02","slug":"technik-masazysta","status":"publish","type":"page","link":"https:\/\/akademia-zdrowia.pl\/lodz\/oferta-szkoleniowa\/szkoly-policealne\/technik-masazysta\/","title":{"rendered":"Technik masa\u017cysta"},"content":{"rendered":"\t\t<div data-elementor-type=\"wp-page\" data-elementor-id=\"303\" class=\"elementor elementor-303\" data-elementor-post-type=\"page\">\n\t\t\t\t\t\t<section class=\"elementor-section elementor-top-section elementor-element elementor-element-5664c800 elementor-section-boxed elementor-section-height-default elementor-section-height-default\" data-id=\"5664c800\" data-element_type=\"section\" data-e-type=\"section\">\n\t\t\t\t\t\t<div class=\"elementor-container elementor-column-gap-default\">\n\t\t\t\t\t<div class=\"elementor-column elementor-col-66 elementor-top-column elementor-element elementor-element-5b38b6bf\" data-id=\"5b38b6bf\" data-element_type=\"column\" data-e-type=\"column\">\n\t\t\t<div class=\"elementor-widget-wrap elementor-element-populated\">\n\t\t\t\t\t\t<div class=\"elementor-element elementor-element-29fe42d elementor-widget elementor-widget-text-editor\" data-id=\"29fe42d\" data-element_type=\"widget\" data-e-type=\"widget\" data-widget_type=\"text-editor.default\">\n\t\t\t\t<div class=\"elementor-widget-container\">\n\t\t\t\t\t\t\t\t\t<p>Nauka w szkole trwa 2 lata. Zaj\u0119cia odbywaj\u0105 si\u0119 w systemie stacjonarnym w wymiarze 19 godzin tygodniowo.<\/p><p>Zaj\u0119cia realizowane s\u0105 w trybie stacjonarnym (od poniedzia\u0142ku do pi\u0105tku).<\/p><p>W ramach nauki uczniowie przyst\u0119puj\u0105 do egzaminu Pa\u0144stwowego w celu potwierdzenia zdobycia kwalifikacji zawodowych.<\/p><p><strong>W zawodzie technik masa\u017cysta wyodr\u0119bniona jest kwalifikacja zawodowa:<\/strong><br \/><em><strong>MED.10. \u015awiadczenie us\u0142ug w zakresie masa\u017cu<\/strong><\/em><\/p><p>CELE KSZTA\u0141CENIA:<\/p><p>Absolwent szko\u0142y prowadz\u0105cej kszta\u0142cenie w zawodzie technik masa\u017cysta powinien by\u0107 przygotowany do wykonywania zada\u0144 zawodowych w zakresie kwalifikacji:<br \/>1) wykonywania masa\u017cu w celach terapeutycznych u osoby chorej;<br \/>2) wykonywania masa\u017cu w celu wspomagania przebiegu treningu u zawodnik\u00f3w sportowych;<br \/>3) wykonywania masa\u017cu u osoby zdrowej w celu profilaktycznym i relaksacyjnym;<br \/>4) prowadzenia dzia\u0142alno\u015bci profilaktycznej, popularyzuj\u0105cej zachowania prozdrowotne.<\/p><p><strong>W dwuletnim okresie nauki uczniowie odbywaj\u0105 praktyki zawodowe w potencjalnym miejscu zatrudnienia:<\/strong><br \/>w gabinetach masa\u017cu, np. w zak\u0142adach opieki medycznej, salonach kosmetycznych, SPA, klubach sportowych.<\/p><p><strong>Absolwent szko\u0142y otrzymuje:<\/strong><\/p><ul><li>\u015bwiadectwo uko\u0144czenia Policealnej Szko\u0142y Zawodowej,<\/li><li>\u015bwiadectwo zdobytych kwalifikacji zawodowych wydane na druku pa\u0144stwowym oraz dyplom Pa\u0144stwowy wraz\u00a0 z suplementami do dyplomu w j\u0119zyku polskim i angielskim.<\/li><\/ul><p><strong>Dokumenty rekrutacyjne:<\/strong><br \/>W celu zapisu na wybrany kierunek nale\u017cy z\u0142o\u017cy\u0107 nast\u0119puj\u0105ce dokumenty:<\/p><ul><li>\u015bwiadectwo uko\u0144czenia szko\u0142y \u015bredniej,<\/li><li>za\u015bwiadczenie od lekarza medycyny pracy potwierdzaj\u0105ce brak przeciwwskaza\u0144 zdrowotnych do nauki\u00a0\u00a0\u00a0\u00a0\u00a0\u00a0\u00a0\u00a0\u00a0\u00a0\u00a0\u00a0 w wybranym zawodzie,<\/li><li>\u00a0kserokopia dowodu osobistego,<\/li><li>zdj\u0119cie legitymacyjne.<\/li><\/ul><p><strong>Przed z\u0142o\u017ceniem dokument\u00f3w rekrutacyjnych nale\u017cy uda\u0107 si\u0119 do sekretariatu szko\u0142y w celu pobrania formularzy zg\u0142oszeniowych oraz skierowania do lekarza medycyny pracy.<\/strong><\/p><p><img fetchpriority=\"high\" decoding=\"async\" class=\"aligncenter wp-image-1500 size-full\" src=\"https:\/\/akademia-zdrowia.pl\/lodz\/wp-content\/uploads\/2018\/08\/46406233_s.jpg\" alt=\"\" width=\"848\" height=\"565\" srcset=\"https:\/\/akademia-zdrowia.pl\/lodz\/wp-content\/uploads\/2018\/08\/46406233_s.jpg 848w, https:\/\/akademia-zdrowia.pl\/lodz\/wp-content\/uploads\/2018\/08\/46406233_s-300x200.jpg 300w, https:\/\/akademia-zdrowia.pl\/lodz\/wp-content\/uploads\/2018\/08\/46406233_s-768x512.jpg 768w\" sizes=\"(max-width: 848px) 100vw, 848px\" \/><\/p>\t\t\t\t\t\t\t\t<\/div>\n\t\t\t\t<\/div>\n\t\t\t\t\t<\/div>\n\t\t<\/div>\n\t\t\t\t<div class=\"elementor-column elementor-col-33 elementor-top-column elementor-element elementor-element-554a09fb\" data-id=\"554a09fb\" data-element_type=\"column\" data-e-type=\"column\">\n\t\t\t<div class=\"elementor-widget-wrap elementor-element-populated\">\n\t\t\t\t\t\t<div class=\"elementor-element elementor-element-190c5a1d elementor-widget elementor-widget-rs-image\" data-id=\"190c5a1d\" data-element_type=\"widget\" data-e-type=\"widget\" data-widget_type=\"rs-image.default\">\n\t\t\t\t<div class=\"elementor-widget-container\">\n\t\t\t\t\t\n        <div class=\"rs-image \">\n                            <img decoding=\"async\" class=\"rs-multi-image \" src=\"https:\/\/akademia-zdrowia.pl\/lodz\/wp-content\/uploads\/2022\/01\/IMG_0795-2-scaled.jpg\" alt=\"image\"\/>\n                    <\/div>\n\n              \n    \t\t\t\t<\/div>\n\t\t\t\t<\/div>\n\t\t\t\t<div class=\"elementor-element elementor-element-41763d95 elementor-widget elementor-widget-text-editor\" data-id=\"41763d95\" data-element_type=\"widget\" data-e-type=\"widget\" data-widget_type=\"text-editor.default\">\n\t\t\t\t<div class=\"elementor-widget-container\">\n\t\t\t\t\t\t\t\t\t<div class=\"adres\"><div class=\"adres\"><p style=\"text-align: center;\">ul. Jana Kili\u0144skiego 21<br \/><span style=\"color: var( --e-global-color-text ); font-family: var( --e-global-typography-text-font-family ), Sans-serif; font-weight: var( --e-global-typography-text-font-weight );\">90-205 \u0141\u00f3d\u017a<br \/><\/span><img decoding=\"async\" style=\"color: var( --e-global-color-text ); font-family: var( --e-global-typography-text-font-family ), Sans-serif; font-weight: var( --e-global-typography-text-font-weight );\" src=\"https:\/\/akademia-zdrowia.pl\/lodz\/wp-content\/themes\/akademia-podstrona\/img\/phone-ico_red.png\" alt=\"marker\" \/><span style=\"color: var( --e-global-color-text ); font-family: var( --e-global-typography-text-font-family ), Sans-serif; font-weight: var( --e-global-typography-text-font-weight );\">\u00a0\u00a0<\/span><span style=\"color: var( --e-global-color-text ); font-family: var( --e-global-typography-text-font-family ), Sans-serif; font-weight: var( --e-global-typography-text-font-weight );\">tel.\u00a0<\/span><a style=\"font-family: var( --e-global-typography-text-font-family ), Sans-serif; font-weight: var( --e-global-typography-text-font-weight ); background-color: #ffffff;\" href=\"tel:42 255 77 00\">42 255 77 00<\/a><span style=\"color: var( --e-global-color-text ); font-family: var( --e-global-typography-text-font-family ), Sans-serif; font-weight: var( --e-global-typography-text-font-weight );\">\u00a0\u00a0<\/span><span style=\"color: var( --e-global-color-text ); font-family: var( --e-global-typography-text-font-family ), Sans-serif; font-weight: var( --e-global-typography-text-font-weight );\">tel.\/fax\u00a0<\/span><a style=\"font-family: var( --e-global-typography-text-font-family ), Sans-serif; font-weight: var( --e-global-typography-text-font-weight ); background-color: #ffffff;\" href=\"tel:42 255 77 01\">42 255 77 01<\/a><\/p><\/div><div class=\"dodatkowe\"><p style=\"text-align: center;\">Sekretariat czynny od poniedzia\u0142ku do pi\u0105tku w godzinach 9.00-16.00<\/p><p style=\"text-align: center;\"><span style=\"color: #000080; font-family: var( --e-global-typography-text-font-family ), Sans-serif;\"><b>Zarezerwuj miejsce ju\u017c dzi\u015b!<\/b><\/span><\/p><\/div><\/div>\t\t\t\t\t\t\t\t<\/div>\n\t\t\t\t<\/div>\n\t\t\t\t\t<\/div>\n\t\t<\/div>\n\t\t\t\t\t<\/div>\n\t\t<\/section>\n\t\t\t\t<\/div>\n\t\t","protected":false},"excerpt":{"rendered":"<p>Nauka w szkole trwa 2 lata. Zaj\u0119cia odbywaj\u0105 si\u0119 w systemie stacjonarnym w wymiarze 19 godzin tygodniowo. Zaj\u0119cia realizowane s\u0105 w trybie stacjonarnym (od poniedzia\u0142ku do pi\u0105tku). W ramach nauki uczniowie przyst\u0119puj\u0105 do egzaminu Pa\u0144stwowego w celu potwierdzenia zdobycia kwalifikacji zawodowych. W zawodzie technik masa\u017cysta wyodr\u0119bniona jest kwalifikacja zawodowa:MED.10. \u015awiadczenie us\u0142ug w zakresie masa\u017cu CELE&#8230;<\/p>\n","protected":false},"author":1,"featured_media":0,"parent":47,"menu_order":0,"comment_status":"closed","ping_status":"closed","template":"","meta":{"footnotes":""},"class_list":["post-303","page","type-page","status-publish","hentry"],"yoast_head":"<!-- This site is optimized with the Yoast SEO Premium plugin v18.9 (Yoast SEO v27.2) - https:\/\/yoast.com\/product\/yoast-seo-premium-wordpress\/ -->\n<title>Technik masa\u017cysta - Akademia Zdrowia \u0141\u00f3d\u017a - Kursy zawodowe, szko\u0142y policealne, szko\u0142y dla doros\u0142ych<\/title>\n<meta name=\"description\" content=\"Nauka w szkole trwa 2 lata. Zaj\u0119cia odbywaj\u0105 si\u0119 w systemie stacjonarnym w wymiarze 19 godzin tygodniowo.Zaj\u0119cia realizowane s\u0105 w trybie stacjonarnym (od\" \/>\n<meta name=\"robots\" content=\"index, follow, max-snippet:-1, max-image-preview:large, max-video-preview:-1\" \/>\n<link rel=\"canonical\" href=\"https:\/\/akademia-zdrowia.pl\/lodz\/oferta-szkoleniowa\/szkoly-policealne\/technik-masazysta\/\" \/>\n<meta property=\"og:locale\" content=\"pl_PL\" \/>\n<meta property=\"og:type\" content=\"article\" \/>\n<meta property=\"og:title\" content=\"Technik masa\u017cysta\" \/>\n<meta property=\"og:description\" content=\"Nauka w szkole trwa 2 lata. Zaj\u0119cia odbywaj\u0105 si\u0119 w systemie stacjonarnym w wymiarze 19 godzin tygodniowo.Zaj\u0119cia realizowane s\u0105 w trybie stacjonarnym (od\" \/>\n<meta property=\"og:url\" content=\"https:\/\/akademia-zdrowia.pl\/lodz\/oferta-szkoleniowa\/szkoly-policealne\/technik-masazysta\/\" \/>\n<meta property=\"og:site_name\" content=\"Akademia Zdrowia \u0141\u00f3d\u017a\" \/>\n<meta property=\"article:modified_time\" content=\"2022-02-13T20:02:02+00:00\" \/>\n<meta property=\"og:image\" content=\"https:\/\/akademia-zdrowia.pl\/lodz\/wp-content\/uploads\/2018\/08\/46406233_s.jpg\" \/>\n<meta name=\"twitter:card\" content=\"summary_large_image\" \/>\n<meta name=\"twitter:label1\" content=\"Szacowany czas czytania\" \/>\n\t<meta name=\"twitter:data1\" content=\"3 minuty\" \/>\n<script type=\"application\/ld+json\" class=\"yoast-schema-graph\">{\"@context\":\"https:\/\/schema.org\",\"@graph\":[{\"@type\":\"WebPage\",\"@id\":\"https:\/\/akademia-zdrowia.pl\/lodz\/oferta-szkoleniowa\/szkoly-policealne\/technik-masazysta\/\",\"url\":\"https:\/\/akademia-zdrowia.pl\/lodz\/oferta-szkoleniowa\/szkoly-policealne\/technik-masazysta\/\",\"name\":\"Technik masa\u017cysta - Akademia Zdrowia \u0141\u00f3d\u017a - Kursy zawodowe, szko\u0142y policealne, szko\u0142y dla doros\u0142ych\",\"isPartOf\":{\"@id\":\"https:\/\/akademia-zdrowia.pl\/lodz\/#website\"},\"primaryImageOfPage\":{\"@id\":\"https:\/\/akademia-zdrowia.pl\/lodz\/oferta-szkoleniowa\/szkoly-policealne\/technik-masazysta\/#primaryimage\"},\"image\":{\"@id\":\"https:\/\/akademia-zdrowia.pl\/lodz\/oferta-szkoleniowa\/szkoly-policealne\/technik-masazysta\/#primaryimage\"},\"thumbnailUrl\":\"https:\/\/akademia-zdrowia.pl\/lodz\/wp-content\/uploads\/2018\/08\/46406233_s.jpg\",\"datePublished\":\"2018-01-10T08:09:55+00:00\",\"dateModified\":\"2022-02-13T20:02:02+00:00\",\"description\":\"Nauka w szkole trwa 2 lata. Zaj\u0119cia odbywaj\u0105 si\u0119 w systemie stacjonarnym w wymiarze 19 godzin tygodniowo.Zaj\u0119cia realizowane s\u0105 w trybie stacjonarnym (od\",\"breadcrumb\":{\"@id\":\"https:\/\/akademia-zdrowia.pl\/lodz\/oferta-szkoleniowa\/szkoly-policealne\/technik-masazysta\/#breadcrumb\"},\"inLanguage\":\"pl-PL\",\"potentialAction\":[{\"@type\":\"ReadAction\",\"target\":[\"https:\/\/akademia-zdrowia.pl\/lodz\/oferta-szkoleniowa\/szkoly-policealne\/technik-masazysta\/\"]}]},{\"@type\":\"ImageObject\",\"inLanguage\":\"pl-PL\",\"@id\":\"https:\/\/akademia-zdrowia.pl\/lodz\/oferta-szkoleniowa\/szkoly-policealne\/technik-masazysta\/#primaryimage\",\"url\":\"https:\/\/akademia-zdrowia.pl\/lodz\/wp-content\/uploads\/2018\/08\/46406233_s.jpg\",\"contentUrl\":\"https:\/\/akademia-zdrowia.pl\/lodz\/wp-content\/uploads\/2018\/08\/46406233_s.jpg\",\"width\":848,\"height\":565,\"caption\":\"46406233 - spa woman. female enjoying relaxing back massage in cosmetology spa centre. body care, skin care, wellness, wellbeing, beauty treatment concept.\"},{\"@type\":\"BreadcrumbList\",\"@id\":\"https:\/\/akademia-zdrowia.pl\/lodz\/oferta-szkoleniowa\/szkoly-policealne\/technik-masazysta\/#breadcrumb\",\"itemListElement\":[{\"@type\":\"ListItem\",\"position\":1,\"name\":\"Strona g\u0142\u00f3wna\",\"item\":\"https:\/\/akademia-zdrowia.pl\/lodz\/\"},{\"@type\":\"ListItem\",\"position\":2,\"name\":\"Oferta szkoleniowa\",\"item\":\"https:\/\/akademia-zdrowia.pl\/lodz\/oferta-szkoleniowa\/\"},{\"@type\":\"ListItem\",\"position\":3,\"name\":\"Szko\u0142y policealne\",\"item\":\"https:\/\/akademia-zdrowia.pl\/lodz\/oferta-szkoleniowa\/szkoly-policealne\/\"},{\"@type\":\"ListItem\",\"position\":4,\"name\":\"Technik masa\u017cysta\"}]},{\"@type\":\"WebSite\",\"@id\":\"https:\/\/akademia-zdrowia.pl\/lodz\/#website\",\"url\":\"https:\/\/akademia-zdrowia.pl\/lodz\/\",\"name\":\"Akademia Zdrowia \u0141\u00f3d\u017a\",\"description\":\"\",\"potentialAction\":[{\"@type\":\"SearchAction\",\"target\":{\"@type\":\"EntryPoint\",\"urlTemplate\":\"https:\/\/akademia-zdrowia.pl\/lodz\/?s={search_term_string}\"},\"query-input\":{\"@type\":\"PropertyValueSpecification\",\"valueRequired\":true,\"valueName\":\"search_term_string\"}}],\"inLanguage\":\"pl-PL\"}]}<\/script>\n<!-- \/ Yoast SEO Premium plugin. -->","yoast_head_json":{"title":"Technik masa\u017cysta - Akademia Zdrowia \u0141\u00f3d\u017a - Kursy zawodowe, szko\u0142y policealne, szko\u0142y dla doros\u0142ych","description":"Nauka w szkole trwa 2 lata. Zaj\u0119cia odbywaj\u0105 si\u0119 w systemie stacjonarnym w wymiarze 19 godzin tygodniowo.Zaj\u0119cia realizowane s\u0105 w trybie stacjonarnym (od","robots":{"index":"index","follow":"follow","max-snippet":"max-snippet:-1","max-image-preview":"max-image-preview:large","max-video-preview":"max-video-preview:-1"},"canonical":"https:\/\/akademia-zdrowia.pl\/lodz\/oferta-szkoleniowa\/szkoly-policealne\/technik-masazysta\/","og_locale":"pl_PL","og_type":"article","og_title":"Technik masa\u017cysta","og_description":"Nauka w szkole trwa 2 lata. Zaj\u0119cia odbywaj\u0105 si\u0119 w systemie stacjonarnym w wymiarze 19 godzin tygodniowo.Zaj\u0119cia realizowane s\u0105 w trybie stacjonarnym (od","og_url":"https:\/\/akademia-zdrowia.pl\/lodz\/oferta-szkoleniowa\/szkoly-policealne\/technik-masazysta\/","og_site_name":"Akademia Zdrowia \u0141\u00f3d\u017a","article_modified_time":"2022-02-13T20:02:02+00:00","og_image":[{"url":"https:\/\/akademia-zdrowia.pl\/lodz\/wp-content\/uploads\/2018\/08\/46406233_s.jpg","type":"","width":"","height":""}],"twitter_card":"summary_large_image","twitter_misc":{"Szacowany czas czytania":"3 minuty"},"schema":{"@context":"https:\/\/schema.org","@graph":[{"@type":"WebPage","@id":"https:\/\/akademia-zdrowia.pl\/lodz\/oferta-szkoleniowa\/szkoly-policealne\/technik-masazysta\/","url":"https:\/\/akademia-zdrowia.pl\/lodz\/oferta-szkoleniowa\/szkoly-policealne\/technik-masazysta\/","name":"Technik masa\u017cysta - Akademia Zdrowia \u0141\u00f3d\u017a - Kursy zawodowe, szko\u0142y policealne, szko\u0142y dla doros\u0142ych","isPartOf":{"@id":"https:\/\/akademia-zdrowia.pl\/lodz\/#website"},"primaryImageOfPage":{"@id":"https:\/\/akademia-zdrowia.pl\/lodz\/oferta-szkoleniowa\/szkoly-policealne\/technik-masazysta\/#primaryimage"},"image":{"@id":"https:\/\/akademia-zdrowia.pl\/lodz\/oferta-szkoleniowa\/szkoly-policealne\/technik-masazysta\/#primaryimage"},"thumbnailUrl":"https:\/\/akademia-zdrowia.pl\/lodz\/wp-content\/uploads\/2018\/08\/46406233_s.jpg","datePublished":"2018-01-10T08:09:55+00:00","dateModified":"2022-02-13T20:02:02+00:00","description":"Nauka w szkole trwa 2 lata. Zaj\u0119cia odbywaj\u0105 si\u0119 w systemie stacjonarnym w wymiarze 19 godzin tygodniowo.Zaj\u0119cia realizowane s\u0105 w trybie stacjonarnym (od","breadcrumb":{"@id":"https:\/\/akademia-zdrowia.pl\/lodz\/oferta-szkoleniowa\/szkoly-policealne\/technik-masazysta\/#breadcrumb"},"inLanguage":"pl-PL","potentialAction":[{"@type":"ReadAction","target":["https:\/\/akademia-zdrowia.pl\/lodz\/oferta-szkoleniowa\/szkoly-policealne\/technik-masazysta\/"]}]},{"@type":"ImageObject","inLanguage":"pl-PL","@id":"https:\/\/akademia-zdrowia.pl\/lodz\/oferta-szkoleniowa\/szkoly-policealne\/technik-masazysta\/#primaryimage","url":"https:\/\/akademia-zdrowia.pl\/lodz\/wp-content\/uploads\/2018\/08\/46406233_s.jpg","contentUrl":"https:\/\/akademia-zdrowia.pl\/lodz\/wp-content\/uploads\/2018\/08\/46406233_s.jpg","width":848,"height":565,"caption":"46406233 - spa woman. female enjoying relaxing back massage in cosmetology spa centre. body care, skin care, wellness, wellbeing, beauty treatment concept."},{"@type":"BreadcrumbList","@id":"https:\/\/akademia-zdrowia.pl\/lodz\/oferta-szkoleniowa\/szkoly-policealne\/technik-masazysta\/#breadcrumb","itemListElement":[{"@type":"ListItem","position":1,"name":"Strona g\u0142\u00f3wna","item":"https:\/\/akademia-zdrowia.pl\/lodz\/"},{"@type":"ListItem","position":2,"name":"Oferta szkoleniowa","item":"https:\/\/akademia-zdrowia.pl\/lodz\/oferta-szkoleniowa\/"},{"@type":"ListItem","position":3,"name":"Szko\u0142y policealne","item":"https:\/\/akademia-zdrowia.pl\/lodz\/oferta-szkoleniowa\/szkoly-policealne\/"},{"@type":"ListItem","position":4,"name":"Technik masa\u017cysta"}]},{"@type":"WebSite","@id":"https:\/\/akademia-zdrowia.pl\/lodz\/#website","url":"https:\/\/akademia-zdrowia.pl\/lodz\/","name":"Akademia Zdrowia \u0141\u00f3d\u017a","description":"","potentialAction":[{"@type":"SearchAction","target":{"@type":"EntryPoint","urlTemplate":"https:\/\/akademia-zdrowia.pl\/lodz\/?s={search_term_string}"},"query-input":{"@type":"PropertyValueSpecification","valueRequired":true,"valueName":"search_term_string"}}],"inLanguage":"pl-PL"}]}},"_links":{"self":[{"href":"https:\/\/akademia-zdrowia.pl\/lodz\/wp-json\/wp\/v2\/pages\/303","targetHints":{"allow":["GET"]}}],"collection":[{"href":"https:\/\/akademia-zdrowia.pl\/lodz\/wp-json\/wp\/v2\/pages"}],"about":[{"href":"https:\/\/akademia-zdrowia.pl\/lodz\/wp-json\/wp\/v2\/types\/page"}],"author":[{"embeddable":true,"href":"https:\/\/akademia-zdrowia.pl\/lodz\/wp-json\/wp\/v2\/users\/1"}],"replies":[{"embeddable":true,"href":"https:\/\/akademia-zdrowia.pl\/lodz\/wp-json\/wp\/v2\/comments?post=303"}],"version-history":[{"count":18,"href":"https:\/\/akademia-zdrowia.pl\/lodz\/wp-json\/wp\/v2\/pages\/303\/revisions"}],"predecessor-version":[{"id":8248,"href":"https:\/\/akademia-zdrowia.pl\/lodz\/wp-json\/wp\/v2\/pages\/303\/revisions\/8248"}],"up":[{"embeddable":true,"href":"https:\/\/akademia-zdrowia.pl\/lodz\/wp-json\/wp\/v2\/pages\/47"}],"wp:attachment":[{"href":"https:\/\/akademia-zdrowia.pl\/lodz\/wp-json\/wp\/v2\/media?parent=303"}],"curies":[{"name":"wp","href":"https:\/\/api.w.org\/{rel}","templated":true}]}}