{"id":307,"date":"2018-01-10T09:11:04","date_gmt":"2018-01-10T08:11:04","guid":{"rendered":"https:\/\/akademia-zdrowia.pl\/lodz\/?page_id=307"},"modified":"2022-02-13T21:02:36","modified_gmt":"2022-02-13T20:02:36","slug":"technik-uslug-kosmetycznych","status":"publish","type":"page","link":"https:\/\/akademia-zdrowia.pl\/lodz\/oferta-szkoleniowa\/szkoly-policealne\/technik-uslug-kosmetycznych\/","title":{"rendered":"Technik us\u0142ug kosmetycznych"},"content":{"rendered":"\t\t<div data-elementor-type=\"wp-page\" data-elementor-id=\"307\" class=\"elementor elementor-307\" data-elementor-post-type=\"page\">\n\t\t\t\t\t\t<section class=\"elementor-section elementor-top-section elementor-element elementor-element-60d241d7 elementor-section-boxed elementor-section-height-default elementor-section-height-default\" data-id=\"60d241d7\" data-element_type=\"section\" data-e-type=\"section\">\n\t\t\t\t\t\t<div class=\"elementor-container elementor-column-gap-default\">\n\t\t\t\t\t<div class=\"elementor-column elementor-col-66 elementor-top-column elementor-element elementor-element-405a9c1\" data-id=\"405a9c1\" data-element_type=\"column\" data-e-type=\"column\">\n\t\t\t<div class=\"elementor-widget-wrap elementor-element-populated\">\n\t\t\t\t\t\t<div class=\"elementor-element elementor-element-1ab5c03 elementor-widget elementor-widget-text-editor\" data-id=\"1ab5c03\" data-element_type=\"widget\" data-e-type=\"widget\" data-widget_type=\"text-editor.default\">\n\t\t\t\t<div class=\"elementor-widget-container\">\n\t\t\t\t\t\t\t\t\t<p align=\"left\">Nauka w szkole trwa 2 lata.<\/p>\n<p align=\"left\">Zaj\u0119cia realizowane s\u0105 w systemie zaocznym (co dwa tygodnie w soboty i niedziele).<\/p>\n<p align=\"left\">W ramach nauki s\u0142uchacze przyst\u0119puj\u0105 do <strong>egzaminu Pa\u0144stwowego<\/strong> w celu potwierdzenia zdobycia kwalifikacji zawodowych.<\/p>\n<p align=\"left\"><strong>W zawodzie technik us\u0142ug kosmetycznych wyodr\u0119bniona jest kwalifikacja zawodowa:<\/strong><\/p>\n<p align=\"left\"><em><strong>FRK.04. Wykonywanie zabieg\u00f3w kosmetycznych<\/strong><\/em><\/p>\n<p align=\"left\">CELE KSZTA\u0141CENIA:<\/p>\n<p align=\"left\">Absolwent szko\u0142y prowadz\u0105cej kszta\u0142cenie w zawodzie technik us\u0142ug kosmetycznych powinien by\u0107 przygotowany do wykonywania zada\u0144 zawodowych w zakresie<br>kwalifikacji:<\/p>\n<p align=\"left\">1) przeprowadzenia diagnozy kosmetycznej;<br>2) wykonywania zabieg\u00f3w piel\u0119gnacji i upi\u0119kszaj\u0105cych;<br>3) udzielania porad kosmetycznych;<br>4) organizowania i prowadzenia gabinetu kosmetycznego.<\/p>\n<p align=\"left\"><strong>W dwuletnim okresie nauki s\u0142uchacze odbywaj\u0105 praktyki zawodowe potencjalnym miejscu zatrudnienia:<\/strong><\/p>\n<p align=\"left\">w zak\u0142adach i salonach kosmetycznych, firmach kosmetycznych, o\u015brodkach SPA, jako kosmetyczka-wiza\u017cystka przy produkcji film\u00f3w lub spektakl\u00f3w teatralnych.<\/p>\n<p align=\"left\"><strong>Absolwent szko\u0142y otrzymuje:<\/strong><\/p>\n<ul>\n<li>\u015bwiadectwo uko\u0144czenia Policealnej Szko\u0142y Zawodowej,<\/li>\n<li>\u015bwiadectwa zdobytych kwalifikacji zawodowych wydane na drukach Pa\u0144stwowych.<\/li>\n<\/ul>\n<p align=\"left\"><strong>Po zdobyciu wszystkich kwalifikacji wyodr\u0119bnionych w zawodzie technik us\u0142ug kosmetycznych, absolwent otrzymuje r\u00f3wnie\u017c dyplom Pa\u0144stwowy <\/strong>wraz z suplementami do dyplomu w j\u0119zyku polskim i angielskim.<\/p>\n<p align=\"left\"><strong>Dokumenty rekrutacyjne:<\/strong><\/p>\n<p align=\"left\">W celu zapisu na wybrany kierunek nale\u017cy z\u0142o\u017cy\u0107 nast\u0119puj\u0105ce dokumenty:<\/p>\n<ul>\n<li>\u015bwiadectwo uko\u0144czenia szko\u0142y \u015bredniej,<\/li>\n<li>za\u015bwiadczenie od lekarza medycyny pracy potwierdzaj\u0105ce brak przeciwwskaza\u0144 zdrowotnych do nauki w wybranym zawodzie,<\/li>\n<li>kserokopia dowodu osobistego.<\/li>\n<li>zdj\u0119cie legitymacyjne.<\/li>\n<\/ul>\n<p align=\"left\"><strong>Przed z\u0142o\u017ceniem dokument\u00f3w rekrutacyjnych nale\u017cy uda\u0107 si\u0119 do sekretariatu szko\u0142y w celu pobrania formularzy zg\u0142oszeniowych oraz skierowania do lekarza medycyny pracy.<\/strong><\/p>\n<p><img fetchpriority=\"high\" decoding=\"async\" class=\"aligncenter wp-image-5818 size-large\" src=\"https:\/\/akademia-zdrowia.pl\/lodz\/wp-content\/uploads\/2021\/11\/98301379_m-1320x264-1-1024x205.jpg\" alt=\"\" width=\"1024\" height=\"205\" srcset=\"https:\/\/akademia-zdrowia.pl\/lodz\/wp-content\/uploads\/2021\/11\/98301379_m-1320x264-1-1024x205.jpg 1024w, https:\/\/akademia-zdrowia.pl\/lodz\/wp-content\/uploads\/2021\/11\/98301379_m-1320x264-1-300x60.jpg 300w, https:\/\/akademia-zdrowia.pl\/lodz\/wp-content\/uploads\/2021\/11\/98301379_m-1320x264-1-768x154.jpg 768w, https:\/\/akademia-zdrowia.pl\/lodz\/wp-content\/uploads\/2021\/11\/98301379_m-1320x264-1-500x100.jpg 500w, https:\/\/akademia-zdrowia.pl\/lodz\/wp-content\/uploads\/2021\/11\/98301379_m-1320x264-1.jpg 1320w\" sizes=\"(max-width: 1024px) 100vw, 1024px\" \/><\/p>\t\t\t\t\t\t\t\t<\/div>\n\t\t\t\t<\/div>\n\t\t\t\t\t<\/div>\n\t\t<\/div>\n\t\t\t\t<div class=\"elementor-column elementor-col-33 elementor-top-column elementor-element elementor-element-6abdc9c5\" data-id=\"6abdc9c5\" data-element_type=\"column\" data-e-type=\"column\">\n\t\t\t<div class=\"elementor-widget-wrap elementor-element-populated\">\n\t\t\t\t\t\t<div class=\"elementor-element elementor-element-7f5791c3 elementor-widget elementor-widget-rs-image\" data-id=\"7f5791c3\" data-element_type=\"widget\" data-e-type=\"widget\" data-widget_type=\"rs-image.default\">\n\t\t\t\t<div class=\"elementor-widget-container\">\n\t\t\t\t\t\n        <div class=\"rs-image \">\n                            <img decoding=\"async\" class=\"rs-multi-image \" src=\"https:\/\/akademia-zdrowia.pl\/lodz\/wp-content\/uploads\/2022\/01\/IMG_0795-2-scaled.jpg\" alt=\"image\"\/>\n                    <\/div>\n\n              \n    \t\t\t\t<\/div>\n\t\t\t\t<\/div>\n\t\t\t\t<div class=\"elementor-element elementor-element-4bc116f6 elementor-widget elementor-widget-text-editor\" data-id=\"4bc116f6\" data-element_type=\"widget\" data-e-type=\"widget\" data-widget_type=\"text-editor.default\">\n\t\t\t\t<div class=\"elementor-widget-container\">\n\t\t\t\t\t\t\t\t\t<div class=\"adres\"><div class=\"adres\"><p style=\"text-align: center;\">ul. Jana Kili\u0144skiego 21<br \/><span style=\"color: var( --e-global-color-text ); font-family: var( --e-global-typography-text-font-family ), Sans-serif; font-weight: var( --e-global-typography-text-font-weight );\">90-205 \u0141\u00f3d\u017a<br \/><\/span><img decoding=\"async\" style=\"color: var( --e-global-color-text ); font-family: var( --e-global-typography-text-font-family ), Sans-serif; font-weight: var( --e-global-typography-text-font-weight );\" src=\"https:\/\/akademia-zdrowia.pl\/lodz\/wp-content\/themes\/akademia-podstrona\/img\/phone-ico_red.png\" alt=\"marker\" \/><span style=\"color: var( --e-global-color-text ); font-family: var( --e-global-typography-text-font-family ), Sans-serif; font-weight: var( --e-global-typography-text-font-weight );\">\u00a0\u00a0<\/span><span style=\"color: var( --e-global-color-text ); font-family: var( --e-global-typography-text-font-family ), Sans-serif; font-weight: var( --e-global-typography-text-font-weight );\">tel.\u00a0<\/span><a style=\"font-family: var( --e-global-typography-text-font-family ), Sans-serif; font-weight: var( --e-global-typography-text-font-weight ); background-color: #ffffff;\" href=\"tel:42 255 77 00\">42 255 77 00<\/a><span style=\"color: var( --e-global-color-text ); font-family: var( --e-global-typography-text-font-family ), Sans-serif; font-weight: var( --e-global-typography-text-font-weight );\">\u00a0\u00a0<\/span><span style=\"color: var( --e-global-color-text ); font-family: var( --e-global-typography-text-font-family ), Sans-serif; font-weight: var( --e-global-typography-text-font-weight );\">tel.\/fax\u00a0<\/span><a style=\"font-family: var( --e-global-typography-text-font-family ), Sans-serif; font-weight: var( --e-global-typography-text-font-weight ); background-color: #ffffff;\" href=\"tel:42 255 77 01\">42 255 77 01<\/a><\/p><\/div><div class=\"dodatkowe\"><p style=\"text-align: center;\">Sekretariat czynny od poniedzia\u0142ku do pi\u0105tku w godzinach 9.00-16.00<\/p><p style=\"text-align: center;\"><span style=\"color: #000080; font-family: var( --e-global-typography-text-font-family ), Sans-serif;\"><b>Zarezerwuj miejsce ju\u017c dzi\u015b!<\/b><\/span><\/p><\/div><\/div>\t\t\t\t\t\t\t\t<\/div>\n\t\t\t\t<\/div>\n\t\t\t\t\t<\/div>\n\t\t<\/div>\n\t\t\t\t\t<\/div>\n\t\t<\/section>\n\t\t\t\t<\/div>\n\t\t","protected":false},"excerpt":{"rendered":"<p>Nauka w szkole trwa 2 lata. Zaj\u0119cia realizowane s\u0105 w systemie zaocznym (co dwa tygodnie w soboty i niedziele). W ramach nauki s\u0142uchacze przyst\u0119puj\u0105 do egzaminu Pa\u0144stwowego w celu potwierdzenia zdobycia kwalifikacji zawodowych. W zawodzie technik us\u0142ug kosmetycznych wyodr\u0119bniona jest kwalifikacja zawodowa: FRK.04. Wykonywanie zabieg\u00f3w kosmetycznych CELE KSZTA\u0141CENIA: Absolwent szko\u0142y prowadz\u0105cej kszta\u0142cenie w zawodzie technik&#8230;<\/p>\n","protected":false},"author":1,"featured_media":0,"parent":47,"menu_order":0,"comment_status":"closed","ping_status":"closed","template":"","meta":{"footnotes":""},"class_list":["post-307","page","type-page","status-publish","hentry"],"yoast_head":"<!-- This site is optimized with the Yoast SEO Premium plugin v18.9 (Yoast SEO v27.2) - https:\/\/yoast.com\/product\/yoast-seo-premium-wordpress\/ -->\n<title>Technik us\u0142ug kosmetycznych - Akademia Zdrowia \u0141\u00f3d\u017a - Kursy zawodowe, szko\u0142y policealne, szko\u0142y dla doros\u0142ych<\/title>\n<meta name=\"description\" content=\"Nauka w szkole trwa 2 lata. Zaj\u0119cia realizowane s\u0105 w systemie zaocznym (co dwa tygodnie w soboty i niedziele). W ramach nauki s\u0142uchacze przyst\u0119puj\u0105 do\" \/>\n<meta name=\"robots\" content=\"index, follow, max-snippet:-1, max-image-preview:large, max-video-preview:-1\" \/>\n<link rel=\"canonical\" href=\"https:\/\/akademia-zdrowia.pl\/lodz\/oferta-szkoleniowa\/szkoly-policealne\/technik-uslug-kosmetycznych\/\" \/>\n<meta property=\"og:locale\" content=\"pl_PL\" \/>\n<meta property=\"og:type\" content=\"article\" \/>\n<meta property=\"og:title\" content=\"Technik us\u0142ug kosmetycznych\" \/>\n<meta property=\"og:description\" content=\"Nauka w szkole trwa 2 lata. Zaj\u0119cia realizowane s\u0105 w systemie zaocznym (co dwa tygodnie w soboty i niedziele). W ramach nauki s\u0142uchacze przyst\u0119puj\u0105 do\" \/>\n<meta property=\"og:url\" content=\"https:\/\/akademia-zdrowia.pl\/lodz\/oferta-szkoleniowa\/szkoly-policealne\/technik-uslug-kosmetycznych\/\" \/>\n<meta property=\"og:site_name\" content=\"Akademia Zdrowia \u0141\u00f3d\u017a\" \/>\n<meta property=\"article:modified_time\" content=\"2022-02-13T20:02:36+00:00\" \/>\n<meta property=\"og:image\" content=\"https:\/\/akademia-zdrowia.pl\/lodz\/wp-content\/uploads\/2021\/11\/98301379_m-1320x264-1-1024x205.jpg\" \/>\n<meta name=\"twitter:card\" content=\"summary_large_image\" \/>\n<meta name=\"twitter:label1\" content=\"Szacowany czas czytania\" \/>\n\t<meta name=\"twitter:data1\" content=\"3 minuty\" \/>\n<script type=\"application\/ld+json\" class=\"yoast-schema-graph\">{\"@context\":\"https:\/\/schema.org\",\"@graph\":[{\"@type\":\"WebPage\",\"@id\":\"https:\/\/akademia-zdrowia.pl\/lodz\/oferta-szkoleniowa\/szkoly-policealne\/technik-uslug-kosmetycznych\/\",\"url\":\"https:\/\/akademia-zdrowia.pl\/lodz\/oferta-szkoleniowa\/szkoly-policealne\/technik-uslug-kosmetycznych\/\",\"name\":\"Technik us\u0142ug kosmetycznych - Akademia Zdrowia \u0141\u00f3d\u017a - Kursy zawodowe, szko\u0142y policealne, szko\u0142y dla doros\u0142ych\",\"isPartOf\":{\"@id\":\"https:\/\/akademia-zdrowia.pl\/lodz\/#website\"},\"primaryImageOfPage\":{\"@id\":\"https:\/\/akademia-zdrowia.pl\/lodz\/oferta-szkoleniowa\/szkoly-policealne\/technik-uslug-kosmetycznych\/#primaryimage\"},\"image\":{\"@id\":\"https:\/\/akademia-zdrowia.pl\/lodz\/oferta-szkoleniowa\/szkoly-policealne\/technik-uslug-kosmetycznych\/#primaryimage\"},\"thumbnailUrl\":\"https:\/\/akademia-zdrowia.pl\/lodz\/wp-content\/uploads\/2021\/11\/98301379_m-1320x264-1-1024x205.jpg\",\"datePublished\":\"2018-01-10T08:11:04+00:00\",\"dateModified\":\"2022-02-13T20:02:36+00:00\",\"description\":\"Nauka w szkole trwa 2 lata. Zaj\u0119cia realizowane s\u0105 w systemie zaocznym (co dwa tygodnie w soboty i niedziele). W ramach nauki s\u0142uchacze przyst\u0119puj\u0105 do\",\"breadcrumb\":{\"@id\":\"https:\/\/akademia-zdrowia.pl\/lodz\/oferta-szkoleniowa\/szkoly-policealne\/technik-uslug-kosmetycznych\/#breadcrumb\"},\"inLanguage\":\"pl-PL\",\"potentialAction\":[{\"@type\":\"ReadAction\",\"target\":[\"https:\/\/akademia-zdrowia.pl\/lodz\/oferta-szkoleniowa\/szkoly-policealne\/technik-uslug-kosmetycznych\/\"]}]},{\"@type\":\"ImageObject\",\"inLanguage\":\"pl-PL\",\"@id\":\"https:\/\/akademia-zdrowia.pl\/lodz\/oferta-szkoleniowa\/szkoly-policealne\/technik-uslug-kosmetycznych\/#primaryimage\",\"url\":\"https:\/\/akademia-zdrowia.pl\/lodz\/wp-content\/uploads\/2021\/11\/98301379_m-1320x264-1.jpg\",\"contentUrl\":\"https:\/\/akademia-zdrowia.pl\/lodz\/wp-content\/uploads\/2021\/11\/98301379_m-1320x264-1.jpg\",\"width\":1320,\"height\":264,\"caption\":\"98301379 - set of decorative cosmetics: powder, lipstick and mascara isolated on white background. panoramic collage. wide photo .\"},{\"@type\":\"BreadcrumbList\",\"@id\":\"https:\/\/akademia-zdrowia.pl\/lodz\/oferta-szkoleniowa\/szkoly-policealne\/technik-uslug-kosmetycznych\/#breadcrumb\",\"itemListElement\":[{\"@type\":\"ListItem\",\"position\":1,\"name\":\"Strona g\u0142\u00f3wna\",\"item\":\"https:\/\/akademia-zdrowia.pl\/lodz\/\"},{\"@type\":\"ListItem\",\"position\":2,\"name\":\"Oferta szkoleniowa\",\"item\":\"https:\/\/akademia-zdrowia.pl\/lodz\/oferta-szkoleniowa\/\"},{\"@type\":\"ListItem\",\"position\":3,\"name\":\"Szko\u0142y policealne\",\"item\":\"https:\/\/akademia-zdrowia.pl\/lodz\/oferta-szkoleniowa\/szkoly-policealne\/\"},{\"@type\":\"ListItem\",\"position\":4,\"name\":\"Technik us\u0142ug kosmetycznych\"}]},{\"@type\":\"WebSite\",\"@id\":\"https:\/\/akademia-zdrowia.pl\/lodz\/#website\",\"url\":\"https:\/\/akademia-zdrowia.pl\/lodz\/\",\"name\":\"Akademia Zdrowia \u0141\u00f3d\u017a\",\"description\":\"\",\"potentialAction\":[{\"@type\":\"SearchAction\",\"target\":{\"@type\":\"EntryPoint\",\"urlTemplate\":\"https:\/\/akademia-zdrowia.pl\/lodz\/?s={search_term_string}\"},\"query-input\":{\"@type\":\"PropertyValueSpecification\",\"valueRequired\":true,\"valueName\":\"search_term_string\"}}],\"inLanguage\":\"pl-PL\"}]}<\/script>\n<!-- \/ Yoast SEO Premium plugin. -->","yoast_head_json":{"title":"Technik us\u0142ug kosmetycznych - Akademia Zdrowia \u0141\u00f3d\u017a - Kursy zawodowe, szko\u0142y policealne, szko\u0142y dla doros\u0142ych","description":"Nauka w szkole trwa 2 lata. Zaj\u0119cia realizowane s\u0105 w systemie zaocznym (co dwa tygodnie w soboty i niedziele). W ramach nauki s\u0142uchacze przyst\u0119puj\u0105 do","robots":{"index":"index","follow":"follow","max-snippet":"max-snippet:-1","max-image-preview":"max-image-preview:large","max-video-preview":"max-video-preview:-1"},"canonical":"https:\/\/akademia-zdrowia.pl\/lodz\/oferta-szkoleniowa\/szkoly-policealne\/technik-uslug-kosmetycznych\/","og_locale":"pl_PL","og_type":"article","og_title":"Technik us\u0142ug kosmetycznych","og_description":"Nauka w szkole trwa 2 lata. Zaj\u0119cia realizowane s\u0105 w systemie zaocznym (co dwa tygodnie w soboty i niedziele). W ramach nauki s\u0142uchacze przyst\u0119puj\u0105 do","og_url":"https:\/\/akademia-zdrowia.pl\/lodz\/oferta-szkoleniowa\/szkoly-policealne\/technik-uslug-kosmetycznych\/","og_site_name":"Akademia Zdrowia \u0141\u00f3d\u017a","article_modified_time":"2022-02-13T20:02:36+00:00","og_image":[{"url":"https:\/\/akademia-zdrowia.pl\/lodz\/wp-content\/uploads\/2021\/11\/98301379_m-1320x264-1-1024x205.jpg","type":"","width":"","height":""}],"twitter_card":"summary_large_image","twitter_misc":{"Szacowany czas czytania":"3 minuty"},"schema":{"@context":"https:\/\/schema.org","@graph":[{"@type":"WebPage","@id":"https:\/\/akademia-zdrowia.pl\/lodz\/oferta-szkoleniowa\/szkoly-policealne\/technik-uslug-kosmetycznych\/","url":"https:\/\/akademia-zdrowia.pl\/lodz\/oferta-szkoleniowa\/szkoly-policealne\/technik-uslug-kosmetycznych\/","name":"Technik us\u0142ug kosmetycznych - Akademia Zdrowia \u0141\u00f3d\u017a - Kursy zawodowe, szko\u0142y policealne, szko\u0142y dla doros\u0142ych","isPartOf":{"@id":"https:\/\/akademia-zdrowia.pl\/lodz\/#website"},"primaryImageOfPage":{"@id":"https:\/\/akademia-zdrowia.pl\/lodz\/oferta-szkoleniowa\/szkoly-policealne\/technik-uslug-kosmetycznych\/#primaryimage"},"image":{"@id":"https:\/\/akademia-zdrowia.pl\/lodz\/oferta-szkoleniowa\/szkoly-policealne\/technik-uslug-kosmetycznych\/#primaryimage"},"thumbnailUrl":"https:\/\/akademia-zdrowia.pl\/lodz\/wp-content\/uploads\/2021\/11\/98301379_m-1320x264-1-1024x205.jpg","datePublished":"2018-01-10T08:11:04+00:00","dateModified":"2022-02-13T20:02:36+00:00","description":"Nauka w szkole trwa 2 lata. Zaj\u0119cia realizowane s\u0105 w systemie zaocznym (co dwa tygodnie w soboty i niedziele). W ramach nauki s\u0142uchacze przyst\u0119puj\u0105 do","breadcrumb":{"@id":"https:\/\/akademia-zdrowia.pl\/lodz\/oferta-szkoleniowa\/szkoly-policealne\/technik-uslug-kosmetycznych\/#breadcrumb"},"inLanguage":"pl-PL","potentialAction":[{"@type":"ReadAction","target":["https:\/\/akademia-zdrowia.pl\/lodz\/oferta-szkoleniowa\/szkoly-policealne\/technik-uslug-kosmetycznych\/"]}]},{"@type":"ImageObject","inLanguage":"pl-PL","@id":"https:\/\/akademia-zdrowia.pl\/lodz\/oferta-szkoleniowa\/szkoly-policealne\/technik-uslug-kosmetycznych\/#primaryimage","url":"https:\/\/akademia-zdrowia.pl\/lodz\/wp-content\/uploads\/2021\/11\/98301379_m-1320x264-1.jpg","contentUrl":"https:\/\/akademia-zdrowia.pl\/lodz\/wp-content\/uploads\/2021\/11\/98301379_m-1320x264-1.jpg","width":1320,"height":264,"caption":"98301379 - set of decorative cosmetics: powder, lipstick and mascara isolated on white background. panoramic collage. wide photo ."},{"@type":"BreadcrumbList","@id":"https:\/\/akademia-zdrowia.pl\/lodz\/oferta-szkoleniowa\/szkoly-policealne\/technik-uslug-kosmetycznych\/#breadcrumb","itemListElement":[{"@type":"ListItem","position":1,"name":"Strona g\u0142\u00f3wna","item":"https:\/\/akademia-zdrowia.pl\/lodz\/"},{"@type":"ListItem","position":2,"name":"Oferta szkoleniowa","item":"https:\/\/akademia-zdrowia.pl\/lodz\/oferta-szkoleniowa\/"},{"@type":"ListItem","position":3,"name":"Szko\u0142y policealne","item":"https:\/\/akademia-zdrowia.pl\/lodz\/oferta-szkoleniowa\/szkoly-policealne\/"},{"@type":"ListItem","position":4,"name":"Technik us\u0142ug kosmetycznych"}]},{"@type":"WebSite","@id":"https:\/\/akademia-zdrowia.pl\/lodz\/#website","url":"https:\/\/akademia-zdrowia.pl\/lodz\/","name":"Akademia Zdrowia \u0141\u00f3d\u017a","description":"","potentialAction":[{"@type":"SearchAction","target":{"@type":"EntryPoint","urlTemplate":"https:\/\/akademia-zdrowia.pl\/lodz\/?s={search_term_string}"},"query-input":{"@type":"PropertyValueSpecification","valueRequired":true,"valueName":"search_term_string"}}],"inLanguage":"pl-PL"}]}},"_links":{"self":[{"href":"https:\/\/akademia-zdrowia.pl\/lodz\/wp-json\/wp\/v2\/pages\/307","targetHints":{"allow":["GET"]}}],"collection":[{"href":"https:\/\/akademia-zdrowia.pl\/lodz\/wp-json\/wp\/v2\/pages"}],"about":[{"href":"https:\/\/akademia-zdrowia.pl\/lodz\/wp-json\/wp\/v2\/types\/page"}],"author":[{"embeddable":true,"href":"https:\/\/akademia-zdrowia.pl\/lodz\/wp-json\/wp\/v2\/users\/1"}],"replies":[{"embeddable":true,"href":"https:\/\/akademia-zdrowia.pl\/lodz\/wp-json\/wp\/v2\/comments?post=307"}],"version-history":[{"count":21,"href":"https:\/\/akademia-zdrowia.pl\/lodz\/wp-json\/wp\/v2\/pages\/307\/revisions"}],"predecessor-version":[{"id":8251,"href":"https:\/\/akademia-zdrowia.pl\/lodz\/wp-json\/wp\/v2\/pages\/307\/revisions\/8251"}],"up":[{"embeddable":true,"href":"https:\/\/akademia-zdrowia.pl\/lodz\/wp-json\/wp\/v2\/pages\/47"}],"wp:attachment":[{"href":"https:\/\/akademia-zdrowia.pl\/lodz\/wp-json\/wp\/v2\/media?parent=307"}],"curies":[{"name":"wp","href":"https:\/\/api.w.org\/{rel}","templated":true}]}}