{"id":3332,"date":"2021-02-02T11:36:45","date_gmt":"2021-02-02T10:36:45","guid":{"rendered":"https:\/\/akademia-zdrowia.pl\/lodz\/?page_id=3332"},"modified":"2021-11-09T18:48:35","modified_gmt":"2021-11-09T17:48:35","slug":"kursy-fryzjerskie-strefa-beauty","status":"publish","type":"page","link":"https:\/\/akademia-zdrowia.pl\/lodz\/oferta-szkoleniowa\/dofinansowanie-bezplatne-szkolenia\/kursy-fryzjerskie-strefa-beauty\/","title":{"rendered":"Szkolenia fryzjerskie STREFA BEAUTY"},"content":{"rendered":"\t\t<div data-elementor-type=\"wp-page\" data-elementor-id=\"3332\" class=\"elementor elementor-3332\" data-elementor-post-type=\"page\">\n\t\t\t\t\t\t<section class=\"elementor-section elementor-top-section elementor-element elementor-element-2034eae3 elementor-section-boxed elementor-section-height-default elementor-section-height-default\" data-id=\"2034eae3\" data-element_type=\"section\" data-e-type=\"section\">\n\t\t\t\t\t\t<div class=\"elementor-container elementor-column-gap-default\">\n\t\t\t\t\t<div class=\"elementor-column elementor-col-100 elementor-top-column elementor-element elementor-element-50986853\" data-id=\"50986853\" data-element_type=\"column\" data-e-type=\"column\">\n\t\t\t<div class=\"elementor-widget-wrap elementor-element-populated\">\n\t\t\t\t\t\t<div class=\"elementor-element elementor-element-6eb38ea0 elementor-widget elementor-widget-text-editor\" data-id=\"6eb38ea0\" data-element_type=\"widget\" data-e-type=\"widget\" data-widget_type=\"text-editor.default\">\n\t\t\t\t<div class=\"elementor-widget-container\">\n\t\t\t\t\t\t\t\t\t<p><span style=\"font-size: 16px;\"><strong>1. Kurs barberski<\/strong><\/span><\/p><p><strong>Charakterystyka:<\/strong> Barber to kto\u015b wi\u0119cej ni\u017c zwyk\u0142y fryzjer m\u0119ski &#8211; to prawdziwy specjalista od stylizacji m\u0119\u017cczyzny. Je\u017celi chcesz rozwin\u0105\u0107 swoje umiej\u0119tno\u015bci i opanowa\u0107 strzy\u017cenie takimi technikami jak fade, undercut lub pompadour, to jest to co\u015b w\u0142a\u015bnie dla Ciebie. O tym, \u017ce barberstwo cieszy si\u0119 w Polsce coraz wi\u0119ksz\u0105 popularno\u015bci\u0105 (w\u015br\u00f3d klient\u00f3w i pracodawc\u00f3w!) nie musimy przypomina\u0107.\u00a0<\/p><p><strong>Zakres:<\/strong> W ramach naszego kursu b\u0119dziesz uczestniczy\u0107 nie tylko w pokazach klasycznego golenia g\u0142owy i twarzy, ale opanujesz tak\u017ce strzy\u017cenie brody i kontur\u00f3w golenia. Poza tym nauczysz si\u0119 metod pracy z g\u0142owami o r\u00f3\u017cnym kszta\u0142cie, poznasz linie porostu w\u0142os\u00f3w. Zrozumiesz jakie znaczenie dla efektu finalnego ma d\u0142ugo\u015b\u0107 w\u0142osa i kierunek czesania. A to jeszcze nie wszystko! W ramach kursu przewidywane s\u0105 pokazy, podczas kt\u00f3rych zapoznasz si\u0119 z r\u00f3\u017cnymi technikami strzy\u017cenia. Opanujesz tak\u017ce stylizacj\u0119 i dob\u00f3r produkt\u00f3w kt\u00f3re b\u0119dziesz wykorzystywa\u0107 w swojej codziennej pracy. B\u0119dziesz mia\u0142 r\u00f3wnie\u017c mo\u017cliwo\u015b\u0107 doskonalenia swoich nowo nabytych umiej\u0119tno\u015bci podczas praktycznej pracy z modelami.<\/p><p>Na zako\u0144czenie szkolenia otrzymasz dyplom uko\u0144czenia kursu w j\u0119zyku polskim i angielskim.<\/p><p><strong>2. ABC koloryzacji &#8211; ch\u0142odne blondy<\/strong><\/p><p><strong>Charakterystyka:<\/strong>\u00a0Kurs skierowany jest do os\u00f3b, kt\u00f3re chc\u0105 zdoby\u0107 praktyczn\u0105 oraz teoretyczn\u0105 wiedz\u0119 na temat zaawansowanych technik koloryzacji w\u0142os\u00f3w- szczeg\u00f3lnie w tonacji ch\u0142odnych blond\u00f3w.<\/p><p><strong>Zakres:<\/strong> Uczestnik szkolenia w czasie jego trwania zdobywa gruntown\u0105 wiedz\u0119 z zakresu kolorometrii, farbowania ca\u0142o\u015bciowego oraz tonowania w\u0142os\u00f3w. Specyfika szkolenia koncentruje si\u0119 na koloryzacji blond oraz technikach rozja\u015bniania w\u0142os\u00f3w i farbowania siwizny. Zapewniamy tak\u017ce wszelkie materia\u0142y niezb\u0119dne podczas \u0107wicze\u0144 praktycznych.\u00a0Szkolenia prowadzone s\u0105 przez specjalist\u00f3w dysponuj\u0105cych stopniem mistrza w swojej specjalno\u015bci na terenie pi\u0119ciu wojew\u00f3dztw, w kt\u00f3rych znajduj\u0105 si\u0119 filie naszej Akademii.<\/p><p>Na zako\u0144czenie szkolenia otrzymasz dyplom uko\u0144czenia kursu w j\u0119zyku polskim i angielskim.<\/p><p><strong>3. Upi\u0119cia okoliczno\u015bciowe<\/strong><\/p><p><strong>Charakterystyka:<\/strong>\u00a0Kurs skierowany jest do os\u00f3b, kt\u00f3re chc\u0105 zdoby\u0107 praktyczne i teoretyczne umiej\u0119tno\u015bci w zakresie modelowania fryzur okoliczno\u015bciowych zaawansowanymi technikami.<\/p><p><strong>Zakres:<\/strong>\u00a0Uczestnik szkolenia zdobywa sprawdzona wiedz\u0119 dotycz\u0105c\u0105 podstaw stylizacji, metod tworzenia fal i lok\u00f3w, tapirowania, a tak\u017ce upi\u0119\u0107 codziennych, biznesowych i okoliczno\u015bciowych (stylizacja \u015blubna).\u00a0Szkolenia prowadzone s\u0105 przez specjalist\u00f3w dysponuj\u0105cych stopniem mistrza w swojej specjalno\u015bci na terenie pi\u0119ciu wojew\u00f3dztw, w kt\u00f3rych znajduj\u0105 si\u0119 filie naszej Akademii.<\/p><p>Na zako\u0144czenie szkolenia otrzymasz dyplom uko\u0144czenia kursu w j\u0119zyku polskim i angielskim.<\/p><p><strong>4. Koloryzacja BLOND<\/strong><\/p><p><strong>Charakterystyka:<\/strong>\u00a0Kurs skierowany jest do os\u00f3b, kt\u00f3re chc\u0105 zdoby\u0107 wiedz\u0119 i przydatne umiej\u0119tno\u015bci dotycz\u0105ce prawid\u0142owej koloryzacji blond oraz w\u0142a\u015bciwych technik rozja\u015bniania w\u0142os\u00f3w.<\/p><p><strong>Zakres:<\/strong>\u00a0Uczestnik podczas trwania szkolenia zg\u0142\u0119bia tajniki uzyskiwania perfekcyjnego blondu oraz pe\u0142nej blasku koloryzacji a tak\u017ce wiedz\u0119 praktyczn\u0105 w zakresie strzy\u017cenia i wyko\u0144czenia fryzury.\u00a0Szkolenia prowadzone s\u0105 przez specjalist\u00f3w dysponuj\u0105cych stopniem mistrza w swojej specjalno\u015bci na terenie pi\u0119ciu wojew\u00f3dztw, w kt\u00f3rych znajduj\u0105 si\u0119 filie naszej Akademii.<\/p><p>Na zako\u0144czenie szkolenia otrzymasz dyplom uko\u0144czenia kursu w j\u0119zyku polskim i angielskim.<\/p>\t\t\t\t\t\t\t\t<\/div>\n\t\t\t\t<\/div>\n\t\t\t\t\t<\/div>\n\t\t<\/div>\n\t\t\t\t\t<\/div>\n\t\t<\/section>\n\t\t\t\t<\/div>\n\t\t","protected":false},"excerpt":{"rendered":"<p>1. Kurs barberski Charakterystyka: Barber to kto\u015b wi\u0119cej ni\u017c zwyk\u0142y fryzjer m\u0119ski &#8211; to prawdziwy specjalista od stylizacji m\u0119\u017cczyzny. Je\u017celi chcesz rozwin\u0105\u0107 swoje umiej\u0119tno\u015bci i opanowa\u0107 strzy\u017cenie takimi technikami jak fade, undercut lub pompadour, to jest to co\u015b w\u0142a\u015bnie dla Ciebie. O tym, \u017ce barberstwo cieszy si\u0119 w Polsce coraz wi\u0119ksz\u0105 popularno\u015bci\u0105 (w\u015br\u00f3d klient\u00f3w i&#8230;<\/p>\n","protected":false},"author":1,"featured_media":0,"parent":3193,"menu_order":0,"comment_status":"closed","ping_status":"closed","template":"","meta":{"footnotes":""},"class_list":["post-3332","page","type-page","status-publish","hentry"],"yoast_head":"<!-- This site is optimized with the Yoast SEO Premium plugin v18.9 (Yoast SEO v27.2) - https:\/\/yoast.com\/product\/yoast-seo-premium-wordpress\/ -->\n<title>Szkolenia fryzjerskie STREFA BEAUTY - Akademia Zdrowia \u0141\u00f3d\u017a - Kursy zawodowe, szko\u0142y policealne, szko\u0142y dla doros\u0142ych<\/title>\n<meta name=\"description\" content=\"1. Kurs barberskiCharakterystyka: Barber to kto\u015b wi\u0119cej ni\u017c zwyk\u0142y fryzjer m\u0119ski - to prawdziwy specjalista od stylizacji m\u0119\u017cczyzny. Je\u017celi chcesz\" \/>\n<meta name=\"robots\" content=\"index, follow, max-snippet:-1, max-image-preview:large, max-video-preview:-1\" \/>\n<link rel=\"canonical\" href=\"https:\/\/akademia-zdrowia.pl\/lodz\/oferta-szkoleniowa\/dofinansowanie-bezplatne-szkolenia\/kursy-fryzjerskie-strefa-beauty\/\" \/>\n<meta property=\"og:locale\" content=\"pl_PL\" \/>\n<meta property=\"og:type\" content=\"article\" \/>\n<meta property=\"og:title\" content=\"Szkolenia fryzjerskie STREFA BEAUTY\" \/>\n<meta property=\"og:description\" content=\"1. Kurs barberskiCharakterystyka: Barber to kto\u015b wi\u0119cej ni\u017c zwyk\u0142y fryzjer m\u0119ski - to prawdziwy specjalista od stylizacji m\u0119\u017cczyzny. Je\u017celi chcesz\" \/>\n<meta property=\"og:url\" content=\"https:\/\/akademia-zdrowia.pl\/lodz\/oferta-szkoleniowa\/dofinansowanie-bezplatne-szkolenia\/kursy-fryzjerskie-strefa-beauty\/\" \/>\n<meta property=\"og:site_name\" content=\"Akademia Zdrowia \u0141\u00f3d\u017a\" \/>\n<meta property=\"article:modified_time\" content=\"2021-11-09T17:48:35+00:00\" \/>\n<meta name=\"twitter:card\" content=\"summary_large_image\" \/>\n<meta name=\"twitter:label1\" content=\"Szacowany czas czytania\" \/>\n\t<meta name=\"twitter:data1\" content=\"3 minuty\" \/>\n<script type=\"application\/ld+json\" class=\"yoast-schema-graph\">{\"@context\":\"https:\/\/schema.org\",\"@graph\":[{\"@type\":\"WebPage\",\"@id\":\"https:\/\/akademia-zdrowia.pl\/lodz\/oferta-szkoleniowa\/dofinansowanie-bezplatne-szkolenia\/kursy-fryzjerskie-strefa-beauty\/\",\"url\":\"https:\/\/akademia-zdrowia.pl\/lodz\/oferta-szkoleniowa\/dofinansowanie-bezplatne-szkolenia\/kursy-fryzjerskie-strefa-beauty\/\",\"name\":\"Szkolenia fryzjerskie STREFA BEAUTY - Akademia Zdrowia \u0141\u00f3d\u017a - Kursy zawodowe, szko\u0142y policealne, szko\u0142y dla doros\u0142ych\",\"isPartOf\":{\"@id\":\"https:\/\/akademia-zdrowia.pl\/lodz\/#website\"},\"datePublished\":\"2021-02-02T10:36:45+00:00\",\"dateModified\":\"2021-11-09T17:48:35+00:00\",\"description\":\"1. Kurs barberskiCharakterystyka: Barber to kto\u015b wi\u0119cej ni\u017c zwyk\u0142y fryzjer m\u0119ski - to prawdziwy specjalista od stylizacji m\u0119\u017cczyzny. Je\u017celi chcesz\",\"breadcrumb\":{\"@id\":\"https:\/\/akademia-zdrowia.pl\/lodz\/oferta-szkoleniowa\/dofinansowanie-bezplatne-szkolenia\/kursy-fryzjerskie-strefa-beauty\/#breadcrumb\"},\"inLanguage\":\"pl-PL\",\"potentialAction\":[{\"@type\":\"ReadAction\",\"target\":[\"https:\/\/akademia-zdrowia.pl\/lodz\/oferta-szkoleniowa\/dofinansowanie-bezplatne-szkolenia\/kursy-fryzjerskie-strefa-beauty\/\"]}]},{\"@type\":\"BreadcrumbList\",\"@id\":\"https:\/\/akademia-zdrowia.pl\/lodz\/oferta-szkoleniowa\/dofinansowanie-bezplatne-szkolenia\/kursy-fryzjerskie-strefa-beauty\/#breadcrumb\",\"itemListElement\":[{\"@type\":\"ListItem\",\"position\":1,\"name\":\"Strona g\u0142\u00f3wna\",\"item\":\"https:\/\/akademia-zdrowia.pl\/lodz\/\"},{\"@type\":\"ListItem\",\"position\":2,\"name\":\"Oferta szkoleniowa\",\"item\":\"https:\/\/akademia-zdrowia.pl\/lodz\/oferta-szkoleniowa\/\"},{\"@type\":\"ListItem\",\"position\":3,\"name\":\"Dofinansowania &#8211; bezp\u0142atne szkolenia\",\"item\":\"https:\/\/akademia-zdrowia.pl\/lodz\/oferta-szkoleniowa\/dofinansowanie-bezplatne-szkolenia\/\"},{\"@type\":\"ListItem\",\"position\":4,\"name\":\"Szkolenia fryzjerskie STREFA BEAUTY\"}]},{\"@type\":\"WebSite\",\"@id\":\"https:\/\/akademia-zdrowia.pl\/lodz\/#website\",\"url\":\"https:\/\/akademia-zdrowia.pl\/lodz\/\",\"name\":\"Akademia Zdrowia \u0141\u00f3d\u017a\",\"description\":\"\",\"potentialAction\":[{\"@type\":\"SearchAction\",\"target\":{\"@type\":\"EntryPoint\",\"urlTemplate\":\"https:\/\/akademia-zdrowia.pl\/lodz\/?s={search_term_string}\"},\"query-input\":{\"@type\":\"PropertyValueSpecification\",\"valueRequired\":true,\"valueName\":\"search_term_string\"}}],\"inLanguage\":\"pl-PL\"}]}<\/script>\n<!-- \/ Yoast SEO Premium plugin. -->","yoast_head_json":{"title":"Szkolenia fryzjerskie STREFA BEAUTY - Akademia Zdrowia \u0141\u00f3d\u017a - Kursy zawodowe, szko\u0142y policealne, szko\u0142y dla doros\u0142ych","description":"1. Kurs barberskiCharakterystyka: Barber to kto\u015b wi\u0119cej ni\u017c zwyk\u0142y fryzjer m\u0119ski - to prawdziwy specjalista od stylizacji m\u0119\u017cczyzny. Je\u017celi chcesz","robots":{"index":"index","follow":"follow","max-snippet":"max-snippet:-1","max-image-preview":"max-image-preview:large","max-video-preview":"max-video-preview:-1"},"canonical":"https:\/\/akademia-zdrowia.pl\/lodz\/oferta-szkoleniowa\/dofinansowanie-bezplatne-szkolenia\/kursy-fryzjerskie-strefa-beauty\/","og_locale":"pl_PL","og_type":"article","og_title":"Szkolenia fryzjerskie STREFA BEAUTY","og_description":"1. Kurs barberskiCharakterystyka: Barber to kto\u015b wi\u0119cej ni\u017c zwyk\u0142y fryzjer m\u0119ski - to prawdziwy specjalista od stylizacji m\u0119\u017cczyzny. Je\u017celi chcesz","og_url":"https:\/\/akademia-zdrowia.pl\/lodz\/oferta-szkoleniowa\/dofinansowanie-bezplatne-szkolenia\/kursy-fryzjerskie-strefa-beauty\/","og_site_name":"Akademia Zdrowia \u0141\u00f3d\u017a","article_modified_time":"2021-11-09T17:48:35+00:00","twitter_card":"summary_large_image","twitter_misc":{"Szacowany czas czytania":"3 minuty"},"schema":{"@context":"https:\/\/schema.org","@graph":[{"@type":"WebPage","@id":"https:\/\/akademia-zdrowia.pl\/lodz\/oferta-szkoleniowa\/dofinansowanie-bezplatne-szkolenia\/kursy-fryzjerskie-strefa-beauty\/","url":"https:\/\/akademia-zdrowia.pl\/lodz\/oferta-szkoleniowa\/dofinansowanie-bezplatne-szkolenia\/kursy-fryzjerskie-strefa-beauty\/","name":"Szkolenia fryzjerskie STREFA BEAUTY - Akademia Zdrowia \u0141\u00f3d\u017a - Kursy zawodowe, szko\u0142y policealne, szko\u0142y dla doros\u0142ych","isPartOf":{"@id":"https:\/\/akademia-zdrowia.pl\/lodz\/#website"},"datePublished":"2021-02-02T10:36:45+00:00","dateModified":"2021-11-09T17:48:35+00:00","description":"1. Kurs barberskiCharakterystyka: Barber to kto\u015b wi\u0119cej ni\u017c zwyk\u0142y fryzjer m\u0119ski - to prawdziwy specjalista od stylizacji m\u0119\u017cczyzny. Je\u017celi chcesz","breadcrumb":{"@id":"https:\/\/akademia-zdrowia.pl\/lodz\/oferta-szkoleniowa\/dofinansowanie-bezplatne-szkolenia\/kursy-fryzjerskie-strefa-beauty\/#breadcrumb"},"inLanguage":"pl-PL","potentialAction":[{"@type":"ReadAction","target":["https:\/\/akademia-zdrowia.pl\/lodz\/oferta-szkoleniowa\/dofinansowanie-bezplatne-szkolenia\/kursy-fryzjerskie-strefa-beauty\/"]}]},{"@type":"BreadcrumbList","@id":"https:\/\/akademia-zdrowia.pl\/lodz\/oferta-szkoleniowa\/dofinansowanie-bezplatne-szkolenia\/kursy-fryzjerskie-strefa-beauty\/#breadcrumb","itemListElement":[{"@type":"ListItem","position":1,"name":"Strona g\u0142\u00f3wna","item":"https:\/\/akademia-zdrowia.pl\/lodz\/"},{"@type":"ListItem","position":2,"name":"Oferta szkoleniowa","item":"https:\/\/akademia-zdrowia.pl\/lodz\/oferta-szkoleniowa\/"},{"@type":"ListItem","position":3,"name":"Dofinansowania &#8211; bezp\u0142atne szkolenia","item":"https:\/\/akademia-zdrowia.pl\/lodz\/oferta-szkoleniowa\/dofinansowanie-bezplatne-szkolenia\/"},{"@type":"ListItem","position":4,"name":"Szkolenia fryzjerskie STREFA BEAUTY"}]},{"@type":"WebSite","@id":"https:\/\/akademia-zdrowia.pl\/lodz\/#website","url":"https:\/\/akademia-zdrowia.pl\/lodz\/","name":"Akademia Zdrowia \u0141\u00f3d\u017a","description":"","potentialAction":[{"@type":"SearchAction","target":{"@type":"EntryPoint","urlTemplate":"https:\/\/akademia-zdrowia.pl\/lodz\/?s={search_term_string}"},"query-input":{"@type":"PropertyValueSpecification","valueRequired":true,"valueName":"search_term_string"}}],"inLanguage":"pl-PL"}]}},"_links":{"self":[{"href":"https:\/\/akademia-zdrowia.pl\/lodz\/wp-json\/wp\/v2\/pages\/3332","targetHints":{"allow":["GET"]}}],"collection":[{"href":"https:\/\/akademia-zdrowia.pl\/lodz\/wp-json\/wp\/v2\/pages"}],"about":[{"href":"https:\/\/akademia-zdrowia.pl\/lodz\/wp-json\/wp\/v2\/types\/page"}],"author":[{"embeddable":true,"href":"https:\/\/akademia-zdrowia.pl\/lodz\/wp-json\/wp\/v2\/users\/1"}],"replies":[{"embeddable":true,"href":"https:\/\/akademia-zdrowia.pl\/lodz\/wp-json\/wp\/v2\/comments?post=3332"}],"version-history":[{"count":3,"href":"https:\/\/akademia-zdrowia.pl\/lodz\/wp-json\/wp\/v2\/pages\/3332\/revisions"}],"predecessor-version":[{"id":6520,"href":"https:\/\/akademia-zdrowia.pl\/lodz\/wp-json\/wp\/v2\/pages\/3332\/revisions\/6520"}],"up":[{"embeddable":true,"href":"https:\/\/akademia-zdrowia.pl\/lodz\/wp-json\/wp\/v2\/pages\/3193"}],"wp:attachment":[{"href":"https:\/\/akademia-zdrowia.pl\/lodz\/wp-json\/wp\/v2\/media?parent=3332"}],"curies":[{"name":"wp","href":"https:\/\/api.w.org\/{rel}","templated":true}]}}