{"id":3335,"date":"2021-02-02T12:24:13","date_gmt":"2021-02-02T11:24:13","guid":{"rendered":"https:\/\/akademia-zdrowia.pl\/lodz\/?page_id=3335"},"modified":"2021-11-09T18:50:31","modified_gmt":"2021-11-09T17:50:31","slug":"szkolenia-kosmetyczne-strefa-beauty","status":"publish","type":"page","link":"https:\/\/akademia-zdrowia.pl\/lodz\/oferta-szkoleniowa\/dofinansowanie-bezplatne-szkolenia\/szkolenia-kosmetyczne-strefa-beauty\/","title":{"rendered":"Szkolenia kosmetyczne STREFA BEAUTY"},"content":{"rendered":"\t\t<div data-elementor-type=\"wp-page\" data-elementor-id=\"3335\" class=\"elementor elementor-3335\" data-elementor-post-type=\"page\">\n\t\t\t\t\t\t<section class=\"elementor-section elementor-top-section elementor-element elementor-element-50c96b5d elementor-section-boxed elementor-section-height-default elementor-section-height-default\" data-id=\"50c96b5d\" data-element_type=\"section\" data-e-type=\"section\">\n\t\t\t\t\t\t<div class=\"elementor-container elementor-column-gap-default\">\n\t\t\t\t\t<div class=\"elementor-column elementor-col-100 elementor-top-column elementor-element elementor-element-588242f0\" data-id=\"588242f0\" data-element_type=\"column\" data-e-type=\"column\">\n\t\t\t<div class=\"elementor-widget-wrap elementor-element-populated\">\n\t\t\t\t\t\t<div class=\"elementor-element elementor-element-432ba416 elementor-widget elementor-widget-text-editor\" data-id=\"432ba416\" data-element_type=\"widget\" data-e-type=\"widget\" data-widget_type=\"text-editor.default\">\n\t\t\t\t<div class=\"elementor-widget-container\">\n\t\t\t\t\t\t\t\t\t<p><strong>1. Kurs przed\u0142u\u017cania rz\u0119s metod\u0105 Mega Volume<\/strong><\/p><p><strong>Charakterystyka:<\/strong> D\u0142ugie, zadbane rz\u0119sy to wymarzony efekt wow ka\u017cdej kobiety. Dzi\u0119ki zabiegowi przed\u0142u\u017cania rz\u0119s metod\u0105 Mega Volume, tym efektem mo\u017cna cieszy\u0107 si\u0119 na d\u0142u\u017cej i zapomnie\u0107 o codziennym makija\u017cu.\u00a0<\/p><p><strong>Zakres:<\/strong> Kurs przed\u0142u\u017cania rz\u0119s metod\u0105 Mega Volume jest podzielony na dwie cz\u0119\u015bci:<\/p><p>CZ\u0118\u015a\u0106 TEORETYCZNA<br \/>Poznasz zasady bezpiecze\u0144stwa obowi\u0105zuj\u0105ce w gabinecie kosmetycznym, budow\u0119 w\u0142osa oraz dowiesz si\u0119 wszystkiego na temat \u017cywotno\u015bci rz\u0119s. Opr\u00f3cz tego, nauczysz si\u0119 dobiera\u0107 odpowiednie stylizacje rz\u0119s do budowy oka, poznasz zalety zabiegu ich przed\u0142u\u017cania i zag\u0119szczania (a tak\u017ce przeciwwskazania do ich wykonania). Dowiesz si\u0119 kiedy rz\u0119sy mog\u0105 szybciej wypada\u0107, poznasz r\u00f3wnie\u017c metody oklejania rz\u0119s, dok\u0142adnie om\u00f3wimy z Tob\u0105 metody r\u00f3\u017cnych styl\u00f3w aplikacji, ich rodzaje i skr\u0119ty (a tak\u017ce r\u00f3\u017cnice). Poza tym nauczysz si\u0119 wszystkiego co musisz wiedzie\u0107 o domowej piel\u0119gnacji przed\u0142u\u017canych rz\u0119s, poznasz metody ich korekty oraz \u015bci\u0105gania i usuwania.<\/p><p>CZ\u0118\u015a\u0106 PRAKTYCZNA<br \/>Podczas cz\u0119\u015bci praktycznej kursu nauczysz si\u0119 pracy z p\u0119set\u0105 prost\u0105 i zakrzywion\u0105, poznasz techniki pracy na rz\u0119sach. Nauczysz si\u0119 tak\u017ce rozmawia\u0107 i pracowa\u0107 z modelk\u0105, tworzy\u0107 idealne k\u0119pki i przygotowywa\u0107 naturalne rz\u0119sy do przed\u0142u\u017cenia. Ponadto nab\u0119dziesz umiej\u0119tno\u015bci dobierania d\u0142ugo\u015bci przed\u0142u\u017conych rz\u0119s do naturalnych. Ostatecznie, opanujesz tak\u017ce u\u0142o\u017cenie i uczesanie rz\u0119s, co pozwoli Ci na uzyskanie idealnego wygl\u0105du oka.<\/p><p>Na zako\u0144czenie szkolenia otrzymasz dyplom uko\u0144czenia kursu w j\u0119zyku polskim i angielskim.<\/p><p><strong>2. Kurs ,,Two days of Make Up&#8221;\u00a0<\/strong><\/p><p><strong>Charakterystyka:<\/strong> Kurs Two days of Make Up przeznaczony jest zar\u00f3wno dla zaawansowanych, jak i tych, kt\u00f3rzy dopiero rozpoczynaj\u0105 swoj\u0105 przygod\u0119 z makija\u017cem. Podczas naszego szkolenia najwa\u017cniejsza jest praktyka, za\u015b program kursu elastyczny i pozwalaj\u0105cy na dostosowanie go do potrzeb kursanta. Co najwa\u017cniejsze, modelkami b\u0119d\u0105 kobiety w r\u00f3\u017cnym wieku, o r\u00f3\u017cnych typach urody, bo przecie\u017c takie klientki mamy na co dzie\u0144.<\/p><p><strong>Zakres:<\/strong> Podczas kursu nauczysz si\u0119 odpowiedniego doboru akcesori\u00f3w i kosmetyk\u00f3w. Opr\u00f3cz tego, b\u0119dziesz poznawa\u0107 technik\u0119 konturowania, cieniowania, roz\u015bwietlania, a tak\u017ce poznasz kilka trik\u00f3w stosowanych przez makija\u017cyst\u00f3w. Docenisz znaczenie szczeg\u00f3\u0142\u00f3w, a tak\u017ce precyzji i czysto\u015bci. Opanujesz tak\u017ce aspekt psychologiczny pracy z klientk\u0105. To jednak nie wszystko! Na pewno b\u0119dziemy uczy\u0107 Ci\u0119 blendowania cieni i cieniowania oka, malowania oczu o r\u00f3\u017cnej budow\u0119, a co najwa\u017cniejsze\u00a0 &#8211; wydobywania atut\u00f3w twarzy naszych modelek na podstawie analizy. Wyeliminujemy z Twojej pracy niew\u0142a\u015bciwe techniki i z\u0142e przyzwyczajenia, opanujemy r\u00f3wnie\u017c technik\u0119 przyklejania k\u0119pek.<\/p><p>Na zako\u0144czenie szkolenia otrzymasz dyplom uko\u0144czenia kursu w j\u0119zyku polskim i angielskim.<\/p><p><strong>3. Kurs masa\u017cu lifinguj\u0105cego twarz (KOBIDO)\u00a0<\/strong><\/p><p><strong>Charakterystyka:<\/strong> G\u0142adka, nieskazitelna cera pozbawiona zmarszczek i przywracanie spr\u0119\u017cysto\u015bci sk\u00f3ry twarzy to jedne z wielu zalet masa\u017cu litinguj\u0105cego (KOBIDO).<\/p><p><strong>Zakres:<\/strong> W ramach kursu zapoznamy naszych uczestnik\u00f3w z histori\u0105 masa\u017cu, om\u00f3wimy budow\u0119 mi\u0119\u015bni twarzy i przyczep\u00f3w, a tak\u017ce wyja\u015bnimy kiedy warto przeprowadzi\u0107 masa\u017c, a kiedy nie jest wskazany. Poza tym, poznamy techniki masa\u017cu liftinguj\u0105cego oraz ich znaczenie. Om\u00f3wimy i przeprowadzimy wszystkie najwa\u017cniejsze etapy w rytuale masa\u017cu, takie jak: demakija\u017c, tonizacj\u0119, opracowanie g\u0142\u0119bokie, relaksacj\u0119, drenowanie, liftingowanie i energetyzowanie. Nasz kurs to nie tylko teoria, ale tak\u017ce zaj\u0119cia praktyczne.<\/p><p>Na zako\u0144czenie szkolenia otrzymasz dyplom uko\u0144czenia kursu w j\u0119zyku polskim i angielskim.<\/p><p><strong>4. Kurs masa\u017cu gor\u0105cymi kamieniami<\/strong><\/p><p><strong>\u00a0Charakterystyka:<\/strong>\u00a0Masa\u017c gor\u0105cymi kamieniami to doskona\u0142y spos\u00f3b na osi\u0105gni\u0119cie uczucia spokoju i pe\u0142nego odpr\u0119\u017cenia. Jest to zabieg, kt\u00f3ry wp\u0142ywa korzystnie nie tylko na nasze samopoczucie, ale r\u00f3wnie\u017c pozytywnie oddzia\u0142uje na uk\u0142ad krwiono\u015bny czy metabolizm.<\/p><p><strong>\u00a0Zakres:<\/strong>\u00a0W ramach kursu dowiesz si\u0119 jakie s\u0105 wskazania i przeciwwskazania do przeprowadzenia tego rodzaju masa\u017cu. Zapoznasz si\u0119 r\u00f3wnie\u017c z tajnikami bezbolesnego masa\u017cu ba\u0144kami chi\u0144skimi oraz jego histori\u0105. Dowiesz si\u0119 jakie s\u0105 zalety takiego zabiegu oraz zasady przygotowania stanowiska i kamieni. Poznasz r\u00f3wnie\u017c metodyk\u0119 i zasady obowi\u0105zuj\u0105ce podczas wykonywania tego masa\u017cu, a co wi\u0119cej, we\u017amiesz udzia\u0142 \u00a0w zaj\u0119ciach praktycznych, pozwalaj\u0105cych na wykorzystanie zdobytej wiedzy w pracy z pacjentem.<\/p><p>Na zako\u0144czenie szkolenia otrzymasz dyplom uko\u0144czenia kursu w j\u0119zyku polskim i angielskim.<\/p><p><strong>5. Kurs podologii<\/strong><\/p><p><strong>Charakterystyka:<\/strong> Problemy ze stopami s\u0105 zjawiskiem powszechnym. Ich eliminacja ma pod\u0142o\u017ce nie tylko estetyczne i piel\u0119gnacyjne ale tak\u017ce medyczne.<\/p><p><strong>Zakres:<\/strong> Jako uczestnik kursu dowiesz si\u0119 nie tylko jak odpowiednio przygotowa\u0107 stanowisko pracy, czy wyposa\u017cy\u0107 gabinet, ale tak\u017ce nauczysz si\u0119 prawid\u0142owej dezynfekcji i sterylizacji narz\u0119dzi. Ponadto om\u00f3wione zostan\u0105 zagadnienia zwi\u0105zane z BHP, a tak\u017ce wymagana dokumentacja. Dowiesz si\u0119 r\u00f3wnie\u017c, jakie istniej\u0105 ewentualne przeciwwskazania do wykonania takiego zabiegu, a tak\u017ce sk\u0105d bior\u0105 si\u0119 zmiany na stopach.<\/p><p>Ponadto b\u0119dziesz mia\u0142 okazj\u0119 obserwacji przyk\u0142adowego zabiegu podolicznego w praktyce z wykorzystaniem r\u00f3\u017cnych metod pracy, np. usuwanie odcisk\u00f3w d\u0142utem i frezem pr\u00f3\u017cniowym. Poznasz tak\u017ce, r\u00f3\u017cne rodzaje odci\u0105\u017ce\u0144 i sposoby ich zastosowania, a tak\u017ce najcz\u0119stsze choroby paznokci, sposoby ich oczyszczania, przycinania i post\u0119powania ze zziarnieniem.<\/p><p>Na zako\u0144czenie szkolenia otrzymasz dyplom uko\u0144czenia kursu w j\u0119zyku polskim i angielskim.<\/p>\t\t\t\t\t\t\t\t<\/div>\n\t\t\t\t<\/div>\n\t\t\t\t\t<\/div>\n\t\t<\/div>\n\t\t\t\t\t<\/div>\n\t\t<\/section>\n\t\t\t\t<\/div>\n\t\t","protected":false},"excerpt":{"rendered":"<p>1. Kurs przed\u0142u\u017cania rz\u0119s metod\u0105 Mega Volume Charakterystyka: D\u0142ugie, zadbane rz\u0119sy to wymarzony efekt wow ka\u017cdej kobiety. Dzi\u0119ki zabiegowi przed\u0142u\u017cania rz\u0119s metod\u0105 Mega Volume, tym efektem mo\u017cna cieszy\u0107 si\u0119 na d\u0142u\u017cej i zapomnie\u0107 o codziennym makija\u017cu.\u00a0 Zakres: Kurs przed\u0142u\u017cania rz\u0119s metod\u0105 Mega Volume jest podzielony na dwie cz\u0119\u015bci: CZ\u0118\u015a\u0106 TEORETYCZNAPoznasz zasady bezpiecze\u0144stwa obowi\u0105zuj\u0105ce w gabinecie&#8230;<\/p>\n","protected":false},"author":1,"featured_media":0,"parent":3193,"menu_order":0,"comment_status":"closed","ping_status":"closed","template":"","meta":{"footnotes":""},"class_list":["post-3335","page","type-page","status-publish","hentry"],"yoast_head":"<!-- This site is optimized with the Yoast SEO Premium plugin v18.9 (Yoast SEO v27.2) - https:\/\/yoast.com\/product\/yoast-seo-premium-wordpress\/ -->\n<title>Szkolenia kosmetyczne STREFA BEAUTY - Akademia Zdrowia \u0141\u00f3d\u017a - Kursy zawodowe, szko\u0142y policealne, szko\u0142y dla doros\u0142ych<\/title>\n<meta name=\"description\" content=\"1. Kurs przed\u0142u\u017cania rz\u0119s metod\u0105 Mega VolumeCharakterystyka: D\u0142ugie, zadbane rz\u0119sy to wymarzony efekt wow ka\u017cdej kobiety. Dzi\u0119ki zabiegowi przed\u0142u\u017cania\" \/>\n<meta name=\"robots\" content=\"index, follow, max-snippet:-1, max-image-preview:large, max-video-preview:-1\" \/>\n<link rel=\"canonical\" href=\"https:\/\/akademia-zdrowia.pl\/lodz\/oferta-szkoleniowa\/dofinansowanie-bezplatne-szkolenia\/szkolenia-kosmetyczne-strefa-beauty\/\" \/>\n<meta property=\"og:locale\" content=\"pl_PL\" \/>\n<meta property=\"og:type\" content=\"article\" \/>\n<meta property=\"og:title\" content=\"Szkolenia kosmetyczne STREFA BEAUTY\" \/>\n<meta property=\"og:description\" content=\"1. Kurs przed\u0142u\u017cania rz\u0119s metod\u0105 Mega VolumeCharakterystyka: D\u0142ugie, zadbane rz\u0119sy to wymarzony efekt wow ka\u017cdej kobiety. Dzi\u0119ki zabiegowi przed\u0142u\u017cania\" \/>\n<meta property=\"og:url\" content=\"https:\/\/akademia-zdrowia.pl\/lodz\/oferta-szkoleniowa\/dofinansowanie-bezplatne-szkolenia\/szkolenia-kosmetyczne-strefa-beauty\/\" \/>\n<meta property=\"og:site_name\" content=\"Akademia Zdrowia \u0141\u00f3d\u017a\" \/>\n<meta property=\"article:modified_time\" content=\"2021-11-09T17:50:31+00:00\" \/>\n<meta name=\"twitter:card\" content=\"summary_large_image\" \/>\n<meta name=\"twitter:label1\" content=\"Szacowany czas czytania\" \/>\n\t<meta name=\"twitter:data1\" content=\"5 minut\" \/>\n<script type=\"application\/ld+json\" class=\"yoast-schema-graph\">{\"@context\":\"https:\/\/schema.org\",\"@graph\":[{\"@type\":\"WebPage\",\"@id\":\"https:\/\/akademia-zdrowia.pl\/lodz\/oferta-szkoleniowa\/dofinansowanie-bezplatne-szkolenia\/szkolenia-kosmetyczne-strefa-beauty\/\",\"url\":\"https:\/\/akademia-zdrowia.pl\/lodz\/oferta-szkoleniowa\/dofinansowanie-bezplatne-szkolenia\/szkolenia-kosmetyczne-strefa-beauty\/\",\"name\":\"Szkolenia kosmetyczne STREFA BEAUTY - Akademia Zdrowia \u0141\u00f3d\u017a - Kursy zawodowe, szko\u0142y policealne, szko\u0142y dla doros\u0142ych\",\"isPartOf\":{\"@id\":\"https:\/\/akademia-zdrowia.pl\/lodz\/#website\"},\"datePublished\":\"2021-02-02T11:24:13+00:00\",\"dateModified\":\"2021-11-09T17:50:31+00:00\",\"description\":\"1. Kurs przed\u0142u\u017cania rz\u0119s metod\u0105 Mega VolumeCharakterystyka: D\u0142ugie, zadbane rz\u0119sy to wymarzony efekt wow ka\u017cdej kobiety. Dzi\u0119ki zabiegowi przed\u0142u\u017cania\",\"breadcrumb\":{\"@id\":\"https:\/\/akademia-zdrowia.pl\/lodz\/oferta-szkoleniowa\/dofinansowanie-bezplatne-szkolenia\/szkolenia-kosmetyczne-strefa-beauty\/#breadcrumb\"},\"inLanguage\":\"pl-PL\",\"potentialAction\":[{\"@type\":\"ReadAction\",\"target\":[\"https:\/\/akademia-zdrowia.pl\/lodz\/oferta-szkoleniowa\/dofinansowanie-bezplatne-szkolenia\/szkolenia-kosmetyczne-strefa-beauty\/\"]}]},{\"@type\":\"BreadcrumbList\",\"@id\":\"https:\/\/akademia-zdrowia.pl\/lodz\/oferta-szkoleniowa\/dofinansowanie-bezplatne-szkolenia\/szkolenia-kosmetyczne-strefa-beauty\/#breadcrumb\",\"itemListElement\":[{\"@type\":\"ListItem\",\"position\":1,\"name\":\"Strona g\u0142\u00f3wna\",\"item\":\"https:\/\/akademia-zdrowia.pl\/lodz\/\"},{\"@type\":\"ListItem\",\"position\":2,\"name\":\"Oferta szkoleniowa\",\"item\":\"https:\/\/akademia-zdrowia.pl\/lodz\/oferta-szkoleniowa\/\"},{\"@type\":\"ListItem\",\"position\":3,\"name\":\"Dofinansowania &#8211; bezp\u0142atne szkolenia\",\"item\":\"https:\/\/akademia-zdrowia.pl\/lodz\/oferta-szkoleniowa\/dofinansowanie-bezplatne-szkolenia\/\"},{\"@type\":\"ListItem\",\"position\":4,\"name\":\"Szkolenia kosmetyczne STREFA BEAUTY\"}]},{\"@type\":\"WebSite\",\"@id\":\"https:\/\/akademia-zdrowia.pl\/lodz\/#website\",\"url\":\"https:\/\/akademia-zdrowia.pl\/lodz\/\",\"name\":\"Akademia Zdrowia \u0141\u00f3d\u017a\",\"description\":\"\",\"potentialAction\":[{\"@type\":\"SearchAction\",\"target\":{\"@type\":\"EntryPoint\",\"urlTemplate\":\"https:\/\/akademia-zdrowia.pl\/lodz\/?s={search_term_string}\"},\"query-input\":{\"@type\":\"PropertyValueSpecification\",\"valueRequired\":true,\"valueName\":\"search_term_string\"}}],\"inLanguage\":\"pl-PL\"}]}<\/script>\n<!-- \/ Yoast SEO Premium plugin. -->","yoast_head_json":{"title":"Szkolenia kosmetyczne STREFA BEAUTY - Akademia Zdrowia \u0141\u00f3d\u017a - Kursy zawodowe, szko\u0142y policealne, szko\u0142y dla doros\u0142ych","description":"1. Kurs przed\u0142u\u017cania rz\u0119s metod\u0105 Mega VolumeCharakterystyka: D\u0142ugie, zadbane rz\u0119sy to wymarzony efekt wow ka\u017cdej kobiety. Dzi\u0119ki zabiegowi przed\u0142u\u017cania","robots":{"index":"index","follow":"follow","max-snippet":"max-snippet:-1","max-image-preview":"max-image-preview:large","max-video-preview":"max-video-preview:-1"},"canonical":"https:\/\/akademia-zdrowia.pl\/lodz\/oferta-szkoleniowa\/dofinansowanie-bezplatne-szkolenia\/szkolenia-kosmetyczne-strefa-beauty\/","og_locale":"pl_PL","og_type":"article","og_title":"Szkolenia kosmetyczne STREFA BEAUTY","og_description":"1. Kurs przed\u0142u\u017cania rz\u0119s metod\u0105 Mega VolumeCharakterystyka: D\u0142ugie, zadbane rz\u0119sy to wymarzony efekt wow ka\u017cdej kobiety. Dzi\u0119ki zabiegowi przed\u0142u\u017cania","og_url":"https:\/\/akademia-zdrowia.pl\/lodz\/oferta-szkoleniowa\/dofinansowanie-bezplatne-szkolenia\/szkolenia-kosmetyczne-strefa-beauty\/","og_site_name":"Akademia Zdrowia \u0141\u00f3d\u017a","article_modified_time":"2021-11-09T17:50:31+00:00","twitter_card":"summary_large_image","twitter_misc":{"Szacowany czas czytania":"5 minut"},"schema":{"@context":"https:\/\/schema.org","@graph":[{"@type":"WebPage","@id":"https:\/\/akademia-zdrowia.pl\/lodz\/oferta-szkoleniowa\/dofinansowanie-bezplatne-szkolenia\/szkolenia-kosmetyczne-strefa-beauty\/","url":"https:\/\/akademia-zdrowia.pl\/lodz\/oferta-szkoleniowa\/dofinansowanie-bezplatne-szkolenia\/szkolenia-kosmetyczne-strefa-beauty\/","name":"Szkolenia kosmetyczne STREFA BEAUTY - Akademia Zdrowia \u0141\u00f3d\u017a - Kursy zawodowe, szko\u0142y policealne, szko\u0142y dla doros\u0142ych","isPartOf":{"@id":"https:\/\/akademia-zdrowia.pl\/lodz\/#website"},"datePublished":"2021-02-02T11:24:13+00:00","dateModified":"2021-11-09T17:50:31+00:00","description":"1. Kurs przed\u0142u\u017cania rz\u0119s metod\u0105 Mega VolumeCharakterystyka: D\u0142ugie, zadbane rz\u0119sy to wymarzony efekt wow ka\u017cdej kobiety. Dzi\u0119ki zabiegowi przed\u0142u\u017cania","breadcrumb":{"@id":"https:\/\/akademia-zdrowia.pl\/lodz\/oferta-szkoleniowa\/dofinansowanie-bezplatne-szkolenia\/szkolenia-kosmetyczne-strefa-beauty\/#breadcrumb"},"inLanguage":"pl-PL","potentialAction":[{"@type":"ReadAction","target":["https:\/\/akademia-zdrowia.pl\/lodz\/oferta-szkoleniowa\/dofinansowanie-bezplatne-szkolenia\/szkolenia-kosmetyczne-strefa-beauty\/"]}]},{"@type":"BreadcrumbList","@id":"https:\/\/akademia-zdrowia.pl\/lodz\/oferta-szkoleniowa\/dofinansowanie-bezplatne-szkolenia\/szkolenia-kosmetyczne-strefa-beauty\/#breadcrumb","itemListElement":[{"@type":"ListItem","position":1,"name":"Strona g\u0142\u00f3wna","item":"https:\/\/akademia-zdrowia.pl\/lodz\/"},{"@type":"ListItem","position":2,"name":"Oferta szkoleniowa","item":"https:\/\/akademia-zdrowia.pl\/lodz\/oferta-szkoleniowa\/"},{"@type":"ListItem","position":3,"name":"Dofinansowania &#8211; bezp\u0142atne szkolenia","item":"https:\/\/akademia-zdrowia.pl\/lodz\/oferta-szkoleniowa\/dofinansowanie-bezplatne-szkolenia\/"},{"@type":"ListItem","position":4,"name":"Szkolenia kosmetyczne STREFA BEAUTY"}]},{"@type":"WebSite","@id":"https:\/\/akademia-zdrowia.pl\/lodz\/#website","url":"https:\/\/akademia-zdrowia.pl\/lodz\/","name":"Akademia Zdrowia \u0141\u00f3d\u017a","description":"","potentialAction":[{"@type":"SearchAction","target":{"@type":"EntryPoint","urlTemplate":"https:\/\/akademia-zdrowia.pl\/lodz\/?s={search_term_string}"},"query-input":{"@type":"PropertyValueSpecification","valueRequired":true,"valueName":"search_term_string"}}],"inLanguage":"pl-PL"}]}},"_links":{"self":[{"href":"https:\/\/akademia-zdrowia.pl\/lodz\/wp-json\/wp\/v2\/pages\/3335","targetHints":{"allow":["GET"]}}],"collection":[{"href":"https:\/\/akademia-zdrowia.pl\/lodz\/wp-json\/wp\/v2\/pages"}],"about":[{"href":"https:\/\/akademia-zdrowia.pl\/lodz\/wp-json\/wp\/v2\/types\/page"}],"author":[{"embeddable":true,"href":"https:\/\/akademia-zdrowia.pl\/lodz\/wp-json\/wp\/v2\/users\/1"}],"replies":[{"embeddable":true,"href":"https:\/\/akademia-zdrowia.pl\/lodz\/wp-json\/wp\/v2\/comments?post=3335"}],"version-history":[{"count":3,"href":"https:\/\/akademia-zdrowia.pl\/lodz\/wp-json\/wp\/v2\/pages\/3335\/revisions"}],"predecessor-version":[{"id":6526,"href":"https:\/\/akademia-zdrowia.pl\/lodz\/wp-json\/wp\/v2\/pages\/3335\/revisions\/6526"}],"up":[{"embeddable":true,"href":"https:\/\/akademia-zdrowia.pl\/lodz\/wp-json\/wp\/v2\/pages\/3193"}],"wp:attachment":[{"href":"https:\/\/akademia-zdrowia.pl\/lodz\/wp-json\/wp\/v2\/media?parent=3335"}],"curies":[{"name":"wp","href":"https:\/\/api.w.org\/{rel}","templated":true}]}}