{"id":348,"date":"2018-01-10T09:51:32","date_gmt":"2018-01-10T08:51:32","guid":{"rendered":"https:\/\/akademia-zdrowia.pl\/lodz\/?page_id=348"},"modified":"2026-03-23T15:26:18","modified_gmt":"2026-03-23T14:26:18","slug":"behawioryzm","status":"publish","type":"page","link":"https:\/\/akademia-zdrowia.pl\/lodz\/oferta-szkoleniowa\/kursy-i-szkolenia\/kursy-weterynaryjne\/behawioryzm\/","title":{"rendered":"Behawioryzm"},"content":{"rendered":"\t\t<div data-elementor-type=\"wp-page\" data-elementor-id=\"348\" class=\"elementor elementor-348\" data-elementor-post-type=\"page\">\n\t\t\t\t\t\t<section class=\"elementor-section elementor-top-section elementor-element elementor-element-01ec21e elementor-section-boxed elementor-section-height-default elementor-section-height-default\" data-id=\"01ec21e\" data-element_type=\"section\" data-e-type=\"section\">\n\t\t\t\t\t\t<div class=\"elementor-container elementor-column-gap-default\">\n\t\t\t\t\t<div class=\"elementor-column elementor-col-33 elementor-top-column elementor-element elementor-element-ffbb193\" data-id=\"ffbb193\" data-element_type=\"column\" data-e-type=\"column\">\n\t\t\t<div class=\"elementor-widget-wrap\">\n\t\t\t\t\t\t\t<\/div>\n\t\t<\/div>\n\t\t\t\t<div class=\"elementor-column elementor-col-33 elementor-top-column elementor-element elementor-element-a36f6ab\" data-id=\"a36f6ab\" data-element_type=\"column\" data-e-type=\"column\">\n\t\t\t<div class=\"elementor-widget-wrap elementor-element-populated\">\n\t\t\t\t\t\t<div class=\"elementor-element elementor-element-5ce7180 elementor-widget elementor-widget-rs-heading\" data-id=\"5ce7180\" data-element_type=\"widget\" data-e-type=\"widget\" data-widget_type=\"rs-heading.default\">\n\t\t\t\t<div class=\"elementor-widget-container\">\n\t\t\t\t\t        <div class=\"rs-heading default center\">\r\n        \t<div class=\"title-inner\">\r\n        \t\t      \t\t\r\n\t            <span class=\"sub-text \">AKADEMIA ZDROWIA DLA WETERYNARII<\/span><h2 class=\"title\"><span class=\"watermark\"><\/span>Behawioryzm<\/h2>\t        <\/div>\r\n\t                <\/div>\r\n        \t\t\t\t<\/div>\n\t\t\t\t<\/div>\n\t\t\t\t\t<\/div>\n\t\t<\/div>\n\t\t\t\t<div class=\"elementor-column elementor-col-33 elementor-top-column elementor-element elementor-element-b5665c9\" data-id=\"b5665c9\" data-element_type=\"column\" data-e-type=\"column\">\n\t\t\t<div class=\"elementor-widget-wrap\">\n\t\t\t\t\t\t\t<\/div>\n\t\t<\/div>\n\t\t\t\t\t<\/div>\n\t\t<\/section>\n\t\t\t\t<section class=\"elementor-section elementor-top-section elementor-element elementor-element-ec1b465 elementor-section-stretched elementor-section-boxed elementor-section-height-default elementor-section-height-default\" data-id=\"ec1b465\" data-element_type=\"section\" data-e-type=\"section\" data-settings=\"{&quot;background_background&quot;:&quot;classic&quot;,&quot;stretch_section&quot;:&quot;section-stretched&quot;}\">\n\t\t\t\t\t\t<div class=\"elementor-container elementor-column-gap-default\">\n\t\t\t\t\t<div class=\"elementor-column elementor-col-50 elementor-top-column elementor-element elementor-element-6091a68\" data-id=\"6091a68\" data-element_type=\"column\" data-e-type=\"column\">\n\t\t\t<div class=\"elementor-widget-wrap elementor-element-populated\">\n\t\t\t\t\t\t<div class=\"elementor-element elementor-element-26f7355 elementor-widget elementor-widget-rs-heading\" data-id=\"26f7355\" data-element_type=\"widget\" data-e-type=\"widget\" data-widget_type=\"rs-heading.default\">\n\t\t\t\t<div class=\"elementor-widget-container\">\n\t\t\t\t\t        <div class=\"rs-heading default \">\r\n        \t<div class=\"title-inner\">\r\n        \t\t      \t\t\r\n\t            <span class=\"sub-text \">JAK WYGL\u0104DA SZKOLENIE<\/span><h2 class=\"title\"><span class=\"watermark\"><\/span>Program szkolenia<\/h2>\t        <\/div>\r\n\t                    \t<div class=\"description\">\r\n            \t\t<p><strong>System zaj\u0119\u0107: weekendowy, w godzinach: 9:00 \u2013 16:30 (co dwa tygodnie)<br \/><\/strong><strong>Grupy: kameralne (ok. 6-7 os\u00f3b)<br \/><\/strong><strong>Co otrzymasz po uko\u0144czeniu kursu: <\/strong><\/p><ul><li>za\u015bwiadczenie na drukach Ministerstwa Edukacji Narodowej (MEN),<\/li><li>certyfikaty w j.polskim oraz j.angielskim<\/li><\/ul><p><strong>Po kr\u00f3tkim wst\u0119pie teoretycznym przechodzimy od razu do praktyki!<\/strong><\/p><p>Kurs polecany jest szczeg\u00f3lnie osobom pocz\u0105tkuj\u0105cym \u2013 niemaj\u0105cym do\u015bwiadczenia.<\/p><p align=\"left\"><strong>W programie m.i<\/strong><strong>n.:<\/strong><\/p><ul><li>Zapobieganie problemom zwi\u0105zanym z psami, czyli lepiej zapobiega\u0107 ni\u017c leczy\u0107<\/li><li>Dobrostan psa<\/li><li>Budowanie wi\u0119zi i relacji ze swoim \u00a0psem oraz psem pacjentem<\/li><li>Mowa cia\u0142a psa, co pupil chce nam przekaza\u0107<\/li><li>Obal lub potwierd\u017a, fakty i mity z \u017cycia psa<\/li><li>Dlaczego kot jest taki i inny by\u0107 nie chce?<\/li><li>Dobrostan kota<\/li><li>Budowanie wi\u0119zi i relacji ze swoim kotem oraz kocim pacjentem<\/li><li>\u015awiat wed\u0142ug kota; kocie zmys\u0142y i mowa cia\u0142a<\/li><li>Fakty i mity dotycz\u0105ce kociego stylu \u017cycia<\/li><li>Jak zosta\u0107 dobrym przewodnikiem psa?<\/li><li>Obecno\u015b\u0107 zwierz\u0105t w \u017cyciu dziecka<\/li><li>Ci\u0105\u017ca nie musi oznacza\u0107 roz\u0142\u0105ki z pupilem! Przygotowanie zwierzaka do momentu, kt\u00f3rym pojawi si\u0119 ma\u0142y domownik<\/li><li>Dominacja \u2013 prawda czy fa\u0142sz?<\/li><li>Medialna wiedza o zwierz\u0119tach a \u017cycie codzienne<\/li><li>Socjalizacja \u2013 wp\u0142yw wychowania na doros\u0142e \u017cycie zwierz\u0105t<\/li><li>Nauka dw\u00f3ch j\u0119zyk\u00f3w obcych \u2013 kociego oraz psiego<\/li><li>Wi\u0119kszo\u015b\u0107 problem\u00f3w bierze si\u0119 z nudy \u2013 urozmaicenie \u017cycia zwierzak\u00f3w<\/li><li>Przyk\u0142ady zabaw<\/li><li>Mamo, tato! Nie wychod\u017acie! Czyli m\u00f3j pies szczeka, niszczy i wyje gdy zostaje sam.<\/li><li>Z\u0142o\u015bliwo\u015b\u0107 czy ma\u0142o subtelny przekaz? \u2013 dlaczego pupil za\u0142atwia si\u0119 poza kuwet\u0105<\/li><li>Rozwi\u0105zywanie najcz\u0119stszych problem\u00f3w ze zwierz\u0119tami<\/li><\/ul><p><strong>**Nie masz pomys\u0142u na oryginalny prezent? Podaruj bliskiej osobie BON PODARUNKOWY na wybrany kurs**<\/strong><\/p>            \t\t\r\n            \t<\/div>\r\n        \t        <\/div>\r\n        \t\t\t\t<\/div>\n\t\t\t\t<\/div>\n\t\t\t\t<section class=\"elementor-section elementor-inner-section elementor-element elementor-element-fbdbad9 elementor-section-boxed elementor-section-height-default elementor-section-height-default\" data-id=\"fbdbad9\" data-element_type=\"section\" data-e-type=\"section\">\n\t\t\t\t\t\t<div class=\"elementor-container elementor-column-gap-default\">\n\t\t\t\t\t<div class=\"elementor-column elementor-col-100 elementor-inner-column elementor-element elementor-element-6548bce\" data-id=\"6548bce\" data-element_type=\"column\" data-e-type=\"column\">\n\t\t\t<div class=\"elementor-widget-wrap elementor-element-populated\">\n\t\t\t\t\t\t<div class=\"elementor-element elementor-element-9de4aad elementor-widget elementor-widget-rs-button\" data-id=\"9de4aad\" data-element_type=\"widget\" data-e-type=\"widget\" data-widget_type=\"rs-button.default\">\n\t\t\t\t<div class=\"elementor-widget-container\">\n\t\t\t\t\t\t\r\n\t\t\r\n\t\t<div class=\"rs-view-btn\">\r\n\t\t\t\t\t\t<a class=\"rs-btn rs-btnblack rs-btn-style1\" href=\"tel:+48698592960\" >\t\t\t\t\r\n\t\t\t\t<span class=\"rs_btn__text\"><span class=\"btn_text\">ZADZWO\u0143 - Monika 698 592 960<\/span><\/span>\r\n\t\t\t<\/a>\r\n\t\t<\/div>    \r\n\t\t\t\t\t<\/div>\n\t\t\t\t<\/div>\n\t\t\t\t<div class=\"elementor-element elementor-element-ae888c6 elementor-widget elementor-widget-rs-button\" data-id=\"ae888c6\" data-element_type=\"widget\" data-e-type=\"widget\" data-widget_type=\"rs-button.default\">\n\t\t\t\t<div class=\"elementor-widget-container\">\n\t\t\t\t\t\t\r\n\t\t\r\n\t\t<div class=\"rs-view-btn\">\r\n\t\t\t\t\t\t<a class=\"rs-btn rs-btnblack rs-btn-style1\" href=\"tel:+48%20730726780\" >\t\t\t\t\r\n\t\t\t\t<span class=\"rs_btn__text\"><span class=\"btn_text\">ZADZWO\u0143 - Viktoria 730 726 780<\/span><\/span>\r\n\t\t\t<\/a>\r\n\t\t<\/div>    \r\n\t\t\t\t\t<\/div>\n\t\t\t\t<\/div>\n\t\t\t\t\t<\/div>\n\t\t<\/div>\n\t\t\t\t\t<\/div>\n\t\t<\/section>\n\t\t\t\t\t<\/div>\n\t\t<\/div>\n\t\t\t\t<div class=\"elementor-column elementor-col-50 elementor-top-column elementor-element elementor-element-4030977\" data-id=\"4030977\" data-element_type=\"column\" data-e-type=\"column\">\n\t\t\t<div class=\"elementor-widget-wrap elementor-element-populated\">\n\t\t\t\t\t\t<div class=\"elementor-element elementor-element-e8ee60e elementor-widget elementor-widget-image\" data-id=\"e8ee60e\" data-element_type=\"widget\" data-e-type=\"widget\" data-widget_type=\"image.default\">\n\t\t\t\t<div class=\"elementor-widget-container\">\n\t\t\t\t\t\t\t\t\t\t\t\t\t\t\t<img fetchpriority=\"high\" decoding=\"async\" width=\"640\" height=\"928\" src=\"https:\/\/akademia-zdrowia.pl\/lodz\/wp-content\/uploads\/2024\/09\/behawioryzm_2-706x1024.png\" class=\"attachment-large size-large wp-image-13366\" alt=\"\" srcset=\"https:\/\/akademia-zdrowia.pl\/lodz\/wp-content\/uploads\/2024\/09\/behawioryzm_2-706x1024.png 706w, https:\/\/akademia-zdrowia.pl\/lodz\/wp-content\/uploads\/2024\/09\/behawioryzm_2-207x300.png 207w, https:\/\/akademia-zdrowia.pl\/lodz\/wp-content\/uploads\/2024\/09\/behawioryzm_2-768x1114.png 768w, https:\/\/akademia-zdrowia.pl\/lodz\/wp-content\/uploads\/2024\/09\/behawioryzm_2-500x725.png 500w, https:\/\/akademia-zdrowia.pl\/lodz\/wp-content\/uploads\/2024\/09\/behawioryzm_2.png 812w\" sizes=\"(max-width: 640px) 100vw, 640px\" \/>\t\t\t\t\t\t\t\t\t\t\t\t\t\t\t<\/div>\n\t\t\t\t<\/div>\n\t\t\t\t\t<\/div>\n\t\t<\/div>\n\t\t\t\t\t<\/div>\n\t\t<\/section>\n\t\t\t\t<section class=\"elementor-section elementor-top-section elementor-element elementor-element-de336c1 elementor-section-boxed elementor-section-height-default elementor-section-height-default\" data-id=\"de336c1\" data-element_type=\"section\" data-e-type=\"section\" data-settings=\"{&quot;background_background&quot;:&quot;classic&quot;}\">\n\t\t\t\t\t\t<div class=\"elementor-container elementor-column-gap-default\">\n\t\t\t\t\t<div class=\"elementor-column elementor-col-50 elementor-top-column elementor-element elementor-element-d90da5f\" data-id=\"d90da5f\" data-element_type=\"column\" data-e-type=\"column\" data-settings=\"{&quot;background_background&quot;:&quot;classic&quot;}\">\n\t\t\t<div class=\"elementor-widget-wrap elementor-element-populated\">\n\t\t\t\t\t\t<div class=\"elementor-element elementor-element-36194e6 elementor-widget-mobile__width-initial elementor-widget elementor-widget-rs-heading\" data-id=\"36194e6\" data-element_type=\"widget\" data-e-type=\"widget\" data-widget_type=\"rs-heading.default\">\n\t\t\t\t<div class=\"elementor-widget-container\">\n\t\t\t\t\t        <div class=\"rs-heading default \">\r\n        \t<div class=\"title-inner\">\r\n        \t\t      \t\t\r\n\t            <span class=\"sub-text \">VOUCHER<\/span><h2 class=\"title\"><span class=\"watermark\"><\/span>Nie masz pomys\u0142u na prezent?<\/h2>\t        <\/div>\r\n\t                    \t<div class=\"description\">\r\n            \t\t<div class=\"flex-shrink-0 flex flex-col relative items-end\"><div><div class=\"pt-0\"><div class=\"gizmo-bot-avatar flex h-8 w-8 items-center justify-center overflow-hidden rounded-full\"><div class=\"relative p-1 rounded-sm flex items-center justify-center bg-token-main-surface-primary text-token-text-primary h-8 w-8\">Podaruj bliskim wyj\u0105tkowy prezent! Kup voucher na nasze szkolenia i kursy \u2014 to doskona\u0142y spos\u00f3b na rozw\u00f3j i nowe umiej\u0119tno\u015bci. Idealny prezent na ka\u017cd\u0105 okazj\u0119!<\/div><\/div><\/div><\/div><\/div>            \t\t\r\n            \t<\/div>\r\n        \t        <\/div>\r\n        \t\t\t\t<\/div>\n\t\t\t\t<\/div>\n\t\t\t\t<div class=\"elementor-element elementor-element-97559fe elementor-widget elementor-widget-rs-button\" data-id=\"97559fe\" data-element_type=\"widget\" data-e-type=\"widget\" data-widget_type=\"rs-button.default\">\n\t\t\t\t<div class=\"elementor-widget-container\">\n\t\t\t\t\t\t\r\n\t\t\r\n\t\t<div class=\"rs-view-btn\">\r\n\t\t\t\t\t\t<a class=\"rs-btn rs-btnblack rs-btn-style1\" href=\"tel:+48698592960\" >\t\t\t\t\r\n\t\t\t\t<span class=\"rs_btn__text\"><span class=\"btn_text\">Zadzwo\u0144 - zam\u00f3w voucher!<\/span><\/span>\r\n\t\t\t<\/a>\r\n\t\t<\/div>    \r\n\t\t\t\t\t<\/div>\n\t\t\t\t<\/div>\n\t\t\t\t\t<\/div>\n\t\t<\/div>\n\t\t\t\t<div class=\"elementor-column elementor-col-50 elementor-top-column elementor-element elementor-element-28e8358\" data-id=\"28e8358\" data-element_type=\"column\" data-e-type=\"column\">\n\t\t\t<div class=\"elementor-widget-wrap elementor-element-populated\">\n\t\t\t\t\t\t<div class=\"elementor-element elementor-element-b24f2e8 elementor-widget elementor-widget-rs-heading\" data-id=\"b24f2e8\" data-element_type=\"widget\" data-e-type=\"widget\" data-widget_type=\"rs-heading.default\">\n\t\t\t\t<div class=\"elementor-widget-container\">\n\t\t\t\t\t        <div class=\"rs-heading default \">\r\n        \t<div class=\"title-inner\">\r\n        \t\t      \t\t\r\n\t            <span class=\"sub-text \">ZAUFANY PARTNER<\/span><h2 class=\"title\"><span class=\"watermark\"><\/span>Dlaczego warto wybra\u0107 nas<\/h2>\t        <\/div>\r\n\t                    \t<div class=\"description\">\r\n            \t\t<p>Zaufaj naszemu wieloletniemu do\u015bwiadczeniu i zespo\u0142owi specjalist\u00f3w. Oferujemy profesjonalne szkolenia, kt\u00f3re pomog\u0105 rozwija\u0107 Tw\u00f3j biznes. Wybieraj\u0105c nas, inwestujesz w sprawdzonego partnera, kt\u00f3ry wspiera sukces Twojej firmy. Skontaktuj si\u0119 z nami i zacznij rozwija\u0107 si\u0119 razem z nami!<\/p>            \t\t\r\n            \t<\/div>\r\n        \t        <\/div>\r\n        \t\t\t\t<\/div>\n\t\t\t\t<\/div>\n\t\t\t\t\t<\/div>\n\t\t<\/div>\n\t\t\t\t\t<\/div>\n\t\t<\/section>\n\t\t\t\t<\/div>\n\t\t","protected":false},"excerpt":{"rendered":"<p>AKADEMIA ZDROWIA DLA WETERYNARII Behawioryzm JAK WYGL\u0104DA SZKOLENIE Program szkolenia System zaj\u0119\u0107: weekendowy, w godzinach: 9:00 \u2013 16:30 (co dwa tygodnie)Grupy: kameralne (ok. 6-7 os\u00f3b)Co otrzymasz po uko\u0144czeniu kursu: za\u015bwiadczenie na drukach Ministerstwa Edukacji Narodowej (MEN), certyfikaty w j.polskim oraz j.angielskim Po kr\u00f3tkim wst\u0119pie teoretycznym przechodzimy od razu do praktyki! Kurs polecany jest szczeg\u00f3lnie osobom&#8230;<\/p>\n","protected":false},"author":1,"featured_media":0,"parent":332,"menu_order":0,"comment_status":"closed","ping_status":"closed","template":"","meta":{"footnotes":""},"class_list":["post-348","page","type-page","status-publish","hentry"],"yoast_head":"<!-- This site is optimized with the Yoast SEO Premium plugin v18.9 (Yoast SEO v27.2) - https:\/\/yoast.com\/product\/yoast-seo-premium-wordpress\/ -->\n<title>Behawioryzm - Akademia Zdrowia \u0141\u00f3d\u017a - Kursy zawodowe, szko\u0142y policealne, szko\u0142y dla doros\u0142ych<\/title>\n<meta name=\"description\" content=\"AKADEMIA ZDROWIA DLA WETERYNARIIBehawioryzm JAK WYGL\u0104DA SZKOLENIEProgram szkolenia System zaj\u0119\u0107: weekendowy, w godzinach: 9:00 \u2013 16:30 (co dwa\" \/>\n<meta name=\"robots\" content=\"index, follow, max-snippet:-1, max-image-preview:large, max-video-preview:-1\" \/>\n<link rel=\"canonical\" href=\"https:\/\/akademia-zdrowia.pl\/lodz\/oferta-szkoleniowa\/kursy-i-szkolenia\/kursy-weterynaryjne\/behawioryzm\/\" \/>\n<meta property=\"og:locale\" content=\"pl_PL\" \/>\n<meta property=\"og:type\" content=\"article\" \/>\n<meta property=\"og:title\" content=\"Behawioryzm\" \/>\n<meta property=\"og:description\" content=\"AKADEMIA ZDROWIA DLA WETERYNARIIBehawioryzm JAK WYGL\u0104DA SZKOLENIEProgram szkolenia System zaj\u0119\u0107: weekendowy, w godzinach: 9:00 \u2013 16:30 (co dwa\" \/>\n<meta property=\"og:url\" content=\"https:\/\/akademia-zdrowia.pl\/lodz\/oferta-szkoleniowa\/kursy-i-szkolenia\/kursy-weterynaryjne\/behawioryzm\/\" \/>\n<meta property=\"og:site_name\" content=\"Akademia Zdrowia \u0141\u00f3d\u017a\" \/>\n<meta property=\"article:modified_time\" content=\"2026-03-23T14:26:18+00:00\" \/>\n<meta property=\"og:image\" content=\"https:\/\/akademia-zdrowia.pl\/lodz\/wp-content\/uploads\/2024\/09\/behawioryzm_2.png\" \/>\n\t<meta property=\"og:image:width\" content=\"812\" \/>\n\t<meta property=\"og:image:height\" content=\"1178\" \/>\n\t<meta property=\"og:image:type\" content=\"image\/png\" \/>\n<meta name=\"twitter:card\" content=\"summary_large_image\" \/>\n<meta name=\"twitter:label1\" content=\"Szacowany czas czytania\" \/>\n\t<meta name=\"twitter:data1\" content=\"3 minuty\" \/>\n<script type=\"application\/ld+json\" class=\"yoast-schema-graph\">{\"@context\":\"https:\/\/schema.org\",\"@graph\":[{\"@type\":\"WebPage\",\"@id\":\"https:\/\/akademia-zdrowia.pl\/lodz\/oferta-szkoleniowa\/kursy-i-szkolenia\/kursy-weterynaryjne\/behawioryzm\/\",\"url\":\"https:\/\/akademia-zdrowia.pl\/lodz\/oferta-szkoleniowa\/kursy-i-szkolenia\/kursy-weterynaryjne\/behawioryzm\/\",\"name\":\"Behawioryzm - Akademia Zdrowia \u0141\u00f3d\u017a - Kursy zawodowe, szko\u0142y policealne, szko\u0142y dla doros\u0142ych\",\"isPartOf\":{\"@id\":\"https:\/\/akademia-zdrowia.pl\/lodz\/#website\"},\"primaryImageOfPage\":{\"@id\":\"https:\/\/akademia-zdrowia.pl\/lodz\/oferta-szkoleniowa\/kursy-i-szkolenia\/kursy-weterynaryjne\/behawioryzm\/#primaryimage\"},\"image\":{\"@id\":\"https:\/\/akademia-zdrowia.pl\/lodz\/oferta-szkoleniowa\/kursy-i-szkolenia\/kursy-weterynaryjne\/behawioryzm\/#primaryimage\"},\"thumbnailUrl\":\"https:\/\/akademia-zdrowia.pl\/lodz\/wp-content\/uploads\/2024\/09\/behawioryzm_2-706x1024.png\",\"datePublished\":\"2018-01-10T08:51:32+00:00\",\"dateModified\":\"2026-03-23T14:26:18+00:00\",\"description\":\"AKADEMIA ZDROWIA DLA WETERYNARIIBehawioryzm JAK WYGL\u0104DA SZKOLENIEProgram szkolenia System zaj\u0119\u0107: weekendowy, w godzinach: 9:00 \u2013 16:30 (co dwa\",\"breadcrumb\":{\"@id\":\"https:\/\/akademia-zdrowia.pl\/lodz\/oferta-szkoleniowa\/kursy-i-szkolenia\/kursy-weterynaryjne\/behawioryzm\/#breadcrumb\"},\"inLanguage\":\"pl-PL\",\"potentialAction\":[{\"@type\":\"ReadAction\",\"target\":[\"https:\/\/akademia-zdrowia.pl\/lodz\/oferta-szkoleniowa\/kursy-i-szkolenia\/kursy-weterynaryjne\/behawioryzm\/\"]}]},{\"@type\":\"ImageObject\",\"inLanguage\":\"pl-PL\",\"@id\":\"https:\/\/akademia-zdrowia.pl\/lodz\/oferta-szkoleniowa\/kursy-i-szkolenia\/kursy-weterynaryjne\/behawioryzm\/#primaryimage\",\"url\":\"https:\/\/akademia-zdrowia.pl\/lodz\/wp-content\/uploads\/2024\/09\/behawioryzm_2.png\",\"contentUrl\":\"https:\/\/akademia-zdrowia.pl\/lodz\/wp-content\/uploads\/2024\/09\/behawioryzm_2.png\",\"width\":812,\"height\":1178},{\"@type\":\"BreadcrumbList\",\"@id\":\"https:\/\/akademia-zdrowia.pl\/lodz\/oferta-szkoleniowa\/kursy-i-szkolenia\/kursy-weterynaryjne\/behawioryzm\/#breadcrumb\",\"itemListElement\":[{\"@type\":\"ListItem\",\"position\":1,\"name\":\"Strona g\u0142\u00f3wna\",\"item\":\"https:\/\/akademia-zdrowia.pl\/lodz\/\"},{\"@type\":\"ListItem\",\"position\":2,\"name\":\"Oferta szkoleniowa\",\"item\":\"https:\/\/akademia-zdrowia.pl\/lodz\/oferta-szkoleniowa\/\"},{\"@type\":\"ListItem\",\"position\":3,\"name\":\"Kursy i szkolenia\",\"item\":\"https:\/\/akademia-zdrowia.pl\/lodz\/oferta-szkoleniowa\/kursy-i-szkolenia\/\"},{\"@type\":\"ListItem\",\"position\":4,\"name\":\"Kursy weterynaryjne\",\"item\":\"https:\/\/akademia-zdrowia.pl\/lodz\/oferta-szkoleniowa\/kursy-i-szkolenia\/kursy-weterynaryjne\/\"},{\"@type\":\"ListItem\",\"position\":5,\"name\":\"Behawioryzm\"}]},{\"@type\":\"WebSite\",\"@id\":\"https:\/\/akademia-zdrowia.pl\/lodz\/#website\",\"url\":\"https:\/\/akademia-zdrowia.pl\/lodz\/\",\"name\":\"Akademia Zdrowia \u0141\u00f3d\u017a\",\"description\":\"\",\"potentialAction\":[{\"@type\":\"SearchAction\",\"target\":{\"@type\":\"EntryPoint\",\"urlTemplate\":\"https:\/\/akademia-zdrowia.pl\/lodz\/?s={search_term_string}\"},\"query-input\":{\"@type\":\"PropertyValueSpecification\",\"valueRequired\":true,\"valueName\":\"search_term_string\"}}],\"inLanguage\":\"pl-PL\"}]}<\/script>\n<!-- \/ Yoast SEO Premium plugin. -->","yoast_head_json":{"title":"Behawioryzm - Akademia Zdrowia \u0141\u00f3d\u017a - Kursy zawodowe, szko\u0142y policealne, szko\u0142y dla doros\u0142ych","description":"AKADEMIA ZDROWIA DLA WETERYNARIIBehawioryzm JAK WYGL\u0104DA SZKOLENIEProgram szkolenia System zaj\u0119\u0107: weekendowy, w godzinach: 9:00 \u2013 16:30 (co dwa","robots":{"index":"index","follow":"follow","max-snippet":"max-snippet:-1","max-image-preview":"max-image-preview:large","max-video-preview":"max-video-preview:-1"},"canonical":"https:\/\/akademia-zdrowia.pl\/lodz\/oferta-szkoleniowa\/kursy-i-szkolenia\/kursy-weterynaryjne\/behawioryzm\/","og_locale":"pl_PL","og_type":"article","og_title":"Behawioryzm","og_description":"AKADEMIA ZDROWIA DLA WETERYNARIIBehawioryzm JAK WYGL\u0104DA SZKOLENIEProgram szkolenia System zaj\u0119\u0107: weekendowy, w godzinach: 9:00 \u2013 16:30 (co dwa","og_url":"https:\/\/akademia-zdrowia.pl\/lodz\/oferta-szkoleniowa\/kursy-i-szkolenia\/kursy-weterynaryjne\/behawioryzm\/","og_site_name":"Akademia Zdrowia \u0141\u00f3d\u017a","article_modified_time":"2026-03-23T14:26:18+00:00","og_image":[{"width":812,"height":1178,"url":"https:\/\/akademia-zdrowia.pl\/lodz\/wp-content\/uploads\/2024\/09\/behawioryzm_2.png","type":"image\/png"}],"twitter_card":"summary_large_image","twitter_misc":{"Szacowany czas czytania":"3 minuty"},"schema":{"@context":"https:\/\/schema.org","@graph":[{"@type":"WebPage","@id":"https:\/\/akademia-zdrowia.pl\/lodz\/oferta-szkoleniowa\/kursy-i-szkolenia\/kursy-weterynaryjne\/behawioryzm\/","url":"https:\/\/akademia-zdrowia.pl\/lodz\/oferta-szkoleniowa\/kursy-i-szkolenia\/kursy-weterynaryjne\/behawioryzm\/","name":"Behawioryzm - Akademia Zdrowia \u0141\u00f3d\u017a - Kursy zawodowe, szko\u0142y policealne, szko\u0142y dla doros\u0142ych","isPartOf":{"@id":"https:\/\/akademia-zdrowia.pl\/lodz\/#website"},"primaryImageOfPage":{"@id":"https:\/\/akademia-zdrowia.pl\/lodz\/oferta-szkoleniowa\/kursy-i-szkolenia\/kursy-weterynaryjne\/behawioryzm\/#primaryimage"},"image":{"@id":"https:\/\/akademia-zdrowia.pl\/lodz\/oferta-szkoleniowa\/kursy-i-szkolenia\/kursy-weterynaryjne\/behawioryzm\/#primaryimage"},"thumbnailUrl":"https:\/\/akademia-zdrowia.pl\/lodz\/wp-content\/uploads\/2024\/09\/behawioryzm_2-706x1024.png","datePublished":"2018-01-10T08:51:32+00:00","dateModified":"2026-03-23T14:26:18+00:00","description":"AKADEMIA ZDROWIA DLA WETERYNARIIBehawioryzm JAK WYGL\u0104DA SZKOLENIEProgram szkolenia System zaj\u0119\u0107: weekendowy, w godzinach: 9:00 \u2013 16:30 (co dwa","breadcrumb":{"@id":"https:\/\/akademia-zdrowia.pl\/lodz\/oferta-szkoleniowa\/kursy-i-szkolenia\/kursy-weterynaryjne\/behawioryzm\/#breadcrumb"},"inLanguage":"pl-PL","potentialAction":[{"@type":"ReadAction","target":["https:\/\/akademia-zdrowia.pl\/lodz\/oferta-szkoleniowa\/kursy-i-szkolenia\/kursy-weterynaryjne\/behawioryzm\/"]}]},{"@type":"ImageObject","inLanguage":"pl-PL","@id":"https:\/\/akademia-zdrowia.pl\/lodz\/oferta-szkoleniowa\/kursy-i-szkolenia\/kursy-weterynaryjne\/behawioryzm\/#primaryimage","url":"https:\/\/akademia-zdrowia.pl\/lodz\/wp-content\/uploads\/2024\/09\/behawioryzm_2.png","contentUrl":"https:\/\/akademia-zdrowia.pl\/lodz\/wp-content\/uploads\/2024\/09\/behawioryzm_2.png","width":812,"height":1178},{"@type":"BreadcrumbList","@id":"https:\/\/akademia-zdrowia.pl\/lodz\/oferta-szkoleniowa\/kursy-i-szkolenia\/kursy-weterynaryjne\/behawioryzm\/#breadcrumb","itemListElement":[{"@type":"ListItem","position":1,"name":"Strona g\u0142\u00f3wna","item":"https:\/\/akademia-zdrowia.pl\/lodz\/"},{"@type":"ListItem","position":2,"name":"Oferta szkoleniowa","item":"https:\/\/akademia-zdrowia.pl\/lodz\/oferta-szkoleniowa\/"},{"@type":"ListItem","position":3,"name":"Kursy i szkolenia","item":"https:\/\/akademia-zdrowia.pl\/lodz\/oferta-szkoleniowa\/kursy-i-szkolenia\/"},{"@type":"ListItem","position":4,"name":"Kursy weterynaryjne","item":"https:\/\/akademia-zdrowia.pl\/lodz\/oferta-szkoleniowa\/kursy-i-szkolenia\/kursy-weterynaryjne\/"},{"@type":"ListItem","position":5,"name":"Behawioryzm"}]},{"@type":"WebSite","@id":"https:\/\/akademia-zdrowia.pl\/lodz\/#website","url":"https:\/\/akademia-zdrowia.pl\/lodz\/","name":"Akademia Zdrowia \u0141\u00f3d\u017a","description":"","potentialAction":[{"@type":"SearchAction","target":{"@type":"EntryPoint","urlTemplate":"https:\/\/akademia-zdrowia.pl\/lodz\/?s={search_term_string}"},"query-input":{"@type":"PropertyValueSpecification","valueRequired":true,"valueName":"search_term_string"}}],"inLanguage":"pl-PL"}]}},"_links":{"self":[{"href":"https:\/\/akademia-zdrowia.pl\/lodz\/wp-json\/wp\/v2\/pages\/348","targetHints":{"allow":["GET"]}}],"collection":[{"href":"https:\/\/akademia-zdrowia.pl\/lodz\/wp-json\/wp\/v2\/pages"}],"about":[{"href":"https:\/\/akademia-zdrowia.pl\/lodz\/wp-json\/wp\/v2\/types\/page"}],"author":[{"embeddable":true,"href":"https:\/\/akademia-zdrowia.pl\/lodz\/wp-json\/wp\/v2\/users\/1"}],"replies":[{"embeddable":true,"href":"https:\/\/akademia-zdrowia.pl\/lodz\/wp-json\/wp\/v2\/comments?post=348"}],"version-history":[{"count":53,"href":"https:\/\/akademia-zdrowia.pl\/lodz\/wp-json\/wp\/v2\/pages\/348\/revisions"}],"predecessor-version":[{"id":18004,"href":"https:\/\/akademia-zdrowia.pl\/lodz\/wp-json\/wp\/v2\/pages\/348\/revisions\/18004"}],"up":[{"embeddable":true,"href":"https:\/\/akademia-zdrowia.pl\/lodz\/wp-json\/wp\/v2\/pages\/332"}],"wp:attachment":[{"href":"https:\/\/akademia-zdrowia.pl\/lodz\/wp-json\/wp\/v2\/media?parent=348"}],"curies":[{"name":"wp","href":"https:\/\/api.w.org\/{rel}","templated":true}]}}