{"id":350,"date":"2018-01-10T09:51:56","date_gmt":"2018-01-10T08:51:56","guid":{"rendered":"https:\/\/akademia-zdrowia.pl\/lodz\/?page_id=350"},"modified":"2026-03-18T13:53:19","modified_gmt":"2026-03-18T12:53:19","slug":"grooming","status":"publish","type":"page","link":"https:\/\/akademia-zdrowia.pl\/lodz\/oferta-szkoleniowa\/kursy-i-szkolenia\/kursy-weterynaryjne\/grooming\/","title":{"rendered":"Indywidualny kurs Groomer- Psi fryzjer"},"content":{"rendered":"\t\t<div data-elementor-type=\"wp-page\" data-elementor-id=\"350\" class=\"elementor elementor-350\" data-elementor-post-type=\"page\">\n\t\t\t\t\t\t<section class=\"elementor-section elementor-top-section elementor-element elementor-element-2c34926 elementor-section-stretched elementor-section-boxed elementor-section-height-default elementor-section-height-default\" data-id=\"2c34926\" data-element_type=\"section\" data-e-type=\"section\" data-settings=\"{&quot;stretch_section&quot;:&quot;section-stretched&quot;}\">\n\t\t\t\t\t\t<div class=\"elementor-container elementor-column-gap-default\">\n\t\t\t\t\t<div class=\"elementor-column elementor-col-66 elementor-top-column elementor-element elementor-element-c8a3f95\" data-id=\"c8a3f95\" data-element_type=\"column\" data-e-type=\"column\">\n\t\t\t<div class=\"elementor-widget-wrap elementor-element-populated\">\n\t\t\t\t\t\t<div class=\"elementor-element elementor-element-3c99d9b elementor-widget elementor-widget-text-editor\" data-id=\"3c99d9b\" data-element_type=\"widget\" data-e-type=\"widget\" data-widget_type=\"text-editor.default\">\n\t\t\t\t<div class=\"elementor-widget-container\">\n\t\t\t\t\t\t\t\t\t<h2 class=\"v1MsoNormal\">Indywidualny \u00a0kurs \u00a0Groomer \u2013 psi fryzjer<\/h2><p style=\"font-weight: 400;\">Indywidualny kurs groomerski, terminy do ustalenia ze szkoleniowcem,<\/p><p style=\"font-weight: 400;\"><strong> <img decoding=\"async\" class=\"alignnone wp-image-11688\" src=\"https:\/\/akademia-zdrowia.pl\/lodz\/wp-content\/uploads\/2023\/09\/whatsapp-logo-png-2288-120x120-1.png\" alt=\"\" width=\"40\" height=\"40\" \/> Viktoria \u2013 <\/strong><strong><a href=\"tel:+48730726780\">730 726 780<\/a> ; <img decoding=\"async\" class=\"alignnone wp-image-11688\" src=\"https:\/\/akademia-zdrowia.pl\/lodz\/wp-content\/uploads\/2023\/09\/whatsapp-logo-png-2288-120x120-1.png\" alt=\"\" width=\"40\" height=\"40\" \/> Ma\u0142gorzata \u2013\u00a0<\/strong><strong>\u00a0<a href=\"tel:+48662486675\">662 486 675<\/a>.<\/strong><\/p><p style=\"font-weight: 400;\">30 h, za\u015bwiadczenie MEN +certyfikaty w j\u0119z. polskim i angielskim.<\/p><p style=\"font-weight: 400;\">Zakres programowy:<\/p><ol><li style=\"font-weight: 400;\">Stanowisko pracy na czym polega praca groomera<\/li><li style=\"font-weight: 400;\">Om\u00f3wienie maszynek I ostrzy do strzy\u017cenia instrukcja ich obs\u0142ugi<\/li><li style=\"font-weight: 400;\">Om\u00f3wienie no\u017cyczek do strzy\u017cenia i instrukcja ich u\u017cycia<\/li><li style=\"font-weight: 400;\">Bezpiecze\u0144stwo pracy w zawodzie groomera<\/li><li style=\"font-weight: 400;\">Om\u00f3wienie szampon\u00f3w i \u015brodk\u00f3w kosmetycznych stosowanych\u00a0 podczas piel\u0119gnacji ps\u00f3w.<\/li><li style=\"font-weight: 400;\">Om\u00f3wienie technik piel\u0119gnacji sier\u015bci psa i om\u00f3wienie szczotek .<\/li><li style=\"font-weight: 400;\">Prawid\u0142owa higiena oczu, uszu i pazurk\u00f3w\u00a0 ps\u00f3w co jest nam potrzebne do wykonania takiej us\u0142ug<\/li><li style=\"font-weight: 400;\">Po om\u00f3wieniu powy\u017cszych punkt\u00f3w praktyka w piel\u0119gnacji ps\u00f3w na przyk\u0142adzie psich klient\u00f3w kt\u00f3re s\u0105 zapisane do piel\u0119gnacji w salonie.<\/li><\/ol><p style=\"font-weight: 400;\">Realizujemy szkolenia z PUP, KFS, BUR.<\/p><p style=\"font-weight: 400;\">Zakres rozszerzony \u00a050 h , za\u015bwiadczenie MEN, certyfikaty w j\u0119z. polskim i angielskim.<\/p><p style=\"font-weight: 400;\">Powy\u017csze zagadnienia \u00a0z kursu podstawowego plus:<\/p><ol><li style=\"font-weight: 400;\">Higiena jamy ustnej zwierz\u0105t<\/li><li style=\"font-weight: 400;\">Dlaczego utrzymanie higieny w pysku psa jest bardzo istotne w profilaktyce zdrowia zwierz\u0119cia.<\/li><li style=\"font-weight: 400;\">Choroby jamy ustnej psa<\/li><li style=\"font-weight: 400;\">Techniki oczyszczania jamy ustnej u psa<\/li><li style=\"font-weight: 400;\">Czyszczenie z\u0119b\u00f3w psa bez u\u017cycia narkozy i lek\u00f3w.<\/li><li style=\"font-weight: 400;\">Kiedy groomer mo\u017ce bez problemu usun\u0105\u0107 kamie\u0144 naz\u0119bny a kiedy nale\u017cy odes\u0142a\u0107 zwierz\u0119 do lekarza weterynarii<\/li><li style=\"font-weight: 400;\">Kosmetyczne czyszczenie z\u0119b\u00f3w u psa z kamienia naz\u0119bnego metod\u0105 bezinwazyjn\u0105<\/li><li style=\"font-weight: 400;\">Co to s\u0105 ultrad\u017awi\u0119ki i jakie maj\u0105 zastosowanie w pracy groomera<\/li><li style=\"font-weight: 400;\">R\u00f3\u017cnice mi\u0119dzy ultrad\u017awi\u0119kowym czyszczeniem z\u0119b\u00f3w przez groomera a skilingiem wykonywanym przez lekarza weterynarii.<\/li><li style=\"font-weight: 400;\">Praktyka w usuwaniu kamienia naz\u0119bnego i p\u0142ytki bakteryjnej u psa.<\/li><\/ol>\t\t\t\t\t\t\t\t<\/div>\n\t\t\t\t<\/div>\n\t\t\t\t\t<\/div>\n\t\t<\/div>\n\t\t\t\t<div class=\"elementor-column elementor-col-33 elementor-top-column elementor-element elementor-element-2d8e6fb\" data-id=\"2d8e6fb\" data-element_type=\"column\" data-e-type=\"column\">\n\t\t\t<div class=\"elementor-widget-wrap elementor-element-populated\">\n\t\t\t\t\t\t<div class=\"elementor-element elementor-element-0fb9263 elementor-widget elementor-widget-rs-image\" data-id=\"0fb9263\" data-element_type=\"widget\" data-e-type=\"widget\" data-widget_type=\"rs-image.default\">\n\t\t\t\t<div class=\"elementor-widget-container\">\n\t\t\t\t\t\n        <div class=\"rs-image \">\n                            <img decoding=\"async\" class=\"rs-multi-image \" src=\"https:\/\/akademia-zdrowia.pl\/lodz\/wp-content\/uploads\/2022\/01\/IMG_0795-2-scaled.jpg\" alt=\"image\"\/>\n                    <\/div>\n\n              \n    \t\t\t\t<\/div>\n\t\t\t\t<\/div>\n\t\t\t\t<div class=\"elementor-element elementor-element-3a8ef43 elementor-widget elementor-widget-text-editor\" data-id=\"3a8ef43\" data-element_type=\"widget\" data-e-type=\"widget\" data-widget_type=\"text-editor.default\">\n\t\t\t\t<div class=\"elementor-widget-container\">\n\t\t\t\t\t\t\t\t\t<div class=\"adres\"><div class=\"adres\"><p style=\"text-align: center;\">ul. Jana Kili\u0144skiego 21<br \/><span style=\"color: var( --e-global-color-text ); font-family: var( --e-global-typography-text-font-family ), Sans-serif; font-weight: var( --e-global-typography-text-font-weight );\">90-205 \u0141\u00f3d\u017a<br \/><\/span><img decoding=\"async\" style=\"color: var( --e-global-color-text ); font-family: var( --e-global-typography-text-font-family ), Sans-serif; font-weight: var( --e-global-typography-text-font-weight );\" src=\"https:\/\/akademia-zdrowia.pl\/lodz\/wp-content\/themes\/akademia-podstrona\/img\/phone-ico_red.png\" alt=\"marker\" \/><span style=\"color: var( --e-global-color-text ); font-family: var( --e-global-typography-text-font-family ), Sans-serif; font-weight: var( --e-global-typography-text-font-weight );\">\u00a0\u00a0<\/span><span style=\"color: var( --e-global-color-text ); font-family: var( --e-global-typography-text-font-family ), Sans-serif; font-weight: var( --e-global-typography-text-font-weight );\">tel.\u00a0<\/span><a style=\"font-family: var( --e-global-typography-text-font-family ), Sans-serif; font-weight: var( --e-global-typography-text-font-weight ); background-color: #ffffff;\" href=\"tel:42 255 77 00\">42 255 77 00<\/a><span style=\"color: var( --e-global-color-text ); font-family: var( --e-global-typography-text-font-family ), Sans-serif; font-weight: var( --e-global-typography-text-font-weight );\">\u00a0\u00a0<\/span><span style=\"color: var( --e-global-color-text ); font-family: var( --e-global-typography-text-font-family ), Sans-serif; font-weight: var( --e-global-typography-text-font-weight );\">tel.\/fax\u00a0<\/span><a style=\"font-family: var( --e-global-typography-text-font-family ), Sans-serif; font-weight: var( --e-global-typography-text-font-weight ); background-color: #ffffff;\" href=\"tel:42 255 77 01\">42 255 77 01<\/a><\/p><p>Viktoria \u2013 <img decoding=\"async\" class=\"alignnone wp-image-11688\" src=\"https:\/\/akademia-zdrowia.pl\/lodz\/wp-content\/uploads\/2023\/09\/whatsapp-logo-png-2288-120x120-1.png\" alt=\"\" width=\"32\" height=\"32\" \/> <a href=\"tel:+48730726780\">730 726 780<\/a><\/p><p>Ma\u0142gorzata \u2013 <img decoding=\"async\" class=\"alignnone wp-image-11688\" src=\"https:\/\/akademia-zdrowia.pl\/lodz\/wp-content\/uploads\/2023\/09\/whatsapp-logo-png-2288-120x120-1.png\" alt=\"\" width=\"32\" height=\"32\" \/>\u00a0<a href=\"tel:+48662486675\">662 486 675<\/a><\/p><\/div><div class=\"dodatkowe\"><p style=\"text-align: center;\">Sekretariat czynny od poniedzia\u0142ku do pi\u0105tku w godzinach 9.00-16.00<\/p><p style=\"text-align: center;\"><span style=\"color: #000080; font-family: var( --e-global-typography-text-font-family ), Sans-serif;\"><b>Zarezerwuj miejsce ju\u017c dzi\u015b!<\/b><\/span><\/p><\/div><\/div>\t\t\t\t\t\t\t\t<\/div>\n\t\t\t\t<\/div>\n\t\t\t\t\t<\/div>\n\t\t<\/div>\n\t\t\t\t\t<\/div>\n\t\t<\/section>\n\t\t\t\t<section class=\"elementor-section elementor-top-section elementor-element elementor-element-6e85833 elementor-section-boxed elementor-section-height-default elementor-section-height-default\" data-id=\"6e85833\" data-element_type=\"section\" data-e-type=\"section\">\n\t\t\t\t\t\t<div class=\"elementor-container elementor-column-gap-default\">\n\t\t\t\t\t<div class=\"elementor-column elementor-col-100 elementor-top-column elementor-element elementor-element-0c8c6c1\" data-id=\"0c8c6c1\" data-element_type=\"column\" data-e-type=\"column\">\n\t\t\t<div class=\"elementor-widget-wrap elementor-element-populated\">\n\t\t\t\t\t\t<div class=\"elementor-element elementor-element-af4ff98 elementor-widget elementor-widget-image\" data-id=\"af4ff98\" data-element_type=\"widget\" data-e-type=\"widget\" data-widget_type=\"image.default\">\n\t\t\t\t<div class=\"elementor-widget-container\">\n\t\t\t\t\t\t\t\t\t\t\t\t\t\t\t<img fetchpriority=\"high\" decoding=\"async\" width=\"640\" height=\"450\" src=\"https:\/\/akademia-zdrowia.pl\/lodz\/wp-content\/uploads\/2024\/05\/Groomer-1.png\" class=\"attachment-large size-large wp-image-12506\" alt=\"\" srcset=\"https:\/\/akademia-zdrowia.pl\/lodz\/wp-content\/uploads\/2024\/05\/Groomer-1.png 989w, https:\/\/akademia-zdrowia.pl\/lodz\/wp-content\/uploads\/2024\/05\/Groomer-1-300x211.png 300w, https:\/\/akademia-zdrowia.pl\/lodz\/wp-content\/uploads\/2024\/05\/Groomer-1-768x540.png 768w, https:\/\/akademia-zdrowia.pl\/lodz\/wp-content\/uploads\/2024\/05\/Groomer-1-295x208.png 295w, https:\/\/akademia-zdrowia.pl\/lodz\/wp-content\/uploads\/2024\/05\/Groomer-1-500x352.png 500w\" sizes=\"(max-width: 640px) 100vw, 640px\" \/>\t\t\t\t\t\t\t\t\t\t\t\t\t\t\t<\/div>\n\t\t\t\t<\/div>\n\t\t\t\t\t<\/div>\n\t\t<\/div>\n\t\t\t\t\t<\/div>\n\t\t<\/section>\n\t\t\t\t<\/div>\n\t\t","protected":false},"excerpt":{"rendered":"<p>Indywidualny \u00a0kurs \u00a0Groomer \u2013 psi fryzjer Indywidualny kurs groomerski, terminy do ustalenia ze szkoleniowcem, Viktoria \u2013 730 726 780 ; Ma\u0142gorzata \u2013\u00a0\u00a0662 486 675. 30 h, za\u015bwiadczenie MEN +certyfikaty w j\u0119z. polskim i angielskim. Zakres programowy: Stanowisko pracy na czym polega praca groomera Om\u00f3wienie maszynek I ostrzy do strzy\u017cenia instrukcja ich obs\u0142ugi Om\u00f3wienie no\u017cyczek do&#8230;<\/p>\n","protected":false},"author":1,"featured_media":0,"parent":332,"menu_order":0,"comment_status":"closed","ping_status":"closed","template":"","meta":{"footnotes":""},"class_list":["post-350","page","type-page","status-publish","hentry"],"yoast_head":"<!-- This site is optimized with the Yoast SEO Premium plugin v18.9 (Yoast SEO v27.2) - https:\/\/yoast.com\/product\/yoast-seo-premium-wordpress\/ -->\n<title>Indywidualny kurs Groomer- Psi fryzjer - Akademia Zdrowia \u0141\u00f3d\u017a - Kursy zawodowe, szko\u0142y policealne, szko\u0142y dla doros\u0142ych<\/title>\n<meta name=\"description\" content=\"Indywidualny \u00a0kurs \u00a0Groomer \u2013 psi fryzjerIndywidualny kurs groomerski, terminy do ustalenia ze szkoleniowcem, Viktoria \u2013 730 726 780 ; Ma\u0142gorzata \u2013\u00a0\u00a0662\" \/>\n<meta name=\"robots\" content=\"index, follow, max-snippet:-1, max-image-preview:large, max-video-preview:-1\" \/>\n<link rel=\"canonical\" href=\"https:\/\/akademia-zdrowia.pl\/lodz\/oferta-szkoleniowa\/kursy-i-szkolenia\/kursy-weterynaryjne\/grooming\/\" \/>\n<meta property=\"og:locale\" content=\"pl_PL\" \/>\n<meta property=\"og:type\" content=\"article\" \/>\n<meta property=\"og:title\" content=\"Indywidualny kurs Groomer- Psi fryzjer\" \/>\n<meta property=\"og:description\" content=\"Indywidualny \u00a0kurs \u00a0Groomer \u2013 psi fryzjerIndywidualny kurs groomerski, terminy do ustalenia ze szkoleniowcem, Viktoria \u2013 730 726 780 ; Ma\u0142gorzata \u2013\u00a0\u00a0662\" \/>\n<meta property=\"og:url\" content=\"https:\/\/akademia-zdrowia.pl\/lodz\/oferta-szkoleniowa\/kursy-i-szkolenia\/kursy-weterynaryjne\/grooming\/\" \/>\n<meta property=\"og:site_name\" content=\"Akademia Zdrowia \u0141\u00f3d\u017a\" \/>\n<meta property=\"article:modified_time\" content=\"2026-03-18T12:53:19+00:00\" \/>\n<meta property=\"og:image\" content=\"https:\/\/akademia-zdrowia.pl\/lodz\/wp-content\/uploads\/2023\/09\/whatsapp-logo-png-2288-120x120-1.png\" \/>\n\t<meta property=\"og:image:width\" content=\"120\" \/>\n\t<meta property=\"og:image:height\" content=\"120\" \/>\n\t<meta property=\"og:image:type\" content=\"image\/png\" \/>\n<meta name=\"twitter:card\" content=\"summary_large_image\" \/>\n<meta name=\"twitter:label1\" content=\"Szacowany czas czytania\" \/>\n\t<meta name=\"twitter:data1\" content=\"4 minuty\" \/>\n<script type=\"application\/ld+json\" class=\"yoast-schema-graph\">{\"@context\":\"https:\/\/schema.org\",\"@graph\":[{\"@type\":\"WebPage\",\"@id\":\"https:\/\/akademia-zdrowia.pl\/lodz\/oferta-szkoleniowa\/kursy-i-szkolenia\/kursy-weterynaryjne\/grooming\/\",\"url\":\"https:\/\/akademia-zdrowia.pl\/lodz\/oferta-szkoleniowa\/kursy-i-szkolenia\/kursy-weterynaryjne\/grooming\/\",\"name\":\"Indywidualny kurs Groomer- Psi fryzjer - Akademia Zdrowia \u0141\u00f3d\u017a - Kursy zawodowe, szko\u0142y policealne, szko\u0142y dla doros\u0142ych\",\"isPartOf\":{\"@id\":\"https:\/\/akademia-zdrowia.pl\/lodz\/#website\"},\"primaryImageOfPage\":{\"@id\":\"https:\/\/akademia-zdrowia.pl\/lodz\/oferta-szkoleniowa\/kursy-i-szkolenia\/kursy-weterynaryjne\/grooming\/#primaryimage\"},\"image\":{\"@id\":\"https:\/\/akademia-zdrowia.pl\/lodz\/oferta-szkoleniowa\/kursy-i-szkolenia\/kursy-weterynaryjne\/grooming\/#primaryimage\"},\"thumbnailUrl\":\"https:\/\/akademia-zdrowia.pl\/lodz\/wp-content\/uploads\/2023\/09\/whatsapp-logo-png-2288-120x120-1.png\",\"datePublished\":\"2018-01-10T08:51:56+00:00\",\"dateModified\":\"2026-03-18T12:53:19+00:00\",\"description\":\"Indywidualny \u00a0kurs \u00a0Groomer \u2013 psi fryzjerIndywidualny kurs groomerski, terminy do ustalenia ze szkoleniowcem, Viktoria \u2013 730 726 780 ; Ma\u0142gorzata \u2013\u00a0\u00a0662\",\"breadcrumb\":{\"@id\":\"https:\/\/akademia-zdrowia.pl\/lodz\/oferta-szkoleniowa\/kursy-i-szkolenia\/kursy-weterynaryjne\/grooming\/#breadcrumb\"},\"inLanguage\":\"pl-PL\",\"potentialAction\":[{\"@type\":\"ReadAction\",\"target\":[\"https:\/\/akademia-zdrowia.pl\/lodz\/oferta-szkoleniowa\/kursy-i-szkolenia\/kursy-weterynaryjne\/grooming\/\"]}]},{\"@type\":\"ImageObject\",\"inLanguage\":\"pl-PL\",\"@id\":\"https:\/\/akademia-zdrowia.pl\/lodz\/oferta-szkoleniowa\/kursy-i-szkolenia\/kursy-weterynaryjne\/grooming\/#primaryimage\",\"url\":\"https:\/\/akademia-zdrowia.pl\/lodz\/wp-content\/uploads\/2023\/09\/whatsapp-logo-png-2288-120x120-1.png\",\"contentUrl\":\"https:\/\/akademia-zdrowia.pl\/lodz\/wp-content\/uploads\/2023\/09\/whatsapp-logo-png-2288-120x120-1.png\",\"width\":120,\"height\":120},{\"@type\":\"BreadcrumbList\",\"@id\":\"https:\/\/akademia-zdrowia.pl\/lodz\/oferta-szkoleniowa\/kursy-i-szkolenia\/kursy-weterynaryjne\/grooming\/#breadcrumb\",\"itemListElement\":[{\"@type\":\"ListItem\",\"position\":1,\"name\":\"Strona g\u0142\u00f3wna\",\"item\":\"https:\/\/akademia-zdrowia.pl\/lodz\/\"},{\"@type\":\"ListItem\",\"position\":2,\"name\":\"Oferta szkoleniowa\",\"item\":\"https:\/\/akademia-zdrowia.pl\/lodz\/oferta-szkoleniowa\/\"},{\"@type\":\"ListItem\",\"position\":3,\"name\":\"Kursy i szkolenia\",\"item\":\"https:\/\/akademia-zdrowia.pl\/lodz\/oferta-szkoleniowa\/kursy-i-szkolenia\/\"},{\"@type\":\"ListItem\",\"position\":4,\"name\":\"Kursy weterynaryjne\",\"item\":\"https:\/\/akademia-zdrowia.pl\/lodz\/oferta-szkoleniowa\/kursy-i-szkolenia\/kursy-weterynaryjne\/\"},{\"@type\":\"ListItem\",\"position\":5,\"name\":\"Indywidualny kurs Groomer- Psi fryzjer\"}]},{\"@type\":\"WebSite\",\"@id\":\"https:\/\/akademia-zdrowia.pl\/lodz\/#website\",\"url\":\"https:\/\/akademia-zdrowia.pl\/lodz\/\",\"name\":\"Akademia Zdrowia \u0141\u00f3d\u017a\",\"description\":\"\",\"potentialAction\":[{\"@type\":\"SearchAction\",\"target\":{\"@type\":\"EntryPoint\",\"urlTemplate\":\"https:\/\/akademia-zdrowia.pl\/lodz\/?s={search_term_string}\"},\"query-input\":{\"@type\":\"PropertyValueSpecification\",\"valueRequired\":true,\"valueName\":\"search_term_string\"}}],\"inLanguage\":\"pl-PL\"}]}<\/script>\n<!-- \/ Yoast SEO Premium plugin. -->","yoast_head_json":{"title":"Indywidualny kurs Groomer- Psi fryzjer - Akademia Zdrowia \u0141\u00f3d\u017a - Kursy zawodowe, szko\u0142y policealne, szko\u0142y dla doros\u0142ych","description":"Indywidualny \u00a0kurs \u00a0Groomer \u2013 psi fryzjerIndywidualny kurs groomerski, terminy do ustalenia ze szkoleniowcem, Viktoria \u2013 730 726 780 ; Ma\u0142gorzata \u2013\u00a0\u00a0662","robots":{"index":"index","follow":"follow","max-snippet":"max-snippet:-1","max-image-preview":"max-image-preview:large","max-video-preview":"max-video-preview:-1"},"canonical":"https:\/\/akademia-zdrowia.pl\/lodz\/oferta-szkoleniowa\/kursy-i-szkolenia\/kursy-weterynaryjne\/grooming\/","og_locale":"pl_PL","og_type":"article","og_title":"Indywidualny kurs Groomer- Psi fryzjer","og_description":"Indywidualny \u00a0kurs \u00a0Groomer \u2013 psi fryzjerIndywidualny kurs groomerski, terminy do ustalenia ze szkoleniowcem, Viktoria \u2013 730 726 780 ; Ma\u0142gorzata \u2013\u00a0\u00a0662","og_url":"https:\/\/akademia-zdrowia.pl\/lodz\/oferta-szkoleniowa\/kursy-i-szkolenia\/kursy-weterynaryjne\/grooming\/","og_site_name":"Akademia Zdrowia \u0141\u00f3d\u017a","article_modified_time":"2026-03-18T12:53:19+00:00","og_image":[{"width":120,"height":120,"url":"https:\/\/akademia-zdrowia.pl\/lodz\/wp-content\/uploads\/2023\/09\/whatsapp-logo-png-2288-120x120-1.png","type":"image\/png"}],"twitter_card":"summary_large_image","twitter_misc":{"Szacowany czas czytania":"4 minuty"},"schema":{"@context":"https:\/\/schema.org","@graph":[{"@type":"WebPage","@id":"https:\/\/akademia-zdrowia.pl\/lodz\/oferta-szkoleniowa\/kursy-i-szkolenia\/kursy-weterynaryjne\/grooming\/","url":"https:\/\/akademia-zdrowia.pl\/lodz\/oferta-szkoleniowa\/kursy-i-szkolenia\/kursy-weterynaryjne\/grooming\/","name":"Indywidualny kurs Groomer- Psi fryzjer - Akademia Zdrowia \u0141\u00f3d\u017a - Kursy zawodowe, szko\u0142y policealne, szko\u0142y dla doros\u0142ych","isPartOf":{"@id":"https:\/\/akademia-zdrowia.pl\/lodz\/#website"},"primaryImageOfPage":{"@id":"https:\/\/akademia-zdrowia.pl\/lodz\/oferta-szkoleniowa\/kursy-i-szkolenia\/kursy-weterynaryjne\/grooming\/#primaryimage"},"image":{"@id":"https:\/\/akademia-zdrowia.pl\/lodz\/oferta-szkoleniowa\/kursy-i-szkolenia\/kursy-weterynaryjne\/grooming\/#primaryimage"},"thumbnailUrl":"https:\/\/akademia-zdrowia.pl\/lodz\/wp-content\/uploads\/2023\/09\/whatsapp-logo-png-2288-120x120-1.png","datePublished":"2018-01-10T08:51:56+00:00","dateModified":"2026-03-18T12:53:19+00:00","description":"Indywidualny \u00a0kurs \u00a0Groomer \u2013 psi fryzjerIndywidualny kurs groomerski, terminy do ustalenia ze szkoleniowcem, Viktoria \u2013 730 726 780 ; Ma\u0142gorzata \u2013\u00a0\u00a0662","breadcrumb":{"@id":"https:\/\/akademia-zdrowia.pl\/lodz\/oferta-szkoleniowa\/kursy-i-szkolenia\/kursy-weterynaryjne\/grooming\/#breadcrumb"},"inLanguage":"pl-PL","potentialAction":[{"@type":"ReadAction","target":["https:\/\/akademia-zdrowia.pl\/lodz\/oferta-szkoleniowa\/kursy-i-szkolenia\/kursy-weterynaryjne\/grooming\/"]}]},{"@type":"ImageObject","inLanguage":"pl-PL","@id":"https:\/\/akademia-zdrowia.pl\/lodz\/oferta-szkoleniowa\/kursy-i-szkolenia\/kursy-weterynaryjne\/grooming\/#primaryimage","url":"https:\/\/akademia-zdrowia.pl\/lodz\/wp-content\/uploads\/2023\/09\/whatsapp-logo-png-2288-120x120-1.png","contentUrl":"https:\/\/akademia-zdrowia.pl\/lodz\/wp-content\/uploads\/2023\/09\/whatsapp-logo-png-2288-120x120-1.png","width":120,"height":120},{"@type":"BreadcrumbList","@id":"https:\/\/akademia-zdrowia.pl\/lodz\/oferta-szkoleniowa\/kursy-i-szkolenia\/kursy-weterynaryjne\/grooming\/#breadcrumb","itemListElement":[{"@type":"ListItem","position":1,"name":"Strona g\u0142\u00f3wna","item":"https:\/\/akademia-zdrowia.pl\/lodz\/"},{"@type":"ListItem","position":2,"name":"Oferta szkoleniowa","item":"https:\/\/akademia-zdrowia.pl\/lodz\/oferta-szkoleniowa\/"},{"@type":"ListItem","position":3,"name":"Kursy i szkolenia","item":"https:\/\/akademia-zdrowia.pl\/lodz\/oferta-szkoleniowa\/kursy-i-szkolenia\/"},{"@type":"ListItem","position":4,"name":"Kursy weterynaryjne","item":"https:\/\/akademia-zdrowia.pl\/lodz\/oferta-szkoleniowa\/kursy-i-szkolenia\/kursy-weterynaryjne\/"},{"@type":"ListItem","position":5,"name":"Indywidualny kurs Groomer- Psi fryzjer"}]},{"@type":"WebSite","@id":"https:\/\/akademia-zdrowia.pl\/lodz\/#website","url":"https:\/\/akademia-zdrowia.pl\/lodz\/","name":"Akademia Zdrowia \u0141\u00f3d\u017a","description":"","potentialAction":[{"@type":"SearchAction","target":{"@type":"EntryPoint","urlTemplate":"https:\/\/akademia-zdrowia.pl\/lodz\/?s={search_term_string}"},"query-input":{"@type":"PropertyValueSpecification","valueRequired":true,"valueName":"search_term_string"}}],"inLanguage":"pl-PL"}]}},"_links":{"self":[{"href":"https:\/\/akademia-zdrowia.pl\/lodz\/wp-json\/wp\/v2\/pages\/350","targetHints":{"allow":["GET"]}}],"collection":[{"href":"https:\/\/akademia-zdrowia.pl\/lodz\/wp-json\/wp\/v2\/pages"}],"about":[{"href":"https:\/\/akademia-zdrowia.pl\/lodz\/wp-json\/wp\/v2\/types\/page"}],"author":[{"embeddable":true,"href":"https:\/\/akademia-zdrowia.pl\/lodz\/wp-json\/wp\/v2\/users\/1"}],"replies":[{"embeddable":true,"href":"https:\/\/akademia-zdrowia.pl\/lodz\/wp-json\/wp\/v2\/comments?post=350"}],"version-history":[{"count":60,"href":"https:\/\/akademia-zdrowia.pl\/lodz\/wp-json\/wp\/v2\/pages\/350\/revisions"}],"predecessor-version":[{"id":17894,"href":"https:\/\/akademia-zdrowia.pl\/lodz\/wp-json\/wp\/v2\/pages\/350\/revisions\/17894"}],"up":[{"embeddable":true,"href":"https:\/\/akademia-zdrowia.pl\/lodz\/wp-json\/wp\/v2\/pages\/332"}],"wp:attachment":[{"href":"https:\/\/akademia-zdrowia.pl\/lodz\/wp-json\/wp\/v2\/media?parent=350"}],"curies":[{"name":"wp","href":"https:\/\/api.w.org\/{rel}","templated":true}]}}