{"id":3517,"date":"2021-04-13T09:02:15","date_gmt":"2021-04-13T07:02:15","guid":{"rendered":"https:\/\/akademia-zdrowia.pl\/lodz\/?page_id=3517"},"modified":"2022-02-13T21:55:03","modified_gmt":"2022-02-13T20:55:03","slug":"o-projekcie-postaw-na-siebie","status":"publish","type":"page","link":"https:\/\/akademia-zdrowia.pl\/lodz\/oferta-szkoleniowa\/projekty-unijne\/postaw-na-siebie\/o-projekcie-postaw-na-siebie\/","title":{"rendered":"O projekcie Postaw na siebie"},"content":{"rendered":"\t\t<div data-elementor-type=\"wp-page\" data-elementor-id=\"3517\" class=\"elementor elementor-3517\" data-elementor-post-type=\"page\">\n\t\t\t\t\t\t<section class=\"elementor-section elementor-top-section elementor-element elementor-element-62bf0b1 elementor-section-boxed elementor-section-height-default elementor-section-height-default\" data-id=\"62bf0b1\" data-element_type=\"section\" data-e-type=\"section\">\n\t\t\t\t\t\t<div class=\"elementor-container elementor-column-gap-default\">\n\t\t\t\t\t<div class=\"elementor-column elementor-col-66 elementor-top-column elementor-element elementor-element-36e8e0d\" data-id=\"36e8e0d\" data-element_type=\"column\" data-e-type=\"column\">\n\t\t\t<div class=\"elementor-widget-wrap elementor-element-populated\">\n\t\t\t\t\t\t<div class=\"elementor-element elementor-element-2a148ef elementor-widget elementor-widget-text-editor\" data-id=\"2a148ef\" data-element_type=\"widget\" data-e-type=\"widget\" data-widget_type=\"text-editor.default\">\n\t\t\t\t<div class=\"elementor-widget-container\">\n\t\t\t\t\t\t\t\t\t<img decoding=\"async\" width=\"626\" height=\"71\" class=\"aligncenter size-full wp-image-2293\" src=\"https:\/\/akademia-zdrowia.pl\/lodz\/wp-content\/uploads\/2020\/03\/image001.png\" srcset=\"https:\/\/akademia-zdrowia.pl\/lodz\/wp-content\/uploads\/2020\/03\/image001.png 626w, https:\/\/akademia-zdrowia.pl\/lodz\/wp-content\/uploads\/2020\/03\/image001-300x34.png 300w\" sizes=\"(max-width: 626px) 100vw, 626px\" \/>\n\nProjekt \u201c<strong>Postaw na siebie\u201d<\/strong>\u00a0Nr RPLD.09.01.01-10-B105\/20 wsp\u00f3\u0142finansowany ze \u015brodk\u00f3w Europejskiego Funduszu Spo\u0142ecznego w ramach Regionalnego Programu Operacyjnego, O\u015b IX W\u0142\u0105czenie spo\u0142eczne, Dzia\u0142anie 9.1 Aktywna integracja os\u00f3b zagro\u017conych ub\u00f3stwem lub wykluczeniem spo\u0142ecznym, Poddzia\u0142anie 9.1.1 Aktywna integracja os\u00f3b zagro\u017conych ub\u00f3stwem lub wykluczeniem spo\u0142ecznym.\n\n<strong>Cel projektu:<\/strong>\n\nCelem g\u0142\u00f3wnym projektu jest podniesienie kompetencji spo\u0142eczno-zawodowej 58(35K,23M) os\u00f3b w wieku aktywno\u015bci zawodowej 18-65, zagro\u017conych ub\u00f3stwem lub wykluczeniem spo\u0142ecznym, w tym osoby bezrobotne, kt\u00f3re w pierwszej kolejno\u015bci wymagaj\u0105 aktywizacji spo\u0142ecznej, zamieszka\u0142ych na terenie wojew\u00f3dztwa \u0142\u00f3dzkiego poprzez udzia\u0142 w kompleksowym i zindywidualizowanym wsparciu, zawieraj\u0105cym instrumenty aktywizacji spo\u0142ecznej i zawodowej, przeprowadzonym w terminie 01.04.2021-30.11.2021.\n\n<strong>Grupa docelowa:<\/strong>\n<ul>\n \t<li>53 osoby (32 kobiety, 21 m\u0119\u017cczyzn) bierne zawodowo,<\/li>\n \t<li>5 os\u00f3b (3 kobiety, 2 m\u0119\u017cczyzn) bezrobotnych,<\/li>\n \t<li>5 os\u00f3b (3 kobiety, 2 m\u0119\u017cczyzn) z niepe\u0142nosprawno\u015bciami (5% uczestnik\u00f3w projektu),<\/li>\n \t<li>36 os\u00f3b (22 kobiety, 14 m\u0119\u017cczyzn) o niskich kwalifikacjach tzn. maksymalnie z wykszta\u0142ceniem ponadgimnazjalnym (60% uczestnik\u00f3w projektu).<\/li>\n<\/ul>\n<strong>Dla uczestnik\u00f3w projektu zaplanowano nast\u0119puj\u0105ce formy wsparcia:<\/strong>\n<ul>\n \t<li>okre\u015blenie \u015bcie\u017cki reintegracji spo\u0142eczno-zawodowej,<\/li>\n \t<li>instrumenty aktywizacji spo\u0142ecznej \u2013 indywidualne poradnictwo psychologiczne i specjalistyczne oraz warsztaty interpersonalne,<\/li>\n \t<li>instrumenty aktywizacji spo\u0142ecznej \u2013 kursy komputerowe,<\/li>\n \t<li>instrumenty aktywizacji zawodowej \u2013 wysokiej jako\u015bci szkolenia,<\/li>\n \t<li>instrumenty aktywizacji zawodowej \u2013 wysokiej jako\u015bci sta\u017ce zawodowe i po\u015brednictwo pracy.<\/li>\n<\/ul>\nDla uczestnik\u00f3w przewidziano zwroty koszt\u00f3w dojazdu dla Uczestnik\u00f3w projektu, wyp\u0142aty stypendium szkoleniowego i sta\u017cowego, uzyskanie uznanych kwalifikacji, materia\u0142y i catering w ramach szkole\u0144.\n\n<strong>Czas realizacji projektu:\u00a0<\/strong>Projekt realizowany jest w okresie od 1 kwietnia 2020 r. do 30 listopada 2022 roku. Rekrutacja do projektu rozpocz\u0119\u0142a si\u0119 1 kwietnia 2021 roku.\n\n<strong>Biuro projektu:<\/strong>\n\nAkademia Zdrowia, \u0141\u00f3d\u017a ul. Kili\u0144skiego 21\ntel. 42 255 77 00 | e-mail: postawnasiebie@akademia-zdrowia.pl\nBiuro czynne od poniedzia\u0142ku do pi\u0105tku w godzinach 08.00-16.00\n\n<strong>W przypadku ch\u0119ci z\u0142o\u017cenia formularza rekrutacyjnego prosimy o wcze\u015bniejszy kontakt telefoniczny pod numerem telefonu: 782-004-300<\/strong>\n\n<img decoding=\"async\" src=\"https:\/\/akademia-zdrowia.pl\/lodz\/wp-content\/uploads\/2021\/04\/170731523_585013465791760_3075926713309669281_n3.jpg\" \/>\t\t\t\t\t\t\t\t<\/div>\n\t\t\t\t<\/div>\n\t\t\t\t\t<\/div>\n\t\t<\/div>\n\t\t\t\t<div class=\"elementor-column elementor-col-33 elementor-top-column elementor-element elementor-element-2029de7\" data-id=\"2029de7\" data-element_type=\"column\" data-e-type=\"column\">\n\t\t\t<div class=\"elementor-widget-wrap elementor-element-populated\">\n\t\t\t\t\t\t<div class=\"elementor-element elementor-element-ce8f7b8 elementor-widget elementor-widget-rs-image\" data-id=\"ce8f7b8\" data-element_type=\"widget\" data-e-type=\"widget\" data-widget_type=\"rs-image.default\">\n\t\t\t\t<div class=\"elementor-widget-container\">\n\t\t\t\t\t\n        <div class=\"rs-image \">\n                            <img decoding=\"async\" class=\"rs-multi-image \" src=\"https:\/\/akademia-zdrowia.pl\/lodz\/wp-content\/uploads\/2022\/01\/IMG_0795-2-scaled.jpg\" alt=\"image\"\/>\n                    <\/div>\n\n              \n    \t\t\t\t<\/div>\n\t\t\t\t<\/div>\n\t\t\t\t<div class=\"elementor-element elementor-element-009109d elementor-widget elementor-widget-text-editor\" data-id=\"009109d\" data-element_type=\"widget\" data-e-type=\"widget\" data-widget_type=\"text-editor.default\">\n\t\t\t\t<div class=\"elementor-widget-container\">\n\t\t\t\t\t\t\t\t\t<div class=\"adres\"><div class=\"adres\"><p style=\"text-align: center;\">ul. Jana Kili\u0144skiego 21<br \/><span style=\"color: var( --e-global-color-text ); font-family: var( --e-global-typography-text-font-family ), Sans-serif; font-weight: var( --e-global-typography-text-font-weight );\">90-205 \u0141\u00f3d\u017a<br \/><\/span><img decoding=\"async\" style=\"color: var( --e-global-color-text ); font-family: var( --e-global-typography-text-font-family ), Sans-serif; font-weight: var( --e-global-typography-text-font-weight );\" src=\"https:\/\/akademia-zdrowia.pl\/lodz\/wp-content\/themes\/akademia-podstrona\/img\/phone-ico_red.png\" alt=\"marker\" \/><span style=\"color: var( --e-global-color-text ); font-family: var( --e-global-typography-text-font-family ), Sans-serif; font-weight: var( --e-global-typography-text-font-weight );\">\u00a0\u00a0<\/span><span style=\"color: var( --e-global-color-text ); font-family: var( --e-global-typography-text-font-family ), Sans-serif; font-weight: var( --e-global-typography-text-font-weight );\">tel.\u00a0<\/span><a style=\"font-family: var( --e-global-typography-text-font-family ), Sans-serif; font-weight: var( --e-global-typography-text-font-weight ); background-color: #ffffff;\" href=\"tel:42 255 77 00\">42 255 77 00<\/a><span style=\"color: var( --e-global-color-text ); font-family: var( --e-global-typography-text-font-family ), Sans-serif; font-weight: var( --e-global-typography-text-font-weight );\">\u00a0\u00a0<\/span><span style=\"color: var( --e-global-color-text ); font-family: var( --e-global-typography-text-font-family ), Sans-serif; font-weight: var( --e-global-typography-text-font-weight );\">tel.\/fax\u00a0<\/span><a style=\"font-family: var( --e-global-typography-text-font-family ), Sans-serif; font-weight: var( --e-global-typography-text-font-weight ); background-color: #ffffff;\" href=\"tel:42 255 77 01\">42 255 77 01<\/a><\/p><\/div><div class=\"dodatkowe\"><p style=\"text-align: center;\">Sekretariat czynny od poniedzia\u0142ku do pi\u0105tku w godzinach 9.00-16.00<\/p><p style=\"text-align: center;\"><span style=\"color: #000080; font-family: var( --e-global-typography-text-font-family ), Sans-serif;\"><b>Zarezerwuj miejsce ju\u017c dzi\u015b!<\/b><\/span><\/p><\/div><\/div>\t\t\t\t\t\t\t\t<\/div>\n\t\t\t\t<\/div>\n\t\t\t\t\t<\/div>\n\t\t<\/div>\n\t\t\t\t\t<\/div>\n\t\t<\/section>\n\t\t\t\t<\/div>\n\t\t","protected":false},"excerpt":{"rendered":"<p>Projekt \u201cPostaw na siebie\u201d\u00a0Nr RPLD.09.01.01-10-B105\/20 wsp\u00f3\u0142finansowany ze \u015brodk\u00f3w Europejskiego Funduszu Spo\u0142ecznego w ramach Regionalnego Programu Operacyjnego, O\u015b IX W\u0142\u0105czenie spo\u0142eczne, Dzia\u0142anie 9.1 Aktywna integracja os\u00f3b zagro\u017conych ub\u00f3stwem lub wykluczeniem spo\u0142ecznym, Poddzia\u0142anie 9.1.1 Aktywna integracja os\u00f3b zagro\u017conych ub\u00f3stwem lub wykluczeniem spo\u0142ecznym. Cel projektu: Celem g\u0142\u00f3wnym projektu jest podniesienie kompetencji spo\u0142eczno-zawodowej 58(35K,23M) os\u00f3b w wieku aktywno\u015bci zawodowej&#8230;<\/p>\n","protected":false},"author":1,"featured_media":0,"parent":3501,"menu_order":0,"comment_status":"closed","ping_status":"closed","template":"","meta":{"footnotes":""},"class_list":["post-3517","page","type-page","status-publish","hentry"],"yoast_head":"<!-- This site is optimized with the Yoast SEO Premium plugin v18.9 (Yoast SEO v27.2) - https:\/\/yoast.com\/product\/yoast-seo-premium-wordpress\/ -->\n<title>O projekcie Postaw na siebie - Akademia Zdrowia \u0141\u00f3d\u017a - Kursy zawodowe, szko\u0142y policealne, szko\u0142y dla doros\u0142ych<\/title>\n<meta name=\"description\" content=\"Projekt \u201cPostaw na siebie\u201d\u00a0Nr RPLD.09.01.01-10-B105\/20 wsp\u00f3\u0142finansowany ze \u015brodk\u00f3w Europejskiego Funduszu Spo\u0142ecznego w ramach Regionalnego Programu\" \/>\n<meta name=\"robots\" content=\"index, follow, max-snippet:-1, max-image-preview:large, max-video-preview:-1\" \/>\n<link rel=\"canonical\" href=\"https:\/\/akademia-zdrowia.pl\/lodz\/oferta-szkoleniowa\/projekty-unijne\/postaw-na-siebie\/o-projekcie-postaw-na-siebie\/\" \/>\n<meta property=\"og:locale\" content=\"pl_PL\" \/>\n<meta property=\"og:type\" content=\"article\" \/>\n<meta property=\"og:title\" content=\"O projekcie Postaw na siebie\" \/>\n<meta property=\"og:description\" content=\"Projekt \u201cPostaw na siebie\u201d\u00a0Nr RPLD.09.01.01-10-B105\/20 wsp\u00f3\u0142finansowany ze \u015brodk\u00f3w Europejskiego Funduszu Spo\u0142ecznego w ramach Regionalnego Programu\" \/>\n<meta property=\"og:url\" content=\"https:\/\/akademia-zdrowia.pl\/lodz\/oferta-szkoleniowa\/projekty-unijne\/postaw-na-siebie\/o-projekcie-postaw-na-siebie\/\" \/>\n<meta property=\"og:site_name\" content=\"Akademia Zdrowia \u0141\u00f3d\u017a\" \/>\n<meta property=\"article:modified_time\" content=\"2022-02-13T20:55:03+00:00\" \/>\n<meta property=\"og:image\" content=\"https:\/\/akademia-zdrowia.pl\/lodz\/wp-content\/uploads\/2020\/03\/image001.png\" \/>\n<meta name=\"twitter:card\" content=\"summary_large_image\" \/>\n<meta name=\"twitter:label1\" content=\"Szacowany czas czytania\" \/>\n\t<meta name=\"twitter:data1\" content=\"3 minuty\" \/>\n<script type=\"application\/ld+json\" class=\"yoast-schema-graph\">{\"@context\":\"https:\/\/schema.org\",\"@graph\":[{\"@type\":\"WebPage\",\"@id\":\"https:\/\/akademia-zdrowia.pl\/lodz\/oferta-szkoleniowa\/projekty-unijne\/postaw-na-siebie\/o-projekcie-postaw-na-siebie\/\",\"url\":\"https:\/\/akademia-zdrowia.pl\/lodz\/oferta-szkoleniowa\/projekty-unijne\/postaw-na-siebie\/o-projekcie-postaw-na-siebie\/\",\"name\":\"O projekcie Postaw na siebie - Akademia Zdrowia \u0141\u00f3d\u017a - Kursy zawodowe, szko\u0142y policealne, szko\u0142y dla doros\u0142ych\",\"isPartOf\":{\"@id\":\"https:\/\/akademia-zdrowia.pl\/lodz\/#website\"},\"primaryImageOfPage\":{\"@id\":\"https:\/\/akademia-zdrowia.pl\/lodz\/oferta-szkoleniowa\/projekty-unijne\/postaw-na-siebie\/o-projekcie-postaw-na-siebie\/#primaryimage\"},\"image\":{\"@id\":\"https:\/\/akademia-zdrowia.pl\/lodz\/oferta-szkoleniowa\/projekty-unijne\/postaw-na-siebie\/o-projekcie-postaw-na-siebie\/#primaryimage\"},\"thumbnailUrl\":\"https:\/\/akademia-zdrowia.pl\/lodz\/wp-content\/uploads\/2020\/03\/image001.png\",\"datePublished\":\"2021-04-13T07:02:15+00:00\",\"dateModified\":\"2022-02-13T20:55:03+00:00\",\"description\":\"Projekt \u201cPostaw na siebie\u201d\u00a0Nr RPLD.09.01.01-10-B105\/20 wsp\u00f3\u0142finansowany ze \u015brodk\u00f3w Europejskiego Funduszu Spo\u0142ecznego w ramach Regionalnego Programu\",\"breadcrumb\":{\"@id\":\"https:\/\/akademia-zdrowia.pl\/lodz\/oferta-szkoleniowa\/projekty-unijne\/postaw-na-siebie\/o-projekcie-postaw-na-siebie\/#breadcrumb\"},\"inLanguage\":\"pl-PL\",\"potentialAction\":[{\"@type\":\"ReadAction\",\"target\":[\"https:\/\/akademia-zdrowia.pl\/lodz\/oferta-szkoleniowa\/projekty-unijne\/postaw-na-siebie\/o-projekcie-postaw-na-siebie\/\"]}]},{\"@type\":\"ImageObject\",\"inLanguage\":\"pl-PL\",\"@id\":\"https:\/\/akademia-zdrowia.pl\/lodz\/oferta-szkoleniowa\/projekty-unijne\/postaw-na-siebie\/o-projekcie-postaw-na-siebie\/#primaryimage\",\"url\":\"https:\/\/akademia-zdrowia.pl\/lodz\/wp-content\/uploads\/2020\/03\/image001.png\",\"contentUrl\":\"https:\/\/akademia-zdrowia.pl\/lodz\/wp-content\/uploads\/2020\/03\/image001.png\",\"width\":626,\"height\":71},{\"@type\":\"BreadcrumbList\",\"@id\":\"https:\/\/akademia-zdrowia.pl\/lodz\/oferta-szkoleniowa\/projekty-unijne\/postaw-na-siebie\/o-projekcie-postaw-na-siebie\/#breadcrumb\",\"itemListElement\":[{\"@type\":\"ListItem\",\"position\":1,\"name\":\"Strona g\u0142\u00f3wna\",\"item\":\"https:\/\/akademia-zdrowia.pl\/lodz\/\"},{\"@type\":\"ListItem\",\"position\":2,\"name\":\"Oferta szkoleniowa\",\"item\":\"https:\/\/akademia-zdrowia.pl\/lodz\/oferta-szkoleniowa\/\"},{\"@type\":\"ListItem\",\"position\":3,\"name\":\"Projekty unijne\",\"item\":\"https:\/\/akademia-zdrowia.pl\/lodz\/oferta-szkoleniowa\/projekty-unijne\/\"},{\"@type\":\"ListItem\",\"position\":4,\"name\":\"Postaw na siebie\",\"item\":\"https:\/\/akademia-zdrowia.pl\/lodz\/oferta-szkoleniowa\/projekty-unijne\/postaw-na-siebie\/\"},{\"@type\":\"ListItem\",\"position\":5,\"name\":\"O projekcie Postaw na siebie\"}]},{\"@type\":\"WebSite\",\"@id\":\"https:\/\/akademia-zdrowia.pl\/lodz\/#website\",\"url\":\"https:\/\/akademia-zdrowia.pl\/lodz\/\",\"name\":\"Akademia Zdrowia \u0141\u00f3d\u017a\",\"description\":\"\",\"potentialAction\":[{\"@type\":\"SearchAction\",\"target\":{\"@type\":\"EntryPoint\",\"urlTemplate\":\"https:\/\/akademia-zdrowia.pl\/lodz\/?s={search_term_string}\"},\"query-input\":{\"@type\":\"PropertyValueSpecification\",\"valueRequired\":true,\"valueName\":\"search_term_string\"}}],\"inLanguage\":\"pl-PL\"}]}<\/script>\n<!-- \/ Yoast SEO Premium plugin. -->","yoast_head_json":{"title":"O projekcie Postaw na siebie - Akademia Zdrowia \u0141\u00f3d\u017a - Kursy zawodowe, szko\u0142y policealne, szko\u0142y dla doros\u0142ych","description":"Projekt \u201cPostaw na siebie\u201d\u00a0Nr RPLD.09.01.01-10-B105\/20 wsp\u00f3\u0142finansowany ze \u015brodk\u00f3w Europejskiego Funduszu Spo\u0142ecznego w ramach Regionalnego Programu","robots":{"index":"index","follow":"follow","max-snippet":"max-snippet:-1","max-image-preview":"max-image-preview:large","max-video-preview":"max-video-preview:-1"},"canonical":"https:\/\/akademia-zdrowia.pl\/lodz\/oferta-szkoleniowa\/projekty-unijne\/postaw-na-siebie\/o-projekcie-postaw-na-siebie\/","og_locale":"pl_PL","og_type":"article","og_title":"O projekcie Postaw na siebie","og_description":"Projekt \u201cPostaw na siebie\u201d\u00a0Nr RPLD.09.01.01-10-B105\/20 wsp\u00f3\u0142finansowany ze \u015brodk\u00f3w Europejskiego Funduszu Spo\u0142ecznego w ramach Regionalnego Programu","og_url":"https:\/\/akademia-zdrowia.pl\/lodz\/oferta-szkoleniowa\/projekty-unijne\/postaw-na-siebie\/o-projekcie-postaw-na-siebie\/","og_site_name":"Akademia Zdrowia \u0141\u00f3d\u017a","article_modified_time":"2022-02-13T20:55:03+00:00","og_image":[{"url":"https:\/\/akademia-zdrowia.pl\/lodz\/wp-content\/uploads\/2020\/03\/image001.png","type":"","width":"","height":""}],"twitter_card":"summary_large_image","twitter_misc":{"Szacowany czas czytania":"3 minuty"},"schema":{"@context":"https:\/\/schema.org","@graph":[{"@type":"WebPage","@id":"https:\/\/akademia-zdrowia.pl\/lodz\/oferta-szkoleniowa\/projekty-unijne\/postaw-na-siebie\/o-projekcie-postaw-na-siebie\/","url":"https:\/\/akademia-zdrowia.pl\/lodz\/oferta-szkoleniowa\/projekty-unijne\/postaw-na-siebie\/o-projekcie-postaw-na-siebie\/","name":"O projekcie Postaw na siebie - Akademia Zdrowia \u0141\u00f3d\u017a - Kursy zawodowe, szko\u0142y policealne, szko\u0142y dla doros\u0142ych","isPartOf":{"@id":"https:\/\/akademia-zdrowia.pl\/lodz\/#website"},"primaryImageOfPage":{"@id":"https:\/\/akademia-zdrowia.pl\/lodz\/oferta-szkoleniowa\/projekty-unijne\/postaw-na-siebie\/o-projekcie-postaw-na-siebie\/#primaryimage"},"image":{"@id":"https:\/\/akademia-zdrowia.pl\/lodz\/oferta-szkoleniowa\/projekty-unijne\/postaw-na-siebie\/o-projekcie-postaw-na-siebie\/#primaryimage"},"thumbnailUrl":"https:\/\/akademia-zdrowia.pl\/lodz\/wp-content\/uploads\/2020\/03\/image001.png","datePublished":"2021-04-13T07:02:15+00:00","dateModified":"2022-02-13T20:55:03+00:00","description":"Projekt \u201cPostaw na siebie\u201d\u00a0Nr RPLD.09.01.01-10-B105\/20 wsp\u00f3\u0142finansowany ze \u015brodk\u00f3w Europejskiego Funduszu Spo\u0142ecznego w ramach Regionalnego Programu","breadcrumb":{"@id":"https:\/\/akademia-zdrowia.pl\/lodz\/oferta-szkoleniowa\/projekty-unijne\/postaw-na-siebie\/o-projekcie-postaw-na-siebie\/#breadcrumb"},"inLanguage":"pl-PL","potentialAction":[{"@type":"ReadAction","target":["https:\/\/akademia-zdrowia.pl\/lodz\/oferta-szkoleniowa\/projekty-unijne\/postaw-na-siebie\/o-projekcie-postaw-na-siebie\/"]}]},{"@type":"ImageObject","inLanguage":"pl-PL","@id":"https:\/\/akademia-zdrowia.pl\/lodz\/oferta-szkoleniowa\/projekty-unijne\/postaw-na-siebie\/o-projekcie-postaw-na-siebie\/#primaryimage","url":"https:\/\/akademia-zdrowia.pl\/lodz\/wp-content\/uploads\/2020\/03\/image001.png","contentUrl":"https:\/\/akademia-zdrowia.pl\/lodz\/wp-content\/uploads\/2020\/03\/image001.png","width":626,"height":71},{"@type":"BreadcrumbList","@id":"https:\/\/akademia-zdrowia.pl\/lodz\/oferta-szkoleniowa\/projekty-unijne\/postaw-na-siebie\/o-projekcie-postaw-na-siebie\/#breadcrumb","itemListElement":[{"@type":"ListItem","position":1,"name":"Strona g\u0142\u00f3wna","item":"https:\/\/akademia-zdrowia.pl\/lodz\/"},{"@type":"ListItem","position":2,"name":"Oferta szkoleniowa","item":"https:\/\/akademia-zdrowia.pl\/lodz\/oferta-szkoleniowa\/"},{"@type":"ListItem","position":3,"name":"Projekty unijne","item":"https:\/\/akademia-zdrowia.pl\/lodz\/oferta-szkoleniowa\/projekty-unijne\/"},{"@type":"ListItem","position":4,"name":"Postaw na siebie","item":"https:\/\/akademia-zdrowia.pl\/lodz\/oferta-szkoleniowa\/projekty-unijne\/postaw-na-siebie\/"},{"@type":"ListItem","position":5,"name":"O projekcie Postaw na siebie"}]},{"@type":"WebSite","@id":"https:\/\/akademia-zdrowia.pl\/lodz\/#website","url":"https:\/\/akademia-zdrowia.pl\/lodz\/","name":"Akademia Zdrowia \u0141\u00f3d\u017a","description":"","potentialAction":[{"@type":"SearchAction","target":{"@type":"EntryPoint","urlTemplate":"https:\/\/akademia-zdrowia.pl\/lodz\/?s={search_term_string}"},"query-input":{"@type":"PropertyValueSpecification","valueRequired":true,"valueName":"search_term_string"}}],"inLanguage":"pl-PL"}]}},"_links":{"self":[{"href":"https:\/\/akademia-zdrowia.pl\/lodz\/wp-json\/wp\/v2\/pages\/3517","targetHints":{"allow":["GET"]}}],"collection":[{"href":"https:\/\/akademia-zdrowia.pl\/lodz\/wp-json\/wp\/v2\/pages"}],"about":[{"href":"https:\/\/akademia-zdrowia.pl\/lodz\/wp-json\/wp\/v2\/types\/page"}],"author":[{"embeddable":true,"href":"https:\/\/akademia-zdrowia.pl\/lodz\/wp-json\/wp\/v2\/users\/1"}],"replies":[{"embeddable":true,"href":"https:\/\/akademia-zdrowia.pl\/lodz\/wp-json\/wp\/v2\/comments?post=3517"}],"version-history":[{"count":18,"href":"https:\/\/akademia-zdrowia.pl\/lodz\/wp-json\/wp\/v2\/pages\/3517\/revisions"}],"predecessor-version":[{"id":8564,"href":"https:\/\/akademia-zdrowia.pl\/lodz\/wp-json\/wp\/v2\/pages\/3517\/revisions\/8564"}],"up":[{"embeddable":true,"href":"https:\/\/akademia-zdrowia.pl\/lodz\/wp-json\/wp\/v2\/pages\/3501"}],"wp:attachment":[{"href":"https:\/\/akademia-zdrowia.pl\/lodz\/wp-json\/wp\/v2\/media?parent=3517"}],"curies":[{"name":"wp","href":"https:\/\/api.w.org\/{rel}","templated":true}]}}