{"id":352,"date":"2018-01-10T09:52:18","date_gmt":"2018-01-10T08:52:18","guid":{"rendered":"https:\/\/akademia-zdrowia.pl\/lodz\/?page_id=352"},"modified":"2024-10-31T07:15:10","modified_gmt":"2024-10-31T06:15:10","slug":"opiekun-osob-starszych","status":"publish","type":"page","link":"https:\/\/akademia-zdrowia.pl\/lodz\/oferta-szkoleniowa\/kursy-i-szkolenia\/kursy-medyczne\/opiekun-osob-starszych\/","title":{"rendered":"Opiekun os\u00f3b starszych"},"content":{"rendered":"\t\t<div data-elementor-type=\"wp-page\" data-elementor-id=\"352\" class=\"elementor elementor-352\" data-elementor-post-type=\"page\">\n\t\t\t\t\t\t<section class=\"elementor-section elementor-top-section elementor-element elementor-element-0e85a0f elementor-section-boxed elementor-section-height-default elementor-section-height-default\" data-id=\"0e85a0f\" data-element_type=\"section\" data-e-type=\"section\">\n\t\t\t\t\t\t<div class=\"elementor-container elementor-column-gap-default\">\n\t\t\t\t\t<div class=\"elementor-column elementor-col-100 elementor-top-column elementor-element elementor-element-0f70ead\" data-id=\"0f70ead\" data-element_type=\"column\" data-e-type=\"column\">\n\t\t\t<div class=\"elementor-widget-wrap elementor-element-populated\">\n\t\t\t\t\t\t<div class=\"elementor-element elementor-element-55dff0a elementor-widget elementor-widget-rs-heading\" data-id=\"55dff0a\" data-element_type=\"widget\" data-e-type=\"widget\" data-widget_type=\"rs-heading.default\">\n\t\t\t\t<div class=\"elementor-widget-container\">\n\t\t\t\t\t        <div class=\"rs-heading default \">\r\n        \t<div class=\"title-inner\">\r\n        \t\t      \t\t\r\n\t            <span class=\"sub-text \">AKADEMIA ZDROWIA DLA MEDYCYNY<\/span><h1 class=\"title\"><span class=\"watermark\"><\/span>Opiekun os\u00f3b starszych<\/h1>\t        <\/div>\r\n\t                <\/div>\r\n        \t\t\t\t<\/div>\n\t\t\t\t<\/div>\n\t\t\t\t\t<\/div>\n\t\t<\/div>\n\t\t\t\t\t<\/div>\n\t\t<\/section>\n\t\t\t\t<section class=\"elementor-section elementor-top-section elementor-element elementor-element-07023a1 elementor-section-stretched elementor-section-boxed elementor-section-height-default elementor-section-height-default\" data-id=\"07023a1\" data-element_type=\"section\" data-e-type=\"section\" data-settings=\"{&quot;background_background&quot;:&quot;classic&quot;,&quot;stretch_section&quot;:&quot;section-stretched&quot;}\">\n\t\t\t\t\t\t<div class=\"elementor-container elementor-column-gap-default\">\n\t\t\t\t\t<div class=\"elementor-column elementor-col-50 elementor-top-column elementor-element elementor-element-d50c376\" data-id=\"d50c376\" data-element_type=\"column\" data-e-type=\"column\">\n\t\t\t<div class=\"elementor-widget-wrap elementor-element-populated\">\n\t\t\t\t\t\t<div class=\"elementor-element elementor-element-97e0008 elementor-widget elementor-widget-rs-heading\" data-id=\"97e0008\" data-element_type=\"widget\" data-e-type=\"widget\" data-widget_type=\"rs-heading.default\">\n\t\t\t\t<div class=\"elementor-widget-container\">\n\t\t\t\t\t        <div class=\"rs-heading default \">\r\n        \t<div class=\"title-inner\">\r\n        \t\t      \t\t\r\n\t            <span class=\"sub-text \">JAK WYGL\u0104DA SZKOLENIE<\/span><h2 class=\"title\"><span class=\"watermark\"><\/span>Program szkolenia<\/h2>\t        <\/div>\r\n\t                    \t<div class=\"description\">\r\n            \t\t<p align=\"left\"><strong>Kurs jest skierowany do os\u00f3b, kt\u00f3re chc\u0105 pomaga\u0107 osobom starszym.<\/strong><\/p><p align=\"left\"><strong>W programie min.:<\/strong><\/p><ul><li>podstawowe zagadnienia psychologii os\u00f3b starszych<\/li><li>podstawowe zagadnienia higieny osobistej<\/li><li>profilaktyka os\u00f3b starszych<\/li><li>\u017cywienie os\u00f3b starszych<\/li><li>organizacja czasu wolnego os\u00f3b starszych<\/li><li>pierwsza pomoc<\/li><\/ul><p align=\"left\"><strong>Po uko\u0144czeniu kursu otrzymuj\u0105 Pa\u0144stwo:<\/strong><\/p><ul><li>za\u015bwiadczenie na druku Ministerstwa Edukacji Narodowej potwierdzaj\u0105ce uzyskanie umiej\u0119tno\u015bci zawodowych oraz<\/li><li>certyfikaty w j\u0119zyku polskim i angielskim.<\/li><\/ul><p align=\"left\">\u00a0<\/p>            \t\t\r\n            \t<\/div>\r\n        \t        <\/div>\r\n        \t\t\t\t<\/div>\n\t\t\t\t<\/div>\n\t\t\t\t<div class=\"elementor-element elementor-element-df259b3 elementor-widget elementor-widget-rs-button\" data-id=\"df259b3\" data-element_type=\"widget\" data-e-type=\"widget\" data-widget_type=\"rs-button.default\">\n\t\t\t\t<div class=\"elementor-widget-container\">\n\t\t\t\t\t\t\r\n\t\t\r\n\t\t<div class=\"rs-view-btn\">\r\n\t\t\t\t\t\t<a class=\"rs-btn rs-btnblack rs-btn-style1\" href=\"tel:+48422557700\" >\t\t\t\t\r\n\t\t\t\t<span class=\"rs_btn__text\"><span class=\"btn_text\">ZAPISZ SI\u0118 NA SZKOLENIE - 42 255 77 00<\/span><\/span>\r\n\t\t\t<\/a>\r\n\t\t<\/div>    \r\n\t\t\t\t\t<\/div>\n\t\t\t\t<\/div>\n\t\t\t\t\t<\/div>\n\t\t<\/div>\n\t\t\t\t<div class=\"elementor-column elementor-col-50 elementor-top-column elementor-element elementor-element-04d35c9\" data-id=\"04d35c9\" data-element_type=\"column\" data-e-type=\"column\">\n\t\t\t<div class=\"elementor-widget-wrap elementor-element-populated\">\n\t\t\t\t\t\t<div class=\"elementor-element elementor-element-78a3394 elementor-widget elementor-widget-image\" data-id=\"78a3394\" data-element_type=\"widget\" data-e-type=\"widget\" data-widget_type=\"image.default\">\n\t\t\t\t<div class=\"elementor-widget-container\">\n\t\t\t\t\t\t\t\t\t\t\t\t\t\t\t<img fetchpriority=\"high\" decoding=\"async\" width=\"640\" height=\"928\" src=\"https:\/\/akademia-zdrowia.pl\/lodz\/wp-content\/uploads\/2024\/09\/opiekun-osob-starszych2-706x1024.png\" class=\"attachment-large size-large wp-image-13259\" alt=\"\" srcset=\"https:\/\/akademia-zdrowia.pl\/lodz\/wp-content\/uploads\/2024\/09\/opiekun-osob-starszych2-706x1024.png 706w, https:\/\/akademia-zdrowia.pl\/lodz\/wp-content\/uploads\/2024\/09\/opiekun-osob-starszych2-207x300.png 207w, https:\/\/akademia-zdrowia.pl\/lodz\/wp-content\/uploads\/2024\/09\/opiekun-osob-starszych2-768x1114.png 768w, https:\/\/akademia-zdrowia.pl\/lodz\/wp-content\/uploads\/2024\/09\/opiekun-osob-starszych2-500x725.png 500w, https:\/\/akademia-zdrowia.pl\/lodz\/wp-content\/uploads\/2024\/09\/opiekun-osob-starszych2.png 812w\" sizes=\"(max-width: 640px) 100vw, 640px\" \/>\t\t\t\t\t\t\t\t\t\t\t\t\t\t\t<\/div>\n\t\t\t\t<\/div>\n\t\t\t\t\t<\/div>\n\t\t<\/div>\n\t\t\t\t\t<\/div>\n\t\t<\/section>\n\t\t\t\t<section class=\"elementor-section elementor-top-section elementor-element elementor-element-b278522 elementor-section-boxed elementor-section-height-default elementor-section-height-default\" data-id=\"b278522\" data-element_type=\"section\" data-e-type=\"section\" data-settings=\"{&quot;background_background&quot;:&quot;classic&quot;}\">\n\t\t\t\t\t\t<div class=\"elementor-container elementor-column-gap-default\">\n\t\t\t\t\t<div class=\"elementor-column elementor-col-50 elementor-top-column elementor-element elementor-element-cdda753\" data-id=\"cdda753\" data-element_type=\"column\" data-e-type=\"column\">\n\t\t\t<div class=\"elementor-widget-wrap elementor-element-populated\">\n\t\t\t\t\t\t<div class=\"elementor-element elementor-element-436a4c7 elementor-widget-mobile__width-initial elementor-widget elementor-widget-rs-heading\" data-id=\"436a4c7\" data-element_type=\"widget\" data-e-type=\"widget\" data-widget_type=\"rs-heading.default\">\n\t\t\t\t<div class=\"elementor-widget-container\">\n\t\t\t\t\t        <div class=\"rs-heading default \">\r\n        \t<div class=\"title-inner\">\r\n        \t\t      \t\t\r\n\t            <span class=\"sub-text \">SZUKASZ SZKOLENIA?<\/span><h2 class=\"title\"><span class=\"watermark\"><\/span>Zadzwo\u0144 doradzimy, zorganizujemy, pomo\u017cemy zdoby\u0107 dofinansowanie!<\/h2>\t        <\/div>\r\n\t                <\/div>\r\n        \t\t\t\t<\/div>\n\t\t\t\t<\/div>\n\t\t\t\t<div class=\"elementor-element elementor-element-7a5a0be elementor-widget elementor-widget-text-editor\" data-id=\"7a5a0be\" data-element_type=\"widget\" data-e-type=\"widget\" data-widget_type=\"text-editor.default\">\n\t\t\t\t<div class=\"elementor-widget-container\">\n\t\t\t\t\t\t\t\t\t<p><strong>Od 20 lat specjalizujemy si\u0119 w szkoleniach! <\/strong>Rozszerz swoje kompetencje i zdob\u0105d\u017a nowy zaw\u00f3d. Skontaktuj si\u0119 z nami \u2013 doradzimy, zorganizujemy i pomo\u017cemy w uzyskaniu finansowania!<\/p>\t\t\t\t\t\t\t\t<\/div>\n\t\t\t\t<\/div>\n\t\t\t\t\t<\/div>\n\t\t<\/div>\n\t\t\t\t<div class=\"elementor-column elementor-col-50 elementor-top-column elementor-element elementor-element-670bfeb\" data-id=\"670bfeb\" data-element_type=\"column\" data-e-type=\"column\">\n\t\t\t<div class=\"elementor-widget-wrap elementor-element-populated\">\n\t\t\t\t\t\t<div class=\"elementor-element elementor-element-b438ad5 elementor-widget elementor-widget-image\" data-id=\"b438ad5\" data-element_type=\"widget\" data-e-type=\"widget\" data-widget_type=\"image.default\">\n\t\t\t\t<div class=\"elementor-widget-container\">\n\t\t\t\t\t\t\t\t\t\t\t\t\t\t\t<img decoding=\"async\" width=\"640\" height=\"496\" src=\"https:\/\/akademia-zdrowia.pl\/lodz\/wp-content\/uploads\/2024\/10\/banner-do-o-nas-3-szt_2-1.png\" class=\"attachment-large size-large wp-image-15199\" alt=\"\" srcset=\"https:\/\/akademia-zdrowia.pl\/lodz\/wp-content\/uploads\/2024\/10\/banner-do-o-nas-3-szt_2-1.png 683w, https:\/\/akademia-zdrowia.pl\/lodz\/wp-content\/uploads\/2024\/10\/banner-do-o-nas-3-szt_2-1-300x232.png 300w, https:\/\/akademia-zdrowia.pl\/lodz\/wp-content\/uploads\/2024\/10\/banner-do-o-nas-3-szt_2-1-500x387.png 500w\" sizes=\"(max-width: 640px) 100vw, 640px\" \/>\t\t\t\t\t\t\t\t\t\t\t\t\t\t\t<\/div>\n\t\t\t\t<\/div>\n\t\t\t\t\t<\/div>\n\t\t<\/div>\n\t\t\t\t\t<\/div>\n\t\t<\/section>\n\t\t\t\t<section class=\"elementor-section elementor-top-section elementor-element elementor-element-757f075 elementor-section-boxed elementor-section-height-default elementor-section-height-default\" data-id=\"757f075\" data-element_type=\"section\" data-e-type=\"section\" data-settings=\"{&quot;background_background&quot;:&quot;classic&quot;}\">\n\t\t\t\t\t\t<div class=\"elementor-container elementor-column-gap-default\">\n\t\t\t\t\t<div class=\"elementor-column elementor-col-50 elementor-top-column elementor-element elementor-element-3c677c6\" data-id=\"3c677c6\" data-element_type=\"column\" data-e-type=\"column\" data-settings=\"{&quot;background_background&quot;:&quot;classic&quot;}\">\n\t\t\t<div class=\"elementor-widget-wrap elementor-element-populated\">\n\t\t\t\t\t\t<div class=\"elementor-element elementor-element-25b1f6a elementor-widget-mobile__width-initial elementor-widget elementor-widget-rs-heading\" data-id=\"25b1f6a\" data-element_type=\"widget\" data-e-type=\"widget\" data-widget_type=\"rs-heading.default\">\n\t\t\t\t<div class=\"elementor-widget-container\">\n\t\t\t\t\t        <div class=\"rs-heading default \">\r\n        \t<div class=\"title-inner\">\r\n        \t\t      \t\t\r\n\t            <span class=\"sub-text \">MASZ PYTANIA<\/span><h2 class=\"title\"><span class=\"watermark\"><\/span>Skontaktuj  si\u0119 z nami!<\/h2>\t        <\/div>\r\n\t                    \t<div class=\"description\">\r\n            \t\t<p>Jeste\u015bmy tu po to aby Wam pom\u00f3c!\u00a0<\/p>            \t\t\r\n            \t<\/div>\r\n        \t        <\/div>\r\n        \t\t\t\t<\/div>\n\t\t\t\t<\/div>\n\t\t\t\t<div class=\"elementor-element elementor-element-9a65a30 elementor-widget elementor-widget-rs-button\" data-id=\"9a65a30\" data-element_type=\"widget\" data-e-type=\"widget\" data-widget_type=\"rs-button.default\">\n\t\t\t\t<div class=\"elementor-widget-container\">\n\t\t\t\t\t\t\r\n\t\t\r\n\t\t<div class=\"rs-view-btn\">\r\n\t\t\t\t\t\t<a class=\"rs-btn rs-btnblack rs-btn-style1\" href=\"tel:+4842%20255%2077%2000\" >\t\t\t\t\r\n\t\t\t\t<span class=\"rs_btn__text\"><span class=\"btn_text\">ZADZWO\u0143 - 42 255 77 00<\/span><\/span>\r\n\t\t\t<\/a>\r\n\t\t<\/div>    \r\n\t\t\t\t\t<\/div>\n\t\t\t\t<\/div>\n\t\t\t\t\t<\/div>\n\t\t<\/div>\n\t\t\t\t<div class=\"elementor-column elementor-col-50 elementor-top-column elementor-element elementor-element-add5962\" data-id=\"add5962\" data-element_type=\"column\" data-e-type=\"column\">\n\t\t\t<div class=\"elementor-widget-wrap elementor-element-populated\">\n\t\t\t\t\t\t<div class=\"elementor-element elementor-element-8bddd17 elementor-widget elementor-widget-rs-heading\" data-id=\"8bddd17\" data-element_type=\"widget\" data-e-type=\"widget\" data-widget_type=\"rs-heading.default\">\n\t\t\t\t<div class=\"elementor-widget-container\">\n\t\t\t\t\t        <div class=\"rs-heading default \">\r\n        \t<div class=\"title-inner\">\r\n        \t\t      \t\t\r\n\t            <span class=\"sub-text \">ZAUFANY PARTNER<\/span><h2 class=\"title\"><span class=\"watermark\"><\/span>Dlaczego warto wybra\u0107 nas<\/h2>\t        <\/div>\r\n\t                    \t<div class=\"description\">\r\n            \t\t<p>Zaufaj naszemu wieloletniemu do\u015bwiadczeniu i zespo\u0142owi specjalist\u00f3w. Oferujemy profesjonalne szkolenia, kt\u00f3re pomog\u0105 rozwija\u0107 Tw\u00f3j biznes. Wybieraj\u0105c nas, inwestujesz w sprawdzonego partnera, kt\u00f3ry wspiera sukces Twojej firmy. Skontaktuj si\u0119 z nami i zacznij rozwija\u0107 si\u0119 razem z nami!<\/p>            \t\t\r\n            \t<\/div>\r\n        \t        <\/div>\r\n        \t\t\t\t<\/div>\n\t\t\t\t<\/div>\n\t\t\t\t\t<\/div>\n\t\t<\/div>\n\t\t\t\t\t<\/div>\n\t\t<\/section>\n\t\t\t\t<\/div>\n\t\t","protected":false},"excerpt":{"rendered":"<p>AKADEMIA ZDROWIA DLA MEDYCYNY Opiekun os\u00f3b starszych JAK WYGL\u0104DA SZKOLENIE Program szkolenia Kurs jest skierowany do os\u00f3b, kt\u00f3re chc\u0105 pomaga\u0107 osobom starszym. W programie min.: podstawowe zagadnienia psychologii os\u00f3b starszych podstawowe zagadnienia higieny osobistej profilaktyka os\u00f3b starszych \u017cywienie os\u00f3b starszych organizacja czasu wolnego os\u00f3b starszych pierwsza pomoc Po uko\u0144czeniu kursu otrzymuj\u0105 Pa\u0144stwo: za\u015bwiadczenie na druku&#8230;<\/p>\n","protected":false},"author":1,"featured_media":0,"parent":334,"menu_order":0,"comment_status":"closed","ping_status":"closed","template":"","meta":{"footnotes":""},"class_list":["post-352","page","type-page","status-publish","hentry"],"yoast_head":"<!-- This site is optimized with the Yoast SEO Premium plugin v18.9 (Yoast SEO v27.2) - https:\/\/yoast.com\/product\/yoast-seo-premium-wordpress\/ -->\n<title>Opiekun os\u00f3b starszych - Akademia Zdrowia \u0141\u00f3d\u017a - Kursy zawodowe, szko\u0142y policealne, szko\u0142y dla doros\u0142ych<\/title>\n<meta name=\"description\" content=\"AKADEMIA ZDROWIA DLA MEDYCYNYOpiekun os\u00f3b starszych JAK WYGL\u0104DA SZKOLENIEProgram szkolenia Kurs jest skierowany do os\u00f3b, kt\u00f3re chc\u0105 pomaga\u0107 osobom\" \/>\n<meta name=\"robots\" content=\"index, follow, max-snippet:-1, max-image-preview:large, max-video-preview:-1\" \/>\n<link rel=\"canonical\" href=\"https:\/\/akademia-zdrowia.pl\/lodz\/oferta-szkoleniowa\/kursy-i-szkolenia\/kursy-medyczne\/opiekun-osob-starszych\/\" \/>\n<meta property=\"og:locale\" content=\"pl_PL\" \/>\n<meta property=\"og:type\" content=\"article\" \/>\n<meta property=\"og:title\" content=\"Opiekun os\u00f3b starszych\" \/>\n<meta property=\"og:description\" content=\"AKADEMIA ZDROWIA DLA MEDYCYNYOpiekun os\u00f3b starszych JAK WYGL\u0104DA SZKOLENIEProgram szkolenia Kurs jest skierowany do os\u00f3b, kt\u00f3re chc\u0105 pomaga\u0107 osobom\" \/>\n<meta property=\"og:url\" content=\"https:\/\/akademia-zdrowia.pl\/lodz\/oferta-szkoleniowa\/kursy-i-szkolenia\/kursy-medyczne\/opiekun-osob-starszych\/\" \/>\n<meta property=\"og:site_name\" content=\"Akademia Zdrowia \u0141\u00f3d\u017a\" \/>\n<meta property=\"article:modified_time\" content=\"2024-10-31T06:15:10+00:00\" \/>\n<meta property=\"og:image\" content=\"https:\/\/akademia-zdrowia.pl\/lodz\/wp-content\/uploads\/2024\/09\/opiekun-osob-starszych2.png\" \/>\n\t<meta property=\"og:image:width\" content=\"812\" \/>\n\t<meta property=\"og:image:height\" content=\"1178\" \/>\n\t<meta property=\"og:image:type\" content=\"image\/png\" \/>\n<meta name=\"twitter:card\" content=\"summary_large_image\" \/>\n<meta name=\"twitter:label1\" content=\"Szacowany czas czytania\" \/>\n\t<meta name=\"twitter:data1\" content=\"2 minuty\" \/>\n<script type=\"application\/ld+json\" class=\"yoast-schema-graph\">{\"@context\":\"https:\/\/schema.org\",\"@graph\":[{\"@type\":\"WebPage\",\"@id\":\"https:\/\/akademia-zdrowia.pl\/lodz\/oferta-szkoleniowa\/kursy-i-szkolenia\/kursy-medyczne\/opiekun-osob-starszych\/\",\"url\":\"https:\/\/akademia-zdrowia.pl\/lodz\/oferta-szkoleniowa\/kursy-i-szkolenia\/kursy-medyczne\/opiekun-osob-starszych\/\",\"name\":\"Opiekun os\u00f3b starszych - Akademia Zdrowia \u0141\u00f3d\u017a - Kursy zawodowe, szko\u0142y policealne, szko\u0142y dla doros\u0142ych\",\"isPartOf\":{\"@id\":\"https:\/\/akademia-zdrowia.pl\/lodz\/#website\"},\"primaryImageOfPage\":{\"@id\":\"https:\/\/akademia-zdrowia.pl\/lodz\/oferta-szkoleniowa\/kursy-i-szkolenia\/kursy-medyczne\/opiekun-osob-starszych\/#primaryimage\"},\"image\":{\"@id\":\"https:\/\/akademia-zdrowia.pl\/lodz\/oferta-szkoleniowa\/kursy-i-szkolenia\/kursy-medyczne\/opiekun-osob-starszych\/#primaryimage\"},\"thumbnailUrl\":\"https:\/\/akademia-zdrowia.pl\/lodz\/wp-content\/uploads\/2024\/09\/opiekun-osob-starszych2-706x1024.png\",\"datePublished\":\"2018-01-10T08:52:18+00:00\",\"dateModified\":\"2024-10-31T06:15:10+00:00\",\"description\":\"AKADEMIA ZDROWIA DLA MEDYCYNYOpiekun os\u00f3b starszych JAK WYGL\u0104DA SZKOLENIEProgram szkolenia Kurs jest skierowany do os\u00f3b, kt\u00f3re chc\u0105 pomaga\u0107 osobom\",\"breadcrumb\":{\"@id\":\"https:\/\/akademia-zdrowia.pl\/lodz\/oferta-szkoleniowa\/kursy-i-szkolenia\/kursy-medyczne\/opiekun-osob-starszych\/#breadcrumb\"},\"inLanguage\":\"pl-PL\",\"potentialAction\":[{\"@type\":\"ReadAction\",\"target\":[\"https:\/\/akademia-zdrowia.pl\/lodz\/oferta-szkoleniowa\/kursy-i-szkolenia\/kursy-medyczne\/opiekun-osob-starszych\/\"]}]},{\"@type\":\"ImageObject\",\"inLanguage\":\"pl-PL\",\"@id\":\"https:\/\/akademia-zdrowia.pl\/lodz\/oferta-szkoleniowa\/kursy-i-szkolenia\/kursy-medyczne\/opiekun-osob-starszych\/#primaryimage\",\"url\":\"https:\/\/akademia-zdrowia.pl\/lodz\/wp-content\/uploads\/2024\/09\/opiekun-osob-starszych2.png\",\"contentUrl\":\"https:\/\/akademia-zdrowia.pl\/lodz\/wp-content\/uploads\/2024\/09\/opiekun-osob-starszych2.png\",\"width\":812,\"height\":1178},{\"@type\":\"BreadcrumbList\",\"@id\":\"https:\/\/akademia-zdrowia.pl\/lodz\/oferta-szkoleniowa\/kursy-i-szkolenia\/kursy-medyczne\/opiekun-osob-starszych\/#breadcrumb\",\"itemListElement\":[{\"@type\":\"ListItem\",\"position\":1,\"name\":\"Strona g\u0142\u00f3wna\",\"item\":\"https:\/\/akademia-zdrowia.pl\/lodz\/\"},{\"@type\":\"ListItem\",\"position\":2,\"name\":\"Oferta szkoleniowa\",\"item\":\"https:\/\/akademia-zdrowia.pl\/lodz\/oferta-szkoleniowa\/\"},{\"@type\":\"ListItem\",\"position\":3,\"name\":\"Kursy i szkolenia\",\"item\":\"https:\/\/akademia-zdrowia.pl\/lodz\/oferta-szkoleniowa\/kursy-i-szkolenia\/\"},{\"@type\":\"ListItem\",\"position\":4,\"name\":\"Kursy medyczne\",\"item\":\"https:\/\/akademia-zdrowia.pl\/lodz\/oferta-szkoleniowa\/kursy-i-szkolenia\/kursy-medyczne\/\"},{\"@type\":\"ListItem\",\"position\":5,\"name\":\"Opiekun os\u00f3b starszych\"}]},{\"@type\":\"WebSite\",\"@id\":\"https:\/\/akademia-zdrowia.pl\/lodz\/#website\",\"url\":\"https:\/\/akademia-zdrowia.pl\/lodz\/\",\"name\":\"Akademia Zdrowia \u0141\u00f3d\u017a\",\"description\":\"\",\"potentialAction\":[{\"@type\":\"SearchAction\",\"target\":{\"@type\":\"EntryPoint\",\"urlTemplate\":\"https:\/\/akademia-zdrowia.pl\/lodz\/?s={search_term_string}\"},\"query-input\":{\"@type\":\"PropertyValueSpecification\",\"valueRequired\":true,\"valueName\":\"search_term_string\"}}],\"inLanguage\":\"pl-PL\"}]}<\/script>\n<!-- \/ Yoast SEO Premium plugin. -->","yoast_head_json":{"title":"Opiekun os\u00f3b starszych - Akademia Zdrowia \u0141\u00f3d\u017a - Kursy zawodowe, szko\u0142y policealne, szko\u0142y dla doros\u0142ych","description":"AKADEMIA ZDROWIA DLA MEDYCYNYOpiekun os\u00f3b starszych JAK WYGL\u0104DA SZKOLENIEProgram szkolenia Kurs jest skierowany do os\u00f3b, kt\u00f3re chc\u0105 pomaga\u0107 osobom","robots":{"index":"index","follow":"follow","max-snippet":"max-snippet:-1","max-image-preview":"max-image-preview:large","max-video-preview":"max-video-preview:-1"},"canonical":"https:\/\/akademia-zdrowia.pl\/lodz\/oferta-szkoleniowa\/kursy-i-szkolenia\/kursy-medyczne\/opiekun-osob-starszych\/","og_locale":"pl_PL","og_type":"article","og_title":"Opiekun os\u00f3b starszych","og_description":"AKADEMIA ZDROWIA DLA MEDYCYNYOpiekun os\u00f3b starszych JAK WYGL\u0104DA SZKOLENIEProgram szkolenia Kurs jest skierowany do os\u00f3b, kt\u00f3re chc\u0105 pomaga\u0107 osobom","og_url":"https:\/\/akademia-zdrowia.pl\/lodz\/oferta-szkoleniowa\/kursy-i-szkolenia\/kursy-medyczne\/opiekun-osob-starszych\/","og_site_name":"Akademia Zdrowia \u0141\u00f3d\u017a","article_modified_time":"2024-10-31T06:15:10+00:00","og_image":[{"width":812,"height":1178,"url":"https:\/\/akademia-zdrowia.pl\/lodz\/wp-content\/uploads\/2024\/09\/opiekun-osob-starszych2.png","type":"image\/png"}],"twitter_card":"summary_large_image","twitter_misc":{"Szacowany czas czytania":"2 minuty"},"schema":{"@context":"https:\/\/schema.org","@graph":[{"@type":"WebPage","@id":"https:\/\/akademia-zdrowia.pl\/lodz\/oferta-szkoleniowa\/kursy-i-szkolenia\/kursy-medyczne\/opiekun-osob-starszych\/","url":"https:\/\/akademia-zdrowia.pl\/lodz\/oferta-szkoleniowa\/kursy-i-szkolenia\/kursy-medyczne\/opiekun-osob-starszych\/","name":"Opiekun os\u00f3b starszych - Akademia Zdrowia \u0141\u00f3d\u017a - Kursy zawodowe, szko\u0142y policealne, szko\u0142y dla doros\u0142ych","isPartOf":{"@id":"https:\/\/akademia-zdrowia.pl\/lodz\/#website"},"primaryImageOfPage":{"@id":"https:\/\/akademia-zdrowia.pl\/lodz\/oferta-szkoleniowa\/kursy-i-szkolenia\/kursy-medyczne\/opiekun-osob-starszych\/#primaryimage"},"image":{"@id":"https:\/\/akademia-zdrowia.pl\/lodz\/oferta-szkoleniowa\/kursy-i-szkolenia\/kursy-medyczne\/opiekun-osob-starszych\/#primaryimage"},"thumbnailUrl":"https:\/\/akademia-zdrowia.pl\/lodz\/wp-content\/uploads\/2024\/09\/opiekun-osob-starszych2-706x1024.png","datePublished":"2018-01-10T08:52:18+00:00","dateModified":"2024-10-31T06:15:10+00:00","description":"AKADEMIA ZDROWIA DLA MEDYCYNYOpiekun os\u00f3b starszych JAK WYGL\u0104DA SZKOLENIEProgram szkolenia Kurs jest skierowany do os\u00f3b, kt\u00f3re chc\u0105 pomaga\u0107 osobom","breadcrumb":{"@id":"https:\/\/akademia-zdrowia.pl\/lodz\/oferta-szkoleniowa\/kursy-i-szkolenia\/kursy-medyczne\/opiekun-osob-starszych\/#breadcrumb"},"inLanguage":"pl-PL","potentialAction":[{"@type":"ReadAction","target":["https:\/\/akademia-zdrowia.pl\/lodz\/oferta-szkoleniowa\/kursy-i-szkolenia\/kursy-medyczne\/opiekun-osob-starszych\/"]}]},{"@type":"ImageObject","inLanguage":"pl-PL","@id":"https:\/\/akademia-zdrowia.pl\/lodz\/oferta-szkoleniowa\/kursy-i-szkolenia\/kursy-medyczne\/opiekun-osob-starszych\/#primaryimage","url":"https:\/\/akademia-zdrowia.pl\/lodz\/wp-content\/uploads\/2024\/09\/opiekun-osob-starszych2.png","contentUrl":"https:\/\/akademia-zdrowia.pl\/lodz\/wp-content\/uploads\/2024\/09\/opiekun-osob-starszych2.png","width":812,"height":1178},{"@type":"BreadcrumbList","@id":"https:\/\/akademia-zdrowia.pl\/lodz\/oferta-szkoleniowa\/kursy-i-szkolenia\/kursy-medyczne\/opiekun-osob-starszych\/#breadcrumb","itemListElement":[{"@type":"ListItem","position":1,"name":"Strona g\u0142\u00f3wna","item":"https:\/\/akademia-zdrowia.pl\/lodz\/"},{"@type":"ListItem","position":2,"name":"Oferta szkoleniowa","item":"https:\/\/akademia-zdrowia.pl\/lodz\/oferta-szkoleniowa\/"},{"@type":"ListItem","position":3,"name":"Kursy i szkolenia","item":"https:\/\/akademia-zdrowia.pl\/lodz\/oferta-szkoleniowa\/kursy-i-szkolenia\/"},{"@type":"ListItem","position":4,"name":"Kursy medyczne","item":"https:\/\/akademia-zdrowia.pl\/lodz\/oferta-szkoleniowa\/kursy-i-szkolenia\/kursy-medyczne\/"},{"@type":"ListItem","position":5,"name":"Opiekun os\u00f3b starszych"}]},{"@type":"WebSite","@id":"https:\/\/akademia-zdrowia.pl\/lodz\/#website","url":"https:\/\/akademia-zdrowia.pl\/lodz\/","name":"Akademia Zdrowia \u0141\u00f3d\u017a","description":"","potentialAction":[{"@type":"SearchAction","target":{"@type":"EntryPoint","urlTemplate":"https:\/\/akademia-zdrowia.pl\/lodz\/?s={search_term_string}"},"query-input":{"@type":"PropertyValueSpecification","valueRequired":true,"valueName":"search_term_string"}}],"inLanguage":"pl-PL"}]}},"_links":{"self":[{"href":"https:\/\/akademia-zdrowia.pl\/lodz\/wp-json\/wp\/v2\/pages\/352","targetHints":{"allow":["GET"]}}],"collection":[{"href":"https:\/\/akademia-zdrowia.pl\/lodz\/wp-json\/wp\/v2\/pages"}],"about":[{"href":"https:\/\/akademia-zdrowia.pl\/lodz\/wp-json\/wp\/v2\/types\/page"}],"author":[{"embeddable":true,"href":"https:\/\/akademia-zdrowia.pl\/lodz\/wp-json\/wp\/v2\/users\/1"}],"replies":[{"embeddable":true,"href":"https:\/\/akademia-zdrowia.pl\/lodz\/wp-json\/wp\/v2\/comments?post=352"}],"version-history":[{"count":38,"href":"https:\/\/akademia-zdrowia.pl\/lodz\/wp-json\/wp\/v2\/pages\/352\/revisions"}],"predecessor-version":[{"id":16410,"href":"https:\/\/akademia-zdrowia.pl\/lodz\/wp-json\/wp\/v2\/pages\/352\/revisions\/16410"}],"up":[{"embeddable":true,"href":"https:\/\/akademia-zdrowia.pl\/lodz\/wp-json\/wp\/v2\/pages\/334"}],"wp:attachment":[{"href":"https:\/\/akademia-zdrowia.pl\/lodz\/wp-json\/wp\/v2\/media?parent=352"}],"curies":[{"name":"wp","href":"https:\/\/api.w.org\/{rel}","templated":true}]}}