{"id":354,"date":"2018-01-10T09:52:45","date_gmt":"2018-01-10T08:52:45","guid":{"rendered":"https:\/\/akademia-zdrowia.pl\/lodz\/?page_id=354"},"modified":"2024-12-05T13:17:00","modified_gmt":"2024-12-05T12:17:00","slug":"sanitariusz","status":"publish","type":"page","link":"https:\/\/akademia-zdrowia.pl\/lodz\/oferta-szkoleniowa\/kursy-i-szkolenia\/kursy-medyczne\/sanitariusz\/","title":{"rendered":"Sanitariusz"},"content":{"rendered":"\t\t<div data-elementor-type=\"wp-page\" data-elementor-id=\"354\" class=\"elementor elementor-354\" data-elementor-post-type=\"page\">\n\t\t\t\t\t\t<section class=\"elementor-section elementor-top-section elementor-element elementor-element-52fa920 elementor-section-boxed elementor-section-height-default elementor-section-height-default\" data-id=\"52fa920\" data-element_type=\"section\" data-e-type=\"section\">\n\t\t\t\t\t\t<div class=\"elementor-container elementor-column-gap-default\">\n\t\t\t\t\t<div class=\"elementor-column elementor-col-100 elementor-top-column elementor-element elementor-element-44e5fe4\" data-id=\"44e5fe4\" data-element_type=\"column\" data-e-type=\"column\">\n\t\t\t<div class=\"elementor-widget-wrap elementor-element-populated\">\n\t\t\t\t\t\t<div class=\"elementor-element elementor-element-d2ed778 elementor-widget elementor-widget-rs-heading\" data-id=\"d2ed778\" data-element_type=\"widget\" data-e-type=\"widget\" data-widget_type=\"rs-heading.default\">\n\t\t\t\t<div class=\"elementor-widget-container\">\n\t\t\t\t\t        <div class=\"rs-heading default \">\r\n        \t<div class=\"title-inner\">\r\n        \t\t      \t\t\r\n\t            <span class=\"sub-text \">AKADEMIA ZDROWIA DLA MEDYCYNY<\/span><h1 class=\"title\"><span class=\"watermark\"><\/span>Sanitariusz<\/h1>\t        <\/div>\r\n\t                <\/div>\r\n        \t\t\t\t<\/div>\n\t\t\t\t<\/div>\n\t\t\t\t\t<\/div>\n\t\t<\/div>\n\t\t\t\t\t<\/div>\n\t\t<\/section>\n\t\t\t\t<section class=\"elementor-section elementor-top-section elementor-element elementor-element-44f7380 elementor-section-stretched elementor-section-boxed elementor-section-height-default elementor-section-height-default\" data-id=\"44f7380\" data-element_type=\"section\" data-e-type=\"section\" data-settings=\"{&quot;background_background&quot;:&quot;classic&quot;,&quot;stretch_section&quot;:&quot;section-stretched&quot;}\">\n\t\t\t\t\t\t<div class=\"elementor-container elementor-column-gap-default\">\n\t\t\t\t\t<div class=\"elementor-column elementor-col-50 elementor-top-column elementor-element elementor-element-15af160\" data-id=\"15af160\" data-element_type=\"column\" data-e-type=\"column\">\n\t\t\t<div class=\"elementor-widget-wrap elementor-element-populated\">\n\t\t\t\t\t\t<div class=\"elementor-element elementor-element-8854b23 elementor-widget elementor-widget-rs-heading\" data-id=\"8854b23\" data-element_type=\"widget\" data-e-type=\"widget\" data-widget_type=\"rs-heading.default\">\n\t\t\t\t<div class=\"elementor-widget-container\">\n\t\t\t\t\t        <div class=\"rs-heading default \">\r\n        \t<div class=\"title-inner\">\r\n        \t\t      \t\t\r\n\t            <span class=\"sub-text \">JAK WYGL\u0104DA SZKOLENIE<\/span><h2 class=\"title\"><span class=\"watermark\"><\/span>Program szkolenia<\/h2>\t        <\/div>\r\n\t                    \t<div class=\"description\">\r\n            \t\t<p><strong>Kurs kwalifikacyjny SANITARIUSZ SZPITALNY<\/strong><br \/>PODSTAWA PRAWNA: Program kursu zaopiniowany przez Departament Nauki i Szkolnictwa Wy\u017cszego Ministra Zdrowia. Zgodnie z rozporz\u0105dzeniem Ministra Zdrowia z dnia 20.07.2011 r. w sprawie kwalifikacji wymaganych od pracownik\u00f3w na poszczeg\u00f3lnych rodzajach stanowisk pracy w podmiotach leczniczych nieb\u0119d\u0105cych<br \/>przedsi\u0119biorcami\u00a0\/Dz. Ust. Nr 151, poz. 896\/ pracownik zatrudniony na<br \/>stanowisku sanitariusza (noszowego) powinien posiada\u0107 wykszta\u0142cenie co najmniej podstawowe oraz przeszkolenie w miejscu pracy. Pracownik zatrudniony na stanowisku sanitariusza szpitalnego winien dodatkowo uko\u0144czy\u0107 kurs kwalifikacyjny dla sanitariuszy. Sanitariusz \/ sanitariusz szpitalny nie posiada uprawnie\u0144 do udzielania \u015bwiadcze\u0144 zdrowotnych.<\/p><p><strong>Cel kursu:<\/strong><br \/>Kurs sanitariusza szpitalnego przekazuje kursantom szerokie umiej\u0119tno\u015bci oraz wiedz\u0119 niezb\u0119dn\u0105 do szybkiego reagowania na wszystkie nag\u0142e sytuacje, do jakich cz\u0119sto dochodzi w takiej pracy. \u0141\u0105cznie obejmuje 240 godzin dydaktycznych. Cz\u0119\u015b\u0107 teoretyczna to przede wszystkim zaj\u0119cia z pierwszej pomocy oraz og\u00f3lnych wiadomo\u015bci o cz\u0142owieku, a tak\u017ce lekcje opieki nad chorymi w szpitalu i dzia\u0142a\u0144 profilaktycznych chor\u00f3b zaka\u017anych. Cz\u0119\u015b\u0107 praktyczna prowadzona jest natomiast zgodnie z wymogami danego szpitala. Program kursu zosta\u0142 pozytywnie zaopiniowany przez Departament Nauki i Szkolnictwa Wy\u017cszego Ministra Zdrowia.<\/p><ul><li><strong>Zaj\u0119cia teoretyczne - 80 godz.<\/strong><\/li><li><strong>Zaj\u0119cia praktycznie \u2013 160 godz.<\/strong><\/li><li><strong>Uczestnicy szkolenia otrzymaj\u0105 za\u015bwiadczenie na druku MEN.<\/strong><\/li><\/ul>            \t\t\r\n            \t<\/div>\r\n        \t        <\/div>\r\n        \t\t\t\t<\/div>\n\t\t\t\t<\/div>\n\t\t\t\t<div class=\"elementor-element elementor-element-ded98a7 elementor-widget elementor-widget-rs-button\" data-id=\"ded98a7\" data-element_type=\"widget\" data-e-type=\"widget\" data-widget_type=\"rs-button.default\">\n\t\t\t\t<div class=\"elementor-widget-container\">\n\t\t\t\t\t\t\r\n\t\t\r\n\t\t<div class=\"rs-view-btn\">\r\n\t\t\t\t\t\t<a class=\"rs-btn rs-btnblack rs-btn-style1\" href=\"tel:+48422557700\" >\t\t\t\t\r\n\t\t\t\t<span class=\"rs_btn__text\"><span class=\"btn_text\">ZAPISZ SI\u0118 NA SZKOLENIE - 42 255 77 00<\/span><\/span>\r\n\t\t\t<\/a>\r\n\t\t<\/div>    \r\n\t\t\t\t\t<\/div>\n\t\t\t\t<\/div>\n\t\t\t\t\t<\/div>\n\t\t<\/div>\n\t\t\t\t<div class=\"elementor-column elementor-col-50 elementor-top-column elementor-element elementor-element-7e80765\" data-id=\"7e80765\" data-element_type=\"column\" data-e-type=\"column\">\n\t\t\t<div class=\"elementor-widget-wrap elementor-element-populated\">\n\t\t\t\t\t\t<div class=\"elementor-element elementor-element-e6a9348 elementor-widget elementor-widget-image\" data-id=\"e6a9348\" data-element_type=\"widget\" data-e-type=\"widget\" data-widget_type=\"image.default\">\n\t\t\t\t<div class=\"elementor-widget-container\">\n\t\t\t\t\t\t\t\t\t\t\t\t\t\t\t<img fetchpriority=\"high\" decoding=\"async\" width=\"640\" height=\"928\" src=\"https:\/\/akademia-zdrowia.pl\/lodz\/wp-content\/uploads\/2024\/09\/opiekun-osob-starszych2-706x1024.png\" class=\"attachment-large size-large wp-image-13259\" alt=\"\" srcset=\"https:\/\/akademia-zdrowia.pl\/lodz\/wp-content\/uploads\/2024\/09\/opiekun-osob-starszych2-706x1024.png 706w, https:\/\/akademia-zdrowia.pl\/lodz\/wp-content\/uploads\/2024\/09\/opiekun-osob-starszych2-207x300.png 207w, https:\/\/akademia-zdrowia.pl\/lodz\/wp-content\/uploads\/2024\/09\/opiekun-osob-starszych2-768x1114.png 768w, https:\/\/akademia-zdrowia.pl\/lodz\/wp-content\/uploads\/2024\/09\/opiekun-osob-starszych2-500x725.png 500w, https:\/\/akademia-zdrowia.pl\/lodz\/wp-content\/uploads\/2024\/09\/opiekun-osob-starszych2.png 812w\" sizes=\"(max-width: 640px) 100vw, 640px\" \/>\t\t\t\t\t\t\t\t\t\t\t\t\t\t\t<\/div>\n\t\t\t\t<\/div>\n\t\t\t\t\t<\/div>\n\t\t<\/div>\n\t\t\t\t\t<\/div>\n\t\t<\/section>\n\t\t\t\t<section class=\"elementor-section elementor-top-section elementor-element elementor-element-5af2e0d elementor-section-boxed elementor-section-height-default elementor-section-height-default\" data-id=\"5af2e0d\" data-element_type=\"section\" data-e-type=\"section\" data-settings=\"{&quot;background_background&quot;:&quot;classic&quot;}\">\n\t\t\t\t\t\t<div class=\"elementor-container elementor-column-gap-default\">\n\t\t\t\t\t<div class=\"elementor-column elementor-col-50 elementor-top-column elementor-element elementor-element-3dfef3f\" data-id=\"3dfef3f\" data-element_type=\"column\" data-e-type=\"column\">\n\t\t\t<div class=\"elementor-widget-wrap elementor-element-populated\">\n\t\t\t\t\t\t<div class=\"elementor-element elementor-element-3a8558b elementor-widget elementor-widget-rs-heading\" data-id=\"3a8558b\" data-element_type=\"widget\" data-e-type=\"widget\" data-widget_type=\"rs-heading.default\">\n\t\t\t\t<div class=\"elementor-widget-container\">\n\t\t\t\t\t        <div class=\"rs-heading default \">\r\n        \t<div class=\"title-inner\">\r\n        \t\t      \t\t\r\n\t            <span class=\"sub-text \">SZUKASZ SZKOLENIA?<\/span><h2 class=\"title\"><span class=\"watermark\"><\/span>Zadzwo\u0144 doradzimy, zorganizujemy, pomo\u017cemy zdoby\u0107 dofinansowanie!<\/h2>\t        <\/div>\r\n\t                    \t<div class=\"description\">\r\n            \t\t<p><strong>Od 20 lat specjalizujemy si\u0119 w szkoleniach! <\/strong>Rozszerz swoje kompetencje i zdob\u0105d\u017a nowy zaw\u00f3d. Skontaktuj si\u0119 z nami \u2013 doradzimy, zorganizujemy i pomo\u017cemy w uzyskaniu finansowania!<\/p>            \t\t\r\n            \t<\/div>\r\n        \t        <\/div>\r\n        \t\t\t\t<\/div>\n\t\t\t\t<\/div>\n\t\t\t\t\t<\/div>\n\t\t<\/div>\n\t\t\t\t<div class=\"elementor-column elementor-col-50 elementor-top-column elementor-element elementor-element-4f566e9\" data-id=\"4f566e9\" data-element_type=\"column\" data-e-type=\"column\">\n\t\t\t<div class=\"elementor-widget-wrap elementor-element-populated\">\n\t\t\t\t\t\t<div class=\"elementor-element elementor-element-e9330b3 elementor-widget elementor-widget-image\" data-id=\"e9330b3\" data-element_type=\"widget\" data-e-type=\"widget\" data-widget_type=\"image.default\">\n\t\t\t\t<div class=\"elementor-widget-container\">\n\t\t\t\t\t\t\t\t\t\t\t\t\t\t\t<img decoding=\"async\" width=\"640\" height=\"496\" src=\"https:\/\/akademia-zdrowia.pl\/lodz\/wp-content\/uploads\/2024\/10\/banner-do-o-nas-3-szt_2-1.png\" class=\"attachment-large size-large wp-image-15199\" alt=\"\" srcset=\"https:\/\/akademia-zdrowia.pl\/lodz\/wp-content\/uploads\/2024\/10\/banner-do-o-nas-3-szt_2-1.png 683w, https:\/\/akademia-zdrowia.pl\/lodz\/wp-content\/uploads\/2024\/10\/banner-do-o-nas-3-szt_2-1-300x232.png 300w, https:\/\/akademia-zdrowia.pl\/lodz\/wp-content\/uploads\/2024\/10\/banner-do-o-nas-3-szt_2-1-500x387.png 500w\" sizes=\"(max-width: 640px) 100vw, 640px\" \/>\t\t\t\t\t\t\t\t\t\t\t\t\t\t\t<\/div>\n\t\t\t\t<\/div>\n\t\t\t\t\t<\/div>\n\t\t<\/div>\n\t\t\t\t\t<\/div>\n\t\t<\/section>\n\t\t\t\t<section class=\"elementor-section elementor-top-section elementor-element elementor-element-6f56a5f elementor-section-boxed elementor-section-height-default elementor-section-height-default\" data-id=\"6f56a5f\" data-element_type=\"section\" data-e-type=\"section\" data-settings=\"{&quot;background_background&quot;:&quot;classic&quot;}\">\n\t\t\t\t\t\t<div class=\"elementor-container elementor-column-gap-default\">\n\t\t\t\t\t<div class=\"elementor-column elementor-col-50 elementor-top-column elementor-element elementor-element-ad99529\" data-id=\"ad99529\" data-element_type=\"column\" data-e-type=\"column\" data-settings=\"{&quot;background_background&quot;:&quot;classic&quot;}\">\n\t\t\t<div class=\"elementor-widget-wrap elementor-element-populated\">\n\t\t\t\t\t\t<div class=\"elementor-element elementor-element-7ccdbb7 elementor-widget-mobile__width-initial elementor-widget elementor-widget-rs-heading\" data-id=\"7ccdbb7\" data-element_type=\"widget\" data-e-type=\"widget\" data-widget_type=\"rs-heading.default\">\n\t\t\t\t<div class=\"elementor-widget-container\">\n\t\t\t\t\t        <div class=\"rs-heading default \">\r\n        \t<div class=\"title-inner\">\r\n        \t\t      \t\t\r\n\t            <span class=\"sub-text \">MASZ PYTANIA<\/span><h2 class=\"title\"><span class=\"watermark\"><\/span>Skontaktuj  si\u0119 z nami!<\/h2>\t        <\/div>\r\n\t                    \t<div class=\"description\">\r\n            \t\t<p>Jeste\u015bmy tu po to aby Wam pom\u00f3c!\u00a0<\/p>            \t\t\r\n            \t<\/div>\r\n        \t        <\/div>\r\n        \t\t\t\t<\/div>\n\t\t\t\t<\/div>\n\t\t\t\t<div class=\"elementor-element elementor-element-a916dcf elementor-widget elementor-widget-rs-button\" data-id=\"a916dcf\" data-element_type=\"widget\" data-e-type=\"widget\" data-widget_type=\"rs-button.default\">\n\t\t\t\t<div class=\"elementor-widget-container\">\n\t\t\t\t\t\t\r\n\t\t\r\n\t\t<div class=\"rs-view-btn\">\r\n\t\t\t\t\t\t<a class=\"rs-btn rs-btnblack rs-btn-style1\" href=\"tel:+4842%20255%2077%2000\" >\t\t\t\t\r\n\t\t\t\t<span class=\"rs_btn__text\"><span class=\"btn_text\">ZADZWO\u0143 - 42 255 77 00<\/span><\/span>\r\n\t\t\t<\/a>\r\n\t\t<\/div>    \r\n\t\t\t\t\t<\/div>\n\t\t\t\t<\/div>\n\t\t\t\t\t<\/div>\n\t\t<\/div>\n\t\t\t\t<div class=\"elementor-column elementor-col-50 elementor-top-column elementor-element elementor-element-aca474f\" data-id=\"aca474f\" data-element_type=\"column\" data-e-type=\"column\">\n\t\t\t<div class=\"elementor-widget-wrap elementor-element-populated\">\n\t\t\t\t\t\t<div class=\"elementor-element elementor-element-3f65bc7 elementor-widget elementor-widget-rs-heading\" data-id=\"3f65bc7\" data-element_type=\"widget\" data-e-type=\"widget\" data-widget_type=\"rs-heading.default\">\n\t\t\t\t<div class=\"elementor-widget-container\">\n\t\t\t\t\t        <div class=\"rs-heading default \">\r\n        \t<div class=\"title-inner\">\r\n        \t\t      \t\t\r\n\t            <span class=\"sub-text \">ZAUFANY PARTNER<\/span><h2 class=\"title\"><span class=\"watermark\"><\/span>Dlaczego warto wybra\u0107 nas<\/h2>\t        <\/div>\r\n\t                    \t<div class=\"description\">\r\n            \t\t<p>Zaufaj naszemu wieloletniemu do\u015bwiadczeniu i zespo\u0142owi specjalist\u00f3w. Oferujemy profesjonalne szkolenia, kt\u00f3re pomog\u0105 rozwija\u0107 Tw\u00f3j biznes. Wybieraj\u0105c nas, inwestujesz w sprawdzonego partnera, kt\u00f3ry wspiera sukces Twojej firmy. Skontaktuj si\u0119 z nami i zacznij rozwija\u0107 si\u0119 razem z nami!<\/p>            \t\t\r\n            \t<\/div>\r\n        \t        <\/div>\r\n        \t\t\t\t<\/div>\n\t\t\t\t<\/div>\n\t\t\t\t\t<\/div>\n\t\t<\/div>\n\t\t\t\t\t<\/div>\n\t\t<\/section>\n\t\t\t\t<\/div>\n\t\t","protected":false},"excerpt":{"rendered":"<p>AKADEMIA ZDROWIA DLA MEDYCYNY Sanitariusz JAK WYGL\u0104DA SZKOLENIE Program szkolenia Kurs kwalifikacyjny SANITARIUSZ SZPITALNYPODSTAWA PRAWNA: Program kursu zaopiniowany przez Departament Nauki i Szkolnictwa Wy\u017cszego Ministra Zdrowia. Zgodnie z rozporz\u0105dzeniem Ministra Zdrowia z dnia 20.07.2011 r. w sprawie kwalifikacji wymaganych od pracownik\u00f3w na poszczeg\u00f3lnych rodzajach stanowisk pracy w podmiotach leczniczych nieb\u0119d\u0105cychprzedsi\u0119biorcami\u00a0\/Dz. Ust. Nr 151, poz. 896\/&#8230;<\/p>\n","protected":false},"author":1,"featured_media":0,"parent":334,"menu_order":0,"comment_status":"closed","ping_status":"closed","template":"","meta":{"footnotes":""},"class_list":["post-354","page","type-page","status-publish","hentry"],"yoast_head":"<!-- This site is optimized with the Yoast SEO Premium plugin v18.9 (Yoast SEO v27.2) - https:\/\/yoast.com\/product\/yoast-seo-premium-wordpress\/ -->\n<title>Sanitariusz - Akademia Zdrowia \u0141\u00f3d\u017a - Kursy zawodowe, szko\u0142y policealne, szko\u0142y dla doros\u0142ych<\/title>\n<meta name=\"description\" content=\"AKADEMIA ZDROWIA DLA MEDYCYNYSanitariusz JAK WYGL\u0104DA SZKOLENIEProgram szkolenia Kurs kwalifikacyjny SANITARIUSZ SZPITALNYPODSTAWA PRAWNA: Program kursu\" \/>\n<meta name=\"robots\" content=\"index, follow, max-snippet:-1, max-image-preview:large, max-video-preview:-1\" \/>\n<link rel=\"canonical\" href=\"https:\/\/akademia-zdrowia.pl\/lodz\/oferta-szkoleniowa\/kursy-i-szkolenia\/kursy-medyczne\/sanitariusz\/\" \/>\n<meta property=\"og:locale\" content=\"pl_PL\" \/>\n<meta property=\"og:type\" content=\"article\" \/>\n<meta property=\"og:title\" content=\"Sanitariusz\" \/>\n<meta property=\"og:description\" content=\"AKADEMIA ZDROWIA DLA MEDYCYNYSanitariusz JAK WYGL\u0104DA SZKOLENIEProgram szkolenia Kurs kwalifikacyjny SANITARIUSZ SZPITALNYPODSTAWA PRAWNA: Program kursu\" \/>\n<meta property=\"og:url\" content=\"https:\/\/akademia-zdrowia.pl\/lodz\/oferta-szkoleniowa\/kursy-i-szkolenia\/kursy-medyczne\/sanitariusz\/\" \/>\n<meta property=\"og:site_name\" content=\"Akademia Zdrowia \u0141\u00f3d\u017a\" \/>\n<meta property=\"article:modified_time\" content=\"2024-12-05T12:17:00+00:00\" \/>\n<meta property=\"og:image\" content=\"https:\/\/akademia-zdrowia.pl\/lodz\/wp-content\/uploads\/2024\/09\/opiekun-osob-starszych2.png\" \/>\n\t<meta property=\"og:image:width\" content=\"812\" \/>\n\t<meta property=\"og:image:height\" content=\"1178\" \/>\n\t<meta property=\"og:image:type\" content=\"image\/png\" \/>\n<meta name=\"twitter:card\" content=\"summary_large_image\" \/>\n<meta name=\"twitter:label1\" content=\"Szacowany czas czytania\" \/>\n\t<meta name=\"twitter:data1\" content=\"3 minuty\" \/>\n<script type=\"application\/ld+json\" class=\"yoast-schema-graph\">{\"@context\":\"https:\/\/schema.org\",\"@graph\":[{\"@type\":\"WebPage\",\"@id\":\"https:\/\/akademia-zdrowia.pl\/lodz\/oferta-szkoleniowa\/kursy-i-szkolenia\/kursy-medyczne\/sanitariusz\/\",\"url\":\"https:\/\/akademia-zdrowia.pl\/lodz\/oferta-szkoleniowa\/kursy-i-szkolenia\/kursy-medyczne\/sanitariusz\/\",\"name\":\"Sanitariusz - Akademia Zdrowia \u0141\u00f3d\u017a - Kursy zawodowe, szko\u0142y policealne, szko\u0142y dla doros\u0142ych\",\"isPartOf\":{\"@id\":\"https:\/\/akademia-zdrowia.pl\/lodz\/#website\"},\"primaryImageOfPage\":{\"@id\":\"https:\/\/akademia-zdrowia.pl\/lodz\/oferta-szkoleniowa\/kursy-i-szkolenia\/kursy-medyczne\/sanitariusz\/#primaryimage\"},\"image\":{\"@id\":\"https:\/\/akademia-zdrowia.pl\/lodz\/oferta-szkoleniowa\/kursy-i-szkolenia\/kursy-medyczne\/sanitariusz\/#primaryimage\"},\"thumbnailUrl\":\"https:\/\/akademia-zdrowia.pl\/lodz\/wp-content\/uploads\/2024\/09\/opiekun-osob-starszych2-706x1024.png\",\"datePublished\":\"2018-01-10T08:52:45+00:00\",\"dateModified\":\"2024-12-05T12:17:00+00:00\",\"description\":\"AKADEMIA ZDROWIA DLA MEDYCYNYSanitariusz JAK WYGL\u0104DA SZKOLENIEProgram szkolenia Kurs kwalifikacyjny SANITARIUSZ SZPITALNYPODSTAWA PRAWNA: Program kursu\",\"breadcrumb\":{\"@id\":\"https:\/\/akademia-zdrowia.pl\/lodz\/oferta-szkoleniowa\/kursy-i-szkolenia\/kursy-medyczne\/sanitariusz\/#breadcrumb\"},\"inLanguage\":\"pl-PL\",\"potentialAction\":[{\"@type\":\"ReadAction\",\"target\":[\"https:\/\/akademia-zdrowia.pl\/lodz\/oferta-szkoleniowa\/kursy-i-szkolenia\/kursy-medyczne\/sanitariusz\/\"]}]},{\"@type\":\"ImageObject\",\"inLanguage\":\"pl-PL\",\"@id\":\"https:\/\/akademia-zdrowia.pl\/lodz\/oferta-szkoleniowa\/kursy-i-szkolenia\/kursy-medyczne\/sanitariusz\/#primaryimage\",\"url\":\"https:\/\/akademia-zdrowia.pl\/lodz\/wp-content\/uploads\/2024\/09\/opiekun-osob-starszych2.png\",\"contentUrl\":\"https:\/\/akademia-zdrowia.pl\/lodz\/wp-content\/uploads\/2024\/09\/opiekun-osob-starszych2.png\",\"width\":812,\"height\":1178},{\"@type\":\"BreadcrumbList\",\"@id\":\"https:\/\/akademia-zdrowia.pl\/lodz\/oferta-szkoleniowa\/kursy-i-szkolenia\/kursy-medyczne\/sanitariusz\/#breadcrumb\",\"itemListElement\":[{\"@type\":\"ListItem\",\"position\":1,\"name\":\"Strona g\u0142\u00f3wna\",\"item\":\"https:\/\/akademia-zdrowia.pl\/lodz\/\"},{\"@type\":\"ListItem\",\"position\":2,\"name\":\"Oferta szkoleniowa\",\"item\":\"https:\/\/akademia-zdrowia.pl\/lodz\/oferta-szkoleniowa\/\"},{\"@type\":\"ListItem\",\"position\":3,\"name\":\"Kursy i szkolenia\",\"item\":\"https:\/\/akademia-zdrowia.pl\/lodz\/oferta-szkoleniowa\/kursy-i-szkolenia\/\"},{\"@type\":\"ListItem\",\"position\":4,\"name\":\"Kursy medyczne\",\"item\":\"https:\/\/akademia-zdrowia.pl\/lodz\/oferta-szkoleniowa\/kursy-i-szkolenia\/kursy-medyczne\/\"},{\"@type\":\"ListItem\",\"position\":5,\"name\":\"Sanitariusz\"}]},{\"@type\":\"WebSite\",\"@id\":\"https:\/\/akademia-zdrowia.pl\/lodz\/#website\",\"url\":\"https:\/\/akademia-zdrowia.pl\/lodz\/\",\"name\":\"Akademia Zdrowia \u0141\u00f3d\u017a\",\"description\":\"\",\"potentialAction\":[{\"@type\":\"SearchAction\",\"target\":{\"@type\":\"EntryPoint\",\"urlTemplate\":\"https:\/\/akademia-zdrowia.pl\/lodz\/?s={search_term_string}\"},\"query-input\":{\"@type\":\"PropertyValueSpecification\",\"valueRequired\":true,\"valueName\":\"search_term_string\"}}],\"inLanguage\":\"pl-PL\"}]}<\/script>\n<!-- \/ Yoast SEO Premium plugin. -->","yoast_head_json":{"title":"Sanitariusz - Akademia Zdrowia \u0141\u00f3d\u017a - Kursy zawodowe, szko\u0142y policealne, szko\u0142y dla doros\u0142ych","description":"AKADEMIA ZDROWIA DLA MEDYCYNYSanitariusz JAK WYGL\u0104DA SZKOLENIEProgram szkolenia Kurs kwalifikacyjny SANITARIUSZ SZPITALNYPODSTAWA PRAWNA: Program kursu","robots":{"index":"index","follow":"follow","max-snippet":"max-snippet:-1","max-image-preview":"max-image-preview:large","max-video-preview":"max-video-preview:-1"},"canonical":"https:\/\/akademia-zdrowia.pl\/lodz\/oferta-szkoleniowa\/kursy-i-szkolenia\/kursy-medyczne\/sanitariusz\/","og_locale":"pl_PL","og_type":"article","og_title":"Sanitariusz","og_description":"AKADEMIA ZDROWIA DLA MEDYCYNYSanitariusz JAK WYGL\u0104DA SZKOLENIEProgram szkolenia Kurs kwalifikacyjny SANITARIUSZ SZPITALNYPODSTAWA PRAWNA: Program kursu","og_url":"https:\/\/akademia-zdrowia.pl\/lodz\/oferta-szkoleniowa\/kursy-i-szkolenia\/kursy-medyczne\/sanitariusz\/","og_site_name":"Akademia Zdrowia \u0141\u00f3d\u017a","article_modified_time":"2024-12-05T12:17:00+00:00","og_image":[{"width":812,"height":1178,"url":"https:\/\/akademia-zdrowia.pl\/lodz\/wp-content\/uploads\/2024\/09\/opiekun-osob-starszych2.png","type":"image\/png"}],"twitter_card":"summary_large_image","twitter_misc":{"Szacowany czas czytania":"3 minuty"},"schema":{"@context":"https:\/\/schema.org","@graph":[{"@type":"WebPage","@id":"https:\/\/akademia-zdrowia.pl\/lodz\/oferta-szkoleniowa\/kursy-i-szkolenia\/kursy-medyczne\/sanitariusz\/","url":"https:\/\/akademia-zdrowia.pl\/lodz\/oferta-szkoleniowa\/kursy-i-szkolenia\/kursy-medyczne\/sanitariusz\/","name":"Sanitariusz - Akademia Zdrowia \u0141\u00f3d\u017a - Kursy zawodowe, szko\u0142y policealne, szko\u0142y dla doros\u0142ych","isPartOf":{"@id":"https:\/\/akademia-zdrowia.pl\/lodz\/#website"},"primaryImageOfPage":{"@id":"https:\/\/akademia-zdrowia.pl\/lodz\/oferta-szkoleniowa\/kursy-i-szkolenia\/kursy-medyczne\/sanitariusz\/#primaryimage"},"image":{"@id":"https:\/\/akademia-zdrowia.pl\/lodz\/oferta-szkoleniowa\/kursy-i-szkolenia\/kursy-medyczne\/sanitariusz\/#primaryimage"},"thumbnailUrl":"https:\/\/akademia-zdrowia.pl\/lodz\/wp-content\/uploads\/2024\/09\/opiekun-osob-starszych2-706x1024.png","datePublished":"2018-01-10T08:52:45+00:00","dateModified":"2024-12-05T12:17:00+00:00","description":"AKADEMIA ZDROWIA DLA MEDYCYNYSanitariusz JAK WYGL\u0104DA SZKOLENIEProgram szkolenia Kurs kwalifikacyjny SANITARIUSZ SZPITALNYPODSTAWA PRAWNA: Program kursu","breadcrumb":{"@id":"https:\/\/akademia-zdrowia.pl\/lodz\/oferta-szkoleniowa\/kursy-i-szkolenia\/kursy-medyczne\/sanitariusz\/#breadcrumb"},"inLanguage":"pl-PL","potentialAction":[{"@type":"ReadAction","target":["https:\/\/akademia-zdrowia.pl\/lodz\/oferta-szkoleniowa\/kursy-i-szkolenia\/kursy-medyczne\/sanitariusz\/"]}]},{"@type":"ImageObject","inLanguage":"pl-PL","@id":"https:\/\/akademia-zdrowia.pl\/lodz\/oferta-szkoleniowa\/kursy-i-szkolenia\/kursy-medyczne\/sanitariusz\/#primaryimage","url":"https:\/\/akademia-zdrowia.pl\/lodz\/wp-content\/uploads\/2024\/09\/opiekun-osob-starszych2.png","contentUrl":"https:\/\/akademia-zdrowia.pl\/lodz\/wp-content\/uploads\/2024\/09\/opiekun-osob-starszych2.png","width":812,"height":1178},{"@type":"BreadcrumbList","@id":"https:\/\/akademia-zdrowia.pl\/lodz\/oferta-szkoleniowa\/kursy-i-szkolenia\/kursy-medyczne\/sanitariusz\/#breadcrumb","itemListElement":[{"@type":"ListItem","position":1,"name":"Strona g\u0142\u00f3wna","item":"https:\/\/akademia-zdrowia.pl\/lodz\/"},{"@type":"ListItem","position":2,"name":"Oferta szkoleniowa","item":"https:\/\/akademia-zdrowia.pl\/lodz\/oferta-szkoleniowa\/"},{"@type":"ListItem","position":3,"name":"Kursy i szkolenia","item":"https:\/\/akademia-zdrowia.pl\/lodz\/oferta-szkoleniowa\/kursy-i-szkolenia\/"},{"@type":"ListItem","position":4,"name":"Kursy medyczne","item":"https:\/\/akademia-zdrowia.pl\/lodz\/oferta-szkoleniowa\/kursy-i-szkolenia\/kursy-medyczne\/"},{"@type":"ListItem","position":5,"name":"Sanitariusz"}]},{"@type":"WebSite","@id":"https:\/\/akademia-zdrowia.pl\/lodz\/#website","url":"https:\/\/akademia-zdrowia.pl\/lodz\/","name":"Akademia Zdrowia \u0141\u00f3d\u017a","description":"","potentialAction":[{"@type":"SearchAction","target":{"@type":"EntryPoint","urlTemplate":"https:\/\/akademia-zdrowia.pl\/lodz\/?s={search_term_string}"},"query-input":{"@type":"PropertyValueSpecification","valueRequired":true,"valueName":"search_term_string"}}],"inLanguage":"pl-PL"}]}},"_links":{"self":[{"href":"https:\/\/akademia-zdrowia.pl\/lodz\/wp-json\/wp\/v2\/pages\/354","targetHints":{"allow":["GET"]}}],"collection":[{"href":"https:\/\/akademia-zdrowia.pl\/lodz\/wp-json\/wp\/v2\/pages"}],"about":[{"href":"https:\/\/akademia-zdrowia.pl\/lodz\/wp-json\/wp\/v2\/types\/page"}],"author":[{"embeddable":true,"href":"https:\/\/akademia-zdrowia.pl\/lodz\/wp-json\/wp\/v2\/users\/1"}],"replies":[{"embeddable":true,"href":"https:\/\/akademia-zdrowia.pl\/lodz\/wp-json\/wp\/v2\/comments?post=354"}],"version-history":[{"count":41,"href":"https:\/\/akademia-zdrowia.pl\/lodz\/wp-json\/wp\/v2\/pages\/354\/revisions"}],"predecessor-version":[{"id":16592,"href":"https:\/\/akademia-zdrowia.pl\/lodz\/wp-json\/wp\/v2\/pages\/354\/revisions\/16592"}],"up":[{"embeddable":true,"href":"https:\/\/akademia-zdrowia.pl\/lodz\/wp-json\/wp\/v2\/pages\/334"}],"wp:attachment":[{"href":"https:\/\/akademia-zdrowia.pl\/lodz\/wp-json\/wp\/v2\/media?parent=354"}],"curies":[{"name":"wp","href":"https:\/\/api.w.org\/{rel}","templated":true}]}}